{"id":34,"date":"2025-07-15T14:13:53","date_gmt":"2025-07-15T17:13:53","guid":{"rendered":"https:\/\/institucional.ufrrj.br\/caoa\/?page_id=34"},"modified":"2025-09-10T12:57:37","modified_gmt":"2025-09-10T15:57:37","slug":"legislacao","status":"publish","type":"page","link":"https:\/\/institucional.ufrrj.br\/caoa\/legislacao\/","title":{"rendered":"Legisla\u00e7\u00e3o"},"content":{"rendered":"\n<div data-wp-interactive=\"core\/file\" class=\"wp-block-file\"><object data-wp-bind--hidden=\"!state.hasPdfPreview\" hidden class=\"wp-block-file__embed\" data=\"https:\/\/institucional.ufrrj.br\/caoa\/files\/2025\/09\/BRASIL-Decreto-Lei-200-25-fevereiro-1967.pdf\" type=\"application\/pdf\" style=\"width:100%;height:600px\" aria-label=\"Incorporado de BRASIL - Decreto-Lei-200-25-fevereiro-1967.\"><\/object><a id=\"wp-block-file--media-3081f15b-badf-47e9-bed5-7958dde36d6b\" href=\"https:\/\/institucional.ufrrj.br\/caoa\/files\/2025\/09\/BRASIL-Decreto-Lei-200-25-fevereiro-1967.pdf\">BRASIL &#8211; Decreto-Lei-200-25-fevereiro-1967<\/a><a href=\"https:\/\/institucional.ufrrj.br\/caoa\/files\/2025\/09\/BRASIL-Decreto-Lei-200-25-fevereiro-1967.pdf\" class=\"wp-block-file__button wp-element-button\" download aria-describedby=\"wp-block-file--media-3081f15b-badf-47e9-bed5-7958dde36d6b\">Baixar<\/a><\/div>\n\n\n\n<div data-wp-interactive=\"core\/file\" class=\"wp-block-file\"><object data-wp-bind--hidden=\"!state.hasPdfPreview\" hidden class=\"wp-block-file__embed\" data=\"https:\/\/institucional.ufrrj.br\/caoa\/files\/2025\/09\/BRASIL-Lei-Complementar-no-101-de-04-de-maio-de-2001-LRF.pdf\" type=\"application\/pdf\" style=\"width:100%;height:600px\" aria-label=\"Incorporado de BRASIL - Lei Complementar n\u00ba 101, de 04 de maio de 2001 - LRF.\"><\/object><a id=\"wp-block-file--media-87121850-0b9e-476e-9a8e-dc07691a987d\" href=\"https:\/\/institucional.ufrrj.br\/caoa\/files\/2025\/09\/BRASIL-Lei-Complementar-no-101-de-04-de-maio-de-2001-LRF.pdf\">BRASIL &#8211; Lei Complementar n\u00ba 101, de 04 de maio de 2001 &#8211; LRF<\/a><a href=\"https:\/\/institucional.ufrrj.br\/caoa\/files\/2025\/09\/BRASIL-Lei-Complementar-no-101-de-04-de-maio-de-2001-LRF.pdf\" class=\"wp-block-file__button wp-element-button\" download aria-describedby=\"wp-block-file--media-87121850-0b9e-476e-9a8e-dc07691a987d\">Baixar<\/a><\/div>\n\n\n\n<div data-wp-interactive=\"core\/file\" class=\"wp-block-file\"><object data-wp-bind--hidden=\"!state.hasPdfPreview\" hidden class=\"wp-block-file__embed\" data=\"https:\/\/institucional.ufrrj.br\/caoa\/files\/2025\/09\/BRASIL-LEI-COMPLEMENTAR-No-200-DE-30-DE-AGOSTO-DE-2023.pdf\" type=\"application\/pdf\" style=\"width:100%;height:600px\" aria-label=\"Incorporado de BRASIL - LEI COMPLEMENTAR N\u00ba 200, DE 30 DE AGOSTO DE 2023.\"><\/object><a id=\"wp-block-file--media-20fdcf54-ecf6-472f-85c2-5d461793ff0f\" href=\"https:\/\/institucional.ufrrj.br\/caoa\/files\/2025\/09\/BRASIL-LEI-COMPLEMENTAR-No-200-DE-30-DE-AGOSTO-DE-2023.pdf\">BRASIL &#8211; LEI COMPLEMENTAR N\u00ba 200, DE 30 DE AGOSTO DE 2023<\/a><a href=\"https:\/\/institucional.ufrrj.br\/caoa\/files\/2025\/09\/BRASIL-LEI-COMPLEMENTAR-No-200-DE-30-DE-AGOSTO-DE-2023.pdf\" class=\"wp-block-file__button wp-element-button\" download aria-describedby=\"wp-block-file--media-20fdcf54-ecf6-472f-85c2-5d461793ff0f\">Baixar<\/a><\/div>\n\n\n\n<div data-wp-interactive=\"core\/file\" class=\"wp-block-file\"><object data-wp-bind--hidden=\"!state.hasPdfPreview\" hidden class=\"wp-block-file__embed\" data=\"https:\/\/institucional.ufrrj.br\/caoa\/files\/2025\/09\/BRASIL-LEI-No-4.320-DE-17-DE-MARCO-DE-1964.pdf\" type=\"application\/pdf\" style=\"width:100%;height:600px\" aria-label=\"Incorporado de BRASIL - LEI N\u00ba 4.320, DE 17 DE MAR\u00c7O DE 1964.\"><\/object><a id=\"wp-block-file--media-efb9f482-03b6-4331-b2b3-a5d8003996a2\" href=\"https:\/\/institucional.ufrrj.br\/caoa\/files\/2025\/09\/BRASIL-LEI-No-4.320-DE-17-DE-MARCO-DE-1964.pdf\">BRASIL &#8211; LEI N\u00ba 4.320, DE 17 DE MAR\u00c7O DE 1964<\/a><a href=\"https:\/\/institucional.ufrrj.br\/caoa\/files\/2025\/09\/BRASIL-LEI-No-4.320-DE-17-DE-MARCO-DE-1964.pdf\" class=\"wp-block-file__button wp-element-button\" download aria-describedby=\"wp-block-file--media-efb9f482-03b6-4331-b2b3-a5d8003996a2\">Baixar<\/a><\/div>\n\n\n\n<div data-wp-interactive=\"core\/file\" class=\"wp-block-file\"><object data-wp-bind--hidden=\"!state.hasPdfPreview\" hidden class=\"wp-block-file__embed\" data=\"https:\/\/institucional.ufrrj.br\/caoa\/files\/2025\/09\/DECRETO-No-12.448-DE-30-DE-ABRIL-DE-2025.pdf\" type=\"application\/pdf\" style=\"width:100%;height:600px\" aria-label=\"Incorporado de DECRETO N\u00ba 12.448, DE 30 DE ABRIL DE 2025.\"><\/object><a id=\"wp-block-file--media-cd3c49f2-f7bc-4745-92ee-00ea0d3e1614\" href=\"https:\/\/institucional.ufrrj.br\/caoa\/files\/2025\/09\/DECRETO-No-12.448-DE-30-DE-ABRIL-DE-2025.pdf\">DECRETO N\u00ba 12.448, DE 30 DE ABRIL DE 2025<\/a><a href=\"https:\/\/institucional.ufrrj.br\/caoa\/files\/2025\/09\/DECRETO-No-12.448-DE-30-DE-ABRIL-DE-2025.pdf\" class=\"wp-block-file__button wp-element-button\" download aria-describedby=\"wp-block-file--media-cd3c49f2-f7bc-4745-92ee-00ea0d3e1614\">Baixar<\/a><\/div>\n","protected":false},"excerpt":{"rendered":"","protected":false},"author":634,"featured_media":0,"parent":0,"menu_order":0,"comment_status":"closed","ping_status":"closed","template":"","meta":{"_acf_changed":false,"footnotes":""},"class_list":["post-34","page","type-page","status-publish","hentry"],"yoast_head":"<!-- This site is optimized with the Yoast SEO plugin v27.2 - https:\/\/yoast.com\/product\/yoast-seo-wordpress\/ -->\n<title>Legisla\u00e7\u00e3o - Comiss\u00e3o de Acompanhamento do Or\u00e7amento Anual da UFRRJ<\/title>\n<meta name=\"robots\" content=\"index, follow, max-snippet:-1, max-image-preview:large, max-video-preview:-1\" \/>\n<link rel=\"canonical\" href=\"https:\/\/institucional.ufrrj.br\/caoa\/legislacao\/\" \/>\n<meta property=\"og:locale\" content=\"pt_BR\" \/>\n<meta property=\"og:type\" content=\"article\" \/>\n<meta property=\"og:title\" content=\"Legisla\u00e7\u00e3o - Comiss\u00e3o de Acompanhamento do Or\u00e7amento Anual da UFRRJ\" \/>\n<meta property=\"og:url\" content=\"https:\/\/institucional.ufrrj.br\/caoa\/legislacao\/\" \/>\n<meta property=\"og:site_name\" content=\"Comiss\u00e3o de Acompanhamento do Or\u00e7amento Anual da UFRRJ\" \/>\n<meta property=\"article:modified_time\" content=\"2025-09-10T15:57:37+00:00\" \/>\n<meta name=\"twitter:card\" content=\"summary_large_image\" \/>\n<meta name=\"twitter:label1\" content=\"Est. tempo de leitura\" \/>\n\t<meta name=\"twitter:data1\" content=\"1 minuto\" \/>\n<script type=\"application\/ld+json\" class=\"yoast-schema-graph\">{\"@context\":\"https:\/\/schema.org\",\"@graph\":[{\"@type\":\"WebPage\",\"@id\":\"https:\/\/institucional.ufrrj.br\/caoa\/legislacao\/\",\"url\":\"https:\/\/institucional.ufrrj.br\/caoa\/legislacao\/\",\"name\":\"Legisla\u00e7\u00e3o - Comiss\u00e3o de Acompanhamento do Or\u00e7amento Anual da UFRRJ\",\"isPartOf\":{\"@id\":\"https:\/\/institucional.ufrrj.br\/caoa\/#website\"},\"datePublished\":\"2025-07-15T17:13:53+00:00\",\"dateModified\":\"2025-09-10T15:57:37+00:00\",\"breadcrumb\":{\"@id\":\"https:\/\/institucional.ufrrj.br\/caoa\/legislacao\/#breadcrumb\"},\"inLanguage\":\"pt-BR\",\"potentialAction\":[{\"@type\":\"ReadAction\",\"target\":[\"https:\/\/institucional.ufrrj.br\/caoa\/legislacao\/\"]}]},{\"@type\":\"BreadcrumbList\",\"@id\":\"https:\/\/institucional.ufrrj.br\/caoa\/legislacao\/#breadcrumb\",\"itemListElement\":[{\"@type\":\"ListItem\",\"position\":1,\"name\":\"In\u00edcio\",\"item\":\"https:\/\/institucional.ufrrj.br\/caoa\/\"},{\"@type\":\"ListItem\",\"position\":2,\"name\":\"Legisla\u00e7\u00e3o\"}]},{\"@type\":\"WebSite\",\"@id\":\"https:\/\/institucional.ufrrj.br\/caoa\/#website\",\"url\":\"https:\/\/institucional.ufrrj.br\/caoa\/\",\"name\":\"Comiss\u00e3o de Acompanhamento do Or\u00e7amento Anual da UFRRJ\",\"description\":\"Site da Comiss\u00e3o de Acompanhamento do Or\u00e7amento Anual da UFRRJ\",\"potentialAction\":[{\"@type\":\"SearchAction\",\"target\":{\"@type\":\"EntryPoint\",\"urlTemplate\":\"https:\/\/institucional.ufrrj.br\/caoa\/?s={search_term_string}\"},\"query-input\":{\"@type\":\"PropertyValueSpecification\",\"valueRequired\":true,\"valueName\":\"search_term_string\"}}],\"inLanguage\":\"pt-BR\"}]}<\/script>\n<!-- \/ Yoast SEO plugin. -->","yoast_head_json":{"title":"Legisla\u00e7\u00e3o - Comiss\u00e3o de Acompanhamento do Or\u00e7amento Anual da UFRRJ","robots":{"index":"index","follow":"follow","max-snippet":"max-snippet:-1","max-image-preview":"max-image-preview:large","max-video-preview":"max-video-preview:-1"},"canonical":"https:\/\/institucional.ufrrj.br\/caoa\/legislacao\/","og_locale":"pt_BR","og_type":"article","og_title":"Legisla\u00e7\u00e3o - Comiss\u00e3o de Acompanhamento do Or\u00e7amento Anual da UFRRJ","og_url":"https:\/\/institucional.ufrrj.br\/caoa\/legislacao\/","og_site_name":"Comiss\u00e3o de Acompanhamento do Or\u00e7amento Anual da UFRRJ","article_modified_time":"2025-09-10T15:57:37+00:00","twitter_card":"summary_large_image","twitter_misc":{"Est. tempo de leitura":"1 minuto"},"schema":{"@context":"https:\/\/schema.org","@graph":[{"@type":"WebPage","@id":"https:\/\/institucional.ufrrj.br\/caoa\/legislacao\/","url":"https:\/\/institucional.ufrrj.br\/caoa\/legislacao\/","name":"Legisla\u00e7\u00e3o - Comiss\u00e3o de Acompanhamento do Or\u00e7amento Anual da UFRRJ","isPartOf":{"@id":"https:\/\/institucional.ufrrj.br\/caoa\/#website"},"datePublished":"2025-07-15T17:13:53+00:00","dateModified":"2025-09-10T15:57:37+00:00","breadcrumb":{"@id":"https:\/\/institucional.ufrrj.br\/caoa\/legislacao\/#breadcrumb"},"inLanguage":"pt-BR","potentialAction":[{"@type":"ReadAction","target":["https:\/\/institucional.ufrrj.br\/caoa\/legislacao\/"]}]},{"@type":"BreadcrumbList","@id":"https:\/\/institucional.ufrrj.br\/caoa\/legislacao\/#breadcrumb","itemListElement":[{"@type":"ListItem","position":1,"name":"In\u00edcio","item":"https:\/\/institucional.ufrrj.br\/caoa\/"},{"@type":"ListItem","position":2,"name":"Legisla\u00e7\u00e3o"}]},{"@type":"WebSite","@id":"https:\/\/institucional.ufrrj.br\/caoa\/#website","url":"https:\/\/institucional.ufrrj.br\/caoa\/","name":"Comiss\u00e3o de Acompanhamento do Or\u00e7amento Anual da UFRRJ","description":"Site da Comiss\u00e3o de Acompanhamento do Or\u00e7amento Anual da UFRRJ","potentialAction":[{"@type":"SearchAction","target":{"@type":"EntryPoint","urlTemplate":"https:\/\/institucional.ufrrj.br\/caoa\/?s={search_term_string}"},"query-input":{"@type":"PropertyValueSpecification","valueRequired":true,"valueName":"search_term_string"}}],"inLanguage":"pt-BR"}]}},"acf":[],"_links":{"self":[{"href":"https:\/\/institucional.ufrrj.br\/caoa\/wp-json\/wp\/v2\/pages\/34","targetHints":{"allow":["GET"]}}],"collection":[{"href":"https:\/\/institucional.ufrrj.br\/caoa\/wp-json\/wp\/v2\/pages"}],"about":[{"href":"https:\/\/institucional.ufrrj.br\/caoa\/wp-json\/wp\/v2\/types\/page"}],"author":[{"embeddable":true,"href":"https:\/\/institucional.ufrrj.br\/caoa\/wp-json\/wp\/v2\/users\/634"}],"replies":[{"embeddable":true,"href":"https:\/\/institucional.ufrrj.br\/caoa\/wp-json\/wp\/v2\/comments?post=34"}],"version-history":[{"count":6,"href":"https:\/\/institucional.ufrrj.br\/caoa\/wp-json\/wp\/v2\/pages\/34\/revisions"}],"predecessor-version":[{"id":103,"href":"https:\/\/institucional.ufrrj.br\/caoa\/wp-json\/wp\/v2\/pages\/34\/revisions\/103"}],"wp:attachment":[{"href":"https:\/\/institucional.ufrrj.br\/caoa\/wp-json\/wp\/v2\/media?parent=34"}],"curies":[{"name":"wp","href":"https:\/\/api.w.org\/{rel}","templated":true}]}}