{"id":284,"date":"2016-04-07T12:01:45","date_gmt":"2016-04-07T12:01:45","guid":{"rendered":"http:\/\/institucional.ufrrj.br\/campusnovaiguacu\/?page_id=284"},"modified":"2016-04-08T12:55:17","modified_gmt":"2016-04-08T12:55:17","slug":"bloco-multimidia","status":"publish","type":"page","link":"https:\/\/institucional.ufrrj.br\/campusnovaiguacu\/onde-fica\/bloco-multimidia\/","title":{"rendered":"BLOCO MULTIM\u00cdDIA"},"content":{"rendered":"<p>&nbsp;<\/p>\n<p><strong>PRIMEIRO PAVIMENTO<\/strong><\/p>\n<p>&nbsp;<\/p>\n<p><a href=\"https:\/\/institucional.ufrrj.br\/campusnovaiguacu\/files\/2016\/04\/Bloco-Multim\u00eddia-1\u00ba-pavimento.jpg\" rel=\"lightbox[284]\">AUDIT\u00d3RIO<\/a><\/p>\n<p><a href=\"https:\/\/institucional.ufrrj.br\/campusnovaiguacu\/files\/2016\/04\/Bloco-Multim\u00eddia-1\u00ba-pavimento.jpg\" rel=\"lightbox[284]\">SALA 101 &#8211; NPJur (N\u00daCLEO DE PR\u00c1TICAS JUR\u00cdDICAS<\/a><\/p>\n<p><a href=\"https:\/\/institucional.ufrrj.br\/campusnovaiguacu\/files\/2016\/04\/Bloco-Multim\u00eddia-1\u00ba-pavimento.jpg\" rel=\"lightbox[284]\">SALA 102 &#8211; COPIADORA<\/a><\/p>\n<p><a href=\"https:\/\/institucional.ufrrj.br\/campusnovaiguacu\/files\/2016\/04\/Bloco-Multim\u00eddia-1\u00ba-pavimento.jpg\" rel=\"lightbox[284]\">SALA 103 &#8211; SALA DE PROFESSOR \/ DIREITO<\/a><\/p>\n<p><a href=\"https:\/\/institucional.ufrrj.br\/campusnovaiguacu\/files\/2016\/04\/Bloco-Multim\u00eddia-1\u00ba-pavimento.jpg\" rel=\"lightbox[284]\">SALA 104 &#8211; DCJur (DEPARTAMENTO DE CI\u00caNCIAS JUR\u00cdDICAS) \/ COORDENA\u00c7\u00c3O DO CURSO DE DIREITO <\/a><\/p>\n<p>&nbsp;<\/p>\n<p><strong>SEGUNDO PAVIMENTO<\/strong><\/p>\n<p>&nbsp;<\/p>\n<p><a href=\"https:\/\/institucional.ufrrj.br\/campusnovaiguacu\/files\/2016\/04\/Bloco-Multim\u00eddia-2\u00ba-pavimento.jpg\" rel=\"lightbox[284]\">SALA 201 &#8211; SALA DE AULA<\/a><\/p>\n<p><a href=\"https:\/\/institucional.ufrrj.br\/campusnovaiguacu\/files\/2016\/04\/Bloco-Multim\u00eddia-2\u00ba-pavimento.jpg\" rel=\"lightbox[284]\">SALA 202 &#8211; SALA DE AULA<\/a><\/p>\n<p><a href=\"https:\/\/institucional.ufrrj.br\/campusnovaiguacu\/files\/2016\/04\/Bloco-Multim\u00eddia-2\u00ba-pavimento.jpg\" rel=\"lightbox[284]\">SALA 203 &#8211; SALA DE AULA<\/a><\/p>\n<p><a href=\"https:\/\/institucional.ufrrj.br\/campusnovaiguacu\/files\/2016\/04\/Bloco-Multim\u00eddia-2\u00ba-pavimento.jpg\" rel=\"lightbox[284]\">SALA 204 &#8211; SALA DE AULA<\/a><\/p>\n<p><a href=\"https:\/\/institucional.ufrrj.br\/campusnovaiguacu\/files\/2016\/04\/Bloco-Multim\u00eddia-2\u00ba-pavimento.jpg\" rel=\"lightbox[284]\">SALA 205 &#8211; SALA DE PROFESSOR \/ CI\u00caNCIA DA COMPUTA\u00c7\u00c3O<\/a><\/p>\n<p><a href=\"https:\/\/institucional.ufrrj.br\/campusnovaiguacu\/files\/2016\/04\/Bloco-Multim\u00eddia-2\u00ba-pavimento.jpg\" rel=\"lightbox[284]\">SALA 206 &#8211; SALA DE PROFESSOR \/ LETRAS<\/a><\/p>\n<p><a href=\"https:\/\/institucional.ufrrj.br\/campusnovaiguacu\/files\/2016\/04\/Bloco-Multim\u00eddia-2\u00ba-pavimento.jpg\" rel=\"lightbox[284]\">SALA 207 &#8211; SALA DE AULA<\/a><\/p>\n<p><a href=\"https:\/\/institucional.ufrrj.br\/campusnovaiguacu\/files\/2016\/04\/Bloco-Multim\u00eddia-2\u00ba-pavimento.jpg\" rel=\"lightbox[284]\">SALA 208 &#8211; SALA DE PROFESSOR \/ LETRAS<\/a><\/p>\n<p><a href=\"https:\/\/institucional.ufrrj.br\/campusnovaiguacu\/files\/2016\/04\/Bloco-Multim\u00eddia-2\u00ba-pavimento.jpg\" rel=\"lightbox[284]\">SALA 209 &#8211; SALA DE AULA<\/a><\/p>\n<p><a href=\"https:\/\/institucional.ufrrj.br\/campusnovaiguacu\/files\/2016\/04\/Bloco-Multim\u00eddia-2\u00ba-pavimento.jpg\" rel=\"lightbox[284]\">SALA 210 &#8211; SALA DE AULA<\/a><\/p>\n<p><a href=\"https:\/\/institucional.ufrrj.br\/campusnovaiguacu\/files\/2016\/04\/Bloco-Multim\u00eddia-2\u00ba-pavimento.jpg\" rel=\"lightbox[284]\">SALA 211 &#8211; NAGRAD (N\u00daCLEO DE APOIO \u00c0 GRADUA\u00c7\u00c3O)<\/a><\/p>\n<p><a href=\"https:\/\/institucional.ufrrj.br\/campusnovaiguacu\/files\/2016\/04\/Bloco-Multim\u00eddia-2\u00ba-pavimento.jpg\" rel=\"lightbox[284]\">SALA 212 &#8211; PIBID (PROGRAMA INSTITUCIONAL DE BOLSA DE INICIA\u00c7\u00c3O \u00c0 DOC\u00caNCIA)<\/a><\/p>\n<p><a href=\"https:\/\/institucional.ufrrj.br\/campusnovaiguacu\/files\/2016\/04\/Bloco-Multim\u00eddia-2\u00ba-pavimento.jpg\" rel=\"lightbox[284]\">SALA 213 &#8211; SALA DE PROFESSOR \/ CI\u00caNCIA DA COMPUTA\u00c7\u00c3O<\/a><\/p>\n<p><a href=\"https:\/\/institucional.ufrrj.br\/campusnovaiguacu\/files\/2016\/04\/Bloco-Multim\u00eddia-2\u00ba-pavimento.jpg\" rel=\"lightbox[284]\">SALA 214 &#8211; SALA DE PROFESSOR \/ CI\u00caNCIA DA COMPUTA\u00c7\u00c3O<\/a><\/p>\n<p>&nbsp;<\/p>\n<p><strong>TERCEIRO PAVIMENTO<\/strong><\/p>\n<p>&nbsp;<\/p>\n<p><a href=\"https:\/\/institucional.ufrrj.br\/campusnovaiguacu\/files\/2016\/04\/Bloco-Multim\u00eddia-3\u00ba-pavimento.jpg\" rel=\"lightbox[284]\">SALA 301 &#8211; SALA DE AULA<\/a><\/p>\n<p><a href=\"https:\/\/institucional.ufrrj.br\/campusnovaiguacu\/files\/2016\/04\/Bloco-Multim\u00eddia-3\u00ba-pavimento.jpg\" rel=\"lightbox[284]\">SALA 302 &#8211; SALA DE AULA<\/a><\/p>\n<p><a href=\"https:\/\/institucional.ufrrj.br\/campusnovaiguacu\/files\/2016\/04\/Bloco-Multim\u00eddia-3\u00ba-pavimento.jpg\" rel=\"lightbox[284]\">SALA 303 &#8211; SALA DE AULA<\/a><\/p>\n<p><a href=\"https:\/\/institucional.ufrrj.br\/campusnovaiguacu\/files\/2016\/04\/Bloco-Multim\u00eddia-3\u00ba-pavimento.jpg\" rel=\"lightbox[284]\">SALA 304 &#8211; SALA DE AULA<\/a><\/p>\n<p><a href=\"https:\/\/institucional.ufrrj.br\/campusnovaiguacu\/files\/2016\/04\/Bloco-Multim\u00eddia-3\u00ba-pavimento.jpg\" rel=\"lightbox[284]\">SALA 305 &#8211; SALA DE PROFESSOR \/ ADMINISTRA\u00c7\u00c3O<\/a><\/p>\n<p><a href=\"https:\/\/institucional.ufrrj.br\/campusnovaiguacu\/files\/2016\/04\/Bloco-Multim\u00eddia-3\u00ba-pavimento.jpg\" rel=\"lightbox[284]\">SALA 306 &#8211; SALA DE PROFESSOR \/ ADMINISTRA\u00c7\u00c3O<\/a><\/p>\n<p><a href=\"https:\/\/institucional.ufrrj.br\/campusnovaiguacu\/files\/2016\/04\/Bloco-Multim\u00eddia-3\u00ba-pavimento.jpg\" rel=\"lightbox[284]\">SALA 307 &#8211; SALA DE PROFESSOR \/ ADMINISTRA\u00c7\u00c3O<\/a><\/p>\n<p><a href=\"https:\/\/institucional.ufrrj.br\/campusnovaiguacu\/files\/2016\/04\/Bloco-Multim\u00eddia-3\u00ba-pavimento.jpg\" rel=\"lightbox[284]\">SALA 308 &#8211; SALA DE PROFESSOR \/ ADMINISTRA\u00c7\u00c3O<\/a><\/p>\n<p><a href=\"https:\/\/institucional.ufrrj.br\/campusnovaiguacu\/files\/2016\/04\/Bloco-Multim\u00eddia-3\u00ba-pavimento.jpg\" rel=\"lightbox[284]\">SALA 309 &#8211; SALA DE AULA<\/a><\/p>\n<p><a href=\"https:\/\/institucional.ufrrj.br\/campusnovaiguacu\/files\/2016\/04\/Bloco-Multim\u00eddia-3\u00ba-pavimento.jpg\" rel=\"lightbox[284]\">SALA 310 &#8211; SALA DE AULA<\/a><\/p>\n<p><a href=\"https:\/\/institucional.ufrrj.br\/campusnovaiguacu\/files\/2016\/04\/Bloco-Multim\u00eddia-3\u00ba-pavimento.jpg\" rel=\"lightbox[284]\">SALA 311 &#8211; DL (DEPARTAMENTO DE LETRAS)<\/a><\/p>\n<p><a href=\"https:\/\/institucional.ufrrj.br\/campusnovaiguacu\/files\/2016\/04\/Bloco-Multim\u00eddia-3\u00ba-pavimento.jpg\" rel=\"lightbox[284]\">SALA 312 &#8211; COORDENA\u00c7\u00c3O DOS CURSOS DE LETRAS<\/a><\/p>\n<p><a href=\"https:\/\/institucional.ufrrj.br\/campusnovaiguacu\/files\/2016\/04\/Bloco-Multim\u00eddia-3\u00ba-pavimento.jpg\" rel=\"lightbox[284]\">SALA 313 &#8211; SALA DE PROFESSOR \/ HIST\u00d3RIA<\/a><\/p>\n<p><a href=\"https:\/\/institucional.ufrrj.br\/campusnovaiguacu\/files\/2016\/04\/Bloco-Multim\u00eddia-3\u00ba-pavimento.jpg\" rel=\"lightbox[284]\">SALA 314 &#8211; SALA DE PROFESSOR \/ ECONOMIA<\/a><\/p>\n","protected":false},"excerpt":{"rendered":"<p>&nbsp; PRIMEIRO PAVIMENTO &nbsp; AUDIT\u00d3RIO SALA 101 &#8211; NPJur (N\u00daCLEO DE PR\u00c1TICAS JUR\u00cdDICAS SALA 102 &#8211; COPIADORA SALA 103 &#8211; <a class=\"read-more\" href=\"https:\/\/institucional.ufrrj.br\/campusnovaiguacu\/onde-fica\/bloco-multimidia\/ \">&#8230; <i class=\"fa fa-long-arrow-right\"><\/i><\/a><\/p>\n","protected":false},"author":1,"featured_media":0,"parent":256,"menu_order":0,"comment_status":"closed","ping_status":"closed","template":"","meta":{"_acf_changed":false,"footnotes":""},"class_list":["post-284","page","type-page","status-publish","hentry"],"yoast_head":"<!-- This site is optimized with the Yoast SEO plugin v27.2 - https:\/\/yoast.com\/product\/yoast-seo-wordpress\/ -->\n<title>BLOCO MULTIM\u00cdDIA - Campus Nova Igua\u00e7u<\/title>\n<meta name=\"robots\" content=\"index, follow, max-snippet:-1, max-image-preview:large, max-video-preview:-1\" \/>\n<link rel=\"canonical\" href=\"https:\/\/institucional.ufrrj.br\/campusnovaiguacu\/onde-fica\/bloco-multimidia\/\" \/>\n<meta property=\"og:locale\" content=\"pt_BR\" \/>\n<meta property=\"og:type\" content=\"article\" \/>\n<meta property=\"og:title\" content=\"BLOCO MULTIM\u00cdDIA - Campus Nova Igua\u00e7u\" \/>\n<meta property=\"og:description\" content=\"&nbsp; PRIMEIRO PAVIMENTO &nbsp; AUDIT\u00d3RIO SALA 101 &#8211; NPJur (N\u00daCLEO DE PR\u00c1TICAS JUR\u00cdDICAS SALA 102 &#8211; COPIADORA SALA 103 &#8211; ...\" \/>\n<meta property=\"og:url\" content=\"https:\/\/institucional.ufrrj.br\/campusnovaiguacu\/onde-fica\/bloco-multimidia\/\" \/>\n<meta property=\"og:site_name\" content=\"Campus Nova Igua\u00e7u\" \/>\n<meta property=\"article:modified_time\" content=\"2016-04-08T12:55:17+00:00\" \/>\n<meta name=\"twitter:card\" content=\"summary_large_image\" \/>\n<meta name=\"twitter:label1\" content=\"Est. tempo de leitura\" \/>\n\t<meta name=\"twitter:data1\" content=\"1 minuto\" \/>\n<script type=\"application\/ld+json\" class=\"yoast-schema-graph\">{\"@context\":\"https:\/\/schema.org\",\"@graph\":[{\"@type\":\"WebPage\",\"@id\":\"https:\/\/institucional.ufrrj.br\/campusnovaiguacu\/onde-fica\/bloco-multimidia\/\",\"url\":\"https:\/\/institucional.ufrrj.br\/campusnovaiguacu\/onde-fica\/bloco-multimidia\/\",\"name\":\"BLOCO MULTIM\u00cdDIA - Campus Nova Igua\u00e7u\",\"isPartOf\":{\"@id\":\"https:\/\/institucional.ufrrj.br\/campusnovaiguacu\/#website\"},\"datePublished\":\"2016-04-07T12:01:45+00:00\",\"dateModified\":\"2016-04-08T12:55:17+00:00\",\"breadcrumb\":{\"@id\":\"https:\/\/institucional.ufrrj.br\/campusnovaiguacu\/onde-fica\/bloco-multimidia\/#breadcrumb\"},\"inLanguage\":\"pt-BR\",\"potentialAction\":[{\"@type\":\"ReadAction\",\"target\":[\"https:\/\/institucional.ufrrj.br\/campusnovaiguacu\/onde-fica\/bloco-multimidia\/\"]}]},{\"@type\":\"BreadcrumbList\",\"@id\":\"https:\/\/institucional.ufrrj.br\/campusnovaiguacu\/onde-fica\/bloco-multimidia\/#breadcrumb\",\"itemListElement\":[{\"@type\":\"ListItem\",\"position\":1,\"name\":\"In\u00edcio\",\"item\":\"https:\/\/institucional.ufrrj.br\/campusnovaiguacu\/\"},{\"@type\":\"ListItem\",\"position\":2,\"name\":\"ONDE FICA?\",\"item\":\"https:\/\/institucional.ufrrj.br\/campusnovaiguacu\/onde-fica\/\"},{\"@type\":\"ListItem\",\"position\":3,\"name\":\"BLOCO MULTIM\u00cdDIA\"}]},{\"@type\":\"WebSite\",\"@id\":\"https:\/\/institucional.ufrrj.br\/campusnovaiguacu\/#website\",\"url\":\"https:\/\/institucional.ufrrj.br\/campusnovaiguacu\/\",\"name\":\"Campus Nova Igua\u00e7u\",\"description\":\"Universidade Federal Rural do Rio de Janeiro\",\"potentialAction\":[{\"@type\":\"SearchAction\",\"target\":{\"@type\":\"EntryPoint\",\"urlTemplate\":\"https:\/\/institucional.ufrrj.br\/campusnovaiguacu\/?s={search_term_string}\"},\"query-input\":{\"@type\":\"PropertyValueSpecification\",\"valueRequired\":true,\"valueName\":\"search_term_string\"}}],\"inLanguage\":\"pt-BR\"}]}<\/script>\n<!-- \/ Yoast SEO plugin. -->","yoast_head_json":{"title":"BLOCO MULTIM\u00cdDIA - Campus Nova Igua\u00e7u","robots":{"index":"index","follow":"follow","max-snippet":"max-snippet:-1","max-image-preview":"max-image-preview:large","max-video-preview":"max-video-preview:-1"},"canonical":"https:\/\/institucional.ufrrj.br\/campusnovaiguacu\/onde-fica\/bloco-multimidia\/","og_locale":"pt_BR","og_type":"article","og_title":"BLOCO MULTIM\u00cdDIA - Campus Nova Igua\u00e7u","og_description":"&nbsp; PRIMEIRO PAVIMENTO &nbsp; AUDIT\u00d3RIO SALA 101 &#8211; NPJur (N\u00daCLEO DE PR\u00c1TICAS JUR\u00cdDICAS SALA 102 &#8211; COPIADORA SALA 103 &#8211; ...","og_url":"https:\/\/institucional.ufrrj.br\/campusnovaiguacu\/onde-fica\/bloco-multimidia\/","og_site_name":"Campus Nova Igua\u00e7u","article_modified_time":"2016-04-08T12:55:17+00:00","twitter_card":"summary_large_image","twitter_misc":{"Est. tempo de leitura":"1 minuto"},"schema":{"@context":"https:\/\/schema.org","@graph":[{"@type":"WebPage","@id":"https:\/\/institucional.ufrrj.br\/campusnovaiguacu\/onde-fica\/bloco-multimidia\/","url":"https:\/\/institucional.ufrrj.br\/campusnovaiguacu\/onde-fica\/bloco-multimidia\/","name":"BLOCO MULTIM\u00cdDIA - Campus Nova Igua\u00e7u","isPartOf":{"@id":"https:\/\/institucional.ufrrj.br\/campusnovaiguacu\/#website"},"datePublished":"2016-04-07T12:01:45+00:00","dateModified":"2016-04-08T12:55:17+00:00","breadcrumb":{"@id":"https:\/\/institucional.ufrrj.br\/campusnovaiguacu\/onde-fica\/bloco-multimidia\/#breadcrumb"},"inLanguage":"pt-BR","potentialAction":[{"@type":"ReadAction","target":["https:\/\/institucional.ufrrj.br\/campusnovaiguacu\/onde-fica\/bloco-multimidia\/"]}]},{"@type":"BreadcrumbList","@id":"https:\/\/institucional.ufrrj.br\/campusnovaiguacu\/onde-fica\/bloco-multimidia\/#breadcrumb","itemListElement":[{"@type":"ListItem","position":1,"name":"In\u00edcio","item":"https:\/\/institucional.ufrrj.br\/campusnovaiguacu\/"},{"@type":"ListItem","position":2,"name":"ONDE FICA?","item":"https:\/\/institucional.ufrrj.br\/campusnovaiguacu\/onde-fica\/"},{"@type":"ListItem","position":3,"name":"BLOCO MULTIM\u00cdDIA"}]},{"@type":"WebSite","@id":"https:\/\/institucional.ufrrj.br\/campusnovaiguacu\/#website","url":"https:\/\/institucional.ufrrj.br\/campusnovaiguacu\/","name":"Campus Nova Igua\u00e7u","description":"Universidade Federal Rural do Rio de Janeiro","potentialAction":[{"@type":"SearchAction","target":{"@type":"EntryPoint","urlTemplate":"https:\/\/institucional.ufrrj.br\/campusnovaiguacu\/?s={search_term_string}"},"query-input":{"@type":"PropertyValueSpecification","valueRequired":true,"valueName":"search_term_string"}}],"inLanguage":"pt-BR"}]}},"acf":[],"aioseo_notices":[],"_links":{"self":[{"href":"https:\/\/institucional.ufrrj.br\/campusnovaiguacu\/wp-json\/wp\/v2\/pages\/284","targetHints":{"allow":["GET"]}}],"collection":[{"href":"https:\/\/institucional.ufrrj.br\/campusnovaiguacu\/wp-json\/wp\/v2\/pages"}],"about":[{"href":"https:\/\/institucional.ufrrj.br\/campusnovaiguacu\/wp-json\/wp\/v2\/types\/page"}],"author":[{"embeddable":true,"href":"https:\/\/institucional.ufrrj.br\/campusnovaiguacu\/wp-json\/wp\/v2\/users\/1"}],"replies":[{"embeddable":true,"href":"https:\/\/institucional.ufrrj.br\/campusnovaiguacu\/wp-json\/wp\/v2\/comments?post=284"}],"version-history":[{"count":7,"href":"https:\/\/institucional.ufrrj.br\/campusnovaiguacu\/wp-json\/wp\/v2\/pages\/284\/revisions"}],"predecessor-version":[{"id":357,"href":"https:\/\/institucional.ufrrj.br\/campusnovaiguacu\/wp-json\/wp\/v2\/pages\/284\/revisions\/357"}],"up":[{"embeddable":true,"href":"https:\/\/institucional.ufrrj.br\/campusnovaiguacu\/wp-json\/wp\/v2\/pages\/256"}],"wp:attachment":[{"href":"https:\/\/institucional.ufrrj.br\/campusnovaiguacu\/wp-json\/wp\/v2\/media?parent=284"}],"curies":[{"name":"wp","href":"https:\/\/api.w.org\/{rel}","templated":true}]}}