{"id":278,"date":"2016-04-07T12:00:36","date_gmt":"2016-04-07T12:00:36","guid":{"rendered":"http:\/\/institucional.ufrrj.br\/campusnovaiguacu\/?page_id=278"},"modified":"2017-04-26T17:37:46","modified_gmt":"2017-04-26T17:37:46","slug":"bloco-administrativo","status":"publish","type":"page","link":"https:\/\/institucional.ufrrj.br\/campusnovaiguacu\/onde-fica\/bloco-administrativo\/","title":{"rendered":"BLOCO ADMINISTRATIVO"},"content":{"rendered":"<p>&nbsp;<\/p>\n<p><strong>PRIMEIRO PAVIMENTO<\/strong><\/p>\n<p>&nbsp;<\/p>\n<p><a href=\"https:\/\/institucional.ufrrj.br\/campusnovaiguacu\/files\/2016\/04\/Bloco-Administrativo-1\u00ba-pavimento1.jpg\" rel=\"lightbox[278]\">SALA 101 &#8211; DAT (DEPARTAMENTO DE ADMINISTRA\u00c7\u00c3O E TURISMO) \/ COORDENA\u00c7\u00d5ES DOS CURSOS DE ADMINISTRA\u00c7\u00c3O E TURISMO<\/a><\/p>\n<p><a href=\"https:\/\/institucional.ufrrj.br\/campusnovaiguacu\/files\/2016\/04\/Bloco-Administrativo-1\u00ba-pavimento1.jpg\" rel=\"lightbox[278]\">SALA 102 &#8211; DTL (DEPARTAMENTO DE TECNOLOGIAS E LINGUAGENS) \/ COORDENA\u00c7\u00c3O DO CURSO DE MATEM\u00c1TICA<\/a><\/p>\n<p><a href=\"https:\/\/institucional.ufrrj.br\/campusnovaiguacu\/files\/2016\/04\/Bloco-Administrativo-1\u00ba-pavimento1.jpg\" rel=\"lightbox[278]\"> SALA 102 &#8211; DCC (DEPARTAMENTO DE CI\u00caNCIA DA COMPUTA\u00c7\u00c3O) \/ COORDENA\u00c7\u00c3O DO CURSO DE CI\u00caNCIA DA COMPUTA\u00c7\u00c3O<\/a><\/p>\n<p><a href=\"https:\/\/institucional.ufrrj.br\/campusnovaiguacu\/files\/2016\/04\/Bloco-Administrativo-1\u00ba-pavimento1.jpg\" rel=\"lightbox[278]\">SALA 103 &#8211; CENTROS ACAD\u00caMICOS<\/a><\/p>\n<p><a href=\"https:\/\/institucional.ufrrj.br\/campusnovaiguacu\/files\/2016\/04\/Bloco-Administrativo-1\u00ba-pavimento1.jpg\" rel=\"lightbox[278]\">SALA 104 &#8211; SALA DE PROFESSOR \/ MATEM\u00c1TICA<\/a><\/p>\n<p><a href=\"https:\/\/institucional.ufrrj.br\/campusnovaiguacu\/files\/2016\/04\/Bloco-Administrativo-1\u00ba-pavimento1.jpg\" rel=\"lightbox[278]\">SALA 105 &#8211; COLETIVO PRETO DANDARAS DA BAIXADA<\/a><\/p>\n<p><a href=\"https:\/\/institucional.ufrrj.br\/campusnovaiguacu\/files\/2016\/04\/Bloco-Administrativo-1\u00ba-pavimento1.jpg\" rel=\"lightbox[278]\">SALA 106 &#8211; SALA DE PROFESSOR \/ MATEM\u00c1TICA<\/a><\/p>\n<p>&nbsp;<\/p>\n<p><strong>SEGUNDO PAVIMENTO<\/strong><\/p>\n<p>&nbsp;<\/p>\n<p><a href=\"https:\/\/institucional.ufrrj.br\/campusnovaiguacu\/files\/2016\/04\/Bloco-Administrativo-2\u00ba-pavimento.jpg\" rel=\"lightbox[278]\">SALA 201 &#8211; SALA DE AULA<\/a><\/p>\n<p><a href=\"https:\/\/institucional.ufrrj.br\/campusnovaiguacu\/files\/2016\/04\/Bloco-Administrativo-2\u00ba-pavimento.jpg\" rel=\"lightbox[278]\">SALA 202 &#8211; SALA DE AULA<\/a><\/p>\n<p><a href=\"https:\/\/institucional.ufrrj.br\/campusnovaiguacu\/files\/2016\/04\/Bloco-Administrativo-2\u00ba-pavimento.jpg\" rel=\"lightbox[278]\">SALA 203 &#8211; SALA DE AULA<\/a><\/p>\n<p><a href=\"https:\/\/institucional.ufrrj.br\/campusnovaiguacu\/files\/2016\/04\/Bloco-Administrativo-2\u00ba-pavimento.jpg\" rel=\"lightbox[278]\">SALA 204 &#8211; SALA DE AULA<\/a><\/p>\n<p><a href=\"https:\/\/institucional.ufrrj.br\/campusnovaiguacu\/files\/2016\/04\/Bloco-Administrativo-2\u00ba-pavimento.jpg\" rel=\"lightbox[278]\">SALA 205 &#8211; PET GEOGRAFIA<\/a><\/p>\n<p><a href=\"https:\/\/institucional.ufrrj.br\/campusnovaiguacu\/files\/2016\/04\/Bloco-Administrativo-2\u00ba-pavimento.jpg\" rel=\"lightbox[278]\">SALA 206 &#8211; SALA DE PROFESSOR \/ HIST\u00d3RIA<\/a><\/p>\n<p><a href=\"https:\/\/institucional.ufrrj.br\/campusnovaiguacu\/files\/2016\/04\/Bloco-Administrativo-2\u00ba-pavimento.jpg\" rel=\"lightbox[278]\">SALA 207 &#8211; SALA DE PROFESSOR \/ HIST\u00d3RIA<\/a><\/p>\n<p><a href=\"https:\/\/institucional.ufrrj.br\/campusnovaiguacu\/files\/2016\/04\/Bloco-Administrativo-2\u00ba-pavimento.jpg\" rel=\"lightbox[278]\">SALA 208 &#8211; SALA DE PROFESSOR \/ HIST\u00d3RIA<\/a><\/p>\n<p><a href=\"https:\/\/institucional.ufrrj.br\/campusnovaiguacu\/files\/2016\/04\/Bloco-Administrativo-2\u00ba-pavimento.jpg\" rel=\"lightbox[278]\">SALA 209 &#8211; DES (DEPARTAMENTO DE EDUCA\u00c7\u00c3O E SOCIEDADE) \/ COORDENA\u00c7\u00d5ES DOS CURSOS DE GEOGRAFIA E PEDAGOGIA<\/a><\/p>\n<p><a href=\"https:\/\/institucional.ufrrj.br\/campusnovaiguacu\/files\/2016\/04\/Bloco-Administrativo-2\u00ba-pavimento.jpg\" rel=\"lightbox[278]\">SALA 210 &#8211; DH (DEPARTAMENTO DE HIST\u00d3RIA) \/ COORDENA\u00c7\u00c3O DO CURSO DE HIST\u00d3RIA<\/a><\/p>\n<p><a href=\"https:\/\/institucional.ufrrj.br\/campusnovaiguacu\/files\/2016\/04\/Bloco-Administrativo-2\u00ba-pavimento.jpg\" rel=\"lightbox[278]\">SALA 210 DPCE (DEPARTAMENTO DE CI\u1ebcNCIAS ECON\u00d4MICAS \/ COORDENA\u00c7\u00c3O DO CURSO DE ECONOMIA<\/a><\/p>\n<p>&nbsp;<\/p>\n<p><strong>TERCEIRO PAVIMENTO<\/strong><\/p>\n<p>&nbsp;<\/p>\n<p><a href=\"https:\/\/institucional.ufrrj.br\/campusnovaiguacu\/files\/2016\/04\/Bloco-Administrativo-3\u00ba-pavimento.jpg\" rel=\"lightbox[278]\">SALA 301 &#8211; SALA DE AULA<\/a><\/p>\n<p><a href=\"https:\/\/institucional.ufrrj.br\/campusnovaiguacu\/files\/2016\/04\/Bloco-Administrativo-3\u00ba-pavimento.jpg\" rel=\"lightbox[278]\">SALA 302 &#8211; SALA DE AULA<\/a><\/p>\n<p><a href=\"https:\/\/institucional.ufrrj.br\/campusnovaiguacu\/files\/2016\/04\/Bloco-Administrativo-3\u00ba-pavimento.jpg\" rel=\"lightbox[278]\">SALA 303 &#8211; SALA DE AULA<\/a><\/p>\n<p><a href=\"https:\/\/institucional.ufrrj.br\/campusnovaiguacu\/files\/2016\/04\/Bloco-Administrativo-3\u00ba-pavimento.jpg\" rel=\"lightbox[278]\">SALA 304 &#8211; SALA DE AULA<\/a><\/p>\n<p><a href=\"https:\/\/institucional.ufrrj.br\/campusnovaiguacu\/files\/2016\/04\/Bloco-Administrativo-3\u00ba-pavimento.jpg\" rel=\"lightbox[278]\">SALA 305 &#8211; SALA DE AULA<\/a><\/p>\n<p><a href=\"https:\/\/institucional.ufrrj.br\/campusnovaiguacu\/files\/2016\/04\/Bloco-Administrativo-3\u00ba-pavimento.jpg\" rel=\"lightbox[278]\">SALA 306 &#8211; SALA DE PROFESSOR \/ TURISMO<\/a><\/p>\n<p><a href=\"https:\/\/institucional.ufrrj.br\/campusnovaiguacu\/files\/2016\/04\/Bloco-Administrativo-3\u00ba-pavimento.jpg\" rel=\"lightbox[278]\">SALA 307 &#8211; SALA DE PROFESSOR \/ TURISMO<\/a><\/p>\n<p><a href=\"https:\/\/institucional.ufrrj.br\/campusnovaiguacu\/files\/2016\/04\/Bloco-Administrativo-3\u00ba-pavimento.jpg\" rel=\"lightbox[278]\">SALA 308 &#8211; SALA DE PROFESSOR \/ TURISMO<\/a><\/p>\n<p><a href=\"https:\/\/institucional.ufrrj.br\/campusnovaiguacu\/files\/2016\/04\/Bloco-Administrativo-3\u00ba-pavimento.jpg\" rel=\"lightbox[278]\">SALA 309 &#8211; DIRE\u00c7\u00c3O DO CAMPUS \/ SECRETARIA DIRCAM \/ SPEAS (SETOR DE PROMO\u00c7\u00c3O DE EVENTOS E A\u00c7\u00d5ES SOCIAIS)<\/a><\/p>\n<p><a href=\"https:\/\/institucional.ufrrj.br\/campusnovaiguacu\/files\/2016\/04\/Bloco-Administrativo-3\u00ba-pavimento.jpg\" rel=\"lightbox[278]\">SALA 310 &#8211; DIRE\u00c7\u00c3O DO INSTITUTO \/ SECRETARIA DIRIM \/REPRESENTA\u00c7\u00c3O PROAES \/ NADGP (N\u00daCLEO DE APOIO AO DEPARTAMENTO DE GEST\u00c3O DE PESSOAS) \/ NAGRAD (N\u00daCLEO DE APOIO \u00c0 GRADUA\u00c7\u00c3O<\/a><\/p>\n<p><a href=\"https:\/\/institucional.ufrrj.br\/campusnovaiguacu\/files\/2016\/04\/Bloco-Administrativo-3\u00ba-pavimento.jpg\" rel=\"lightbox[278]\">SALA 311 &#8211; COMAC (COORDENA\u00c7\u00c3O DE MATERIAIS, AQUISI\u00c7\u00d5ES E CONTRATOS) \/ CONTRATOS<\/a><\/p>\n<p><a href=\"https:\/\/institucional.ufrrj.br\/campusnovaiguacu\/files\/2016\/04\/Bloco-Administrativo-3\u00ba-pavimento.jpg\" rel=\"lightbox[278]\">SALA 312 &#8211; SETOR DE ARQUIVO E PROTOCOLO<\/a><\/p>\n","protected":false},"excerpt":{"rendered":"<p>&nbsp; PRIMEIRO PAVIMENTO &nbsp; SALA 101 &#8211; DAT (DEPARTAMENTO DE ADMINISTRA\u00c7\u00c3O E TURISMO) \/ COORDENA\u00c7\u00d5ES DOS CURSOS DE ADMINISTRA\u00c7\u00c3O E <a class=\"read-more\" href=\"https:\/\/institucional.ufrrj.br\/campusnovaiguacu\/onde-fica\/bloco-administrativo\/ \">&#8230; <i class=\"fa fa-long-arrow-right\"><\/i><\/a><\/p>\n","protected":false},"author":634,"featured_media":0,"parent":256,"menu_order":0,"comment_status":"closed","ping_status":"closed","template":"","meta":{"_acf_changed":false,"footnotes":""},"class_list":["post-278","page","type-page","status-publish","hentry"],"yoast_head":"<!-- This site is optimized with the Yoast SEO plugin v27.2 - https:\/\/yoast.com\/product\/yoast-seo-wordpress\/ -->\n<title>BLOCO ADMINISTRATIVO - Campus Nova Igua\u00e7u<\/title>\n<meta name=\"robots\" content=\"index, follow, max-snippet:-1, max-image-preview:large, max-video-preview:-1\" \/>\n<link rel=\"canonical\" href=\"https:\/\/institucional.ufrrj.br\/campusnovaiguacu\/onde-fica\/bloco-administrativo\/\" \/>\n<meta property=\"og:locale\" content=\"pt_BR\" \/>\n<meta property=\"og:type\" content=\"article\" \/>\n<meta property=\"og:title\" content=\"BLOCO ADMINISTRATIVO - Campus Nova Igua\u00e7u\" \/>\n<meta property=\"og:description\" content=\"&nbsp; PRIMEIRO PAVIMENTO &nbsp; SALA 101 &#8211; DAT (DEPARTAMENTO DE ADMINISTRA\u00c7\u00c3O E TURISMO) \/ COORDENA\u00c7\u00d5ES DOS CURSOS DE ADMINISTRA\u00c7\u00c3O E ...\" \/>\n<meta property=\"og:url\" content=\"https:\/\/institucional.ufrrj.br\/campusnovaiguacu\/onde-fica\/bloco-administrativo\/\" \/>\n<meta property=\"og:site_name\" content=\"Campus Nova Igua\u00e7u\" \/>\n<meta property=\"article:modified_time\" content=\"2017-04-26T17:37:46+00:00\" \/>\n<meta name=\"twitter:card\" content=\"summary_large_image\" \/>\n<meta name=\"twitter:label1\" content=\"Est. tempo de leitura\" \/>\n\t<meta name=\"twitter:data1\" content=\"1 minuto\" \/>\n<script type=\"application\/ld+json\" class=\"yoast-schema-graph\">{\"@context\":\"https:\/\/schema.org\",\"@graph\":[{\"@type\":\"WebPage\",\"@id\":\"https:\/\/institucional.ufrrj.br\/campusnovaiguacu\/onde-fica\/bloco-administrativo\/\",\"url\":\"https:\/\/institucional.ufrrj.br\/campusnovaiguacu\/onde-fica\/bloco-administrativo\/\",\"name\":\"BLOCO ADMINISTRATIVO - Campus Nova Igua\u00e7u\",\"isPartOf\":{\"@id\":\"https:\/\/institucional.ufrrj.br\/campusnovaiguacu\/#website\"},\"datePublished\":\"2016-04-07T12:00:36+00:00\",\"dateModified\":\"2017-04-26T17:37:46+00:00\",\"breadcrumb\":{\"@id\":\"https:\/\/institucional.ufrrj.br\/campusnovaiguacu\/onde-fica\/bloco-administrativo\/#breadcrumb\"},\"inLanguage\":\"pt-BR\",\"potentialAction\":[{\"@type\":\"ReadAction\",\"target\":[\"https:\/\/institucional.ufrrj.br\/campusnovaiguacu\/onde-fica\/bloco-administrativo\/\"]}]},{\"@type\":\"BreadcrumbList\",\"@id\":\"https:\/\/institucional.ufrrj.br\/campusnovaiguacu\/onde-fica\/bloco-administrativo\/#breadcrumb\",\"itemListElement\":[{\"@type\":\"ListItem\",\"position\":1,\"name\":\"In\u00edcio\",\"item\":\"https:\/\/institucional.ufrrj.br\/campusnovaiguacu\/\"},{\"@type\":\"ListItem\",\"position\":2,\"name\":\"ONDE FICA?\",\"item\":\"https:\/\/institucional.ufrrj.br\/campusnovaiguacu\/onde-fica\/\"},{\"@type\":\"ListItem\",\"position\":3,\"name\":\"BLOCO ADMINISTRATIVO\"}]},{\"@type\":\"WebSite\",\"@id\":\"https:\/\/institucional.ufrrj.br\/campusnovaiguacu\/#website\",\"url\":\"https:\/\/institucional.ufrrj.br\/campusnovaiguacu\/\",\"name\":\"Campus Nova Igua\u00e7u\",\"description\":\"Universidade Federal Rural do Rio de Janeiro\",\"potentialAction\":[{\"@type\":\"SearchAction\",\"target\":{\"@type\":\"EntryPoint\",\"urlTemplate\":\"https:\/\/institucional.ufrrj.br\/campusnovaiguacu\/?s={search_term_string}\"},\"query-input\":{\"@type\":\"PropertyValueSpecification\",\"valueRequired\":true,\"valueName\":\"search_term_string\"}}],\"inLanguage\":\"pt-BR\"}]}<\/script>\n<!-- \/ Yoast SEO plugin. -->","yoast_head_json":{"title":"BLOCO ADMINISTRATIVO - Campus Nova Igua\u00e7u","robots":{"index":"index","follow":"follow","max-snippet":"max-snippet:-1","max-image-preview":"max-image-preview:large","max-video-preview":"max-video-preview:-1"},"canonical":"https:\/\/institucional.ufrrj.br\/campusnovaiguacu\/onde-fica\/bloco-administrativo\/","og_locale":"pt_BR","og_type":"article","og_title":"BLOCO ADMINISTRATIVO - Campus Nova Igua\u00e7u","og_description":"&nbsp; PRIMEIRO PAVIMENTO &nbsp; SALA 101 &#8211; DAT (DEPARTAMENTO DE ADMINISTRA\u00c7\u00c3O E TURISMO) \/ COORDENA\u00c7\u00d5ES DOS CURSOS DE ADMINISTRA\u00c7\u00c3O E ...","og_url":"https:\/\/institucional.ufrrj.br\/campusnovaiguacu\/onde-fica\/bloco-administrativo\/","og_site_name":"Campus Nova Igua\u00e7u","article_modified_time":"2017-04-26T17:37:46+00:00","twitter_card":"summary_large_image","twitter_misc":{"Est. tempo de leitura":"1 minuto"},"schema":{"@context":"https:\/\/schema.org","@graph":[{"@type":"WebPage","@id":"https:\/\/institucional.ufrrj.br\/campusnovaiguacu\/onde-fica\/bloco-administrativo\/","url":"https:\/\/institucional.ufrrj.br\/campusnovaiguacu\/onde-fica\/bloco-administrativo\/","name":"BLOCO ADMINISTRATIVO - Campus Nova Igua\u00e7u","isPartOf":{"@id":"https:\/\/institucional.ufrrj.br\/campusnovaiguacu\/#website"},"datePublished":"2016-04-07T12:00:36+00:00","dateModified":"2017-04-26T17:37:46+00:00","breadcrumb":{"@id":"https:\/\/institucional.ufrrj.br\/campusnovaiguacu\/onde-fica\/bloco-administrativo\/#breadcrumb"},"inLanguage":"pt-BR","potentialAction":[{"@type":"ReadAction","target":["https:\/\/institucional.ufrrj.br\/campusnovaiguacu\/onde-fica\/bloco-administrativo\/"]}]},{"@type":"BreadcrumbList","@id":"https:\/\/institucional.ufrrj.br\/campusnovaiguacu\/onde-fica\/bloco-administrativo\/#breadcrumb","itemListElement":[{"@type":"ListItem","position":1,"name":"In\u00edcio","item":"https:\/\/institucional.ufrrj.br\/campusnovaiguacu\/"},{"@type":"ListItem","position":2,"name":"ONDE FICA?","item":"https:\/\/institucional.ufrrj.br\/campusnovaiguacu\/onde-fica\/"},{"@type":"ListItem","position":3,"name":"BLOCO ADMINISTRATIVO"}]},{"@type":"WebSite","@id":"https:\/\/institucional.ufrrj.br\/campusnovaiguacu\/#website","url":"https:\/\/institucional.ufrrj.br\/campusnovaiguacu\/","name":"Campus Nova Igua\u00e7u","description":"Universidade Federal Rural do Rio de Janeiro","potentialAction":[{"@type":"SearchAction","target":{"@type":"EntryPoint","urlTemplate":"https:\/\/institucional.ufrrj.br\/campusnovaiguacu\/?s={search_term_string}"},"query-input":{"@type":"PropertyValueSpecification","valueRequired":true,"valueName":"search_term_string"}}],"inLanguage":"pt-BR"}]}},"acf":[],"aioseo_notices":[],"_links":{"self":[{"href":"https:\/\/institucional.ufrrj.br\/campusnovaiguacu\/wp-json\/wp\/v2\/pages\/278","targetHints":{"allow":["GET"]}}],"collection":[{"href":"https:\/\/institucional.ufrrj.br\/campusnovaiguacu\/wp-json\/wp\/v2\/pages"}],"about":[{"href":"https:\/\/institucional.ufrrj.br\/campusnovaiguacu\/wp-json\/wp\/v2\/types\/page"}],"author":[{"embeddable":true,"href":"https:\/\/institucional.ufrrj.br\/campusnovaiguacu\/wp-json\/wp\/v2\/users\/634"}],"replies":[{"embeddable":true,"href":"https:\/\/institucional.ufrrj.br\/campusnovaiguacu\/wp-json\/wp\/v2\/comments?post=278"}],"version-history":[{"count":33,"href":"https:\/\/institucional.ufrrj.br\/campusnovaiguacu\/wp-json\/wp\/v2\/pages\/278\/revisions"}],"predecessor-version":[{"id":1602,"href":"https:\/\/institucional.ufrrj.br\/campusnovaiguacu\/wp-json\/wp\/v2\/pages\/278\/revisions\/1602"}],"up":[{"embeddable":true,"href":"https:\/\/institucional.ufrrj.br\/campusnovaiguacu\/wp-json\/wp\/v2\/pages\/256"}],"wp:attachment":[{"href":"https:\/\/institucional.ufrrj.br\/campusnovaiguacu\/wp-json\/wp\/v2\/media?parent=278"}],"curies":[{"name":"wp","href":"https:\/\/api.w.org\/{rel}","templated":true}]}}