{"id":18,"date":"2015-10-08T13:57:54","date_gmt":"2015-10-08T13:57:54","guid":{"rendered":"http:\/\/institucional.ufrrj.br\/campusnovaiguacu\/?page_id=18"},"modified":"2018-06-04T16:44:52","modified_gmt":"2018-06-04T16:44:52","slug":"ru","status":"publish","type":"page","link":"https:\/\/institucional.ufrrj.br\/campusnovaiguacu\/ru\/","title":{"rendered":"RESTAURANTE UNIVERSIT\u00c1RIO"},"content":{"rendered":"<p><span style=\"font-family: Arial,sans-serif\"><b>O Restaurante<\/b><\/span><\/p>\n<p align=\"JUSTIFY\"><span style=\"font-family: Arial,sans-serif\">O Restaurante Universit\u00e1rio (RU) do Campus Nova Igua\u00e7u da UFRRJ tem fun\u00e7\u00e3o social e n\u00e3o visa lucro. Dentro das normas preconizadas pela Pol\u00edtica de Seguran\u00e7a Alimentar e Nutricional brasileira, o RU tem como proposta produzir e distribuir refei\u00e7\u00f5es que sejam culturalmente diversificadas, nutricionalmente equilibradas e seguras do ponto de vista higi\u00eanico-sanit\u00e1rio, al\u00e9m de oferecer um card\u00e1pio adequado ao perfil epidemiol\u00f3gico da popula\u00e7\u00e3o e \u00e0s orienta\u00e7\u00f5es do Minist\u00e9rio da Sa\u00fade \/ Anvisa com rela\u00e7\u00e3o \u00e0 redu\u00e7\u00e3o de sal, gordura saturada e a\u00e7ucar. <\/span><\/p>\n<p align=\"JUSTIFY\"><span style=\"font-family: Arial,sans-serif\">O objetivo \u00e9 oferecer \u00e0 comunidade universit\u00e1ria um servi\u00e7o de alimenta\u00e7\u00e3o e nutri\u00e7\u00e3o de qualidade, economicamente justo e em conson\u00e2ncia com os limites financeiros da institui\u00e7\u00e3o, bem como contribuir com atividades relacionadas \u00e0 educa\u00e7\u00e3o e pesquisa nas \u00e1reas de alimenta\u00e7\u00e3o, nutri\u00e7\u00e3o e sa\u00fade. <\/span><\/p>\n<p align=\"JUSTIFY\"><span style=\"font-family: Arial,sans-serif\">Todas as atividades desenvolvidas no RU seguem os princ\u00edpios de prote\u00e7\u00e3o ambiental e uso racional dos recursos naturais, al\u00e9m de contribuir com a\u00e7\u00f5es que visem a perman\u00eancia do estudante no ensino superior. <\/span><\/p>\n<p>&nbsp;<\/p>\n<p align=\"JUSTIFY\"><span style=\"color: #000000\"><span style=\"font-family: Arial,sans-serif\"><b>Regras de Acesso<\/b><\/span><\/span><\/p>\n<p align=\"JUSTIFY\"><span style=\"font-family: Arial,sans-serif\">Para que se possa almo\u00e7ar ou jantar no Restaurante \u00e9 imprescind\u00edvel, no caso dos discentes, ter em m\u00e3os a sua Carteira Universit\u00e1ria ou Declara\u00e7\u00e3o de Matr\u00edcula e documento de identifica\u00e7\u00e3o com foto. Docentes, servidores t\u00e9cnicos e terceirizados dever\u00e3o apresentar suas carteiras funcionais ou documento de identifica\u00e7\u00e3o com foto.<\/span><\/p>\n<p>&nbsp;<\/p>\n<p><span style=\"font-family: Arial,sans-serif\"><b>Hor\u00e1rio de Funcionamento <\/b><\/span><\/p>\n<table width=\"538\" cellspacing=\"0\" cellpadding=\"7\">\n<colgroup>\n<col width=\"209\" \/>\n<col width=\"299\" \/> <\/colgroup>\n<tbody>\n<tr>\n<td colspan=\"2\" valign=\"TOP\" bgcolor=\"#dfdfdf\" width=\"522\">\n<p align=\"CENTER\"><span style=\"font-family: Arial,sans-serif\"><span style=\"font-size: medium\"><b>HOR\u00c1RIOS DE ATENDIMENTO DO RESTAURANTE UNIVERSIT\u00c1RIO<\/b><\/span><\/span><\/p>\n<\/td>\n<\/tr>\n<tr>\n<td width=\"209\">\n<p align=\"CENTER\"><span style=\"font-family: Arial,sans-serif\"><span style=\"font-size: medium\"><b>CAF\u00c9 DA MANH\u00c3<\/b><\/span><\/span><\/p>\n<\/td>\n<td width=\"299\">\n<p align=\"CENTER\"><span style=\"font-family: Arial,sans-serif\"><span style=\"font-size: medium\"><b>das 7h30min \u00e0s 8h30min<\/b><\/span><\/span><\/p>\n<\/td>\n<\/tr>\n<tr>\n<td width=\"209\">\n<p align=\"CENTER\"><span style=\"font-family: Arial,sans-serif\"><span style=\"font-size: medium\"><b>ALMO\u00c7O<\/b><\/span><\/span><\/p>\n<\/td>\n<td width=\"299\">\n<p align=\"CENTER\"><span style=\"font-family: Arial,sans-serif\"><span style=\"font-size: medium\"><b>das 11h45min \u00e0s 13h20min<\/b><\/span><\/span><\/p>\n<\/td>\n<\/tr>\n<tr>\n<td width=\"209\">\n<p align=\"CENTER\"><span style=\"font-family: Arial,sans-serif\"><span style=\"font-size: medium\"><b>JANTAR<\/b><\/span><\/span><\/p>\n<\/td>\n<td width=\"299\">\n<p align=\"CENTER\"><span style=\"font-family: Arial,sans-serif\"><span style=\"font-size: medium\"><b>das 17h \u00e0s 18h40min<\/b><\/span><\/span><\/p>\n<\/td>\n<\/tr>\n<\/tbody>\n<\/table>\n<p>&nbsp;<\/p>\n<p><span style=\"font-family: Arial,sans-serif\"><b>Pre\u00e7os<\/b><\/span><\/p>\n<table width=\"640\" cellspacing=\"0\" cellpadding=\"7\">\n<colgroup>\n<col width=\"133\" \/>\n<col width=\"145\" \/>\n<col width=\"153\" \/>\n<col width=\"151\" \/> <\/colgroup>\n<tbody>\n<tr>\n<td colspan=\"4\" valign=\"TOP\" bgcolor=\"#dfdfdf\" width=\"624\" height=\"17\">\n<p align=\"CENTER\"><span style=\"font-family: Arial,sans-serif\"><span style=\"font-size: medium\"><b>TABELA DE PRE\u00c7OS DO RESTAURANTE UNIVERSIT\u00c1RIO<\/b><\/span><\/span><\/p>\n<\/td>\n<\/tr>\n<tr>\n<td width=\"133\">\n<p align=\"CENTER\"><span style=\"font-family: Arial,sans-serif\"><span style=\"font-size: medium\"><b>CATEGORIAS<\/b><\/span><\/span><\/p>\n<\/td>\n<td width=\"145\">\n<p align=\"CENTER\"><span style=\"font-family: Arial,sans-serif\"><span style=\"font-size: medium\"><b>CAF\u00c9 DA MANH\u00c3<\/b><\/span><\/span><\/p>\n<\/td>\n<td width=\"153\">\n<p align=\"CENTER\"><span style=\"font-family: Arial,sans-serif\"><span style=\"font-size: medium\"><b>ALMO\u00c7O<\/b><\/span><\/span><\/p>\n<\/td>\n<td width=\"151\">\n<p align=\"CENTER\"><span style=\"font-family: Arial,sans-serif\"><span style=\"font-size: medium\"><b>JANTAR<\/b><\/span><\/span><\/p>\n<\/td>\n<\/tr>\n<tr>\n<td width=\"133\">\n<p align=\"CENTER\"><span style=\"font-family: Arial,sans-serif\"><span style=\"font-size: medium\"><b>DISCENTE<\/b><\/span><\/span><\/p>\n<\/td>\n<td width=\"145\">\n<p align=\"CENTER\"><span style=\"font-family: Arial,sans-serif\"><span style=\"font-size: medium\"><b>R$ 0,70<\/b><\/span><\/span><\/p>\n<\/td>\n<td width=\"153\">\n<p align=\"CENTER\"><span style=\"font-family: Arial,sans-serif\"><span style=\"font-size: medium\"><b>R$ 1,45<\/b><\/span><\/span><\/p>\n<\/td>\n<td width=\"151\">\n<p align=\"CENTER\"><span style=\"font-family: Arial,sans-serif\"><span style=\"font-size: medium\"><b>R$ 1,45<\/b><\/span><\/span><\/p>\n<\/td>\n<\/tr>\n<tr>\n<td width=\"133\">\n<p align=\"CENTER\"><span style=\"font-family: Arial,sans-serif\"><span style=\"font-size: medium\"><b>DOCENTE<\/b><\/span><\/span><\/p>\n<\/td>\n<td width=\"145\">\n<p align=\"CENTER\"><span style=\"font-family: Arial,sans-serif\"><span style=\"font-size: medium\"><b>R$ 2,00<\/b><\/span><\/span><\/p>\n<\/td>\n<td width=\"153\">\n<p align=\"CENTER\"><span style=\"font-family: Arial,sans-serif\"><span style=\"font-size: medium\"><b>R$ 5,00<\/b><\/span><\/span><\/p>\n<\/td>\n<td width=\"151\">\n<p align=\"CENTER\"><span style=\"font-family: Arial,sans-serif\"><span style=\"font-size: medium\"><b>R$ 5,00<\/b><\/span><\/span><\/p>\n<\/td>\n<\/tr>\n<tr>\n<td width=\"133\">\n<p align=\"CENTER\"><span style=\"font-family: Arial,sans-serif\"><span style=\"font-size: medium\"><b>T\u00c9CNICOS<\/b><\/span><\/span><\/p>\n<\/td>\n<td width=\"145\">\n<p align=\"CENTER\"><span style=\"font-family: Arial,sans-serif\"><span style=\"font-size: medium\"><b>R$ 2,00<\/b><\/span><\/span><\/p>\n<\/td>\n<td width=\"153\">\n<p align=\"CENTER\"><span style=\"font-family: Arial,sans-serif\"><span style=\"font-size: medium\"><b>R$ 4,15<\/b><\/span><\/span><\/p>\n<\/td>\n<td width=\"151\">\n<p align=\"CENTER\"><span style=\"font-family: Arial,sans-serif\"><span style=\"font-size: medium\"><b>R$ 4,15<\/b><\/span><\/span><\/p>\n<\/td>\n<\/tr>\n<tr>\n<td width=\"133\">\n<p align=\"CENTER\"><span style=\"font-family: Arial,sans-serif\"><span style=\"font-size: medium\"><b>TERCEIRIZADOS<\/b><\/span><\/span><\/p>\n<\/td>\n<td width=\"145\">\n<p align=\"CENTER\"><span style=\"font-family: Arial,sans-serif\"><span style=\"font-size: medium\"><b>R$ 2,00<\/b><\/span><\/span><\/p>\n<\/td>\n<td width=\"153\">\n<p align=\"CENTER\"><span style=\"font-family: Arial,sans-serif\"><span style=\"font-size: medium\"><b>R$ 3,00<\/b><\/span><\/span><\/p>\n<\/td>\n<td width=\"151\">\n<p align=\"CENTER\"><span style=\"font-family: Arial,sans-serif\"><span style=\"font-size: medium\"><b>R$ 3,00<\/b><\/span><\/span><\/p>\n<\/td>\n<\/tr>\n<\/tbody>\n<\/table>\n<p align=\"JUSTIFY\"><em><strong><span style=\"font-family: Arial,sans-serif\"><span style=\"font-size: medium\">Os t\u00edquetes para acesso ao Restaurante podem ser adquiridos na Dire\u00e7\u00e3o do Campus (sala 309 \u2013 Bloco Administrativo), no hor\u00e1rio das 10h \u00e0s 19h.<\/span><\/span><\/strong><\/em><\/p>\n<p class=\"western\" align=\"JUSTIFY\"><span style=\"font-family: Arial,sans-serif\">Coordenadora: Elis\u00e2ngela Canedo dos Santos<\/span><\/p>\n<p align=\"JUSTIFY\"><span style=\"font-family: Arial, sans-serif\">Telefone 3812 9518<\/span><\/p>\n<p class=\"western\" align=\"JUSTIFY\"><span style=\"font-family: Arial, sans-serif\">Ramal 9518<\/span><\/p>\n","protected":false},"excerpt":{"rendered":"<p>O Restaurante O Restaurante Universit\u00e1rio (RU) do Campus Nova Igua\u00e7u da UFRRJ tem fun\u00e7\u00e3o social e n\u00e3o visa lucro. Dentro <a class=\"read-more\" href=\"https:\/\/institucional.ufrrj.br\/campusnovaiguacu\/ru\/ \">&#8230; <i class=\"fa fa-long-arrow-right\"><\/i><\/a><\/p>\n","protected":false},"author":634,"featured_media":0,"parent":0,"menu_order":0,"comment_status":"closed","ping_status":"closed","template":"","meta":{"_acf_changed":false,"footnotes":""},"class_list":["post-18","page","type-page","status-publish","hentry"],"yoast_head":"<!-- This site is optimized with the Yoast SEO plugin v27.2 - https:\/\/yoast.com\/product\/yoast-seo-wordpress\/ -->\n<title>RESTAURANTE UNIVERSIT\u00c1RIO - Campus Nova Igua\u00e7u<\/title>\n<meta name=\"robots\" content=\"index, follow, max-snippet:-1, max-image-preview:large, max-video-preview:-1\" \/>\n<link rel=\"canonical\" href=\"https:\/\/institucional.ufrrj.br\/campusnovaiguacu\/ru\/\" \/>\n<meta property=\"og:locale\" content=\"pt_BR\" \/>\n<meta property=\"og:type\" content=\"article\" \/>\n<meta property=\"og:title\" content=\"RESTAURANTE UNIVERSIT\u00c1RIO - Campus Nova Igua\u00e7u\" \/>\n<meta property=\"og:description\" content=\"O Restaurante O Restaurante Universit\u00e1rio (RU) do Campus Nova Igua\u00e7u da UFRRJ tem fun\u00e7\u00e3o social e n\u00e3o visa lucro. Dentro ...\" \/>\n<meta property=\"og:url\" content=\"https:\/\/institucional.ufrrj.br\/campusnovaiguacu\/ru\/\" \/>\n<meta property=\"og:site_name\" content=\"Campus Nova Igua\u00e7u\" \/>\n<meta property=\"article:modified_time\" content=\"2018-06-04T16:44:52+00:00\" \/>\n<meta name=\"twitter:card\" content=\"summary_large_image\" \/>\n<meta name=\"twitter:label1\" content=\"Est. tempo de leitura\" \/>\n\t<meta name=\"twitter:data1\" content=\"2 minutos\" \/>\n<script type=\"application\/ld+json\" class=\"yoast-schema-graph\">{\"@context\":\"https:\/\/schema.org\",\"@graph\":[{\"@type\":\"WebPage\",\"@id\":\"https:\/\/institucional.ufrrj.br\/campusnovaiguacu\/ru\/\",\"url\":\"https:\/\/institucional.ufrrj.br\/campusnovaiguacu\/ru\/\",\"name\":\"RESTAURANTE UNIVERSIT\u00c1RIO - Campus Nova Igua\u00e7u\",\"isPartOf\":{\"@id\":\"https:\/\/institucional.ufrrj.br\/campusnovaiguacu\/#website\"},\"datePublished\":\"2015-10-08T13:57:54+00:00\",\"dateModified\":\"2018-06-04T16:44:52+00:00\",\"breadcrumb\":{\"@id\":\"https:\/\/institucional.ufrrj.br\/campusnovaiguacu\/ru\/#breadcrumb\"},\"inLanguage\":\"pt-BR\",\"potentialAction\":[{\"@type\":\"ReadAction\",\"target\":[\"https:\/\/institucional.ufrrj.br\/campusnovaiguacu\/ru\/\"]}]},{\"@type\":\"BreadcrumbList\",\"@id\":\"https:\/\/institucional.ufrrj.br\/campusnovaiguacu\/ru\/#breadcrumb\",\"itemListElement\":[{\"@type\":\"ListItem\",\"position\":1,\"name\":\"In\u00edcio\",\"item\":\"https:\/\/institucional.ufrrj.br\/campusnovaiguacu\/\"},{\"@type\":\"ListItem\",\"position\":2,\"name\":\"RESTAURANTE UNIVERSIT\u00c1RIO\"}]},{\"@type\":\"WebSite\",\"@id\":\"https:\/\/institucional.ufrrj.br\/campusnovaiguacu\/#website\",\"url\":\"https:\/\/institucional.ufrrj.br\/campusnovaiguacu\/\",\"name\":\"Campus Nova Igua\u00e7u\",\"description\":\"Universidade Federal Rural do Rio de Janeiro\",\"potentialAction\":[{\"@type\":\"SearchAction\",\"target\":{\"@type\":\"EntryPoint\",\"urlTemplate\":\"https:\/\/institucional.ufrrj.br\/campusnovaiguacu\/?s={search_term_string}\"},\"query-input\":{\"@type\":\"PropertyValueSpecification\",\"valueRequired\":true,\"valueName\":\"search_term_string\"}}],\"inLanguage\":\"pt-BR\"}]}<\/script>\n<!-- \/ Yoast SEO plugin. -->","yoast_head_json":{"title":"RESTAURANTE UNIVERSIT\u00c1RIO - Campus Nova Igua\u00e7u","robots":{"index":"index","follow":"follow","max-snippet":"max-snippet:-1","max-image-preview":"max-image-preview:large","max-video-preview":"max-video-preview:-1"},"canonical":"https:\/\/institucional.ufrrj.br\/campusnovaiguacu\/ru\/","og_locale":"pt_BR","og_type":"article","og_title":"RESTAURANTE UNIVERSIT\u00c1RIO - Campus Nova Igua\u00e7u","og_description":"O Restaurante O Restaurante Universit\u00e1rio (RU) do Campus Nova Igua\u00e7u da UFRRJ tem fun\u00e7\u00e3o social e n\u00e3o visa lucro. Dentro ...","og_url":"https:\/\/institucional.ufrrj.br\/campusnovaiguacu\/ru\/","og_site_name":"Campus Nova Igua\u00e7u","article_modified_time":"2018-06-04T16:44:52+00:00","twitter_card":"summary_large_image","twitter_misc":{"Est. tempo de leitura":"2 minutos"},"schema":{"@context":"https:\/\/schema.org","@graph":[{"@type":"WebPage","@id":"https:\/\/institucional.ufrrj.br\/campusnovaiguacu\/ru\/","url":"https:\/\/institucional.ufrrj.br\/campusnovaiguacu\/ru\/","name":"RESTAURANTE UNIVERSIT\u00c1RIO - Campus Nova Igua\u00e7u","isPartOf":{"@id":"https:\/\/institucional.ufrrj.br\/campusnovaiguacu\/#website"},"datePublished":"2015-10-08T13:57:54+00:00","dateModified":"2018-06-04T16:44:52+00:00","breadcrumb":{"@id":"https:\/\/institucional.ufrrj.br\/campusnovaiguacu\/ru\/#breadcrumb"},"inLanguage":"pt-BR","potentialAction":[{"@type":"ReadAction","target":["https:\/\/institucional.ufrrj.br\/campusnovaiguacu\/ru\/"]}]},{"@type":"BreadcrumbList","@id":"https:\/\/institucional.ufrrj.br\/campusnovaiguacu\/ru\/#breadcrumb","itemListElement":[{"@type":"ListItem","position":1,"name":"In\u00edcio","item":"https:\/\/institucional.ufrrj.br\/campusnovaiguacu\/"},{"@type":"ListItem","position":2,"name":"RESTAURANTE UNIVERSIT\u00c1RIO"}]},{"@type":"WebSite","@id":"https:\/\/institucional.ufrrj.br\/campusnovaiguacu\/#website","url":"https:\/\/institucional.ufrrj.br\/campusnovaiguacu\/","name":"Campus Nova Igua\u00e7u","description":"Universidade Federal Rural do Rio de Janeiro","potentialAction":[{"@type":"SearchAction","target":{"@type":"EntryPoint","urlTemplate":"https:\/\/institucional.ufrrj.br\/campusnovaiguacu\/?s={search_term_string}"},"query-input":{"@type":"PropertyValueSpecification","valueRequired":true,"valueName":"search_term_string"}}],"inLanguage":"pt-BR"}]}},"acf":[],"aioseo_notices":[],"_links":{"self":[{"href":"https:\/\/institucional.ufrrj.br\/campusnovaiguacu\/wp-json\/wp\/v2\/pages\/18","targetHints":{"allow":["GET"]}}],"collection":[{"href":"https:\/\/institucional.ufrrj.br\/campusnovaiguacu\/wp-json\/wp\/v2\/pages"}],"about":[{"href":"https:\/\/institucional.ufrrj.br\/campusnovaiguacu\/wp-json\/wp\/v2\/types\/page"}],"author":[{"embeddable":true,"href":"https:\/\/institucional.ufrrj.br\/campusnovaiguacu\/wp-json\/wp\/v2\/users\/634"}],"replies":[{"embeddable":true,"href":"https:\/\/institucional.ufrrj.br\/campusnovaiguacu\/wp-json\/wp\/v2\/comments?post=18"}],"version-history":[{"count":22,"href":"https:\/\/institucional.ufrrj.br\/campusnovaiguacu\/wp-json\/wp\/v2\/pages\/18\/revisions"}],"predecessor-version":[{"id":1676,"href":"https:\/\/institucional.ufrrj.br\/campusnovaiguacu\/wp-json\/wp\/v2\/pages\/18\/revisions\/1676"}],"wp:attachment":[{"href":"https:\/\/institucional.ufrrj.br\/campusnovaiguacu\/wp-json\/wp\/v2\/media?parent=18"}],"curies":[{"name":"wp","href":"https:\/\/api.w.org\/{rel}","templated":true}]}}