{"id":1586,"date":"2017-04-20T19:03:59","date_gmt":"2017-04-20T19:03:59","guid":{"rendered":"http:\/\/institucional.ufrrj.br\/campusnovaiguacu\/?page_id=1586"},"modified":"2018-06-04T16:18:13","modified_gmt":"2018-06-04T16:18:13","slug":"comac","status":"publish","type":"page","link":"https:\/\/institucional.ufrrj.br\/campusnovaiguacu\/comac\/","title":{"rendered":"COMAC"},"content":{"rendered":"<p class=\"western\" align=\"JUSTIFY\"><span style=\"font-family: Arial,sans-serif\"><span style=\"font-size: large\"><b>Coordenadoria de Materiais, Aquisi\u00e7\u00f5es e Contratos<br \/>\n<\/b><\/span><\/span><\/p>\n<p align=\"JUSTIFY\"><span style=\"color: #000000\"><span style=\"font-family: Arial,sans-serif\"><span style=\"font-size: medium\">\u00c9 o setor respons\u00e1vel pela Gest\u00e3o e Fiscaliza\u00e7\u00e3o dos contratos de terceiriza\u00e7\u00e3o e presta\u00e7\u00e3o de servi\u00e7os, bem como a aquisi\u00e7\u00e3o e distribui\u00e7\u00e3o de todo e qualquer material necess\u00e1rio para o funcionamento cotidiano do Campus Nova Igua\u00e7u.<\/span><\/span><\/span><\/p>\n<p align=\"JUSTIFY\"><span style=\"color: #000000\"><span style=\"font-family: Arial,sans-serif\"><span style=\"font-size: medium\">Coordenador: Igor Samuel de Oliveira Pinto<br \/>\n<\/span><\/span><\/span><\/p>\n<p align=\"JUSTIFY\"><span style=\"color: #000000\"><span style=\"font-family: Arial,sans-serif\"><span style=\"font-size: medium\">Telefone 3812 9543<\/span><\/span><\/span><\/p>\n<p align=\"JUSTIFY\"><span style=\"color: #000000\"><span style=\"font-family: Arial,sans-serif\"><span style=\"font-size: medium\">Ramal 9543<\/span><\/span><\/span><\/p>\n<p align=\"JUSTIFY\"><a href=\"mailto:clni@ufrrj.br\"><span style=\"color: #0000ff\"><span style=\"font-family: Arial,sans-serif\"><span style=\"font-size: medium\">comacniufrrj@gmail.com<\/span><\/span><\/span><\/a><\/p>\n","protected":false},"excerpt":{"rendered":"<p>Coordenadoria de Materiais, Aquisi\u00e7\u00f5es e Contratos \u00c9 o setor respons\u00e1vel pela Gest\u00e3o e Fiscaliza\u00e7\u00e3o dos contratos de terceiriza\u00e7\u00e3o e presta\u00e7\u00e3o <a class=\"read-more\" href=\"https:\/\/institucional.ufrrj.br\/campusnovaiguacu\/comac\/ \">&#8230; <i class=\"fa fa-long-arrow-right\"><\/i><\/a><\/p>\n","protected":false},"author":658,"featured_media":0,"parent":0,"menu_order":0,"comment_status":"closed","ping_status":"closed","template":"","meta":{"_acf_changed":false,"footnotes":""},"class_list":["post-1586","page","type-page","status-publish","hentry"],"yoast_head":"<!-- This site is optimized with the Yoast SEO plugin v27.2 - https:\/\/yoast.com\/product\/yoast-seo-wordpress\/ -->\n<title>COMAC - Campus Nova Igua\u00e7u<\/title>\n<meta name=\"robots\" content=\"index, follow, max-snippet:-1, max-image-preview:large, max-video-preview:-1\" \/>\n<link rel=\"canonical\" href=\"https:\/\/institucional.ufrrj.br\/campusnovaiguacu\/comac\/\" \/>\n<meta property=\"og:locale\" content=\"pt_BR\" \/>\n<meta property=\"og:type\" content=\"article\" \/>\n<meta property=\"og:title\" content=\"COMAC - Campus Nova Igua\u00e7u\" \/>\n<meta property=\"og:description\" content=\"Coordenadoria de Materiais, Aquisi\u00e7\u00f5es e Contratos \u00c9 o setor respons\u00e1vel pela Gest\u00e3o e Fiscaliza\u00e7\u00e3o dos contratos de terceiriza\u00e7\u00e3o e presta\u00e7\u00e3o ...\" \/>\n<meta property=\"og:url\" content=\"https:\/\/institucional.ufrrj.br\/campusnovaiguacu\/comac\/\" \/>\n<meta property=\"og:site_name\" content=\"Campus Nova Igua\u00e7u\" \/>\n<meta property=\"article:modified_time\" content=\"2018-06-04T16:18:13+00:00\" \/>\n<meta name=\"twitter:card\" content=\"summary_large_image\" \/>\n<script type=\"application\/ld+json\" class=\"yoast-schema-graph\">{\"@context\":\"https:\/\/schema.org\",\"@graph\":[{\"@type\":\"WebPage\",\"@id\":\"https:\/\/institucional.ufrrj.br\/campusnovaiguacu\/comac\/\",\"url\":\"https:\/\/institucional.ufrrj.br\/campusnovaiguacu\/comac\/\",\"name\":\"COMAC - Campus Nova Igua\u00e7u\",\"isPartOf\":{\"@id\":\"https:\/\/institucional.ufrrj.br\/campusnovaiguacu\/#website\"},\"datePublished\":\"2017-04-20T19:03:59+00:00\",\"dateModified\":\"2018-06-04T16:18:13+00:00\",\"breadcrumb\":{\"@id\":\"https:\/\/institucional.ufrrj.br\/campusnovaiguacu\/comac\/#breadcrumb\"},\"inLanguage\":\"pt-BR\",\"potentialAction\":[{\"@type\":\"ReadAction\",\"target\":[\"https:\/\/institucional.ufrrj.br\/campusnovaiguacu\/comac\/\"]}]},{\"@type\":\"BreadcrumbList\",\"@id\":\"https:\/\/institucional.ufrrj.br\/campusnovaiguacu\/comac\/#breadcrumb\",\"itemListElement\":[{\"@type\":\"ListItem\",\"position\":1,\"name\":\"In\u00edcio\",\"item\":\"https:\/\/institucional.ufrrj.br\/campusnovaiguacu\/\"},{\"@type\":\"ListItem\",\"position\":2,\"name\":\"COMAC\"}]},{\"@type\":\"WebSite\",\"@id\":\"https:\/\/institucional.ufrrj.br\/campusnovaiguacu\/#website\",\"url\":\"https:\/\/institucional.ufrrj.br\/campusnovaiguacu\/\",\"name\":\"Campus Nova Igua\u00e7u\",\"description\":\"Universidade Federal Rural do Rio de Janeiro\",\"potentialAction\":[{\"@type\":\"SearchAction\",\"target\":{\"@type\":\"EntryPoint\",\"urlTemplate\":\"https:\/\/institucional.ufrrj.br\/campusnovaiguacu\/?s={search_term_string}\"},\"query-input\":{\"@type\":\"PropertyValueSpecification\",\"valueRequired\":true,\"valueName\":\"search_term_string\"}}],\"inLanguage\":\"pt-BR\"}]}<\/script>\n<!-- \/ Yoast SEO plugin. -->","yoast_head_json":{"title":"COMAC - Campus Nova Igua\u00e7u","robots":{"index":"index","follow":"follow","max-snippet":"max-snippet:-1","max-image-preview":"max-image-preview:large","max-video-preview":"max-video-preview:-1"},"canonical":"https:\/\/institucional.ufrrj.br\/campusnovaiguacu\/comac\/","og_locale":"pt_BR","og_type":"article","og_title":"COMAC - Campus Nova Igua\u00e7u","og_description":"Coordenadoria de Materiais, Aquisi\u00e7\u00f5es e Contratos \u00c9 o setor respons\u00e1vel pela Gest\u00e3o e Fiscaliza\u00e7\u00e3o dos contratos de terceiriza\u00e7\u00e3o e presta\u00e7\u00e3o ...","og_url":"https:\/\/institucional.ufrrj.br\/campusnovaiguacu\/comac\/","og_site_name":"Campus Nova Igua\u00e7u","article_modified_time":"2018-06-04T16:18:13+00:00","twitter_card":"summary_large_image","schema":{"@context":"https:\/\/schema.org","@graph":[{"@type":"WebPage","@id":"https:\/\/institucional.ufrrj.br\/campusnovaiguacu\/comac\/","url":"https:\/\/institucional.ufrrj.br\/campusnovaiguacu\/comac\/","name":"COMAC - Campus Nova Igua\u00e7u","isPartOf":{"@id":"https:\/\/institucional.ufrrj.br\/campusnovaiguacu\/#website"},"datePublished":"2017-04-20T19:03:59+00:00","dateModified":"2018-06-04T16:18:13+00:00","breadcrumb":{"@id":"https:\/\/institucional.ufrrj.br\/campusnovaiguacu\/comac\/#breadcrumb"},"inLanguage":"pt-BR","potentialAction":[{"@type":"ReadAction","target":["https:\/\/institucional.ufrrj.br\/campusnovaiguacu\/comac\/"]}]},{"@type":"BreadcrumbList","@id":"https:\/\/institucional.ufrrj.br\/campusnovaiguacu\/comac\/#breadcrumb","itemListElement":[{"@type":"ListItem","position":1,"name":"In\u00edcio","item":"https:\/\/institucional.ufrrj.br\/campusnovaiguacu\/"},{"@type":"ListItem","position":2,"name":"COMAC"}]},{"@type":"WebSite","@id":"https:\/\/institucional.ufrrj.br\/campusnovaiguacu\/#website","url":"https:\/\/institucional.ufrrj.br\/campusnovaiguacu\/","name":"Campus Nova Igua\u00e7u","description":"Universidade Federal Rural do Rio de Janeiro","potentialAction":[{"@type":"SearchAction","target":{"@type":"EntryPoint","urlTemplate":"https:\/\/institucional.ufrrj.br\/campusnovaiguacu\/?s={search_term_string}"},"query-input":{"@type":"PropertyValueSpecification","valueRequired":true,"valueName":"search_term_string"}}],"inLanguage":"pt-BR"}]}},"acf":[],"aioseo_notices":[],"_links":{"self":[{"href":"https:\/\/institucional.ufrrj.br\/campusnovaiguacu\/wp-json\/wp\/v2\/pages\/1586","targetHints":{"allow":["GET"]}}],"collection":[{"href":"https:\/\/institucional.ufrrj.br\/campusnovaiguacu\/wp-json\/wp\/v2\/pages"}],"about":[{"href":"https:\/\/institucional.ufrrj.br\/campusnovaiguacu\/wp-json\/wp\/v2\/types\/page"}],"author":[{"embeddable":true,"href":"https:\/\/institucional.ufrrj.br\/campusnovaiguacu\/wp-json\/wp\/v2\/users\/658"}],"replies":[{"embeddable":true,"href":"https:\/\/institucional.ufrrj.br\/campusnovaiguacu\/wp-json\/wp\/v2\/comments?post=1586"}],"version-history":[{"count":9,"href":"https:\/\/institucional.ufrrj.br\/campusnovaiguacu\/wp-json\/wp\/v2\/pages\/1586\/revisions"}],"predecessor-version":[{"id":1664,"href":"https:\/\/institucional.ufrrj.br\/campusnovaiguacu\/wp-json\/wp\/v2\/pages\/1586\/revisions\/1664"}],"wp:attachment":[{"href":"https:\/\/institucional.ufrrj.br\/campusnovaiguacu\/wp-json\/wp\/v2\/media?parent=1586"}],"curies":[{"name":"wp","href":"https:\/\/api.w.org\/{rel}","templated":true}]}}