{"id":1537,"date":"2017-01-27T15:26:36","date_gmt":"2017-01-27T15:26:36","guid":{"rendered":"http:\/\/institucional.ufrrj.br\/campusnovaiguacu\/?page_id=1537"},"modified":"2017-02-02T19:42:18","modified_gmt":"2017-02-02T19:42:18","slug":"agendamento-de-auditorios","status":"publish","type":"page","link":"https:\/\/institucional.ufrrj.br\/campusnovaiguacu\/agendamento-de-auditorios\/","title":{"rendered":"AGENDAMENTO DE AUDIT\u00d3RIOS"},"content":{"rendered":"\n                <div class='gf_browser_gecko gform_wrapper' id='gform_wrapper_1' ><form method='post' enctype='multipart\/form-data'  id='gform_1'  action='\/campusnovaiguacu\/wp-json\/wp\/v2\/pages\/1537'>\n                        <div class='gform_body'><ul id='gform_fields_1' class='gform_fields top_label form_sublabel_below description_below'><li id='field_1_1'  class='gfield gfield_contains_required field_sublabel_below field_description_below gfield_visibility_visible' ><label class='gfield_label' for='input_1_1' >Respons\u00e1vel pelo agendamento<span class='gfield_required'>*<\/span><\/label><div class='ginput_container ginput_container_text'><input name='input_1' id='input_1_1' type='text' value='' class='medium'     aria-required=\"true\" aria-invalid=\"false\" \/><\/div><\/li><li id='field_1_2'  class='gfield gfield_contains_required field_sublabel_below field_description_below gfield_visibility_visible' ><label class='gfield_label' for='input_1_2' >SIAPE ou Matr\u00edcula<span class='gfield_required'>*<\/span><\/label><div class='ginput_container ginput_container_text'><input name='input_2' id='input_1_2' type='text' value='' class='medium'     aria-required=\"true\" aria-invalid=\"false\" \/><\/div><\/li><li id='field_1_3'  class='gfield gfield_contains_required field_sublabel_below field_description_below gfield_visibility_visible' ><label class='gfield_label' for='input_1_3' >Tipo de v\u00ednculo<span class='gfield_required'>*<\/span><\/label><div class='ginput_container ginput_container_select'><select name='input_3' id='input_1_3' class='medium gfield_select'   aria-required=\"true\" aria-invalid=\"false\"><option value='Estudante' >Estudante<\/option><option value='Servidor docente' >Servidor docente<\/option><option value='Servidor t\u00e9cnico-administrativo' >Servidor t\u00e9cnico-administrativo<\/option><\/select><\/div><\/li><li id='field_1_4'  class='gfield gfield_contains_required field_sublabel_below field_description_below gfield_visibility_visible' ><label class='gfield_label' for='input_1_4' >E-mail do solicitante<span class='gfield_required'>*<\/span><\/label><div class='ginput_container ginput_container_email'>\n                            <input name='input_4' id='input_1_4' type='text' value='' class='medium'    aria-required=\"true\" aria-invalid=\"false\" \/>\n                        <\/div><\/li><li id='field_1_12'  class='gfield gfield_contains_required field_sublabel_below field_description_below gfield_visibility_visible' ><label class='gfield_label' for='input_1_12' >Telefone<span class='gfield_required'>*<\/span><\/label><div class='ginput_container ginput_container_phone'><input name='input_12' id='input_1_12' type='text' value='' class='medium'   aria-required=\"true\" aria-invalid=\"false\"  \/><\/div><\/li><li id='field_1_11'  class='gfield gfield_contains_required field_sublabel_below field_description_below gfield_visibility_visible' ><label class='gfield_label'  >Local solicitado<span class='gfield_required'>*<\/span><\/label><div class='ginput_container ginput_container_radio'><ul class='gfield_radio' id='input_1_11'><li class='gchoice_1_11_0'><input name='input_11' type='radio' value='Audit\u00f3rio Prof\u00ba Bruno Rodrigues de Almeida - Bloco Multim\u00eddia'  id='choice_1_11_0'    \/><label for='choice_1_11_0' id='label_1_11_0'>Audit\u00f3rio Prof\u00ba Bruno Rodrigues de Almeida - Bloco Multim\u00eddia<\/label><\/li><li class='gchoice_1_11_1'><input name='input_11' type='radio' value='Audit\u00f3rio Sala 108 - Bloco P\u00f3s-Gradua\u00e7\u00e3o'  id='choice_1_11_1'    \/><label for='choice_1_11_1' id='label_1_11_1'>Audit\u00f3rio Sala 108 - Bloco P\u00f3s-Gradua\u00e7\u00e3o<\/label><\/li><\/ul><\/div><\/li><li id='field_1_5'  class='gfield gfield_contains_required field_sublabel_below field_description_below gfield_visibility_visible' ><label class='gfield_label' for='input_1_5' >Finalidade da solicita\u00e7\u00e3o<span class='gfield_required'>*<\/span><\/label><div class='ginput_container ginput_container_textarea'><textarea name='input_5' id='input_1_5' class='textarea medium'  aria-describedby=\"gfield_description_1_5\"   aria-required=\"true\" aria-invalid=\"false\"   rows='10' cols='50'><\/textarea><\/div><div class='gfield_description' id='gfield_description_1_5'>Informe a finalidade para utiliza\u00e7\u00e3o do espa\u00e7o solicitado.<\/div><\/li><li id='field_1_7'  class='gfield gfield_contains_required field_sublabel_below field_description_below gfield_visibility_visible' ><label class='gfield_label' for='input_1_7' >P\u00fablico estimado<span class='gfield_required'>*<\/span><\/label><div class='ginput_container ginput_container_text'><input name='input_7' id='input_1_7' type='text' value='' class='medium'     aria-required=\"true\" aria-invalid=\"false\" \/><\/div><\/li><li id='field_1_6'  class='gfield gfield_contains_required field_sublabel_below field_description_below gfield_visibility_visible' ><label class='gfield_label' for='input_1_6' >Data do evento<span class='gfield_required'>*<\/span><\/label><div class='ginput_container ginput_container_date'>\n                            <input name='input_6' id='input_1_6' type='text' value='' class='datepicker medium dmy datepicker_with_icon'    aria-describedby='input_1_6_date_format' \/>\n                            <span id='input_1_6_date_format' class='screen-reader-text'>Formato de dataDD barra MM barra YYYY<\/span>\n                        <\/div>\n                        <input type='hidden' id='gforms_calendar_icon_input_1_6' class='gform_hidden' value='https:\/\/institucional.ufrrj.br\/campusnovaiguacu\/wp-content\/plugins\/gravityforms\/images\/calendar.png'\/><\/li><li id='field_1_8'  class='gfield gfield_contains_required field_sublabel_below field_description_below gfield_visibility_visible' ><label class='gfield_label' for='input_1_8' >Hor\u00e1rio de in\u00edcio<span class='gfield_required'>*<\/span><\/label><div class='ginput_container ginput_container_text'><input name='input_8' id='input_1_8' type='text' value='' class='medium'  aria-describedby=\"gfield_description_1_8\"   aria-required=\"true\" aria-invalid=\"false\" \/><\/div><div class='gfield_description' id='gfield_description_1_8'>Informe o hor\u00e1rio de in\u00edcio do evento<\/div><\/li><li id='field_1_9'  class='gfield gfield_contains_required field_sublabel_below field_description_below gfield_visibility_visible' ><label class='gfield_label' for='input_1_9' >Hor\u00e1rio de t\u00e9rmino<span class='gfield_required'>*<\/span><\/label><div class='ginput_container ginput_container_text'><input name='input_9' id='input_1_9' type='text' value='' class='medium'  aria-describedby=\"gfield_description_1_9\"   aria-required=\"true\" aria-invalid=\"false\" \/><\/div><div class='gfield_description' id='gfield_description_1_9'>Informe o hor\u00e1rio de t\u00e9rmino do evento<\/div><\/li><li id='field_1_10'  class='gfield gfield_contains_required field_sublabel_below field_description_below gfield_visibility_visible' ><label class='gfield_label'  >Termo de Responsabilidade<span class='gfield_required'>*<\/span><\/label><div class='ginput_container ginput_container_checkbox'><ul class='gfield_checkbox' id='input_1_10'><li class='gchoice_1_10_1'>\n\t\t\t\t\t\t\t\t<input name='input_10.1' type='checkbox'  value='Responsabilizo-me por zelar pelo espa\u00e7o f\u00edsico e pelos bens a serem utilizados, assim como devolv\u00ea-los nas mesmas condi\u00e7\u00f5es que me foram entregues.'  id='choice_1_10_1'   \/>\n\t\t\t\t\t\t\t\t<label for='choice_1_10_1' id='label_1_10_1'>Responsabilizo-me por zelar pelo espa\u00e7o f\u00edsico e pelos bens a serem utilizados, assim como devolv\u00ea-los nas mesmas condi\u00e7\u00f5es que me foram entregues.<\/label>\n\t\t\t\t\t\t\t<\/li><\/ul><\/div><\/li>\n                            <\/ul><\/div>\n        <div class='gform_footer top_label'> <input type='submit' id='gform_submit_button_1' class='gform_button button' value='Enviar'  onclick='if(window[\"gf_submitting_1\"]){return false;}  window[\"gf_submitting_1\"]=true;  ' onkeypress='if( event.keyCode == 13 ){ if(window[\"gf_submitting_1\"]){return false;} window[\"gf_submitting_1\"]=true;  jQuery(\"#gform_1\").trigger(\"submit\",[true]); }' \/> \n            <input type='hidden' class='gform_hidden' name='is_submit_1' value='1' \/>\n            <input type='hidden' class='gform_hidden' name='gform_submit' value='1' \/>\n            \n            <input type='hidden' class='gform_hidden' name='gform_unique_id' value='' \/>\n            <input type='hidden' class='gform_hidden' name='state_1' value='WyJbXSIsIjczYTU4ZTRjYmFlZGYzYTE1NzI1MWIxZjZjODYzNjFlIl0=' \/>\n            <input type='hidden' class='gform_hidden' name='gform_target_page_number_1' id='gform_target_page_number_1' value='0' \/>\n            <input type='hidden' class='gform_hidden' name='gform_source_page_number_1' id='gform_source_page_number_1' value='1' \/>\n            <input type='hidden' name='gform_field_values' value='' \/>\n            \n        <\/div>\n                        <\/form>\n                        <\/div><script type='text\/javascript'> jQuery(document).bind('gform_post_render', function(event, formId, currentPage){if(formId == 1) {} } );jQuery(document).bind('gform_post_conditional_logic', function(event, formId, fields, isInit){} );<\/script><script type='text\/javascript'> jQuery(document).ready(function(){jQuery(document).trigger('gform_post_render', [1, 1]) } ); <\/script>\n","protected":false},"excerpt":{"rendered":"","protected":false},"author":634,"featured_media":0,"parent":0,"menu_order":0,"comment_status":"closed","ping_status":"closed","template":"","meta":{"_acf_changed":false,"footnotes":""},"class_list":["post-1537","page","type-page","status-publish","hentry"],"yoast_head":"<!-- This site is optimized with the Yoast SEO plugin v27.2 - https:\/\/yoast.com\/product\/yoast-seo-wordpress\/ -->\n<title>AGENDAMENTO DE AUDIT\u00d3RIOS - Campus Nova Igua\u00e7u<\/title>\n<meta name=\"robots\" content=\"index, follow, max-snippet:-1, max-image-preview:large, max-video-preview:-1\" \/>\n<link rel=\"canonical\" href=\"https:\/\/institucional.ufrrj.br\/campusnovaiguacu\/agendamento-de-auditorios\/\" \/>\n<meta property=\"og:locale\" content=\"pt_BR\" \/>\n<meta property=\"og:type\" content=\"article\" \/>\n<meta property=\"og:title\" content=\"AGENDAMENTO DE AUDIT\u00d3RIOS - Campus Nova Igua\u00e7u\" \/>\n<meta property=\"og:url\" content=\"https:\/\/institucional.ufrrj.br\/campusnovaiguacu\/agendamento-de-auditorios\/\" \/>\n<meta property=\"og:site_name\" content=\"Campus Nova Igua\u00e7u\" \/>\n<meta property=\"article:modified_time\" content=\"2017-02-02T19:42:18+00:00\" \/>\n<meta name=\"twitter:card\" content=\"summary_large_image\" \/>\n<script type=\"application\/ld+json\" class=\"yoast-schema-graph\">{\"@context\":\"https:\/\/schema.org\",\"@graph\":[{\"@type\":\"WebPage\",\"@id\":\"https:\/\/institucional.ufrrj.br\/campusnovaiguacu\/agendamento-de-auditorios\/\",\"url\":\"https:\/\/institucional.ufrrj.br\/campusnovaiguacu\/agendamento-de-auditorios\/\",\"name\":\"AGENDAMENTO DE AUDIT\u00d3RIOS - Campus Nova Igua\u00e7u\",\"isPartOf\":{\"@id\":\"https:\/\/institucional.ufrrj.br\/campusnovaiguacu\/#website\"},\"datePublished\":\"2017-01-27T15:26:36+00:00\",\"dateModified\":\"2017-02-02T19:42:18+00:00\",\"breadcrumb\":{\"@id\":\"https:\/\/institucional.ufrrj.br\/campusnovaiguacu\/agendamento-de-auditorios\/#breadcrumb\"},\"inLanguage\":\"pt-BR\",\"potentialAction\":[{\"@type\":\"ReadAction\",\"target\":[\"https:\/\/institucional.ufrrj.br\/campusnovaiguacu\/agendamento-de-auditorios\/\"]}]},{\"@type\":\"BreadcrumbList\",\"@id\":\"https:\/\/institucional.ufrrj.br\/campusnovaiguacu\/agendamento-de-auditorios\/#breadcrumb\",\"itemListElement\":[{\"@type\":\"ListItem\",\"position\":1,\"name\":\"In\u00edcio\",\"item\":\"https:\/\/institucional.ufrrj.br\/campusnovaiguacu\/\"},{\"@type\":\"ListItem\",\"position\":2,\"name\":\"AGENDAMENTO DE AUDIT\u00d3RIOS\"}]},{\"@type\":\"WebSite\",\"@id\":\"https:\/\/institucional.ufrrj.br\/campusnovaiguacu\/#website\",\"url\":\"https:\/\/institucional.ufrrj.br\/campusnovaiguacu\/\",\"name\":\"Campus Nova Igua\u00e7u\",\"description\":\"Universidade Federal Rural do Rio de Janeiro\",\"potentialAction\":[{\"@type\":\"SearchAction\",\"target\":{\"@type\":\"EntryPoint\",\"urlTemplate\":\"https:\/\/institucional.ufrrj.br\/campusnovaiguacu\/?s={search_term_string}\"},\"query-input\":{\"@type\":\"PropertyValueSpecification\",\"valueRequired\":true,\"valueName\":\"search_term_string\"}}],\"inLanguage\":\"pt-BR\"}]}<\/script>\n<!-- \/ Yoast SEO plugin. -->","yoast_head_json":{"title":"AGENDAMENTO DE AUDIT\u00d3RIOS - Campus Nova Igua\u00e7u","robots":{"index":"index","follow":"follow","max-snippet":"max-snippet:-1","max-image-preview":"max-image-preview:large","max-video-preview":"max-video-preview:-1"},"canonical":"https:\/\/institucional.ufrrj.br\/campusnovaiguacu\/agendamento-de-auditorios\/","og_locale":"pt_BR","og_type":"article","og_title":"AGENDAMENTO DE AUDIT\u00d3RIOS - Campus Nova Igua\u00e7u","og_url":"https:\/\/institucional.ufrrj.br\/campusnovaiguacu\/agendamento-de-auditorios\/","og_site_name":"Campus Nova Igua\u00e7u","article_modified_time":"2017-02-02T19:42:18+00:00","twitter_card":"summary_large_image","schema":{"@context":"https:\/\/schema.org","@graph":[{"@type":"WebPage","@id":"https:\/\/institucional.ufrrj.br\/campusnovaiguacu\/agendamento-de-auditorios\/","url":"https:\/\/institucional.ufrrj.br\/campusnovaiguacu\/agendamento-de-auditorios\/","name":"AGENDAMENTO DE AUDIT\u00d3RIOS - Campus Nova Igua\u00e7u","isPartOf":{"@id":"https:\/\/institucional.ufrrj.br\/campusnovaiguacu\/#website"},"datePublished":"2017-01-27T15:26:36+00:00","dateModified":"2017-02-02T19:42:18+00:00","breadcrumb":{"@id":"https:\/\/institucional.ufrrj.br\/campusnovaiguacu\/agendamento-de-auditorios\/#breadcrumb"},"inLanguage":"pt-BR","potentialAction":[{"@type":"ReadAction","target":["https:\/\/institucional.ufrrj.br\/campusnovaiguacu\/agendamento-de-auditorios\/"]}]},{"@type":"BreadcrumbList","@id":"https:\/\/institucional.ufrrj.br\/campusnovaiguacu\/agendamento-de-auditorios\/#breadcrumb","itemListElement":[{"@type":"ListItem","position":1,"name":"In\u00edcio","item":"https:\/\/institucional.ufrrj.br\/campusnovaiguacu\/"},{"@type":"ListItem","position":2,"name":"AGENDAMENTO DE AUDIT\u00d3RIOS"}]},{"@type":"WebSite","@id":"https:\/\/institucional.ufrrj.br\/campusnovaiguacu\/#website","url":"https:\/\/institucional.ufrrj.br\/campusnovaiguacu\/","name":"Campus Nova Igua\u00e7u","description":"Universidade Federal Rural do Rio de Janeiro","potentialAction":[{"@type":"SearchAction","target":{"@type":"EntryPoint","urlTemplate":"https:\/\/institucional.ufrrj.br\/campusnovaiguacu\/?s={search_term_string}"},"query-input":{"@type":"PropertyValueSpecification","valueRequired":true,"valueName":"search_term_string"}}],"inLanguage":"pt-BR"}]}},"acf":[],"aioseo_notices":[],"_links":{"self":[{"href":"https:\/\/institucional.ufrrj.br\/campusnovaiguacu\/wp-json\/wp\/v2\/pages\/1537","targetHints":{"allow":["GET"]}}],"collection":[{"href":"https:\/\/institucional.ufrrj.br\/campusnovaiguacu\/wp-json\/wp\/v2\/pages"}],"about":[{"href":"https:\/\/institucional.ufrrj.br\/campusnovaiguacu\/wp-json\/wp\/v2\/types\/page"}],"author":[{"embeddable":true,"href":"https:\/\/institucional.ufrrj.br\/campusnovaiguacu\/wp-json\/wp\/v2\/users\/634"}],"replies":[{"embeddable":true,"href":"https:\/\/institucional.ufrrj.br\/campusnovaiguacu\/wp-json\/wp\/v2\/comments?post=1537"}],"version-history":[{"count":3,"href":"https:\/\/institucional.ufrrj.br\/campusnovaiguacu\/wp-json\/wp\/v2\/pages\/1537\/revisions"}],"predecessor-version":[{"id":1550,"href":"https:\/\/institucional.ufrrj.br\/campusnovaiguacu\/wp-json\/wp\/v2\/pages\/1537\/revisions\/1550"}],"wp:attachment":[{"href":"https:\/\/institucional.ufrrj.br\/campusnovaiguacu\/wp-json\/wp\/v2\/media?parent=1537"}],"curies":[{"name":"wp","href":"https:\/\/api.w.org\/{rel}","templated":true}]}}