{"id":1276,"date":"2016-04-14T15:20:22","date_gmt":"2016-04-14T15:20:22","guid":{"rendered":"http:\/\/institucional.ufrrj.br\/campusnovaiguacu\/?page_id=1276"},"modified":"2016-04-14T15:20:22","modified_gmt":"2016-04-14T15:20:22","slug":"acessibilidade","status":"publish","type":"page","link":"https:\/\/institucional.ufrrj.br\/campusnovaiguacu\/acessibilidade\/","title":{"rendered":"Acessibilidade"},"content":{"rendered":"<div class=\"titulo_page\">\n<h1>Acessibilidade<\/h1>\n<\/div>\n<div class=\"documentDescription description\"><strong>Este portal segue as diretrizes do e-MAG (Modelo de Acessibilidade em Governo Eletr\u00f4nico), conforme as normas do Governo Federal, em obedi\u00eancia ao Decreto 5.296, de 2.12.2004<\/strong><\/div>\n<div id=\"viewlet-above-content-body\"><\/div>\n<div id=\"content-core\">\n<div id=\"parent-fieldname-text\">\n<p class=\" \">O termo acessibilidade significa incluir a pessoa com defici\u00eancia na participa\u00e7\u00e3o de atividades como o uso de produtos, servi\u00e7os e informa\u00e7\u00f5es. Alguns exemplos s\u00e3o os pr\u00e9dios com rampas de acesso para cadeira de rodas e banheiros adaptados para deficientes.<\/p>\n<p>Na internet, acessibilidade refere-se principalmente \u00e0s recomenda\u00e7\u00f5es do WCAG (World Content Accessibility Guide) do W3C e no caso do Governo Brasileiro ao e-MAG (Modelo de Acessibilidade em Governo Eletr\u00f4nico). O e-MAG est\u00e1 alinhado as recomenda\u00e7\u00f5es internacionais, mas estabelece padr\u00f5es de comportamento acess\u00edvel para sites governamentais.<\/p>\n<p>Na parte superior do portal existe uma barra de acessibilidade onde se encontra atalhos de navega\u00e7\u00e3o padronizados e a op\u00e7\u00e3o para alterar o contraste. Essas ferramentas est\u00e3o dispon\u00edveis em todas as p\u00e1ginas do portal.<\/p>\n<p>Os atalhos padr\u00f5es do governo federal s\u00e3o:<\/p>\n<p>\u2013 Teclando-se Alt + 1 em qualquer p\u00e1gina do portal, chega-se diretamente ao come\u00e7o do conte\u00fado principal da p\u00e1gina.<\/p>\n<p>\u2013 Teclando-se Alt + 2 em qualquer p\u00e1gina do portal, chega-se diretamente ao in\u00edcio do menu principal.<\/p>\n<p>\u2013 Teclando-se Alt + 3 em qualquer p\u00e1gina do portal, chega-se diretamente em sua busca interna.<\/p>\n<p>\u2013 Teclando-se Alt + 4 em qualquer p\u00e1gina do portal, chega-se diretamente ao rodap\u00e9 do site.<\/p>\n<p>Esses atalhos valem para o navegador Chrome, mas existem algumas varia\u00e7\u00f5es para outros navegadores.<\/p>\n<p>Quem prefere utilizar o Internet Explorer \u00e9 preciso apertar o bot\u00e3o Enter do seu teclado ap\u00f3s uma das combina\u00e7\u00f5es acima. Portanto, para chegar ao campo de busca de interna \u00e9 preciso pressionar Alt+3 e depois Enter.<\/p>\n<p>No caso do Firefox, em vez de Alt + n\u00famero, tecle simultaneamente Alt + Shift + n\u00famero.<\/p>\n<p>Sendo Firefox no Mac OS, em vez de Alt + Shift + n\u00famero, tecle simultaneamente Ctrl + Alt + n\u00famero.<\/p>\n<p>No Opera, as teclas s\u00e3o Shift + Escape + n\u00famero. Ao teclar apenas Shift + Escape, o usu\u00e1rio encontrar\u00e1 uma janela com todas as alternativas de ACCESSKEY da p\u00e1gina.<\/p>\n<p>Ao final desse texto, voc\u00ea poder\u00e1 baixar alguns arquivos que explicam melhor o termo acessibilidade e como deve ser implementado nos sites da Internet.<\/p>\n<p>&nbsp;<\/p>\n<h2>Leis e decretos sobre acessibilidade:<\/h2>\n<p>\u2013 <a title=\"\" href=\"http:\/\/www.planalto.gov.br\/ccivil_03\/_Ato2004-2006\/2004\/Decreto\/D5296.htm\" target=\"_self\">Decreto n\u00ba 5.296 de 02 de dezembro de 2004\u00a0<\/a>(link externo)<\/p>\n<p>\u2013 <a title=\"\" href=\"http:\/\/www.planalto.gov.br\/ccivil_03\/_ato2007-2010\/2009\/decreto\/d6949.htm\" target=\"_self\">Decreto n\u00ba 6.949, de 25 de agosto de 2009<\/a> (link externo)\u00a0\u2013 Promulga a Conven\u00e7\u00e3o Internacional sobre os Direitos das Pessoas com Defici\u00eancia e seu Protocolo Facultativo, assinados em Nova York, em 30 de mar\u00e7o de 2007<\/p>\n<p>\u2013 <a title=\"\" href=\"http:\/\/www.planalto.gov.br\/ccivil_03\/_ato2011-2014\/2012\/Decreto\/D7724.htm\" target=\"_self\">Decreto n\u00ba 7.724, de 16 de Maio de 2012<\/a>\u00a0(link externo) \u2013 Regulamenta a Lei No 12.527, que disp\u00f5e sobre o acesso a informa\u00e7\u00f5es.<\/p>\n<p>\u2013 <a title=\"\" href=\"http:\/\/www.governoeletronico.gov.br\/acoes-e-projetos\/e-MAG\" target=\"_self\">Modelo de Acessibilidade de Governo Eletr\u00f4nico<\/a>\u00a0(link externo)<\/p>\n<p>\u2013 <a title=\"\" href=\"http:\/\/www.governoeletronico.gov.br\/biblioteca\/arquivos\/portaria-no-03-de-07-05-2007\" target=\"_self\">Portaria n\u00ba 03, de 07 de Maio de 2007 \u2013 formato .pdf (35,5Kb)<\/a>\u00a0(link externo) \u2013 Institucionaliza o Modelo de Acessibilidade em Governo Eletr\u00f4nico \u2013 e-MAG<\/p>\n<p>&nbsp;<\/p>\n<h2>D\u00favidas, sugest\u00f5es e cr\u00edticas:<\/h2>\n<p>No caso de problemas com a acessibilidade do portal, favor acessar a\u00a0<a title=\"Fale Conosco\" href=\"http:\/\/institucional.ufrrj.br\/pnr\/fale-conosco\/\">P\u00e1gina de contato<\/a>.<\/p>\n<p>&nbsp;<\/p>\n<h2>Dicas, links e recursos \u00fateis:<\/h2>\n<p>\u2013 <a title=\"\" href=\"http:\/\/acessibilidadelegal.com\/\" target=\"_self\">Acessibilidade Legal<\/a>\u00a0(link externo)<\/p>\n<p>\u2013 <a title=\"\" href=\"http:\/\/acessodigital.net\/links.html\" target=\"_self\">Acesso Digital<\/a>\u00a0(link externo)<\/p>\n<\/div>\n<\/div>\n","protected":false},"excerpt":{"rendered":"<p>Acessibilidade Este portal segue as diretrizes do e-MAG (Modelo de Acessibilidade em Governo Eletr\u00f4nico), conforme as normas do Governo Federal, <a class=\"read-more\" href=\"https:\/\/institucional.ufrrj.br\/campusnovaiguacu\/acessibilidade\/ \">&#8230; <i class=\"fa fa-long-arrow-right\"><\/i><\/a><\/p>\n","protected":false},"author":1,"featured_media":0,"parent":0,"menu_order":0,"comment_status":"closed","ping_status":"closed","template":"","meta":{"_acf_changed":false,"footnotes":""},"class_list":["post-1276","page","type-page","status-publish","hentry"],"yoast_head":"<!-- This site is optimized with the Yoast SEO plugin v27.2 - https:\/\/yoast.com\/product\/yoast-seo-wordpress\/ -->\n<title>Acessibilidade - Campus Nova Igua\u00e7u<\/title>\n<meta name=\"robots\" content=\"index, follow, max-snippet:-1, max-image-preview:large, max-video-preview:-1\" \/>\n<link rel=\"canonical\" href=\"https:\/\/institucional.ufrrj.br\/campusnovaiguacu\/acessibilidade\/\" \/>\n<meta property=\"og:locale\" content=\"pt_BR\" \/>\n<meta property=\"og:type\" content=\"article\" \/>\n<meta property=\"og:title\" content=\"Acessibilidade - Campus Nova Igua\u00e7u\" \/>\n<meta property=\"og:description\" content=\"Acessibilidade Este portal segue as diretrizes do e-MAG (Modelo de Acessibilidade em Governo Eletr\u00f4nico), conforme as normas do Governo Federal, ...\" \/>\n<meta property=\"og:url\" content=\"https:\/\/institucional.ufrrj.br\/campusnovaiguacu\/acessibilidade\/\" \/>\n<meta property=\"og:site_name\" content=\"Campus Nova Igua\u00e7u\" \/>\n<meta name=\"twitter:card\" content=\"summary_large_image\" \/>\n<meta name=\"twitter:label1\" content=\"Est. tempo de leitura\" \/>\n\t<meta name=\"twitter:data1\" content=\"3 minutos\" \/>\n<script type=\"application\/ld+json\" class=\"yoast-schema-graph\">{\"@context\":\"https:\/\/schema.org\",\"@graph\":[{\"@type\":\"WebPage\",\"@id\":\"https:\/\/institucional.ufrrj.br\/campusnovaiguacu\/acessibilidade\/\",\"url\":\"https:\/\/institucional.ufrrj.br\/campusnovaiguacu\/acessibilidade\/\",\"name\":\"Acessibilidade - Campus Nova Igua\u00e7u\",\"isPartOf\":{\"@id\":\"https:\/\/institucional.ufrrj.br\/campusnovaiguacu\/#website\"},\"datePublished\":\"2016-04-14T15:20:22+00:00\",\"breadcrumb\":{\"@id\":\"https:\/\/institucional.ufrrj.br\/campusnovaiguacu\/acessibilidade\/#breadcrumb\"},\"inLanguage\":\"pt-BR\",\"potentialAction\":[{\"@type\":\"ReadAction\",\"target\":[\"https:\/\/institucional.ufrrj.br\/campusnovaiguacu\/acessibilidade\/\"]}]},{\"@type\":\"BreadcrumbList\",\"@id\":\"https:\/\/institucional.ufrrj.br\/campusnovaiguacu\/acessibilidade\/#breadcrumb\",\"itemListElement\":[{\"@type\":\"ListItem\",\"position\":1,\"name\":\"In\u00edcio\",\"item\":\"https:\/\/institucional.ufrrj.br\/campusnovaiguacu\/\"},{\"@type\":\"ListItem\",\"position\":2,\"name\":\"Acessibilidade\"}]},{\"@type\":\"WebSite\",\"@id\":\"https:\/\/institucional.ufrrj.br\/campusnovaiguacu\/#website\",\"url\":\"https:\/\/institucional.ufrrj.br\/campusnovaiguacu\/\",\"name\":\"Campus Nova Igua\u00e7u\",\"description\":\"Universidade Federal Rural do Rio de Janeiro\",\"potentialAction\":[{\"@type\":\"SearchAction\",\"target\":{\"@type\":\"EntryPoint\",\"urlTemplate\":\"https:\/\/institucional.ufrrj.br\/campusnovaiguacu\/?s={search_term_string}\"},\"query-input\":{\"@type\":\"PropertyValueSpecification\",\"valueRequired\":true,\"valueName\":\"search_term_string\"}}],\"inLanguage\":\"pt-BR\"}]}<\/script>\n<!-- \/ Yoast SEO plugin. -->","yoast_head_json":{"title":"Acessibilidade - Campus Nova Igua\u00e7u","robots":{"index":"index","follow":"follow","max-snippet":"max-snippet:-1","max-image-preview":"max-image-preview:large","max-video-preview":"max-video-preview:-1"},"canonical":"https:\/\/institucional.ufrrj.br\/campusnovaiguacu\/acessibilidade\/","og_locale":"pt_BR","og_type":"article","og_title":"Acessibilidade - Campus Nova Igua\u00e7u","og_description":"Acessibilidade Este portal segue as diretrizes do e-MAG (Modelo de Acessibilidade em Governo Eletr\u00f4nico), conforme as normas do Governo Federal, ...","og_url":"https:\/\/institucional.ufrrj.br\/campusnovaiguacu\/acessibilidade\/","og_site_name":"Campus Nova Igua\u00e7u","twitter_card":"summary_large_image","twitter_misc":{"Est. tempo de leitura":"3 minutos"},"schema":{"@context":"https:\/\/schema.org","@graph":[{"@type":"WebPage","@id":"https:\/\/institucional.ufrrj.br\/campusnovaiguacu\/acessibilidade\/","url":"https:\/\/institucional.ufrrj.br\/campusnovaiguacu\/acessibilidade\/","name":"Acessibilidade - Campus Nova Igua\u00e7u","isPartOf":{"@id":"https:\/\/institucional.ufrrj.br\/campusnovaiguacu\/#website"},"datePublished":"2016-04-14T15:20:22+00:00","breadcrumb":{"@id":"https:\/\/institucional.ufrrj.br\/campusnovaiguacu\/acessibilidade\/#breadcrumb"},"inLanguage":"pt-BR","potentialAction":[{"@type":"ReadAction","target":["https:\/\/institucional.ufrrj.br\/campusnovaiguacu\/acessibilidade\/"]}]},{"@type":"BreadcrumbList","@id":"https:\/\/institucional.ufrrj.br\/campusnovaiguacu\/acessibilidade\/#breadcrumb","itemListElement":[{"@type":"ListItem","position":1,"name":"In\u00edcio","item":"https:\/\/institucional.ufrrj.br\/campusnovaiguacu\/"},{"@type":"ListItem","position":2,"name":"Acessibilidade"}]},{"@type":"WebSite","@id":"https:\/\/institucional.ufrrj.br\/campusnovaiguacu\/#website","url":"https:\/\/institucional.ufrrj.br\/campusnovaiguacu\/","name":"Campus Nova Igua\u00e7u","description":"Universidade Federal Rural do Rio de Janeiro","potentialAction":[{"@type":"SearchAction","target":{"@type":"EntryPoint","urlTemplate":"https:\/\/institucional.ufrrj.br\/campusnovaiguacu\/?s={search_term_string}"},"query-input":{"@type":"PropertyValueSpecification","valueRequired":true,"valueName":"search_term_string"}}],"inLanguage":"pt-BR"}]}},"acf":[],"aioseo_notices":[],"_links":{"self":[{"href":"https:\/\/institucional.ufrrj.br\/campusnovaiguacu\/wp-json\/wp\/v2\/pages\/1276","targetHints":{"allow":["GET"]}}],"collection":[{"href":"https:\/\/institucional.ufrrj.br\/campusnovaiguacu\/wp-json\/wp\/v2\/pages"}],"about":[{"href":"https:\/\/institucional.ufrrj.br\/campusnovaiguacu\/wp-json\/wp\/v2\/types\/page"}],"author":[{"embeddable":true,"href":"https:\/\/institucional.ufrrj.br\/campusnovaiguacu\/wp-json\/wp\/v2\/users\/1"}],"replies":[{"embeddable":true,"href":"https:\/\/institucional.ufrrj.br\/campusnovaiguacu\/wp-json\/wp\/v2\/comments?post=1276"}],"version-history":[{"count":1,"href":"https:\/\/institucional.ufrrj.br\/campusnovaiguacu\/wp-json\/wp\/v2\/pages\/1276\/revisions"}],"predecessor-version":[{"id":1277,"href":"https:\/\/institucional.ufrrj.br\/campusnovaiguacu\/wp-json\/wp\/v2\/pages\/1276\/revisions\/1277"}],"wp:attachment":[{"href":"https:\/\/institucional.ufrrj.br\/campusnovaiguacu\/wp-json\/wp\/v2\/media?parent=1276"}],"curies":[{"name":"wp","href":"https:\/\/api.w.org\/{rel}","templated":true}]}}