{"id":12,"date":"2015-10-08T13:57:31","date_gmt":"2015-10-08T13:57:31","guid":{"rendered":"http:\/\/institucional.ufrrj.br\/campusnovaiguacu\/?page_id=12"},"modified":"2018-06-04T16:39:15","modified_gmt":"2018-06-04T16:39:15","slug":"speas","status":"publish","type":"page","link":"https:\/\/institucional.ufrrj.br\/campusnovaiguacu\/speas\/","title":{"rendered":"SEP"},"content":{"rendered":"<p class=\"western\" align=\"JUSTIFY\">\u00a0<span style=\"font-family: Arial,sans-serif\"><span style=\"font-size: large\"><b>Setor de Protocolo do Campus<\/b><\/span><\/span><\/p>\n<p align=\"JUSTIFY\"><span style=\"color: #000000\"><span style=\"font-family: Arial,sans-serif\"><span style=\"font-size: medium\">O Setor de Protocolo do <em>Campus<\/em> Nova Igua\u00e7u tem por atribui\u00e7\u00e3o primordial o gerenciamento dos servi\u00e7os de protocolo demandados pela comunidade acad\u00eamica da UFRRJ, incluindo, entre algumas de suas fun\u00e7\u00f5es, os procedimentos relacionados ao recebimento, registro, triagem, controle, distribui\u00e7\u00e3o e arquivamento de documentos e processos sob sua responsabilidade.<\/span><\/span><\/span><\/p>\n<p align=\"JUSTIFY\">\n<p align=\"JUSTIFY\"><span style=\"color: #000000;font-family: Arial, sans-serif;font-size: medium\">Coordenador: Ramon dos Santos de Souza<\/span><\/p>\n<p align=\"JUSTIFY\"><span style=\"color: #000000;font-family: Arial, sans-serif;font-size: medium\">Telefone 3812 9541<\/span><\/p>\n<p><span style=\"color: #000000;font-family: Arial, sans-serif;font-size: medium\">Ramal 9541<\/span><\/p>\n","protected":false},"excerpt":{"rendered":"<p>\u00a0Setor de Protocolo do Campus O Setor de Protocolo do Campus Nova Igua\u00e7u tem por atribui\u00e7\u00e3o primordial o gerenciamento dos <a class=\"read-more\" href=\"https:\/\/institucional.ufrrj.br\/campusnovaiguacu\/speas\/ \">&#8230; <i class=\"fa fa-long-arrow-right\"><\/i><\/a><\/p>\n","protected":false},"author":634,"featured_media":0,"parent":0,"menu_order":0,"comment_status":"closed","ping_status":"closed","template":"","meta":{"_acf_changed":false,"footnotes":""},"class_list":["post-12","page","type-page","status-publish","hentry"],"yoast_head":"<!-- This site is optimized with the Yoast SEO plugin v27.2 - https:\/\/yoast.com\/product\/yoast-seo-wordpress\/ -->\n<title>SEP - Campus Nova Igua\u00e7u<\/title>\n<meta name=\"robots\" content=\"index, follow, max-snippet:-1, max-image-preview:large, max-video-preview:-1\" \/>\n<link rel=\"canonical\" href=\"https:\/\/institucional.ufrrj.br\/campusnovaiguacu\/speas\/\" \/>\n<meta property=\"og:locale\" content=\"pt_BR\" \/>\n<meta property=\"og:type\" content=\"article\" \/>\n<meta property=\"og:title\" content=\"SEP - Campus Nova Igua\u00e7u\" \/>\n<meta property=\"og:description\" content=\"\u00a0Setor de Protocolo do Campus O Setor de Protocolo do Campus Nova Igua\u00e7u tem por atribui\u00e7\u00e3o primordial o gerenciamento dos ...\" \/>\n<meta property=\"og:url\" content=\"https:\/\/institucional.ufrrj.br\/campusnovaiguacu\/speas\/\" \/>\n<meta property=\"og:site_name\" content=\"Campus Nova Igua\u00e7u\" \/>\n<meta property=\"article:modified_time\" content=\"2018-06-04T16:39:15+00:00\" \/>\n<meta name=\"twitter:card\" content=\"summary_large_image\" \/>\n<script type=\"application\/ld+json\" class=\"yoast-schema-graph\">{\"@context\":\"https:\/\/schema.org\",\"@graph\":[{\"@type\":\"WebPage\",\"@id\":\"https:\/\/institucional.ufrrj.br\/campusnovaiguacu\/speas\/\",\"url\":\"https:\/\/institucional.ufrrj.br\/campusnovaiguacu\/speas\/\",\"name\":\"SEP - Campus Nova Igua\u00e7u\",\"isPartOf\":{\"@id\":\"https:\/\/institucional.ufrrj.br\/campusnovaiguacu\/#website\"},\"datePublished\":\"2015-10-08T13:57:31+00:00\",\"dateModified\":\"2018-06-04T16:39:15+00:00\",\"breadcrumb\":{\"@id\":\"https:\/\/institucional.ufrrj.br\/campusnovaiguacu\/speas\/#breadcrumb\"},\"inLanguage\":\"pt-BR\",\"potentialAction\":[{\"@type\":\"ReadAction\",\"target\":[\"https:\/\/institucional.ufrrj.br\/campusnovaiguacu\/speas\/\"]}]},{\"@type\":\"BreadcrumbList\",\"@id\":\"https:\/\/institucional.ufrrj.br\/campusnovaiguacu\/speas\/#breadcrumb\",\"itemListElement\":[{\"@type\":\"ListItem\",\"position\":1,\"name\":\"In\u00edcio\",\"item\":\"https:\/\/institucional.ufrrj.br\/campusnovaiguacu\/\"},{\"@type\":\"ListItem\",\"position\":2,\"name\":\"SEP\"}]},{\"@type\":\"WebSite\",\"@id\":\"https:\/\/institucional.ufrrj.br\/campusnovaiguacu\/#website\",\"url\":\"https:\/\/institucional.ufrrj.br\/campusnovaiguacu\/\",\"name\":\"Campus Nova Igua\u00e7u\",\"description\":\"Universidade Federal Rural do Rio de Janeiro\",\"potentialAction\":[{\"@type\":\"SearchAction\",\"target\":{\"@type\":\"EntryPoint\",\"urlTemplate\":\"https:\/\/institucional.ufrrj.br\/campusnovaiguacu\/?s={search_term_string}\"},\"query-input\":{\"@type\":\"PropertyValueSpecification\",\"valueRequired\":true,\"valueName\":\"search_term_string\"}}],\"inLanguage\":\"pt-BR\"}]}<\/script>\n<!-- \/ Yoast SEO plugin. -->","yoast_head_json":{"title":"SEP - Campus Nova Igua\u00e7u","robots":{"index":"index","follow":"follow","max-snippet":"max-snippet:-1","max-image-preview":"max-image-preview:large","max-video-preview":"max-video-preview:-1"},"canonical":"https:\/\/institucional.ufrrj.br\/campusnovaiguacu\/speas\/","og_locale":"pt_BR","og_type":"article","og_title":"SEP - Campus Nova Igua\u00e7u","og_description":"\u00a0Setor de Protocolo do Campus O Setor de Protocolo do Campus Nova Igua\u00e7u tem por atribui\u00e7\u00e3o primordial o gerenciamento dos ...","og_url":"https:\/\/institucional.ufrrj.br\/campusnovaiguacu\/speas\/","og_site_name":"Campus Nova Igua\u00e7u","article_modified_time":"2018-06-04T16:39:15+00:00","twitter_card":"summary_large_image","schema":{"@context":"https:\/\/schema.org","@graph":[{"@type":"WebPage","@id":"https:\/\/institucional.ufrrj.br\/campusnovaiguacu\/speas\/","url":"https:\/\/institucional.ufrrj.br\/campusnovaiguacu\/speas\/","name":"SEP - Campus Nova Igua\u00e7u","isPartOf":{"@id":"https:\/\/institucional.ufrrj.br\/campusnovaiguacu\/#website"},"datePublished":"2015-10-08T13:57:31+00:00","dateModified":"2018-06-04T16:39:15+00:00","breadcrumb":{"@id":"https:\/\/institucional.ufrrj.br\/campusnovaiguacu\/speas\/#breadcrumb"},"inLanguage":"pt-BR","potentialAction":[{"@type":"ReadAction","target":["https:\/\/institucional.ufrrj.br\/campusnovaiguacu\/speas\/"]}]},{"@type":"BreadcrumbList","@id":"https:\/\/institucional.ufrrj.br\/campusnovaiguacu\/speas\/#breadcrumb","itemListElement":[{"@type":"ListItem","position":1,"name":"In\u00edcio","item":"https:\/\/institucional.ufrrj.br\/campusnovaiguacu\/"},{"@type":"ListItem","position":2,"name":"SEP"}]},{"@type":"WebSite","@id":"https:\/\/institucional.ufrrj.br\/campusnovaiguacu\/#website","url":"https:\/\/institucional.ufrrj.br\/campusnovaiguacu\/","name":"Campus Nova Igua\u00e7u","description":"Universidade Federal Rural do Rio de Janeiro","potentialAction":[{"@type":"SearchAction","target":{"@type":"EntryPoint","urlTemplate":"https:\/\/institucional.ufrrj.br\/campusnovaiguacu\/?s={search_term_string}"},"query-input":{"@type":"PropertyValueSpecification","valueRequired":true,"valueName":"search_term_string"}}],"inLanguage":"pt-BR"}]}},"acf":[],"aioseo_notices":[],"_links":{"self":[{"href":"https:\/\/institucional.ufrrj.br\/campusnovaiguacu\/wp-json\/wp\/v2\/pages\/12","targetHints":{"allow":["GET"]}}],"collection":[{"href":"https:\/\/institucional.ufrrj.br\/campusnovaiguacu\/wp-json\/wp\/v2\/pages"}],"about":[{"href":"https:\/\/institucional.ufrrj.br\/campusnovaiguacu\/wp-json\/wp\/v2\/types\/page"}],"author":[{"embeddable":true,"href":"https:\/\/institucional.ufrrj.br\/campusnovaiguacu\/wp-json\/wp\/v2\/users\/634"}],"replies":[{"embeddable":true,"href":"https:\/\/institucional.ufrrj.br\/campusnovaiguacu\/wp-json\/wp\/v2\/comments?post=12"}],"version-history":[{"count":14,"href":"https:\/\/institucional.ufrrj.br\/campusnovaiguacu\/wp-json\/wp\/v2\/pages\/12\/revisions"}],"predecessor-version":[{"id":1672,"href":"https:\/\/institucional.ufrrj.br\/campusnovaiguacu\/wp-json\/wp\/v2\/pages\/12\/revisions\/1672"}],"wp:attachment":[{"href":"https:\/\/institucional.ufrrj.br\/campusnovaiguacu\/wp-json\/wp\/v2\/media?parent=12"}],"curies":[{"name":"wp","href":"https:\/\/api.w.org\/{rel}","templated":true}]}}