{"id":5,"date":"2021-07-07T09:16:51","date_gmt":"2021-07-07T12:16:51","guid":{"rendered":"http:\/\/institucional.ufrrj.br\/bovinocultura\/?page_id=5"},"modified":"2021-07-10T12:06:10","modified_gmt":"2021-07-10T15:06:10","slug":"sobre","status":"publish","type":"page","link":"https:\/\/institucional.ufrrj.br\/bovinocultura\/sobre\/","title":{"rendered":"Sobre"},"content":{"rendered":"<p><strong>LOCALIZA\u00c7\u00c3O<\/strong><\/p>\n<p>O Setor de Bovinocultura de Leite da Universidade Federal Rural do Rio de Janeiro (UFRRJ), \u00e9 uma das unidades de produ\u00e7\u00e3o da\u00a0 Coordenadoria de Produ\u00e7\u00e3o Integrada ao Ensino, Pesquisa e Extens\u00e3o (CPIEPE). Fica localizado na UAS dentro do campus da UFRRJ.<\/p>\n<p><strong>EQUIPE<\/strong><\/p>\n<p>O setor \u00e9 composto pelo Coordenador da CPIEPE, o servidor e Msc em Zootecnia, Everton da Silva Mattos, por um respons\u00e1vel local, a servidora e Zootecnista, Suellen Sobrinho Fran\u00e7a Mattos e mais cinco auxiliares de campo.<\/p>\n<p>Conta ainda com uma c\u00e2mara t\u00e9cnica.<\/p>\n<p>Constituem o corpo t\u00e9cnico da C\u00e2mara de Bovinocultura de leite:<\/p>\n<p>Andr\u00e9 Moraes Moura &#8211; Professor da \u00e1rea de Bovinocultura de Leite e Presidente atual da C\u00e2mara<\/p>\n<p>Rondineli Pavezzi Barbero &#8211; Professor da \u00e1rea de Bovinocultura de Corte<\/p>\n<p>Marco Roberto Bourg de Mello &#8211; Professor da \u00e1rea de Reprodu\u00e7\u00e3o Animal<\/p>\n<p>Carlos Augusto brand\u00e3o de Carvalho &#8211; Professor da \u00e1rea de Pastagens<\/p>\n<p>Bruno Gon\u00e7alves de Souza &#8211; M\u00e9dico Veterin\u00e1rio da CPIEPE,<\/p>\n<p>Everton da Silva Mattos &#8211; Coordenador da CPIEPE<\/p>\n<p>Suellen Sobrinho Fran\u00e7a Mattos &#8211; Respons\u00e1vel local.<\/p>\n<p><strong>INSTALA\u00c7\u00d5ES<\/strong><\/p>\n<p>Contamos com uma sala de ordenha contendo uma ordenhadeira espinha de peixe 4&#215;4 linha alta. Um bezerreiro com baias individuais na \u00e1rea externa, com capacidade para 30 bezerreiros em aleitamento. Um galp\u00e3o fechado com baias individuais, com capacidade para 8 bezerros rec\u00e9m nascidos. Um tronco de conten\u00e7\u00e3o individual para manejos comuns. Al\u00e9m de 28ha disponibilizados para pastejo dos animais.<\/p>\n<p>&nbsp;<\/p>\n<p><strong>ENSINO<\/strong><\/p>\n<p>Atualmente o setor atende as aulas te\u00f3ricas e pr\u00e1ticas dos cursos de gradua\u00e7\u00e3o de Zootecnia, Medicina Veterin\u00e1ria e Engenharia de Alimentos da UFRRJ. Tamb\u00e9m s\u00e3o realizados trabalhos de p\u00f3s-gradua\u00e7\u00e3o. Ainda, recebe estagi\u00e1rios para o exerc\u00edcio dos est\u00e1gios curriculares de cada curso, assim como os est\u00e1gios de apoio t\u00e9cnico e viv\u00eancia acad\u00eamica exercida pelos alunos.<\/p>\n","protected":false},"excerpt":{"rendered":"<p>LOCALIZA\u00c7\u00c3O O Setor de Bovinocultura de Leite da Universidade Federal Rural do Rio de Janeiro (UFRRJ), \u00e9 uma das unidades <a class=\"read-more\" href=\"https:\/\/institucional.ufrrj.br\/bovinocultura\/sobre\/ \" >&#8230; <span class=\"font-italic\">leia mais <i class=\"fas fa-angle-right\"><\/i><\/span><\/a><\/p>\n","protected":false},"author":634,"featured_media":0,"parent":0,"menu_order":0,"comment_status":"closed","ping_status":"closed","template":"","meta":{"_acf_changed":false,"footnotes":""},"class_list":["post-5","page","type-page","status-publish","hentry"],"yoast_head":"<!-- This site is optimized with the Yoast SEO plugin v27.2 - https:\/\/yoast.com\/product\/yoast-seo-wordpress\/ -->\n<title>Sobre - Bovinocultura<\/title>\n<meta name=\"robots\" content=\"index, follow, max-snippet:-1, max-image-preview:large, max-video-preview:-1\" \/>\n<link rel=\"canonical\" href=\"https:\/\/institucional.ufrrj.br\/bovinocultura\/sobre\/\" \/>\n<meta property=\"og:locale\" content=\"pt_BR\" \/>\n<meta property=\"og:type\" content=\"article\" \/>\n<meta property=\"og:title\" content=\"Sobre - Bovinocultura\" \/>\n<meta property=\"og:description\" content=\"LOCALIZA\u00c7\u00c3O O Setor de Bovinocultura de Leite da Universidade Federal Rural do Rio de Janeiro (UFRRJ), \u00e9 uma das unidades ... leia mais\" \/>\n<meta property=\"og:url\" content=\"https:\/\/institucional.ufrrj.br\/bovinocultura\/sobre\/\" \/>\n<meta property=\"og:site_name\" content=\"Bovinocultura\" \/>\n<meta property=\"article:modified_time\" content=\"2021-07-10T15:06:10+00:00\" \/>\n<meta name=\"twitter:card\" content=\"summary_large_image\" \/>\n<meta name=\"twitter:label1\" content=\"Est. tempo de leitura\" \/>\n\t<meta name=\"twitter:data1\" content=\"2 minutos\" \/>\n<script type=\"application\/ld+json\" class=\"yoast-schema-graph\">{\"@context\":\"https:\/\/schema.org\",\"@graph\":[{\"@type\":\"WebPage\",\"@id\":\"https:\/\/institucional.ufrrj.br\/bovinocultura\/sobre\/\",\"url\":\"https:\/\/institucional.ufrrj.br\/bovinocultura\/sobre\/\",\"name\":\"Sobre - Bovinocultura\",\"isPartOf\":{\"@id\":\"https:\/\/institucional.ufrrj.br\/bovinocultura\/#website\"},\"datePublished\":\"2021-07-07T12:16:51+00:00\",\"dateModified\":\"2021-07-10T15:06:10+00:00\",\"breadcrumb\":{\"@id\":\"https:\/\/institucional.ufrrj.br\/bovinocultura\/sobre\/#breadcrumb\"},\"inLanguage\":\"pt-BR\",\"potentialAction\":[{\"@type\":\"ReadAction\",\"target\":[\"https:\/\/institucional.ufrrj.br\/bovinocultura\/sobre\/\"]}]},{\"@type\":\"BreadcrumbList\",\"@id\":\"https:\/\/institucional.ufrrj.br\/bovinocultura\/sobre\/#breadcrumb\",\"itemListElement\":[{\"@type\":\"ListItem\",\"position\":1,\"name\":\"In\u00edcio\",\"item\":\"https:\/\/institucional.ufrrj.br\/bovinocultura\/\"},{\"@type\":\"ListItem\",\"position\":2,\"name\":\"Sobre\"}]},{\"@type\":\"WebSite\",\"@id\":\"https:\/\/institucional.ufrrj.br\/bovinocultura\/#website\",\"url\":\"https:\/\/institucional.ufrrj.br\/bovinocultura\/\",\"name\":\"Bovinocultura\",\"description\":\"Setor de Bovinocultura da UFRRJ\",\"potentialAction\":[{\"@type\":\"SearchAction\",\"target\":{\"@type\":\"EntryPoint\",\"urlTemplate\":\"https:\/\/institucional.ufrrj.br\/bovinocultura\/?s={search_term_string}\"},\"query-input\":{\"@type\":\"PropertyValueSpecification\",\"valueRequired\":true,\"valueName\":\"search_term_string\"}}],\"inLanguage\":\"pt-BR\"}]}<\/script>\n<!-- \/ Yoast SEO plugin. -->","yoast_head_json":{"title":"Sobre - Bovinocultura","robots":{"index":"index","follow":"follow","max-snippet":"max-snippet:-1","max-image-preview":"max-image-preview:large","max-video-preview":"max-video-preview:-1"},"canonical":"https:\/\/institucional.ufrrj.br\/bovinocultura\/sobre\/","og_locale":"pt_BR","og_type":"article","og_title":"Sobre - Bovinocultura","og_description":"LOCALIZA\u00c7\u00c3O O Setor de Bovinocultura de Leite da Universidade Federal Rural do Rio de Janeiro (UFRRJ), \u00e9 uma das unidades ... leia mais","og_url":"https:\/\/institucional.ufrrj.br\/bovinocultura\/sobre\/","og_site_name":"Bovinocultura","article_modified_time":"2021-07-10T15:06:10+00:00","twitter_card":"summary_large_image","twitter_misc":{"Est. tempo de leitura":"2 minutos"},"schema":{"@context":"https:\/\/schema.org","@graph":[{"@type":"WebPage","@id":"https:\/\/institucional.ufrrj.br\/bovinocultura\/sobre\/","url":"https:\/\/institucional.ufrrj.br\/bovinocultura\/sobre\/","name":"Sobre - Bovinocultura","isPartOf":{"@id":"https:\/\/institucional.ufrrj.br\/bovinocultura\/#website"},"datePublished":"2021-07-07T12:16:51+00:00","dateModified":"2021-07-10T15:06:10+00:00","breadcrumb":{"@id":"https:\/\/institucional.ufrrj.br\/bovinocultura\/sobre\/#breadcrumb"},"inLanguage":"pt-BR","potentialAction":[{"@type":"ReadAction","target":["https:\/\/institucional.ufrrj.br\/bovinocultura\/sobre\/"]}]},{"@type":"BreadcrumbList","@id":"https:\/\/institucional.ufrrj.br\/bovinocultura\/sobre\/#breadcrumb","itemListElement":[{"@type":"ListItem","position":1,"name":"In\u00edcio","item":"https:\/\/institucional.ufrrj.br\/bovinocultura\/"},{"@type":"ListItem","position":2,"name":"Sobre"}]},{"@type":"WebSite","@id":"https:\/\/institucional.ufrrj.br\/bovinocultura\/#website","url":"https:\/\/institucional.ufrrj.br\/bovinocultura\/","name":"Bovinocultura","description":"Setor de Bovinocultura da UFRRJ","potentialAction":[{"@type":"SearchAction","target":{"@type":"EntryPoint","urlTemplate":"https:\/\/institucional.ufrrj.br\/bovinocultura\/?s={search_term_string}"},"query-input":{"@type":"PropertyValueSpecification","valueRequired":true,"valueName":"search_term_string"}}],"inLanguage":"pt-BR"}]}},"acf":[],"_links":{"self":[{"href":"https:\/\/institucional.ufrrj.br\/bovinocultura\/wp-json\/wp\/v2\/pages\/5","targetHints":{"allow":["GET"]}}],"collection":[{"href":"https:\/\/institucional.ufrrj.br\/bovinocultura\/wp-json\/wp\/v2\/pages"}],"about":[{"href":"https:\/\/institucional.ufrrj.br\/bovinocultura\/wp-json\/wp\/v2\/types\/page"}],"author":[{"embeddable":true,"href":"https:\/\/institucional.ufrrj.br\/bovinocultura\/wp-json\/wp\/v2\/users\/634"}],"replies":[{"embeddable":true,"href":"https:\/\/institucional.ufrrj.br\/bovinocultura\/wp-json\/wp\/v2\/comments?post=5"}],"version-history":[{"count":5,"href":"https:\/\/institucional.ufrrj.br\/bovinocultura\/wp-json\/wp\/v2\/pages\/5\/revisions"}],"predecessor-version":[{"id":148,"href":"https:\/\/institucional.ufrrj.br\/bovinocultura\/wp-json\/wp\/v2\/pages\/5\/revisions\/148"}],"wp:attachment":[{"href":"https:\/\/institucional.ufrrj.br\/bovinocultura\/wp-json\/wp\/v2\/media?parent=5"}],"curies":[{"name":"wp","href":"https:\/\/api.w.org\/{rel}","templated":true}]}}