{"id":21,"date":"2021-07-07T09:18:09","date_gmt":"2021-07-07T12:18:09","guid":{"rendered":"http:\/\/institucional.ufrrj.br\/bovinocultura\/?page_id=21"},"modified":"2021-07-10T12:09:06","modified_gmt":"2021-07-10T15:09:06","slug":"estagios","status":"publish","type":"page","link":"https:\/\/institucional.ufrrj.br\/bovinocultura\/estagios\/","title":{"rendered":"Est\u00e1gios"},"content":{"rendered":"<p><strong>MODALIDADES DE APRENDIZAGEM PR\u00c1TICA PARA ALUNOS DA UFRRJ:<\/strong><\/p>\n<hr \/>\n<p>&nbsp;<\/p>\n<p>\u2666 EST\u00c1GIO\u00a0<strong>COM BOLSA<\/strong>:<\/p>\n<p>&nbsp;<\/p>\n<p><em>\u21d2\u00a0<\/em>PROGRAMA DE DESENVOLVIMENTO ACAD\u00caMICO E INSTITUCIONAL\u00a0<em><a href=\"http:\/\/r1.ufrrj.br\/sba\/proaes\/index.php\" target=\"_blank\" rel=\"noopener noreferrer\">(PDAI)<\/a><\/em>:<\/p>\n<p>Este programa busca alunos dos cursos presenciais de gradua\u00e7\u00e3o, prioritariamente em situa\u00e7\u00e3o de vulnerabilidade socioecon\u00f4mica, visando oferecer oportunidades para o desenvolvimento acad\u00eamico, cultural e profissional.<\/p>\n<p>A bolsa est\u00e1 vinculada ao projeto 68-0387664-2014 da\u00a0<em>Coordena\u00e7\u00e3o de Produ\u00e7\u00e3o Integrada ao Ensino, Pesquisa e Extens\u00e3o (CPIEPE)<\/em>, tendo como orientador, o Coordenador Everton da Silva Mattos e como supervisor local, a servidora Suellen Sobrinho Fran\u00e7a Mattos.<\/p>\n<p>O aluno deve\u00a0 procurar a Pr\u00f3-reitoria de Assuntos Estundatis\u00a0<a href=\"http:\/\/portal.ufrrj.br\/pro-reitoria-de-assuntos-estudantis\/\" target=\"_blank\" rel=\"noopener noreferrer\">(PROAES)<\/a>\u00a0para se informar de como ser contemplado com a bolsa deste projeto, a PROAES fica localizada no Pr\u00e9dio Central da UFRRJ (P1), sala 35. Pode ainda entrar em contato com o PDAI pelo tel: 21 2681-4746 ou pelo email: pdai@ufrrj.br.<\/p>\n<p>&nbsp;<\/p>\n<p>\u2666 APRENDIZAGEM PR\u00c1TICA\u00a0<strong>SEM BOLSA<\/strong>\u00a0:<\/p>\n<p>&nbsp;<\/p>\n<p><em>\u21d2\u00a0<\/em>PROGRAMA DE VIV\u00caNCIA ACAD\u00caMICA DO INSTITUTO DE<strong>\u00a0ZOOTECNIA<\/strong>\u00a0(IZ):<\/p>\n<p>Esta viv\u00eancia ocorre todo o in\u00edco de semestre e para participar, o aluno deve procurar os professores que atuam na \u00e1rea de interesse para orienta\u00e7\u00e3o sobre o mesmo.<\/p>\n<p>&nbsp;<\/p>\n<p><em>\u21d2<\/em>\u00a0REGISTRO DE ATIVIDADES AUT\u00d4NOMAS COMPLEMENTARES DO CURSO DE\u00a0<strong>ZOOTECNIA<\/strong>:<\/p>\n<p>\u00c9 requisito para integraliza\u00e7\u00e3o total do curso de Zootecnia o cumprimento de 200 (duzentas) horas de atividades aut\u00f4nomas (complementares). O registro de atividades aut\u00f4nomas \u00e9 de responsabilidade dos discentes, se informe mais\u00a0<a href=\"http:\/\/institucional.ufrrj.br\/suinocultura\/files\/2020\/08\/AtividadesAutnomas.pdf\">aqui<\/a>.<\/p>\n<p>Para maiores esclarecimentos, consulte o coordenador do curso de Zootecnia, podendo ainda fazer contato pelo telefone: <span class=\"telefone\"><label>(21) 3787-3975.<\/label><\/span><\/p>\n<p>&nbsp;<\/p>\n<p><em>\u21d2<\/em>\u00a0PROGRAMA DE VIV\u00caNCIA ACAD\u00caMICA DO\u00a0<strong>INSTITUTO DE VETERIN\u00c1RIA<\/strong>\u00a0(IV):<\/p>\n<p>Esta viv\u00eancia ocorre todo o in\u00edco de semestre e para participar, o aluno deve procurar os professores da \u00e1rea de interesse para orienta\u00e7\u00e3o sobre o mesmo.<\/p>\n<p><em>\u21d2\u00a0<\/em>EST\u00c1GIO CURRICULAR OBRIGAT\u00d3RIO PARA ALUNOS DA\u00a0<strong>UFRRJ<\/strong>\u00a0E ALUNOS DO\u00a0<strong>CTUR<\/strong>:<\/p>\n<p>\u2234 ALUNOS DA\u00a0<strong>UFRRJ<\/strong>: Para realiza\u00e7\u00e3o do est\u00e1gio curricular obrigat\u00f3rio, o discente dever\u00e1, inicialmente, entrar em contato com a coordena\u00e7\u00e3o de seu curso e\/ou com a Divis\u00e3o de Est\u00e1gios\u00a0 da UFRRJ (<a href=\"http:\/\/institucional.ufrrj.br\/dest\/\" target=\"_blank\" rel=\"noopener noreferrer\">DEST<\/a>\/PROGRAD\/UFRRJ), sua unidade f\u00edsica se encontra no P1, sala 61, tamb\u00e9m \u00e9 poss\u00edvel contato pelo o telefone: (21) 2682-2875.<\/p>\n<p>&nbsp;<\/p>\n<p>\u2234 ALUNOS DO\u00a0<strong>CTUR<\/strong>: O setor de bovinocultura de leite acolhe estudantes dos cursos t\u00e9cnicos do CTUR para est\u00e1gios obrigat\u00f3rios com vistas a aprofundar conhecimentos em bovinocultura de leite. Estudantes interessados em estagiar conosco devem entrar em contato com a coordena\u00e7\u00e3o de est\u00e1gios do CTUR (<a href=\"mailto:sieectur.ufrrj@gmail.com\">sieectur.ufrrj@gmail.com<\/a>) para verificar a disponibilidade de vagas.<\/p>\n<p>&nbsp;<\/p>\n<p><strong>MODALIDADE DE APRENDIZAGEM PR\u00c1TICA PARA ALUNOS EXTERNOS \u00c0 UFRRJ:<\/strong><\/p>\n<hr \/>\n<p>&nbsp;<\/p>\n<p><em>\u21d2\u00a0<\/em>EST\u00c1GIO CURRICULAR OBRIGAT\u00d3RIO:<\/p>\n<p>O aluno deve procurar orienta\u00e7\u00e3o no\u00a0<a href=\"http:\/\/institucional.ufrrj.br\/dest\/\" target=\"_blank\" rel=\"noopener noreferrer\">site<\/a>\u00a0da Divis\u00e3o de Est\u00e1gios da UFRRJ (DEST), na sua unidade f\u00edsica no P1, sala 61, ou ligar para o telefone: (21) 2682-2875.<\/p>\n","protected":false},"excerpt":{"rendered":"<p>MODALIDADES DE APRENDIZAGEM PR\u00c1TICA PARA ALUNOS DA UFRRJ: &nbsp; \u2666 EST\u00c1GIO\u00a0COM BOLSA: &nbsp; \u21d2\u00a0PROGRAMA DE DESENVOLVIMENTO ACAD\u00caMICO E INSTITUCIONAL\u00a0(PDAI): Este <a class=\"read-more\" href=\"https:\/\/institucional.ufrrj.br\/bovinocultura\/estagios\/ \" >&#8230; <span class=\"font-italic\">leia mais <i class=\"fas fa-angle-right\"><\/i><\/span><\/a><\/p>\n","protected":false},"author":634,"featured_media":0,"parent":0,"menu_order":0,"comment_status":"closed","ping_status":"closed","template":"","meta":{"_acf_changed":false,"footnotes":""},"class_list":["post-21","page","type-page","status-publish","hentry"],"yoast_head":"<!-- This site is optimized with the Yoast SEO plugin v27.2 - https:\/\/yoast.com\/product\/yoast-seo-wordpress\/ -->\n<title>Est\u00e1gios - Bovinocultura<\/title>\n<meta name=\"robots\" content=\"index, follow, max-snippet:-1, max-image-preview:large, max-video-preview:-1\" \/>\n<link rel=\"canonical\" href=\"https:\/\/institucional.ufrrj.br\/bovinocultura\/estagios\/\" \/>\n<meta property=\"og:locale\" content=\"pt_BR\" \/>\n<meta property=\"og:type\" content=\"article\" \/>\n<meta property=\"og:title\" content=\"Est\u00e1gios - Bovinocultura\" \/>\n<meta property=\"og:description\" content=\"MODALIDADES DE APRENDIZAGEM PR\u00c1TICA PARA ALUNOS DA UFRRJ: &nbsp; \u2666 EST\u00c1GIO\u00a0COM BOLSA: &nbsp; \u21d2\u00a0PROGRAMA DE DESENVOLVIMENTO ACAD\u00caMICO E INSTITUCIONAL\u00a0(PDAI): Este ... leia mais\" \/>\n<meta property=\"og:url\" content=\"https:\/\/institucional.ufrrj.br\/bovinocultura\/estagios\/\" \/>\n<meta property=\"og:site_name\" content=\"Bovinocultura\" \/>\n<meta property=\"article:modified_time\" content=\"2021-07-10T15:09:06+00:00\" \/>\n<meta name=\"twitter:card\" content=\"summary_large_image\" \/>\n<meta name=\"twitter:label1\" content=\"Est. tempo de leitura\" \/>\n\t<meta name=\"twitter:data1\" content=\"2 minutos\" \/>\n<script type=\"application\/ld+json\" class=\"yoast-schema-graph\">{\"@context\":\"https:\/\/schema.org\",\"@graph\":[{\"@type\":\"WebPage\",\"@id\":\"https:\/\/institucional.ufrrj.br\/bovinocultura\/estagios\/\",\"url\":\"https:\/\/institucional.ufrrj.br\/bovinocultura\/estagios\/\",\"name\":\"Est\u00e1gios - Bovinocultura\",\"isPartOf\":{\"@id\":\"https:\/\/institucional.ufrrj.br\/bovinocultura\/#website\"},\"datePublished\":\"2021-07-07T12:18:09+00:00\",\"dateModified\":\"2021-07-10T15:09:06+00:00\",\"breadcrumb\":{\"@id\":\"https:\/\/institucional.ufrrj.br\/bovinocultura\/estagios\/#breadcrumb\"},\"inLanguage\":\"pt-BR\",\"potentialAction\":[{\"@type\":\"ReadAction\",\"target\":[\"https:\/\/institucional.ufrrj.br\/bovinocultura\/estagios\/\"]}]},{\"@type\":\"BreadcrumbList\",\"@id\":\"https:\/\/institucional.ufrrj.br\/bovinocultura\/estagios\/#breadcrumb\",\"itemListElement\":[{\"@type\":\"ListItem\",\"position\":1,\"name\":\"In\u00edcio\",\"item\":\"https:\/\/institucional.ufrrj.br\/bovinocultura\/\"},{\"@type\":\"ListItem\",\"position\":2,\"name\":\"Est\u00e1gios\"}]},{\"@type\":\"WebSite\",\"@id\":\"https:\/\/institucional.ufrrj.br\/bovinocultura\/#website\",\"url\":\"https:\/\/institucional.ufrrj.br\/bovinocultura\/\",\"name\":\"Bovinocultura\",\"description\":\"Setor de Bovinocultura da UFRRJ\",\"potentialAction\":[{\"@type\":\"SearchAction\",\"target\":{\"@type\":\"EntryPoint\",\"urlTemplate\":\"https:\/\/institucional.ufrrj.br\/bovinocultura\/?s={search_term_string}\"},\"query-input\":{\"@type\":\"PropertyValueSpecification\",\"valueRequired\":true,\"valueName\":\"search_term_string\"}}],\"inLanguage\":\"pt-BR\"}]}<\/script>\n<!-- \/ Yoast SEO plugin. -->","yoast_head_json":{"title":"Est\u00e1gios - Bovinocultura","robots":{"index":"index","follow":"follow","max-snippet":"max-snippet:-1","max-image-preview":"max-image-preview:large","max-video-preview":"max-video-preview:-1"},"canonical":"https:\/\/institucional.ufrrj.br\/bovinocultura\/estagios\/","og_locale":"pt_BR","og_type":"article","og_title":"Est\u00e1gios - Bovinocultura","og_description":"MODALIDADES DE APRENDIZAGEM PR\u00c1TICA PARA ALUNOS DA UFRRJ: &nbsp; \u2666 EST\u00c1GIO\u00a0COM BOLSA: &nbsp; \u21d2\u00a0PROGRAMA DE DESENVOLVIMENTO ACAD\u00caMICO E INSTITUCIONAL\u00a0(PDAI): Este ... leia mais","og_url":"https:\/\/institucional.ufrrj.br\/bovinocultura\/estagios\/","og_site_name":"Bovinocultura","article_modified_time":"2021-07-10T15:09:06+00:00","twitter_card":"summary_large_image","twitter_misc":{"Est. tempo de leitura":"2 minutos"},"schema":{"@context":"https:\/\/schema.org","@graph":[{"@type":"WebPage","@id":"https:\/\/institucional.ufrrj.br\/bovinocultura\/estagios\/","url":"https:\/\/institucional.ufrrj.br\/bovinocultura\/estagios\/","name":"Est\u00e1gios - Bovinocultura","isPartOf":{"@id":"https:\/\/institucional.ufrrj.br\/bovinocultura\/#website"},"datePublished":"2021-07-07T12:18:09+00:00","dateModified":"2021-07-10T15:09:06+00:00","breadcrumb":{"@id":"https:\/\/institucional.ufrrj.br\/bovinocultura\/estagios\/#breadcrumb"},"inLanguage":"pt-BR","potentialAction":[{"@type":"ReadAction","target":["https:\/\/institucional.ufrrj.br\/bovinocultura\/estagios\/"]}]},{"@type":"BreadcrumbList","@id":"https:\/\/institucional.ufrrj.br\/bovinocultura\/estagios\/#breadcrumb","itemListElement":[{"@type":"ListItem","position":1,"name":"In\u00edcio","item":"https:\/\/institucional.ufrrj.br\/bovinocultura\/"},{"@type":"ListItem","position":2,"name":"Est\u00e1gios"}]},{"@type":"WebSite","@id":"https:\/\/institucional.ufrrj.br\/bovinocultura\/#website","url":"https:\/\/institucional.ufrrj.br\/bovinocultura\/","name":"Bovinocultura","description":"Setor de Bovinocultura da UFRRJ","potentialAction":[{"@type":"SearchAction","target":{"@type":"EntryPoint","urlTemplate":"https:\/\/institucional.ufrrj.br\/bovinocultura\/?s={search_term_string}"},"query-input":{"@type":"PropertyValueSpecification","valueRequired":true,"valueName":"search_term_string"}}],"inLanguage":"pt-BR"}]}},"acf":[],"_links":{"self":[{"href":"https:\/\/institucional.ufrrj.br\/bovinocultura\/wp-json\/wp\/v2\/pages\/21","targetHints":{"allow":["GET"]}}],"collection":[{"href":"https:\/\/institucional.ufrrj.br\/bovinocultura\/wp-json\/wp\/v2\/pages"}],"about":[{"href":"https:\/\/institucional.ufrrj.br\/bovinocultura\/wp-json\/wp\/v2\/types\/page"}],"author":[{"embeddable":true,"href":"https:\/\/institucional.ufrrj.br\/bovinocultura\/wp-json\/wp\/v2\/users\/634"}],"replies":[{"embeddable":true,"href":"https:\/\/institucional.ufrrj.br\/bovinocultura\/wp-json\/wp\/v2\/comments?post=21"}],"version-history":[{"count":5,"href":"https:\/\/institucional.ufrrj.br\/bovinocultura\/wp-json\/wp\/v2\/pages\/21\/revisions"}],"predecessor-version":[{"id":149,"href":"https:\/\/institucional.ufrrj.br\/bovinocultura\/wp-json\/wp\/v2\/pages\/21\/revisions\/149"}],"wp:attachment":[{"href":"https:\/\/institucional.ufrrj.br\/bovinocultura\/wp-json\/wp\/v2\/media?parent=21"}],"curies":[{"name":"wp","href":"https:\/\/api.w.org\/{rel}","templated":true}]}}