{"id":66,"date":"2015-05-25T13:01:39","date_gmt":"2015-05-25T13:01:39","guid":{"rendered":"http:\/\/institucional.ufrrj.br\/biblioteca\/?page_id=66"},"modified":"2023-06-26T14:01:06","modified_gmt":"2023-06-26T17:01:06","slug":"levantamento-bibliografico","status":"publish","type":"page","link":"https:\/\/institucional.ufrrj.br\/biblioteca\/produtos-e-servicos\/levantamento-bibliografico\/","title":{"rendered":"Levantamento Bibliogr\u00e1fico"},"content":{"rendered":"<div class=\"story\">\n<p><strong><span style=\"color: #663300\">Levantamento Bibliogr\u00e1fico<\/span><\/strong><\/p>\n<p>Servi\u00e7o oferecido aos usu\u00e1rios que desejam conhecer a bibliografia existente no acervo, de acordo com as \u00e1reas do conhecimento.<\/p>\n<p>O servi\u00e7o pode ser solicitado pessoalmente no Servi\u00e7o de Refer\u00eancia da Biblioteca ou atrav\u00e9s do envio de e-mail para <a href=\"mailto:srbc@ufrrj.br\">srbc@ufrrj.br<\/a><\/p>\n<\/div>\n<p><em><a href=\"http:\/\/www.biblioteca.ufrrj.br\/produtos.html#\">&lt;&lt; voltar ao in\u00edcio da p\u00e1gina<\/a><\/em><\/p>\n","protected":false},"excerpt":{"rendered":"<p>Levantamento Bibliogr\u00e1fico Servi\u00e7o oferecido aos usu\u00e1rios que desejam conhecer a bibliografia existente no acervo, de acordo com as \u00e1reas do <a class=\"read-more\" href=\"https:\/\/institucional.ufrrj.br\/biblioteca\/produtos-e-servicos\/levantamento-bibliografico\/ \">&#8230; <i class=\"fa fa-long-arrow-right\"><\/i><\/a><\/p>\n","protected":false},"author":1,"featured_media":0,"parent":25,"menu_order":0,"comment_status":"open","ping_status":"open","template":"","meta":{"footnotes":"","_links_to":"","_links_to_target":""},"class_list":["post-66","page","type-page","status-publish","hentry"],"yoast_head":"<!-- This site is optimized with the Yoast SEO plugin v27.2 - https:\/\/yoast.com\/product\/yoast-seo-wordpress\/ -->\n<title>Levantamento Bibliogr\u00e1fico - BIBLIOTECA CENTRAL<\/title>\n<meta name=\"robots\" content=\"index, follow, max-snippet:-1, max-image-preview:large, max-video-preview:-1\" \/>\n<link rel=\"canonical\" href=\"https:\/\/institucional.ufrrj.br\/biblioteca\/produtos-e-servicos\/levantamento-bibliografico\/\" \/>\n<meta property=\"og:locale\" content=\"pt_BR\" \/>\n<meta property=\"og:type\" content=\"article\" \/>\n<meta property=\"og:title\" content=\"Levantamento Bibliogr\u00e1fico - BIBLIOTECA CENTRAL\" \/>\n<meta property=\"og:description\" content=\"Levantamento Bibliogr\u00e1fico Servi\u00e7o oferecido aos usu\u00e1rios que desejam conhecer a bibliografia existente no acervo, de acordo com as \u00e1reas do ...\" \/>\n<meta property=\"og:url\" content=\"https:\/\/institucional.ufrrj.br\/biblioteca\/produtos-e-servicos\/levantamento-bibliografico\/\" \/>\n<meta property=\"og:site_name\" content=\"BIBLIOTECA CENTRAL\" \/>\n<meta property=\"article:publisher\" content=\"https:\/\/www.facebook.com\/pages\/Biblioteca-Central-UFRRJ\/169326639938700?ref=profile\" \/>\n<meta property=\"article:modified_time\" content=\"2023-06-26T17:01:06+00:00\" \/>\n<meta name=\"twitter:card\" content=\"summary_large_image\" \/>\n<script type=\"application\/ld+json\" class=\"yoast-schema-graph\">{\"@context\":\"https:\/\/schema.org\",\"@graph\":[{\"@type\":\"WebPage\",\"@id\":\"https:\/\/institucional.ufrrj.br\/biblioteca\/produtos-e-servicos\/levantamento-bibliografico\/\",\"url\":\"https:\/\/institucional.ufrrj.br\/biblioteca\/produtos-e-servicos\/levantamento-bibliografico\/\",\"name\":\"Levantamento Bibliogr\u00e1fico - BIBLIOTECA CENTRAL\",\"isPartOf\":{\"@id\":\"https:\/\/institucional.ufrrj.br\/biblioteca\/#website\"},\"datePublished\":\"2015-05-25T13:01:39+00:00\",\"dateModified\":\"2023-06-26T17:01:06+00:00\",\"breadcrumb\":{\"@id\":\"https:\/\/institucional.ufrrj.br\/biblioteca\/produtos-e-servicos\/levantamento-bibliografico\/#breadcrumb\"},\"inLanguage\":\"pt-BR\",\"potentialAction\":[{\"@type\":\"ReadAction\",\"target\":[\"https:\/\/institucional.ufrrj.br\/biblioteca\/produtos-e-servicos\/levantamento-bibliografico\/\"]}]},{\"@type\":\"BreadcrumbList\",\"@id\":\"https:\/\/institucional.ufrrj.br\/biblioteca\/produtos-e-servicos\/levantamento-bibliografico\/#breadcrumb\",\"itemListElement\":[{\"@type\":\"ListItem\",\"position\":1,\"name\":\"In\u00edcio\",\"item\":\"https:\/\/institucional.ufrrj.br\/biblioteca\/\"},{\"@type\":\"ListItem\",\"position\":2,\"name\":\"Produtos e Servi\u00e7os\",\"item\":\"https:\/\/institucional.ufrrj.br\/biblioteca\/produtos-e-servicos\/\"},{\"@type\":\"ListItem\",\"position\":3,\"name\":\"Levantamento Bibliogr\u00e1fico\"}]},{\"@type\":\"WebSite\",\"@id\":\"https:\/\/institucional.ufrrj.br\/biblioteca\/#website\",\"url\":\"https:\/\/institucional.ufrrj.br\/biblioteca\/\",\"name\":\"BIBLIOTECA CENTRAL\",\"description\":\"Universidade Federal Rural do Rio de Janeiro  - UFRRJ\",\"potentialAction\":[{\"@type\":\"SearchAction\",\"target\":{\"@type\":\"EntryPoint\",\"urlTemplate\":\"https:\/\/institucional.ufrrj.br\/biblioteca\/?s={search_term_string}\"},\"query-input\":{\"@type\":\"PropertyValueSpecification\",\"valueRequired\":true,\"valueName\":\"search_term_string\"}}],\"inLanguage\":\"pt-BR\"}]}<\/script>\n<!-- \/ Yoast SEO plugin. -->","yoast_head_json":{"title":"Levantamento Bibliogr\u00e1fico - BIBLIOTECA CENTRAL","robots":{"index":"index","follow":"follow","max-snippet":"max-snippet:-1","max-image-preview":"max-image-preview:large","max-video-preview":"max-video-preview:-1"},"canonical":"https:\/\/institucional.ufrrj.br\/biblioteca\/produtos-e-servicos\/levantamento-bibliografico\/","og_locale":"pt_BR","og_type":"article","og_title":"Levantamento Bibliogr\u00e1fico - BIBLIOTECA CENTRAL","og_description":"Levantamento Bibliogr\u00e1fico Servi\u00e7o oferecido aos usu\u00e1rios que desejam conhecer a bibliografia existente no acervo, de acordo com as \u00e1reas do ...","og_url":"https:\/\/institucional.ufrrj.br\/biblioteca\/produtos-e-servicos\/levantamento-bibliografico\/","og_site_name":"BIBLIOTECA CENTRAL","article_publisher":"https:\/\/www.facebook.com\/pages\/Biblioteca-Central-UFRRJ\/169326639938700?ref=profile","article_modified_time":"2023-06-26T17:01:06+00:00","twitter_card":"summary_large_image","schema":{"@context":"https:\/\/schema.org","@graph":[{"@type":"WebPage","@id":"https:\/\/institucional.ufrrj.br\/biblioteca\/produtos-e-servicos\/levantamento-bibliografico\/","url":"https:\/\/institucional.ufrrj.br\/biblioteca\/produtos-e-servicos\/levantamento-bibliografico\/","name":"Levantamento Bibliogr\u00e1fico - BIBLIOTECA CENTRAL","isPartOf":{"@id":"https:\/\/institucional.ufrrj.br\/biblioteca\/#website"},"datePublished":"2015-05-25T13:01:39+00:00","dateModified":"2023-06-26T17:01:06+00:00","breadcrumb":{"@id":"https:\/\/institucional.ufrrj.br\/biblioteca\/produtos-e-servicos\/levantamento-bibliografico\/#breadcrumb"},"inLanguage":"pt-BR","potentialAction":[{"@type":"ReadAction","target":["https:\/\/institucional.ufrrj.br\/biblioteca\/produtos-e-servicos\/levantamento-bibliografico\/"]}]},{"@type":"BreadcrumbList","@id":"https:\/\/institucional.ufrrj.br\/biblioteca\/produtos-e-servicos\/levantamento-bibliografico\/#breadcrumb","itemListElement":[{"@type":"ListItem","position":1,"name":"In\u00edcio","item":"https:\/\/institucional.ufrrj.br\/biblioteca\/"},{"@type":"ListItem","position":2,"name":"Produtos e Servi\u00e7os","item":"https:\/\/institucional.ufrrj.br\/biblioteca\/produtos-e-servicos\/"},{"@type":"ListItem","position":3,"name":"Levantamento Bibliogr\u00e1fico"}]},{"@type":"WebSite","@id":"https:\/\/institucional.ufrrj.br\/biblioteca\/#website","url":"https:\/\/institucional.ufrrj.br\/biblioteca\/","name":"BIBLIOTECA CENTRAL","description":"Universidade Federal Rural do Rio de Janeiro  - UFRRJ","potentialAction":[{"@type":"SearchAction","target":{"@type":"EntryPoint","urlTemplate":"https:\/\/institucional.ufrrj.br\/biblioteca\/?s={search_term_string}"},"query-input":{"@type":"PropertyValueSpecification","valueRequired":true,"valueName":"search_term_string"}}],"inLanguage":"pt-BR"}]}},"_links":{"self":[{"href":"https:\/\/institucional.ufrrj.br\/biblioteca\/wp-json\/wp\/v2\/pages\/66","targetHints":{"allow":["GET"]}}],"collection":[{"href":"https:\/\/institucional.ufrrj.br\/biblioteca\/wp-json\/wp\/v2\/pages"}],"about":[{"href":"https:\/\/institucional.ufrrj.br\/biblioteca\/wp-json\/wp\/v2\/types\/page"}],"author":[{"embeddable":true,"href":"https:\/\/institucional.ufrrj.br\/biblioteca\/wp-json\/wp\/v2\/users\/1"}],"replies":[{"embeddable":true,"href":"https:\/\/institucional.ufrrj.br\/biblioteca\/wp-json\/wp\/v2\/comments?post=66"}],"version-history":[{"count":4,"href":"https:\/\/institucional.ufrrj.br\/biblioteca\/wp-json\/wp\/v2\/pages\/66\/revisions"}],"predecessor-version":[{"id":1988,"href":"https:\/\/institucional.ufrrj.br\/biblioteca\/wp-json\/wp\/v2\/pages\/66\/revisions\/1988"}],"up":[{"embeddable":true,"href":"https:\/\/institucional.ufrrj.br\/biblioteca\/wp-json\/wp\/v2\/pages\/25"}],"wp:attachment":[{"href":"https:\/\/institucional.ufrrj.br\/biblioteca\/wp-json\/wp\/v2\/media?parent=66"}],"curies":[{"name":"wp","href":"https:\/\/api.w.org\/{rel}","templated":true}]}}