{"id":64,"date":"2015-05-25T13:01:26","date_gmt":"2015-05-25T13:01:26","guid":{"rendered":"http:\/\/institucional.ufrrj.br\/biblioteca\/?page_id=64"},"modified":"2026-04-28T12:07:44","modified_gmt":"2026-04-28T15:07:44","slug":"portal-da-capes","status":"publish","type":"page","link":"https:\/\/institucional.ufrrj.br\/biblioteca\/produtos-e-servicos\/portal-da-capes\/","title":{"rendered":"Portal da CAPES"},"content":{"rendered":"<div class=\"story\">\n<p><span style=\"color: #000080\"><span style=\"color: #000000\">O <strong>Portal de Peri\u00f3dicos<\/strong>, da Coordena\u00e7\u00e3o de Aperfei\u00e7oamento de Pessoal de N\u00edvel Superior (<strong>CAPES<\/strong>), \u00e9 uma biblioteca virtual que re\u00fane e disponibiliza \u00e0s institui\u00e7\u00f5es de ensino e pesquisa no Brasil o melhor da produ\u00e7\u00e3o cient\u00edfica internacional. Ele conta com um acervo de mais de 49 mil t\u00edtulos com texto completo, 455 <\/span><\/span>bases de dados de conte\u00fados diversos, como refer\u00eancias, patentes, estat\u00edsticas, material audiovisual, normas t\u00e9cnicas, teses, disserta\u00e7\u00f5es, livros e obras de refer\u00eancia. Para ter acesso fora da universidade \u00e9 necess\u00e1rio possuir o e-mail da UFRRJ. O cadastrado do e-mail \u00e9 realizado na COTIC.<\/p>\n<p><span style=\"color: #000000\"> O Setor de Peri\u00f3dicos oferece treinamento em como fazer pesquisas de artigos de peri\u00f3dicos e bases de dados. Entre em contato atrav\u00e9s do e-mail: <span style=\"color: #0000ff\"><a style=\"color: #0000ff\" href=\"mailto:sptbc@ufrrj.br\">sptbc@ufrrj.br<\/a><\/span><\/span><\/p>\n<p><strong><span style=\"color: #0000ff\"><span style=\"color: #000000\">Para o acesso ao site da CAPES <\/span><\/span><a href=\"https:\/\/www.periodicos.capes.gov.br\/\"><span style=\"text-decoration: underline\"><span style=\"color: #0000ff;text-decoration: underline\">clique aqui.<\/span><\/span><\/a><\/strong><\/p>\n<\/div>\n<p><span style=\"color: #000000\">Conhe\u00e7a cinco enciclop\u00e9dias dispon\u00edveis no acervo do <strong>Portal de Peri\u00f3dicos<\/strong><\/span><\/p>\n<p><span style=\"color: #000000\">Usu\u00e1rios do Portal de Peri\u00f3dicos da Coordena\u00e7\u00e3o de Aperfei\u00e7oamento de Pessoal de N\u00edvel Superior (CAPES) t\u00eam acesso a uma plataforma que re\u00fane grande quantidade de informa\u00e7\u00f5es cient\u00edficas das \u00e1reas de Ci\u00eancias Exatas e da Terra, Agr\u00e1rias, Ambientais, Biol\u00f3gicas, Humanas e Sociais Aplicadas: a CAB Direct, da editora Cabi Publishing.<\/span><\/p>\n<p><strong>ATEN\u00c7\u00c3O:<\/strong><\/p>\n<p>As credenciais utilizadas para acesso ao CAPES\/CAFe s\u00e3o cadastradas no antigo Expresso Mail que utiliza tamb\u00e9m o acesso \u00e0 rede Wi-Fi.<br \/>\n<strong>N\u00e3o utilize as credenciais do e-mail institucional nem do sistema acad\u00eamico SIG.<\/strong><\/p>\n<p><span style=\"color: #0000ff\"><span style=\"color: #000000\">Para acessar remotamente o Portal, o CAFe, favor enviar os dados abaixo para o e-mail<\/span>\u00a0cotic@ufrrj.br<\/span><\/p>\n<ul>\n<li>Nome completo<\/li>\n<li>CPF<\/li>\n<li>Matr\u00edcula<\/li>\n<li>E-mail institucional<\/li>\n<\/ul>\n","protected":false},"excerpt":{"rendered":"<p>O Portal de Peri\u00f3dicos, da Coordena\u00e7\u00e3o de Aperfei\u00e7oamento de Pessoal de N\u00edvel Superior (CAPES), \u00e9 uma biblioteca virtual que re\u00fane <a class=\"read-more\" href=\"https:\/\/institucional.ufrrj.br\/biblioteca\/produtos-e-servicos\/portal-da-capes\/ \">&#8230; <i class=\"fa fa-long-arrow-right\"><\/i><\/a><\/p>\n","protected":false},"author":634,"featured_media":0,"parent":25,"menu_order":0,"comment_status":"open","ping_status":"open","template":"","meta":{"footnotes":"","_links_to":"","_links_to_target":""},"class_list":["post-64","page","type-page","status-publish","hentry"],"yoast_head":"<!-- This site is optimized with the Yoast SEO plugin v27.2 - https:\/\/yoast.com\/product\/yoast-seo-wordpress\/ -->\n<title>Portal da CAPES - BIBLIOTECA CENTRAL<\/title>\n<meta name=\"robots\" content=\"index, follow, max-snippet:-1, max-image-preview:large, max-video-preview:-1\" \/>\n<link rel=\"canonical\" href=\"https:\/\/institucional.ufrrj.br\/biblioteca\/produtos-e-servicos\/portal-da-capes\/\" \/>\n<meta property=\"og:locale\" content=\"pt_BR\" \/>\n<meta property=\"og:type\" content=\"article\" \/>\n<meta property=\"og:title\" content=\"Portal da CAPES - BIBLIOTECA CENTRAL\" \/>\n<meta property=\"og:description\" content=\"O Portal de Peri\u00f3dicos, da Coordena\u00e7\u00e3o de Aperfei\u00e7oamento de Pessoal de N\u00edvel Superior (CAPES), \u00e9 uma biblioteca virtual que re\u00fane ...\" \/>\n<meta property=\"og:url\" content=\"https:\/\/institucional.ufrrj.br\/biblioteca\/produtos-e-servicos\/portal-da-capes\/\" \/>\n<meta property=\"og:site_name\" content=\"BIBLIOTECA CENTRAL\" \/>\n<meta property=\"article:publisher\" content=\"https:\/\/www.facebook.com\/pages\/Biblioteca-Central-UFRRJ\/169326639938700?ref=profile\" \/>\n<meta property=\"article:modified_time\" content=\"2026-04-28T15:07:44+00:00\" \/>\n<meta name=\"twitter:card\" content=\"summary_large_image\" \/>\n<meta name=\"twitter:label1\" content=\"Est. tempo de leitura\" \/>\n\t<meta name=\"twitter:data1\" content=\"1 minuto\" \/>\n<script type=\"application\/ld+json\" class=\"yoast-schema-graph\">{\"@context\":\"https:\/\/schema.org\",\"@graph\":[{\"@type\":\"WebPage\",\"@id\":\"https:\/\/institucional.ufrrj.br\/biblioteca\/produtos-e-servicos\/portal-da-capes\/\",\"url\":\"https:\/\/institucional.ufrrj.br\/biblioteca\/produtos-e-servicos\/portal-da-capes\/\",\"name\":\"Portal da CAPES - BIBLIOTECA CENTRAL\",\"isPartOf\":{\"@id\":\"https:\/\/institucional.ufrrj.br\/biblioteca\/#website\"},\"datePublished\":\"2015-05-25T13:01:26+00:00\",\"dateModified\":\"2026-04-28T15:07:44+00:00\",\"breadcrumb\":{\"@id\":\"https:\/\/institucional.ufrrj.br\/biblioteca\/produtos-e-servicos\/portal-da-capes\/#breadcrumb\"},\"inLanguage\":\"pt-BR\",\"potentialAction\":[{\"@type\":\"ReadAction\",\"target\":[\"https:\/\/institucional.ufrrj.br\/biblioteca\/produtos-e-servicos\/portal-da-capes\/\"]}]},{\"@type\":\"BreadcrumbList\",\"@id\":\"https:\/\/institucional.ufrrj.br\/biblioteca\/produtos-e-servicos\/portal-da-capes\/#breadcrumb\",\"itemListElement\":[{\"@type\":\"ListItem\",\"position\":1,\"name\":\"In\u00edcio\",\"item\":\"https:\/\/institucional.ufrrj.br\/biblioteca\/\"},{\"@type\":\"ListItem\",\"position\":2,\"name\":\"Produtos e Servi\u00e7os\",\"item\":\"https:\/\/institucional.ufrrj.br\/biblioteca\/produtos-e-servicos\/\"},{\"@type\":\"ListItem\",\"position\":3,\"name\":\"Portal da CAPES\"}]},{\"@type\":\"WebSite\",\"@id\":\"https:\/\/institucional.ufrrj.br\/biblioteca\/#website\",\"url\":\"https:\/\/institucional.ufrrj.br\/biblioteca\/\",\"name\":\"BIBLIOTECA CENTRAL\",\"description\":\"Universidade Federal Rural do Rio de Janeiro  - UFRRJ\",\"potentialAction\":[{\"@type\":\"SearchAction\",\"target\":{\"@type\":\"EntryPoint\",\"urlTemplate\":\"https:\/\/institucional.ufrrj.br\/biblioteca\/?s={search_term_string}\"},\"query-input\":{\"@type\":\"PropertyValueSpecification\",\"valueRequired\":true,\"valueName\":\"search_term_string\"}}],\"inLanguage\":\"pt-BR\"}]}<\/script>\n<!-- \/ Yoast SEO plugin. -->","yoast_head_json":{"title":"Portal da CAPES - BIBLIOTECA CENTRAL","robots":{"index":"index","follow":"follow","max-snippet":"max-snippet:-1","max-image-preview":"max-image-preview:large","max-video-preview":"max-video-preview:-1"},"canonical":"https:\/\/institucional.ufrrj.br\/biblioteca\/produtos-e-servicos\/portal-da-capes\/","og_locale":"pt_BR","og_type":"article","og_title":"Portal da CAPES - BIBLIOTECA CENTRAL","og_description":"O Portal de Peri\u00f3dicos, da Coordena\u00e7\u00e3o de Aperfei\u00e7oamento de Pessoal de N\u00edvel Superior (CAPES), \u00e9 uma biblioteca virtual que re\u00fane ...","og_url":"https:\/\/institucional.ufrrj.br\/biblioteca\/produtos-e-servicos\/portal-da-capes\/","og_site_name":"BIBLIOTECA CENTRAL","article_publisher":"https:\/\/www.facebook.com\/pages\/Biblioteca-Central-UFRRJ\/169326639938700?ref=profile","article_modified_time":"2026-04-28T15:07:44+00:00","twitter_card":"summary_large_image","twitter_misc":{"Est. tempo de leitura":"1 minuto"},"schema":{"@context":"https:\/\/schema.org","@graph":[{"@type":"WebPage","@id":"https:\/\/institucional.ufrrj.br\/biblioteca\/produtos-e-servicos\/portal-da-capes\/","url":"https:\/\/institucional.ufrrj.br\/biblioteca\/produtos-e-servicos\/portal-da-capes\/","name":"Portal da CAPES - BIBLIOTECA CENTRAL","isPartOf":{"@id":"https:\/\/institucional.ufrrj.br\/biblioteca\/#website"},"datePublished":"2015-05-25T13:01:26+00:00","dateModified":"2026-04-28T15:07:44+00:00","breadcrumb":{"@id":"https:\/\/institucional.ufrrj.br\/biblioteca\/produtos-e-servicos\/portal-da-capes\/#breadcrumb"},"inLanguage":"pt-BR","potentialAction":[{"@type":"ReadAction","target":["https:\/\/institucional.ufrrj.br\/biblioteca\/produtos-e-servicos\/portal-da-capes\/"]}]},{"@type":"BreadcrumbList","@id":"https:\/\/institucional.ufrrj.br\/biblioteca\/produtos-e-servicos\/portal-da-capes\/#breadcrumb","itemListElement":[{"@type":"ListItem","position":1,"name":"In\u00edcio","item":"https:\/\/institucional.ufrrj.br\/biblioteca\/"},{"@type":"ListItem","position":2,"name":"Produtos e Servi\u00e7os","item":"https:\/\/institucional.ufrrj.br\/biblioteca\/produtos-e-servicos\/"},{"@type":"ListItem","position":3,"name":"Portal da CAPES"}]},{"@type":"WebSite","@id":"https:\/\/institucional.ufrrj.br\/biblioteca\/#website","url":"https:\/\/institucional.ufrrj.br\/biblioteca\/","name":"BIBLIOTECA CENTRAL","description":"Universidade Federal Rural do Rio de Janeiro  - UFRRJ","potentialAction":[{"@type":"SearchAction","target":{"@type":"EntryPoint","urlTemplate":"https:\/\/institucional.ufrrj.br\/biblioteca\/?s={search_term_string}"},"query-input":{"@type":"PropertyValueSpecification","valueRequired":true,"valueName":"search_term_string"}}],"inLanguage":"pt-BR"}]}},"_links":{"self":[{"href":"https:\/\/institucional.ufrrj.br\/biblioteca\/wp-json\/wp\/v2\/pages\/64","targetHints":{"allow":["GET"]}}],"collection":[{"href":"https:\/\/institucional.ufrrj.br\/biblioteca\/wp-json\/wp\/v2\/pages"}],"about":[{"href":"https:\/\/institucional.ufrrj.br\/biblioteca\/wp-json\/wp\/v2\/types\/page"}],"author":[{"embeddable":true,"href":"https:\/\/institucional.ufrrj.br\/biblioteca\/wp-json\/wp\/v2\/users\/634"}],"replies":[{"embeddable":true,"href":"https:\/\/institucional.ufrrj.br\/biblioteca\/wp-json\/wp\/v2\/comments?post=64"}],"version-history":[{"count":1,"href":"https:\/\/institucional.ufrrj.br\/biblioteca\/wp-json\/wp\/v2\/pages\/64\/revisions"}],"predecessor-version":[{"id":3541,"href":"https:\/\/institucional.ufrrj.br\/biblioteca\/wp-json\/wp\/v2\/pages\/64\/revisions\/3541"}],"up":[{"embeddable":true,"href":"https:\/\/institucional.ufrrj.br\/biblioteca\/wp-json\/wp\/v2\/pages\/25"}],"wp:attachment":[{"href":"https:\/\/institucional.ufrrj.br\/biblioteca\/wp-json\/wp\/v2\/media?parent=64"}],"curies":[{"name":"wp","href":"https:\/\/api.w.org\/{rel}","templated":true}]}}