{"id":62,"date":"2015-05-25T13:01:13","date_gmt":"2015-05-25T13:01:13","guid":{"rendered":"http:\/\/institucional.ufrrj.br\/biblioteca\/?page_id=62"},"modified":"2023-06-26T13:49:13","modified_gmt":"2023-06-26T16:49:13","slug":"acesso-ao-comut","status":"publish","type":"page","link":"https:\/\/institucional.ufrrj.br\/biblioteca\/produtos-e-servicos\/acesso-ao-comut\/","title":{"rendered":"Acesso ao COMUT"},"content":{"rendered":"<div class=\"story\">\n<p><span style=\"color: #333333\"><strong>COMUT (Servi\u00e7o de Comuta\u00e7\u00e3o Bibliogr\u00e1fica)<\/strong><\/span><\/p>\n<p>Programa desenvolvido pelo IBICT, com a coopera\u00e7\u00e3o de v\u00e1rias bibliotecas brasileiras, atrav\u00e9s do qual se localizam e se reproduzem artigos de publica\u00e7\u00f5es peri\u00f3dicas.<\/p>\n<p>Permite a obten\u00e7\u00e3o de c\u00f3pias de documentos t\u00e9cnico cient\u00edficos dispon\u00edveis nos acervos das principais bibliotecas brasileiras e em servi\u00e7os de informa\u00e7\u00e3o internacionais.<\/p>\n<p>Entre os documentos acess\u00edveis, encontram\u2013se peri\u00f3dicos, teses, anais de congressos, relat\u00f3rios t\u00e9cnicos e partes de documentos.<\/p>\n<p>O servi\u00e7o \u00e9 tarifado pelo IBICT de acordo com o n\u00famero de p\u00e1ginas desejadas.<\/p>\n<p>Mais informa\u00e7\u00f5es na Biblioteca ou pelo e-mail <a href=\"sptbc@ufrrj.br\">sptbc@ufrrj.br<\/a>.<\/p>\n<\/div>\n","protected":false},"excerpt":{"rendered":"<p>COMUT (Servi\u00e7o de Comuta\u00e7\u00e3o Bibliogr\u00e1fica) Programa desenvolvido pelo IBICT, com a coopera\u00e7\u00e3o de v\u00e1rias bibliotecas brasileiras, atrav\u00e9s do qual se <a class=\"read-more\" href=\"https:\/\/institucional.ufrrj.br\/biblioteca\/produtos-e-servicos\/acesso-ao-comut\/ \">&#8230; <i class=\"fa fa-long-arrow-right\"><\/i><\/a><\/p>\n","protected":false},"author":377,"featured_media":0,"parent":25,"menu_order":0,"comment_status":"open","ping_status":"open","template":"","meta":{"footnotes":"","_links_to":"","_links_to_target":""},"class_list":["post-62","page","type-page","status-publish","hentry"],"yoast_head":"<!-- This site is optimized with the Yoast SEO plugin v27.2 - https:\/\/yoast.com\/product\/yoast-seo-wordpress\/ -->\n<title>Acesso ao COMUT - BIBLIOTECA CENTRAL<\/title>\n<meta name=\"robots\" content=\"index, follow, max-snippet:-1, max-image-preview:large, max-video-preview:-1\" \/>\n<link rel=\"canonical\" href=\"https:\/\/institucional.ufrrj.br\/biblioteca\/produtos-e-servicos\/acesso-ao-comut\/\" \/>\n<meta property=\"og:locale\" content=\"pt_BR\" \/>\n<meta property=\"og:type\" content=\"article\" \/>\n<meta property=\"og:title\" content=\"Acesso ao COMUT - BIBLIOTECA CENTRAL\" \/>\n<meta property=\"og:description\" content=\"COMUT (Servi\u00e7o de Comuta\u00e7\u00e3o Bibliogr\u00e1fica) Programa desenvolvido pelo IBICT, com a coopera\u00e7\u00e3o de v\u00e1rias bibliotecas brasileiras, atrav\u00e9s do qual se ...\" \/>\n<meta property=\"og:url\" content=\"https:\/\/institucional.ufrrj.br\/biblioteca\/produtos-e-servicos\/acesso-ao-comut\/\" \/>\n<meta property=\"og:site_name\" content=\"BIBLIOTECA CENTRAL\" \/>\n<meta property=\"article:publisher\" content=\"https:\/\/www.facebook.com\/pages\/Biblioteca-Central-UFRRJ\/169326639938700?ref=profile\" \/>\n<meta property=\"article:modified_time\" content=\"2023-06-26T16:49:13+00:00\" \/>\n<meta name=\"twitter:card\" content=\"summary_large_image\" \/>\n<meta name=\"twitter:label1\" content=\"Est. tempo de leitura\" \/>\n\t<meta name=\"twitter:data1\" content=\"1 minuto\" \/>\n<script type=\"application\/ld+json\" class=\"yoast-schema-graph\">{\"@context\":\"https:\/\/schema.org\",\"@graph\":[{\"@type\":\"WebPage\",\"@id\":\"https:\/\/institucional.ufrrj.br\/biblioteca\/produtos-e-servicos\/acesso-ao-comut\/\",\"url\":\"https:\/\/institucional.ufrrj.br\/biblioteca\/produtos-e-servicos\/acesso-ao-comut\/\",\"name\":\"Acesso ao COMUT - BIBLIOTECA CENTRAL\",\"isPartOf\":{\"@id\":\"https:\/\/institucional.ufrrj.br\/biblioteca\/#website\"},\"datePublished\":\"2015-05-25T13:01:13+00:00\",\"dateModified\":\"2023-06-26T16:49:13+00:00\",\"breadcrumb\":{\"@id\":\"https:\/\/institucional.ufrrj.br\/biblioteca\/produtos-e-servicos\/acesso-ao-comut\/#breadcrumb\"},\"inLanguage\":\"pt-BR\",\"potentialAction\":[{\"@type\":\"ReadAction\",\"target\":[\"https:\/\/institucional.ufrrj.br\/biblioteca\/produtos-e-servicos\/acesso-ao-comut\/\"]}]},{\"@type\":\"BreadcrumbList\",\"@id\":\"https:\/\/institucional.ufrrj.br\/biblioteca\/produtos-e-servicos\/acesso-ao-comut\/#breadcrumb\",\"itemListElement\":[{\"@type\":\"ListItem\",\"position\":1,\"name\":\"In\u00edcio\",\"item\":\"https:\/\/institucional.ufrrj.br\/biblioteca\/\"},{\"@type\":\"ListItem\",\"position\":2,\"name\":\"Produtos e Servi\u00e7os\",\"item\":\"https:\/\/institucional.ufrrj.br\/biblioteca\/produtos-e-servicos\/\"},{\"@type\":\"ListItem\",\"position\":3,\"name\":\"Acesso ao COMUT\"}]},{\"@type\":\"WebSite\",\"@id\":\"https:\/\/institucional.ufrrj.br\/biblioteca\/#website\",\"url\":\"https:\/\/institucional.ufrrj.br\/biblioteca\/\",\"name\":\"BIBLIOTECA CENTRAL\",\"description\":\"Universidade Federal Rural do Rio de Janeiro  - UFRRJ\",\"potentialAction\":[{\"@type\":\"SearchAction\",\"target\":{\"@type\":\"EntryPoint\",\"urlTemplate\":\"https:\/\/institucional.ufrrj.br\/biblioteca\/?s={search_term_string}\"},\"query-input\":{\"@type\":\"PropertyValueSpecification\",\"valueRequired\":true,\"valueName\":\"search_term_string\"}}],\"inLanguage\":\"pt-BR\"}]}<\/script>\n<!-- \/ Yoast SEO plugin. -->","yoast_head_json":{"title":"Acesso ao COMUT - BIBLIOTECA CENTRAL","robots":{"index":"index","follow":"follow","max-snippet":"max-snippet:-1","max-image-preview":"max-image-preview:large","max-video-preview":"max-video-preview:-1"},"canonical":"https:\/\/institucional.ufrrj.br\/biblioteca\/produtos-e-servicos\/acesso-ao-comut\/","og_locale":"pt_BR","og_type":"article","og_title":"Acesso ao COMUT - BIBLIOTECA CENTRAL","og_description":"COMUT (Servi\u00e7o de Comuta\u00e7\u00e3o Bibliogr\u00e1fica) Programa desenvolvido pelo IBICT, com a coopera\u00e7\u00e3o de v\u00e1rias bibliotecas brasileiras, atrav\u00e9s do qual se ...","og_url":"https:\/\/institucional.ufrrj.br\/biblioteca\/produtos-e-servicos\/acesso-ao-comut\/","og_site_name":"BIBLIOTECA CENTRAL","article_publisher":"https:\/\/www.facebook.com\/pages\/Biblioteca-Central-UFRRJ\/169326639938700?ref=profile","article_modified_time":"2023-06-26T16:49:13+00:00","twitter_card":"summary_large_image","twitter_misc":{"Est. tempo de leitura":"1 minuto"},"schema":{"@context":"https:\/\/schema.org","@graph":[{"@type":"WebPage","@id":"https:\/\/institucional.ufrrj.br\/biblioteca\/produtos-e-servicos\/acesso-ao-comut\/","url":"https:\/\/institucional.ufrrj.br\/biblioteca\/produtos-e-servicos\/acesso-ao-comut\/","name":"Acesso ao COMUT - BIBLIOTECA CENTRAL","isPartOf":{"@id":"https:\/\/institucional.ufrrj.br\/biblioteca\/#website"},"datePublished":"2015-05-25T13:01:13+00:00","dateModified":"2023-06-26T16:49:13+00:00","breadcrumb":{"@id":"https:\/\/institucional.ufrrj.br\/biblioteca\/produtos-e-servicos\/acesso-ao-comut\/#breadcrumb"},"inLanguage":"pt-BR","potentialAction":[{"@type":"ReadAction","target":["https:\/\/institucional.ufrrj.br\/biblioteca\/produtos-e-servicos\/acesso-ao-comut\/"]}]},{"@type":"BreadcrumbList","@id":"https:\/\/institucional.ufrrj.br\/biblioteca\/produtos-e-servicos\/acesso-ao-comut\/#breadcrumb","itemListElement":[{"@type":"ListItem","position":1,"name":"In\u00edcio","item":"https:\/\/institucional.ufrrj.br\/biblioteca\/"},{"@type":"ListItem","position":2,"name":"Produtos e Servi\u00e7os","item":"https:\/\/institucional.ufrrj.br\/biblioteca\/produtos-e-servicos\/"},{"@type":"ListItem","position":3,"name":"Acesso ao COMUT"}]},{"@type":"WebSite","@id":"https:\/\/institucional.ufrrj.br\/biblioteca\/#website","url":"https:\/\/institucional.ufrrj.br\/biblioteca\/","name":"BIBLIOTECA CENTRAL","description":"Universidade Federal Rural do Rio de Janeiro  - UFRRJ","potentialAction":[{"@type":"SearchAction","target":{"@type":"EntryPoint","urlTemplate":"https:\/\/institucional.ufrrj.br\/biblioteca\/?s={search_term_string}"},"query-input":{"@type":"PropertyValueSpecification","valueRequired":true,"valueName":"search_term_string"}}],"inLanguage":"pt-BR"}]}},"_links":{"self":[{"href":"https:\/\/institucional.ufrrj.br\/biblioteca\/wp-json\/wp\/v2\/pages\/62","targetHints":{"allow":["GET"]}}],"collection":[{"href":"https:\/\/institucional.ufrrj.br\/biblioteca\/wp-json\/wp\/v2\/pages"}],"about":[{"href":"https:\/\/institucional.ufrrj.br\/biblioteca\/wp-json\/wp\/v2\/types\/page"}],"author":[{"embeddable":true,"href":"https:\/\/institucional.ufrrj.br\/biblioteca\/wp-json\/wp\/v2\/users\/377"}],"replies":[{"embeddable":true,"href":"https:\/\/institucional.ufrrj.br\/biblioteca\/wp-json\/wp\/v2\/comments?post=62"}],"version-history":[{"count":13,"href":"https:\/\/institucional.ufrrj.br\/biblioteca\/wp-json\/wp\/v2\/pages\/62\/revisions"}],"predecessor-version":[{"id":1984,"href":"https:\/\/institucional.ufrrj.br\/biblioteca\/wp-json\/wp\/v2\/pages\/62\/revisions\/1984"}],"up":[{"embeddable":true,"href":"https:\/\/institucional.ufrrj.br\/biblioteca\/wp-json\/wp\/v2\/pages\/25"}],"wp:attachment":[{"href":"https:\/\/institucional.ufrrj.br\/biblioteca\/wp-json\/wp\/v2\/media?parent=62"}],"curies":[{"name":"wp","href":"https:\/\/api.w.org\/{rel}","templated":true}]}}