{"id":60,"date":"2015-05-25T13:00:58","date_gmt":"2015-05-25T13:00:58","guid":{"rendered":"http:\/\/institucional.ufrrj.br\/biblioteca\/?page_id=60"},"modified":"2017-06-22T14:25:00","modified_gmt":"2017-06-22T17:25:00","slug":"emprestimo-entre-bibliotecas","status":"publish","type":"page","link":"https:\/\/institucional.ufrrj.br\/biblioteca\/produtos-e-servicos\/emprestimo-entre-bibliotecas\/","title":{"rendered":"Empr\u00e9stimo entre bibliotecas"},"content":{"rendered":"<div class=\"story\">\n<p>\u00a0\u00a0\u00a0\u00a0\u00a0\u00a0 <span style=\"color: #000000\">Empr\u00e9stimo realizado de uma biblioteca para outra, solicitando material bibliogr\u00e1fico existente em outras bibliotecas do pa\u00eds ou atendendo a pedido destas.<\/span><br \/>\n<span style=\"color: #000000\"> O usu\u00e1rio deve preencher um formul\u00e1rio a ser solicitado por email (bibliot@ufrrj.br) e\u00a0traz\u00ea-lo impresso ao Setor de Refer\u00eancia desta Biblioteca.<\/span><br \/>\n<span style=\"color: #000000\">A Carta de Empr\u00e9stimo ser\u00e1 feita com base nas informa\u00e7\u00f5es do formul\u00e1rio e\u00a0ser\u00e1 apresentada na biblioteca, onde ser\u00e1 feito o empr\u00e9stimo. O usu\u00e1rio deve seguir as normas de empr\u00e9stimo de onde est\u00e1 retirando a obra.<\/span><\/p>\n<\/div>\n<p><span style=\"color: #0000ff\"><em><a style=\"color: #0000ff\" href=\"http:\/\/www.biblioteca.ufrrj.br\/produtos.html#\">&lt;&lt; voltar ao in\u00edcio da p\u00e1gina<\/a><\/em><\/span><\/p>\n","protected":false},"excerpt":{"rendered":"<p>\u00a0\u00a0\u00a0\u00a0\u00a0\u00a0 Empr\u00e9stimo realizado de uma biblioteca para outra, solicitando material bibliogr\u00e1fico existente em outras bibliotecas do pa\u00eds ou atendendo a <a class=\"read-more\" href=\"https:\/\/institucional.ufrrj.br\/biblioteca\/produtos-e-servicos\/emprestimo-entre-bibliotecas\/ \">&#8230; <i class=\"fa fa-long-arrow-right\"><\/i><\/a><\/p>\n","protected":false},"author":634,"featured_media":0,"parent":25,"menu_order":0,"comment_status":"open","ping_status":"open","template":"","meta":{"footnotes":"","_links_to":"","_links_to_target":""},"class_list":["post-60","page","type-page","status-publish","hentry"],"yoast_head":"<!-- This site is optimized with the Yoast SEO plugin v27.2 - https:\/\/yoast.com\/product\/yoast-seo-wordpress\/ -->\n<title>Empr\u00e9stimo entre bibliotecas - BIBLIOTECA CENTRAL<\/title>\n<meta name=\"robots\" content=\"index, follow, max-snippet:-1, max-image-preview:large, max-video-preview:-1\" \/>\n<link rel=\"canonical\" href=\"https:\/\/institucional.ufrrj.br\/biblioteca\/produtos-e-servicos\/emprestimo-entre-bibliotecas\/\" \/>\n<meta property=\"og:locale\" content=\"pt_BR\" \/>\n<meta property=\"og:type\" content=\"article\" \/>\n<meta property=\"og:title\" content=\"Empr\u00e9stimo entre bibliotecas - BIBLIOTECA CENTRAL\" \/>\n<meta property=\"og:description\" content=\"\u00a0\u00a0\u00a0\u00a0\u00a0\u00a0 Empr\u00e9stimo realizado de uma biblioteca para outra, solicitando material bibliogr\u00e1fico existente em outras bibliotecas do pa\u00eds ou atendendo a ...\" \/>\n<meta property=\"og:url\" content=\"https:\/\/institucional.ufrrj.br\/biblioteca\/produtos-e-servicos\/emprestimo-entre-bibliotecas\/\" \/>\n<meta property=\"og:site_name\" content=\"BIBLIOTECA CENTRAL\" \/>\n<meta property=\"article:publisher\" content=\"https:\/\/www.facebook.com\/pages\/Biblioteca-Central-UFRRJ\/169326639938700?ref=profile\" \/>\n<meta property=\"article:modified_time\" content=\"2017-06-22T17:25:00+00:00\" \/>\n<meta name=\"twitter:card\" content=\"summary_large_image\" \/>\n<meta name=\"twitter:label1\" content=\"Est. tempo de leitura\" \/>\n\t<meta name=\"twitter:data1\" content=\"1 minuto\" \/>\n<script type=\"application\/ld+json\" class=\"yoast-schema-graph\">{\"@context\":\"https:\/\/schema.org\",\"@graph\":[{\"@type\":\"WebPage\",\"@id\":\"https:\/\/institucional.ufrrj.br\/biblioteca\/produtos-e-servicos\/emprestimo-entre-bibliotecas\/\",\"url\":\"https:\/\/institucional.ufrrj.br\/biblioteca\/produtos-e-servicos\/emprestimo-entre-bibliotecas\/\",\"name\":\"Empr\u00e9stimo entre bibliotecas - BIBLIOTECA CENTRAL\",\"isPartOf\":{\"@id\":\"https:\/\/institucional.ufrrj.br\/biblioteca\/#website\"},\"datePublished\":\"2015-05-25T13:00:58+00:00\",\"dateModified\":\"2017-06-22T17:25:00+00:00\",\"breadcrumb\":{\"@id\":\"https:\/\/institucional.ufrrj.br\/biblioteca\/produtos-e-servicos\/emprestimo-entre-bibliotecas\/#breadcrumb\"},\"inLanguage\":\"pt-BR\",\"potentialAction\":[{\"@type\":\"ReadAction\",\"target\":[\"https:\/\/institucional.ufrrj.br\/biblioteca\/produtos-e-servicos\/emprestimo-entre-bibliotecas\/\"]}]},{\"@type\":\"BreadcrumbList\",\"@id\":\"https:\/\/institucional.ufrrj.br\/biblioteca\/produtos-e-servicos\/emprestimo-entre-bibliotecas\/#breadcrumb\",\"itemListElement\":[{\"@type\":\"ListItem\",\"position\":1,\"name\":\"In\u00edcio\",\"item\":\"https:\/\/institucional.ufrrj.br\/biblioteca\/\"},{\"@type\":\"ListItem\",\"position\":2,\"name\":\"Produtos e Servi\u00e7os\",\"item\":\"https:\/\/institucional.ufrrj.br\/biblioteca\/produtos-e-servicos\/\"},{\"@type\":\"ListItem\",\"position\":3,\"name\":\"Empr\u00e9stimo entre bibliotecas\"}]},{\"@type\":\"WebSite\",\"@id\":\"https:\/\/institucional.ufrrj.br\/biblioteca\/#website\",\"url\":\"https:\/\/institucional.ufrrj.br\/biblioteca\/\",\"name\":\"BIBLIOTECA CENTRAL\",\"description\":\"Universidade Federal Rural do Rio de Janeiro  - UFRRJ\",\"potentialAction\":[{\"@type\":\"SearchAction\",\"target\":{\"@type\":\"EntryPoint\",\"urlTemplate\":\"https:\/\/institucional.ufrrj.br\/biblioteca\/?s={search_term_string}\"},\"query-input\":{\"@type\":\"PropertyValueSpecification\",\"valueRequired\":true,\"valueName\":\"search_term_string\"}}],\"inLanguage\":\"pt-BR\"}]}<\/script>\n<!-- \/ Yoast SEO plugin. -->","yoast_head_json":{"title":"Empr\u00e9stimo entre bibliotecas - BIBLIOTECA CENTRAL","robots":{"index":"index","follow":"follow","max-snippet":"max-snippet:-1","max-image-preview":"max-image-preview:large","max-video-preview":"max-video-preview:-1"},"canonical":"https:\/\/institucional.ufrrj.br\/biblioteca\/produtos-e-servicos\/emprestimo-entre-bibliotecas\/","og_locale":"pt_BR","og_type":"article","og_title":"Empr\u00e9stimo entre bibliotecas - BIBLIOTECA CENTRAL","og_description":"\u00a0\u00a0\u00a0\u00a0\u00a0\u00a0 Empr\u00e9stimo realizado de uma biblioteca para outra, solicitando material bibliogr\u00e1fico existente em outras bibliotecas do pa\u00eds ou atendendo a ...","og_url":"https:\/\/institucional.ufrrj.br\/biblioteca\/produtos-e-servicos\/emprestimo-entre-bibliotecas\/","og_site_name":"BIBLIOTECA CENTRAL","article_publisher":"https:\/\/www.facebook.com\/pages\/Biblioteca-Central-UFRRJ\/169326639938700?ref=profile","article_modified_time":"2017-06-22T17:25:00+00:00","twitter_card":"summary_large_image","twitter_misc":{"Est. tempo de leitura":"1 minuto"},"schema":{"@context":"https:\/\/schema.org","@graph":[{"@type":"WebPage","@id":"https:\/\/institucional.ufrrj.br\/biblioteca\/produtos-e-servicos\/emprestimo-entre-bibliotecas\/","url":"https:\/\/institucional.ufrrj.br\/biblioteca\/produtos-e-servicos\/emprestimo-entre-bibliotecas\/","name":"Empr\u00e9stimo entre bibliotecas - BIBLIOTECA CENTRAL","isPartOf":{"@id":"https:\/\/institucional.ufrrj.br\/biblioteca\/#website"},"datePublished":"2015-05-25T13:00:58+00:00","dateModified":"2017-06-22T17:25:00+00:00","breadcrumb":{"@id":"https:\/\/institucional.ufrrj.br\/biblioteca\/produtos-e-servicos\/emprestimo-entre-bibliotecas\/#breadcrumb"},"inLanguage":"pt-BR","potentialAction":[{"@type":"ReadAction","target":["https:\/\/institucional.ufrrj.br\/biblioteca\/produtos-e-servicos\/emprestimo-entre-bibliotecas\/"]}]},{"@type":"BreadcrumbList","@id":"https:\/\/institucional.ufrrj.br\/biblioteca\/produtos-e-servicos\/emprestimo-entre-bibliotecas\/#breadcrumb","itemListElement":[{"@type":"ListItem","position":1,"name":"In\u00edcio","item":"https:\/\/institucional.ufrrj.br\/biblioteca\/"},{"@type":"ListItem","position":2,"name":"Produtos e Servi\u00e7os","item":"https:\/\/institucional.ufrrj.br\/biblioteca\/produtos-e-servicos\/"},{"@type":"ListItem","position":3,"name":"Empr\u00e9stimo entre bibliotecas"}]},{"@type":"WebSite","@id":"https:\/\/institucional.ufrrj.br\/biblioteca\/#website","url":"https:\/\/institucional.ufrrj.br\/biblioteca\/","name":"BIBLIOTECA CENTRAL","description":"Universidade Federal Rural do Rio de Janeiro  - UFRRJ","potentialAction":[{"@type":"SearchAction","target":{"@type":"EntryPoint","urlTemplate":"https:\/\/institucional.ufrrj.br\/biblioteca\/?s={search_term_string}"},"query-input":{"@type":"PropertyValueSpecification","valueRequired":true,"valueName":"search_term_string"}}],"inLanguage":"pt-BR"}]}},"_links":{"self":[{"href":"https:\/\/institucional.ufrrj.br\/biblioteca\/wp-json\/wp\/v2\/pages\/60","targetHints":{"allow":["GET"]}}],"collection":[{"href":"https:\/\/institucional.ufrrj.br\/biblioteca\/wp-json\/wp\/v2\/pages"}],"about":[{"href":"https:\/\/institucional.ufrrj.br\/biblioteca\/wp-json\/wp\/v2\/types\/page"}],"author":[{"embeddable":true,"href":"https:\/\/institucional.ufrrj.br\/biblioteca\/wp-json\/wp\/v2\/users\/634"}],"replies":[{"embeddable":true,"href":"https:\/\/institucional.ufrrj.br\/biblioteca\/wp-json\/wp\/v2\/comments?post=60"}],"version-history":[{"count":8,"href":"https:\/\/institucional.ufrrj.br\/biblioteca\/wp-json\/wp\/v2\/pages\/60\/revisions"}],"predecessor-version":[{"id":942,"href":"https:\/\/institucional.ufrrj.br\/biblioteca\/wp-json\/wp\/v2\/pages\/60\/revisions\/942"}],"up":[{"embeddable":true,"href":"https:\/\/institucional.ufrrj.br\/biblioteca\/wp-json\/wp\/v2\/pages\/25"}],"wp:attachment":[{"href":"https:\/\/institucional.ufrrj.br\/biblioteca\/wp-json\/wp\/v2\/media?parent=60"}],"curies":[{"name":"wp","href":"https:\/\/api.w.org\/{rel}","templated":true}]}}