{"id":58,"date":"2015-05-25T13:00:45","date_gmt":"2015-05-25T13:00:45","guid":{"rendered":"http:\/\/institucional.ufrrj.br\/biblioteca\/?page_id=58"},"modified":"2026-01-15T22:58:06","modified_gmt":"2026-01-16T01:58:06","slug":"renovacao-e-reservas","status":"publish","type":"page","link":"https:\/\/institucional.ufrrj.br\/biblioteca\/produtos-e-servicos\/renovacao-e-reservas\/","title":{"rendered":"Renova\u00e7\u00e3o e Reservas"},"content":{"rendered":"<div class=\"story\">\n<p><span style=\"color: #000000\">A <strong>renova\u00e7\u00e3o<\/strong> pode ser feita presencialmente nos terminais de consulta pelo pr\u00f3prio usu\u00e1rio, online pela web,\u00a0 ou pelo aplicativo mobile do sistema Pergamum, por at\u00e9 3 (tr\u00eas) vezes seguidas. Se houver necessidade de mais renova\u00e7\u00e3o, o usu\u00e1rio dever\u00e1 se apresentar com o livro no Setor de Empr\u00e9stimo da biblioteca.<\/span><br \/><span style=\"color: #000000\"> O sistema bloqueia automaticamente a renova\u00e7\u00e3o de obras que estejam reservadas ou em atraso.<\/span><\/p>\n<p><span style=\"color: #000000\">A <strong>reserva <\/strong>de obras pode ser feita presencialmente nos terminais de consulta pelo pr\u00f3prio usu\u00e1rio, online pela web. ou pelo aplicativo mobile do sistema Pergamum.\u00a0 Quando dispon\u00edvel, a obra ficar\u00e1 na biblioteca por 48h aguardando a retirada. A n\u00e3o retirada dentro do prazo inv\u00e1lida a reserva que ficar\u00e1 dispon\u00edvel para outro usu\u00e1rio ou novamente para empr\u00e9stimo normal.<\/span><\/p>\n<p><span style=\"color: #000000\">Para renova\u00e7\u00e3o: <span style=\"text-decoration: underline\"><span style=\"color: #0000ff;text-decoration: underline\">http:\/\/pergamum.ufrrj.br\/biblioteca_s\/php\/login_usu.php?flag=index.php<\/span><\/span><br \/>Para reserva:\u00a0<span style=\"text-decoration: underline\"><span style=\"color: #0000ff;text-decoration: underline\"><a style=\"color: #0000ff;text-decoration: underline\" title=\"Renoca\u00e7\u00e3o e Reserva pelo Sistema Pergamum\" href=\"http:\/\/pergamum.ufrrj.br\/biblioteca\/\">http:\/\/pergamum.ufrrj.br\/biblioteca\/<\/a><br \/><\/span><\/span><\/span>Tamb\u00e9m acesse pelo seu celular ou tablet no <span style=\"color: #0000ff\"><a style=\"color: #0000ff\" href=\"http:\/\/pergamum.ufrrj.br\/mobile\/\">http:\/\/pergamum.ufrrj.br\/mobile<\/a><\/span><\/p>\n<\/div>\n<p>D\u00favidas: <span style=\"color: #0000ff\">srbc@ufrrj.br<\/span><\/p>\n\n\n<figure class=\"wp-block-table\"><table class=\"has-fixed-layout\"><tbody><tr><td class=\"has-text-align-center\" data-align=\"center\"><strong>Renova\u00e7\u00e3o<\/strong><\/td><td class=\"has-text-align-center\" data-align=\"center\"><strong>Reserva<\/strong><\/td><\/tr><tr><td class=\"has-text-align-center\" data-align=\"center\">At\u00e9 3 vezes: <a href=\"http:\/\/pergamum.ufrrj.br\/biblioteca_s\/php\/login_usu.php?flag=index.php\"><strong><mark class=\"has-inline-color has-vivid-cyan-blue-color\">online<\/mark><\/strong><\/a> e presencial<\/td><td class=\"has-text-align-center\" data-align=\"center\"><strong><a href=\"http:\/\/pergamum.ufrrj.br\/biblioteca\/\"><mark class=\"has-inline-color has-vivid-cyan-blue-color\">online<\/mark><\/a> <\/strong>e presencial<\/td><\/tr><tr><td class=\"has-text-align-center\" data-align=\"center\">Mais de 3 vezes: devolu\u00e7\u00e3o e novo empr\u00e9stimo presencialmente.<\/td><td class=\"has-text-align-center\" data-align=\"center\">Retirada at\u00e9 48h.<\/td><\/tr><\/tbody><\/table><\/figure>\n\n\n\n<p>&#8212;<\/p>\n\n\n\n<p><em>Outras informa\u00e7\u00f5es relacionadas (empr\u00e9stimos do acervo, devolu\u00e7\u00e3o, atraso, multa e explore + fontes)<\/em><\/p>\n\n\n\n<figure class=\"wp-block-embed is-type-wp-embed is-provider-biblioteca-central wp-block-embed-biblioteca-central\"><div class=\"wp-block-embed__wrapper\">\n<blockquote class=\"wp-embedded-content\" data-secret=\"omRg6hp4t8\"><a href=\"https:\/\/institucional.ufrrj.br\/biblioteca\/produtos-e-servicos\/emprestimos\/\">Empr\u00e9stimos do acervo<\/a><\/blockquote><iframe loading=\"lazy\" class=\"wp-embedded-content\" sandbox=\"allow-scripts\" security=\"restricted\" style=\"position: absolute; visibility: hidden;\" title=\"&#8220;Empr\u00e9stimos do acervo&#8221; &#8212; BIBLIOTECA CENTRAL\" src=\"https:\/\/institucional.ufrrj.br\/biblioteca\/produtos-e-servicos\/emprestimos\/embed\/#?secret=jzAmAUhFsj#?secret=omRg6hp4t8\" data-secret=\"omRg6hp4t8\" width=\"500\" height=\"282\" frameborder=\"0\" marginwidth=\"0\" marginheight=\"0\" scrolling=\"no\"><\/iframe>\n<\/div><\/figure>\n\n\n\n<figure class=\"wp-block-embed is-type-wp-embed is-provider-biblioteca-central wp-block-embed-biblioteca-central\"><div class=\"wp-block-embed__wrapper\">\n<blockquote class=\"wp-embedded-content\" data-secret=\"0YAfB7LmuK\"><a href=\"https:\/\/institucional.ufrrj.br\/biblioteca\/produtos-e-servicos\/devolucoes-e-atrasos\/\">Devolu\u00e7\u00f5es, atrasos e multas<\/a><\/blockquote><iframe loading=\"lazy\" class=\"wp-embedded-content\" sandbox=\"allow-scripts\" security=\"restricted\" style=\"position: absolute; visibility: hidden;\" title=\"&#8220;Devolu\u00e7\u00f5es, atrasos e multas&#8221; &#8212; BIBLIOTECA CENTRAL\" src=\"https:\/\/institucional.ufrrj.br\/biblioteca\/produtos-e-servicos\/devolucoes-e-atrasos\/embed\/#?secret=bLWHLQPtB9#?secret=0YAfB7LmuK\" data-secret=\"0YAfB7LmuK\" width=\"500\" height=\"282\" frameborder=\"0\" marginwidth=\"0\" marginheight=\"0\" scrolling=\"no\"><\/iframe>\n<\/div><\/figure>\n\n\n\n<figure class=\"wp-block-embed is-type-wp-embed is-provider-biblioteca-central wp-block-embed-biblioteca-central\"><div class=\"wp-block-embed__wrapper\">\n<blockquote class=\"wp-embedded-content\" data-secret=\"CO9pepIyv6\"><a href=\"https:\/\/institucional.ufrrj.br\/biblioteca\/exploremaisfontes\/\">Explore + fontes<\/a><\/blockquote><iframe loading=\"lazy\" class=\"wp-embedded-content\" sandbox=\"allow-scripts\" security=\"restricted\" style=\"position: absolute; visibility: hidden;\" title=\"&#8220;Explore + fontes&#8221; &#8212; BIBLIOTECA CENTRAL\" src=\"https:\/\/institucional.ufrrj.br\/biblioteca\/exploremaisfontes\/embed\/#?secret=UGo9slXlZ1#?secret=CO9pepIyv6\" data-secret=\"CO9pepIyv6\" width=\"500\" height=\"282\" frameborder=\"0\" marginwidth=\"0\" marginheight=\"0\" scrolling=\"no\"><\/iframe>\n<\/div><\/figure>\n","protected":false},"excerpt":{"rendered":"<p>A renova\u00e7\u00e3o pode ser feita presencialmente nos terminais de consulta pelo pr\u00f3prio usu\u00e1rio, online pela web,\u00a0 ou pelo aplicativo mobile <a class=\"read-more\" href=\"https:\/\/institucional.ufrrj.br\/biblioteca\/produtos-e-servicos\/renovacao-e-reservas\/ \">&#8230; <i class=\"fa fa-long-arrow-right\"><\/i><\/a><\/p>\n","protected":false},"author":634,"featured_media":0,"parent":25,"menu_order":0,"comment_status":"open","ping_status":"open","template":"","meta":{"footnotes":"","_links_to":"","_links_to_target":""},"class_list":["post-58","page","type-page","status-publish","hentry"],"yoast_head":"<!-- This site is optimized with the Yoast SEO plugin v27.2 - https:\/\/yoast.com\/product\/yoast-seo-wordpress\/ -->\n<title>Renova\u00e7\u00e3o e Reservas - BIBLIOTECA CENTRAL<\/title>\n<meta name=\"robots\" content=\"index, follow, max-snippet:-1, max-image-preview:large, max-video-preview:-1\" \/>\n<link rel=\"canonical\" href=\"https:\/\/institucional.ufrrj.br\/biblioteca\/produtos-e-servicos\/renovacao-e-reservas\/\" \/>\n<meta property=\"og:locale\" content=\"pt_BR\" \/>\n<meta property=\"og:type\" content=\"article\" \/>\n<meta property=\"og:title\" content=\"Renova\u00e7\u00e3o e Reservas - BIBLIOTECA CENTRAL\" \/>\n<meta property=\"og:description\" content=\"A renova\u00e7\u00e3o pode ser feita presencialmente nos terminais de consulta pelo pr\u00f3prio usu\u00e1rio, online pela web,\u00a0 ou pelo aplicativo mobile ...\" \/>\n<meta property=\"og:url\" content=\"https:\/\/institucional.ufrrj.br\/biblioteca\/produtos-e-servicos\/renovacao-e-reservas\/\" \/>\n<meta property=\"og:site_name\" content=\"BIBLIOTECA CENTRAL\" \/>\n<meta property=\"article:publisher\" content=\"https:\/\/www.facebook.com\/pages\/Biblioteca-Central-UFRRJ\/169326639938700?ref=profile\" \/>\n<meta property=\"article:modified_time\" content=\"2026-01-16T01:58:06+00:00\" \/>\n<meta name=\"twitter:card\" content=\"summary_large_image\" \/>\n<meta name=\"twitter:label1\" content=\"Est. tempo de leitura\" \/>\n\t<meta name=\"twitter:data1\" content=\"1 minuto\" \/>\n<script type=\"application\/ld+json\" class=\"yoast-schema-graph\">{\"@context\":\"https:\/\/schema.org\",\"@graph\":[{\"@type\":\"WebPage\",\"@id\":\"https:\/\/institucional.ufrrj.br\/biblioteca\/produtos-e-servicos\/renovacao-e-reservas\/\",\"url\":\"https:\/\/institucional.ufrrj.br\/biblioteca\/produtos-e-servicos\/renovacao-e-reservas\/\",\"name\":\"Renova\u00e7\u00e3o e Reservas - BIBLIOTECA CENTRAL\",\"isPartOf\":{\"@id\":\"https:\/\/institucional.ufrrj.br\/biblioteca\/#website\"},\"datePublished\":\"2015-05-25T13:00:45+00:00\",\"dateModified\":\"2026-01-16T01:58:06+00:00\",\"breadcrumb\":{\"@id\":\"https:\/\/institucional.ufrrj.br\/biblioteca\/produtos-e-servicos\/renovacao-e-reservas\/#breadcrumb\"},\"inLanguage\":\"pt-BR\",\"potentialAction\":[{\"@type\":\"ReadAction\",\"target\":[\"https:\/\/institucional.ufrrj.br\/biblioteca\/produtos-e-servicos\/renovacao-e-reservas\/\"]}]},{\"@type\":\"BreadcrumbList\",\"@id\":\"https:\/\/institucional.ufrrj.br\/biblioteca\/produtos-e-servicos\/renovacao-e-reservas\/#breadcrumb\",\"itemListElement\":[{\"@type\":\"ListItem\",\"position\":1,\"name\":\"In\u00edcio\",\"item\":\"https:\/\/institucional.ufrrj.br\/biblioteca\/\"},{\"@type\":\"ListItem\",\"position\":2,\"name\":\"Produtos e Servi\u00e7os\",\"item\":\"https:\/\/institucional.ufrrj.br\/biblioteca\/produtos-e-servicos\/\"},{\"@type\":\"ListItem\",\"position\":3,\"name\":\"Renova\u00e7\u00e3o e Reservas\"}]},{\"@type\":\"WebSite\",\"@id\":\"https:\/\/institucional.ufrrj.br\/biblioteca\/#website\",\"url\":\"https:\/\/institucional.ufrrj.br\/biblioteca\/\",\"name\":\"BIBLIOTECA CENTRAL\",\"description\":\"Universidade Federal Rural do Rio de Janeiro  - UFRRJ\",\"potentialAction\":[{\"@type\":\"SearchAction\",\"target\":{\"@type\":\"EntryPoint\",\"urlTemplate\":\"https:\/\/institucional.ufrrj.br\/biblioteca\/?s={search_term_string}\"},\"query-input\":{\"@type\":\"PropertyValueSpecification\",\"valueRequired\":true,\"valueName\":\"search_term_string\"}}],\"inLanguage\":\"pt-BR\"}]}<\/script>\n<!-- \/ Yoast SEO plugin. -->","yoast_head_json":{"title":"Renova\u00e7\u00e3o e Reservas - BIBLIOTECA CENTRAL","robots":{"index":"index","follow":"follow","max-snippet":"max-snippet:-1","max-image-preview":"max-image-preview:large","max-video-preview":"max-video-preview:-1"},"canonical":"https:\/\/institucional.ufrrj.br\/biblioteca\/produtos-e-servicos\/renovacao-e-reservas\/","og_locale":"pt_BR","og_type":"article","og_title":"Renova\u00e7\u00e3o e Reservas - BIBLIOTECA CENTRAL","og_description":"A renova\u00e7\u00e3o pode ser feita presencialmente nos terminais de consulta pelo pr\u00f3prio usu\u00e1rio, online pela web,\u00a0 ou pelo aplicativo mobile ...","og_url":"https:\/\/institucional.ufrrj.br\/biblioteca\/produtos-e-servicos\/renovacao-e-reservas\/","og_site_name":"BIBLIOTECA CENTRAL","article_publisher":"https:\/\/www.facebook.com\/pages\/Biblioteca-Central-UFRRJ\/169326639938700?ref=profile","article_modified_time":"2026-01-16T01:58:06+00:00","twitter_card":"summary_large_image","twitter_misc":{"Est. tempo de leitura":"1 minuto"},"schema":{"@context":"https:\/\/schema.org","@graph":[{"@type":"WebPage","@id":"https:\/\/institucional.ufrrj.br\/biblioteca\/produtos-e-servicos\/renovacao-e-reservas\/","url":"https:\/\/institucional.ufrrj.br\/biblioteca\/produtos-e-servicos\/renovacao-e-reservas\/","name":"Renova\u00e7\u00e3o e Reservas - BIBLIOTECA CENTRAL","isPartOf":{"@id":"https:\/\/institucional.ufrrj.br\/biblioteca\/#website"},"datePublished":"2015-05-25T13:00:45+00:00","dateModified":"2026-01-16T01:58:06+00:00","breadcrumb":{"@id":"https:\/\/institucional.ufrrj.br\/biblioteca\/produtos-e-servicos\/renovacao-e-reservas\/#breadcrumb"},"inLanguage":"pt-BR","potentialAction":[{"@type":"ReadAction","target":["https:\/\/institucional.ufrrj.br\/biblioteca\/produtos-e-servicos\/renovacao-e-reservas\/"]}]},{"@type":"BreadcrumbList","@id":"https:\/\/institucional.ufrrj.br\/biblioteca\/produtos-e-servicos\/renovacao-e-reservas\/#breadcrumb","itemListElement":[{"@type":"ListItem","position":1,"name":"In\u00edcio","item":"https:\/\/institucional.ufrrj.br\/biblioteca\/"},{"@type":"ListItem","position":2,"name":"Produtos e Servi\u00e7os","item":"https:\/\/institucional.ufrrj.br\/biblioteca\/produtos-e-servicos\/"},{"@type":"ListItem","position":3,"name":"Renova\u00e7\u00e3o e Reservas"}]},{"@type":"WebSite","@id":"https:\/\/institucional.ufrrj.br\/biblioteca\/#website","url":"https:\/\/institucional.ufrrj.br\/biblioteca\/","name":"BIBLIOTECA CENTRAL","description":"Universidade Federal Rural do Rio de Janeiro  - UFRRJ","potentialAction":[{"@type":"SearchAction","target":{"@type":"EntryPoint","urlTemplate":"https:\/\/institucional.ufrrj.br\/biblioteca\/?s={search_term_string}"},"query-input":{"@type":"PropertyValueSpecification","valueRequired":true,"valueName":"search_term_string"}}],"inLanguage":"pt-BR"}]}},"_links":{"self":[{"href":"https:\/\/institucional.ufrrj.br\/biblioteca\/wp-json\/wp\/v2\/pages\/58","targetHints":{"allow":["GET"]}}],"collection":[{"href":"https:\/\/institucional.ufrrj.br\/biblioteca\/wp-json\/wp\/v2\/pages"}],"about":[{"href":"https:\/\/institucional.ufrrj.br\/biblioteca\/wp-json\/wp\/v2\/types\/page"}],"author":[{"embeddable":true,"href":"https:\/\/institucional.ufrrj.br\/biblioteca\/wp-json\/wp\/v2\/users\/634"}],"replies":[{"embeddable":true,"href":"https:\/\/institucional.ufrrj.br\/biblioteca\/wp-json\/wp\/v2\/comments?post=58"}],"version-history":[{"count":3,"href":"https:\/\/institucional.ufrrj.br\/biblioteca\/wp-json\/wp\/v2\/pages\/58\/revisions"}],"predecessor-version":[{"id":3397,"href":"https:\/\/institucional.ufrrj.br\/biblioteca\/wp-json\/wp\/v2\/pages\/58\/revisions\/3397"}],"up":[{"embeddable":true,"href":"https:\/\/institucional.ufrrj.br\/biblioteca\/wp-json\/wp\/v2\/pages\/25"}],"wp:attachment":[{"href":"https:\/\/institucional.ufrrj.br\/biblioteca\/wp-json\/wp\/v2\/media?parent=58"}],"curies":[{"name":"wp","href":"https:\/\/api.w.org\/{rel}","templated":true}]}}