{"id":56,"date":"2015-05-25T13:00:28","date_gmt":"2015-05-25T13:00:28","guid":{"rendered":"http:\/\/institucional.ufrrj.br\/biblioteca\/?page_id=56"},"modified":"2026-01-14T18:20:19","modified_gmt":"2026-01-14T21:20:19","slug":"devolucoes-e-atrasos","status":"publish","type":"page","link":"https:\/\/institucional.ufrrj.br\/biblioteca\/produtos-e-servicos\/devolucoes-e-atrasos\/","title":{"rendered":"Devolu\u00e7\u00f5es, atrasos e multas"},"content":{"rendered":"<div><span style=\"font-size: revert\">O <\/span><strong style=\"font-size: revert\">material emprestado<\/strong><span style=\"font-size: revert\"> deve ser devolvido nos dias \u00fateis, de segunda \u00e0 sexta-feira, das <\/span><strong style=\"font-size: revert\">8h \u00e0s 21h<\/strong><span style=\"font-size: revert\">.<\/span><\/div>\n<div class=\"story\">\n<p><span style=\"color: #000000\"> <br \/>A <strong>devolu\u00e7\u00e3o de obras<\/strong>, <strong>com atraso<\/strong>, implicar\u00e1 em cobran\u00e7a de <strong>multa \/ d\u00e9bito<\/strong> no valor de <strong>R$1,00<\/strong> por dia \u00fatil, <span style=\"text-decoration: underline\">n\u00e3o sendo contados feriados e outros fechamentos de expediente<\/span>.<\/span><\/p>\n<p><span style=\"color: #000000\">Estas obras geram multas individualmente, mas a cobran\u00e7a \u00e9 feita na soma dos dias em atraso.<\/span><\/p>\n<p><span style=\"color: #000000\"><span style=\"text-decoration: underline\">Ex<\/span>: 2 (dois) livros atrasados, o primeiro por 2 (dois) dias e o segundo por 5 (cinco) dias = 2+5 = 7 (sete) reais na cobran\u00e7a da <strong>multa<\/strong>\u00a0por meio da <strong>GRU Simples<\/strong>.<br \/><\/span><\/p>\n<p>Caso tenha uma <strong>multa grande<\/strong>, \u00e9 poss\u00edvel negociar a doa\u00e7\u00e3o de um livro que a biblioteca deseja. Entre em contato pelo email <b>srbc@ufrrj.br<\/b> ou presencialmente.<\/p>\n<p>&#8212;<\/p>\n<p><strong style=\"color: initial\">Preenchimento da GRU Simples (multa) &#8211; passo a passo<\/strong><\/p>\n<\/div>\n<p>Acesse o link: <span style=\"color: #0000ff\"><a style=\"color: #0000ff\" href=\"https:\/\/pagtesouro.tesouro.gov.br\/portal-gru\/#\/emissao-gru\" target=\"_blank\" rel=\"noopener\">https:\/\/pagtesouro.tesouro.gov.br\/portal-gru\/#\/emissao-gru<\/a><\/span><\/p>\n<p><span style=\"color: #000000\">\u00b7 Preencher com os dados abaixo (<em>imagens abaixo para ilustra\u00e7\u00e3o<\/em>):<\/span><\/p>\n<ol>\n<li><span style=\"color: #000000\"><strong>Unidade Gestora (UG)<\/strong>: 153166 (Universidade Federal Rural do Rio de Janeiro);<\/span><\/li>\n<li><span style=\"color: #000000\"><strong>C\u00f3digo de Recolhimento<\/strong>: 28830-6 (Servi\u00e7os administrativos);<\/span><\/li>\n<li><span style=\"color: #000000\">Bot\u00e3o &#8220;<strong>Avan\u00e7ar<\/strong>&#8220;;<\/span><\/li>\n<li><span style=\"color: #000000\">Inserir <span style=\"text-decoration: underline\">CPF da pessoa com pend\u00eancia<\/span> em <strong>CNPJ ou CPF do Contribuinte<\/strong>;<\/span><\/li>\n<li><span style=\"color: #000000\">Inserir <span style=\"text-decoration: underline\">nome da pessoa com pend\u00eancia<\/span> em <strong>Nome do Contribuinte<\/strong>;<\/span><\/li>\n<li><span style=\"color: #000000\"><strong>N\u00famero de Refer\u00eancia<\/strong>: 12280115;<\/span><\/li>\n<li><span style=\"color: #000000\"><strong>Compet\u00eancia (mm\/aaaa)<\/strong>: m\u00eas e ano do pagamento;<\/span><\/li>\n<li><span style=\"color: #000000\"><strong>Vencimento (dd\/mm\/aaaa)<\/strong>: dia, m\u00eas e ano do pagamento;<br \/>. <strong><em>Dica<\/em><\/strong>: coloque o vencimento para o pr\u00f3ximo dia \u00fatil.<\/span><\/li>\n<li><span style=\"color: #000000\"><strong>Valor Principal<\/strong>: <span style=\"text-decoration: underline\">valor da multa<\/span> \/ d\u00e9bito vigente;<\/span><\/li>\n<li>Bot\u00e3o &#8220;<strong>Gerar GRU<\/strong>&#8220;;<\/li>\n<li><span style=\"color: #000000\"><strong>Pagar a GRU<\/strong> <em>exclusivamente<\/em> no Banco do Brasil;<\/span><\/li>\n<li><span style=\"color: #000000\"><strong>Ap\u00f3s o pagamento da GRU<\/strong>, <span style=\"text-decoration: underline\">envie c\u00f3pia do recibo para o e-mail <span style=\"color: #0000ff;text-decoration: underline\">srbc@ufrrj.br<\/span><\/span><\/span><br \/><span style=\"color: #000000\">. <strong><em>Assunto<\/em><\/strong>: Multa<\/span><br \/><span style=\"color: #000000\">. <strong><em>Corpo da mensagem<\/em><\/strong>: nome completo e cadastro na biblioteca<\/span><\/li>\n<\/ol>\n<p><span style=\"color: #0000ff\"><em><a style=\"color: #0000ff\" href=\"http:\/\/www.biblioteca.ufrrj.br\/produtos.html#\">&lt;&lt; voltar ao in\u00edcio da p\u00e1gina<\/a><\/em><\/span><\/p>\n\n\n<p>P\u00e1gina de Emiss\u00e3o de GRU Simples (passos 1, 2 e 3)<\/p>\n\n\n\n<figure class=\"wp-block-image size-large is-resized\"><a href=\"https:\/\/institucional.ufrrj.br\/biblioteca\/files\/2025\/06\/Emissao-de-GRU-parte-1-5.jpeg\"><img loading=\"lazy\" decoding=\"async\" width=\"1024\" height=\"558\" src=\"https:\/\/institucional.ufrrj.br\/biblioteca\/files\/2025\/06\/Emissao-de-GRU-parte-1-5-1024x558.jpeg\" alt=\"\" class=\"wp-image-2781\" style=\"width:700px;height:auto\" srcset=\"https:\/\/institucional.ufrrj.br\/biblioteca\/files\/2025\/06\/Emissao-de-GRU-parte-1-5-1024x558.jpeg 1024w, https:\/\/institucional.ufrrj.br\/biblioteca\/files\/2025\/06\/Emissao-de-GRU-parte-1-5-300x163.jpeg 300w, https:\/\/institucional.ufrrj.br\/biblioteca\/files\/2025\/06\/Emissao-de-GRU-parte-1-5-768x419.jpeg 768w, https:\/\/institucional.ufrrj.br\/biblioteca\/files\/2025\/06\/Emissao-de-GRU-parte-1-5.jpeg 1501w\" sizes=\"auto, (max-width: 1024px) 100vw, 1024px\" \/><\/a><\/figure>\n\n\n\n<p>P\u00e1gina de Emiss\u00e3o de GRU Simples (passos 4 a 10)<\/p>\n\n\n\n<figure class=\"wp-block-image size-large\"><a href=\"https:\/\/institucional.ufrrj.br\/biblioteca\/files\/2025\/06\/Emissao-de-GRU-parte-2-3.jpeg\"><img loading=\"lazy\" decoding=\"async\" width=\"1024\" height=\"759\" src=\"https:\/\/institucional.ufrrj.br\/biblioteca\/files\/2025\/06\/Emissao-de-GRU-parte-2-3-1024x759.jpeg\" alt=\"\" class=\"wp-image-2783\" srcset=\"https:\/\/institucional.ufrrj.br\/biblioteca\/files\/2025\/06\/Emissao-de-GRU-parte-2-3-1024x759.jpeg 1024w, https:\/\/institucional.ufrrj.br\/biblioteca\/files\/2025\/06\/Emissao-de-GRU-parte-2-3-300x222.jpeg 300w, https:\/\/institucional.ufrrj.br\/biblioteca\/files\/2025\/06\/Emissao-de-GRU-parte-2-3-768x569.jpeg 768w, https:\/\/institucional.ufrrj.br\/biblioteca\/files\/2025\/06\/Emissao-de-GRU-parte-2-3.jpeg 1493w\" sizes=\"auto, (max-width: 1024px) 100vw, 1024px\" \/><\/a><\/figure>\n\n\n\n<p>Busca Manual:<br><a href=\"https:\/\/www.gov.br\/tesouronacional\/pt-br\" target=\"_blank\" rel=\"noreferrer noopener nofollow\">P\u00e1gina do Tesouro Nacional<\/a> &gt; <a href=\"https:\/\/www.gov.br\/tesouronacional\/pt-br\/gru-e-pag-tesouro\" target=\"_blank\" rel=\"noreferrer noopener nofollow\">GRU e PagTesouro<\/a> &gt; <a href=\"https:\/\/pagtesouro.tesouro.gov.br\/portal-gru\/#\/emissao-gru\" target=\"_blank\" rel=\"noreferrer noopener nofollow\">Impress\u00e3o de GRU Simples e Judicial<\/a><\/p>\n","protected":false},"excerpt":{"rendered":"<p>O material emprestado deve ser devolvido nos dias \u00fateis, de segunda \u00e0 sexta-feira, das 8h \u00e0s 21h. A devolu\u00e7\u00e3o de <a class=\"read-more\" href=\"https:\/\/institucional.ufrrj.br\/biblioteca\/produtos-e-servicos\/devolucoes-e-atrasos\/ \">&#8230; <i class=\"fa fa-long-arrow-right\"><\/i><\/a><\/p>\n","protected":false},"author":634,"featured_media":0,"parent":25,"menu_order":0,"comment_status":"open","ping_status":"open","template":"","meta":{"footnotes":"","_links_to":"","_links_to_target":""},"class_list":["post-56","page","type-page","status-publish","hentry"],"yoast_head":"<!-- This site is optimized with the Yoast SEO plugin v27.2 - https:\/\/yoast.com\/product\/yoast-seo-wordpress\/ -->\n<title>Devolu\u00e7\u00f5es, atrasos e multas - BIBLIOTECA CENTRAL<\/title>\n<meta name=\"robots\" content=\"index, follow, max-snippet:-1, max-image-preview:large, max-video-preview:-1\" \/>\n<link rel=\"canonical\" href=\"https:\/\/institucional.ufrrj.br\/biblioteca\/produtos-e-servicos\/devolucoes-e-atrasos\/\" \/>\n<meta property=\"og:locale\" content=\"pt_BR\" \/>\n<meta property=\"og:type\" content=\"article\" \/>\n<meta property=\"og:title\" content=\"Devolu\u00e7\u00f5es, atrasos e multas - BIBLIOTECA CENTRAL\" \/>\n<meta property=\"og:description\" content=\"O material emprestado deve ser devolvido nos dias \u00fateis, de segunda \u00e0 sexta-feira, das 8h \u00e0s 21h. A devolu\u00e7\u00e3o de ...\" \/>\n<meta property=\"og:url\" content=\"https:\/\/institucional.ufrrj.br\/biblioteca\/produtos-e-servicos\/devolucoes-e-atrasos\/\" \/>\n<meta property=\"og:site_name\" content=\"BIBLIOTECA CENTRAL\" \/>\n<meta property=\"article:publisher\" content=\"https:\/\/www.facebook.com\/pages\/Biblioteca-Central-UFRRJ\/169326639938700?ref=profile\" \/>\n<meta property=\"article:modified_time\" content=\"2026-01-14T21:20:19+00:00\" \/>\n<meta property=\"og:image\" content=\"https:\/\/institucional.ufrrj.br\/biblioteca\/files\/2025\/06\/Emissao-de-GRU-parte-1-5.jpeg\" \/>\n\t<meta property=\"og:image:width\" content=\"1501\" \/>\n\t<meta property=\"og:image:height\" content=\"818\" \/>\n\t<meta property=\"og:image:type\" content=\"image\/jpeg\" \/>\n<meta name=\"twitter:card\" content=\"summary_large_image\" \/>\n<meta name=\"twitter:label1\" content=\"Est. tempo de leitura\" \/>\n\t<meta name=\"twitter:data1\" content=\"2 minutos\" \/>\n<script type=\"application\/ld+json\" class=\"yoast-schema-graph\">{\"@context\":\"https:\/\/schema.org\",\"@graph\":[{\"@type\":\"WebPage\",\"@id\":\"https:\/\/institucional.ufrrj.br\/biblioteca\/produtos-e-servicos\/devolucoes-e-atrasos\/\",\"url\":\"https:\/\/institucional.ufrrj.br\/biblioteca\/produtos-e-servicos\/devolucoes-e-atrasos\/\",\"name\":\"Devolu\u00e7\u00f5es, atrasos e multas - BIBLIOTECA CENTRAL\",\"isPartOf\":{\"@id\":\"https:\/\/institucional.ufrrj.br\/biblioteca\/#website\"},\"primaryImageOfPage\":{\"@id\":\"https:\/\/institucional.ufrrj.br\/biblioteca\/produtos-e-servicos\/devolucoes-e-atrasos\/#primaryimage\"},\"image\":{\"@id\":\"https:\/\/institucional.ufrrj.br\/biblioteca\/produtos-e-servicos\/devolucoes-e-atrasos\/#primaryimage\"},\"thumbnailUrl\":\"https:\/\/institucional.ufrrj.br\/biblioteca\/files\/2025\/06\/Emissao-de-GRU-parte-1-5-1024x558.jpeg\",\"datePublished\":\"2015-05-25T13:00:28+00:00\",\"dateModified\":\"2026-01-14T21:20:19+00:00\",\"breadcrumb\":{\"@id\":\"https:\/\/institucional.ufrrj.br\/biblioteca\/produtos-e-servicos\/devolucoes-e-atrasos\/#breadcrumb\"},\"inLanguage\":\"pt-BR\",\"potentialAction\":[{\"@type\":\"ReadAction\",\"target\":[\"https:\/\/institucional.ufrrj.br\/biblioteca\/produtos-e-servicos\/devolucoes-e-atrasos\/\"]}]},{\"@type\":\"ImageObject\",\"inLanguage\":\"pt-BR\",\"@id\":\"https:\/\/institucional.ufrrj.br\/biblioteca\/produtos-e-servicos\/devolucoes-e-atrasos\/#primaryimage\",\"url\":\"https:\/\/institucional.ufrrj.br\/biblioteca\/files\/2025\/06\/Emissao-de-GRU-parte-1-5.jpeg\",\"contentUrl\":\"https:\/\/institucional.ufrrj.br\/biblioteca\/files\/2025\/06\/Emissao-de-GRU-parte-1-5.jpeg\",\"width\":1501,\"height\":818},{\"@type\":\"BreadcrumbList\",\"@id\":\"https:\/\/institucional.ufrrj.br\/biblioteca\/produtos-e-servicos\/devolucoes-e-atrasos\/#breadcrumb\",\"itemListElement\":[{\"@type\":\"ListItem\",\"position\":1,\"name\":\"In\u00edcio\",\"item\":\"https:\/\/institucional.ufrrj.br\/biblioteca\/\"},{\"@type\":\"ListItem\",\"position\":2,\"name\":\"Produtos e Servi\u00e7os\",\"item\":\"https:\/\/institucional.ufrrj.br\/biblioteca\/produtos-e-servicos\/\"},{\"@type\":\"ListItem\",\"position\":3,\"name\":\"Devolu\u00e7\u00f5es e Atrasos\"}]},{\"@type\":\"WebSite\",\"@id\":\"https:\/\/institucional.ufrrj.br\/biblioteca\/#website\",\"url\":\"https:\/\/institucional.ufrrj.br\/biblioteca\/\",\"name\":\"BIBLIOTECA CENTRAL\",\"description\":\"Universidade Federal Rural do Rio de Janeiro  - UFRRJ\",\"potentialAction\":[{\"@type\":\"SearchAction\",\"target\":{\"@type\":\"EntryPoint\",\"urlTemplate\":\"https:\/\/institucional.ufrrj.br\/biblioteca\/?s={search_term_string}\"},\"query-input\":{\"@type\":\"PropertyValueSpecification\",\"valueRequired\":true,\"valueName\":\"search_term_string\"}}],\"inLanguage\":\"pt-BR\"}]}<\/script>\n<!-- \/ Yoast SEO plugin. -->","yoast_head_json":{"title":"Devolu\u00e7\u00f5es, atrasos e multas - BIBLIOTECA CENTRAL","robots":{"index":"index","follow":"follow","max-snippet":"max-snippet:-1","max-image-preview":"max-image-preview:large","max-video-preview":"max-video-preview:-1"},"canonical":"https:\/\/institucional.ufrrj.br\/biblioteca\/produtos-e-servicos\/devolucoes-e-atrasos\/","og_locale":"pt_BR","og_type":"article","og_title":"Devolu\u00e7\u00f5es, atrasos e multas - BIBLIOTECA CENTRAL","og_description":"O material emprestado deve ser devolvido nos dias \u00fateis, de segunda \u00e0 sexta-feira, das 8h \u00e0s 21h. A devolu\u00e7\u00e3o de ...","og_url":"https:\/\/institucional.ufrrj.br\/biblioteca\/produtos-e-servicos\/devolucoes-e-atrasos\/","og_site_name":"BIBLIOTECA CENTRAL","article_publisher":"https:\/\/www.facebook.com\/pages\/Biblioteca-Central-UFRRJ\/169326639938700?ref=profile","article_modified_time":"2026-01-14T21:20:19+00:00","og_image":[{"width":1501,"height":818,"url":"https:\/\/institucional.ufrrj.br\/biblioteca\/files\/2025\/06\/Emissao-de-GRU-parte-1-5.jpeg","type":"image\/jpeg"}],"twitter_card":"summary_large_image","twitter_misc":{"Est. tempo de leitura":"2 minutos"},"schema":{"@context":"https:\/\/schema.org","@graph":[{"@type":"WebPage","@id":"https:\/\/institucional.ufrrj.br\/biblioteca\/produtos-e-servicos\/devolucoes-e-atrasos\/","url":"https:\/\/institucional.ufrrj.br\/biblioteca\/produtos-e-servicos\/devolucoes-e-atrasos\/","name":"Devolu\u00e7\u00f5es, atrasos e multas - BIBLIOTECA CENTRAL","isPartOf":{"@id":"https:\/\/institucional.ufrrj.br\/biblioteca\/#website"},"primaryImageOfPage":{"@id":"https:\/\/institucional.ufrrj.br\/biblioteca\/produtos-e-servicos\/devolucoes-e-atrasos\/#primaryimage"},"image":{"@id":"https:\/\/institucional.ufrrj.br\/biblioteca\/produtos-e-servicos\/devolucoes-e-atrasos\/#primaryimage"},"thumbnailUrl":"https:\/\/institucional.ufrrj.br\/biblioteca\/files\/2025\/06\/Emissao-de-GRU-parte-1-5-1024x558.jpeg","datePublished":"2015-05-25T13:00:28+00:00","dateModified":"2026-01-14T21:20:19+00:00","breadcrumb":{"@id":"https:\/\/institucional.ufrrj.br\/biblioteca\/produtos-e-servicos\/devolucoes-e-atrasos\/#breadcrumb"},"inLanguage":"pt-BR","potentialAction":[{"@type":"ReadAction","target":["https:\/\/institucional.ufrrj.br\/biblioteca\/produtos-e-servicos\/devolucoes-e-atrasos\/"]}]},{"@type":"ImageObject","inLanguage":"pt-BR","@id":"https:\/\/institucional.ufrrj.br\/biblioteca\/produtos-e-servicos\/devolucoes-e-atrasos\/#primaryimage","url":"https:\/\/institucional.ufrrj.br\/biblioteca\/files\/2025\/06\/Emissao-de-GRU-parte-1-5.jpeg","contentUrl":"https:\/\/institucional.ufrrj.br\/biblioteca\/files\/2025\/06\/Emissao-de-GRU-parte-1-5.jpeg","width":1501,"height":818},{"@type":"BreadcrumbList","@id":"https:\/\/institucional.ufrrj.br\/biblioteca\/produtos-e-servicos\/devolucoes-e-atrasos\/#breadcrumb","itemListElement":[{"@type":"ListItem","position":1,"name":"In\u00edcio","item":"https:\/\/institucional.ufrrj.br\/biblioteca\/"},{"@type":"ListItem","position":2,"name":"Produtos e Servi\u00e7os","item":"https:\/\/institucional.ufrrj.br\/biblioteca\/produtos-e-servicos\/"},{"@type":"ListItem","position":3,"name":"Devolu\u00e7\u00f5es e Atrasos"}]},{"@type":"WebSite","@id":"https:\/\/institucional.ufrrj.br\/biblioteca\/#website","url":"https:\/\/institucional.ufrrj.br\/biblioteca\/","name":"BIBLIOTECA CENTRAL","description":"Universidade Federal Rural do Rio de Janeiro  - UFRRJ","potentialAction":[{"@type":"SearchAction","target":{"@type":"EntryPoint","urlTemplate":"https:\/\/institucional.ufrrj.br\/biblioteca\/?s={search_term_string}"},"query-input":{"@type":"PropertyValueSpecification","valueRequired":true,"valueName":"search_term_string"}}],"inLanguage":"pt-BR"}]}},"_links":{"self":[{"href":"https:\/\/institucional.ufrrj.br\/biblioteca\/wp-json\/wp\/v2\/pages\/56","targetHints":{"allow":["GET"]}}],"collection":[{"href":"https:\/\/institucional.ufrrj.br\/biblioteca\/wp-json\/wp\/v2\/pages"}],"about":[{"href":"https:\/\/institucional.ufrrj.br\/biblioteca\/wp-json\/wp\/v2\/types\/page"}],"author":[{"embeddable":true,"href":"https:\/\/institucional.ufrrj.br\/biblioteca\/wp-json\/wp\/v2\/users\/634"}],"replies":[{"embeddable":true,"href":"https:\/\/institucional.ufrrj.br\/biblioteca\/wp-json\/wp\/v2\/comments?post=56"}],"version-history":[{"count":1,"href":"https:\/\/institucional.ufrrj.br\/biblioteca\/wp-json\/wp\/v2\/pages\/56\/revisions"}],"predecessor-version":[{"id":3365,"href":"https:\/\/institucional.ufrrj.br\/biblioteca\/wp-json\/wp\/v2\/pages\/56\/revisions\/3365"}],"up":[{"embeddable":true,"href":"https:\/\/institucional.ufrrj.br\/biblioteca\/wp-json\/wp\/v2\/pages\/25"}],"wp:attachment":[{"href":"https:\/\/institucional.ufrrj.br\/biblioteca\/wp-json\/wp\/v2\/media?parent=56"}],"curies":[{"name":"wp","href":"https:\/\/api.w.org\/{rel}","templated":true}]}}