{"id":54,"date":"2015-05-25T13:00:15","date_gmt":"2015-05-25T13:00:15","guid":{"rendered":"http:\/\/institucional.ufrrj.br\/biblioteca\/?page_id=54"},"modified":"2026-01-14T17:17:39","modified_gmt":"2026-01-14T20:17:39","slug":"emprestimos","status":"publish","type":"page","link":"https:\/\/institucional.ufrrj.br\/biblioteca\/produtos-e-servicos\/emprestimos\/","title":{"rendered":"Empr\u00e9stimos do acervo"},"content":{"rendered":"<p><span style=\"color: #000000\"><strong>Tipos de empr\u00e9stimos<\/strong><\/span><\/p>\n<p><span style=\"color: #000000\">O servi\u00e7o de empr\u00e9stimo domiciliar destina-se aos usu\u00e1rios inscritos na biblioteca e \u00e9 realizado mediante apresenta\u00e7\u00e3o da carteirinha e\/ou n\u00famero de usu\u00e1rio.<\/span><\/p>\n<p>Com isso, o usu\u00e1rio pode fazer dois tipos de empr\u00e9stimos:<\/p>\n<ul>\n<li><span style=\"color: #000000\"><strong>Empr\u00e9stimo especial <\/strong>e;<\/span><\/li>\n<li><span style=\"color: #000000\"><strong>Empr\u00e9stimo normal<\/strong>.<\/span><\/li>\n<\/ul>\n<hr \/>\n<p><span style=\"color: #000000\"><strong>. Do empr\u00e9stimo especial<\/strong><\/span><\/p>\n<p><span style=\"color: #000000\">\u00c9 uma modalidade de empr\u00e9stimo que visa favorecer a retirada de obras de consulta local (tarja vermelha).<\/span><\/p>\n<ul>\n<li><span style=\"color: #000000\"><strong>Empr\u00e9stimo<\/strong>: \u00faltimo dia \u00fatil da semana e\u00a0v\u00e9spera de feriado &#8211; a partir das 15 horas.<\/span><\/li>\n<li><span style=\"color: #000000\"><strong>Devolu\u00e7\u00e3o<\/strong>: primeiro dia \u00fatil &#8211; at\u00e9 \u00e0s 10 horas da manh\u00e3.<\/span><\/li>\n<\/ul>\n<p><span style=\"color: #000000\">Passado esse prazo, haver\u00e1 multas.<\/span><\/p>\n<p><span style=\"color: #000000\"><strong><br \/>. Do Empr\u00e9stimo normal<\/strong><\/span><\/p>\n<p><span style=\"color: #000000\">Esta modalidade visa os empr\u00e9stimos de obras consideradas normais.<\/span><\/p>\n<p><span style=\"color: #000000\"> Os prazos de empr\u00e9stimo s\u00e3o de dias corridos, definidos de acordo com o tipo de usu\u00e1rio.<\/span><\/p>\n<p>A multa ser\u00e1 cobrada a partir do pr\u00f3ximo dia corrido.<\/p>\n\n\n<figure class=\"wp-block-table\"><table class=\"has-fixed-layout\"><tbody><tr><td class=\"has-text-align-center\" data-align=\"center\"><strong>Usu\u00e1rio<\/strong><\/td><td class=\"has-text-align-center\" data-align=\"center\"><strong>Tempo<\/strong> (dias corridos)<\/td><\/tr><tr><td class=\"has-text-align-center\" data-align=\"center\">Alunos de Gradua\u00e7\u00e3o e do CTUR<\/td><td class=\"has-text-align-center\" data-align=\"center\">7 dias<\/td><\/tr><tr><td class=\"has-text-align-center\" data-align=\"center\">Alunos de P\u00f3s-gradua\u00e7\u00e3o, Monitor, Bolsista IC<\/td><td class=\"has-text-align-center\" data-align=\"center\">14 dias<\/td><\/tr><tr><td class=\"has-text-align-center\" data-align=\"center\">Servidores t\u00e9cnico-administrativos<\/td><td class=\"has-text-align-center\" data-align=\"center\">14 dias<\/td><\/tr><tr><td class=\"has-text-align-center\" data-align=\"center\">Professores<\/td><td class=\"has-text-align-center\" data-align=\"center\">28 dias<\/td><\/tr><\/tbody><\/table><\/figure>\n\n\n<p style=\"text-align: left\"><strong><br \/>Quantidade de itens emprestados por usu\u00e1rio (normal + especial)<\/strong><\/p>\n<p>Independente do tipo de empr\u00e9stimo, a quantidade \u00e9 limitada ao tipo de usu\u00e1rio.<\/p>\n\n\n<figure class=\"wp-block-table\"><table class=\"has-fixed-layout\"><tbody><tr><td class=\"has-text-align-center\" data-align=\"center\"><strong>Usu\u00e1rio<\/strong><\/td><td class=\"has-text-align-center\" data-align=\"center\"><strong>Itens emprestados<\/strong><\/td><\/tr><tr><td class=\"has-text-align-center\" data-align=\"center\">Alunos de Gradua\u00e7\u00e3o e do CTUR<\/td><td class=\"has-text-align-center\" data-align=\"center\">2<\/td><\/tr><tr><td class=\"has-text-align-center\" data-align=\"center\">Alunos de P\u00f3s-gradua\u00e7\u00e3o, Monitor, Bolsista IC<\/td><td class=\"has-text-align-center\" data-align=\"center\">2<\/td><\/tr><tr><td class=\"has-text-align-center\" data-align=\"center\">Servidores t\u00e9cnico-administrativos<\/td><td class=\"has-text-align-center\" data-align=\"center\">2<\/td><\/tr><tr><td class=\"has-text-align-center\" data-align=\"center\">Professores<\/td><td class=\"has-text-align-center\" data-align=\"center\">4<\/td><\/tr><\/tbody><\/table><\/figure>\n\n\n\n<p>&#8212;<\/p>\n\n\n\n<p><em>Outras informa\u00e7\u00f5es relacionadas (renova\u00e7\u00f5es, reservas, devolu\u00e7\u00e3o, atraso, multa e explore + fontes)<\/em><\/p>\n\n\n\n<figure class=\"wp-block-embed is-type-wp-embed is-provider-biblioteca-central wp-block-embed-biblioteca-central\"><div class=\"wp-block-embed__wrapper\">\n<blockquote class=\"wp-embedded-content\" data-secret=\"D114Pkvamk\"><a href=\"https:\/\/institucional.ufrrj.br\/biblioteca\/produtos-e-servicos\/renovacao-e-reservas\/\">Renova\u00e7\u00e3o e Reservas<\/a><\/blockquote><iframe loading=\"lazy\" class=\"wp-embedded-content\" sandbox=\"allow-scripts\" security=\"restricted\" style=\"position: absolute; visibility: hidden;\" title=\"&#8220;Renova\u00e7\u00e3o e Reservas&#8221; &#8212; BIBLIOTECA CENTRAL\" src=\"https:\/\/institucional.ufrrj.br\/biblioteca\/produtos-e-servicos\/renovacao-e-reservas\/embed\/#?secret=6VvsyD20L7#?secret=D114Pkvamk\" data-secret=\"D114Pkvamk\" width=\"500\" height=\"282\" frameborder=\"0\" marginwidth=\"0\" marginheight=\"0\" scrolling=\"no\"><\/iframe>\n<\/div><\/figure>\n\n\n\n<figure class=\"wp-block-embed is-type-wp-embed is-provider-biblioteca-central wp-block-embed-biblioteca-central\"><div class=\"wp-block-embed__wrapper\">\n<blockquote class=\"wp-embedded-content\" data-secret=\"suTop7D28m\"><a href=\"https:\/\/institucional.ufrrj.br\/biblioteca\/produtos-e-servicos\/devolucoes-e-atrasos\/\">Devolu\u00e7\u00f5es, atrasos e multas<\/a><\/blockquote><iframe loading=\"lazy\" class=\"wp-embedded-content\" sandbox=\"allow-scripts\" security=\"restricted\" style=\"position: absolute; visibility: hidden;\" title=\"&#8220;Devolu\u00e7\u00f5es, atrasos e multas&#8221; &#8212; BIBLIOTECA CENTRAL\" src=\"https:\/\/institucional.ufrrj.br\/biblioteca\/produtos-e-servicos\/devolucoes-e-atrasos\/embed\/#?secret=ZfSgqvnHQ3#?secret=suTop7D28m\" data-secret=\"suTop7D28m\" width=\"500\" height=\"282\" frameborder=\"0\" marginwidth=\"0\" marginheight=\"0\" scrolling=\"no\"><\/iframe>\n<\/div><\/figure>\n\n\n\n<figure class=\"wp-block-embed is-type-wp-embed is-provider-biblioteca-central wp-block-embed-biblioteca-central\"><div class=\"wp-block-embed__wrapper\">\n<blockquote class=\"wp-embedded-content\" data-secret=\"XYdBNvI8EM\"><a href=\"https:\/\/institucional.ufrrj.br\/biblioteca\/exploremaisfontes\/\">Explore + fontes<\/a><\/blockquote><iframe loading=\"lazy\" class=\"wp-embedded-content\" sandbox=\"allow-scripts\" security=\"restricted\" style=\"position: absolute; visibility: hidden;\" title=\"&#8220;Explore + fontes&#8221; &#8212; BIBLIOTECA CENTRAL\" src=\"https:\/\/institucional.ufrrj.br\/biblioteca\/exploremaisfontes\/embed\/#?secret=PObT5lRQTg#?secret=XYdBNvI8EM\" data-secret=\"XYdBNvI8EM\" width=\"500\" height=\"282\" frameborder=\"0\" marginwidth=\"0\" marginheight=\"0\" scrolling=\"no\"><\/iframe>\n<\/div><\/figure>\n","protected":false},"excerpt":{"rendered":"<p>Tipos de empr\u00e9stimos O servi\u00e7o de empr\u00e9stimo domiciliar destina-se aos usu\u00e1rios inscritos na biblioteca e \u00e9 realizado mediante apresenta\u00e7\u00e3o da <a class=\"read-more\" href=\"https:\/\/institucional.ufrrj.br\/biblioteca\/produtos-e-servicos\/emprestimos\/ \">&#8230; <i class=\"fa fa-long-arrow-right\"><\/i><\/a><\/p>\n","protected":false},"author":634,"featured_media":0,"parent":25,"menu_order":0,"comment_status":"open","ping_status":"open","template":"","meta":{"footnotes":"","_links_to":"","_links_to_target":""},"class_list":["post-54","page","type-page","status-publish","hentry"],"yoast_head":"<!-- This site is optimized with the Yoast SEO plugin v27.2 - https:\/\/yoast.com\/product\/yoast-seo-wordpress\/ -->\n<title>Empr\u00e9stimos do acervo - BIBLIOTECA CENTRAL<\/title>\n<meta name=\"robots\" content=\"index, follow, max-snippet:-1, max-image-preview:large, max-video-preview:-1\" \/>\n<link rel=\"canonical\" href=\"https:\/\/institucional.ufrrj.br\/biblioteca\/produtos-e-servicos\/emprestimos\/\" \/>\n<meta property=\"og:locale\" content=\"pt_BR\" \/>\n<meta property=\"og:type\" content=\"article\" \/>\n<meta property=\"og:title\" content=\"Empr\u00e9stimos do acervo - BIBLIOTECA CENTRAL\" \/>\n<meta property=\"og:description\" content=\"Tipos de empr\u00e9stimos O servi\u00e7o de empr\u00e9stimo domiciliar destina-se aos usu\u00e1rios inscritos na biblioteca e \u00e9 realizado mediante apresenta\u00e7\u00e3o da ...\" \/>\n<meta property=\"og:url\" content=\"https:\/\/institucional.ufrrj.br\/biblioteca\/produtos-e-servicos\/emprestimos\/\" \/>\n<meta property=\"og:site_name\" content=\"BIBLIOTECA CENTRAL\" \/>\n<meta property=\"article:publisher\" content=\"https:\/\/www.facebook.com\/pages\/Biblioteca-Central-UFRRJ\/169326639938700?ref=profile\" \/>\n<meta property=\"article:modified_time\" content=\"2026-01-14T20:17:39+00:00\" \/>\n<meta name=\"twitter:card\" content=\"summary_large_image\" \/>\n<meta name=\"twitter:label1\" content=\"Est. tempo de leitura\" \/>\n\t<meta name=\"twitter:data1\" content=\"1 minuto\" \/>\n<script type=\"application\/ld+json\" class=\"yoast-schema-graph\">{\"@context\":\"https:\/\/schema.org\",\"@graph\":[{\"@type\":\"WebPage\",\"@id\":\"https:\/\/institucional.ufrrj.br\/biblioteca\/produtos-e-servicos\/emprestimos\/\",\"url\":\"https:\/\/institucional.ufrrj.br\/biblioteca\/produtos-e-servicos\/emprestimos\/\",\"name\":\"Empr\u00e9stimos do acervo - BIBLIOTECA CENTRAL\",\"isPartOf\":{\"@id\":\"https:\/\/institucional.ufrrj.br\/biblioteca\/#website\"},\"datePublished\":\"2015-05-25T13:00:15+00:00\",\"dateModified\":\"2026-01-14T20:17:39+00:00\",\"breadcrumb\":{\"@id\":\"https:\/\/institucional.ufrrj.br\/biblioteca\/produtos-e-servicos\/emprestimos\/#breadcrumb\"},\"inLanguage\":\"pt-BR\",\"potentialAction\":[{\"@type\":\"ReadAction\",\"target\":[\"https:\/\/institucional.ufrrj.br\/biblioteca\/produtos-e-servicos\/emprestimos\/\"]}]},{\"@type\":\"BreadcrumbList\",\"@id\":\"https:\/\/institucional.ufrrj.br\/biblioteca\/produtos-e-servicos\/emprestimos\/#breadcrumb\",\"itemListElement\":[{\"@type\":\"ListItem\",\"position\":1,\"name\":\"In\u00edcio\",\"item\":\"https:\/\/institucional.ufrrj.br\/biblioteca\/\"},{\"@type\":\"ListItem\",\"position\":2,\"name\":\"Produtos e Servi\u00e7os\",\"item\":\"https:\/\/institucional.ufrrj.br\/biblioteca\/produtos-e-servicos\/\"},{\"@type\":\"ListItem\",\"position\":3,\"name\":\"Empr\u00e9stimos\"}]},{\"@type\":\"WebSite\",\"@id\":\"https:\/\/institucional.ufrrj.br\/biblioteca\/#website\",\"url\":\"https:\/\/institucional.ufrrj.br\/biblioteca\/\",\"name\":\"BIBLIOTECA CENTRAL\",\"description\":\"Universidade Federal Rural do Rio de Janeiro  - UFRRJ\",\"potentialAction\":[{\"@type\":\"SearchAction\",\"target\":{\"@type\":\"EntryPoint\",\"urlTemplate\":\"https:\/\/institucional.ufrrj.br\/biblioteca\/?s={search_term_string}\"},\"query-input\":{\"@type\":\"PropertyValueSpecification\",\"valueRequired\":true,\"valueName\":\"search_term_string\"}}],\"inLanguage\":\"pt-BR\"}]}<\/script>\n<!-- \/ Yoast SEO plugin. -->","yoast_head_json":{"title":"Empr\u00e9stimos do acervo - BIBLIOTECA CENTRAL","robots":{"index":"index","follow":"follow","max-snippet":"max-snippet:-1","max-image-preview":"max-image-preview:large","max-video-preview":"max-video-preview:-1"},"canonical":"https:\/\/institucional.ufrrj.br\/biblioteca\/produtos-e-servicos\/emprestimos\/","og_locale":"pt_BR","og_type":"article","og_title":"Empr\u00e9stimos do acervo - BIBLIOTECA CENTRAL","og_description":"Tipos de empr\u00e9stimos O servi\u00e7o de empr\u00e9stimo domiciliar destina-se aos usu\u00e1rios inscritos na biblioteca e \u00e9 realizado mediante apresenta\u00e7\u00e3o da ...","og_url":"https:\/\/institucional.ufrrj.br\/biblioteca\/produtos-e-servicos\/emprestimos\/","og_site_name":"BIBLIOTECA CENTRAL","article_publisher":"https:\/\/www.facebook.com\/pages\/Biblioteca-Central-UFRRJ\/169326639938700?ref=profile","article_modified_time":"2026-01-14T20:17:39+00:00","twitter_card":"summary_large_image","twitter_misc":{"Est. tempo de leitura":"1 minuto"},"schema":{"@context":"https:\/\/schema.org","@graph":[{"@type":"WebPage","@id":"https:\/\/institucional.ufrrj.br\/biblioteca\/produtos-e-servicos\/emprestimos\/","url":"https:\/\/institucional.ufrrj.br\/biblioteca\/produtos-e-servicos\/emprestimos\/","name":"Empr\u00e9stimos do acervo - BIBLIOTECA CENTRAL","isPartOf":{"@id":"https:\/\/institucional.ufrrj.br\/biblioteca\/#website"},"datePublished":"2015-05-25T13:00:15+00:00","dateModified":"2026-01-14T20:17:39+00:00","breadcrumb":{"@id":"https:\/\/institucional.ufrrj.br\/biblioteca\/produtos-e-servicos\/emprestimos\/#breadcrumb"},"inLanguage":"pt-BR","potentialAction":[{"@type":"ReadAction","target":["https:\/\/institucional.ufrrj.br\/biblioteca\/produtos-e-servicos\/emprestimos\/"]}]},{"@type":"BreadcrumbList","@id":"https:\/\/institucional.ufrrj.br\/biblioteca\/produtos-e-servicos\/emprestimos\/#breadcrumb","itemListElement":[{"@type":"ListItem","position":1,"name":"In\u00edcio","item":"https:\/\/institucional.ufrrj.br\/biblioteca\/"},{"@type":"ListItem","position":2,"name":"Produtos e Servi\u00e7os","item":"https:\/\/institucional.ufrrj.br\/biblioteca\/produtos-e-servicos\/"},{"@type":"ListItem","position":3,"name":"Empr\u00e9stimos"}]},{"@type":"WebSite","@id":"https:\/\/institucional.ufrrj.br\/biblioteca\/#website","url":"https:\/\/institucional.ufrrj.br\/biblioteca\/","name":"BIBLIOTECA CENTRAL","description":"Universidade Federal Rural do Rio de Janeiro  - UFRRJ","potentialAction":[{"@type":"SearchAction","target":{"@type":"EntryPoint","urlTemplate":"https:\/\/institucional.ufrrj.br\/biblioteca\/?s={search_term_string}"},"query-input":{"@type":"PropertyValueSpecification","valueRequired":true,"valueName":"search_term_string"}}],"inLanguage":"pt-BR"}]}},"_links":{"self":[{"href":"https:\/\/institucional.ufrrj.br\/biblioteca\/wp-json\/wp\/v2\/pages\/54","targetHints":{"allow":["GET"]}}],"collection":[{"href":"https:\/\/institucional.ufrrj.br\/biblioteca\/wp-json\/wp\/v2\/pages"}],"about":[{"href":"https:\/\/institucional.ufrrj.br\/biblioteca\/wp-json\/wp\/v2\/types\/page"}],"author":[{"embeddable":true,"href":"https:\/\/institucional.ufrrj.br\/biblioteca\/wp-json\/wp\/v2\/users\/634"}],"replies":[{"embeddable":true,"href":"https:\/\/institucional.ufrrj.br\/biblioteca\/wp-json\/wp\/v2\/comments?post=54"}],"version-history":[{"count":2,"href":"https:\/\/institucional.ufrrj.br\/biblioteca\/wp-json\/wp\/v2\/pages\/54\/revisions"}],"predecessor-version":[{"id":3383,"href":"https:\/\/institucional.ufrrj.br\/biblioteca\/wp-json\/wp\/v2\/pages\/54\/revisions\/3383"}],"up":[{"embeddable":true,"href":"https:\/\/institucional.ufrrj.br\/biblioteca\/wp-json\/wp\/v2\/pages\/25"}],"wp:attachment":[{"href":"https:\/\/institucional.ufrrj.br\/biblioteca\/wp-json\/wp\/v2\/media?parent=54"}],"curies":[{"name":"wp","href":"https:\/\/api.w.org\/{rel}","templated":true}]}}