{"id":52,"date":"2015-05-25T12:59:58","date_gmt":"2015-05-25T12:59:58","guid":{"rendered":"http:\/\/institucional.ufrrj.br\/biblioteca\/?page_id=52"},"modified":"2025-09-08T19:33:45","modified_gmt":"2025-09-08T22:33:45","slug":"consulta-local-ao-acervo","status":"publish","type":"page","link":"https:\/\/institucional.ufrrj.br\/biblioteca\/produtos-e-servicos\/consulta-local-ao-acervo\/","title":{"rendered":"Consulta Local ao Acervo"},"content":{"rendered":"<div class=\"story\">\n<p><span style=\"color: #000000\">O servi\u00e7o de consulta local \u00e9 aquele em que os usu\u00e1rios utilizam qualquer obra do acervo nas depend\u00eancias da Biblioteca. Esse servi\u00e7o \u00e9 disponibilizado para qualquer pessoa que deseja consultar ou pesquisar no acervo da biblioteca.<br \/>\n<\/span><\/p>\n<p>Materiais dispon\u00edveis:<\/p>\n<ul>\n<li><strong>LIVROS<\/strong> \u2013 dispon\u00edveis para livre consulta.<\/li>\n<li><strong>OBRAS DE REFER\u00caNCIA<\/strong> \u2013 dispon\u00edveis para livre consulta.<\/li>\n<li><strong>PERI\u00d3DICOS<\/strong> \u2013 dispon\u00edveis para consulta.<\/li>\n<li><strong>TESES e DISSERTA\u00c7\u00d5ES<\/strong> \u2013 \u00c9 necess\u00e1rio solicitar aux\u00edlio a um funcion\u00e1rio.<\/li>\n<li><strong>ACERVO MULTIM\u00cdDIA<\/strong> \u2013 Tamb\u00e9m \u00e9 necess\u00e1rio solicitar aux\u00edlio de um funcion\u00e1rio. A Biblioteca possui terminal de computador espec\u00edfico para consulta de CD\u2019s e DVD\u2019s e videoteca para visualiza\u00e7\u00e3o de filmes ou v\u00eddeos.<\/li>\n<\/ul>\n<p>A consulta ao cat\u00e1logo com todas as obras constantes no acervo pode ser feita atrav\u00e9s de consulta nos terminais localizados na biblioteca ou via internet, no seguinte endere\u00e7o:\u00a0 <span style=\"color: #0000ff\"><a style=\"color: #0000ff\" href=\"http:\/\/pergamum.ufrrj.br\/biblioteca\/\">http:\/\/pergamum.ufrrj.br\/biblioteca\/<\/a><\/span><\/p>\n<\/div>\n","protected":false},"excerpt":{"rendered":"<p>O servi\u00e7o de consulta local \u00e9 aquele em que os usu\u00e1rios utilizam qualquer obra do acervo nas depend\u00eancias da Biblioteca. <a class=\"read-more\" href=\"https:\/\/institucional.ufrrj.br\/biblioteca\/produtos-e-servicos\/consulta-local-ao-acervo\/ \">&#8230; <i class=\"fa fa-long-arrow-right\"><\/i><\/a><\/p>\n","protected":false},"author":634,"featured_media":0,"parent":25,"menu_order":0,"comment_status":"open","ping_status":"open","template":"","meta":{"footnotes":"","_links_to":"","_links_to_target":""},"class_list":["post-52","page","type-page","status-publish","hentry"],"yoast_head":"<!-- This site is optimized with the Yoast SEO plugin v27.2 - https:\/\/yoast.com\/product\/yoast-seo-wordpress\/ -->\n<title>Consulta Local ao Acervo - BIBLIOTECA CENTRAL<\/title>\n<meta name=\"robots\" content=\"index, follow, max-snippet:-1, max-image-preview:large, max-video-preview:-1\" \/>\n<link rel=\"canonical\" href=\"https:\/\/institucional.ufrrj.br\/biblioteca\/produtos-e-servicos\/consulta-local-ao-acervo\/\" \/>\n<meta property=\"og:locale\" content=\"pt_BR\" \/>\n<meta property=\"og:type\" content=\"article\" \/>\n<meta property=\"og:title\" content=\"Consulta Local ao Acervo - BIBLIOTECA CENTRAL\" \/>\n<meta property=\"og:description\" content=\"O servi\u00e7o de consulta local \u00e9 aquele em que os usu\u00e1rios utilizam qualquer obra do acervo nas depend\u00eancias da Biblioteca. ...\" \/>\n<meta property=\"og:url\" content=\"https:\/\/institucional.ufrrj.br\/biblioteca\/produtos-e-servicos\/consulta-local-ao-acervo\/\" \/>\n<meta property=\"og:site_name\" content=\"BIBLIOTECA CENTRAL\" \/>\n<meta property=\"article:publisher\" content=\"https:\/\/www.facebook.com\/pages\/Biblioteca-Central-UFRRJ\/169326639938700?ref=profile\" \/>\n<meta property=\"article:modified_time\" content=\"2025-09-08T22:33:45+00:00\" \/>\n<meta name=\"twitter:card\" content=\"summary_large_image\" \/>\n<meta name=\"twitter:label1\" content=\"Est. tempo de leitura\" \/>\n\t<meta name=\"twitter:data1\" content=\"1 minuto\" \/>\n<script type=\"application\/ld+json\" class=\"yoast-schema-graph\">{\"@context\":\"https:\/\/schema.org\",\"@graph\":[{\"@type\":\"WebPage\",\"@id\":\"https:\/\/institucional.ufrrj.br\/biblioteca\/produtos-e-servicos\/consulta-local-ao-acervo\/\",\"url\":\"https:\/\/institucional.ufrrj.br\/biblioteca\/produtos-e-servicos\/consulta-local-ao-acervo\/\",\"name\":\"Consulta Local ao Acervo - BIBLIOTECA CENTRAL\",\"isPartOf\":{\"@id\":\"https:\/\/institucional.ufrrj.br\/biblioteca\/#website\"},\"datePublished\":\"2015-05-25T12:59:58+00:00\",\"dateModified\":\"2025-09-08T22:33:45+00:00\",\"breadcrumb\":{\"@id\":\"https:\/\/institucional.ufrrj.br\/biblioteca\/produtos-e-servicos\/consulta-local-ao-acervo\/#breadcrumb\"},\"inLanguage\":\"pt-BR\",\"potentialAction\":[{\"@type\":\"ReadAction\",\"target\":[\"https:\/\/institucional.ufrrj.br\/biblioteca\/produtos-e-servicos\/consulta-local-ao-acervo\/\"]}]},{\"@type\":\"BreadcrumbList\",\"@id\":\"https:\/\/institucional.ufrrj.br\/biblioteca\/produtos-e-servicos\/consulta-local-ao-acervo\/#breadcrumb\",\"itemListElement\":[{\"@type\":\"ListItem\",\"position\":1,\"name\":\"In\u00edcio\",\"item\":\"https:\/\/institucional.ufrrj.br\/biblioteca\/\"},{\"@type\":\"ListItem\",\"position\":2,\"name\":\"Produtos e Servi\u00e7os\",\"item\":\"https:\/\/institucional.ufrrj.br\/biblioteca\/produtos-e-servicos\/\"},{\"@type\":\"ListItem\",\"position\":3,\"name\":\"Consulta Local ao Acervo\"}]},{\"@type\":\"WebSite\",\"@id\":\"https:\/\/institucional.ufrrj.br\/biblioteca\/#website\",\"url\":\"https:\/\/institucional.ufrrj.br\/biblioteca\/\",\"name\":\"BIBLIOTECA CENTRAL\",\"description\":\"Universidade Federal Rural do Rio de Janeiro  - UFRRJ\",\"potentialAction\":[{\"@type\":\"SearchAction\",\"target\":{\"@type\":\"EntryPoint\",\"urlTemplate\":\"https:\/\/institucional.ufrrj.br\/biblioteca\/?s={search_term_string}\"},\"query-input\":{\"@type\":\"PropertyValueSpecification\",\"valueRequired\":true,\"valueName\":\"search_term_string\"}}],\"inLanguage\":\"pt-BR\"}]}<\/script>\n<!-- \/ Yoast SEO plugin. -->","yoast_head_json":{"title":"Consulta Local ao Acervo - BIBLIOTECA CENTRAL","robots":{"index":"index","follow":"follow","max-snippet":"max-snippet:-1","max-image-preview":"max-image-preview:large","max-video-preview":"max-video-preview:-1"},"canonical":"https:\/\/institucional.ufrrj.br\/biblioteca\/produtos-e-servicos\/consulta-local-ao-acervo\/","og_locale":"pt_BR","og_type":"article","og_title":"Consulta Local ao Acervo - BIBLIOTECA CENTRAL","og_description":"O servi\u00e7o de consulta local \u00e9 aquele em que os usu\u00e1rios utilizam qualquer obra do acervo nas depend\u00eancias da Biblioteca. ...","og_url":"https:\/\/institucional.ufrrj.br\/biblioteca\/produtos-e-servicos\/consulta-local-ao-acervo\/","og_site_name":"BIBLIOTECA CENTRAL","article_publisher":"https:\/\/www.facebook.com\/pages\/Biblioteca-Central-UFRRJ\/169326639938700?ref=profile","article_modified_time":"2025-09-08T22:33:45+00:00","twitter_card":"summary_large_image","twitter_misc":{"Est. tempo de leitura":"1 minuto"},"schema":{"@context":"https:\/\/schema.org","@graph":[{"@type":"WebPage","@id":"https:\/\/institucional.ufrrj.br\/biblioteca\/produtos-e-servicos\/consulta-local-ao-acervo\/","url":"https:\/\/institucional.ufrrj.br\/biblioteca\/produtos-e-servicos\/consulta-local-ao-acervo\/","name":"Consulta Local ao Acervo - BIBLIOTECA CENTRAL","isPartOf":{"@id":"https:\/\/institucional.ufrrj.br\/biblioteca\/#website"},"datePublished":"2015-05-25T12:59:58+00:00","dateModified":"2025-09-08T22:33:45+00:00","breadcrumb":{"@id":"https:\/\/institucional.ufrrj.br\/biblioteca\/produtos-e-servicos\/consulta-local-ao-acervo\/#breadcrumb"},"inLanguage":"pt-BR","potentialAction":[{"@type":"ReadAction","target":["https:\/\/institucional.ufrrj.br\/biblioteca\/produtos-e-servicos\/consulta-local-ao-acervo\/"]}]},{"@type":"BreadcrumbList","@id":"https:\/\/institucional.ufrrj.br\/biblioteca\/produtos-e-servicos\/consulta-local-ao-acervo\/#breadcrumb","itemListElement":[{"@type":"ListItem","position":1,"name":"In\u00edcio","item":"https:\/\/institucional.ufrrj.br\/biblioteca\/"},{"@type":"ListItem","position":2,"name":"Produtos e Servi\u00e7os","item":"https:\/\/institucional.ufrrj.br\/biblioteca\/produtos-e-servicos\/"},{"@type":"ListItem","position":3,"name":"Consulta Local ao Acervo"}]},{"@type":"WebSite","@id":"https:\/\/institucional.ufrrj.br\/biblioteca\/#website","url":"https:\/\/institucional.ufrrj.br\/biblioteca\/","name":"BIBLIOTECA CENTRAL","description":"Universidade Federal Rural do Rio de Janeiro  - UFRRJ","potentialAction":[{"@type":"SearchAction","target":{"@type":"EntryPoint","urlTemplate":"https:\/\/institucional.ufrrj.br\/biblioteca\/?s={search_term_string}"},"query-input":{"@type":"PropertyValueSpecification","valueRequired":true,"valueName":"search_term_string"}}],"inLanguage":"pt-BR"}]}},"_links":{"self":[{"href":"https:\/\/institucional.ufrrj.br\/biblioteca\/wp-json\/wp\/v2\/pages\/52","targetHints":{"allow":["GET"]}}],"collection":[{"href":"https:\/\/institucional.ufrrj.br\/biblioteca\/wp-json\/wp\/v2\/pages"}],"about":[{"href":"https:\/\/institucional.ufrrj.br\/biblioteca\/wp-json\/wp\/v2\/types\/page"}],"author":[{"embeddable":true,"href":"https:\/\/institucional.ufrrj.br\/biblioteca\/wp-json\/wp\/v2\/users\/634"}],"replies":[{"embeddable":true,"href":"https:\/\/institucional.ufrrj.br\/biblioteca\/wp-json\/wp\/v2\/comments?post=52"}],"version-history":[{"count":14,"href":"https:\/\/institucional.ufrrj.br\/biblioteca\/wp-json\/wp\/v2\/pages\/52\/revisions"}],"predecessor-version":[{"id":2908,"href":"https:\/\/institucional.ufrrj.br\/biblioteca\/wp-json\/wp\/v2\/pages\/52\/revisions\/2908"}],"up":[{"embeddable":true,"href":"https:\/\/institucional.ufrrj.br\/biblioteca\/wp-json\/wp\/v2\/pages\/25"}],"wp:attachment":[{"href":"https:\/\/institucional.ufrrj.br\/biblioteca\/wp-json\/wp\/v2\/media?parent=52"}],"curies":[{"name":"wp","href":"https:\/\/api.w.org\/{rel}","templated":true}]}}