{"id":3459,"date":"2026-02-20T14:24:01","date_gmt":"2026-02-20T17:24:01","guid":{"rendered":"https:\/\/institucional.ufrrj.br\/biblioteca\/?page_id=3459"},"modified":"2026-02-20T14:35:31","modified_gmt":"2026-02-20T17:35:31","slug":"nada-consta","status":"publish","type":"page","link":"https:\/\/institucional.ufrrj.br\/biblioteca\/nada-consta\/","title":{"rendered":"Nada consta"},"content":{"rendered":"<p>O <strong>Nada consta<\/strong> pode ser solicitado de duas formas:<\/p>\n<ul>\n<li><strong>Preenchendo o formul\u00e1rio<\/strong> dispon\u00edvel em: <span style=\"color: #0000ff\"><a style=\"color: #0000ff\" href=\"https:\/\/forms.gle\/hYo8ku7kBr23pFAB6\">https:\/\/forms.gle\/hYo8ku7kBr23pFAB6<\/a><\/span><\/li>\n<\/ul>\n<p><strong>Ou<\/strong><\/p>\n<ul>\n<li>Caso tenha d\u00favidas ou dificuldades de preenchimento para <span style=\"color: #3366ff\"><a style=\"color: #3366ff\" href=\"mailto:bibliot@ufrrj.br\">bibliot@ufrrj.br<\/a><\/span> <strong style=\"font-size: revert;color: initial\">com os seguintes dados:<\/strong><\/li>\n<\/ul>\n<p>&#8211; Nome completo<br \/>\n&#8211; Matr\u00edcula<br \/>\n&#8211; Curso em que est\u00e1 matriculado (gradua\u00e7\u00e3o ou p\u00f3s-gradua\u00e7\u00e3o)<br \/>\n&#8211; Campus em que est\u00e1 matriculado (Serop\u00e9dica, Nova Igua\u00e7u, Tr\u00eas Rios)<br \/>\n&#8211; e-mail do solicitante<\/p>\n<p>Depois, ser\u00e1 analisado o pedido e poder\u00e1 ocorrer 2 (duas) respostas:<\/p>\n<ul>\n<li><strong>Sem pend\u00eancias<\/strong>: ser\u00e1 enviado um Memorando Eletr\u00f4nico para a PROGRAD ou PROPPG e uma c\u00f3pia para o solicitante.<\/li>\n<li><strong>Com alguma pend\u00eancia<\/strong>: entraremos em contato para regularizar a situa\u00e7\u00e3o. Somente ap\u00f3s essa regulariza\u00e7\u00e3o, ser\u00e1 realizada a emiss\u00e3o do documento solicitado.<\/li>\n<\/ul>\n","protected":false},"excerpt":{"rendered":"<p>O Nada consta pode ser solicitado de duas formas: Preenchendo o formul\u00e1rio dispon\u00edvel em: https:\/\/forms.gle\/hYo8ku7kBr23pFAB6 Ou Caso tenha d\u00favidas ou <a class=\"read-more\" href=\"https:\/\/institucional.ufrrj.br\/biblioteca\/nada-consta\/ \">&#8230; <i class=\"fa fa-long-arrow-right\"><\/i><\/a><\/p>\n","protected":false},"author":377,"featured_media":0,"parent":0,"menu_order":0,"comment_status":"closed","ping_status":"closed","template":"","meta":{"footnotes":"","_links_to":"","_links_to_target":""},"class_list":["post-3459","page","type-page","status-publish","hentry"],"yoast_head":"<!-- This site is optimized with the Yoast SEO plugin v27.2 - https:\/\/yoast.com\/product\/yoast-seo-wordpress\/ -->\n<title>Nada consta - BIBLIOTECA CENTRAL<\/title>\n<meta name=\"robots\" content=\"index, follow, max-snippet:-1, max-image-preview:large, max-video-preview:-1\" \/>\n<link rel=\"canonical\" href=\"https:\/\/institucional.ufrrj.br\/biblioteca\/nada-consta\/\" \/>\n<meta property=\"og:locale\" content=\"pt_BR\" \/>\n<meta property=\"og:type\" content=\"article\" \/>\n<meta property=\"og:title\" content=\"Nada consta - BIBLIOTECA CENTRAL\" \/>\n<meta property=\"og:description\" content=\"O Nada consta pode ser solicitado de duas formas: Preenchendo o formul\u00e1rio dispon\u00edvel em: https:\/\/forms.gle\/hYo8ku7kBr23pFAB6 Ou Caso tenha d\u00favidas ou ...\" \/>\n<meta property=\"og:url\" content=\"https:\/\/institucional.ufrrj.br\/biblioteca\/nada-consta\/\" \/>\n<meta property=\"og:site_name\" content=\"BIBLIOTECA CENTRAL\" \/>\n<meta property=\"article:publisher\" content=\"https:\/\/www.facebook.com\/pages\/Biblioteca-Central-UFRRJ\/169326639938700?ref=profile\" \/>\n<meta property=\"article:modified_time\" content=\"2026-02-20T17:35:31+00:00\" \/>\n<meta name=\"twitter:card\" content=\"summary_large_image\" \/>\n<meta name=\"twitter:label1\" content=\"Est. tempo de leitura\" \/>\n\t<meta name=\"twitter:data1\" content=\"1 minuto\" \/>\n<script type=\"application\/ld+json\" class=\"yoast-schema-graph\">{\"@context\":\"https:\/\/schema.org\",\"@graph\":[{\"@type\":\"WebPage\",\"@id\":\"https:\/\/institucional.ufrrj.br\/biblioteca\/nada-consta\/\",\"url\":\"https:\/\/institucional.ufrrj.br\/biblioteca\/nada-consta\/\",\"name\":\"Nada consta - BIBLIOTECA CENTRAL\",\"isPartOf\":{\"@id\":\"https:\/\/institucional.ufrrj.br\/biblioteca\/#website\"},\"datePublished\":\"2026-02-20T17:24:01+00:00\",\"dateModified\":\"2026-02-20T17:35:31+00:00\",\"breadcrumb\":{\"@id\":\"https:\/\/institucional.ufrrj.br\/biblioteca\/nada-consta\/#breadcrumb\"},\"inLanguage\":\"pt-BR\",\"potentialAction\":[{\"@type\":\"ReadAction\",\"target\":[\"https:\/\/institucional.ufrrj.br\/biblioteca\/nada-consta\/\"]}]},{\"@type\":\"BreadcrumbList\",\"@id\":\"https:\/\/institucional.ufrrj.br\/biblioteca\/nada-consta\/#breadcrumb\",\"itemListElement\":[{\"@type\":\"ListItem\",\"position\":1,\"name\":\"In\u00edcio\",\"item\":\"https:\/\/institucional.ufrrj.br\/biblioteca\/\"},{\"@type\":\"ListItem\",\"position\":2,\"name\":\"Nada consta\"}]},{\"@type\":\"WebSite\",\"@id\":\"https:\/\/institucional.ufrrj.br\/biblioteca\/#website\",\"url\":\"https:\/\/institucional.ufrrj.br\/biblioteca\/\",\"name\":\"BIBLIOTECA CENTRAL\",\"description\":\"Universidade Federal Rural do Rio de Janeiro  - UFRRJ\",\"potentialAction\":[{\"@type\":\"SearchAction\",\"target\":{\"@type\":\"EntryPoint\",\"urlTemplate\":\"https:\/\/institucional.ufrrj.br\/biblioteca\/?s={search_term_string}\"},\"query-input\":{\"@type\":\"PropertyValueSpecification\",\"valueRequired\":true,\"valueName\":\"search_term_string\"}}],\"inLanguage\":\"pt-BR\"}]}<\/script>\n<!-- \/ Yoast SEO plugin. -->","yoast_head_json":{"title":"Nada consta - BIBLIOTECA CENTRAL","robots":{"index":"index","follow":"follow","max-snippet":"max-snippet:-1","max-image-preview":"max-image-preview:large","max-video-preview":"max-video-preview:-1"},"canonical":"https:\/\/institucional.ufrrj.br\/biblioteca\/nada-consta\/","og_locale":"pt_BR","og_type":"article","og_title":"Nada consta - BIBLIOTECA CENTRAL","og_description":"O Nada consta pode ser solicitado de duas formas: Preenchendo o formul\u00e1rio dispon\u00edvel em: https:\/\/forms.gle\/hYo8ku7kBr23pFAB6 Ou Caso tenha d\u00favidas ou ...","og_url":"https:\/\/institucional.ufrrj.br\/biblioteca\/nada-consta\/","og_site_name":"BIBLIOTECA CENTRAL","article_publisher":"https:\/\/www.facebook.com\/pages\/Biblioteca-Central-UFRRJ\/169326639938700?ref=profile","article_modified_time":"2026-02-20T17:35:31+00:00","twitter_card":"summary_large_image","twitter_misc":{"Est. tempo de leitura":"1 minuto"},"schema":{"@context":"https:\/\/schema.org","@graph":[{"@type":"WebPage","@id":"https:\/\/institucional.ufrrj.br\/biblioteca\/nada-consta\/","url":"https:\/\/institucional.ufrrj.br\/biblioteca\/nada-consta\/","name":"Nada consta - BIBLIOTECA CENTRAL","isPartOf":{"@id":"https:\/\/institucional.ufrrj.br\/biblioteca\/#website"},"datePublished":"2026-02-20T17:24:01+00:00","dateModified":"2026-02-20T17:35:31+00:00","breadcrumb":{"@id":"https:\/\/institucional.ufrrj.br\/biblioteca\/nada-consta\/#breadcrumb"},"inLanguage":"pt-BR","potentialAction":[{"@type":"ReadAction","target":["https:\/\/institucional.ufrrj.br\/biblioteca\/nada-consta\/"]}]},{"@type":"BreadcrumbList","@id":"https:\/\/institucional.ufrrj.br\/biblioteca\/nada-consta\/#breadcrumb","itemListElement":[{"@type":"ListItem","position":1,"name":"In\u00edcio","item":"https:\/\/institucional.ufrrj.br\/biblioteca\/"},{"@type":"ListItem","position":2,"name":"Nada consta"}]},{"@type":"WebSite","@id":"https:\/\/institucional.ufrrj.br\/biblioteca\/#website","url":"https:\/\/institucional.ufrrj.br\/biblioteca\/","name":"BIBLIOTECA CENTRAL","description":"Universidade Federal Rural do Rio de Janeiro  - UFRRJ","potentialAction":[{"@type":"SearchAction","target":{"@type":"EntryPoint","urlTemplate":"https:\/\/institucional.ufrrj.br\/biblioteca\/?s={search_term_string}"},"query-input":{"@type":"PropertyValueSpecification","valueRequired":true,"valueName":"search_term_string"}}],"inLanguage":"pt-BR"}]}},"_links":{"self":[{"href":"https:\/\/institucional.ufrrj.br\/biblioteca\/wp-json\/wp\/v2\/pages\/3459","targetHints":{"allow":["GET"]}}],"collection":[{"href":"https:\/\/institucional.ufrrj.br\/biblioteca\/wp-json\/wp\/v2\/pages"}],"about":[{"href":"https:\/\/institucional.ufrrj.br\/biblioteca\/wp-json\/wp\/v2\/types\/page"}],"author":[{"embeddable":true,"href":"https:\/\/institucional.ufrrj.br\/biblioteca\/wp-json\/wp\/v2\/users\/377"}],"replies":[{"embeddable":true,"href":"https:\/\/institucional.ufrrj.br\/biblioteca\/wp-json\/wp\/v2\/comments?post=3459"}],"version-history":[{"count":2,"href":"https:\/\/institucional.ufrrj.br\/biblioteca\/wp-json\/wp\/v2\/pages\/3459\/revisions"}],"predecessor-version":[{"id":3475,"href":"https:\/\/institucional.ufrrj.br\/biblioteca\/wp-json\/wp\/v2\/pages\/3459\/revisions\/3475"}],"wp:attachment":[{"href":"https:\/\/institucional.ufrrj.br\/biblioteca\/wp-json\/wp\/v2\/media?parent=3459"}],"curies":[{"name":"wp","href":"https:\/\/api.w.org\/{rel}","templated":true}]}}