{"id":33,"date":"2015-05-20T17:02:17","date_gmt":"2015-05-20T17:02:17","guid":{"rendered":"http:\/\/institucional.ufrrj.br\/biblioteca\/?page_id=33"},"modified":"2026-02-10T17:52:59","modified_gmt":"2026-02-10T20:52:59","slug":"contato","status":"publish","type":"page","link":"https:\/\/institucional.ufrrj.br\/biblioteca\/contato\/","title":{"rendered":"Fale conosco e links dos servi\u00e7os"},"content":{"rendered":"\n<div class=\"wp-block-group\"><div class=\"wp-block-group__inner-container is-layout-constrained wp-block-group-is-layout-constrained\">\n<div id=\"content\">\n<div id=\"main\">\n<div id=\"welcome\" class=\"post\">\n<div class=\"story\"><hr \/>\n<p><span style=\"color: #000000\"><b>SERVI\u00c7O DE REFER\u00caNCIA<\/b><\/span><\/p>\n<p><span style=\"color: #000000\"><span style=\"font-weight: 400\"><strong>&#8211;<\/strong> <\/span><b>srbc@ufrrj.br<\/b><\/span><\/p>\n<ul>\n<li style=\"font-weight: 400\"><span style=\"font-weight: 400;color: #000000\"><span style=\"color: #0000ff\"><a style=\"color: #0000ff\" href=\"https:\/\/institucional.ufrrj.br\/biblioteca\/produtos-e-servicos\/emprestimos\/\">Empr\u00e9stimos<\/a><\/span>, <span style=\"color: #0000ff\"><a style=\"color: #0000ff\" href=\"https:\/\/institucional.ufrrj.br\/biblioteca\/produtos-e-servicos\/renovacao-e-reservas\/\">renova\u00e7\u00e3o<\/a> <\/span>e <span style=\"color: #0000ff\"><a style=\"color: #0000ff\" href=\"https:\/\/institucional.ufrrj.br\/biblioteca\/produtos-e-servicos\/devolucoes-e-atrasos\/\">devolu\u00e7\u00e3o de livros<\/a><\/span>;<\/span><\/li>\n<li style=\"font-weight: 400\"><span style=\"font-weight: 400;color: #000000\"><span style=\"color: #0000ff\"><a style=\"color: #0000ff\" href=\"https:\/\/institucional.ufrrj.br\/biblioteca\/produtos-e-servicos\/levantamento-bibliografico\/\">Levantamento bibliogr\u00e1fico<\/a><\/span>;<\/span><\/li>\n<li style=\"font-weight: 400\"><span style=\"font-weight: 400;color: #000000\"><span style=\"color: #0000ff\"><a style=\"color: #0000ff\" href=\"https:\/\/institucional.ufrrj.br\/biblioteca\/produtos-e-servicos\/devolucoes-e-atrasos\/\">Multa (quita\u00e7\u00e3o)<\/a><\/span>, negocia\u00e7\u00e3o de multa;<\/span><\/li>\n<li><span style=\"font-weight: 400;color: #000000\"><span style=\"color: #0000ff\"><a style=\"color: #0000ff\" href=\"https:\/\/institucional.ufrrj.br\/biblioteca\/produtos-e-servicos\/normalizacao-bibliografica\/\">Normaliza\u00e7\u00e3o<\/a><\/span>;<\/span><\/li>\n<li style=\"font-weight: 400\"><span style=\"font-weight: 400;color: #000000\">Obras em atraso (d\u00favidas e cobran\u00e7as);<\/span><\/li>\n<li style=\"font-weight: 400\"><span style=\"font-weight: 400;color: #000000\"><span style=\"color: #0000ff\"><a style=\"color: #0000ff\" href=\"https:\/\/institucional.ufrrj.br\/biblioteca\/reserva-de-espacos\/\">Reserva de espa\u00e7os (audit\u00f3rio, sala multim\u00eddia e cabines de monitoria)<\/a><\/span>;<\/span><\/li>\n<li style=\"font-weight: 400\"><span style=\"font-weight: 400;color: #000000\">Treinamento de buscas e consultas ao acervo;<\/span><\/li>\n<li style=\"font-weight: 400\"><span style=\"font-weight: 400;color: #000000\"><span style=\"color: #0000ff\"><a style=\"color: #0000ff\" href=\"https:\/\/institucional.ufrrj.br\/biblioteca\/produtos-e-servicos\/visitas-guiadas\/\">Visitas guiadas<\/a><\/span>.<\/span><\/li>\n<\/ul>\n<p><span style=\"color: #000000\"><span style=\"font-weight: 400\"><strong>&#8211;<\/strong> <\/span><b>cadastrobc@ufrrj.br<\/b><\/span><\/p>\n<ul>\n<li style=\"font-weight: 400\"><span style=\"font-weight: 400;color: #000000\"><span style=\"color: #0000ff\"><a style=\"color: #0000ff\" href=\"https:\/\/institucional.ufrrj.br\/biblioteca\/produtos-e-servicos\/cadastro-de-usuarios\/\">Cadastro na Biblioteca (d\u00favidas)<\/a><\/span>;<\/span><\/li>\n<li style=\"font-weight: 400\"><span style=\"font-weight: 400;color: #000000\">Envio de fotos para cadastros incompletos;<\/span><\/li>\n<li style=\"font-weight: 400\"><span style=\"font-weight: 400;color: #000000\">Renova\u00e7\u00e3o \/ atualiza\u00e7\u00e3o de cadastro.<\/span><\/li>\n<\/ul>\n<p><span style=\"color: #000000\"><span style=\"font-weight: 400\"><strong>&#8211;<\/strong> <\/span><b>bibliot@ufrrj.br<\/b><\/span><\/p>\n<ul>\n<li style=\"font-weight: 400\"><span style=\"font-weight: 400;color: #000000\"><span style=\"color: #0000ff\"><a style=\"color: #0000ff\" href=\"https:\/\/forms.gle\/hYo8ku7kBr23pFAB6\">Nada consta<\/a><\/span>;<\/span><\/li>\n<li style=\"font-weight: 400\"><span style=\"font-weight: 400;color: #000000\"><span style=\"color: #0000ff\"><a style=\"color: #0000ff\" href=\"https:\/\/institucional.ufrrj.br\/biblioteca\/produtos-e-servicos\/emprestimo-entre-bibliotecas\/\">Empr\u00e9stimo entre bibliotecas<\/a><\/span>.<br \/><\/span><\/li>\n<\/ul>\n<hr \/>\n<p><span style=\"color: #000000\"><b>PROCESSAMENTO T\u00c9CNICO \/ FORMA\u00c7\u00c3O E DESENVOLVIMENTO DE ACERVO<\/b><\/span><\/p>\n<p><span style=\"color: #000000\"><span style=\"font-weight: 400\"><strong>&#8211;<\/strong> <\/span><b>sptbc@ufrrj.br<\/b><\/span><\/p>\n<ul>\n<li style=\"font-weight: 400\"><span style=\"font-weight: 400;color: #000000\"><span style=\"color: #0000ff\"><a style=\"color: #0000ff\" href=\"https:\/\/institucional.ufrrj.br\/biblioteca\/acervos-virtuais1\/\">Base de dados (busca e d\u00favidas)<\/a><\/span>;<\/span><\/li>\n<li style=\"font-weight: 400\"><span style=\"font-weight: 400;color: #000000\"><span style=\"color: #0000ff\"><a style=\"color: #0000ff\" href=\"https:\/\/institucional.ufrrj.br\/biblioteca\/produtos-e-servicos\/ficha-catalografica\/\">Ficha catalogr\u00e1fica (d\u00favidas)<\/a><\/span>;<\/span><\/li>\n<li><span style=\"color: #0000ff\"><a style=\"color: #0000ff\" href=\"https:\/\/institucional.ufrrj.br\/biblioteca\/produtos-e-servicos\/portal-da-capes\/\">Portal de peri\u00f3dicos CAPES (uso e d\u00favidas)<\/a><\/span>;<\/li>\n<li style=\"font-weight: 400\"><span style=\"font-weight: 400;color: #000000\">Teses, disserta\u00e7\u00f5es e peri\u00f3dicos \/ artigos cient\u00edficos (busca e d\u00favidas);<\/span><\/li>\n<li style=\"font-weight: 400\"><span style=\"font-weight: 400;color: #000000\"><span style=\"color: #0000ff\"><a style=\"color: #0000ff\" href=\"https:\/\/rima.ufrrj.br\/jspui\/\">Reposit\u00f3rio Institucional de M\u00faltiplos Acervos &#8211; RIMA (uso e d\u00favidas)<\/a><\/span>.<\/span><\/li>\n<\/ul>\n<p><span style=\"color: #000000\"><span style=\"font-weight: 400\"><strong>&#8211;<\/strong> <\/span><b>sfdabc@ufrrj.br<\/b><\/span><\/p>\n<ul>\n<li style=\"font-weight: 400\"><span style=\"font-weight: 400;color: #000000\"><span style=\"color: #0000ff\"><a style=\"color: #0000ff\" href=\"https:\/\/institucional.ufrrj.br\/biblioteca\/produtos-e-servicos\/doacao-de-livros\/\">Doa\u00e7\u00e3o de livros e outras obras<\/a><\/span>.<\/span><\/li>\n<\/ul>\n<p><span style=\"color: #000000\"><span style=\"font-weight: 400\"><strong>&#8211;<\/strong> <\/span><b>aquisicaobc@ufrrj.br<\/b><\/span><\/p>\n<ul>\n<li style=\"font-weight: 400\"><span style=\"font-weight: 400;color: #000000\">Envio de lista para compras (coordena\u00e7\u00f5es dos cursos);<\/span><\/li>\n<li style=\"font-weight: 400\"><span style=\"font-weight: 400;color: #000000\"><span style=\"color: #0000ff\"><a style=\"color: #0000ff\" href=\"https:\/\/institucional.ufrrj.br\/biblioteca\/solicitar-aquisicao-compras\/\">Processo de compras da Biblioteca Central UFRRJ<\/a><\/span>.<br \/><\/span><\/li>\n<\/ul>\n<hr \/>\n<p><span style=\"color: #000000\"><b>DIRE\u00c7\u00c3O<\/b><\/span><\/p>\n<p><span style=\"color: #000000\"><span style=\"font-weight: 400\"><strong>&#8211;<\/strong> <\/span><b>direcaobc@ufrrj.br<\/b><\/span><\/p>\n<ul>\n<li style=\"font-weight: 400\"><span style=\"font-weight: 400;color: #000000\">Assuntos institucionais.<\/span><\/li>\n<\/ul>\n<p><span style=\"font-weight: 400;color: #000000\">&#8212;<\/span><\/p>\n<p><span style=\"font-weight: 400;color: #000000\">Acesse nosso Instagram:<\/span><a href=\"https:\/\/www.instagram.com\/bibliotecacentral.ufrrj\/\"> <span style=\"font-weight: 400\">https:\/\/www.instagram.com\/bibliotecacentral.ufrrj\/<\/span><\/a><\/p>\n<p><span style=\"font-weight: 400;color: #000000\">Acesse nosso Linktree:<\/span><a href=\"https:\/\/linktr.ee\/bibliotecacentral.ufrrj\"> <span style=\"font-weight: 400\">https:\/\/linktr.ee\/bibliotecacentral.ufrrj<\/span><\/a><\/p>\n<p><span style=\"font-weight: 400;color: #000000\">Acesse nosso Acervo:<\/span><a href=\"http:\/\/pergamum.ufrrj.br\/biblioteca\/index.php\"> <span style=\"font-weight: 400\">http:\/\/pergamum.ufrrj.br\/biblioteca\/index.php<\/span><\/a><\/p>\n<p><b>Ou telefone para:<\/b><b><br \/><\/b><span style=\"font-weight: 400\">(21) 2681-4630<\/span><\/p>\n<p><span style=\"font-weight: 400\">(21) 2682-1068<\/span><\/p>\n<\/div>\n<\/div>\n<\/div>\n<\/div>\n<\/div><\/div>\n","protected":false},"excerpt":{"rendered":"<p>SERVI\u00c7O DE REFER\u00caNCIA &#8211; srbc@ufrrj.br Empr\u00e9stimos, renova\u00e7\u00e3o e devolu\u00e7\u00e3o de livros; Levantamento bibliogr\u00e1fico; Multa (quita\u00e7\u00e3o), negocia\u00e7\u00e3o de multa; Normaliza\u00e7\u00e3o; Obras <a class=\"read-more\" href=\"https:\/\/institucional.ufrrj.br\/biblioteca\/contato\/ \">&#8230; <i class=\"fa fa-long-arrow-right\"><\/i><\/a><\/p>\n","protected":false},"author":634,"featured_media":0,"parent":0,"menu_order":0,"comment_status":"open","ping_status":"open","template":"","meta":{"footnotes":"","_links_to":"","_links_to_target":""},"class_list":["post-33","page","type-page","status-publish","hentry"],"yoast_head":"<!-- This site is optimized with the Yoast SEO plugin v27.2 - https:\/\/yoast.com\/product\/yoast-seo-wordpress\/ -->\n<title>Fale conosco e links dos servi\u00e7os - BIBLIOTECA CENTRAL<\/title>\n<meta name=\"robots\" content=\"index, follow, max-snippet:-1, max-image-preview:large, max-video-preview:-1\" \/>\n<link rel=\"canonical\" href=\"https:\/\/institucional.ufrrj.br\/biblioteca\/contato\/\" \/>\n<meta property=\"og:locale\" content=\"pt_BR\" \/>\n<meta property=\"og:type\" content=\"article\" \/>\n<meta property=\"og:title\" content=\"Fale conosco e links dos servi\u00e7os - BIBLIOTECA CENTRAL\" \/>\n<meta property=\"og:description\" content=\"SERVI\u00c7O DE REFER\u00caNCIA &#8211; srbc@ufrrj.br Empr\u00e9stimos, renova\u00e7\u00e3o e devolu\u00e7\u00e3o de livros; Levantamento bibliogr\u00e1fico; Multa (quita\u00e7\u00e3o), negocia\u00e7\u00e3o de multa; Normaliza\u00e7\u00e3o; Obras ...\" \/>\n<meta property=\"og:url\" content=\"https:\/\/institucional.ufrrj.br\/biblioteca\/contato\/\" \/>\n<meta property=\"og:site_name\" content=\"BIBLIOTECA CENTRAL\" \/>\n<meta property=\"article:publisher\" content=\"https:\/\/www.facebook.com\/pages\/Biblioteca-Central-UFRRJ\/169326639938700?ref=profile\" \/>\n<meta property=\"article:modified_time\" content=\"2026-02-10T20:52:59+00:00\" \/>\n<meta name=\"twitter:card\" content=\"summary_large_image\" \/>\n<meta name=\"twitter:label1\" content=\"Est. tempo de leitura\" \/>\n\t<meta name=\"twitter:data1\" content=\"1 minuto\" \/>\n<script type=\"application\/ld+json\" class=\"yoast-schema-graph\">{\"@context\":\"https:\/\/schema.org\",\"@graph\":[{\"@type\":\"WebPage\",\"@id\":\"https:\/\/institucional.ufrrj.br\/biblioteca\/contato\/\",\"url\":\"https:\/\/institucional.ufrrj.br\/biblioteca\/contato\/\",\"name\":\"Fale conosco e links dos servi\u00e7os - BIBLIOTECA CENTRAL\",\"isPartOf\":{\"@id\":\"https:\/\/institucional.ufrrj.br\/biblioteca\/#website\"},\"datePublished\":\"2015-05-20T17:02:17+00:00\",\"dateModified\":\"2026-02-10T20:52:59+00:00\",\"breadcrumb\":{\"@id\":\"https:\/\/institucional.ufrrj.br\/biblioteca\/contato\/#breadcrumb\"},\"inLanguage\":\"pt-BR\",\"potentialAction\":[{\"@type\":\"ReadAction\",\"target\":[\"https:\/\/institucional.ufrrj.br\/biblioteca\/contato\/\"]}]},{\"@type\":\"BreadcrumbList\",\"@id\":\"https:\/\/institucional.ufrrj.br\/biblioteca\/contato\/#breadcrumb\",\"itemListElement\":[{\"@type\":\"ListItem\",\"position\":1,\"name\":\"In\u00edcio\",\"item\":\"https:\/\/institucional.ufrrj.br\/biblioteca\/\"},{\"@type\":\"ListItem\",\"position\":2,\"name\":\"Contato\"}]},{\"@type\":\"WebSite\",\"@id\":\"https:\/\/institucional.ufrrj.br\/biblioteca\/#website\",\"url\":\"https:\/\/institucional.ufrrj.br\/biblioteca\/\",\"name\":\"BIBLIOTECA CENTRAL\",\"description\":\"Universidade Federal Rural do Rio de Janeiro  - UFRRJ\",\"potentialAction\":[{\"@type\":\"SearchAction\",\"target\":{\"@type\":\"EntryPoint\",\"urlTemplate\":\"https:\/\/institucional.ufrrj.br\/biblioteca\/?s={search_term_string}\"},\"query-input\":{\"@type\":\"PropertyValueSpecification\",\"valueRequired\":true,\"valueName\":\"search_term_string\"}}],\"inLanguage\":\"pt-BR\"}]}<\/script>\n<!-- \/ Yoast SEO plugin. -->","yoast_head_json":{"title":"Fale conosco e links dos servi\u00e7os - BIBLIOTECA CENTRAL","robots":{"index":"index","follow":"follow","max-snippet":"max-snippet:-1","max-image-preview":"max-image-preview:large","max-video-preview":"max-video-preview:-1"},"canonical":"https:\/\/institucional.ufrrj.br\/biblioteca\/contato\/","og_locale":"pt_BR","og_type":"article","og_title":"Fale conosco e links dos servi\u00e7os - BIBLIOTECA CENTRAL","og_description":"SERVI\u00c7O DE REFER\u00caNCIA &#8211; srbc@ufrrj.br Empr\u00e9stimos, renova\u00e7\u00e3o e devolu\u00e7\u00e3o de livros; Levantamento bibliogr\u00e1fico; Multa (quita\u00e7\u00e3o), negocia\u00e7\u00e3o de multa; Normaliza\u00e7\u00e3o; Obras ...","og_url":"https:\/\/institucional.ufrrj.br\/biblioteca\/contato\/","og_site_name":"BIBLIOTECA CENTRAL","article_publisher":"https:\/\/www.facebook.com\/pages\/Biblioteca-Central-UFRRJ\/169326639938700?ref=profile","article_modified_time":"2026-02-10T20:52:59+00:00","twitter_card":"summary_large_image","twitter_misc":{"Est. tempo de leitura":"1 minuto"},"schema":{"@context":"https:\/\/schema.org","@graph":[{"@type":"WebPage","@id":"https:\/\/institucional.ufrrj.br\/biblioteca\/contato\/","url":"https:\/\/institucional.ufrrj.br\/biblioteca\/contato\/","name":"Fale conosco e links dos servi\u00e7os - BIBLIOTECA CENTRAL","isPartOf":{"@id":"https:\/\/institucional.ufrrj.br\/biblioteca\/#website"},"datePublished":"2015-05-20T17:02:17+00:00","dateModified":"2026-02-10T20:52:59+00:00","breadcrumb":{"@id":"https:\/\/institucional.ufrrj.br\/biblioteca\/contato\/#breadcrumb"},"inLanguage":"pt-BR","potentialAction":[{"@type":"ReadAction","target":["https:\/\/institucional.ufrrj.br\/biblioteca\/contato\/"]}]},{"@type":"BreadcrumbList","@id":"https:\/\/institucional.ufrrj.br\/biblioteca\/contato\/#breadcrumb","itemListElement":[{"@type":"ListItem","position":1,"name":"In\u00edcio","item":"https:\/\/institucional.ufrrj.br\/biblioteca\/"},{"@type":"ListItem","position":2,"name":"Contato"}]},{"@type":"WebSite","@id":"https:\/\/institucional.ufrrj.br\/biblioteca\/#website","url":"https:\/\/institucional.ufrrj.br\/biblioteca\/","name":"BIBLIOTECA CENTRAL","description":"Universidade Federal Rural do Rio de Janeiro  - UFRRJ","potentialAction":[{"@type":"SearchAction","target":{"@type":"EntryPoint","urlTemplate":"https:\/\/institucional.ufrrj.br\/biblioteca\/?s={search_term_string}"},"query-input":{"@type":"PropertyValueSpecification","valueRequired":true,"valueName":"search_term_string"}}],"inLanguage":"pt-BR"}]}},"_links":{"self":[{"href":"https:\/\/institucional.ufrrj.br\/biblioteca\/wp-json\/wp\/v2\/pages\/33","targetHints":{"allow":["GET"]}}],"collection":[{"href":"https:\/\/institucional.ufrrj.br\/biblioteca\/wp-json\/wp\/v2\/pages"}],"about":[{"href":"https:\/\/institucional.ufrrj.br\/biblioteca\/wp-json\/wp\/v2\/types\/page"}],"author":[{"embeddable":true,"href":"https:\/\/institucional.ufrrj.br\/biblioteca\/wp-json\/wp\/v2\/users\/634"}],"replies":[{"embeddable":true,"href":"https:\/\/institucional.ufrrj.br\/biblioteca\/wp-json\/wp\/v2\/comments?post=33"}],"version-history":[{"count":2,"href":"https:\/\/institucional.ufrrj.br\/biblioteca\/wp-json\/wp\/v2\/pages\/33\/revisions"}],"predecessor-version":[{"id":3437,"href":"https:\/\/institucional.ufrrj.br\/biblioteca\/wp-json\/wp\/v2\/pages\/33\/revisions\/3437"}],"wp:attachment":[{"href":"https:\/\/institucional.ufrrj.br\/biblioteca\/wp-json\/wp\/v2\/media?parent=33"}],"curies":[{"name":"wp","href":"https:\/\/api.w.org\/{rel}","templated":true}]}}