{"id":31,"date":"2015-05-20T17:02:08","date_gmt":"2015-05-20T17:02:08","guid":{"rendered":"http:\/\/institucional.ufrrj.br\/biblioteca\/?page_id=31"},"modified":"2022-08-24T21:47:12","modified_gmt":"2022-08-25T00:47:12","slug":"historia","status":"publish","type":"page","link":"https:\/\/institucional.ufrrj.br\/biblioteca\/a-biblioteca\/historia\/","title":{"rendered":"Hist\u00f3ria"},"content":{"rendered":"<p style=\"text-align: left\"><span style=\"color: #000000\">\u00a0\u00a0\u00a0\u00a0\u00a0\u00a0 A <strong>Biblioteca Central da Universidade Federal Rural do Rio de Janeiro<\/strong> tem suas origens na \u00e9poca em que foi criada, pelo Decreto-lei n\u00ba 6.155, de 30\/12\/1943, a Universidade Rural, ap\u00f3s uma s\u00e9rie de mudan\u00e7as pelas quais passou a Escola Superior de Agricultura e Medicina Veterin\u00e1ria, criada pelo Decreto n\u00ba 8.319, de 20\/10\/1910, e funcionava na Avenida Pasteur, n\u00ba 404, na Praia Vermelha, na cidade do Rio de Janeiro.<\/span><\/p>\n<p><span style=\"color: #000000\">\u00a0\u00a0\u00a0\u00a0\u00a0\u00a0 Em 1948, pela portaria CNEPA n.\u00ba 95, na administra\u00e7\u00e3o do professor Waldemar Raythe, ent\u00e3o diretor do Centro Nacional de Ensino e Pesquisas Agron\u00f4micas do Minist\u00e9rio da Agricultura, foi criada a Biblioteca Central da UFRRJ. Tamb\u00e9m em 1948, al\u00e9m de consolidar novos cursos e servi\u00e7os criados, a Universidade Rural come\u00e7ou a ser transferida para as instala\u00e7\u00f5es onde atualmente funciona, \u00e0s margens da Antiga Rodovia Rio-S\u00e3o Paulo, hoje BR-465, em Serop\u00e9dica.<\/span><\/p>\n<p><span style=\"color: #000000\">\u00a0\u00a0\u00a0\u00a0\u00a0\u00a0 Em dezembro de 1958, com o assessoramento t\u00e9cnico do IBICT \u2013 Instituto Brasileiro de Ci\u00eancia e Tecnologia, a Biblioteca transferiu-se para as novas instala\u00e7\u00f5es da Universidade Rural, no Km 47 da Antiga Rodovia Rio-S\u00e3o Paulo (atual Km 7 da BR 465).<strong> Ficou localizada no segundo andar do Pavilh\u00e3o Centra<\/strong>l, sendo instalada pelo ent\u00e3o Instituto de Economia Rural, na gest\u00e3o do Professor R\u00f4mulo Cavina, com a colabora\u00e7\u00e3o do Instituto Brasileiro de Bibliografia e Documenta\u00e7\u00e3o, em execu\u00e7\u00e3o do conv\u00eanio assinado pelos Ministros Professor Cl\u00f3vis Salgado e Professor M\u00e1rio Meneghetti, pelo presidente da COSUPI, Professor Ernesto Luiz de Oliveira Junior e pelo Magn\u00edfico Reitor da Universidade, Professor Jos\u00e9 de Salles Fonseca.<\/span><\/p>\n<h5 class=\"center\" style=\"text-align: center\"><span style=\"color: #000000\"><a style=\"color: #000000\" href=\"https:\/\/institucional.ufrrj.br\/biblioteca\/files\/2015\/05\/foto-antiga_BC_.png\"><img loading=\"lazy\" decoding=\"async\" class=\"size-medium wp-image-519 aligncenter\" src=\"https:\/\/institucional.ufrrj.br\/biblioteca\/files\/2015\/05\/foto-antiga_BC_-300x261.png\" alt=\"foto antiga_BC_\" width=\"300\" height=\"261\" srcset=\"https:\/\/institucional.ufrrj.br\/biblioteca\/files\/2015\/05\/foto-antiga_BC_-300x261.png 300w, https:\/\/institucional.ufrrj.br\/biblioteca\/files\/2015\/05\/foto-antiga_BC_-1024x889.png 1024w, https:\/\/institucional.ufrrj.br\/biblioteca\/files\/2015\/05\/foto-antiga_BC_.png 1180w\" sizes=\"auto, (max-width: 300px) 100vw, 300px\" \/><\/a><em><strong>Foto antiga da BC, quando localizada no 2\u00ba andar do Pavilh\u00e3o Central da UFRRJ<\/strong><\/em><\/span><\/h5>\n<p><span style=\"color: #000000\">\u00a0\u00a0\u00a0\u00a0\u00a0\u00a0 Em 1963, a Universidade Rural, pelo Decreto n\u00ba 1.984\/63, passou a denominar-se &#8220;Universidade Rural do Brasil&#8221;, e depois, em 1965, pela Lei n\u00ba 4.759\/65, passou a ser chamada &#8220;Universidade Federal Rural do Rio de Janeiro&#8221; (UFRRJ).<\/span><\/p>\n<p><span style=\"color: #000000\">\u00a0\u00a0\u00a0\u00a0\u00a0\u00a0 Com a expans\u00e3o do acervo e dos servi\u00e7os prestados pela Biblioteca dentro da comunidade acad\u00eamica, verificou-se a necessidade da transfer\u00eancia do acervo para novas instala\u00e7\u00f5es. Construiu-se, ent\u00e3o, um novo pr\u00e9dio para a Biblioteca ao lado do Pavilh\u00e3o Central, para o qual a Biblioteca foi transferida em julho de 1973.<\/span><\/p>\n<p><span style=\"color: #000000\">\u00a0\u00a0\u00a0\u00a0\u00a0\u00a0 A partir desta data, a BC teve seus servi\u00e7os reestruturados e seu acervo desenvolvido, passando a ser um \u00f3rg\u00e3o suplementar da Universidade, ficando subordinada hierarquicamente \u00e0 Vice-Reitoria da UFRRJ, conforme estabelecido no Regimento Geral e no Estatuto da Universidade, aprovado pelo Parecer n\u00ba 3.716\/74, publicado no D.O.U. de 02\/12\/1974. Foi registrada no Conselho Regional de Biblioteconomia, 7\u00aa Regi\u00e3o, sob o n\u00ba 47, em 30 de mar\u00e7o de 1976.<\/span><\/p>\n","protected":false},"excerpt":{"rendered":"<p>\u00a0\u00a0\u00a0\u00a0\u00a0\u00a0 A Biblioteca Central da Universidade Federal Rural do Rio de Janeiro tem suas origens na \u00e9poca em que foi <a class=\"read-more\" href=\"https:\/\/institucional.ufrrj.br\/biblioteca\/a-biblioteca\/historia\/ \">&#8230; <i class=\"fa fa-long-arrow-right\"><\/i><\/a><\/p>\n","protected":false},"author":634,"featured_media":0,"parent":27,"menu_order":0,"comment_status":"open","ping_status":"open","template":"","meta":{"footnotes":"","_links_to":"","_links_to_target":""},"class_list":["post-31","page","type-page","status-publish","hentry"],"yoast_head":"<!-- This site is optimized with the Yoast SEO plugin v27.2 - https:\/\/yoast.com\/product\/yoast-seo-wordpress\/ -->\n<title>Hist\u00f3ria - BIBLIOTECA CENTRAL<\/title>\n<meta name=\"robots\" content=\"index, follow, max-snippet:-1, max-image-preview:large, max-video-preview:-1\" \/>\n<link rel=\"canonical\" href=\"https:\/\/institucional.ufrrj.br\/biblioteca\/a-biblioteca\/historia\/\" \/>\n<meta property=\"og:locale\" content=\"pt_BR\" \/>\n<meta property=\"og:type\" content=\"article\" \/>\n<meta property=\"og:title\" content=\"Hist\u00f3ria - BIBLIOTECA CENTRAL\" \/>\n<meta property=\"og:description\" content=\"\u00a0\u00a0\u00a0\u00a0\u00a0\u00a0 A Biblioteca Central da Universidade Federal Rural do Rio de Janeiro tem suas origens na \u00e9poca em que foi ...\" \/>\n<meta property=\"og:url\" content=\"https:\/\/institucional.ufrrj.br\/biblioteca\/a-biblioteca\/historia\/\" \/>\n<meta property=\"og:site_name\" content=\"BIBLIOTECA CENTRAL\" \/>\n<meta property=\"article:publisher\" content=\"https:\/\/www.facebook.com\/pages\/Biblioteca-Central-UFRRJ\/169326639938700?ref=profile\" \/>\n<meta property=\"article:modified_time\" content=\"2022-08-25T00:47:12+00:00\" \/>\n<meta property=\"og:image\" content=\"http:\/\/institucional.ufrrj.br\/biblioteca\/files\/2015\/05\/foto-antiga_BC_-300x261.png\" \/>\n<meta name=\"twitter:card\" content=\"summary_large_image\" \/>\n<meta name=\"twitter:label1\" content=\"Est. tempo de leitura\" \/>\n\t<meta name=\"twitter:data1\" content=\"3 minutos\" \/>\n<script type=\"application\/ld+json\" class=\"yoast-schema-graph\">{\"@context\":\"https:\/\/schema.org\",\"@graph\":[{\"@type\":\"WebPage\",\"@id\":\"https:\/\/institucional.ufrrj.br\/biblioteca\/a-biblioteca\/historia\/\",\"url\":\"https:\/\/institucional.ufrrj.br\/biblioteca\/a-biblioteca\/historia\/\",\"name\":\"Hist\u00f3ria - BIBLIOTECA CENTRAL\",\"isPartOf\":{\"@id\":\"https:\/\/institucional.ufrrj.br\/biblioteca\/#website\"},\"primaryImageOfPage\":{\"@id\":\"https:\/\/institucional.ufrrj.br\/biblioteca\/a-biblioteca\/historia\/#primaryimage\"},\"image\":{\"@id\":\"https:\/\/institucional.ufrrj.br\/biblioteca\/a-biblioteca\/historia\/#primaryimage\"},\"thumbnailUrl\":\"http:\/\/institucional.ufrrj.br\/biblioteca\/files\/2015\/05\/foto-antiga_BC_-300x261.png\",\"datePublished\":\"2015-05-20T17:02:08+00:00\",\"dateModified\":\"2022-08-25T00:47:12+00:00\",\"breadcrumb\":{\"@id\":\"https:\/\/institucional.ufrrj.br\/biblioteca\/a-biblioteca\/historia\/#breadcrumb\"},\"inLanguage\":\"pt-BR\",\"potentialAction\":[{\"@type\":\"ReadAction\",\"target\":[\"https:\/\/institucional.ufrrj.br\/biblioteca\/a-biblioteca\/historia\/\"]}]},{\"@type\":\"ImageObject\",\"inLanguage\":\"pt-BR\",\"@id\":\"https:\/\/institucional.ufrrj.br\/biblioteca\/a-biblioteca\/historia\/#primaryimage\",\"url\":\"http:\/\/institucional.ufrrj.br\/biblioteca\/files\/2015\/05\/foto-antiga_BC_-300x261.png\",\"contentUrl\":\"http:\/\/institucional.ufrrj.br\/biblioteca\/files\/2015\/05\/foto-antiga_BC_-300x261.png\"},{\"@type\":\"BreadcrumbList\",\"@id\":\"https:\/\/institucional.ufrrj.br\/biblioteca\/a-biblioteca\/historia\/#breadcrumb\",\"itemListElement\":[{\"@type\":\"ListItem\",\"position\":1,\"name\":\"In\u00edcio\",\"item\":\"https:\/\/institucional.ufrrj.br\/biblioteca\/\"},{\"@type\":\"ListItem\",\"position\":2,\"name\":\"BIBLIOTECA\",\"item\":\"https:\/\/institucional.ufrrj.br\/biblioteca\/a-biblioteca\/\"},{\"@type\":\"ListItem\",\"position\":3,\"name\":\"Hist\u00f3ria\"}]},{\"@type\":\"WebSite\",\"@id\":\"https:\/\/institucional.ufrrj.br\/biblioteca\/#website\",\"url\":\"https:\/\/institucional.ufrrj.br\/biblioteca\/\",\"name\":\"BIBLIOTECA CENTRAL\",\"description\":\"Universidade Federal Rural do Rio de Janeiro  - UFRRJ\",\"potentialAction\":[{\"@type\":\"SearchAction\",\"target\":{\"@type\":\"EntryPoint\",\"urlTemplate\":\"https:\/\/institucional.ufrrj.br\/biblioteca\/?s={search_term_string}\"},\"query-input\":{\"@type\":\"PropertyValueSpecification\",\"valueRequired\":true,\"valueName\":\"search_term_string\"}}],\"inLanguage\":\"pt-BR\"}]}<\/script>\n<!-- \/ Yoast SEO plugin. -->","yoast_head_json":{"title":"Hist\u00f3ria - BIBLIOTECA CENTRAL","robots":{"index":"index","follow":"follow","max-snippet":"max-snippet:-1","max-image-preview":"max-image-preview:large","max-video-preview":"max-video-preview:-1"},"canonical":"https:\/\/institucional.ufrrj.br\/biblioteca\/a-biblioteca\/historia\/","og_locale":"pt_BR","og_type":"article","og_title":"Hist\u00f3ria - BIBLIOTECA CENTRAL","og_description":"\u00a0\u00a0\u00a0\u00a0\u00a0\u00a0 A Biblioteca Central da Universidade Federal Rural do Rio de Janeiro tem suas origens na \u00e9poca em que foi ...","og_url":"https:\/\/institucional.ufrrj.br\/biblioteca\/a-biblioteca\/historia\/","og_site_name":"BIBLIOTECA CENTRAL","article_publisher":"https:\/\/www.facebook.com\/pages\/Biblioteca-Central-UFRRJ\/169326639938700?ref=profile","article_modified_time":"2022-08-25T00:47:12+00:00","og_image":[{"url":"http:\/\/institucional.ufrrj.br\/biblioteca\/files\/2015\/05\/foto-antiga_BC_-300x261.png","type":"","width":"","height":""}],"twitter_card":"summary_large_image","twitter_misc":{"Est. tempo de leitura":"3 minutos"},"schema":{"@context":"https:\/\/schema.org","@graph":[{"@type":"WebPage","@id":"https:\/\/institucional.ufrrj.br\/biblioteca\/a-biblioteca\/historia\/","url":"https:\/\/institucional.ufrrj.br\/biblioteca\/a-biblioteca\/historia\/","name":"Hist\u00f3ria - BIBLIOTECA CENTRAL","isPartOf":{"@id":"https:\/\/institucional.ufrrj.br\/biblioteca\/#website"},"primaryImageOfPage":{"@id":"https:\/\/institucional.ufrrj.br\/biblioteca\/a-biblioteca\/historia\/#primaryimage"},"image":{"@id":"https:\/\/institucional.ufrrj.br\/biblioteca\/a-biblioteca\/historia\/#primaryimage"},"thumbnailUrl":"http:\/\/institucional.ufrrj.br\/biblioteca\/files\/2015\/05\/foto-antiga_BC_-300x261.png","datePublished":"2015-05-20T17:02:08+00:00","dateModified":"2022-08-25T00:47:12+00:00","breadcrumb":{"@id":"https:\/\/institucional.ufrrj.br\/biblioteca\/a-biblioteca\/historia\/#breadcrumb"},"inLanguage":"pt-BR","potentialAction":[{"@type":"ReadAction","target":["https:\/\/institucional.ufrrj.br\/biblioteca\/a-biblioteca\/historia\/"]}]},{"@type":"ImageObject","inLanguage":"pt-BR","@id":"https:\/\/institucional.ufrrj.br\/biblioteca\/a-biblioteca\/historia\/#primaryimage","url":"http:\/\/institucional.ufrrj.br\/biblioteca\/files\/2015\/05\/foto-antiga_BC_-300x261.png","contentUrl":"http:\/\/institucional.ufrrj.br\/biblioteca\/files\/2015\/05\/foto-antiga_BC_-300x261.png"},{"@type":"BreadcrumbList","@id":"https:\/\/institucional.ufrrj.br\/biblioteca\/a-biblioteca\/historia\/#breadcrumb","itemListElement":[{"@type":"ListItem","position":1,"name":"In\u00edcio","item":"https:\/\/institucional.ufrrj.br\/biblioteca\/"},{"@type":"ListItem","position":2,"name":"BIBLIOTECA","item":"https:\/\/institucional.ufrrj.br\/biblioteca\/a-biblioteca\/"},{"@type":"ListItem","position":3,"name":"Hist\u00f3ria"}]},{"@type":"WebSite","@id":"https:\/\/institucional.ufrrj.br\/biblioteca\/#website","url":"https:\/\/institucional.ufrrj.br\/biblioteca\/","name":"BIBLIOTECA CENTRAL","description":"Universidade Federal Rural do Rio de Janeiro  - UFRRJ","potentialAction":[{"@type":"SearchAction","target":{"@type":"EntryPoint","urlTemplate":"https:\/\/institucional.ufrrj.br\/biblioteca\/?s={search_term_string}"},"query-input":{"@type":"PropertyValueSpecification","valueRequired":true,"valueName":"search_term_string"}}],"inLanguage":"pt-BR"}]}},"_links":{"self":[{"href":"https:\/\/institucional.ufrrj.br\/biblioteca\/wp-json\/wp\/v2\/pages\/31","targetHints":{"allow":["GET"]}}],"collection":[{"href":"https:\/\/institucional.ufrrj.br\/biblioteca\/wp-json\/wp\/v2\/pages"}],"about":[{"href":"https:\/\/institucional.ufrrj.br\/biblioteca\/wp-json\/wp\/v2\/types\/page"}],"author":[{"embeddable":true,"href":"https:\/\/institucional.ufrrj.br\/biblioteca\/wp-json\/wp\/v2\/users\/634"}],"replies":[{"embeddable":true,"href":"https:\/\/institucional.ufrrj.br\/biblioteca\/wp-json\/wp\/v2\/comments?post=31"}],"version-history":[{"count":17,"href":"https:\/\/institucional.ufrrj.br\/biblioteca\/wp-json\/wp\/v2\/pages\/31\/revisions"}],"predecessor-version":[{"id":1654,"href":"https:\/\/institucional.ufrrj.br\/biblioteca\/wp-json\/wp\/v2\/pages\/31\/revisions\/1654"}],"up":[{"embeddable":true,"href":"https:\/\/institucional.ufrrj.br\/biblioteca\/wp-json\/wp\/v2\/pages\/27"}],"wp:attachment":[{"href":"https:\/\/institucional.ufrrj.br\/biblioteca\/wp-json\/wp\/v2\/media?parent=31"}],"curies":[{"name":"wp","href":"https:\/\/api.w.org\/{rel}","templated":true}]}}