{"id":2954,"date":"2025-09-12T14:39:07","date_gmt":"2025-09-12T17:39:07","guid":{"rendered":"https:\/\/institucional.ufrrj.br\/biblioteca\/?page_id=2954"},"modified":"2026-02-20T16:10:35","modified_gmt":"2026-02-20T19:10:35","slug":"solicitar-aquisicao-compras","status":"publish","type":"page","link":"https:\/\/institucional.ufrrj.br\/biblioteca\/solicitar-aquisicao-compras\/","title":{"rendered":"Aquisi\u00e7\u00e3o por compras"},"content":{"rendered":"<p>A aquisi\u00e7\u00e3o por compras \u00e9 feita atrav\u00e9s de processo licitat\u00f3rio na modalidade de preg\u00e3o.<\/p>\n<p>Ela \u00e9 feita em conjunto com o <span style=\"color: #0000ff\"><a style=\"color: #0000ff\" href=\"https:\/\/institucional.ufrrj.br\/portaldmsa\/\" target=\"_blank\" rel=\"noopener\">DMSA (Departamento de Materiais e Servi\u00e7os Auxiliares)<\/a><span style=\"color: #000000\">, setor respons\u00e1vel pelos procedimento de compras e contrata\u00e7\u00f5es da Universidade, acompanhado pela <span style=\"color: #0000ff\"><a style=\"color: #0000ff\" href=\"https:\/\/portal.ufrrj.br\/pro-reitoria-de-assuntos-financeiros\/\" target=\"_blank\" rel=\"noopener\">PROAF (Pr\u00f3-Reitoria de Assuntos Financeiros)<\/a><span style=\"color: #000000\">.<\/span> <\/span><\/span><\/span><\/p>\n<p>Nossa periodicidade depender\u00e1 do <a href=\"https:\/\/institucional.ufrrj.br\/portaldmsa\/cronograma\/\" target=\"_blank\" rel=\"noopener\"><span style=\"color: #0000ff\">cronograma do Plano de Contrata\u00e7\u00f5es Anual<\/span><\/a> elaborado pelo DMSA<\/p>\n<p>&#8212;<\/p>\n<p><strong>Processo atual<\/strong>: <a href=\"https:\/\/sipac.ufrrj.br\/public\/jsp\/processos\/processo_detalhado.jsf?id=73743#\" target=\"_blank\" rel=\"noopener\"><span style=\"color: #000000\">23083.020717\/2023-03<\/span><\/a><\/p>\n<p><strong>Status<\/strong>: An\u00e1lise e manifesta\u00e7\u00e3o quanto \u00e0 assinatura do Edital PE-90019\/2026 e \u00e0 aprova\u00e7\u00e3o do Termo de Refer\u00eancia. Ap\u00f3s isto, a autoriza\u00e7\u00e3o para a publica\u00e7\u00e3o do primeiro elemento e confirma\u00e7\u00e3o do pregoeiro e seus suplentes (11.02.2026).<\/p>\n<p><strong>Acompanhamento<\/strong>: <span style=\"color: #0000ff\"><a style=\"color: #0000ff\" href=\"https:\/\/sipac.ufrrj.br\/public\/jsp\/processos\/processo_detalhado.jsf?id=73743#\" target=\"_blank\" rel=\"noopener\">https:\/\/sipac.ufrrj.br\/public\/jsp\/processos\/processo_detalhado.jsf?id=73743#<\/a><span style=\"color: #000000\"> (atualizado)<\/span><br \/><a style=\"color: #0000ff\" href=\"https:\/\/institucional.ufrrj.br\/portaldmsa\/\" target=\"_blank\" rel=\"noopener\">https:\/\/institucional.ufrrj.br\/portaldmsa\/<\/a><span style=\"color: #000000\"> (ainda a incluir)<\/span><br \/><\/span><\/p>\n<p>&#8212;<\/p>\n<p>Qualquer d\u00favida, planilha de preenchimento, envio de listagem: <span style=\"color: #3366ff\">aquisicaobc@ufrrj.br<\/span><\/p>\n\n\n<p><\/p>\n","protected":false},"excerpt":{"rendered":"<p>A aquisi\u00e7\u00e3o por compras \u00e9 feita atrav\u00e9s de processo licitat\u00f3rio na modalidade de preg\u00e3o. Ela \u00e9 feita em conjunto com <a class=\"read-more\" href=\"https:\/\/institucional.ufrrj.br\/biblioteca\/solicitar-aquisicao-compras\/ \">&#8230; <i class=\"fa fa-long-arrow-right\"><\/i><\/a><\/p>\n","protected":false},"author":377,"featured_media":0,"parent":0,"menu_order":0,"comment_status":"closed","ping_status":"closed","template":"","meta":{"footnotes":"","_links_to":"","_links_to_target":""},"class_list":["post-2954","page","type-page","status-publish","hentry"],"yoast_head":"<!-- This site is optimized with the Yoast SEO plugin v27.2 - https:\/\/yoast.com\/product\/yoast-seo-wordpress\/ -->\n<title>Aquisi\u00e7\u00e3o por compras - BIBLIOTECA CENTRAL<\/title>\n<meta name=\"robots\" content=\"index, follow, max-snippet:-1, max-image-preview:large, max-video-preview:-1\" \/>\n<link rel=\"canonical\" href=\"https:\/\/institucional.ufrrj.br\/biblioteca\/solicitar-aquisicao-compras\/\" \/>\n<meta property=\"og:locale\" content=\"pt_BR\" \/>\n<meta property=\"og:type\" content=\"article\" \/>\n<meta property=\"og:title\" content=\"Aquisi\u00e7\u00e3o por compras - BIBLIOTECA CENTRAL\" \/>\n<meta property=\"og:description\" content=\"A aquisi\u00e7\u00e3o por compras \u00e9 feita atrav\u00e9s de processo licitat\u00f3rio na modalidade de preg\u00e3o. Ela \u00e9 feita em conjunto com ...\" \/>\n<meta property=\"og:url\" content=\"https:\/\/institucional.ufrrj.br\/biblioteca\/solicitar-aquisicao-compras\/\" \/>\n<meta property=\"og:site_name\" content=\"BIBLIOTECA CENTRAL\" \/>\n<meta property=\"article:publisher\" content=\"https:\/\/www.facebook.com\/pages\/Biblioteca-Central-UFRRJ\/169326639938700?ref=profile\" \/>\n<meta property=\"article:modified_time\" content=\"2026-02-20T19:10:35+00:00\" \/>\n<meta name=\"twitter:card\" content=\"summary_large_image\" \/>\n<meta name=\"twitter:label1\" content=\"Est. tempo de leitura\" \/>\n\t<meta name=\"twitter:data1\" content=\"1 minuto\" \/>\n<script type=\"application\/ld+json\" class=\"yoast-schema-graph\">{\"@context\":\"https:\/\/schema.org\",\"@graph\":[{\"@type\":\"WebPage\",\"@id\":\"https:\/\/institucional.ufrrj.br\/biblioteca\/solicitar-aquisicao-compras\/\",\"url\":\"https:\/\/institucional.ufrrj.br\/biblioteca\/solicitar-aquisicao-compras\/\",\"name\":\"Aquisi\u00e7\u00e3o por compras - BIBLIOTECA CENTRAL\",\"isPartOf\":{\"@id\":\"https:\/\/institucional.ufrrj.br\/biblioteca\/#website\"},\"datePublished\":\"2025-09-12T17:39:07+00:00\",\"dateModified\":\"2026-02-20T19:10:35+00:00\",\"breadcrumb\":{\"@id\":\"https:\/\/institucional.ufrrj.br\/biblioteca\/solicitar-aquisicao-compras\/#breadcrumb\"},\"inLanguage\":\"pt-BR\",\"potentialAction\":[{\"@type\":\"ReadAction\",\"target\":[\"https:\/\/institucional.ufrrj.br\/biblioteca\/solicitar-aquisicao-compras\/\"]}]},{\"@type\":\"BreadcrumbList\",\"@id\":\"https:\/\/institucional.ufrrj.br\/biblioteca\/solicitar-aquisicao-compras\/#breadcrumb\",\"itemListElement\":[{\"@type\":\"ListItem\",\"position\":1,\"name\":\"In\u00edcio\",\"item\":\"https:\/\/institucional.ufrrj.br\/biblioteca\/\"},{\"@type\":\"ListItem\",\"position\":2,\"name\":\"Aquisi\u00e7\u00e3o por compras\"}]},{\"@type\":\"WebSite\",\"@id\":\"https:\/\/institucional.ufrrj.br\/biblioteca\/#website\",\"url\":\"https:\/\/institucional.ufrrj.br\/biblioteca\/\",\"name\":\"BIBLIOTECA CENTRAL\",\"description\":\"Universidade Federal Rural do Rio de Janeiro  - UFRRJ\",\"potentialAction\":[{\"@type\":\"SearchAction\",\"target\":{\"@type\":\"EntryPoint\",\"urlTemplate\":\"https:\/\/institucional.ufrrj.br\/biblioteca\/?s={search_term_string}\"},\"query-input\":{\"@type\":\"PropertyValueSpecification\",\"valueRequired\":true,\"valueName\":\"search_term_string\"}}],\"inLanguage\":\"pt-BR\"}]}<\/script>\n<!-- \/ Yoast SEO plugin. -->","yoast_head_json":{"title":"Aquisi\u00e7\u00e3o por compras - BIBLIOTECA CENTRAL","robots":{"index":"index","follow":"follow","max-snippet":"max-snippet:-1","max-image-preview":"max-image-preview:large","max-video-preview":"max-video-preview:-1"},"canonical":"https:\/\/institucional.ufrrj.br\/biblioteca\/solicitar-aquisicao-compras\/","og_locale":"pt_BR","og_type":"article","og_title":"Aquisi\u00e7\u00e3o por compras - BIBLIOTECA CENTRAL","og_description":"A aquisi\u00e7\u00e3o por compras \u00e9 feita atrav\u00e9s de processo licitat\u00f3rio na modalidade de preg\u00e3o. Ela \u00e9 feita em conjunto com ...","og_url":"https:\/\/institucional.ufrrj.br\/biblioteca\/solicitar-aquisicao-compras\/","og_site_name":"BIBLIOTECA CENTRAL","article_publisher":"https:\/\/www.facebook.com\/pages\/Biblioteca-Central-UFRRJ\/169326639938700?ref=profile","article_modified_time":"2026-02-20T19:10:35+00:00","twitter_card":"summary_large_image","twitter_misc":{"Est. tempo de leitura":"1 minuto"},"schema":{"@context":"https:\/\/schema.org","@graph":[{"@type":"WebPage","@id":"https:\/\/institucional.ufrrj.br\/biblioteca\/solicitar-aquisicao-compras\/","url":"https:\/\/institucional.ufrrj.br\/biblioteca\/solicitar-aquisicao-compras\/","name":"Aquisi\u00e7\u00e3o por compras - BIBLIOTECA CENTRAL","isPartOf":{"@id":"https:\/\/institucional.ufrrj.br\/biblioteca\/#website"},"datePublished":"2025-09-12T17:39:07+00:00","dateModified":"2026-02-20T19:10:35+00:00","breadcrumb":{"@id":"https:\/\/institucional.ufrrj.br\/biblioteca\/solicitar-aquisicao-compras\/#breadcrumb"},"inLanguage":"pt-BR","potentialAction":[{"@type":"ReadAction","target":["https:\/\/institucional.ufrrj.br\/biblioteca\/solicitar-aquisicao-compras\/"]}]},{"@type":"BreadcrumbList","@id":"https:\/\/institucional.ufrrj.br\/biblioteca\/solicitar-aquisicao-compras\/#breadcrumb","itemListElement":[{"@type":"ListItem","position":1,"name":"In\u00edcio","item":"https:\/\/institucional.ufrrj.br\/biblioteca\/"},{"@type":"ListItem","position":2,"name":"Aquisi\u00e7\u00e3o por compras"}]},{"@type":"WebSite","@id":"https:\/\/institucional.ufrrj.br\/biblioteca\/#website","url":"https:\/\/institucional.ufrrj.br\/biblioteca\/","name":"BIBLIOTECA CENTRAL","description":"Universidade Federal Rural do Rio de Janeiro  - UFRRJ","potentialAction":[{"@type":"SearchAction","target":{"@type":"EntryPoint","urlTemplate":"https:\/\/institucional.ufrrj.br\/biblioteca\/?s={search_term_string}"},"query-input":{"@type":"PropertyValueSpecification","valueRequired":true,"valueName":"search_term_string"}}],"inLanguage":"pt-BR"}]}},"_links":{"self":[{"href":"https:\/\/institucional.ufrrj.br\/biblioteca\/wp-json\/wp\/v2\/pages\/2954","targetHints":{"allow":["GET"]}}],"collection":[{"href":"https:\/\/institucional.ufrrj.br\/biblioteca\/wp-json\/wp\/v2\/pages"}],"about":[{"href":"https:\/\/institucional.ufrrj.br\/biblioteca\/wp-json\/wp\/v2\/types\/page"}],"author":[{"embeddable":true,"href":"https:\/\/institucional.ufrrj.br\/biblioteca\/wp-json\/wp\/v2\/users\/377"}],"replies":[{"embeddable":true,"href":"https:\/\/institucional.ufrrj.br\/biblioteca\/wp-json\/wp\/v2\/comments?post=2954"}],"version-history":[{"count":2,"href":"https:\/\/institucional.ufrrj.br\/biblioteca\/wp-json\/wp\/v2\/pages\/2954\/revisions"}],"predecessor-version":[{"id":3499,"href":"https:\/\/institucional.ufrrj.br\/biblioteca\/wp-json\/wp\/v2\/pages\/2954\/revisions\/3499"}],"wp:attachment":[{"href":"https:\/\/institucional.ufrrj.br\/biblioteca\/wp-json\/wp\/v2\/media?parent=2954"}],"curies":[{"name":"wp","href":"https:\/\/api.w.org\/{rel}","templated":true}]}}