{"id":2919,"date":"2025-09-09T20:00:31","date_gmt":"2025-09-09T23:00:31","guid":{"rendered":"https:\/\/institucional.ufrrj.br\/biblioteca\/?page_id=2919"},"modified":"2025-11-06T17:49:14","modified_gmt":"2025-11-06T20:49:14","slug":"reserva-de-espacos","status":"publish","type":"page","link":"https:\/\/institucional.ufrrj.br\/biblioteca\/reserva-de-espacos\/","title":{"rendered":"Reserva de espa\u00e7os"},"content":{"rendered":"\n<div class=\"wp-block-group\"><div class=\"wp-block-group__inner-container is-layout-constrained wp-block-group-is-layout-constrained\">\n<p>A Biblioteca Central possui\u00a0<strong>3 (tr\u00eas) espa\u00e7os mediante agendamento pr\u00e9vio<\/strong>:<\/p>\n<ul>\n<li>Audit\u00f3rio;<\/li>\n<li>Salas de monitoria;<\/li>\n<li>Sala multim\u00eddia.<\/li>\n<\/ul>\n<p>O hor\u00e1rio de uso dos espa\u00e7os \u00e9\u00a0<strong>das 08h \u00e0s 17h.<\/strong>\u00a0Outras informa\u00e7\u00f5es em anexo.<\/p>\n<p>D\u00favidas e disponibilidade pelo e-mail: <strong>srbc@ufrrj.br<\/strong><\/p>\n<hr \/>\n<p><strong>Guias de uso:<\/strong><\/p>\n<\/div><\/div>\n\n\n\n<div class=\"wp-block-file\"><a id=\"wp-block-file--media-2e0c7901-a673-4819-a1f7-4bebec97ba55\" href=\"https:\/\/institucional.ufrrj.br\/biblioteca\/files\/2025\/09\/Auditorio-BC-UFRRJ.pdf\"><strong>Audit\u00f3rio &#8211; BC UFRRJ<\/strong><\/a><a href=\"https:\/\/institucional.ufrrj.br\/biblioteca\/files\/2025\/09\/Auditorio-BC-UFRRJ.pdf\" class=\"wp-block-file__button wp-element-button\" download aria-describedby=\"wp-block-file--media-2e0c7901-a673-4819-a1f7-4bebec97ba55\">Baixar guia<\/a><\/div>\n\n\n\n<div class=\"wp-block-file\"><a id=\"wp-block-file--media-5d4e5144-425e-4198-bdb6-ba58beac100b\" href=\"https:\/\/institucional.ufrrj.br\/biblioteca\/files\/2025\/09\/Cabine-de-monitoria-BC-UFRRJ.pdf\"><strong>Salas de monitoria &#8211; BC UFRRJ<\/strong><\/a><a href=\"https:\/\/institucional.ufrrj.br\/biblioteca\/files\/2025\/09\/Cabine-de-monitoria-BC-UFRRJ.pdf\" class=\"wp-block-file__button wp-element-button\" download aria-describedby=\"wp-block-file--media-5d4e5144-425e-4198-bdb6-ba58beac100b\">Baixar guia<\/a><\/div>\n\n\n\n<div class=\"wp-block-file\"><a id=\"wp-block-file--media-eddcbc1c-7549-4d48-921d-863afa3d4650\" href=\"https:\/\/institucional.ufrrj.br\/biblioteca\/files\/2025\/09\/Sala-Multimidia-BC-UFRRJ.pdf\"><strong>Sala Multimidia &#8211; BC UFRRJ<\/strong><\/a><a href=\"https:\/\/institucional.ufrrj.br\/biblioteca\/files\/2025\/09\/Sala-Multimidia-BC-UFRRJ.pdf\" class=\"wp-block-file__button wp-element-button\" download aria-describedby=\"wp-block-file--media-eddcbc1c-7549-4d48-921d-863afa3d4650\">Baixar guia<\/a><\/div>\n\n\n<hr \/>\n<p><strong>Fotos<\/strong>:<\/p>\n\n\n<figure class=\"wp-block-image size-large\"><a href=\"https:\/\/institucional.ufrrj.br\/biblioteca\/files\/2025\/09\/Auditorio-1.jpeg\"><img loading=\"lazy\" decoding=\"async\" width=\"1024\" height=\"497\" src=\"https:\/\/institucional.ufrrj.br\/biblioteca\/files\/2025\/09\/Auditorio-1-1024x497.jpeg\" alt=\"\" class=\"wp-image-2984\" srcset=\"https:\/\/institucional.ufrrj.br\/biblioteca\/files\/2025\/09\/Auditorio-1-1024x497.jpeg 1024w, https:\/\/institucional.ufrrj.br\/biblioteca\/files\/2025\/09\/Auditorio-1-300x146.jpeg 300w, https:\/\/institucional.ufrrj.br\/biblioteca\/files\/2025\/09\/Auditorio-1-768x373.jpeg 768w, https:\/\/institucional.ufrrj.br\/biblioteca\/files\/2025\/09\/Auditorio-1-1536x746.jpeg 1536w, https:\/\/institucional.ufrrj.br\/biblioteca\/files\/2025\/09\/Auditorio-1.jpeg 1600w\" sizes=\"auto, (max-width: 1024px) 100vw, 1024px\" \/><\/a><figcaption class=\"wp-element-caption\">Legenda: Audit\u00f3rio<\/figcaption><\/figure>\n\n\n\n<figure class=\"wp-block-image size-large is-resized\"><a href=\"https:\/\/institucional.ufrrj.br\/biblioteca\/files\/2025\/09\/Cabine-de-monitoria.jpeg\"><img loading=\"lazy\" decoding=\"async\" width=\"497\" height=\"1024\" src=\"https:\/\/institucional.ufrrj.br\/biblioteca\/files\/2025\/09\/Cabine-de-monitoria-497x1024.jpeg\" alt=\"\" class=\"wp-image-2985\" style=\"width:270px;height:auto\" srcset=\"https:\/\/institucional.ufrrj.br\/biblioteca\/files\/2025\/09\/Cabine-de-monitoria-497x1024.jpeg 497w, https:\/\/institucional.ufrrj.br\/biblioteca\/files\/2025\/09\/Cabine-de-monitoria-146x300.jpeg 146w, https:\/\/institucional.ufrrj.br\/biblioteca\/files\/2025\/09\/Cabine-de-monitoria-768x1581.jpeg 768w, https:\/\/institucional.ufrrj.br\/biblioteca\/files\/2025\/09\/Cabine-de-monitoria-746x1536.jpeg 746w, https:\/\/institucional.ufrrj.br\/biblioteca\/files\/2025\/09\/Cabine-de-monitoria.jpeg 777w\" sizes=\"auto, (max-width: 497px) 100vw, 497px\" \/><\/a><figcaption class=\"wp-element-caption\">Legenda: Sala de monitoria<\/figcaption><\/figure>\n\n\n\n<figure class=\"wp-block-image size-large\"><a href=\"https:\/\/institucional.ufrrj.br\/biblioteca\/files\/2025\/09\/Sala-multimidia.jpeg\"><img loading=\"lazy\" decoding=\"async\" width=\"1024\" height=\"497\" src=\"https:\/\/institucional.ufrrj.br\/biblioteca\/files\/2025\/09\/Sala-multimidia-1024x497.jpeg\" alt=\"\" class=\"wp-image-2986\" srcset=\"https:\/\/institucional.ufrrj.br\/biblioteca\/files\/2025\/09\/Sala-multimidia-1024x497.jpeg 1024w, https:\/\/institucional.ufrrj.br\/biblioteca\/files\/2025\/09\/Sala-multimidia-300x146.jpeg 300w, https:\/\/institucional.ufrrj.br\/biblioteca\/files\/2025\/09\/Sala-multimidia-768x373.jpeg 768w, https:\/\/institucional.ufrrj.br\/biblioteca\/files\/2025\/09\/Sala-multimidia-1536x746.jpeg 1536w, https:\/\/institucional.ufrrj.br\/biblioteca\/files\/2025\/09\/Sala-multimidia.jpeg 1600w\" sizes=\"auto, (max-width: 1024px) 100vw, 1024px\" \/><\/a><figcaption class=\"wp-element-caption\">Legenda: Sala multim\u00eddia<\/figcaption><\/figure>\n","protected":false},"excerpt":{"rendered":"<p>A Biblioteca Central possui\u00a03 (tr\u00eas) espa\u00e7os mediante agendamento pr\u00e9vio: Audit\u00f3rio; Salas de monitoria; Sala multim\u00eddia. O hor\u00e1rio de uso dos <a class=\"read-more\" href=\"https:\/\/institucional.ufrrj.br\/biblioteca\/reserva-de-espacos\/ \">&#8230; <i class=\"fa fa-long-arrow-right\"><\/i><\/a><\/p>\n","protected":false},"author":377,"featured_media":0,"parent":0,"menu_order":0,"comment_status":"closed","ping_status":"closed","template":"","meta":{"footnotes":"","_links_to":"","_links_to_target":""},"class_list":["post-2919","page","type-page","status-publish","hentry"],"yoast_head":"<!-- This site is optimized with the Yoast SEO plugin v27.2 - https:\/\/yoast.com\/product\/yoast-seo-wordpress\/ -->\n<title>Reserva de espa\u00e7os - BIBLIOTECA CENTRAL<\/title>\n<meta name=\"robots\" content=\"index, follow, max-snippet:-1, max-image-preview:large, max-video-preview:-1\" \/>\n<link rel=\"canonical\" href=\"https:\/\/institucional.ufrrj.br\/biblioteca\/reserva-de-espacos\/\" \/>\n<meta property=\"og:locale\" content=\"pt_BR\" \/>\n<meta property=\"og:type\" content=\"article\" \/>\n<meta property=\"og:title\" content=\"Reserva de espa\u00e7os - BIBLIOTECA CENTRAL\" \/>\n<meta property=\"og:description\" content=\"A Biblioteca Central possui\u00a03 (tr\u00eas) espa\u00e7os mediante agendamento pr\u00e9vio: Audit\u00f3rio; Salas de monitoria; Sala multim\u00eddia. O hor\u00e1rio de uso dos ...\" \/>\n<meta property=\"og:url\" content=\"https:\/\/institucional.ufrrj.br\/biblioteca\/reserva-de-espacos\/\" \/>\n<meta property=\"og:site_name\" content=\"BIBLIOTECA CENTRAL\" \/>\n<meta property=\"article:publisher\" content=\"https:\/\/www.facebook.com\/pages\/Biblioteca-Central-UFRRJ\/169326639938700?ref=profile\" \/>\n<meta property=\"article:modified_time\" content=\"2025-11-06T20:49:14+00:00\" \/>\n<meta property=\"og:image\" content=\"https:\/\/institucional.ufrrj.br\/biblioteca\/files\/2025\/09\/Auditorio-1-1024x497.jpeg\" \/>\n<meta name=\"twitter:card\" content=\"summary_large_image\" \/>\n<script type=\"application\/ld+json\" class=\"yoast-schema-graph\">{\"@context\":\"https:\/\/schema.org\",\"@graph\":[{\"@type\":\"WebPage\",\"@id\":\"https:\/\/institucional.ufrrj.br\/biblioteca\/reserva-de-espacos\/\",\"url\":\"https:\/\/institucional.ufrrj.br\/biblioteca\/reserva-de-espacos\/\",\"name\":\"Reserva de espa\u00e7os - BIBLIOTECA CENTRAL\",\"isPartOf\":{\"@id\":\"https:\/\/institucional.ufrrj.br\/biblioteca\/#website\"},\"primaryImageOfPage\":{\"@id\":\"https:\/\/institucional.ufrrj.br\/biblioteca\/reserva-de-espacos\/#primaryimage\"},\"image\":{\"@id\":\"https:\/\/institucional.ufrrj.br\/biblioteca\/reserva-de-espacos\/#primaryimage\"},\"thumbnailUrl\":\"https:\/\/institucional.ufrrj.br\/biblioteca\/files\/2025\/09\/Auditorio-1-1024x497.jpeg\",\"datePublished\":\"2025-09-09T23:00:31+00:00\",\"dateModified\":\"2025-11-06T20:49:14+00:00\",\"breadcrumb\":{\"@id\":\"https:\/\/institucional.ufrrj.br\/biblioteca\/reserva-de-espacos\/#breadcrumb\"},\"inLanguage\":\"pt-BR\",\"potentialAction\":[{\"@type\":\"ReadAction\",\"target\":[\"https:\/\/institucional.ufrrj.br\/biblioteca\/reserva-de-espacos\/\"]}]},{\"@type\":\"ImageObject\",\"inLanguage\":\"pt-BR\",\"@id\":\"https:\/\/institucional.ufrrj.br\/biblioteca\/reserva-de-espacos\/#primaryimage\",\"url\":\"https:\/\/institucional.ufrrj.br\/biblioteca\/files\/2025\/09\/Auditorio-1-1024x497.jpeg\",\"contentUrl\":\"https:\/\/institucional.ufrrj.br\/biblioteca\/files\/2025\/09\/Auditorio-1-1024x497.jpeg\"},{\"@type\":\"BreadcrumbList\",\"@id\":\"https:\/\/institucional.ufrrj.br\/biblioteca\/reserva-de-espacos\/#breadcrumb\",\"itemListElement\":[{\"@type\":\"ListItem\",\"position\":1,\"name\":\"In\u00edcio\",\"item\":\"https:\/\/institucional.ufrrj.br\/biblioteca\/\"},{\"@type\":\"ListItem\",\"position\":2,\"name\":\"Reserva de espa\u00e7os\"}]},{\"@type\":\"WebSite\",\"@id\":\"https:\/\/institucional.ufrrj.br\/biblioteca\/#website\",\"url\":\"https:\/\/institucional.ufrrj.br\/biblioteca\/\",\"name\":\"BIBLIOTECA CENTRAL\",\"description\":\"Universidade Federal Rural do Rio de Janeiro  - UFRRJ\",\"potentialAction\":[{\"@type\":\"SearchAction\",\"target\":{\"@type\":\"EntryPoint\",\"urlTemplate\":\"https:\/\/institucional.ufrrj.br\/biblioteca\/?s={search_term_string}\"},\"query-input\":{\"@type\":\"PropertyValueSpecification\",\"valueRequired\":true,\"valueName\":\"search_term_string\"}}],\"inLanguage\":\"pt-BR\"}]}<\/script>\n<!-- \/ Yoast SEO plugin. -->","yoast_head_json":{"title":"Reserva de espa\u00e7os - BIBLIOTECA CENTRAL","robots":{"index":"index","follow":"follow","max-snippet":"max-snippet:-1","max-image-preview":"max-image-preview:large","max-video-preview":"max-video-preview:-1"},"canonical":"https:\/\/institucional.ufrrj.br\/biblioteca\/reserva-de-espacos\/","og_locale":"pt_BR","og_type":"article","og_title":"Reserva de espa\u00e7os - BIBLIOTECA CENTRAL","og_description":"A Biblioteca Central possui\u00a03 (tr\u00eas) espa\u00e7os mediante agendamento pr\u00e9vio: Audit\u00f3rio; Salas de monitoria; Sala multim\u00eddia. O hor\u00e1rio de uso dos ...","og_url":"https:\/\/institucional.ufrrj.br\/biblioteca\/reserva-de-espacos\/","og_site_name":"BIBLIOTECA CENTRAL","article_publisher":"https:\/\/www.facebook.com\/pages\/Biblioteca-Central-UFRRJ\/169326639938700?ref=profile","article_modified_time":"2025-11-06T20:49:14+00:00","og_image":[{"url":"https:\/\/institucional.ufrrj.br\/biblioteca\/files\/2025\/09\/Auditorio-1-1024x497.jpeg","type":"","width":"","height":""}],"twitter_card":"summary_large_image","schema":{"@context":"https:\/\/schema.org","@graph":[{"@type":"WebPage","@id":"https:\/\/institucional.ufrrj.br\/biblioteca\/reserva-de-espacos\/","url":"https:\/\/institucional.ufrrj.br\/biblioteca\/reserva-de-espacos\/","name":"Reserva de espa\u00e7os - BIBLIOTECA CENTRAL","isPartOf":{"@id":"https:\/\/institucional.ufrrj.br\/biblioteca\/#website"},"primaryImageOfPage":{"@id":"https:\/\/institucional.ufrrj.br\/biblioteca\/reserva-de-espacos\/#primaryimage"},"image":{"@id":"https:\/\/institucional.ufrrj.br\/biblioteca\/reserva-de-espacos\/#primaryimage"},"thumbnailUrl":"https:\/\/institucional.ufrrj.br\/biblioteca\/files\/2025\/09\/Auditorio-1-1024x497.jpeg","datePublished":"2025-09-09T23:00:31+00:00","dateModified":"2025-11-06T20:49:14+00:00","breadcrumb":{"@id":"https:\/\/institucional.ufrrj.br\/biblioteca\/reserva-de-espacos\/#breadcrumb"},"inLanguage":"pt-BR","potentialAction":[{"@type":"ReadAction","target":["https:\/\/institucional.ufrrj.br\/biblioteca\/reserva-de-espacos\/"]}]},{"@type":"ImageObject","inLanguage":"pt-BR","@id":"https:\/\/institucional.ufrrj.br\/biblioteca\/reserva-de-espacos\/#primaryimage","url":"https:\/\/institucional.ufrrj.br\/biblioteca\/files\/2025\/09\/Auditorio-1-1024x497.jpeg","contentUrl":"https:\/\/institucional.ufrrj.br\/biblioteca\/files\/2025\/09\/Auditorio-1-1024x497.jpeg"},{"@type":"BreadcrumbList","@id":"https:\/\/institucional.ufrrj.br\/biblioteca\/reserva-de-espacos\/#breadcrumb","itemListElement":[{"@type":"ListItem","position":1,"name":"In\u00edcio","item":"https:\/\/institucional.ufrrj.br\/biblioteca\/"},{"@type":"ListItem","position":2,"name":"Reserva de espa\u00e7os"}]},{"@type":"WebSite","@id":"https:\/\/institucional.ufrrj.br\/biblioteca\/#website","url":"https:\/\/institucional.ufrrj.br\/biblioteca\/","name":"BIBLIOTECA CENTRAL","description":"Universidade Federal Rural do Rio de Janeiro  - UFRRJ","potentialAction":[{"@type":"SearchAction","target":{"@type":"EntryPoint","urlTemplate":"https:\/\/institucional.ufrrj.br\/biblioteca\/?s={search_term_string}"},"query-input":{"@type":"PropertyValueSpecification","valueRequired":true,"valueName":"search_term_string"}}],"inLanguage":"pt-BR"}]}},"_links":{"self":[{"href":"https:\/\/institucional.ufrrj.br\/biblioteca\/wp-json\/wp\/v2\/pages\/2919","targetHints":{"allow":["GET"]}}],"collection":[{"href":"https:\/\/institucional.ufrrj.br\/biblioteca\/wp-json\/wp\/v2\/pages"}],"about":[{"href":"https:\/\/institucional.ufrrj.br\/biblioteca\/wp-json\/wp\/v2\/types\/page"}],"author":[{"embeddable":true,"href":"https:\/\/institucional.ufrrj.br\/biblioteca\/wp-json\/wp\/v2\/users\/377"}],"replies":[{"embeddable":true,"href":"https:\/\/institucional.ufrrj.br\/biblioteca\/wp-json\/wp\/v2\/comments?post=2919"}],"version-history":[{"count":1,"href":"https:\/\/institucional.ufrrj.br\/biblioteca\/wp-json\/wp\/v2\/pages\/2919\/revisions"}],"predecessor-version":[{"id":3148,"href":"https:\/\/institucional.ufrrj.br\/biblioteca\/wp-json\/wp\/v2\/pages\/2919\/revisions\/3148"}],"wp:attachment":[{"href":"https:\/\/institucional.ufrrj.br\/biblioteca\/wp-json\/wp\/v2\/media?parent=2919"}],"curies":[{"name":"wp","href":"https:\/\/api.w.org\/{rel}","templated":true}]}}