{"id":29,"date":"2015-05-20T17:01:56","date_gmt":"2015-05-20T17:01:56","guid":{"rendered":"http:\/\/institucional.ufrrj.br\/biblioteca\/?page_id=29"},"modified":"2026-02-10T17:28:23","modified_gmt":"2026-02-10T20:28:23","slug":"estrutura-organizacional","status":"publish","type":"page","link":"https:\/\/institucional.ufrrj.br\/biblioteca\/a-biblioteca\/estrutura-organizacional\/","title":{"rendered":"Estrutura Organizacional"},"content":{"rendered":"<div id=\"content\">\n<div id=\"main\">\n<div id=\"welcome\" class=\"post\">\n<div class=\"story\">\n<p><span style=\"color: #000000\"><strong>DIRE\u00c7\u00c3O<\/strong><\/span><br \/><span style=\"color: #000000\"><strong> Diretora da Biblioteca Central da UFRRJ<\/strong>: <\/span><a href=\"http:\/\/lattes.cnpq.br\/6511807481582383\"><strong><span style=\"color: #0000ff\">Alessandra Bessa<\/span><\/strong><\/a><span style=\"color: #000000\"><em> (Bibliotec\u00e1ria)<\/em><\/span><\/p>\n<p><span style=\"color: #000000\">Compete \u00e0 Dire\u00e7\u00e3o as atividades de planejamento, organiza\u00e7\u00e3o, coordena\u00e7\u00e3o e controle das atividades desenvolvidas na Biblioteca e tamb\u00e9m a gest\u00e3o de recursos e de pessoal.<\/span><\/p>\n<p><span style=\"color: #000000\"><strong>SERVI\u00c7O DE SUPORTE \u00c0 GEST\u00c3O<\/strong><\/span><br \/><span style=\"color: #000000\"><strong>Respons\u00e1vel<\/strong>: <a href=\"http:\/\/lattes.cnpq.br\/5846789473334384\"><span style=\"color: #0000ff\"><strong>Victor Soares dos Santos<\/strong><\/span><\/a><em> (Administrador)<\/em><\/span><\/p>\n<p><span style=\"color: #000000\"><strong>REFER\u00caNCIA<\/strong><\/span><br \/><span style=\"color: #000000\"><strong> Respons\u00e1vel<\/strong>: <a href=\"http:\/\/lattes.cnpq.br\/6377652640757434\"><span style=\"color: #0000ff\"><strong>Bruno Ferreira <\/strong><strong>Neves <\/strong><\/span><\/a><\/span><em>(Bibliotec\u00e1rio)<\/em><\/p>\n<p><span style=\"color: #000000\">A Se\u00e7\u00e3o de Refer\u00eancia \u00e9 respons\u00e1vel pelo atendimento e orienta\u00e7\u00e3o aos usu\u00e1rios\u00a0 na utiliza\u00e7\u00e3o dos produtos e servi\u00e7os oferecidos pela biblioteca. S\u00e3o de sua responsabilidade:<\/span><\/p>\n<ul>\n<li><span style=\"color: #000000\">\u00a0As atividades de empr\u00e9stimo, renova\u00e7\u00e3o e reserva de obras;<\/span><\/li>\n<li><span style=\"color: #000000\">\u00a0Cadastro de usu\u00e1rios e emiss\u00e3o de nada consta;<\/span><\/li>\n<li><span style=\"color: #000000\">\u00a0Levantamento bibliogr\u00e1fico;<\/span><\/li>\n<li><span style=\"color: #000000\">\u00a0Orienta\u00e7\u00e3o para normaliza\u00e7\u00e3o bibliogr\u00e1fica de trabalhos acad\u00eamicos;<\/span><\/li>\n<li><span style=\"color: #000000\">\u00a0Empr\u00e9stimo entre bibliotecas;<\/span><\/li>\n<li><span style=\"color: #000000\">\u00a0Orienta\u00e7\u00e3o quanto ao uso do acervo e do cat\u00e1logo <em>online<\/em> da biblioteca.<\/span><\/li>\n<\/ul>\n<p><span style=\"color: #000000\"><strong>PROCESSAMENTO T\u00c9CNICO <\/strong>(e-mail: <a href=\"mailto:sptbc@ufrrj.br\">sptbc@ufrrj.br<\/a>)<\/span><br \/><span style=\"color: #000000\"><strong>Coordena\u00e7\u00e3o Geral<\/strong>: <\/span><a href=\"http:\/\/lattes.cnpq.br\/1916459216876692\"><strong><span style=\"color: #0000ff\">Eliane Maric\u00e1<\/span><\/strong><\/a> <span style=\"color: #000000\"><em>(Bibliotec\u00e1ria)<\/em><\/span><\/p>\n<p><strong>Respons\u00e1veis: <a href=\"http:\/\/lattes.cnpq.br\/6838022025535265\"><span style=\"color: #0000ff\">Carolina Cristina<\/span><\/a><\/strong> <span style=\"color: #000000\"><em>(Bibliotec\u00e1ria)<\/em><\/span> e <a href=\"http:\/\/lattes.cnpq.br\/3001356113888494\"><span style=\"color: #0000ff\"><strong>Gracielle Penedo<\/strong><\/span><\/a> <span style=\"color: #000000\"><em>(Bibliotec\u00e1ria)<\/em><\/span><\/p>\n<p><span style=\"color: #000000\">O Servi\u00e7o de Processamento T\u00e9cnico tem a responsabilidade de receber (por compra ou doa\u00e7\u00e3o), registrar, catalogar e classificar material bibliogr\u00e1fico, com objetivo de torn\u00e1-lo dispon\u00edvel para consulta do usu\u00e1rio. <\/span><\/p>\n<p><span style=\"color: #000000\">Tamb\u00e9m \u00e9 respons\u00e1vel pela retirada de circula\u00e7\u00e3o de material que n\u00e3o mais apresente condi\u00e7\u00f5es de uso.<\/span><\/p>\n<p><span style=\"color: #000000\">O Servi\u00e7o mant\u00e9m permuta das Revistas Universidade Rural (Ci\u00eancias da Vida, Exatas e da Terra, Ci\u00eancias Humanas) e Revista Floresta e Ambiente com publica\u00e7\u00f5es editadas por diversas institui\u00e7\u00f5es nacionais e estrangeiras.<\/span><\/p>\n<p><strong><span style=\"color: #000000\">FORMA\u00c7\u00c3O E DESENVOLVIMENTO DE ACERVO<\/span><br \/><span style=\"color: #000000\">Coordena\u00e7\u00e3o Geral: <\/span><a href=\"http:\/\/lattes.cnpq.br\/1916459216876692\"><span style=\"color: #0000ff\">Eliane Maric\u00e1 <\/span><\/a><\/strong><span style=\"color: #000000\"><em>(Bibliotec\u00e1ria)<\/em><\/span><\/p>\n<p><strong>Respons\u00e1vel: <\/strong><a href=\"http:\/\/lattes.cnpq.br\/1583480381262702\"><span style=\"color: #0000ff\"><strong>Felipe Xavier<\/strong><\/span><\/a> <span style=\"color: #000000\"><em>(Bibliotec\u00e1rio)<\/em><\/span><\/p>\n<\/div>\n<p><span style=\"color: #000000\">O Servi\u00e7o de Forma\u00e7\u00e3o e Desenvolvimento de Acervo <\/span><span style=\"color: #000000\">\u00e9 respons\u00e1vel pela forma\u00e7\u00e3o da cole\u00e7\u00e3o da Biblioteca Central, atrav\u00e9s dos processos de sele\u00e7\u00e3o, aquisi\u00e7\u00e3o e registro dos materiais bibliogr\u00e1ficos (livros, teses, peri\u00f3dicos, documentos multim\u00eddia etc.) a partir da compra, doa\u00e7\u00e3o ou permuta.<\/span><\/p>\n<p><span style=\"color: #000000\">Os itens, que s\u00e3o recebidos e os que est\u00e3o na Biblioteca, passam por an\u00e1lises para a forma\u00e7\u00e3o e evolu\u00e7\u00e3o do acervo.<\/span><\/p>\n<p><span style=\"color: #0000ff\"><a style=\"color: #0000ff\" href=\"https:\/\/institucional.ufrrj.br\/biblioteca\/contato\/\"><em><strong>Acesse nossos contatos e servi\u00e7os aqui \u2193<\/strong><\/em><\/a><\/span><\/p>\n<\/div>\n<\/div>\n<\/div>\n\n\n<figure class=\"wp-block-embed is-type-wp-embed is-provider-biblioteca-central wp-block-embed-biblioteca-central\"><div class=\"wp-block-embed__wrapper\">\n<blockquote class=\"wp-embedded-content\" data-secret=\"Q4to7gs1Ny\"><a href=\"https:\/\/institucional.ufrrj.br\/biblioteca\/contato\/\">Fale conosco e links dos servi\u00e7os<\/a><\/blockquote><iframe loading=\"lazy\" class=\"wp-embedded-content\" sandbox=\"allow-scripts\" security=\"restricted\" style=\"position: absolute; visibility: hidden;\" title=\"&#8220;Fale conosco e links dos servi\u00e7os&#8221; &#8212; BIBLIOTECA CENTRAL\" src=\"https:\/\/institucional.ufrrj.br\/biblioteca\/contato\/embed\/#?secret=Ypz53ay0cO#?secret=Q4to7gs1Ny\" data-secret=\"Q4to7gs1Ny\" width=\"500\" height=\"282\" frameborder=\"0\" marginwidth=\"0\" marginheight=\"0\" scrolling=\"no\"><\/iframe>\n<\/div><\/figure>\n","protected":false},"excerpt":{"rendered":"<p>DIRE\u00c7\u00c3O Diretora da Biblioteca Central da UFRRJ: Alessandra Bessa (Bibliotec\u00e1ria) Compete \u00e0 Dire\u00e7\u00e3o as atividades de planejamento, organiza\u00e7\u00e3o, coordena\u00e7\u00e3o e <a class=\"read-more\" href=\"https:\/\/institucional.ufrrj.br\/biblioteca\/a-biblioteca\/estrutura-organizacional\/ \">&#8230; <i class=\"fa fa-long-arrow-right\"><\/i><\/a><\/p>\n","protected":false},"author":634,"featured_media":0,"parent":27,"menu_order":0,"comment_status":"open","ping_status":"open","template":"","meta":{"footnotes":"","_links_to":"","_links_to_target":""},"class_list":["post-29","page","type-page","status-publish","hentry"],"yoast_head":"<!-- This site is optimized with the Yoast SEO plugin v27.2 - https:\/\/yoast.com\/product\/yoast-seo-wordpress\/ -->\n<title>Estrutura Organizacional - BIBLIOTECA CENTRAL<\/title>\n<meta name=\"robots\" content=\"index, follow, max-snippet:-1, max-image-preview:large, max-video-preview:-1\" \/>\n<link rel=\"canonical\" href=\"https:\/\/institucional.ufrrj.br\/biblioteca\/a-biblioteca\/estrutura-organizacional\/\" \/>\n<meta property=\"og:locale\" content=\"pt_BR\" \/>\n<meta property=\"og:type\" content=\"article\" \/>\n<meta property=\"og:title\" content=\"Estrutura Organizacional - BIBLIOTECA CENTRAL\" \/>\n<meta property=\"og:description\" content=\"DIRE\u00c7\u00c3O Diretora da Biblioteca Central da UFRRJ: Alessandra Bessa (Bibliotec\u00e1ria) Compete \u00e0 Dire\u00e7\u00e3o as atividades de planejamento, organiza\u00e7\u00e3o, coordena\u00e7\u00e3o e ...\" \/>\n<meta property=\"og:url\" content=\"https:\/\/institucional.ufrrj.br\/biblioteca\/a-biblioteca\/estrutura-organizacional\/\" \/>\n<meta property=\"og:site_name\" content=\"BIBLIOTECA CENTRAL\" \/>\n<meta property=\"article:publisher\" content=\"https:\/\/www.facebook.com\/pages\/Biblioteca-Central-UFRRJ\/169326639938700?ref=profile\" \/>\n<meta property=\"article:modified_time\" content=\"2026-02-10T20:28:23+00:00\" \/>\n<meta name=\"twitter:card\" content=\"summary_large_image\" \/>\n<meta name=\"twitter:label1\" content=\"Est. tempo de leitura\" \/>\n\t<meta name=\"twitter:data1\" content=\"2 minutos\" \/>\n<script type=\"application\/ld+json\" class=\"yoast-schema-graph\">{\"@context\":\"https:\/\/schema.org\",\"@graph\":[{\"@type\":\"WebPage\",\"@id\":\"https:\/\/institucional.ufrrj.br\/biblioteca\/a-biblioteca\/estrutura-organizacional\/\",\"url\":\"https:\/\/institucional.ufrrj.br\/biblioteca\/a-biblioteca\/estrutura-organizacional\/\",\"name\":\"Estrutura Organizacional - BIBLIOTECA CENTRAL\",\"isPartOf\":{\"@id\":\"https:\/\/institucional.ufrrj.br\/biblioteca\/#website\"},\"datePublished\":\"2015-05-20T17:01:56+00:00\",\"dateModified\":\"2026-02-10T20:28:23+00:00\",\"breadcrumb\":{\"@id\":\"https:\/\/institucional.ufrrj.br\/biblioteca\/a-biblioteca\/estrutura-organizacional\/#breadcrumb\"},\"inLanguage\":\"pt-BR\",\"potentialAction\":[{\"@type\":\"ReadAction\",\"target\":[\"https:\/\/institucional.ufrrj.br\/biblioteca\/a-biblioteca\/estrutura-organizacional\/\"]}]},{\"@type\":\"BreadcrumbList\",\"@id\":\"https:\/\/institucional.ufrrj.br\/biblioteca\/a-biblioteca\/estrutura-organizacional\/#breadcrumb\",\"itemListElement\":[{\"@type\":\"ListItem\",\"position\":1,\"name\":\"In\u00edcio\",\"item\":\"https:\/\/institucional.ufrrj.br\/biblioteca\/\"},{\"@type\":\"ListItem\",\"position\":2,\"name\":\"BIBLIOTECA\",\"item\":\"https:\/\/institucional.ufrrj.br\/biblioteca\/a-biblioteca\/\"},{\"@type\":\"ListItem\",\"position\":3,\"name\":\"Estrutrura Organizacional\"}]},{\"@type\":\"WebSite\",\"@id\":\"https:\/\/institucional.ufrrj.br\/biblioteca\/#website\",\"url\":\"https:\/\/institucional.ufrrj.br\/biblioteca\/\",\"name\":\"BIBLIOTECA CENTRAL\",\"description\":\"Universidade Federal Rural do Rio de Janeiro  - UFRRJ\",\"potentialAction\":[{\"@type\":\"SearchAction\",\"target\":{\"@type\":\"EntryPoint\",\"urlTemplate\":\"https:\/\/institucional.ufrrj.br\/biblioteca\/?s={search_term_string}\"},\"query-input\":{\"@type\":\"PropertyValueSpecification\",\"valueRequired\":true,\"valueName\":\"search_term_string\"}}],\"inLanguage\":\"pt-BR\"}]}<\/script>\n<!-- \/ Yoast SEO plugin. -->","yoast_head_json":{"title":"Estrutura Organizacional - BIBLIOTECA CENTRAL","robots":{"index":"index","follow":"follow","max-snippet":"max-snippet:-1","max-image-preview":"max-image-preview:large","max-video-preview":"max-video-preview:-1"},"canonical":"https:\/\/institucional.ufrrj.br\/biblioteca\/a-biblioteca\/estrutura-organizacional\/","og_locale":"pt_BR","og_type":"article","og_title":"Estrutura Organizacional - BIBLIOTECA CENTRAL","og_description":"DIRE\u00c7\u00c3O Diretora da Biblioteca Central da UFRRJ: Alessandra Bessa (Bibliotec\u00e1ria) Compete \u00e0 Dire\u00e7\u00e3o as atividades de planejamento, organiza\u00e7\u00e3o, coordena\u00e7\u00e3o e ...","og_url":"https:\/\/institucional.ufrrj.br\/biblioteca\/a-biblioteca\/estrutura-organizacional\/","og_site_name":"BIBLIOTECA CENTRAL","article_publisher":"https:\/\/www.facebook.com\/pages\/Biblioteca-Central-UFRRJ\/169326639938700?ref=profile","article_modified_time":"2026-02-10T20:28:23+00:00","twitter_card":"summary_large_image","twitter_misc":{"Est. tempo de leitura":"2 minutos"},"schema":{"@context":"https:\/\/schema.org","@graph":[{"@type":"WebPage","@id":"https:\/\/institucional.ufrrj.br\/biblioteca\/a-biblioteca\/estrutura-organizacional\/","url":"https:\/\/institucional.ufrrj.br\/biblioteca\/a-biblioteca\/estrutura-organizacional\/","name":"Estrutura Organizacional - BIBLIOTECA CENTRAL","isPartOf":{"@id":"https:\/\/institucional.ufrrj.br\/biblioteca\/#website"},"datePublished":"2015-05-20T17:01:56+00:00","dateModified":"2026-02-10T20:28:23+00:00","breadcrumb":{"@id":"https:\/\/institucional.ufrrj.br\/biblioteca\/a-biblioteca\/estrutura-organizacional\/#breadcrumb"},"inLanguage":"pt-BR","potentialAction":[{"@type":"ReadAction","target":["https:\/\/institucional.ufrrj.br\/biblioteca\/a-biblioteca\/estrutura-organizacional\/"]}]},{"@type":"BreadcrumbList","@id":"https:\/\/institucional.ufrrj.br\/biblioteca\/a-biblioteca\/estrutura-organizacional\/#breadcrumb","itemListElement":[{"@type":"ListItem","position":1,"name":"In\u00edcio","item":"https:\/\/institucional.ufrrj.br\/biblioteca\/"},{"@type":"ListItem","position":2,"name":"BIBLIOTECA","item":"https:\/\/institucional.ufrrj.br\/biblioteca\/a-biblioteca\/"},{"@type":"ListItem","position":3,"name":"Estrutrura Organizacional"}]},{"@type":"WebSite","@id":"https:\/\/institucional.ufrrj.br\/biblioteca\/#website","url":"https:\/\/institucional.ufrrj.br\/biblioteca\/","name":"BIBLIOTECA CENTRAL","description":"Universidade Federal Rural do Rio de Janeiro  - UFRRJ","potentialAction":[{"@type":"SearchAction","target":{"@type":"EntryPoint","urlTemplate":"https:\/\/institucional.ufrrj.br\/biblioteca\/?s={search_term_string}"},"query-input":{"@type":"PropertyValueSpecification","valueRequired":true,"valueName":"search_term_string"}}],"inLanguage":"pt-BR"}]}},"_links":{"self":[{"href":"https:\/\/institucional.ufrrj.br\/biblioteca\/wp-json\/wp\/v2\/pages\/29","targetHints":{"allow":["GET"]}}],"collection":[{"href":"https:\/\/institucional.ufrrj.br\/biblioteca\/wp-json\/wp\/v2\/pages"}],"about":[{"href":"https:\/\/institucional.ufrrj.br\/biblioteca\/wp-json\/wp\/v2\/types\/page"}],"author":[{"embeddable":true,"href":"https:\/\/institucional.ufrrj.br\/biblioteca\/wp-json\/wp\/v2\/users\/634"}],"replies":[{"embeddable":true,"href":"https:\/\/institucional.ufrrj.br\/biblioteca\/wp-json\/wp\/v2\/comments?post=29"}],"version-history":[{"count":1,"href":"https:\/\/institucional.ufrrj.br\/biblioteca\/wp-json\/wp\/v2\/pages\/29\/revisions"}],"predecessor-version":[{"id":3435,"href":"https:\/\/institucional.ufrrj.br\/biblioteca\/wp-json\/wp\/v2\/pages\/29\/revisions\/3435"}],"up":[{"embeddable":true,"href":"https:\/\/institucional.ufrrj.br\/biblioteca\/wp-json\/wp\/v2\/pages\/27"}],"wp:attachment":[{"href":"https:\/\/institucional.ufrrj.br\/biblioteca\/wp-json\/wp\/v2\/media?parent=29"}],"curies":[{"name":"wp","href":"https:\/\/api.w.org\/{rel}","templated":true}]}}