{"id":2570,"date":"2025-02-24T16:27:17","date_gmt":"2025-02-24T19:27:17","guid":{"rendered":"https:\/\/institucional.ufrrj.br\/biblioteca\/?page_id=2570"},"modified":"2025-02-24T16:27:18","modified_gmt":"2025-02-24T19:27:18","slug":"finep-aprova-projeto-da-bc","status":"publish","type":"page","link":"https:\/\/institucional.ufrrj.br\/biblioteca\/finep-aprova-projeto-da-bc\/","title":{"rendered":"FINEP aprova projeto da BC"},"content":{"rendered":"\n<p class=\" eplus-wrapper\"><img loading=\"lazy\" decoding=\"async\" width=\"1050\" height=\"273\" class=\"wp-image-2569\" style=\"width: 1000px\" src=\"https:\/\/institucional.ufrrj.br\/biblioteca\/files\/2025\/02\/banner-projeto.png\" alt=\"\" srcset=\"https:\/\/institucional.ufrrj.br\/biblioteca\/files\/2025\/02\/banner-projeto.png 1050w, https:\/\/institucional.ufrrj.br\/biblioteca\/files\/2025\/02\/banner-projeto-300x78.png 300w, https:\/\/institucional.ufrrj.br\/biblioteca\/files\/2025\/02\/banner-projeto-1024x266.png 1024w, https:\/\/institucional.ufrrj.br\/biblioteca\/files\/2025\/02\/banner-projeto-768x200.png 768w, https:\/\/institucional.ufrrj.br\/biblioteca\/files\/2025\/02\/banner-projeto-1046x273.png 1046w, https:\/\/institucional.ufrrj.br\/biblioteca\/files\/2025\/02\/banner-projeto-620x162.png 620w, https:\/\/institucional.ufrrj.br\/biblioteca\/files\/2025\/02\/banner-projeto-400x104.png 400w\" sizes=\"auto, (max-width: 1050px) 100vw, 1050px\" \/><\/p>\n\n\n\n<p class=\" eplus-wrapper\">A Biblioteca Central da UFRRJ divulga e comemora a conquista de aprova\u00e7\u00e3o do projeto <strong>&#8220;Revitaliza\u00e7\u00e3o do Acervo hist\u00f3rico-cient\u00edfico da UFRRJ na Biblioteca Central: dos por\u00f5es para o mundo&#8221;<\/strong>, um dos 209 projetos contemplados para financiamento atrav\u00e9s da chamada p\u00fablica da FINEP (Financiadora de Estudos e Projetos) intitulada \u201cMCTI\/Finep\/FNDCT\/Identidade Brasil \u2013 Recupera\u00e7\u00e3o e Preserva\u00e7\u00e3o de Acervos 2024 \u2013 Acervos Hist\u00f3ricos e Culturais\u201d.<\/p>\n\n\n\n<p class=\" eplus-wrapper\">Para a execu\u00e7\u00e3o das atividades previstas no projeto, ser\u00e3o liberados aproximadamente R$ 2,8 milh\u00f5es em recursos. Tal investimento contribuir\u00e1 estrategicamente para aprimorar o acesso ao acervo e a oferta de infraestrutura e servi\u00e7os para os usu\u00e1rios da Biblioteca Central.<\/p>\n\n\n\n<p class=\" eplus-wrapper\">O projeto prev\u00ea a reuni\u00e3o, organiza\u00e7\u00e3o, cataloga\u00e7\u00e3o, preserva\u00e7\u00e3o, digitaliza\u00e7\u00e3o, divulga\u00e7\u00e3o e dissemina\u00e7\u00e3o das cole\u00e7\u00f5es retrospectivas e\/ou hist\u00f3ricas tuteladas pela Biblioteca Central, com o objetivo de solucionar as necessidades de conserva\u00e7\u00e3o preventiva e curativa das mesmas, de armazenamento e preserva\u00e7\u00e3o digital, de divulga\u00e7\u00e3o e de infraestrutura, que impactam o acesso, uso, seguran\u00e7a e manuten\u00e7\u00e3o do Acervo de Mem\u00f3ria Cient\u00edfica da UFRRJ.<\/p>\n\n\n\n<p class=\" eplus-wrapper\">O prazo para conclus\u00e3o do projeto ser\u00e1 de 36 meses ap\u00f3s a libera\u00e7\u00e3o dos recursos pela FINEP.<\/p>\n\n\n\n<p class=\" eplus-wrapper\">A Biblioteca Central agradece o apoio e a dedica\u00e7\u00e3o de todos os envolvidos!<\/p>\n","protected":false},"excerpt":{"rendered":"<p>A Biblioteca Central da UFRRJ divulga e comemora a conquista de aprova\u00e7\u00e3o do projeto &#8220;Revitaliza\u00e7\u00e3o do Acervo hist\u00f3rico-cient\u00edfico da UFRRJ <a class=\"read-more\" href=\"https:\/\/institucional.ufrrj.br\/biblioteca\/finep-aprova-projeto-da-bc\/ \">&#8230; <i class=\"fa fa-long-arrow-right\"><\/i><\/a><\/p>\n","protected":false},"author":841,"featured_media":0,"parent":0,"menu_order":0,"comment_status":"closed","ping_status":"closed","template":"","meta":{"footnotes":"","_links_to":"","_links_to_target":""},"class_list":["post-2570","page","type-page","status-publish","hentry"],"yoast_head":"<!-- This site is optimized with the Yoast SEO plugin v27.2 - https:\/\/yoast.com\/product\/yoast-seo-wordpress\/ -->\n<title>FINEP aprova projeto da BC - BIBLIOTECA CENTRAL<\/title>\n<meta name=\"robots\" content=\"index, follow, max-snippet:-1, max-image-preview:large, max-video-preview:-1\" \/>\n<link rel=\"canonical\" href=\"https:\/\/institucional.ufrrj.br\/biblioteca\/finep-aprova-projeto-da-bc\/\" \/>\n<meta property=\"og:locale\" content=\"pt_BR\" \/>\n<meta property=\"og:type\" content=\"article\" \/>\n<meta property=\"og:title\" content=\"FINEP aprova projeto da BC - BIBLIOTECA CENTRAL\" \/>\n<meta property=\"og:description\" content=\"A Biblioteca Central da UFRRJ divulga e comemora a conquista de aprova\u00e7\u00e3o do projeto &#8220;Revitaliza\u00e7\u00e3o do Acervo hist\u00f3rico-cient\u00edfico da UFRRJ ...\" \/>\n<meta property=\"og:url\" content=\"https:\/\/institucional.ufrrj.br\/biblioteca\/finep-aprova-projeto-da-bc\/\" \/>\n<meta property=\"og:site_name\" content=\"BIBLIOTECA CENTRAL\" \/>\n<meta property=\"article:publisher\" content=\"https:\/\/www.facebook.com\/pages\/Biblioteca-Central-UFRRJ\/169326639938700?ref=profile\" \/>\n<meta property=\"article:modified_time\" content=\"2025-02-24T19:27:18+00:00\" \/>\n<meta property=\"og:image\" content=\"https:\/\/institucional.ufrrj.br\/biblioteca\/files\/2025\/02\/banner-projeto.png\" \/>\n<meta name=\"twitter:card\" content=\"summary_large_image\" \/>\n<meta name=\"twitter:label1\" content=\"Est. tempo de leitura\" \/>\n\t<meta name=\"twitter:data1\" content=\"1 minuto\" \/>\n<script type=\"application\/ld+json\" class=\"yoast-schema-graph\">{\"@context\":\"https:\/\/schema.org\",\"@graph\":[{\"@type\":\"WebPage\",\"@id\":\"https:\/\/institucional.ufrrj.br\/biblioteca\/finep-aprova-projeto-da-bc\/\",\"url\":\"https:\/\/institucional.ufrrj.br\/biblioteca\/finep-aprova-projeto-da-bc\/\",\"name\":\"FINEP aprova projeto da BC - BIBLIOTECA CENTRAL\",\"isPartOf\":{\"@id\":\"https:\/\/institucional.ufrrj.br\/biblioteca\/#website\"},\"primaryImageOfPage\":{\"@id\":\"https:\/\/institucional.ufrrj.br\/biblioteca\/finep-aprova-projeto-da-bc\/#primaryimage\"},\"image\":{\"@id\":\"https:\/\/institucional.ufrrj.br\/biblioteca\/finep-aprova-projeto-da-bc\/#primaryimage\"},\"thumbnailUrl\":\"https:\/\/institucional.ufrrj.br\/biblioteca\/files\/2025\/02\/banner-projeto.png\",\"datePublished\":\"2025-02-24T19:27:17+00:00\",\"dateModified\":\"2025-02-24T19:27:18+00:00\",\"breadcrumb\":{\"@id\":\"https:\/\/institucional.ufrrj.br\/biblioteca\/finep-aprova-projeto-da-bc\/#breadcrumb\"},\"inLanguage\":\"pt-BR\",\"potentialAction\":[{\"@type\":\"ReadAction\",\"target\":[\"https:\/\/institucional.ufrrj.br\/biblioteca\/finep-aprova-projeto-da-bc\/\"]}]},{\"@type\":\"ImageObject\",\"inLanguage\":\"pt-BR\",\"@id\":\"https:\/\/institucional.ufrrj.br\/biblioteca\/finep-aprova-projeto-da-bc\/#primaryimage\",\"url\":\"https:\/\/institucional.ufrrj.br\/biblioteca\/files\/2025\/02\/banner-projeto.png\",\"contentUrl\":\"https:\/\/institucional.ufrrj.br\/biblioteca\/files\/2025\/02\/banner-projeto.png\",\"width\":1050,\"height\":273},{\"@type\":\"BreadcrumbList\",\"@id\":\"https:\/\/institucional.ufrrj.br\/biblioteca\/finep-aprova-projeto-da-bc\/#breadcrumb\",\"itemListElement\":[{\"@type\":\"ListItem\",\"position\":1,\"name\":\"In\u00edcio\",\"item\":\"https:\/\/institucional.ufrrj.br\/biblioteca\/\"},{\"@type\":\"ListItem\",\"position\":2,\"name\":\"FINEP aprova projeto da BC\"}]},{\"@type\":\"WebSite\",\"@id\":\"https:\/\/institucional.ufrrj.br\/biblioteca\/#website\",\"url\":\"https:\/\/institucional.ufrrj.br\/biblioteca\/\",\"name\":\"BIBLIOTECA CENTRAL\",\"description\":\"Universidade Federal Rural do Rio de Janeiro  - UFRRJ\",\"potentialAction\":[{\"@type\":\"SearchAction\",\"target\":{\"@type\":\"EntryPoint\",\"urlTemplate\":\"https:\/\/institucional.ufrrj.br\/biblioteca\/?s={search_term_string}\"},\"query-input\":{\"@type\":\"PropertyValueSpecification\",\"valueRequired\":true,\"valueName\":\"search_term_string\"}}],\"inLanguage\":\"pt-BR\"}]}<\/script>\n<!-- \/ Yoast SEO plugin. -->","yoast_head_json":{"title":"FINEP aprova projeto da BC - BIBLIOTECA CENTRAL","robots":{"index":"index","follow":"follow","max-snippet":"max-snippet:-1","max-image-preview":"max-image-preview:large","max-video-preview":"max-video-preview:-1"},"canonical":"https:\/\/institucional.ufrrj.br\/biblioteca\/finep-aprova-projeto-da-bc\/","og_locale":"pt_BR","og_type":"article","og_title":"FINEP aprova projeto da BC - BIBLIOTECA CENTRAL","og_description":"A Biblioteca Central da UFRRJ divulga e comemora a conquista de aprova\u00e7\u00e3o do projeto &#8220;Revitaliza\u00e7\u00e3o do Acervo hist\u00f3rico-cient\u00edfico da UFRRJ ...","og_url":"https:\/\/institucional.ufrrj.br\/biblioteca\/finep-aprova-projeto-da-bc\/","og_site_name":"BIBLIOTECA CENTRAL","article_publisher":"https:\/\/www.facebook.com\/pages\/Biblioteca-Central-UFRRJ\/169326639938700?ref=profile","article_modified_time":"2025-02-24T19:27:18+00:00","og_image":[{"url":"https:\/\/institucional.ufrrj.br\/biblioteca\/files\/2025\/02\/banner-projeto.png","type":"","width":"","height":""}],"twitter_card":"summary_large_image","twitter_misc":{"Est. tempo de leitura":"1 minuto"},"schema":{"@context":"https:\/\/schema.org","@graph":[{"@type":"WebPage","@id":"https:\/\/institucional.ufrrj.br\/biblioteca\/finep-aprova-projeto-da-bc\/","url":"https:\/\/institucional.ufrrj.br\/biblioteca\/finep-aprova-projeto-da-bc\/","name":"FINEP aprova projeto da BC - BIBLIOTECA CENTRAL","isPartOf":{"@id":"https:\/\/institucional.ufrrj.br\/biblioteca\/#website"},"primaryImageOfPage":{"@id":"https:\/\/institucional.ufrrj.br\/biblioteca\/finep-aprova-projeto-da-bc\/#primaryimage"},"image":{"@id":"https:\/\/institucional.ufrrj.br\/biblioteca\/finep-aprova-projeto-da-bc\/#primaryimage"},"thumbnailUrl":"https:\/\/institucional.ufrrj.br\/biblioteca\/files\/2025\/02\/banner-projeto.png","datePublished":"2025-02-24T19:27:17+00:00","dateModified":"2025-02-24T19:27:18+00:00","breadcrumb":{"@id":"https:\/\/institucional.ufrrj.br\/biblioteca\/finep-aprova-projeto-da-bc\/#breadcrumb"},"inLanguage":"pt-BR","potentialAction":[{"@type":"ReadAction","target":["https:\/\/institucional.ufrrj.br\/biblioteca\/finep-aprova-projeto-da-bc\/"]}]},{"@type":"ImageObject","inLanguage":"pt-BR","@id":"https:\/\/institucional.ufrrj.br\/biblioteca\/finep-aprova-projeto-da-bc\/#primaryimage","url":"https:\/\/institucional.ufrrj.br\/biblioteca\/files\/2025\/02\/banner-projeto.png","contentUrl":"https:\/\/institucional.ufrrj.br\/biblioteca\/files\/2025\/02\/banner-projeto.png","width":1050,"height":273},{"@type":"BreadcrumbList","@id":"https:\/\/institucional.ufrrj.br\/biblioteca\/finep-aprova-projeto-da-bc\/#breadcrumb","itemListElement":[{"@type":"ListItem","position":1,"name":"In\u00edcio","item":"https:\/\/institucional.ufrrj.br\/biblioteca\/"},{"@type":"ListItem","position":2,"name":"FINEP aprova projeto da BC"}]},{"@type":"WebSite","@id":"https:\/\/institucional.ufrrj.br\/biblioteca\/#website","url":"https:\/\/institucional.ufrrj.br\/biblioteca\/","name":"BIBLIOTECA CENTRAL","description":"Universidade Federal Rural do Rio de Janeiro  - UFRRJ","potentialAction":[{"@type":"SearchAction","target":{"@type":"EntryPoint","urlTemplate":"https:\/\/institucional.ufrrj.br\/biblioteca\/?s={search_term_string}"},"query-input":{"@type":"PropertyValueSpecification","valueRequired":true,"valueName":"search_term_string"}}],"inLanguage":"pt-BR"}]}},"_links":{"self":[{"href":"https:\/\/institucional.ufrrj.br\/biblioteca\/wp-json\/wp\/v2\/pages\/2570","targetHints":{"allow":["GET"]}}],"collection":[{"href":"https:\/\/institucional.ufrrj.br\/biblioteca\/wp-json\/wp\/v2\/pages"}],"about":[{"href":"https:\/\/institucional.ufrrj.br\/biblioteca\/wp-json\/wp\/v2\/types\/page"}],"author":[{"embeddable":true,"href":"https:\/\/institucional.ufrrj.br\/biblioteca\/wp-json\/wp\/v2\/users\/841"}],"replies":[{"embeddable":true,"href":"https:\/\/institucional.ufrrj.br\/biblioteca\/wp-json\/wp\/v2\/comments?post=2570"}],"version-history":[{"count":1,"href":"https:\/\/institucional.ufrrj.br\/biblioteca\/wp-json\/wp\/v2\/pages\/2570\/revisions"}],"predecessor-version":[{"id":2571,"href":"https:\/\/institucional.ufrrj.br\/biblioteca\/wp-json\/wp\/v2\/pages\/2570\/revisions\/2571"}],"wp:attachment":[{"href":"https:\/\/institucional.ufrrj.br\/biblioteca\/wp-json\/wp\/v2\/media?parent=2570"}],"curies":[{"name":"wp","href":"https:\/\/api.w.org\/{rel}","templated":true}]}}