{"id":257,"date":"2016-10-25T15:10:49","date_gmt":"2016-10-25T18:10:49","guid":{"rendered":"http:\/\/institucional.ufrrj.br\/biblioteca\/?page_id=257"},"modified":"2023-06-26T13:32:15","modified_gmt":"2023-06-26T16:32:15","slug":"tecnologias","status":"publish","type":"page","link":"https:\/\/institucional.ufrrj.br\/biblioteca\/produtos-e-servicos\/treinamento-de-usuarios\/tecnologias\/","title":{"rendered":"Tecnologia"},"content":{"rendered":"<h2>Scanner Planet\u00e1rio<\/h2>\n<p>A Biblioteca Central disp\u00f5e de um <em>scanner<\/em> planet\u00e1rio com acesso para seus usu\u00e1rios (conferir regulamenta\u00e7\u00e3o no final da p\u00e1gina). Com ele \u00e9 poss\u00edvel digitalizar \u2013 converter para o formato digital \u2013 trechos de livros, peri\u00f3dicos, mapas, dicion\u00e1rios etc.<\/p>\n<p>Quando a digitaliza\u00e7\u00e3o estiver conclu\u00edda, os arquivos podem ser enviados diretamente para um <em>pen drive<\/em> . Al\u00e9m disso , os arquivos digitalizados podem ser salvos em uma variedade de formatos, incluindo imagens e documentos PDF.<\/p>\n<div id=\"attachment_765\" class=\"wp-caption alignnone\">\n<p><img loading=\"lazy\" decoding=\"async\" class=\" wp-image-765\" src=\"https:\/\/institucional.ufrrj.br\/biblioteca\/files\/2016\/10\/scanner.jpg\" alt=\"Scanner planet\u00e1rio\" width=\"400\" height=\"254\" aria-describedby=\"caption-attachment-765\"><\/p>\n<p id=\"caption-attachment-765\" class=\"wp-caption-text\"><em>Scanner Planet\u00e1rio<\/em><\/p>\n<\/div>\n<p>&nbsp;<\/p>\n<p>A utiliza\u00e7\u00e3o de um scanner pode ser ambientalmente amig\u00e1vel. Isto implica em reduzir a quantidade de documentos f\u00edsicos e o impacto na produ\u00e7\u00e3o de papel, por exemplo.<\/p>\n<p><strong>Principais Vantagens:<\/strong><\/p>\n<p>\u2013 \u00c9 independente das condi\u00e7\u00f5es de ilumina\u00e7\u00e3o da sala<\/p>\n<p>\u2013 Sem reflexos ou sombras dos usu\u00e1rios<\/p>\n<p>\u2013 Painel \u201ctouch screen\u201d com tecnologia \u201cmulti touch\u201d<\/p>\n<p>\u2013 Cores vivas e brilhantes<\/p>\n<p>\u2013 Alta velocidade de digitaliza\u00e7\u00e3o<\/p>\n<p>\u2013 Imagens de alta qualidade<\/p>\n<p>\u2013 Fun\u00e7\u00e3o pre-visualiza\u00e7\u00e3o para controle de qualidade<\/p>\n<p><strong>Especifica\u00e7\u00f5es T\u00e9cnicas:<\/strong><\/p>\n<p>Formato m\u00e1x. de digitaliza\u00e7\u00e3o: 460 x 360mm<\/p>\n<p>Sistema operacional embutido: baseado em WIN 7<\/p>\n<p>Software interface: tipo \u201ctouch screen\u201d interativo e intuitivo<\/p>\n<p>Resolu\u00e7\u00e3o: at\u00e9 600 dpi\u2019s<\/p>\n<p>Modo de digitaliza\u00e7\u00e3o: cores, tons de cinza e preto e branco (P&amp;B)<\/p>\n<p><strong>Regulamenta\u00e7\u00e3o de Acesso e Uso<\/strong><\/p>\n<ul>\n<li>O usu\u00e1rio dever\u00e1 requisitar o acesso no setor de refer\u00eancia<\/li>\n<li>A pen drive a ser utilizada dever\u00e1 ser apresentada e passar\u00e1 por uma avalia\u00e7\u00e3o antiv\u00edrus<\/li>\n<li>O usu\u00e1rio n\u00e3o poder\u00e1 escanear todo um volume<\/li>\n<\/ul>\n<p>&nbsp;<\/p>\n","protected":false},"excerpt":{"rendered":"<p>Scanner Planet\u00e1rio A Biblioteca Central disp\u00f5e de um scanner planet\u00e1rio com acesso para seus usu\u00e1rios (conferir regulamenta\u00e7\u00e3o no final da <a class=\"read-more\" href=\"https:\/\/institucional.ufrrj.br\/biblioteca\/produtos-e-servicos\/treinamento-de-usuarios\/tecnologias\/ \">&#8230; <i class=\"fa fa-long-arrow-right\"><\/i><\/a><\/p>\n","protected":false},"author":377,"featured_media":0,"parent":72,"menu_order":0,"comment_status":"closed","ping_status":"closed","template":"","meta":{"footnotes":"","_links_to":"","_links_to_target":""},"class_list":["post-257","page","type-page","status-publish","hentry"],"yoast_head":"<!-- This site is optimized with the Yoast SEO plugin v27.2 - https:\/\/yoast.com\/product\/yoast-seo-wordpress\/ -->\n<title>Tecnologia - BIBLIOTECA CENTRAL<\/title>\n<meta name=\"robots\" content=\"index, follow, max-snippet:-1, max-image-preview:large, max-video-preview:-1\" \/>\n<link rel=\"canonical\" href=\"https:\/\/institucional.ufrrj.br\/biblioteca\/produtos-e-servicos\/treinamento-de-usuarios\/tecnologias\/\" \/>\n<meta property=\"og:locale\" content=\"pt_BR\" \/>\n<meta property=\"og:type\" content=\"article\" \/>\n<meta property=\"og:title\" content=\"Tecnologia - BIBLIOTECA CENTRAL\" \/>\n<meta property=\"og:description\" content=\"Scanner Planet\u00e1rio A Biblioteca Central disp\u00f5e de um scanner planet\u00e1rio com acesso para seus usu\u00e1rios (conferir regulamenta\u00e7\u00e3o no final da ...\" \/>\n<meta property=\"og:url\" content=\"https:\/\/institucional.ufrrj.br\/biblioteca\/produtos-e-servicos\/treinamento-de-usuarios\/tecnologias\/\" \/>\n<meta property=\"og:site_name\" content=\"BIBLIOTECA CENTRAL\" \/>\n<meta property=\"article:publisher\" content=\"https:\/\/www.facebook.com\/pages\/Biblioteca-Central-UFRRJ\/169326639938700?ref=profile\" \/>\n<meta property=\"article:modified_time\" content=\"2023-06-26T16:32:15+00:00\" \/>\n<meta property=\"og:image\" content=\"http:\/\/institucional.ufrrj.br\/biblioteca\/files\/2016\/10\/scanner.jpg\" \/>\n<meta name=\"twitter:card\" content=\"summary_large_image\" \/>\n<meta name=\"twitter:label1\" content=\"Est. tempo de leitura\" \/>\n\t<meta name=\"twitter:data1\" content=\"1 minuto\" \/>\n<script type=\"application\/ld+json\" class=\"yoast-schema-graph\">{\"@context\":\"https:\/\/schema.org\",\"@graph\":[{\"@type\":\"WebPage\",\"@id\":\"https:\/\/institucional.ufrrj.br\/biblioteca\/produtos-e-servicos\/treinamento-de-usuarios\/tecnologias\/\",\"url\":\"https:\/\/institucional.ufrrj.br\/biblioteca\/produtos-e-servicos\/treinamento-de-usuarios\/tecnologias\/\",\"name\":\"Tecnologia - BIBLIOTECA CENTRAL\",\"isPartOf\":{\"@id\":\"https:\/\/institucional.ufrrj.br\/biblioteca\/#website\"},\"primaryImageOfPage\":{\"@id\":\"https:\/\/institucional.ufrrj.br\/biblioteca\/produtos-e-servicos\/treinamento-de-usuarios\/tecnologias\/#primaryimage\"},\"image\":{\"@id\":\"https:\/\/institucional.ufrrj.br\/biblioteca\/produtos-e-servicos\/treinamento-de-usuarios\/tecnologias\/#primaryimage\"},\"thumbnailUrl\":\"http:\/\/institucional.ufrrj.br\/biblioteca\/files\/2016\/10\/scanner.jpg\",\"datePublished\":\"2016-10-25T18:10:49+00:00\",\"dateModified\":\"2023-06-26T16:32:15+00:00\",\"breadcrumb\":{\"@id\":\"https:\/\/institucional.ufrrj.br\/biblioteca\/produtos-e-servicos\/treinamento-de-usuarios\/tecnologias\/#breadcrumb\"},\"inLanguage\":\"pt-BR\",\"potentialAction\":[{\"@type\":\"ReadAction\",\"target\":[\"https:\/\/institucional.ufrrj.br\/biblioteca\/produtos-e-servicos\/treinamento-de-usuarios\/tecnologias\/\"]}]},{\"@type\":\"ImageObject\",\"inLanguage\":\"pt-BR\",\"@id\":\"https:\/\/institucional.ufrrj.br\/biblioteca\/produtos-e-servicos\/treinamento-de-usuarios\/tecnologias\/#primaryimage\",\"url\":\"http:\/\/institucional.ufrrj.br\/biblioteca\/files\/2016\/10\/scanner.jpg\",\"contentUrl\":\"http:\/\/institucional.ufrrj.br\/biblioteca\/files\/2016\/10\/scanner.jpg\"},{\"@type\":\"BreadcrumbList\",\"@id\":\"https:\/\/institucional.ufrrj.br\/biblioteca\/produtos-e-servicos\/treinamento-de-usuarios\/tecnologias\/#breadcrumb\",\"itemListElement\":[{\"@type\":\"ListItem\",\"position\":1,\"name\":\"In\u00edcio\",\"item\":\"https:\/\/institucional.ufrrj.br\/biblioteca\/\"},{\"@type\":\"ListItem\",\"position\":2,\"name\":\"Produtos e Servi\u00e7os\",\"item\":\"https:\/\/institucional.ufrrj.br\/biblioteca\/produtos-e-servicos\/\"},{\"@type\":\"ListItem\",\"position\":3,\"name\":\"Treinamento de usu\u00e1rios\",\"item\":\"https:\/\/institucional.ufrrj.br\/biblioteca\/produtos-e-servicos\/treinamento-de-usuarios\/\"},{\"@type\":\"ListItem\",\"position\":4,\"name\":\"Tecnologia\"}]},{\"@type\":\"WebSite\",\"@id\":\"https:\/\/institucional.ufrrj.br\/biblioteca\/#website\",\"url\":\"https:\/\/institucional.ufrrj.br\/biblioteca\/\",\"name\":\"BIBLIOTECA CENTRAL\",\"description\":\"Universidade Federal Rural do Rio de Janeiro  - UFRRJ\",\"potentialAction\":[{\"@type\":\"SearchAction\",\"target\":{\"@type\":\"EntryPoint\",\"urlTemplate\":\"https:\/\/institucional.ufrrj.br\/biblioteca\/?s={search_term_string}\"},\"query-input\":{\"@type\":\"PropertyValueSpecification\",\"valueRequired\":true,\"valueName\":\"search_term_string\"}}],\"inLanguage\":\"pt-BR\"}]}<\/script>\n<!-- \/ Yoast SEO plugin. -->","yoast_head_json":{"title":"Tecnologia - BIBLIOTECA CENTRAL","robots":{"index":"index","follow":"follow","max-snippet":"max-snippet:-1","max-image-preview":"max-image-preview:large","max-video-preview":"max-video-preview:-1"},"canonical":"https:\/\/institucional.ufrrj.br\/biblioteca\/produtos-e-servicos\/treinamento-de-usuarios\/tecnologias\/","og_locale":"pt_BR","og_type":"article","og_title":"Tecnologia - BIBLIOTECA CENTRAL","og_description":"Scanner Planet\u00e1rio A Biblioteca Central disp\u00f5e de um scanner planet\u00e1rio com acesso para seus usu\u00e1rios (conferir regulamenta\u00e7\u00e3o no final da ...","og_url":"https:\/\/institucional.ufrrj.br\/biblioteca\/produtos-e-servicos\/treinamento-de-usuarios\/tecnologias\/","og_site_name":"BIBLIOTECA CENTRAL","article_publisher":"https:\/\/www.facebook.com\/pages\/Biblioteca-Central-UFRRJ\/169326639938700?ref=profile","article_modified_time":"2023-06-26T16:32:15+00:00","og_image":[{"url":"http:\/\/institucional.ufrrj.br\/biblioteca\/files\/2016\/10\/scanner.jpg","type":"","width":"","height":""}],"twitter_card":"summary_large_image","twitter_misc":{"Est. tempo de leitura":"1 minuto"},"schema":{"@context":"https:\/\/schema.org","@graph":[{"@type":"WebPage","@id":"https:\/\/institucional.ufrrj.br\/biblioteca\/produtos-e-servicos\/treinamento-de-usuarios\/tecnologias\/","url":"https:\/\/institucional.ufrrj.br\/biblioteca\/produtos-e-servicos\/treinamento-de-usuarios\/tecnologias\/","name":"Tecnologia - BIBLIOTECA CENTRAL","isPartOf":{"@id":"https:\/\/institucional.ufrrj.br\/biblioteca\/#website"},"primaryImageOfPage":{"@id":"https:\/\/institucional.ufrrj.br\/biblioteca\/produtos-e-servicos\/treinamento-de-usuarios\/tecnologias\/#primaryimage"},"image":{"@id":"https:\/\/institucional.ufrrj.br\/biblioteca\/produtos-e-servicos\/treinamento-de-usuarios\/tecnologias\/#primaryimage"},"thumbnailUrl":"http:\/\/institucional.ufrrj.br\/biblioteca\/files\/2016\/10\/scanner.jpg","datePublished":"2016-10-25T18:10:49+00:00","dateModified":"2023-06-26T16:32:15+00:00","breadcrumb":{"@id":"https:\/\/institucional.ufrrj.br\/biblioteca\/produtos-e-servicos\/treinamento-de-usuarios\/tecnologias\/#breadcrumb"},"inLanguage":"pt-BR","potentialAction":[{"@type":"ReadAction","target":["https:\/\/institucional.ufrrj.br\/biblioteca\/produtos-e-servicos\/treinamento-de-usuarios\/tecnologias\/"]}]},{"@type":"ImageObject","inLanguage":"pt-BR","@id":"https:\/\/institucional.ufrrj.br\/biblioteca\/produtos-e-servicos\/treinamento-de-usuarios\/tecnologias\/#primaryimage","url":"http:\/\/institucional.ufrrj.br\/biblioteca\/files\/2016\/10\/scanner.jpg","contentUrl":"http:\/\/institucional.ufrrj.br\/biblioteca\/files\/2016\/10\/scanner.jpg"},{"@type":"BreadcrumbList","@id":"https:\/\/institucional.ufrrj.br\/biblioteca\/produtos-e-servicos\/treinamento-de-usuarios\/tecnologias\/#breadcrumb","itemListElement":[{"@type":"ListItem","position":1,"name":"In\u00edcio","item":"https:\/\/institucional.ufrrj.br\/biblioteca\/"},{"@type":"ListItem","position":2,"name":"Produtos e Servi\u00e7os","item":"https:\/\/institucional.ufrrj.br\/biblioteca\/produtos-e-servicos\/"},{"@type":"ListItem","position":3,"name":"Treinamento de usu\u00e1rios","item":"https:\/\/institucional.ufrrj.br\/biblioteca\/produtos-e-servicos\/treinamento-de-usuarios\/"},{"@type":"ListItem","position":4,"name":"Tecnologia"}]},{"@type":"WebSite","@id":"https:\/\/institucional.ufrrj.br\/biblioteca\/#website","url":"https:\/\/institucional.ufrrj.br\/biblioteca\/","name":"BIBLIOTECA CENTRAL","description":"Universidade Federal Rural do Rio de Janeiro  - UFRRJ","potentialAction":[{"@type":"SearchAction","target":{"@type":"EntryPoint","urlTemplate":"https:\/\/institucional.ufrrj.br\/biblioteca\/?s={search_term_string}"},"query-input":{"@type":"PropertyValueSpecification","valueRequired":true,"valueName":"search_term_string"}}],"inLanguage":"pt-BR"}]}},"_links":{"self":[{"href":"https:\/\/institucional.ufrrj.br\/biblioteca\/wp-json\/wp\/v2\/pages\/257","targetHints":{"allow":["GET"]}}],"collection":[{"href":"https:\/\/institucional.ufrrj.br\/biblioteca\/wp-json\/wp\/v2\/pages"}],"about":[{"href":"https:\/\/institucional.ufrrj.br\/biblioteca\/wp-json\/wp\/v2\/types\/page"}],"author":[{"embeddable":true,"href":"https:\/\/institucional.ufrrj.br\/biblioteca\/wp-json\/wp\/v2\/users\/377"}],"replies":[{"embeddable":true,"href":"https:\/\/institucional.ufrrj.br\/biblioteca\/wp-json\/wp\/v2\/comments?post=257"}],"version-history":[{"count":14,"href":"https:\/\/institucional.ufrrj.br\/biblioteca\/wp-json\/wp\/v2\/pages\/257\/revisions"}],"predecessor-version":[{"id":1980,"href":"https:\/\/institucional.ufrrj.br\/biblioteca\/wp-json\/wp\/v2\/pages\/257\/revisions\/1980"}],"up":[{"embeddable":true,"href":"https:\/\/institucional.ufrrj.br\/biblioteca\/wp-json\/wp\/v2\/pages\/72"}],"wp:attachment":[{"href":"https:\/\/institucional.ufrrj.br\/biblioteca\/wp-json\/wp\/v2\/media?parent=257"}],"curies":[{"name":"wp","href":"https:\/\/api.w.org\/{rel}","templated":true}]}}