{"id":2006,"date":"2023-06-27T09:37:05","date_gmt":"2023-06-27T12:37:05","guid":{"rendered":"https:\/\/institucional.ufrrj.br\/biblioteca\/?page_id=2006"},"modified":"2026-02-10T17:15:33","modified_gmt":"2026-02-10T20:15:33","slug":"dados","status":"publish","type":"page","link":"https:\/\/institucional.ufrrj.br\/biblioteca\/a-biblioteca\/dados\/","title":{"rendered":"Relat\u00f3rios e Documentos"},"content":{"rendered":"\n<p class=\"eplus-wrapper\"><\/p>\n\n\n\n<ul class=\"wp-block-list eplus-wrapper\">\n<li class=\"eplus-wrapper\"><strong><a href=\"https:\/\/institucional.ufrrj.br\/biblioteca\/files\/2024\/11\/Plano-de-Contingencia-BC.pdf\">Plano de Conting\u00eancia da Biblioteca Central da UFRRJ &#8211; 2024<\/a><\/strong><\/li>\n<\/ul>\n\n\n\n<ul class=\"wp-block-list eplus-wrapper\">\n<li class=\"eplus-wrapper\"><a href=\"https:\/\/institucional.ufrrj.br\/biblioteca\/files\/2024\/11\/Politica-de-Formacao-e-Desenvolvimento-de-Acervo.pdf\"><strong>Pol\u00edtica de Forma\u00e7\u00e3o e Desenvolvimento de Acervo &#8211; 2024<\/strong><\/a><\/li>\n<\/ul>\n\n\n\n<ul class=\"wp-block-list eplus-wrapper\">\n<li class=\"eplus-wrapper\"><a style=\"font-weight: bold\" href=\"https:\/\/institucional.ufrrj.br\/biblioteca\/files\/2024\/03\/Relatorio-Anual-da-Biblioteca-Central-da-UFRRJ-2022.pdf\"><strong>Relat\u00f3rio Anual da Biblioteca Central da UFRRJ &#8211; 2022<\/strong><\/a><\/li>\n<\/ul>\n\n\n\n<ul class=\"wp-block-list eplus-wrapper\">\n<li class=\"eplus-wrapper\"><a href=\"https:\/\/institucional.ufrrj.br\/biblioteca\/files\/2024\/03\/Relatorio-Anual-da-Biblioteca-Central-da-UFRRJ-2023.pdf\"><strong>Relat\u00f3rio Anual da Biblioteca Central da UFRRJ &#8211; 2023<\/strong><\/a><\/li>\n<\/ul>\n\n\n\n<ul class=\"wp-block-list eplus-wrapper\">\n<li><a href=\"https:\/\/portal.ufrrj.br\/wp-content\/uploads\/2023\/11\/DELIBERACAO-No-629-2023-1.pdf\"><strong>Delibera\u00e7\u00e3o CEPE n\u00ba 629\/2023 \u2013 Pol\u00edtica de Acesso Aberto ao Conhecimento da UFRRJ &#8211; Reposit\u00f3rio Institucional de M\u00faltiplos Acervos (RIMA) e Portal de Peri\u00f3dicos Costa Lima<\/strong><\/a><\/li>\n<\/ul>\n\n\n\n<ul class=\"wp-block-list eplus-wrapper\">\n<li><a href=\"https:\/\/institucional.ufrrj.br\/biblioteca\/files\/2025\/11\/PORTARIA-No-6164-2025-PROPPG-Comissao-de-Acesso-Aberto.pdf\"><strong>Portaria n\u00ba 6164\/2025 &#8211; PROPPG &#8211; Comiss\u00e3o Permanente de Acesso Aberto (CPAA)<\/strong><\/a><\/li>\n<\/ul>\n\n\n\n<ul class=\"wp-block-list eplus-wrapper\">\n<li><a href=\"https:\/\/institucional.ufrrj.br\/biblioteca\/files\/2026\/01\/Manual-TFC-UFRRJ.pdf\"><strong>Manual para trabalhos finais de curso na p\u00f3s-gradua\u00e7\u00e3o da UFRR &#8211; 2025<\/strong><\/a><\/li>\n<\/ul>\n\n\n\n<p><\/p>\n\n\n\n<p><\/p>\n","protected":false},"excerpt":{"rendered":"","protected":false},"author":840,"featured_media":0,"parent":27,"menu_order":0,"comment_status":"closed","ping_status":"closed","template":"","meta":{"footnotes":"","_links_to":"","_links_to_target":""},"class_list":["post-2006","page","type-page","status-publish","hentry"],"yoast_head":"<!-- This site is optimized with the Yoast SEO plugin v27.2 - https:\/\/yoast.com\/product\/yoast-seo-wordpress\/ -->\n<title>Relat\u00f3rios e Documentos - BIBLIOTECA CENTRAL<\/title>\n<meta name=\"robots\" content=\"index, follow, max-snippet:-1, max-image-preview:large, max-video-preview:-1\" \/>\n<link rel=\"canonical\" href=\"https:\/\/institucional.ufrrj.br\/biblioteca\/a-biblioteca\/dados\/\" \/>\n<meta property=\"og:locale\" content=\"pt_BR\" \/>\n<meta property=\"og:type\" content=\"article\" \/>\n<meta property=\"og:title\" content=\"Relat\u00f3rios e Documentos - BIBLIOTECA CENTRAL\" \/>\n<meta property=\"og:url\" content=\"https:\/\/institucional.ufrrj.br\/biblioteca\/a-biblioteca\/dados\/\" \/>\n<meta property=\"og:site_name\" content=\"BIBLIOTECA CENTRAL\" \/>\n<meta property=\"article:publisher\" content=\"https:\/\/www.facebook.com\/pages\/Biblioteca-Central-UFRRJ\/169326639938700?ref=profile\" \/>\n<meta property=\"article:modified_time\" content=\"2026-02-10T20:15:33+00:00\" \/>\n<meta name=\"twitter:card\" content=\"summary_large_image\" \/>\n<script type=\"application\/ld+json\" class=\"yoast-schema-graph\">{\"@context\":\"https:\/\/schema.org\",\"@graph\":[{\"@type\":\"WebPage\",\"@id\":\"https:\/\/institucional.ufrrj.br\/biblioteca\/a-biblioteca\/dados\/\",\"url\":\"https:\/\/institucional.ufrrj.br\/biblioteca\/a-biblioteca\/dados\/\",\"name\":\"Relat\u00f3rios e Documentos - BIBLIOTECA CENTRAL\",\"isPartOf\":{\"@id\":\"https:\/\/institucional.ufrrj.br\/biblioteca\/#website\"},\"datePublished\":\"2023-06-27T12:37:05+00:00\",\"dateModified\":\"2026-02-10T20:15:33+00:00\",\"breadcrumb\":{\"@id\":\"https:\/\/institucional.ufrrj.br\/biblioteca\/a-biblioteca\/dados\/#breadcrumb\"},\"inLanguage\":\"pt-BR\",\"potentialAction\":[{\"@type\":\"ReadAction\",\"target\":[\"https:\/\/institucional.ufrrj.br\/biblioteca\/a-biblioteca\/dados\/\"]}]},{\"@type\":\"BreadcrumbList\",\"@id\":\"https:\/\/institucional.ufrrj.br\/biblioteca\/a-biblioteca\/dados\/#breadcrumb\",\"itemListElement\":[{\"@type\":\"ListItem\",\"position\":1,\"name\":\"In\u00edcio\",\"item\":\"https:\/\/institucional.ufrrj.br\/biblioteca\/\"},{\"@type\":\"ListItem\",\"position\":2,\"name\":\"BIBLIOTECA\",\"item\":\"https:\/\/institucional.ufrrj.br\/biblioteca\/a-biblioteca\/\"},{\"@type\":\"ListItem\",\"position\":3,\"name\":\"Dados\"}]},{\"@type\":\"WebSite\",\"@id\":\"https:\/\/institucional.ufrrj.br\/biblioteca\/#website\",\"url\":\"https:\/\/institucional.ufrrj.br\/biblioteca\/\",\"name\":\"BIBLIOTECA CENTRAL\",\"description\":\"Universidade Federal Rural do Rio de Janeiro  - UFRRJ\",\"potentialAction\":[{\"@type\":\"SearchAction\",\"target\":{\"@type\":\"EntryPoint\",\"urlTemplate\":\"https:\/\/institucional.ufrrj.br\/biblioteca\/?s={search_term_string}\"},\"query-input\":{\"@type\":\"PropertyValueSpecification\",\"valueRequired\":true,\"valueName\":\"search_term_string\"}}],\"inLanguage\":\"pt-BR\"}]}<\/script>\n<!-- \/ Yoast SEO plugin. -->","yoast_head_json":{"title":"Relat\u00f3rios e Documentos - BIBLIOTECA CENTRAL","robots":{"index":"index","follow":"follow","max-snippet":"max-snippet:-1","max-image-preview":"max-image-preview:large","max-video-preview":"max-video-preview:-1"},"canonical":"https:\/\/institucional.ufrrj.br\/biblioteca\/a-biblioteca\/dados\/","og_locale":"pt_BR","og_type":"article","og_title":"Relat\u00f3rios e Documentos - BIBLIOTECA CENTRAL","og_url":"https:\/\/institucional.ufrrj.br\/biblioteca\/a-biblioteca\/dados\/","og_site_name":"BIBLIOTECA CENTRAL","article_publisher":"https:\/\/www.facebook.com\/pages\/Biblioteca-Central-UFRRJ\/169326639938700?ref=profile","article_modified_time":"2026-02-10T20:15:33+00:00","twitter_card":"summary_large_image","schema":{"@context":"https:\/\/schema.org","@graph":[{"@type":"WebPage","@id":"https:\/\/institucional.ufrrj.br\/biblioteca\/a-biblioteca\/dados\/","url":"https:\/\/institucional.ufrrj.br\/biblioteca\/a-biblioteca\/dados\/","name":"Relat\u00f3rios e Documentos - BIBLIOTECA CENTRAL","isPartOf":{"@id":"https:\/\/institucional.ufrrj.br\/biblioteca\/#website"},"datePublished":"2023-06-27T12:37:05+00:00","dateModified":"2026-02-10T20:15:33+00:00","breadcrumb":{"@id":"https:\/\/institucional.ufrrj.br\/biblioteca\/a-biblioteca\/dados\/#breadcrumb"},"inLanguage":"pt-BR","potentialAction":[{"@type":"ReadAction","target":["https:\/\/institucional.ufrrj.br\/biblioteca\/a-biblioteca\/dados\/"]}]},{"@type":"BreadcrumbList","@id":"https:\/\/institucional.ufrrj.br\/biblioteca\/a-biblioteca\/dados\/#breadcrumb","itemListElement":[{"@type":"ListItem","position":1,"name":"In\u00edcio","item":"https:\/\/institucional.ufrrj.br\/biblioteca\/"},{"@type":"ListItem","position":2,"name":"BIBLIOTECA","item":"https:\/\/institucional.ufrrj.br\/biblioteca\/a-biblioteca\/"},{"@type":"ListItem","position":3,"name":"Dados"}]},{"@type":"WebSite","@id":"https:\/\/institucional.ufrrj.br\/biblioteca\/#website","url":"https:\/\/institucional.ufrrj.br\/biblioteca\/","name":"BIBLIOTECA CENTRAL","description":"Universidade Federal Rural do Rio de Janeiro  - UFRRJ","potentialAction":[{"@type":"SearchAction","target":{"@type":"EntryPoint","urlTemplate":"https:\/\/institucional.ufrrj.br\/biblioteca\/?s={search_term_string}"},"query-input":{"@type":"PropertyValueSpecification","valueRequired":true,"valueName":"search_term_string"}}],"inLanguage":"pt-BR"}]}},"_links":{"self":[{"href":"https:\/\/institucional.ufrrj.br\/biblioteca\/wp-json\/wp\/v2\/pages\/2006","targetHints":{"allow":["GET"]}}],"collection":[{"href":"https:\/\/institucional.ufrrj.br\/biblioteca\/wp-json\/wp\/v2\/pages"}],"about":[{"href":"https:\/\/institucional.ufrrj.br\/biblioteca\/wp-json\/wp\/v2\/types\/page"}],"author":[{"embeddable":true,"href":"https:\/\/institucional.ufrrj.br\/biblioteca\/wp-json\/wp\/v2\/users\/840"}],"replies":[{"embeddable":true,"href":"https:\/\/institucional.ufrrj.br\/biblioteca\/wp-json\/wp\/v2\/comments?post=2006"}],"version-history":[{"count":1,"href":"https:\/\/institucional.ufrrj.br\/biblioteca\/wp-json\/wp\/v2\/pages\/2006\/revisions"}],"predecessor-version":[{"id":3434,"href":"https:\/\/institucional.ufrrj.br\/biblioteca\/wp-json\/wp\/v2\/pages\/2006\/revisions\/3434"}],"up":[{"embeddable":true,"href":"https:\/\/institucional.ufrrj.br\/biblioteca\/wp-json\/wp\/v2\/pages\/27"}],"wp:attachment":[{"href":"https:\/\/institucional.ufrrj.br\/biblioteca\/wp-json\/wp\/v2\/media?parent=2006"}],"curies":[{"name":"wp","href":"https:\/\/api.w.org\/{rel}","templated":true}]}}