{"id":1137,"date":"2019-05-29T01:54:25","date_gmt":"2019-05-29T04:54:25","guid":{"rendered":"http:\/\/institucional.ufrrj.br\/biblioteca\/?page_id=1137"},"modified":"2026-01-15T22:44:40","modified_gmt":"2026-01-16T01:44:40","slug":"doacao-de-livros","status":"publish","type":"page","link":"https:\/\/institucional.ufrrj.br\/biblioteca\/produtos-e-servicos\/doacao-de-livros\/","title":{"rendered":"Doa\u00e7\u00e3o de Livros"},"content":{"rendered":"<p>A Biblioteca Central da UFRRJ, com o objetivo de manter um acervo atual, relevante e \u00fatil para a comunidade acad\u00eamica, possui um regulamento pr\u00f3prio para recebimento de doa\u00e7\u00e3o de material bibliogr\u00e1fico.<\/p>\n<p><strong>Para doar, verifique<\/strong>:<\/p>\n<ul>\n<li>Se for <strong>at\u00e9 5 exemplares\/unidades<\/strong>, pode entregar na biblioteca com o formul\u00e1rio preenchido e assinado entre 09 e 16 horas.<\/li>\n<li>Caso seja <strong>mais que 5<\/strong>, envie*, para <span style=\"color: #0000ff\"><a style=\"color: #0000ff\" href=\"mailto:sfdabc@ufrrj.br\">sfdabc@ufrrj.br<\/a><span style=\"color: #000000\">, <\/span><\/span>o formul\u00e1rio (somente preenchido) ou descritos no corpo do email para uma pr\u00e9-an\u00e1lise.<\/li>\n<\/ul>\n<p><span style=\"color: #808080\">* Antes de enviar, verifique as regras (ap\u00f3s o formul\u00e1rio abaixo)<\/span><\/p>\n\n\n<div data-wp-interactive=\"core\/file\" class=\"wp-block-file\"><object data-wp-bind--hidden=\"!state.hasPdfPreview\" hidden class=\"wp-block-file__embed\" data=\"https:\/\/institucional.ufrrj.br\/biblioteca\/files\/2025\/09\/formulario_doacao_livros_EDITAVEL.pdf\" type=\"application\/pdf\" style=\"width:100%;height:600px\" aria-label=\"Incorporado de Formul\u00e1rio de doa\u00e7\u00e3o - pdf edit\u00e1vel.\"><\/object><a id=\"wp-block-file--media-38feec4b-6e67-4312-bea5-5c7a32c82a0f\" href=\"https:\/\/institucional.ufrrj.br\/biblioteca\/files\/2025\/09\/formulario_doacao_livros_EDITAVEL.pdf\">Formul\u00e1rio de doa\u00e7\u00e3o &#8211; pdf edit\u00e1vel<\/a><a href=\"https:\/\/institucional.ufrrj.br\/biblioteca\/files\/2025\/09\/formulario_doacao_livros_EDITAVEL.pdf\" class=\"wp-block-file__button wp-element-button\" download aria-describedby=\"wp-block-file--media-38feec4b-6e67-4312-bea5-5c7a32c82a0f\">Baixar PDF<\/a><\/div>\n\n\n<h3><strong><span style=\"color: #000000\"><a style=\"color: #000000\" href=\"https:\/\/institucional.ufrrj.br\/biblioteca\/files\/2023\/12\/Regulamento-das-Doacoes.pdf\">Regulamento das Doa\u00e7\u00f5es<\/a><\/span><\/strong><\/h3>\n<p style=\"padding-left: 40px\">&#8211; A Biblioteca Central pode aceitar doa\u00e7\u00f5es realizadas tanto por pessoas f\u00edsicas quanto por pessoas jur\u00eddicas. Ap\u00f3s avalia\u00e7\u00e3o t\u00e9cnica, <strong>a unidade se reserva o direito de destinar as doa\u00e7\u00f5es de acordo com os interesses da biblioteca, com objetivo de forma\u00e7\u00e3o do acervo<\/strong>.<\/p>\n<p style=\"padding-left: 40px\">&#8211; As doa\u00e7\u00f5es aceitas passar\u00e3o a ser propriedade da Biblioteca Central, e ser\u00e3o disponibilizadas de acordo com a ordem de prioridade estabelecida.<\/p>\n<p style=\"padding-left: 40px\">&#8211; Para doar at\u00e9 5 (cinco) exemplares, basta comparecer \u00e0 SPT \u2013 Se\u00e7\u00e3o de Processamento T\u00e9cnico, no hor\u00e1rio das 09 \u00e0s 16 horas, e levar o <strong>Formul\u00e1rio de Doa\u00e7\u00e3o de Livros (ver anexo)<\/strong><span style=\"color: #0000ff\"><span style=\"color: #000000\">\u00a0preenchido<\/span><\/span><span style=\"color: #000000\">.<\/span><\/p>\n<p style=\"padding-left: 40px\">&#8211; Para doar mais de 5 (cinco) exemplares, o doador dever\u00e1 enviar um e-mail para\u00a0<span style=\"color: #0000ff\"><a style=\"color: #0000ff\" href=\"mailto:sfdabcj@ufrrj.br\">sfdabc@ufrrj.br<\/a><\/span>\u00a0com a lista dos livros, contendo autor, t\u00edtulo, edi\u00e7\u00e3o (ou ano de publica\u00e7\u00e3o)\u00a0 e estado de conserva\u00e7\u00e3o (os estados de conserva\u00e7\u00e3o s\u00e3o: &#8220;novo&#8221;, &#8220;bom&#8221;, &#8220;regular&#8221;, &#8220;ruim&#8221;). Ap\u00f3s o recebimento do e-mail, ser\u00e1 realizada uma an\u00e1lise do material.<\/p>\n<ul>\n<li><strong>Crit\u00e9rios que ser\u00e3o observados quanto \u00e0 sele\u00e7\u00e3o de doa\u00e7\u00f5es<\/strong><\/li>\n<\/ul>\n<p style=\"padding-left: 40px\">&#8211; Exemplares que supram falhas na cole\u00e7\u00e3o ou exemplares extraviados;<\/p>\n<p style=\"padding-left: 40px\">&#8211; Inexist\u00eancia da obra na biblioteca ou necessidade de duplica\u00e7\u00e3o em fun\u00e7\u00e3o do uso;<\/p>\n<p style=\"padding-left: 40px\">&#8211; Obras raras e\/ou valiosas;<\/p>\n<p style=\"padding-left: 40px\">&#8211; Pertin\u00eancia do assunto;<\/p>\n<p style=\"padding-left: 40px\">&#8211; Escassez de material sobre o assunto;<\/p>\n<p style=\"padding-left: 40px\">&#8211; Atualidade da obra;<\/p>\n<p style=\"padding-left: 40px\">&#8211; Autoridade do autor ou editor;<\/p>\n<p style=\"padding-left: 40px\">&#8211; Idioma do texto;<\/p>\n<p style=\"padding-left: 40px\">&#8211; Estado de conserva\u00e7\u00e3o da obra.<\/p>\n<ul>\n<li><strong> Materiais que n\u00e3o s\u00e3o aceitos:<\/strong><\/li>\n<\/ul>\n<p style=\"padding-left: 40px\">&#8211; Fotoc\u00f3pias de materiais bibliogr\u00e1ficos e outras formas de reprodu\u00e7\u00e3o n\u00e3o autorizadas, tendo em vista o Art. 29 da Lei n\u00ba 9.610 de 19 de fevereiro de 1998 (Lei de Direito Autoral);<\/p>\n<p style=\"padding-left: 40px\">&#8211; Obras com finalidade comercial;<\/p>\n<p style=\"padding-left: 40px\">&#8211; Roteiros de viagens, revistas n\u00e3o cient\u00edficas (Info, Exame, Veja etc.);<\/p>\n<p style=\"padding-left: 40px\">&#8211; Materiais riscados, infectados e\/ou danificados;<\/p>\n<p style=\"padding-left: 40px\">&#8211; Materiais em formatos obsoletos, tais como fitas de v\u00eddeo, disquetes etc.<\/p>\n<p style=\"padding-left: 40px\">&#8211; Medalhas, Comendas, Moedas ou Fl\u00e2mulas.<\/p>\n\n\n<p><\/p>\n","protected":false},"excerpt":{"rendered":"<p>A Biblioteca Central da UFRRJ, com o objetivo de manter um acervo atual, relevante e \u00fatil para a comunidade acad\u00eamica, <a class=\"read-more\" href=\"https:\/\/institucional.ufrrj.br\/biblioteca\/produtos-e-servicos\/doacao-de-livros\/ \">&#8230; <i class=\"fa fa-long-arrow-right\"><\/i><\/a><\/p>\n","protected":false},"author":377,"featured_media":0,"parent":25,"menu_order":0,"comment_status":"closed","ping_status":"closed","template":"","meta":{"footnotes":"","_links_to":"","_links_to_target":""},"class_list":["post-1137","page","type-page","status-publish","hentry"],"yoast_head":"<!-- This site is optimized with the Yoast SEO plugin v27.2 - https:\/\/yoast.com\/product\/yoast-seo-wordpress\/ -->\n<title>Doa\u00e7\u00e3o de Livros - BIBLIOTECA CENTRAL<\/title>\n<meta name=\"robots\" content=\"index, follow, max-snippet:-1, max-image-preview:large, max-video-preview:-1\" \/>\n<link rel=\"canonical\" href=\"https:\/\/institucional.ufrrj.br\/biblioteca\/produtos-e-servicos\/doacao-de-livros\/\" \/>\n<meta property=\"og:locale\" content=\"pt_BR\" \/>\n<meta property=\"og:type\" content=\"article\" \/>\n<meta property=\"og:title\" content=\"Doa\u00e7\u00e3o de Livros - BIBLIOTECA CENTRAL\" \/>\n<meta property=\"og:description\" content=\"A Biblioteca Central da UFRRJ, com o objetivo de manter um acervo atual, relevante e \u00fatil para a comunidade acad\u00eamica, ...\" \/>\n<meta property=\"og:url\" content=\"https:\/\/institucional.ufrrj.br\/biblioteca\/produtos-e-servicos\/doacao-de-livros\/\" \/>\n<meta property=\"og:site_name\" content=\"BIBLIOTECA CENTRAL\" \/>\n<meta property=\"article:publisher\" content=\"https:\/\/www.facebook.com\/pages\/Biblioteca-Central-UFRRJ\/169326639938700?ref=profile\" \/>\n<meta property=\"article:modified_time\" content=\"2026-01-16T01:44:40+00:00\" \/>\n<meta name=\"twitter:card\" content=\"summary_large_image\" \/>\n<meta name=\"twitter:label1\" content=\"Est. tempo de leitura\" \/>\n\t<meta name=\"twitter:data1\" content=\"2 minutos\" \/>\n<script type=\"application\/ld+json\" class=\"yoast-schema-graph\">{\"@context\":\"https:\/\/schema.org\",\"@graph\":[{\"@type\":\"WebPage\",\"@id\":\"https:\/\/institucional.ufrrj.br\/biblioteca\/produtos-e-servicos\/doacao-de-livros\/\",\"url\":\"https:\/\/institucional.ufrrj.br\/biblioteca\/produtos-e-servicos\/doacao-de-livros\/\",\"name\":\"Doa\u00e7\u00e3o de Livros - BIBLIOTECA CENTRAL\",\"isPartOf\":{\"@id\":\"https:\/\/institucional.ufrrj.br\/biblioteca\/#website\"},\"datePublished\":\"2019-05-29T04:54:25+00:00\",\"dateModified\":\"2026-01-16T01:44:40+00:00\",\"breadcrumb\":{\"@id\":\"https:\/\/institucional.ufrrj.br\/biblioteca\/produtos-e-servicos\/doacao-de-livros\/#breadcrumb\"},\"inLanguage\":\"pt-BR\",\"potentialAction\":[{\"@type\":\"ReadAction\",\"target\":[\"https:\/\/institucional.ufrrj.br\/biblioteca\/produtos-e-servicos\/doacao-de-livros\/\"]}]},{\"@type\":\"BreadcrumbList\",\"@id\":\"https:\/\/institucional.ufrrj.br\/biblioteca\/produtos-e-servicos\/doacao-de-livros\/#breadcrumb\",\"itemListElement\":[{\"@type\":\"ListItem\",\"position\":1,\"name\":\"In\u00edcio\",\"item\":\"https:\/\/institucional.ufrrj.br\/biblioteca\/\"},{\"@type\":\"ListItem\",\"position\":2,\"name\":\"Produtos e Servi\u00e7os\",\"item\":\"https:\/\/institucional.ufrrj.br\/biblioteca\/produtos-e-servicos\/\"},{\"@type\":\"ListItem\",\"position\":3,\"name\":\"Doa\u00e7\u00e3o de Livros\"}]},{\"@type\":\"WebSite\",\"@id\":\"https:\/\/institucional.ufrrj.br\/biblioteca\/#website\",\"url\":\"https:\/\/institucional.ufrrj.br\/biblioteca\/\",\"name\":\"BIBLIOTECA CENTRAL\",\"description\":\"Universidade Federal Rural do Rio de Janeiro  - UFRRJ\",\"potentialAction\":[{\"@type\":\"SearchAction\",\"target\":{\"@type\":\"EntryPoint\",\"urlTemplate\":\"https:\/\/institucional.ufrrj.br\/biblioteca\/?s={search_term_string}\"},\"query-input\":{\"@type\":\"PropertyValueSpecification\",\"valueRequired\":true,\"valueName\":\"search_term_string\"}}],\"inLanguage\":\"pt-BR\"}]}<\/script>\n<!-- \/ Yoast SEO plugin. -->","yoast_head_json":{"title":"Doa\u00e7\u00e3o de Livros - BIBLIOTECA CENTRAL","robots":{"index":"index","follow":"follow","max-snippet":"max-snippet:-1","max-image-preview":"max-image-preview:large","max-video-preview":"max-video-preview:-1"},"canonical":"https:\/\/institucional.ufrrj.br\/biblioteca\/produtos-e-servicos\/doacao-de-livros\/","og_locale":"pt_BR","og_type":"article","og_title":"Doa\u00e7\u00e3o de Livros - BIBLIOTECA CENTRAL","og_description":"A Biblioteca Central da UFRRJ, com o objetivo de manter um acervo atual, relevante e \u00fatil para a comunidade acad\u00eamica, ...","og_url":"https:\/\/institucional.ufrrj.br\/biblioteca\/produtos-e-servicos\/doacao-de-livros\/","og_site_name":"BIBLIOTECA CENTRAL","article_publisher":"https:\/\/www.facebook.com\/pages\/Biblioteca-Central-UFRRJ\/169326639938700?ref=profile","article_modified_time":"2026-01-16T01:44:40+00:00","twitter_card":"summary_large_image","twitter_misc":{"Est. tempo de leitura":"2 minutos"},"schema":{"@context":"https:\/\/schema.org","@graph":[{"@type":"WebPage","@id":"https:\/\/institucional.ufrrj.br\/biblioteca\/produtos-e-servicos\/doacao-de-livros\/","url":"https:\/\/institucional.ufrrj.br\/biblioteca\/produtos-e-servicos\/doacao-de-livros\/","name":"Doa\u00e7\u00e3o de Livros - BIBLIOTECA CENTRAL","isPartOf":{"@id":"https:\/\/institucional.ufrrj.br\/biblioteca\/#website"},"datePublished":"2019-05-29T04:54:25+00:00","dateModified":"2026-01-16T01:44:40+00:00","breadcrumb":{"@id":"https:\/\/institucional.ufrrj.br\/biblioteca\/produtos-e-servicos\/doacao-de-livros\/#breadcrumb"},"inLanguage":"pt-BR","potentialAction":[{"@type":"ReadAction","target":["https:\/\/institucional.ufrrj.br\/biblioteca\/produtos-e-servicos\/doacao-de-livros\/"]}]},{"@type":"BreadcrumbList","@id":"https:\/\/institucional.ufrrj.br\/biblioteca\/produtos-e-servicos\/doacao-de-livros\/#breadcrumb","itemListElement":[{"@type":"ListItem","position":1,"name":"In\u00edcio","item":"https:\/\/institucional.ufrrj.br\/biblioteca\/"},{"@type":"ListItem","position":2,"name":"Produtos e Servi\u00e7os","item":"https:\/\/institucional.ufrrj.br\/biblioteca\/produtos-e-servicos\/"},{"@type":"ListItem","position":3,"name":"Doa\u00e7\u00e3o de Livros"}]},{"@type":"WebSite","@id":"https:\/\/institucional.ufrrj.br\/biblioteca\/#website","url":"https:\/\/institucional.ufrrj.br\/biblioteca\/","name":"BIBLIOTECA CENTRAL","description":"Universidade Federal Rural do Rio de Janeiro  - UFRRJ","potentialAction":[{"@type":"SearchAction","target":{"@type":"EntryPoint","urlTemplate":"https:\/\/institucional.ufrrj.br\/biblioteca\/?s={search_term_string}"},"query-input":{"@type":"PropertyValueSpecification","valueRequired":true,"valueName":"search_term_string"}}],"inLanguage":"pt-BR"}]}},"_links":{"self":[{"href":"https:\/\/institucional.ufrrj.br\/biblioteca\/wp-json\/wp\/v2\/pages\/1137","targetHints":{"allow":["GET"]}}],"collection":[{"href":"https:\/\/institucional.ufrrj.br\/biblioteca\/wp-json\/wp\/v2\/pages"}],"about":[{"href":"https:\/\/institucional.ufrrj.br\/biblioteca\/wp-json\/wp\/v2\/types\/page"}],"author":[{"embeddable":true,"href":"https:\/\/institucional.ufrrj.br\/biblioteca\/wp-json\/wp\/v2\/users\/377"}],"replies":[{"embeddable":true,"href":"https:\/\/institucional.ufrrj.br\/biblioteca\/wp-json\/wp\/v2\/comments?post=1137"}],"version-history":[{"count":1,"href":"https:\/\/institucional.ufrrj.br\/biblioteca\/wp-json\/wp\/v2\/pages\/1137\/revisions"}],"predecessor-version":[{"id":3395,"href":"https:\/\/institucional.ufrrj.br\/biblioteca\/wp-json\/wp\/v2\/pages\/1137\/revisions\/3395"}],"up":[{"embeddable":true,"href":"https:\/\/institucional.ufrrj.br\/biblioteca\/wp-json\/wp\/v2\/pages\/25"}],"wp:attachment":[{"href":"https:\/\/institucional.ufrrj.br\/biblioteca\/wp-json\/wp\/v2\/media?parent=1137"}],"curies":[{"name":"wp","href":"https:\/\/api.w.org\/{rel}","templated":true}]}}