{"id":34,"date":"2020-05-04T13:53:54","date_gmt":"2020-05-04T16:53:54","guid":{"rendered":"http:\/\/institucional.ufrrj.br\/amtdr\/?page_id=34"},"modified":"2022-06-20T10:49:46","modified_gmt":"2022-06-20T13:49:46","slug":"home","status":"publish","type":"page","link":"https:\/\/institucional.ufrrj.br\/amtdr\/","title":{"rendered":"Home"},"content":{"rendered":"<div class=\"col-md-12\">\n<h1 class=\"jumbotron\"><strong>Consulta p\u00fablica sobre o regulamento da gradua\u00e7\u00e3o<\/strong><\/h1>\n<\/div>\n<div class=\"col-md-12\">\n<hr class=\"my-12\" \/>\n<p>Convidamos a todos os membros da comunidade universit\u00e1ria a participarem da presente audi\u00eancia p\u00fablica em forma digital via question\u00e1rio, a seguir.<\/p>\n<p>Ser\u00e1 um question\u00e1rio onde o participante poder\u00e1 informar at\u00e9 10 propostas sobre o regulamento.<\/p>\n<p>Para baixar o regulamento clique <a href=\"https:\/\/portal.ufrrj.br\/wp-content\/uploads\/2022\/05\/Minuta-do-regulamento-da-graduacao-UFRRJ.pdf\" target=\"_blank\" rel=\"noopener\">aqui<\/a><\/p>\n<p>Clique no link abaixo para participar:<\/p>\n<\/div>\n<p><a class=\"btn btn-primary btn-lg text-white\" role=\"button\" href=\"https:\/\/institucional.ufrrj.br\/cprg\/25-2\/\/\">Formul\u00e1rio de Consulta P\u00fablica<\/a><\/p>\n","protected":false},"excerpt":{"rendered":"<p>Consulta p\u00fablica sobre o regulamento da gradua\u00e7\u00e3o Convidamos a todos os membros da comunidade universit\u00e1ria a participarem da presente audi\u00eancia <a class=\"read-more\" href=\"https:\/\/institucional.ufrrj.br\/amtdr\/ \" >&#8230; <span class=\"font-italic\">leia mais <i class=\"fas fa-angle-right\"><\/i><\/span><\/a><\/p>\n","protected":false},"author":634,"featured_media":0,"parent":0,"menu_order":0,"comment_status":"closed","ping_status":"closed","template":"","meta":{"footnotes":""},"class_list":["post-34","page","type-page","status-publish","hentry"],"yoast_head":"<!-- This site is optimized with the Yoast SEO plugin v27.2 - https:\/\/yoast.com\/product\/yoast-seo-wordpress\/ -->\n<title>Home - Consulta P\u00fablica<\/title>\n<meta name=\"robots\" content=\"index, follow, max-snippet:-1, max-image-preview:large, max-video-preview:-1\" \/>\n<link rel=\"canonical\" href=\"https:\/\/institucional.ufrrj.br\/amtdr\/\" \/>\n<meta property=\"og:locale\" content=\"pt_BR\" \/>\n<meta property=\"og:type\" content=\"article\" \/>\n<meta property=\"og:title\" content=\"Home - Consulta P\u00fablica\" \/>\n<meta property=\"og:description\" content=\"Consulta p\u00fablica sobre o regulamento da gradua\u00e7\u00e3o Convidamos a todos os membros da comunidade universit\u00e1ria a participarem da presente audi\u00eancia ... leia mais\" \/>\n<meta property=\"og:url\" content=\"https:\/\/institucional.ufrrj.br\/amtdr\/\" \/>\n<meta property=\"og:site_name\" content=\"Consulta P\u00fablica\" \/>\n<meta property=\"article:modified_time\" content=\"2022-06-20T13:49:46+00:00\" \/>\n<meta name=\"twitter:card\" content=\"summary_large_image\" \/>\n<meta name=\"twitter:label1\" content=\"Est. tempo de leitura\" \/>\n\t<meta name=\"twitter:data1\" content=\"1 minuto\" \/>\n<script type=\"application\/ld+json\" class=\"yoast-schema-graph\">{\"@context\":\"https:\/\/schema.org\",\"@graph\":[{\"@type\":\"WebPage\",\"@id\":\"https:\/\/institucional.ufrrj.br\/amtdr\/\",\"url\":\"https:\/\/institucional.ufrrj.br\/amtdr\/\",\"name\":\"Home - Consulta P\u00fablica\",\"isPartOf\":{\"@id\":\"https:\/\/institucional.ufrrj.br\/amtdr\/#website\"},\"datePublished\":\"2020-05-04T16:53:54+00:00\",\"dateModified\":\"2022-06-20T13:49:46+00:00\",\"breadcrumb\":{\"@id\":\"https:\/\/institucional.ufrrj.br\/amtdr\/#breadcrumb\"},\"inLanguage\":\"pt-BR\",\"potentialAction\":[{\"@type\":\"ReadAction\",\"target\":[\"https:\/\/institucional.ufrrj.br\/amtdr\/\"]}]},{\"@type\":\"BreadcrumbList\",\"@id\":\"https:\/\/institucional.ufrrj.br\/amtdr\/#breadcrumb\",\"itemListElement\":[{\"@type\":\"ListItem\",\"position\":1,\"name\":\"In\u00edcio\",\"item\":\"https:\/\/institucional.ufrrj.br\/amtdr\/\"},{\"@type\":\"ListItem\",\"position\":2,\"name\":\"Home\"}]},{\"@type\":\"WebSite\",\"@id\":\"https:\/\/institucional.ufrrj.br\/amtdr\/#website\",\"url\":\"https:\/\/institucional.ufrrj.br\/amtdr\/\",\"name\":\"Consulta P\u00fablica\",\"description\":\"\",\"publisher\":{\"@id\":\"https:\/\/institucional.ufrrj.br\/amtdr\/#organization\"},\"potentialAction\":[{\"@type\":\"SearchAction\",\"target\":{\"@type\":\"EntryPoint\",\"urlTemplate\":\"https:\/\/institucional.ufrrj.br\/amtdr\/?s={search_term_string}\"},\"query-input\":{\"@type\":\"PropertyValueSpecification\",\"valueRequired\":true,\"valueName\":\"search_term_string\"}}],\"inLanguage\":\"pt-BR\"},{\"@type\":\"Organization\",\"@id\":\"https:\/\/institucional.ufrrj.br\/amtdr\/#organization\",\"name\":\"Gradua\u00e7\u00e3o - UFRRJ\",\"url\":\"https:\/\/institucional.ufrrj.br\/amtdr\/\",\"logo\":{\"@type\":\"ImageObject\",\"inLanguage\":\"pt-BR\",\"@id\":\"https:\/\/institucional.ufrrj.br\/amtdr\/#\/schema\/logo\/image\/\",\"url\":\"https:\/\/institucional.ufrrj.br\/amtdr\/files\/2022\/06\/audi2-1.png\",\"contentUrl\":\"https:\/\/institucional.ufrrj.br\/amtdr\/files\/2022\/06\/audi2-1.png\",\"width\":310,\"height\":144,\"caption\":\"Gradua\u00e7\u00e3o - UFRRJ\"},\"image\":{\"@id\":\"https:\/\/institucional.ufrrj.br\/amtdr\/#\/schema\/logo\/image\/\"}}]}<\/script>\n<!-- \/ Yoast SEO plugin. -->","yoast_head_json":{"title":"Home - Consulta P\u00fablica","robots":{"index":"index","follow":"follow","max-snippet":"max-snippet:-1","max-image-preview":"max-image-preview:large","max-video-preview":"max-video-preview:-1"},"canonical":"https:\/\/institucional.ufrrj.br\/amtdr\/","og_locale":"pt_BR","og_type":"article","og_title":"Home - Consulta P\u00fablica","og_description":"Consulta p\u00fablica sobre o regulamento da gradua\u00e7\u00e3o Convidamos a todos os membros da comunidade universit\u00e1ria a participarem da presente audi\u00eancia ... leia mais","og_url":"https:\/\/institucional.ufrrj.br\/amtdr\/","og_site_name":"Consulta P\u00fablica","article_modified_time":"2022-06-20T13:49:46+00:00","twitter_card":"summary_large_image","twitter_misc":{"Est. tempo de leitura":"1 minuto"},"schema":{"@context":"https:\/\/schema.org","@graph":[{"@type":"WebPage","@id":"https:\/\/institucional.ufrrj.br\/amtdr\/","url":"https:\/\/institucional.ufrrj.br\/amtdr\/","name":"Home - Consulta P\u00fablica","isPartOf":{"@id":"https:\/\/institucional.ufrrj.br\/amtdr\/#website"},"datePublished":"2020-05-04T16:53:54+00:00","dateModified":"2022-06-20T13:49:46+00:00","breadcrumb":{"@id":"https:\/\/institucional.ufrrj.br\/amtdr\/#breadcrumb"},"inLanguage":"pt-BR","potentialAction":[{"@type":"ReadAction","target":["https:\/\/institucional.ufrrj.br\/amtdr\/"]}]},{"@type":"BreadcrumbList","@id":"https:\/\/institucional.ufrrj.br\/amtdr\/#breadcrumb","itemListElement":[{"@type":"ListItem","position":1,"name":"In\u00edcio","item":"https:\/\/institucional.ufrrj.br\/amtdr\/"},{"@type":"ListItem","position":2,"name":"Home"}]},{"@type":"WebSite","@id":"https:\/\/institucional.ufrrj.br\/amtdr\/#website","url":"https:\/\/institucional.ufrrj.br\/amtdr\/","name":"Consulta P\u00fablica","description":"","publisher":{"@id":"https:\/\/institucional.ufrrj.br\/amtdr\/#organization"},"potentialAction":[{"@type":"SearchAction","target":{"@type":"EntryPoint","urlTemplate":"https:\/\/institucional.ufrrj.br\/amtdr\/?s={search_term_string}"},"query-input":{"@type":"PropertyValueSpecification","valueRequired":true,"valueName":"search_term_string"}}],"inLanguage":"pt-BR"},{"@type":"Organization","@id":"https:\/\/institucional.ufrrj.br\/amtdr\/#organization","name":"Gradua\u00e7\u00e3o - UFRRJ","url":"https:\/\/institucional.ufrrj.br\/amtdr\/","logo":{"@type":"ImageObject","inLanguage":"pt-BR","@id":"https:\/\/institucional.ufrrj.br\/amtdr\/#\/schema\/logo\/image\/","url":"https:\/\/institucional.ufrrj.br\/amtdr\/files\/2022\/06\/audi2-1.png","contentUrl":"https:\/\/institucional.ufrrj.br\/amtdr\/files\/2022\/06\/audi2-1.png","width":310,"height":144,"caption":"Gradua\u00e7\u00e3o - UFRRJ"},"image":{"@id":"https:\/\/institucional.ufrrj.br\/amtdr\/#\/schema\/logo\/image\/"}}]}},"_links":{"self":[{"href":"https:\/\/institucional.ufrrj.br\/amtdr\/wp-json\/wp\/v2\/pages\/34","targetHints":{"allow":["GET"]}}],"collection":[{"href":"https:\/\/institucional.ufrrj.br\/amtdr\/wp-json\/wp\/v2\/pages"}],"about":[{"href":"https:\/\/institucional.ufrrj.br\/amtdr\/wp-json\/wp\/v2\/types\/page"}],"author":[{"embeddable":true,"href":"https:\/\/institucional.ufrrj.br\/amtdr\/wp-json\/wp\/v2\/users\/634"}],"replies":[{"embeddable":true,"href":"https:\/\/institucional.ufrrj.br\/amtdr\/wp-json\/wp\/v2\/comments?post=34"}],"version-history":[{"count":34,"href":"https:\/\/institucional.ufrrj.br\/amtdr\/wp-json\/wp\/v2\/pages\/34\/revisions"}],"predecessor-version":[{"id":175,"href":"https:\/\/institucional.ufrrj.br\/amtdr\/wp-json\/wp\/v2\/pages\/34\/revisions\/175"}],"wp:attachment":[{"href":"https:\/\/institucional.ufrrj.br\/amtdr\/wp-json\/wp\/v2\/media?parent=34"}],"curies":[{"name":"wp","href":"https:\/\/api.w.org\/{rel}","templated":true}]}}