{"id":5,"date":"2019-08-05T17:00:29","date_gmt":"2019-08-05T20:00:29","guid":{"rendered":"http:\/\/institucional.ufrrj.br\/ajudasig\/?page_id=5"},"modified":"2022-04-26T15:30:49","modified_gmt":"2022-04-26T18:30:49","slug":"home","status":"publish","type":"page","link":"https:\/\/institucional.ufrrj.br\/ajudasig\/","title":{"rendered":"Bem-vindo ao site da Equipe Ajuda SIG &#8211; COTIC"},"content":{"rendered":"<p>&nbsp;<\/p>\n<div id=\"su_carousel_6a05d20f2c79c\" class=\"su-carousel su-carousel-centered su-carousel-pages-no su-carousel-responsive-yes\" style=\"width:100%\" data-autoplay=\"5000\" data-speed=\"600\" data-mousewheel=\"true\" data-items=\"1\" data-scroll=\"1\"><div class=\"su-carousel-slides\"><div class=\"su-carousel-slide\"><a href=\"http:\/\/institucional.ufrrj.br\/ajudasig\/interface\/\" title=\"Interface Ajuda SIG: A maneira mais f\u00e1cil de voc\u00ea reportar erros ou d\u00favidas sobre o sistema SIG.\"><img decoding=\"async\" src=\"https:\/\/institucional.ufrrj.br\/ajudasig\/files\/2020\/07\/interface-ajudasig-782x400.jpg\" alt=\"Interface Ajuda SIG: A maneira mais f\u00e1cil de voc\u00ea reportar erros ou d\u00favidas sobre o sistema SIG.\" \/><span class=\"su-carousel-slide-title\">Interface Ajuda SIG: A maneira mais f\u00e1cil de voc\u00ea reportar erros ou d\u00favidas sobre o sistema SIG.<\/span><\/a><\/div><div class=\"su-carousel-slide\"><a href=\"https:\/\/institucional.ufrrj.br\/ajudasig\/2021\/05\/26\/solicitando-permissoes-no-sig\/\" title=\"Oriente-se sobre como solicitar libera\u00e7\u00e3o de permiss\u00f5es nos sistemas SIG.\"><img decoding=\"async\" src=\"https:\/\/institucional.ufrrj.br\/ajudasig\/files\/2020\/07\/requsicao-ajudasig-782x400.jpg\" alt=\"Oriente-se sobre como solicitar libera\u00e7\u00e3o de permiss\u00f5es nos sistemas SIG.\" \/><span class=\"su-carousel-slide-title\">Oriente-se sobre como solicitar libera\u00e7\u00e3o de permiss\u00f5es nos sistemas SIG.<\/span><\/a><\/div><div class=\"su-carousel-slide\"><a href=\"https:\/\/institucional.ufrrj.br\/ajudasig\/solicitacao-de-cadastro-de-terceirizado\/\" title=\"Solicita\u00e7\u00e3o de cadastro de terceirizados no sistema SIG\"><img decoding=\"async\" src=\"https:\/\/institucional.ufrrj.br\/ajudasig\/files\/2022\/04\/teamwork-e1650998119489.jpg\" alt=\"Solicita\u00e7\u00e3o de cadastro de terceirizados no sistema SIG\" \/><span class=\"su-carousel-slide-title\">Solicita\u00e7\u00e3o de cadastro de terceirizados no sistema SIG<\/span><\/a><\/div><\/div><div class=\"su-carousel-nav\"><div class=\"su-carousel-direction\"><span class=\"su-carousel-prev\"><\/span><span class=\"su-carousel-next\"><\/span><\/div><div class=\"su-carousel-pagination\"><\/div><\/div><\/div>\n<p>&nbsp;<\/p>\n<p style=\"text-align: right;font-size: 50%\">\n","protected":false},"excerpt":{"rendered":"<p>&nbsp; &nbsp;<\/p>\n","protected":false},"author":634,"featured_media":0,"parent":0,"menu_order":0,"comment_status":"closed","ping_status":"closed","template":"","meta":{"_exactmetrics_skip_tracking":false,"_exactmetrics_sitenote_active":false,"_exactmetrics_sitenote_note":"","_exactmetrics_sitenote_category":0,"footnotes":""},"class_list":["post-5","page","type-page","status-publish","hentry"],"yoast_head":"<!-- This site is optimized with the Yoast SEO plugin v27.2 - https:\/\/yoast.com\/product\/yoast-seo-wordpress\/ -->\n<title>Bem-vindo ao site da Equipe Ajuda SIG - COTIC - AJUDA SIG - COTIC<\/title>\n<meta name=\"robots\" content=\"index, follow, max-snippet:-1, max-image-preview:large, max-video-preview:-1\" \/>\n<link rel=\"canonical\" href=\"https:\/\/institucional.ufrrj.br\/ajudasig\/\" \/>\n<meta property=\"og:locale\" content=\"pt_BR\" \/>\n<meta property=\"og:type\" content=\"article\" \/>\n<meta property=\"og:title\" content=\"Bem-vindo ao site da Equipe Ajuda SIG - COTIC - AJUDA SIG - COTIC\" \/>\n<meta property=\"og:description\" content=\"&nbsp; &nbsp;\" \/>\n<meta property=\"og:url\" content=\"https:\/\/institucional.ufrrj.br\/ajudasig\/\" \/>\n<meta property=\"og:site_name\" content=\"AJUDA SIG - COTIC\" \/>\n<meta property=\"article:modified_time\" content=\"2022-04-26T18:30:49+00:00\" \/>\n<meta name=\"twitter:card\" content=\"summary_large_image\" \/>\n<script type=\"application\/ld+json\" class=\"yoast-schema-graph\">{\"@context\":\"https:\/\/schema.org\",\"@graph\":[{\"@type\":\"WebPage\",\"@id\":\"https:\/\/institucional.ufrrj.br\/ajudasig\/\",\"url\":\"https:\/\/institucional.ufrrj.br\/ajudasig\/\",\"name\":\"Bem-vindo ao site da Equipe Ajuda SIG - COTIC - AJUDA SIG - COTIC\",\"isPartOf\":{\"@id\":\"https:\/\/institucional.ufrrj.br\/ajudasig\/#website\"},\"datePublished\":\"2019-08-05T20:00:29+00:00\",\"dateModified\":\"2022-04-26T18:30:49+00:00\",\"breadcrumb\":{\"@id\":\"https:\/\/institucional.ufrrj.br\/ajudasig\/#breadcrumb\"},\"inLanguage\":\"pt-BR\",\"potentialAction\":[{\"@type\":\"ReadAction\",\"target\":[\"https:\/\/institucional.ufrrj.br\/ajudasig\/\"]}]},{\"@type\":\"BreadcrumbList\",\"@id\":\"https:\/\/institucional.ufrrj.br\/ajudasig\/#breadcrumb\",\"itemListElement\":[{\"@type\":\"ListItem\",\"position\":1,\"name\":\"In\u00edcio\",\"item\":\"https:\/\/institucional.ufrrj.br\/ajudasig\/\"},{\"@type\":\"ListItem\",\"position\":2,\"name\":\"Bem-vindo ao site da Equipe Ajuda SIG &#8211; COTIC\"}]},{\"@type\":\"WebSite\",\"@id\":\"https:\/\/institucional.ufrrj.br\/ajudasig\/#website\",\"url\":\"https:\/\/institucional.ufrrj.br\/ajudasig\/\",\"name\":\"AJUDA SIG - COTIC\",\"description\":\"Equipe Ajuda SIG - COTIC\",\"potentialAction\":[{\"@type\":\"SearchAction\",\"target\":{\"@type\":\"EntryPoint\",\"urlTemplate\":\"https:\/\/institucional.ufrrj.br\/ajudasig\/?s={search_term_string}\"},\"query-input\":{\"@type\":\"PropertyValueSpecification\",\"valueRequired\":true,\"valueName\":\"search_term_string\"}}],\"inLanguage\":\"pt-BR\"}]}<\/script>\n<!-- \/ Yoast SEO plugin. -->","yoast_head_json":{"title":"Bem-vindo ao site da Equipe Ajuda SIG - COTIC - AJUDA SIG - COTIC","robots":{"index":"index","follow":"follow","max-snippet":"max-snippet:-1","max-image-preview":"max-image-preview:large","max-video-preview":"max-video-preview:-1"},"canonical":"https:\/\/institucional.ufrrj.br\/ajudasig\/","og_locale":"pt_BR","og_type":"article","og_title":"Bem-vindo ao site da Equipe Ajuda SIG - COTIC - AJUDA SIG - COTIC","og_description":"&nbsp; &nbsp;","og_url":"https:\/\/institucional.ufrrj.br\/ajudasig\/","og_site_name":"AJUDA SIG - COTIC","article_modified_time":"2022-04-26T18:30:49+00:00","twitter_card":"summary_large_image","schema":{"@context":"https:\/\/schema.org","@graph":[{"@type":"WebPage","@id":"https:\/\/institucional.ufrrj.br\/ajudasig\/","url":"https:\/\/institucional.ufrrj.br\/ajudasig\/","name":"Bem-vindo ao site da Equipe Ajuda SIG - COTIC - AJUDA SIG - COTIC","isPartOf":{"@id":"https:\/\/institucional.ufrrj.br\/ajudasig\/#website"},"datePublished":"2019-08-05T20:00:29+00:00","dateModified":"2022-04-26T18:30:49+00:00","breadcrumb":{"@id":"https:\/\/institucional.ufrrj.br\/ajudasig\/#breadcrumb"},"inLanguage":"pt-BR","potentialAction":[{"@type":"ReadAction","target":["https:\/\/institucional.ufrrj.br\/ajudasig\/"]}]},{"@type":"BreadcrumbList","@id":"https:\/\/institucional.ufrrj.br\/ajudasig\/#breadcrumb","itemListElement":[{"@type":"ListItem","position":1,"name":"In\u00edcio","item":"https:\/\/institucional.ufrrj.br\/ajudasig\/"},{"@type":"ListItem","position":2,"name":"Bem-vindo ao site da Equipe Ajuda SIG &#8211; COTIC"}]},{"@type":"WebSite","@id":"https:\/\/institucional.ufrrj.br\/ajudasig\/#website","url":"https:\/\/institucional.ufrrj.br\/ajudasig\/","name":"AJUDA SIG - COTIC","description":"Equipe Ajuda SIG - COTIC","potentialAction":[{"@type":"SearchAction","target":{"@type":"EntryPoint","urlTemplate":"https:\/\/institucional.ufrrj.br\/ajudasig\/?s={search_term_string}"},"query-input":{"@type":"PropertyValueSpecification","valueRequired":true,"valueName":"search_term_string"}}],"inLanguage":"pt-BR"}]}},"_links":{"self":[{"href":"https:\/\/institucional.ufrrj.br\/ajudasig\/wp-json\/wp\/v2\/pages\/5","targetHints":{"allow":["GET"]}}],"collection":[{"href":"https:\/\/institucional.ufrrj.br\/ajudasig\/wp-json\/wp\/v2\/pages"}],"about":[{"href":"https:\/\/institucional.ufrrj.br\/ajudasig\/wp-json\/wp\/v2\/types\/page"}],"author":[{"embeddable":true,"href":"https:\/\/institucional.ufrrj.br\/ajudasig\/wp-json\/wp\/v2\/users\/634"}],"replies":[{"embeddable":true,"href":"https:\/\/institucional.ufrrj.br\/ajudasig\/wp-json\/wp\/v2\/comments?post=5"}],"version-history":[{"count":50,"href":"https:\/\/institucional.ufrrj.br\/ajudasig\/wp-json\/wp\/v2\/pages\/5\/revisions"}],"predecessor-version":[{"id":3082,"href":"https:\/\/institucional.ufrrj.br\/ajudasig\/wp-json\/wp\/v2\/pages\/5\/revisions\/3082"}],"wp:attachment":[{"href":"https:\/\/institucional.ufrrj.br\/ajudasig\/wp-json\/wp\/v2\/media?parent=5"}],"curies":[{"name":"wp","href":"https:\/\/api.w.org\/{rel}","templated":true}]}}