{"id":352,"date":"2019-11-18T14:31:30","date_gmt":"2019-11-18T17:31:30","guid":{"rendered":"http:\/\/institucional.ufrrj.br\/ajudasig\/?page_id=352"},"modified":"2023-05-31T07:06:09","modified_gmt":"2023-05-31T10:06:09","slug":"equipe","status":"publish","type":"page","link":"https:\/\/institucional.ufrrj.br\/ajudasig\/equipe\/","title":{"rendered":"Equipe &amp; Atribui\u00e7\u00f5es"},"content":{"rendered":"<p>&nbsp;<\/p>\n<p><strong>Atribui\u00e7\u00f5es:<\/strong><\/p>\n<p>&#8211; Administrar e gerenciar conte\u00fado da p\u00e1gina da Equipe Ajuda SIG \u2013 COTIC (<a href=\"https:\/\/institucional.ufrrj.br\/ajudasig\/)\">https:\/\/institucional.ufrrj.br\/ajudasig\/)<\/a>.<\/p>\n<p>&#8211; Gerenciar permiss\u00f5es de acesso \u00e0s funcionalidades dos sistemas SIG por parte dos seus usu\u00e1rios (as permiss\u00f5es ap\u00f3s cadastradas no sistema ser\u00e3o encaminhadas para aprova\u00e7\u00e3o dos administradores do sistema).<\/p>\n<p>&#8211; Recepcionar d\u00favidas e problemas t\u00e9cnicos relativos aos sistemas SIG encaminhados via interface<br \/>\ndesenvolvida para esse fim (dispon\u00edvel em <a href=\"https:\/\/institucional.ufrrj.br\/ajudasig\/\">https:\/\/institucional.ufrrj.br\/ajudasig\/<\/a>) e memorando<br \/>\neletr\u00f4nico e, mediante complexidade dos mesmos, solucion\u00e1-los ou encaminh\u00e1-los para os administradores dos sistemas SIG.<\/p>\n<p>&#8211; Averiguar poss\u00edveis inconsist\u00eancias,dentro do ecossistema SIG, entre o sistema SIGADMIN e os outros sistemas SIG que esteja impedindo ou limitando o acesso de determinado usu\u00e1rio e, mediante o n\u00edvel de complexidade do problema, solucion\u00e1-lo ou encaminhar a demanda aos administradores dos sistemas SIG.<\/p>\n<p>&#8211; Disponibilizar para acesso do p\u00fablico tutoriais e manuais acerca dos sistemas SIG (dispon\u00edveis em<br \/>\n<a href=\"https:\/\/institucional.ufrrj.br\/ajudasig\/\">https:\/\/institucional.ufrrj.br\/ajudasig\/<\/a>).<\/p>\n<p>&nbsp;<\/p>\n<p><strong>Equipe:<\/strong><\/p>\n<p>Carlos Rodrigo Maia e Silva &#8211; Assistente de Tecnologia da Informa\u00e7\u00e3o<\/p>\n<p>&nbsp;<\/p>\n<p>&nbsp;<\/p>\n<p>&nbsp;<\/p>\n<h4><\/h4>\n<p>&nbsp;<\/p>\n<p>&nbsp;<\/p>\n","protected":false},"excerpt":{"rendered":"<p>&nbsp; Atribui\u00e7\u00f5es: &#8211; Administrar e gerenciar conte\u00fado da p\u00e1gina da Equipe Ajuda SIG \u2013 COTIC (https:\/\/institucional.ufrrj.br\/ajudasig\/). &#8211; Gerenciar permiss\u00f5es de <a class=\"read-more\" href=\"https:\/\/institucional.ufrrj.br\/ajudasig\/equipe\/ \" >&#8230; <span class=\"font-italic\">leia mais <i class=\"fas fa-angle-right\"><\/i><\/span><\/a><\/p>\n","protected":false},"author":751,"featured_media":0,"parent":0,"menu_order":0,"comment_status":"closed","ping_status":"closed","template":"","meta":{"_exactmetrics_skip_tracking":false,"_exactmetrics_sitenote_active":false,"_exactmetrics_sitenote_note":"","_exactmetrics_sitenote_category":0,"footnotes":""},"class_list":["post-352","page","type-page","status-publish","hentry"],"yoast_head":"<!-- This site is optimized with the Yoast SEO plugin v27.2 - https:\/\/yoast.com\/product\/yoast-seo-wordpress\/ -->\n<title>Equipe &amp; Atribui\u00e7\u00f5es - AJUDA SIG - COTIC<\/title>\n<meta name=\"robots\" content=\"index, follow, max-snippet:-1, max-image-preview:large, max-video-preview:-1\" \/>\n<link rel=\"canonical\" href=\"https:\/\/institucional.ufrrj.br\/ajudasig\/equipe\/\" \/>\n<meta property=\"og:locale\" content=\"pt_BR\" \/>\n<meta property=\"og:type\" content=\"article\" \/>\n<meta property=\"og:title\" content=\"Equipe &amp; Atribui\u00e7\u00f5es - AJUDA SIG - COTIC\" \/>\n<meta property=\"og:description\" content=\"&nbsp; Atribui\u00e7\u00f5es: &#8211; Administrar e gerenciar conte\u00fado da p\u00e1gina da Equipe Ajuda SIG \u2013 COTIC (https:\/\/institucional.ufrrj.br\/ajudasig\/). &#8211; Gerenciar permiss\u00f5es de ... leia mais\" \/>\n<meta property=\"og:url\" content=\"https:\/\/institucional.ufrrj.br\/ajudasig\/equipe\/\" \/>\n<meta property=\"og:site_name\" content=\"AJUDA SIG - COTIC\" \/>\n<meta property=\"article:modified_time\" content=\"2023-05-31T10:06:09+00:00\" \/>\n<meta name=\"twitter:card\" content=\"summary_large_image\" \/>\n<meta name=\"twitter:label1\" content=\"Est. tempo de leitura\" \/>\n\t<meta name=\"twitter:data1\" content=\"1 minuto\" \/>\n<script type=\"application\/ld+json\" class=\"yoast-schema-graph\">{\"@context\":\"https:\/\/schema.org\",\"@graph\":[{\"@type\":\"WebPage\",\"@id\":\"https:\/\/institucional.ufrrj.br\/ajudasig\/equipe\/\",\"url\":\"https:\/\/institucional.ufrrj.br\/ajudasig\/equipe\/\",\"name\":\"Equipe &amp; Atribui\u00e7\u00f5es - AJUDA SIG - COTIC\",\"isPartOf\":{\"@id\":\"https:\/\/institucional.ufrrj.br\/ajudasig\/#website\"},\"datePublished\":\"2019-11-18T17:31:30+00:00\",\"dateModified\":\"2023-05-31T10:06:09+00:00\",\"breadcrumb\":{\"@id\":\"https:\/\/institucional.ufrrj.br\/ajudasig\/equipe\/#breadcrumb\"},\"inLanguage\":\"pt-BR\",\"potentialAction\":[{\"@type\":\"ReadAction\",\"target\":[\"https:\/\/institucional.ufrrj.br\/ajudasig\/equipe\/\"]}]},{\"@type\":\"BreadcrumbList\",\"@id\":\"https:\/\/institucional.ufrrj.br\/ajudasig\/equipe\/#breadcrumb\",\"itemListElement\":[{\"@type\":\"ListItem\",\"position\":1,\"name\":\"In\u00edcio\",\"item\":\"https:\/\/institucional.ufrrj.br\/ajudasig\/\"},{\"@type\":\"ListItem\",\"position\":2,\"name\":\"Equipe &amp; Atribui\u00e7\u00f5es\"}]},{\"@type\":\"WebSite\",\"@id\":\"https:\/\/institucional.ufrrj.br\/ajudasig\/#website\",\"url\":\"https:\/\/institucional.ufrrj.br\/ajudasig\/\",\"name\":\"AJUDA SIG - COTIC\",\"description\":\"Equipe Ajuda SIG - COTIC\",\"potentialAction\":[{\"@type\":\"SearchAction\",\"target\":{\"@type\":\"EntryPoint\",\"urlTemplate\":\"https:\/\/institucional.ufrrj.br\/ajudasig\/?s={search_term_string}\"},\"query-input\":{\"@type\":\"PropertyValueSpecification\",\"valueRequired\":true,\"valueName\":\"search_term_string\"}}],\"inLanguage\":\"pt-BR\"}]}<\/script>\n<!-- \/ Yoast SEO plugin. -->","yoast_head_json":{"title":"Equipe &amp; Atribui\u00e7\u00f5es - AJUDA SIG - COTIC","robots":{"index":"index","follow":"follow","max-snippet":"max-snippet:-1","max-image-preview":"max-image-preview:large","max-video-preview":"max-video-preview:-1"},"canonical":"https:\/\/institucional.ufrrj.br\/ajudasig\/equipe\/","og_locale":"pt_BR","og_type":"article","og_title":"Equipe &amp; Atribui\u00e7\u00f5es - AJUDA SIG - COTIC","og_description":"&nbsp; Atribui\u00e7\u00f5es: &#8211; Administrar e gerenciar conte\u00fado da p\u00e1gina da Equipe Ajuda SIG \u2013 COTIC (https:\/\/institucional.ufrrj.br\/ajudasig\/). &#8211; Gerenciar permiss\u00f5es de ... leia mais","og_url":"https:\/\/institucional.ufrrj.br\/ajudasig\/equipe\/","og_site_name":"AJUDA SIG - COTIC","article_modified_time":"2023-05-31T10:06:09+00:00","twitter_card":"summary_large_image","twitter_misc":{"Est. tempo de leitura":"1 minuto"},"schema":{"@context":"https:\/\/schema.org","@graph":[{"@type":"WebPage","@id":"https:\/\/institucional.ufrrj.br\/ajudasig\/equipe\/","url":"https:\/\/institucional.ufrrj.br\/ajudasig\/equipe\/","name":"Equipe &amp; Atribui\u00e7\u00f5es - AJUDA SIG - COTIC","isPartOf":{"@id":"https:\/\/institucional.ufrrj.br\/ajudasig\/#website"},"datePublished":"2019-11-18T17:31:30+00:00","dateModified":"2023-05-31T10:06:09+00:00","breadcrumb":{"@id":"https:\/\/institucional.ufrrj.br\/ajudasig\/equipe\/#breadcrumb"},"inLanguage":"pt-BR","potentialAction":[{"@type":"ReadAction","target":["https:\/\/institucional.ufrrj.br\/ajudasig\/equipe\/"]}]},{"@type":"BreadcrumbList","@id":"https:\/\/institucional.ufrrj.br\/ajudasig\/equipe\/#breadcrumb","itemListElement":[{"@type":"ListItem","position":1,"name":"In\u00edcio","item":"https:\/\/institucional.ufrrj.br\/ajudasig\/"},{"@type":"ListItem","position":2,"name":"Equipe &amp; Atribui\u00e7\u00f5es"}]},{"@type":"WebSite","@id":"https:\/\/institucional.ufrrj.br\/ajudasig\/#website","url":"https:\/\/institucional.ufrrj.br\/ajudasig\/","name":"AJUDA SIG - COTIC","description":"Equipe Ajuda SIG - COTIC","potentialAction":[{"@type":"SearchAction","target":{"@type":"EntryPoint","urlTemplate":"https:\/\/institucional.ufrrj.br\/ajudasig\/?s={search_term_string}"},"query-input":{"@type":"PropertyValueSpecification","valueRequired":true,"valueName":"search_term_string"}}],"inLanguage":"pt-BR"}]}},"_links":{"self":[{"href":"https:\/\/institucional.ufrrj.br\/ajudasig\/wp-json\/wp\/v2\/pages\/352","targetHints":{"allow":["GET"]}}],"collection":[{"href":"https:\/\/institucional.ufrrj.br\/ajudasig\/wp-json\/wp\/v2\/pages"}],"about":[{"href":"https:\/\/institucional.ufrrj.br\/ajudasig\/wp-json\/wp\/v2\/types\/page"}],"author":[{"embeddable":true,"href":"https:\/\/institucional.ufrrj.br\/ajudasig\/wp-json\/wp\/v2\/users\/751"}],"replies":[{"embeddable":true,"href":"https:\/\/institucional.ufrrj.br\/ajudasig\/wp-json\/wp\/v2\/comments?post=352"}],"version-history":[{"count":34,"href":"https:\/\/institucional.ufrrj.br\/ajudasig\/wp-json\/wp\/v2\/pages\/352\/revisions"}],"predecessor-version":[{"id":4120,"href":"https:\/\/institucional.ufrrj.br\/ajudasig\/wp-json\/wp\/v2\/pages\/352\/revisions\/4120"}],"wp:attachment":[{"href":"https:\/\/institucional.ufrrj.br\/ajudasig\/wp-json\/wp\/v2\/media?parent=352"}],"curies":[{"name":"wp","href":"https:\/\/api.w.org\/{rel}","templated":true}]}}