{"id":3076,"date":"2022-04-26T15:24:08","date_gmt":"2022-04-26T18:24:08","guid":{"rendered":"http:\/\/institucional.ufrrj.br\/ajudasig\/?page_id=3076"},"modified":"2024-07-09T12:23:20","modified_gmt":"2024-07-09T15:23:20","slug":"solicitacao-de-cadastro-de-terceirizado","status":"publish","type":"page","link":"https:\/\/institucional.ufrrj.br\/ajudasig\/solicitacao-de-cadastro-de-terceirizado\/","title":{"rendered":"Solicita\u00e7\u00e3o de cadastro de terceirizado"},"content":{"rendered":"<p><strong>Obs1: Antes de enviar o memorando certifique-se de que o terceirizado consta na lista oficial de terceirizados da Universidade enviada pelo setor de Departamento de Gest\u00e3o de Contratos e Conv\u00eanios (DGCC) \u00e0 COTIC. Caso tenha d\u00favidas sobre se o terceirizado consta ou n\u00e3o na lista, entre em contato com o referido setor (DGCC) para confirma\u00e7\u00e3o antes de solicitar o cadastro no sistema SIG. N\u00e3o ser\u00e3o cadastrados terceirizados cujo nome n\u00e3o conste na lista enviada pelo DGCC.<\/strong><\/p>\n<p><strong>Obs2: As instru\u00e7\u00f5es aqui passadas s\u00e3o somente para o cadastro do terceirizado no sistema SIG, para saber instru\u00e7\u00f5es sobre como solicitar quais permiss\u00f5es (a\u00e7\u00f5es) o colaborador poder\u00e1 realizar no sistema,<a href=\"https:\/\/institucional.ufrrj.br\/ajudasig\/2021\/05\/26\/solicitando-permissoes-no-sig\/\" target=\"_blank\" rel=\"noopener noreferrer\"> clique aqui.<\/a><\/strong><\/p>\n<p><span style=\"color: #ff0000\">ATEN\u00c7\u00c3O!<\/span><\/p>\n<p><span style=\"color: #ff0000\">Atualmente para usu\u00e1rios n\u00e3o-servidores o SIPAC est\u00e1 configurado para somente permitir o acesso ao mesmo caso o usu\u00e1rio possua ao menos uma permiss\u00e3o cadastrada.<\/span><\/p>\n<p><span style=\"color: #ff0000\">Orientamos que sejam informadas junto com a solicita\u00e7\u00e3o de cadastro as permiss\u00f5es b\u00e1sicas para o acesso do usu\u00e1rio ao SIPAC. Como sugest\u00e3o, indicamos as permiss\u00f5es abaixo:<\/span><\/p>\n<p><span style=\"color: #ff0000\">ENVIAR PROTOCOLO &#8211; Habilita o usu\u00e1rio a realizar o envio de processos protocolados ou documentos<\/span><br \/>\n<span style=\"color: #ff0000\">RECEBER PROTOCOLO &#8211; Habilita o usu\u00e1rio a realizar o recebimento de processos protocolados ou documento.<\/span><br \/>\n<span style=\"color: #ff0000\">CADASTRAR DOCUMENTO &#8211; Habilita o usu\u00e1rio a realizar o cadastro de documentos no m\u00f3dulo de protocolo.<\/span><\/p>\n<p>=======================================================================<\/p>\n<p>Para solicitar o cadastro do terceirizado no sistema SIG, envie um memorando para a COTIC no seguinte formato:<\/p>\n<p>&#8221;<\/p>\n<p>Solicito o cadastro do colaborador terceirizado no sistema SIG, conforme os dados informados abaixo:<\/p>\n<p><strong>Nome:<\/strong> nome completo do colaborador terceirizado.<\/p>\n<p><strong>CPF:<\/strong> CPF do colaborador<\/p>\n<p><strong>Sexo:<\/strong> sexo do colaborador<\/p>\n<p><strong>Data de Nascimento:<\/strong> Data de nascimento do colaborador no formato DD\/MM\/AAAA<\/p>\n<p><strong>Endere\u00e7o de e-mail institucional:<\/strong> <span style=\"color: #ff0000\">ATEN\u00c7\u00c3O! Ser\u00e1 para esse endere\u00e7o que ser\u00e3o enviados as credenciais de acesso do colaborador. Informe apenas um endere\u00e7o que somente o pr\u00f3prio colaborador tenha acesso.\u00b9<\/span><\/p>\n<p><strong>Unidade de exerc\u00edcio:<\/strong> O nome da unidade onde o colaborador estar\u00e1 em exerc\u00edcio, por extenso.<\/p>\n<p>&#8221;<\/p>\n<p>\u00b9Caso o requerente n\u00e3o possua ainda endere\u00e7o de e-mail institucional, entrar em contato com a Equipe Help-Desk da COTIC para viabilizar a cria\u00e7\u00e3o do mesmo.<\/p>\n<p>Ser\u00e3o enviados para o endere\u00e7o de e-mail informado do colaborador os seguintes dados:<\/p>\n<p><strong>usu\u00e1rio de acesso SIG<\/strong><\/p>\n<p><strong>senha de acesso SIG<\/strong><\/p>\n<p>&nbsp;<\/p>\n","protected":false},"excerpt":{"rendered":"<p>Obs1: Antes de enviar o memorando certifique-se de que o terceirizado consta na lista oficial de terceirizados da Universidade enviada <a class=\"read-more\" href=\"https:\/\/institucional.ufrrj.br\/ajudasig\/solicitacao-de-cadastro-de-terceirizado\/ \" >&#8230; <span class=\"font-italic\">leia mais <i class=\"fas fa-angle-right\"><\/i><\/span><\/a><\/p>\n","protected":false},"author":751,"featured_media":0,"parent":0,"menu_order":0,"comment_status":"closed","ping_status":"closed","template":"","meta":{"_exactmetrics_skip_tracking":false,"_exactmetrics_sitenote_active":false,"_exactmetrics_sitenote_note":"","_exactmetrics_sitenote_category":0,"footnotes":""},"class_list":["post-3076","page","type-page","status-publish","hentry"],"yoast_head":"<!-- This site is optimized with the Yoast SEO plugin v27.2 - https:\/\/yoast.com\/product\/yoast-seo-wordpress\/ -->\n<title>Solicita\u00e7\u00e3o de cadastro de terceirizado - AJUDA SIG - COTIC<\/title>\n<meta name=\"robots\" content=\"index, follow, max-snippet:-1, max-image-preview:large, max-video-preview:-1\" \/>\n<link rel=\"canonical\" href=\"https:\/\/institucional.ufrrj.br\/ajudasig\/solicitacao-de-cadastro-de-terceirizado\/\" \/>\n<meta property=\"og:locale\" content=\"pt_BR\" \/>\n<meta property=\"og:type\" content=\"article\" \/>\n<meta property=\"og:title\" content=\"Solicita\u00e7\u00e3o de cadastro de terceirizado - AJUDA SIG - COTIC\" \/>\n<meta property=\"og:description\" content=\"Obs1: Antes de enviar o memorando certifique-se de que o terceirizado consta na lista oficial de terceirizados da Universidade enviada ... leia mais\" \/>\n<meta property=\"og:url\" content=\"https:\/\/institucional.ufrrj.br\/ajudasig\/solicitacao-de-cadastro-de-terceirizado\/\" \/>\n<meta property=\"og:site_name\" content=\"AJUDA SIG - COTIC\" \/>\n<meta property=\"article:modified_time\" content=\"2024-07-09T15:23:20+00:00\" \/>\n<meta name=\"twitter:card\" content=\"summary_large_image\" \/>\n<meta name=\"twitter:label1\" content=\"Est. tempo de leitura\" \/>\n\t<meta name=\"twitter:data1\" content=\"2 minutos\" \/>\n<script type=\"application\/ld+json\" class=\"yoast-schema-graph\">{\"@context\":\"https:\/\/schema.org\",\"@graph\":[{\"@type\":\"WebPage\",\"@id\":\"https:\/\/institucional.ufrrj.br\/ajudasig\/solicitacao-de-cadastro-de-terceirizado\/\",\"url\":\"https:\/\/institucional.ufrrj.br\/ajudasig\/solicitacao-de-cadastro-de-terceirizado\/\",\"name\":\"Solicita\u00e7\u00e3o de cadastro de terceirizado - AJUDA SIG - COTIC\",\"isPartOf\":{\"@id\":\"https:\/\/institucional.ufrrj.br\/ajudasig\/#website\"},\"datePublished\":\"2022-04-26T18:24:08+00:00\",\"dateModified\":\"2024-07-09T15:23:20+00:00\",\"breadcrumb\":{\"@id\":\"https:\/\/institucional.ufrrj.br\/ajudasig\/solicitacao-de-cadastro-de-terceirizado\/#breadcrumb\"},\"inLanguage\":\"pt-BR\",\"potentialAction\":[{\"@type\":\"ReadAction\",\"target\":[\"https:\/\/institucional.ufrrj.br\/ajudasig\/solicitacao-de-cadastro-de-terceirizado\/\"]}]},{\"@type\":\"BreadcrumbList\",\"@id\":\"https:\/\/institucional.ufrrj.br\/ajudasig\/solicitacao-de-cadastro-de-terceirizado\/#breadcrumb\",\"itemListElement\":[{\"@type\":\"ListItem\",\"position\":1,\"name\":\"In\u00edcio\",\"item\":\"https:\/\/institucional.ufrrj.br\/ajudasig\/\"},{\"@type\":\"ListItem\",\"position\":2,\"name\":\"Solicita\u00e7\u00e3o de cadastro de terceirizado\"}]},{\"@type\":\"WebSite\",\"@id\":\"https:\/\/institucional.ufrrj.br\/ajudasig\/#website\",\"url\":\"https:\/\/institucional.ufrrj.br\/ajudasig\/\",\"name\":\"AJUDA SIG - COTIC\",\"description\":\"Equipe Ajuda SIG - COTIC\",\"potentialAction\":[{\"@type\":\"SearchAction\",\"target\":{\"@type\":\"EntryPoint\",\"urlTemplate\":\"https:\/\/institucional.ufrrj.br\/ajudasig\/?s={search_term_string}\"},\"query-input\":{\"@type\":\"PropertyValueSpecification\",\"valueRequired\":true,\"valueName\":\"search_term_string\"}}],\"inLanguage\":\"pt-BR\"}]}<\/script>\n<!-- \/ Yoast SEO plugin. -->","yoast_head_json":{"title":"Solicita\u00e7\u00e3o de cadastro de terceirizado - AJUDA SIG - COTIC","robots":{"index":"index","follow":"follow","max-snippet":"max-snippet:-1","max-image-preview":"max-image-preview:large","max-video-preview":"max-video-preview:-1"},"canonical":"https:\/\/institucional.ufrrj.br\/ajudasig\/solicitacao-de-cadastro-de-terceirizado\/","og_locale":"pt_BR","og_type":"article","og_title":"Solicita\u00e7\u00e3o de cadastro de terceirizado - AJUDA SIG - COTIC","og_description":"Obs1: Antes de enviar o memorando certifique-se de que o terceirizado consta na lista oficial de terceirizados da Universidade enviada ... leia mais","og_url":"https:\/\/institucional.ufrrj.br\/ajudasig\/solicitacao-de-cadastro-de-terceirizado\/","og_site_name":"AJUDA SIG - COTIC","article_modified_time":"2024-07-09T15:23:20+00:00","twitter_card":"summary_large_image","twitter_misc":{"Est. tempo de leitura":"2 minutos"},"schema":{"@context":"https:\/\/schema.org","@graph":[{"@type":"WebPage","@id":"https:\/\/institucional.ufrrj.br\/ajudasig\/solicitacao-de-cadastro-de-terceirizado\/","url":"https:\/\/institucional.ufrrj.br\/ajudasig\/solicitacao-de-cadastro-de-terceirizado\/","name":"Solicita\u00e7\u00e3o de cadastro de terceirizado - AJUDA SIG - COTIC","isPartOf":{"@id":"https:\/\/institucional.ufrrj.br\/ajudasig\/#website"},"datePublished":"2022-04-26T18:24:08+00:00","dateModified":"2024-07-09T15:23:20+00:00","breadcrumb":{"@id":"https:\/\/institucional.ufrrj.br\/ajudasig\/solicitacao-de-cadastro-de-terceirizado\/#breadcrumb"},"inLanguage":"pt-BR","potentialAction":[{"@type":"ReadAction","target":["https:\/\/institucional.ufrrj.br\/ajudasig\/solicitacao-de-cadastro-de-terceirizado\/"]}]},{"@type":"BreadcrumbList","@id":"https:\/\/institucional.ufrrj.br\/ajudasig\/solicitacao-de-cadastro-de-terceirizado\/#breadcrumb","itemListElement":[{"@type":"ListItem","position":1,"name":"In\u00edcio","item":"https:\/\/institucional.ufrrj.br\/ajudasig\/"},{"@type":"ListItem","position":2,"name":"Solicita\u00e7\u00e3o de cadastro de terceirizado"}]},{"@type":"WebSite","@id":"https:\/\/institucional.ufrrj.br\/ajudasig\/#website","url":"https:\/\/institucional.ufrrj.br\/ajudasig\/","name":"AJUDA SIG - COTIC","description":"Equipe Ajuda SIG - COTIC","potentialAction":[{"@type":"SearchAction","target":{"@type":"EntryPoint","urlTemplate":"https:\/\/institucional.ufrrj.br\/ajudasig\/?s={search_term_string}"},"query-input":{"@type":"PropertyValueSpecification","valueRequired":true,"valueName":"search_term_string"}}],"inLanguage":"pt-BR"}]}},"_links":{"self":[{"href":"https:\/\/institucional.ufrrj.br\/ajudasig\/wp-json\/wp\/v2\/pages\/3076","targetHints":{"allow":["GET"]}}],"collection":[{"href":"https:\/\/institucional.ufrrj.br\/ajudasig\/wp-json\/wp\/v2\/pages"}],"about":[{"href":"https:\/\/institucional.ufrrj.br\/ajudasig\/wp-json\/wp\/v2\/types\/page"}],"author":[{"embeddable":true,"href":"https:\/\/institucional.ufrrj.br\/ajudasig\/wp-json\/wp\/v2\/users\/751"}],"replies":[{"embeddable":true,"href":"https:\/\/institucional.ufrrj.br\/ajudasig\/wp-json\/wp\/v2\/comments?post=3076"}],"version-history":[{"count":10,"href":"https:\/\/institucional.ufrrj.br\/ajudasig\/wp-json\/wp\/v2\/pages\/3076\/revisions"}],"predecessor-version":[{"id":5184,"href":"https:\/\/institucional.ufrrj.br\/ajudasig\/wp-json\/wp\/v2\/pages\/3076\/revisions\/5184"}],"wp:attachment":[{"href":"https:\/\/institucional.ufrrj.br\/ajudasig\/wp-json\/wp\/v2\/media?parent=3076"}],"curies":[{"name":"wp","href":"https:\/\/api.w.org\/{rel}","templated":true}]}}