{"id":2737,"date":"2021-03-31T15:15:56","date_gmt":"2021-03-31T18:15:56","guid":{"rendered":"http:\/\/institucional.ufrrj.br\/ajudasig\/?page_id=2737"},"modified":"2025-08-06T12:00:32","modified_gmt":"2025-08-06T15:00:32","slug":"lista-de-permissoes-sig","status":"publish","type":"page","link":"https:\/\/institucional.ufrrj.br\/ajudasig\/lista-de-permissoes-sig\/","title":{"rendered":"Lista de Permiss\u00f5es dos sistemas SIG"},"content":{"rendered":"<p>As permiss\u00f5es est\u00e3o organizadas pelos sistemas SIG e seus respectivos m\u00f3dulos.<\/p>\n<p>Identifique nos links abaixo o nome do m\u00f3dulo que deseja e dentro deste(s) quais permiss\u00f5es deseja ter acesso.<\/p>\n<p><span style=\"color: #ff0000\">Obs: Ao acessar a planilha de cada sistema, utilize as op\u00e7\u00f5es de filtro existentes para pesquisar os m\u00f3dulos e permiss\u00f5es em espec\u00edfico.<\/span><\/p>\n<p><a href=\"https:\/\/docs.google.com\/spreadsheets\/d\/1uIN0ALQ1OupEu0-fG10zgvMGkNTGsS-ZwW4FJWMM-TE\/edit?usp=sharing\" target=\"_blank\" rel=\"noopener\">SIGAA<\/a><\/p>\n<p><a href=\"https:\/\/docs.google.com\/spreadsheets\/d\/1_AlwyfLz3E6wkanPtMLdt_KBRCn01zx06yIQulsROOc\/edit?usp=sharing\" target=\"_blank\" rel=\"noopener\">SIGRH<\/a><\/p>\n<p><a href=\"https:\/\/docs.google.com\/spreadsheets\/d\/1MRuxBu4i5ED2NlKrWVzYDTRN5ubQUTj9E8YV7DYGzS4\/edit?usp=sharing\" target=\"_blank\" rel=\"noopener\">SIPAC<\/a><\/p>\n<p><a href=\"https:\/\/docs.google.com\/spreadsheets\/d\/1dZw4TT9r6DqclAAn86LIrvYnz_SctMYTmmB5zHxdpUA\/edit?usp=sharing\" target=\"_blank\" rel=\"noopener\">SIGElei\u00e7\u00e3o<\/a><\/p>\n<p>&nbsp;<\/p>\n<p>&nbsp;<\/p>\n<h3 style=\"text-align: center\"><\/h3>\n<p>&nbsp;<\/p>\n<p>&nbsp;<\/p>\n<p>&nbsp;<\/p>\n<p>&nbsp;<\/p>\n<p>&nbsp;<\/p>\n<p>&nbsp;<\/p>\n<p>&nbsp;<\/p>\n<p>&nbsp;<\/p>\n<p>&nbsp;<\/p>\n","protected":false},"excerpt":{"rendered":"<p>As permiss\u00f5es est\u00e3o organizadas pelos sistemas SIG e seus respectivos m\u00f3dulos. Identifique nos links abaixo o nome do m\u00f3dulo que <a class=\"read-more\" href=\"https:\/\/institucional.ufrrj.br\/ajudasig\/lista-de-permissoes-sig\/ \" >&#8230; <span class=\"font-italic\">leia mais <i class=\"fas fa-angle-right\"><\/i><\/span><\/a><\/p>\n","protected":false},"author":751,"featured_media":0,"parent":0,"menu_order":0,"comment_status":"closed","ping_status":"closed","template":"","meta":{"_exactmetrics_skip_tracking":false,"_exactmetrics_sitenote_active":false,"_exactmetrics_sitenote_note":"","_exactmetrics_sitenote_category":0,"footnotes":""},"class_list":["post-2737","page","type-page","status-publish","hentry"],"yoast_head":"<!-- This site is optimized with the Yoast SEO plugin v27.2 - https:\/\/yoast.com\/product\/yoast-seo-wordpress\/ -->\n<title>Lista de Permiss\u00f5es dos sistemas SIG - AJUDA SIG - COTIC<\/title>\n<meta name=\"robots\" content=\"index, follow, max-snippet:-1, max-image-preview:large, max-video-preview:-1\" \/>\n<link rel=\"canonical\" href=\"https:\/\/institucional.ufrrj.br\/ajudasig\/lista-de-permissoes-sig\/\" \/>\n<meta property=\"og:locale\" content=\"pt_BR\" \/>\n<meta property=\"og:type\" content=\"article\" \/>\n<meta property=\"og:title\" content=\"Lista de Permiss\u00f5es dos sistemas SIG - AJUDA SIG - COTIC\" \/>\n<meta property=\"og:description\" content=\"As permiss\u00f5es est\u00e3o organizadas pelos sistemas SIG e seus respectivos m\u00f3dulos. Identifique nos links abaixo o nome do m\u00f3dulo que ... leia mais\" \/>\n<meta property=\"og:url\" content=\"https:\/\/institucional.ufrrj.br\/ajudasig\/lista-de-permissoes-sig\/\" \/>\n<meta property=\"og:site_name\" content=\"AJUDA SIG - COTIC\" \/>\n<meta property=\"article:modified_time\" content=\"2025-08-06T15:00:32+00:00\" \/>\n<meta name=\"twitter:card\" content=\"summary_large_image\" \/>\n<script type=\"application\/ld+json\" class=\"yoast-schema-graph\">{\"@context\":\"https:\/\/schema.org\",\"@graph\":[{\"@type\":\"WebPage\",\"@id\":\"https:\/\/institucional.ufrrj.br\/ajudasig\/lista-de-permissoes-sig\/\",\"url\":\"https:\/\/institucional.ufrrj.br\/ajudasig\/lista-de-permissoes-sig\/\",\"name\":\"Lista de Permiss\u00f5es dos sistemas SIG - AJUDA SIG - COTIC\",\"isPartOf\":{\"@id\":\"https:\/\/institucional.ufrrj.br\/ajudasig\/#website\"},\"datePublished\":\"2021-03-31T18:15:56+00:00\",\"dateModified\":\"2025-08-06T15:00:32+00:00\",\"breadcrumb\":{\"@id\":\"https:\/\/institucional.ufrrj.br\/ajudasig\/lista-de-permissoes-sig\/#breadcrumb\"},\"inLanguage\":\"pt-BR\",\"potentialAction\":[{\"@type\":\"ReadAction\",\"target\":[\"https:\/\/institucional.ufrrj.br\/ajudasig\/lista-de-permissoes-sig\/\"]}]},{\"@type\":\"BreadcrumbList\",\"@id\":\"https:\/\/institucional.ufrrj.br\/ajudasig\/lista-de-permissoes-sig\/#breadcrumb\",\"itemListElement\":[{\"@type\":\"ListItem\",\"position\":1,\"name\":\"In\u00edcio\",\"item\":\"https:\/\/institucional.ufrrj.br\/ajudasig\/\"},{\"@type\":\"ListItem\",\"position\":2,\"name\":\"Lista de Permiss\u00f5es dos sistemas SIG\"}]},{\"@type\":\"WebSite\",\"@id\":\"https:\/\/institucional.ufrrj.br\/ajudasig\/#website\",\"url\":\"https:\/\/institucional.ufrrj.br\/ajudasig\/\",\"name\":\"AJUDA SIG - COTIC\",\"description\":\"Equipe Ajuda SIG - COTIC\",\"potentialAction\":[{\"@type\":\"SearchAction\",\"target\":{\"@type\":\"EntryPoint\",\"urlTemplate\":\"https:\/\/institucional.ufrrj.br\/ajudasig\/?s={search_term_string}\"},\"query-input\":{\"@type\":\"PropertyValueSpecification\",\"valueRequired\":true,\"valueName\":\"search_term_string\"}}],\"inLanguage\":\"pt-BR\"}]}<\/script>\n<!-- \/ Yoast SEO plugin. -->","yoast_head_json":{"title":"Lista de Permiss\u00f5es dos sistemas SIG - AJUDA SIG - COTIC","robots":{"index":"index","follow":"follow","max-snippet":"max-snippet:-1","max-image-preview":"max-image-preview:large","max-video-preview":"max-video-preview:-1"},"canonical":"https:\/\/institucional.ufrrj.br\/ajudasig\/lista-de-permissoes-sig\/","og_locale":"pt_BR","og_type":"article","og_title":"Lista de Permiss\u00f5es dos sistemas SIG - AJUDA SIG - COTIC","og_description":"As permiss\u00f5es est\u00e3o organizadas pelos sistemas SIG e seus respectivos m\u00f3dulos. Identifique nos links abaixo o nome do m\u00f3dulo que ... leia mais","og_url":"https:\/\/institucional.ufrrj.br\/ajudasig\/lista-de-permissoes-sig\/","og_site_name":"AJUDA SIG - COTIC","article_modified_time":"2025-08-06T15:00:32+00:00","twitter_card":"summary_large_image","schema":{"@context":"https:\/\/schema.org","@graph":[{"@type":"WebPage","@id":"https:\/\/institucional.ufrrj.br\/ajudasig\/lista-de-permissoes-sig\/","url":"https:\/\/institucional.ufrrj.br\/ajudasig\/lista-de-permissoes-sig\/","name":"Lista de Permiss\u00f5es dos sistemas SIG - AJUDA SIG - COTIC","isPartOf":{"@id":"https:\/\/institucional.ufrrj.br\/ajudasig\/#website"},"datePublished":"2021-03-31T18:15:56+00:00","dateModified":"2025-08-06T15:00:32+00:00","breadcrumb":{"@id":"https:\/\/institucional.ufrrj.br\/ajudasig\/lista-de-permissoes-sig\/#breadcrumb"},"inLanguage":"pt-BR","potentialAction":[{"@type":"ReadAction","target":["https:\/\/institucional.ufrrj.br\/ajudasig\/lista-de-permissoes-sig\/"]}]},{"@type":"BreadcrumbList","@id":"https:\/\/institucional.ufrrj.br\/ajudasig\/lista-de-permissoes-sig\/#breadcrumb","itemListElement":[{"@type":"ListItem","position":1,"name":"In\u00edcio","item":"https:\/\/institucional.ufrrj.br\/ajudasig\/"},{"@type":"ListItem","position":2,"name":"Lista de Permiss\u00f5es dos sistemas SIG"}]},{"@type":"WebSite","@id":"https:\/\/institucional.ufrrj.br\/ajudasig\/#website","url":"https:\/\/institucional.ufrrj.br\/ajudasig\/","name":"AJUDA SIG - COTIC","description":"Equipe Ajuda SIG - COTIC","potentialAction":[{"@type":"SearchAction","target":{"@type":"EntryPoint","urlTemplate":"https:\/\/institucional.ufrrj.br\/ajudasig\/?s={search_term_string}"},"query-input":{"@type":"PropertyValueSpecification","valueRequired":true,"valueName":"search_term_string"}}],"inLanguage":"pt-BR"}]}},"_links":{"self":[{"href":"https:\/\/institucional.ufrrj.br\/ajudasig\/wp-json\/wp\/v2\/pages\/2737","targetHints":{"allow":["GET"]}}],"collection":[{"href":"https:\/\/institucional.ufrrj.br\/ajudasig\/wp-json\/wp\/v2\/pages"}],"about":[{"href":"https:\/\/institucional.ufrrj.br\/ajudasig\/wp-json\/wp\/v2\/types\/page"}],"author":[{"embeddable":true,"href":"https:\/\/institucional.ufrrj.br\/ajudasig\/wp-json\/wp\/v2\/users\/751"}],"replies":[{"embeddable":true,"href":"https:\/\/institucional.ufrrj.br\/ajudasig\/wp-json\/wp\/v2\/comments?post=2737"}],"version-history":[{"count":31,"href":"https:\/\/institucional.ufrrj.br\/ajudasig\/wp-json\/wp\/v2\/pages\/2737\/revisions"}],"predecessor-version":[{"id":6039,"href":"https:\/\/institucional.ufrrj.br\/ajudasig\/wp-json\/wp\/v2\/pages\/2737\/revisions\/6039"}],"wp:attachment":[{"href":"https:\/\/institucional.ufrrj.br\/ajudasig\/wp-json\/wp\/v2\/media?parent=2737"}],"curies":[{"name":"wp","href":"https:\/\/api.w.org\/{rel}","templated":true}]}}