{"id":143,"date":"2019-09-12T15:45:59","date_gmt":"2019-09-12T18:45:59","guid":{"rendered":"http:\/\/institucional.ufrrj.br\/ajudasig\/?page_id=143"},"modified":"2025-10-24T11:18:44","modified_gmt":"2025-10-24T14:18:44","slug":"sigrh-polare","status":"publish","type":"page","link":"https:\/\/institucional.ufrrj.br\/ajudasig\/manuais\/sigrh-polare\/","title":{"rendered":"Manuais &#8211; SIGRH \/ Polare"},"content":{"rendered":"<p><span style=\"color: #ff0000\">Todos os manuais foram elaborados pela Equipe Ajuda SIG &#8211; COTIC, exceto os indicados a autoria de terceiros.<\/span><\/p>\n<h3>Portal do Servidor<\/h3>\n<p><a href=\"https:\/\/ufrrjbr-my.sharepoint.com\/:b:\/g\/personal\/tamds_ufrrj_br\/ES6GYhgEpidNgCcyIoW71goBwcxSPKlPBNtu2eV5_1O6NQ?e=7J6DWi\" target=\"_blank\" rel=\"noopener noreferrer\">Realizar Solicita\u00e7\u00f5es Eletr\u00f4nicas<\/a><\/p>\n<p>&nbsp;<\/p>\n<h3>Portal da Chefia<\/h3>\n<p><a href=\"https:\/\/institucional.ufrrj.br\/ajudasig\/files\/2025\/10\/1_Localizar-os-Servidores-da-Unidade_Tutorial-Dimensionamento-UFRRJ.pdf\" target=\"_blank\" rel=\"noopener noreferrer\">Cadastrando servidor no Dimensionamento da Unidade<\/a><\/p>\n<p>&nbsp;<\/p>\n<h3>Polare\/PGD<\/h3>\n<p><a href=\"https:\/\/institucional.ufrrj.br\/ajudasig\/files\/2025\/10\/Orientacoes-sobre-PGD-Polare.pdf\" target=\"_blank\" rel=\"noopener noreferrer\">Manual de Utiliza\u00e7\u00e3o do Polare\/PGD (elaborado pela PROGEP &amp; PROPLADI)<\/a><\/p>\n","protected":false},"excerpt":{"rendered":"<p>Todos os manuais foram elaborados pela Equipe Ajuda SIG &#8211; COTIC, exceto os indicados a autoria de terceiros. Portal do <a class=\"read-more\" href=\"https:\/\/institucional.ufrrj.br\/ajudasig\/manuais\/sigrh-polare\/ \" >&#8230; <span class=\"font-italic\">leia mais <i class=\"fas fa-angle-right\"><\/i><\/span><\/a><\/p>\n","protected":false},"author":751,"featured_media":0,"parent":130,"menu_order":2,"comment_status":"closed","ping_status":"closed","template":"","meta":{"_exactmetrics_skip_tracking":false,"_exactmetrics_sitenote_active":false,"_exactmetrics_sitenote_note":"","_exactmetrics_sitenote_category":0,"footnotes":""},"class_list":["post-143","page","type-page","status-publish","hentry"],"yoast_head":"<!-- This site is optimized with the Yoast SEO plugin v27.2 - https:\/\/yoast.com\/product\/yoast-seo-wordpress\/ -->\n<title>Manuais - SIGRH \/ Polare - AJUDA SIG - COTIC<\/title>\n<meta name=\"robots\" content=\"index, follow, max-snippet:-1, max-image-preview:large, max-video-preview:-1\" \/>\n<link rel=\"canonical\" href=\"https:\/\/institucional.ufrrj.br\/ajudasig\/manuais\/sigrh-polare\/\" \/>\n<meta property=\"og:locale\" content=\"pt_BR\" \/>\n<meta property=\"og:type\" content=\"article\" \/>\n<meta property=\"og:title\" content=\"Manuais - SIGRH \/ Polare - AJUDA SIG - COTIC\" \/>\n<meta property=\"og:description\" content=\"Todos os manuais foram elaborados pela Equipe Ajuda SIG &#8211; COTIC, exceto os indicados a autoria de terceiros. Portal do ... leia mais\" \/>\n<meta property=\"og:url\" content=\"https:\/\/institucional.ufrrj.br\/ajudasig\/manuais\/sigrh-polare\/\" \/>\n<meta property=\"og:site_name\" content=\"AJUDA SIG - COTIC\" \/>\n<meta property=\"article:modified_time\" content=\"2025-10-24T14:18:44+00:00\" \/>\n<meta name=\"twitter:card\" content=\"summary_large_image\" \/>\n<meta name=\"twitter:label1\" content=\"Est. tempo de leitura\" \/>\n\t<meta name=\"twitter:data1\" content=\"1 minuto\" \/>\n<script type=\"application\/ld+json\" class=\"yoast-schema-graph\">{\"@context\":\"https:\/\/schema.org\",\"@graph\":[{\"@type\":\"WebPage\",\"@id\":\"https:\/\/institucional.ufrrj.br\/ajudasig\/manuais\/sigrh-polare\/\",\"url\":\"https:\/\/institucional.ufrrj.br\/ajudasig\/manuais\/sigrh-polare\/\",\"name\":\"Manuais - SIGRH \/ Polare - AJUDA SIG - COTIC\",\"isPartOf\":{\"@id\":\"https:\/\/institucional.ufrrj.br\/ajudasig\/#website\"},\"datePublished\":\"2019-09-12T18:45:59+00:00\",\"dateModified\":\"2025-10-24T14:18:44+00:00\",\"breadcrumb\":{\"@id\":\"https:\/\/institucional.ufrrj.br\/ajudasig\/manuais\/sigrh-polare\/#breadcrumb\"},\"inLanguage\":\"pt-BR\",\"potentialAction\":[{\"@type\":\"ReadAction\",\"target\":[\"https:\/\/institucional.ufrrj.br\/ajudasig\/manuais\/sigrh-polare\/\"]}]},{\"@type\":\"BreadcrumbList\",\"@id\":\"https:\/\/institucional.ufrrj.br\/ajudasig\/manuais\/sigrh-polare\/#breadcrumb\",\"itemListElement\":[{\"@type\":\"ListItem\",\"position\":1,\"name\":\"In\u00edcio\",\"item\":\"https:\/\/institucional.ufrrj.br\/ajudasig\/\"},{\"@type\":\"ListItem\",\"position\":2,\"name\":\"Manuais\",\"item\":\"https:\/\/institucional.ufrrj.br\/ajudasig\/manuais\/\"},{\"@type\":\"ListItem\",\"position\":3,\"name\":\"Manuais &#8211; SIGRH \/ Polare\"}]},{\"@type\":\"WebSite\",\"@id\":\"https:\/\/institucional.ufrrj.br\/ajudasig\/#website\",\"url\":\"https:\/\/institucional.ufrrj.br\/ajudasig\/\",\"name\":\"AJUDA SIG - COTIC\",\"description\":\"Equipe Ajuda SIG - COTIC\",\"potentialAction\":[{\"@type\":\"SearchAction\",\"target\":{\"@type\":\"EntryPoint\",\"urlTemplate\":\"https:\/\/institucional.ufrrj.br\/ajudasig\/?s={search_term_string}\"},\"query-input\":{\"@type\":\"PropertyValueSpecification\",\"valueRequired\":true,\"valueName\":\"search_term_string\"}}],\"inLanguage\":\"pt-BR\"}]}<\/script>\n<!-- \/ Yoast SEO plugin. -->","yoast_head_json":{"title":"Manuais - SIGRH \/ Polare - AJUDA SIG - COTIC","robots":{"index":"index","follow":"follow","max-snippet":"max-snippet:-1","max-image-preview":"max-image-preview:large","max-video-preview":"max-video-preview:-1"},"canonical":"https:\/\/institucional.ufrrj.br\/ajudasig\/manuais\/sigrh-polare\/","og_locale":"pt_BR","og_type":"article","og_title":"Manuais - SIGRH \/ Polare - AJUDA SIG - COTIC","og_description":"Todos os manuais foram elaborados pela Equipe Ajuda SIG &#8211; COTIC, exceto os indicados a autoria de terceiros. Portal do ... leia mais","og_url":"https:\/\/institucional.ufrrj.br\/ajudasig\/manuais\/sigrh-polare\/","og_site_name":"AJUDA SIG - COTIC","article_modified_time":"2025-10-24T14:18:44+00:00","twitter_card":"summary_large_image","twitter_misc":{"Est. tempo de leitura":"1 minuto"},"schema":{"@context":"https:\/\/schema.org","@graph":[{"@type":"WebPage","@id":"https:\/\/institucional.ufrrj.br\/ajudasig\/manuais\/sigrh-polare\/","url":"https:\/\/institucional.ufrrj.br\/ajudasig\/manuais\/sigrh-polare\/","name":"Manuais - SIGRH \/ Polare - AJUDA SIG - COTIC","isPartOf":{"@id":"https:\/\/institucional.ufrrj.br\/ajudasig\/#website"},"datePublished":"2019-09-12T18:45:59+00:00","dateModified":"2025-10-24T14:18:44+00:00","breadcrumb":{"@id":"https:\/\/institucional.ufrrj.br\/ajudasig\/manuais\/sigrh-polare\/#breadcrumb"},"inLanguage":"pt-BR","potentialAction":[{"@type":"ReadAction","target":["https:\/\/institucional.ufrrj.br\/ajudasig\/manuais\/sigrh-polare\/"]}]},{"@type":"BreadcrumbList","@id":"https:\/\/institucional.ufrrj.br\/ajudasig\/manuais\/sigrh-polare\/#breadcrumb","itemListElement":[{"@type":"ListItem","position":1,"name":"In\u00edcio","item":"https:\/\/institucional.ufrrj.br\/ajudasig\/"},{"@type":"ListItem","position":2,"name":"Manuais","item":"https:\/\/institucional.ufrrj.br\/ajudasig\/manuais\/"},{"@type":"ListItem","position":3,"name":"Manuais &#8211; SIGRH \/ Polare"}]},{"@type":"WebSite","@id":"https:\/\/institucional.ufrrj.br\/ajudasig\/#website","url":"https:\/\/institucional.ufrrj.br\/ajudasig\/","name":"AJUDA SIG - COTIC","description":"Equipe Ajuda SIG - COTIC","potentialAction":[{"@type":"SearchAction","target":{"@type":"EntryPoint","urlTemplate":"https:\/\/institucional.ufrrj.br\/ajudasig\/?s={search_term_string}"},"query-input":{"@type":"PropertyValueSpecification","valueRequired":true,"valueName":"search_term_string"}}],"inLanguage":"pt-BR"}]}},"_links":{"self":[{"href":"https:\/\/institucional.ufrrj.br\/ajudasig\/wp-json\/wp\/v2\/pages\/143","targetHints":{"allow":["GET"]}}],"collection":[{"href":"https:\/\/institucional.ufrrj.br\/ajudasig\/wp-json\/wp\/v2\/pages"}],"about":[{"href":"https:\/\/institucional.ufrrj.br\/ajudasig\/wp-json\/wp\/v2\/types\/page"}],"author":[{"embeddable":true,"href":"https:\/\/institucional.ufrrj.br\/ajudasig\/wp-json\/wp\/v2\/users\/751"}],"replies":[{"embeddable":true,"href":"https:\/\/institucional.ufrrj.br\/ajudasig\/wp-json\/wp\/v2\/comments?post=143"}],"version-history":[{"count":2,"href":"https:\/\/institucional.ufrrj.br\/ajudasig\/wp-json\/wp\/v2\/pages\/143\/revisions"}],"predecessor-version":[{"id":6243,"href":"https:\/\/institucional.ufrrj.br\/ajudasig\/wp-json\/wp\/v2\/pages\/143\/revisions\/6243"}],"up":[{"embeddable":true,"href":"https:\/\/institucional.ufrrj.br\/ajudasig\/wp-json\/wp\/v2\/pages\/130"}],"wp:attachment":[{"href":"https:\/\/institucional.ufrrj.br\/ajudasig\/wp-json\/wp\/v2\/media?parent=143"}],"curies":[{"name":"wp","href":"https:\/\/api.w.org\/{rel}","templated":true}]}}