{"id":139,"date":"2019-09-12T15:44:11","date_gmt":"2019-09-12T18:44:11","guid":{"rendered":"http:\/\/institucional.ufrrj.br\/ajudasig\/?page_id=139"},"modified":"2025-09-18T12:40:22","modified_gmt":"2025-09-18T15:40:22","slug":"sigaa","status":"publish","type":"page","link":"https:\/\/institucional.ufrrj.br\/ajudasig\/manuais\/sigaa\/","title":{"rendered":"Manuais &#8211; SIGAA"},"content":{"rendered":"<p>&nbsp;<\/p>\n<p>&nbsp;<\/p>\n<h3>GRADUA\u00c7\u00c3O<\/h3>\n<p>&nbsp;<\/p>\n<p><a href=\"https:\/\/ufrrjbr-my.sharepoint.com\/:b:\/g\/personal\/tamds_ufrrj_br\/EVgtBYg14A5MuVb95msHtssB1kw_QQSEPZnBYqMhfcR0Fw?e=yBzaXD\" target=\"_blank\" rel=\"noopener\">Manual de solicita\u00e7\u00e3o de reposi\u00e7\u00e3o de avalia\u00e7\u00e3o<\/a><\/p>\n<p>&#8212;&#8212;&#8212;&#8212;&#8212;&#8212;&#8212;&#8212;&#8212;&#8212;&#8212;&#8212;&#8212;&#8212;&#8212;&#8212;&#8212;&#8212;&#8212;&#8212;&#8212;&#8212;&#8212;&#8212;&#8212;&#8212;&#8212;&#8212;&#8212;&#8212;&#8212;&#8212;&#8212;&#8212;&#8211;<\/p>\n<p><a href=\"https:\/\/ufrrjbr-my.sharepoint.com\/:b:\/g\/personal\/tamds_ufrrj_br\/ER1SBHjHFKJJt7PEoU8tzREBbHspThywnkFwZwXCXcajOQ?e=LUqBpT\" target=\"_blank\" rel=\"noopener\">Manual Fluxo B\u00e1sico Pr\u00e9-SIGPS<\/a><\/p>\n<p>&#8212;&#8212;&#8212;&#8212;&#8212;&#8212;&#8212;&#8212;&#8212;&#8212;&#8212;&#8212;&#8212;&#8212;&#8212;&#8212;&#8212;&#8212;&#8212;&#8212;&#8212;&#8212;&#8212;&#8212;&#8212;&#8212;&#8212;&#8212;&#8212;&#8212;&#8212;&#8212;&#8212;&#8212;&#8211;<\/p>\n<p><a href=\"https:\/\/ufrrjbr-my.sharepoint.com\/:b:\/g\/personal\/tamds_ufrrj_br\/EaEUpuwxctlMpJSEDk2FecUBs9o2UeHHXfbBqntAXMnUhg?e=7iCvAL\" target=\"_blank\" rel=\"noopener noreferrer\">PROGRAD &#8211; Cadastrar Discentes Aprovados em Processo Seletivo<\/a><\/p>\n<p>&#8212;&#8212;&#8212;&#8212;&#8212;&#8212;&#8212;&#8212;&#8212;&#8212;&#8212;&#8212;&#8212;&#8212;&#8212;&#8212;&#8212;&#8212;&#8212;&#8212;&#8212;&#8212;&#8212;&#8212;&#8212;&#8212;&#8212;&#8212;&#8212;&#8212;&#8212;&#8212;&#8212;&#8212;&#8211;<\/p>\n<p><a href=\"https:\/\/ufrrjbr-my.sharepoint.com\/:b:\/g\/personal\/tamds_ufrrj_br\/Eajf9aPMCXlIro05GWAVBiABx4e8E966mgxuPOdVxU43vQ?e=eAuie1\" target=\"_blank\" rel=\"noopener noreferrer\">Chefe de Departamento &#8211; Aumentar Vagas de Turmas<\/a><\/p>\n<p><a href=\"https:\/\/ufrrjbr-my.sharepoint.com\/:b:\/g\/personal\/tamds_ufrrj_br\/ESXtro3dbAZHpolnk3HMLicB3N2QkF3JdnedwKzfruqx-A?e=RQsICE\" target=\"_blank\" rel=\"noopener noreferrer\">Chefe de Departamento &#8211; Remover Turma Existente<\/a><\/p>\n<p><a href=\"https:\/\/ufrrjbr-my.sharepoint.com\/:b:\/g\/personal\/tamds_ufrrj_br\/Eb-dYGk5pslGt962X5zaVvUB4PXOrlSM2K1LP0-dDlhObg?e=db2w7f\" target=\"_blank\" rel=\"noopener noreferrer\">Chefe de Departamento &#8211; Gerenciar Turmas Solicitadas pelos Coordenadores<\/a><\/p>\n<p><a href=\"https:\/\/ufrrjbr-my.sharepoint.com\/:b:\/g\/personal\/tamds_ufrrj_br\/ETVv_WSxatJLpMXyKl7aa_QBqgfrM8kEXihQW_VesweRdA?e=EzuC3i\" target=\"_blank\" rel=\"noopener noreferrer\">Chefe de Departamento &#8211; Criar Turmas sem Solicita\u00e7\u00e3o<\/a><\/p>\n<p><a href=\"https:\/\/ufrrjbr-my.sharepoint.com\/:b:\/g\/personal\/tamds_ufrrj_br\/Ea9w0oQyrqJHtxtTYR9KtToBZrPcb9jKL-HWcavVj9T_cQ?e=8ApqJr\" target=\"_blank\" rel=\"noopener noreferrer\">Chefe de Departamento &#8211; Alterar Turmas<\/a><\/p>\n<p>&#8212;&#8212;&#8212;&#8212;&#8212;&#8212;&#8212;&#8212;&#8212;&#8212;&#8212;&#8212;&#8212;&#8212;&#8212;&#8212;&#8212;&#8212;&#8212;&#8212;&#8212;&#8212;&#8212;&#8212;&#8212;&#8212;&#8212;&#8212;&#8212;&#8212;&#8212;&#8212;&#8212;&#8212;&#8211;<\/p>\n<p><a href=\"https:\/\/ufrrjbr-my.sharepoint.com\/:b:\/g\/personal\/tamds_ufrrj_br\/EcQXi-Ngz8xIvQyKgumNq2YBGKW3WN_lMeXG4th48NkaTg?e=orulft\" target=\"_blank\" rel=\"noopener noreferrer\">Coordenador de Curso &#8211; Validar Solicita\u00e7\u00e3o de Atividade Aut\u00f4noma<\/a><\/p>\n<p><a href=\"https:\/\/ufrrjbr-my.sharepoint.com\/:b:\/g\/personal\/tamds_ufrrj_br\/ETFWCCH9y8lMrMz4SEZHzZYBy2KdocMBuPaarG8M2QZPsw?e=Cowuax\" target=\"_blank\" rel=\"noopener noreferrer\">Coordenador de Curso &#8211; Matricular Discente em Atividade Espec\u00edfica<\/a><\/p>\n<p><a href=\"https:\/\/ufrrjbr-my.sharepoint.com\/:b:\/g\/personal\/tamds_ufrrj_br\/EQhJ7EkWWH1GjOLPPbv4QoABMJiI61YXH7UOAxkxI60xpw?e=zTjctp\" target=\"_blank\" rel=\"noopener noreferrer\">Coordenador de Curso &#8211; Matricular Aluno em Trabalho Final de Curso<\/a><\/p>\n<p><a href=\"https:\/\/ufrrjbr-my.sharepoint.com\/:b:\/g\/personal\/tamds_ufrrj_br\/ET7m-GSDYdxEq-QkyyjFC00Bqs8qbgtaDXzjZ1nyKRfvog?e=MwHGa4\" target=\"_blank\" rel=\"noopener noreferrer\">Coordenador de Curso &#8211; Cadastrar Banca de Trabalho Final de Curso<\/a><\/p>\n<p><a href=\"https:\/\/ufrrjbr-my.sharepoint.com\/:b:\/g\/personal\/tamds_ufrrj_br\/Ebc_P-LBzyxBghoCJtPS70ABTBOXHV51DZIWwuzhEMZ-4w?e=aJAYE3\" target=\"_blank\" rel=\"noopener noreferrer\">Coordenador de Curso &#8211; Como Solicitar Abertura de Turmas<\/a><\/p>\n<p><a href=\"https:\/\/ufrrjbr-my.sharepoint.com\/:b:\/g\/personal\/tamds_ufrrj_br\/EQAEqnD3UDxGpWkgLcLRrXsBv7W7_AUefKzjZDqKDtznLw?e=CbRcgg\" target=\"_blank\" rel=\"noopener noreferrer\">Coordenador de Curso &#8211; Criar Turmas de Atividades Acad\u00eamicas<\/a><\/p>\n<p><a href=\"https:\/\/ufrrjbr-my.sharepoint.com\/:b:\/g\/personal\/tamds_ufrrj_br\/EdDrMGmp7MdPlRekiLw96hcBbR7gBcc9N1B8cyd-00JNzA?e=eakyzL\" target=\"_blank\" rel=\"noopener noreferrer\">Coordenador de Curso &#8211; Como Elaborar Plano de Matr\u00edcula<\/a><\/p>\n<p><a href=\"https:\/\/ufrrjbr-my.sharepoint.com\/:b:\/g\/personal\/tamds_ufrrj_br\/EfkQe92jlqpIiEBut8IswKABE9_-epRNDoYTTTTKBPQqqg?e=q8POeB\" target=\"_blank\" rel=\"noopener noreferrer\">Coordenador de Curso &#8211; Cadastrar Tipo de Atividade Aut\u00f4noma<\/a><\/p>\n<p>&#8212;&#8212;&#8212;&#8212;&#8212;&#8212;&#8212;&#8212;&#8212;&#8212;&#8212;&#8212;&#8212;&#8212;&#8212;&#8212;&#8212;&#8212;&#8212;&#8212;&#8212;&#8212;&#8212;&#8212;&#8212;&#8212;&#8212;&#8212;&#8212;&#8212;&#8212;&#8212;&#8212;&#8212;&#8211;<\/p>\n<p><a href=\"https:\/\/ufrrjbr-my.sharepoint.com\/:b:\/g\/personal\/tamds_ufrrj_br\/EdHUNAgbaAdNsvkmBoWgYvoBAd-zrIpXEhfr011DcQXdig?e=BcWQx4\" target=\"_blank\" rel=\"noopener noreferrer\">Orientador &#8211; Manual do Orientador de Gradua\u00e7\u00e3o<\/a><\/p>\n<p>&#8212;&#8212;&#8212;&#8212;&#8212;&#8212;&#8212;&#8212;&#8212;&#8212;&#8212;&#8212;&#8212;&#8212;&#8212;&#8212;&#8212;&#8212;&#8212;&#8212;&#8212;&#8212;&#8212;&#8212;&#8212;&#8212;&#8212;&#8212;&#8212;&#8212;&#8212;&#8212;&#8212;&#8212;&#8211;<\/p>\n<p><a href=\"https:\/\/ufrrjbr-my.sharepoint.com\/:b:\/g\/personal\/tamds_ufrrj_br\/EQ8RMLhGNORFq5OKRfNN94QBBw0OfZcuLL0w2XqvKqHCHg?e=bHTQg0\" target=\"_blank\" rel=\"noopener noreferrer\">Alunos &#8211; Solicitar Registro de Atividade Aut\u00f4noma<\/a><\/p>\n<p><a href=\"https:\/\/ufrrjbr-my.sharepoint.com\/:b:\/g\/personal\/tamds_ufrrj_br\/EZ8QlTn0jhtPiEqdv6AbCx4BCBx7z4C3sMdnjLXeKiguKA?e=oOsu0S\" target=\"_blank\" rel=\"noopener noreferrer\">Alunos &#8211; Realizar Matr\u00edcula On-Line em Disciplinas Livres<\/a><\/p>\n<p>&#8212;&#8212;&#8212;&#8212;&#8212;&#8212;&#8212;&#8212;&#8212;&#8212;&#8212;&#8212;&#8212;&#8212;&#8212;&#8212;&#8212;&#8212;&#8212;&#8212;&#8212;&#8212;&#8212;&#8212;&#8212;&#8212;&#8212;&#8212;&#8212;&#8212;&#8212;&#8212;&#8212;&#8212;&#8211;<\/p>\n<h3>STRICTO<\/h3>\n<p>&nbsp;<\/p>\n<p><a href=\"https:\/\/ufrrjbr-my.sharepoint.com\/:b:\/g\/personal\/tamds_ufrrj_br\/ETFtDJ5GU7BPr7UjdXWCMyYBiwrLQJ_cXUkrfGWRhuidgA?e=bJ5rHN\" target=\"_blank\" rel=\"noopener noreferrer\">Cadastramento de Processo Seletivo\u00a0<\/a><\/p>\n<p><a href=\"https:\/\/ufrrjbr-my.sharepoint.com\/:b:\/g\/personal\/tamds_ufrrj_br\/Ebm0xlhI_zhJkhmOnwujk-8BgP30btsfD4TSdW_d95Qr2A?e=7FsC3v\" target=\"_blank\" rel=\"noopener noreferrer\">Etapas para Gerar Matr\u00edcula de Novo Aluno Stricto e para Matricular aluno em turma stricto <\/a><\/p>\n<p><a href=\"https:\/\/ufrrjbr-my.sharepoint.com\/:b:\/g\/personal\/tamds_ufrrj_br\/EfnEKyp3Ua9Hk-X2zej2-PgB7C127WrIc3EO69J9-pJatw?e=HBOPe3\" target=\"_blank\" rel=\"noopener\">Manual de cadastramento de discentes ingressantes por cota em cursos do Stricto Sensu<\/a><\/p>\n<p>&nbsp;<\/p>\n<p>&#8212;&#8212;&#8212;&#8212;&#8212;&#8212;&#8212;&#8212;&#8212;&#8212;&#8212;&#8212;&#8212;&#8212;&#8212;&#8212;&#8212;&#8212;&#8212;&#8212;&#8212;&#8212;&#8212;&#8212;&#8212;&#8212;&#8212;&#8212;&#8212;&#8212;&#8212;&#8212;&#8212;&#8212;&#8211;<\/p>\n<h3>LATO<\/h3>\n<p>&nbsp;<\/p>\n<p><a href=\"https:\/\/ufrrjbr-my.sharepoint.com\/:b:\/g\/personal\/tamds_ufrrj_br\/EWYgi_i0yEZNrj3XBnJiVVABkTLKxlbX7Pm5rL4hsOd2gw?e=YAScPU\" target=\"_blank\" rel=\"noopener\">Etapas b\u00e1sicas para utiliza\u00e7\u00e3o do M\u00f3dulo Lato Sensu<\/a><\/p>\n<p><a href=\"https:\/\/ufrrjbr-my.sharepoint.com\/:b:\/g\/personal\/tamds_ufrrj_br\/ER-L4b18f0BBu7Ms5OLelF0BK24febUNoXHdTDY4LZDDAA?e=7RqR8U\" target=\"_blank\" rel=\"noopener\">Manual de cadastramento de Propostas do Curso Lato Sensu<\/a><\/p>\n<p>&nbsp;<\/p>\n<p>&#8212;&#8212;&#8212;&#8212;&#8212;&#8212;&#8212;&#8212;&#8212;&#8212;&#8212;&#8212;&#8212;&#8212;&#8212;&#8212;&#8212;&#8212;&#8212;&#8212;&#8212;&#8212;&#8212;&#8212;&#8212;&#8212;&#8212;&#8212;&#8212;&#8212;&#8212;&#8212;&#8212;&#8212;&#8211;<\/p>\n<p>&nbsp;<\/p>\n<h3>EXTENS\u00c3O<\/h3>\n<p>&nbsp;<\/p>\n<p><a href=\"https:\/\/ufrrjbr-my.sharepoint.com\/:b:\/g\/personal\/tamds_ufrrj_br\/ES_PFWxjHT5LqSZDY2NNh-kBsSidiQHAKZiLOmIkDEnQrQ?e=QQScwt\" target=\"_blank\" rel=\"noopener noreferrer\">Servidores &#8211; Realizar Submiss\u00e3o de A\u00e7\u00f5es de Extens\u00e3o<\/a><\/p>\n<p><a href=\"https:\/\/ufrrjbr-my.sharepoint.com\/:b:\/g\/personal\/tamds_ufrrj_br\/EVKpJwMujHlAkvyL8QXHE9IBCxeaFDScO33G9l4RluUjTw?e=E6T5bC\" target=\"_blank\" rel=\"noopener noreferrer\">Comunidade &#8211; Cadastro e Inscri\u00e7\u00e3o em A\u00e7\u00f5es de Extens\u00e3o<\/a><\/p>\n<p><a href=\"https:\/\/ufrrjbr-my.sharepoint.com\/:b:\/g\/personal\/tamds_ufrrj_br\/EaJk-481CWFIib7HY39eAEABUfw42qtQKJpN73Y-dmYnnw?e=gc0oAD\" target=\"_blank\" rel=\"noopener noreferrer\">Tutorial de submiss\u00e3o e gerenciamento de Cursos de Extens\u00e3o (Desenvolvido pela Escola de Extens\u00e3o)<\/a><\/p>\n<p><a href=\"https:\/\/ufrrjbr-my.sharepoint.com\/:b:\/g\/personal\/tamds_ufrrj_br\/EWBK7MlUrptGjw-uAfBChMUBOdtKvLRl43LswZLkL03CXg?e=NVxdYt\" target=\"_blank\" rel=\"noopener noreferrer\">Manual de cadastramento de a\u00e7\u00f5es de extens\u00e3o com a divis\u00e3o de conceitos entre unidade proponente e unidade coordena\u00e7\u00e3o<\/a><\/p>\n<p><a href=\"https:\/\/ufrrjbr-my.sharepoint.com\/:b:\/g\/personal\/tamds_ufrrj_br\/EZxu91XWVatFktLh2XxaS6cBaJ515j3avbaKu6ifOY6AHg?e=3JqINA\" target=\"_blank\" rel=\"noopener\">Manual de utiliza\u00e7\u00e3o para Gestores e Avaliadores<\/a><\/p>\n<p><a href=\"https:\/\/ufrrjbr-my.sharepoint.com\/:w:\/g\/personal\/tamds_ufrrj_br\/EUZRBQLuDphJiAEuCXQoockBPoHi6daNiNT-XnUIYjqIFA?e=Rf1Oq1\" target=\"_blank\" rel=\"noopener\">Manual de registro da carga hor\u00e1ria extensionista<\/a><\/p>\n<p>&#8212;&#8212;&#8212;&#8212;&#8212;&#8212;&#8212;&#8212;&#8212;&#8212;&#8212;&#8212;&#8212;&#8212;&#8212;&#8212;&#8212;&#8212;&#8212;&#8212;&#8212;&#8212;&#8212;&#8212;&#8212;&#8212;&#8212;&#8212;&#8212;&#8212;&#8212;&#8212;&#8212;&#8212;&#8211;<\/p>\n<h3>PORTAL DOCENTE<\/h3>\n<p>&nbsp;<\/p>\n<p><a href=\"https:\/\/ufrrjbr-my.sharepoint.com\/:b:\/g\/personal\/tamds_ufrrj_br\/EU0OKQBwZnRDlaoRG29T4EkB-YfIOeHe-2imCgRdMjiB5A?e=vlPzLn\" target=\"_blank\" rel=\"noopener noreferrer\">Manual sobre o Portal do Docente<\/a><\/p>\n<p>&#8212;&#8212;&#8212;&#8212;&#8212;&#8212;&#8212;&#8212;&#8212;&#8212;&#8212;&#8212;&#8212;&#8212;&#8212;&#8212;&#8212;&#8212;&#8212;&#8212;&#8212;&#8212;&#8212;&#8212;&#8212;&#8212;&#8212;&#8212;&#8212;&#8212;&#8212;&#8212;&#8212;&#8212;&#8211;<\/p>\n<h3>AVALIA\u00c7\u00c3O INSTITUCIONAL<\/h3>\n<p>&nbsp;<\/p>\n<p><a href=\"https:\/\/ufrrjbr-my.sharepoint.com\/:b:\/g\/personal\/tamds_ufrrj_br\/EdSuZqf7gqFPgjvOIXzKonMBxmLSGMh6iPAWhbYDlg5uKQ?e=eleftW\" target=\"_blank\" rel=\"noopener noreferrer\">Manual sobre Avalia\u00e7\u00e3o Institucional<\/a><\/p>\n<p>&#8212;&#8212;&#8212;&#8212;&#8212;&#8212;&#8212;&#8212;&#8212;&#8212;&#8212;&#8212;&#8212;&#8212;&#8212;&#8212;&#8212;&#8212;&#8212;&#8212;&#8212;&#8212;&#8212;&#8212;&#8212;&#8212;&#8212;&#8212;&#8212;&#8212;&#8212;&#8212;&#8212;&#8212;&#8211;<\/p>\n<h3>AMBIENTES VIRTUAIS<\/h3>\n<p>&nbsp;<\/p>\n<p><a style=\"font-size: 16px\" href=\"https:\/\/ufrrjbr-my.sharepoint.com\/:b:\/g\/personal\/tamds_ufrrj_br\/EZfv2lRzLARDrXCSEMd7tO8BE7cUK1erTDQkHzL4ZDjESg?e=j2Tjwa\" target=\"_blank\" rel=\"noopener noreferrer\">Manual sobre Gerenciamento de Ambientes Virtuais &#8211; Comunidades Virtuais<\/a><\/p>\n<p><a href=\"https:\/\/ufrrjbr-my.sharepoint.com\/:b:\/g\/personal\/tamds_ufrrj_br\/ETOz_qqUU5JMnCwgyROZVB8BpycicbsWKKHuBRNTthx6IA?e=5hituO\" target=\"_blank\" rel=\"noopener noreferrer\">Manual sobre Gerenciamento de Ambientes Virtuais &#8211; Turmas Virtuais\u00a0<\/a><\/p>\n<p>&#8212;&#8212;&#8212;&#8212;&#8212;&#8212;&#8212;&#8212;&#8212;&#8212;&#8212;&#8212;&#8212;&#8212;&#8212;&#8212;&#8212;&#8212;&#8212;&#8212;&#8212;&#8212;&#8212;&#8212;&#8212;&#8212;&#8212;&#8212;&#8212;&#8212;&#8212;&#8212;&#8212;&#8212;&#8211;<\/p>\n<h3>CTUR<\/h3>\n<p>&nbsp;<\/p>\n<p><a href=\"https:\/\/ufrrjbr-my.sharepoint.com\/:b:\/g\/personal\/tamds_ufrrj_br\/EeS03gF8DdRJjXHvDhK7L7EByl3KkErbCWPI48yFKMGgNw?e=vtpZQE\">Manual sobre capacita\u00e7\u00e3o de docentes acerca das plataformas SIGAA,Jitsi* e RNP* (Desenvolvido por equipe de docentes da UFRRJ)<\/a><\/p>\n<p>&#8212;&#8212;&#8212;&#8212;&#8212;&#8212;&#8212;&#8212;&#8212;&#8212;&#8212;&#8212;&#8212;&#8212;&#8212;&#8212;&#8212;&#8212;&#8212;&#8212;&#8212;&#8212;&#8212;&#8212;&#8212;&#8212;&#8212;&#8212;&#8212;&#8212;&#8212;&#8212;&#8212;&#8212;&#8211;<\/p>\n<h3>CENTRAL DE EST\u00c1GIOS<\/h3>\n<p>&nbsp;<\/p>\n<p><a href=\"https:\/\/ufrrjbr-my.sharepoint.com\/:b:\/g\/personal\/tamds_ufrrj_br\/EQ5f_mNWHYVMtWKlHXyxwGMB7qIdX_QfViHsDhb4bTf9Fw?e=ZW9IKj\" target=\"_blank\" rel=\"noopener noreferrer\">Gestor Central de Est\u00e1gios &#8211; Passo a passo de utiliza\u00e7\u00e3o do m\u00f3dulo Central de Est\u00e1gios<\/a><\/p>\n<p>&nbsp;<\/p>\n<p>&#8212;&#8212;&#8212;&#8212;&#8212;&#8212;&#8212;&#8212;&#8212;&#8212;&#8212;&#8212;&#8212;&#8212;&#8212;&#8212;&#8212;&#8212;&#8212;&#8212;&#8212;&#8212;&#8212;&#8212;&#8212;&#8212;&#8212;&#8212;&#8212;&#8212;&#8212;&#8212;&#8212;&#8212;&#8211;<\/p>\n<h3>NEE<\/h3>\n<p>&nbsp;<\/p>\n<p><a href=\"https:\/\/ufrrjbr-my.sharepoint.com\/:b:\/g\/personal\/tamds_ufrrj_br\/EeFfR37kcK1PnU91x1tNWgIBrc1GRhZip_rA57OPZ50BFg?e=aR7Huz\" target=\"_blank\" rel=\"noopener\">Gestor NEE &#8211; Passo a passo de utiliza\u00e7\u00e3o do m\u00f3dulo Necessidades Educacionais Especiais<\/a><\/p>\n<p>&nbsp;<\/p>\n<p>&#8212;&#8212;&#8212;&#8212;&#8212;&#8212;&#8212;&#8212;&#8212;&#8212;&#8212;&#8212;&#8212;&#8212;&#8212;&#8212;&#8212;&#8212;&#8212;&#8212;&#8212;&#8212;&#8212;&#8212;&#8212;&#8212;&#8212;&#8212;&#8212;&#8212;&#8212;&#8212;&#8212;&#8212;&#8211;<\/p>\n<h3>DIPLOMA<\/h3>\n<p>&nbsp;<\/p>\n<p><a href=\"https:\/\/ufrrjbr-my.sharepoint.com\/:b:\/g\/personal\/tamds_ufrrj_br\/EQdiZCs8edhOlcMkid2hxmgBAM-czW6iVuGWWb5oXilJDQ?e=7FSgPO\" target=\"_blank\" rel=\"noopener\">Gestor Diplomas &#8211; Passo a passo de Solicita\u00e7\u00e3o e Emiss\u00e3o de 2\u00aa Via de Diploma Digital<\/a><\/p>\n<p>&nbsp;<\/p>\n<p><a href=\"https:\/\/ufrrjbr-my.sharepoint.com\/:b:\/g\/personal\/tamds_ufrrj_br\/EZNHk2JIlVhJuG0KeRGt2OYBDq7gTO8w-RJTgysOsqzHYw?e=WfGfFg\" target=\"_blank\" rel=\"noopener\">Gestor Diplomas &#8211; Manual de cadastramento de assinaturas para emiss\u00e3o de Certificados Lato Sensu<\/a><\/p>\n<p>&nbsp;<\/p>\n<p>&#8212;&#8212;&#8212;&#8212;&#8212;&#8212;&#8212;&#8212;&#8212;&#8212;&#8212;&#8212;&#8212;&#8212;&#8212;&#8212;&#8212;&#8212;&#8212;&#8212;&#8212;&#8212;&#8212;&#8212;&#8212;&#8212;&#8212;&#8212;&#8212;&#8212;&#8212;&#8212;&#8212;&#8212;&#8211;<\/p>\n<h3>GERENCIAMENTO DE SALAS<\/h3>\n<p>&nbsp;<\/p>\n<p><a href=\"https:\/\/ufrrjbr-my.sharepoint.com\/:b:\/g\/personal\/tamds_ufrrj_br\/ETM2GtPxnkhEpSztR0IgwDIBmWA0ovvO_jnto3wkK24oNw?e=I3MyII\">Gestor Infra Estrutura F\u00edsica &#8211; Manual de Aloca\u00e7\u00e3o de Salas<\/a><\/p>\n<p>&nbsp;<\/p>\n<p>&#8212;&#8212;&#8212;&#8212;&#8212;&#8212;&#8212;&#8212;&#8212;&#8212;&#8212;&#8212;&#8212;&#8212;&#8212;&#8212;&#8212;&#8212;&#8212;&#8212;&#8212;&#8212;&#8212;&#8212;&#8212;&#8212;&#8212;&#8212;&#8212;&#8212;&#8212;&#8212;&#8212;&#8212;&#8211;<\/p>\n<h3>PESQUISA<\/h3>\n<p>&nbsp;<\/p>\n<p><a href=\"https:\/\/institucional.ufrrj.br\/ajudasig\/2025\/05\/07\/manual-de-submissao-de-projetos-de-pesquisa\/\" target=\"_blank\" rel=\"noopener\">Manual de Submiss\u00e3o de Projeto de Pesquisa<\/a><\/p>\n<p>&nbsp;<\/p>\n<p>&nbsp;<\/p>\n<p>&nbsp;<\/p>\n<p>&nbsp;<\/p>\n<p>&nbsp;<\/p>\n<p>&nbsp;<\/p>\n<p>&nbsp;<\/p>\n","protected":false},"excerpt":{"rendered":"<p>&nbsp; &nbsp; GRADUA\u00c7\u00c3O &nbsp; Manual de solicita\u00e7\u00e3o de reposi\u00e7\u00e3o de avalia\u00e7\u00e3o &#8212;&#8212;&#8212;&#8212;&#8212;&#8212;&#8212;&#8212;&#8212;&#8212;&#8212;&#8212;&#8212;&#8212;&#8212;&#8212;&#8212;&#8212;&#8212;&#8212;&#8212;&#8212;&#8212;&#8212;&#8212;&#8212;&#8212;&#8212;&#8212;&#8212;&#8212;&#8212;&#8212;&#8212;&#8211; Manual Fluxo B\u00e1sico Pr\u00e9-SIGPS &#8212;&#8212;&#8212;&#8212;&#8212;&#8212;&#8212;&#8212;&#8212;&#8212;&#8212;&#8212;&#8212;&#8212;&#8212;&#8212;&#8212;&#8212;&#8212;&#8212;&#8212;&#8212;&#8212;&#8212;&#8212;&#8212;&#8212;&#8212;&#8212;&#8212;&#8212;&#8212;&#8212;&#8212;&#8211; PROGRAD &#8211; Cadastrar <a class=\"read-more\" href=\"https:\/\/institucional.ufrrj.br\/ajudasig\/manuais\/sigaa\/ \" >&#8230; <span class=\"font-italic\">leia mais <i class=\"fas fa-angle-right\"><\/i><\/span><\/a><\/p>\n","protected":false},"author":751,"featured_media":0,"parent":130,"menu_order":1,"comment_status":"closed","ping_status":"closed","template":"","meta":{"_exactmetrics_skip_tracking":false,"_exactmetrics_sitenote_active":false,"_exactmetrics_sitenote_note":"","_exactmetrics_sitenote_category":0,"footnotes":""},"class_list":["post-139","page","type-page","status-publish","hentry"],"yoast_head":"<!-- This site is optimized with the Yoast SEO plugin v27.2 - https:\/\/yoast.com\/product\/yoast-seo-wordpress\/ -->\n<title>Manuais - SIGAA - AJUDA SIG - COTIC<\/title>\n<meta name=\"robots\" content=\"index, follow, max-snippet:-1, max-image-preview:large, max-video-preview:-1\" \/>\n<link rel=\"canonical\" href=\"https:\/\/institucional.ufrrj.br\/ajudasig\/manuais\/sigaa\/\" \/>\n<meta property=\"og:locale\" content=\"pt_BR\" \/>\n<meta property=\"og:type\" content=\"article\" \/>\n<meta property=\"og:title\" content=\"Manuais - SIGAA - AJUDA SIG - COTIC\" \/>\n<meta property=\"og:description\" content=\"&nbsp; &nbsp; GRADUA\u00c7\u00c3O &nbsp; Manual de solicita\u00e7\u00e3o de reposi\u00e7\u00e3o de avalia\u00e7\u00e3o &#8212;&#8212;&#8212;&#8212;&#8212;&#8212;&#8212;&#8212;&#8212;&#8212;&#8212;&#8212;&#8212;&#8212;&#8212;&#8212;&#8212;&#8212;&#8212;&#8212;&#8212;&#8212;&#8212;&#8212;&#8212;&#8212;&#8212;&#8212;&#8212;&#8212;&#8212;&#8212;&#8212;&#8212;&#8211; Manual Fluxo B\u00e1sico Pr\u00e9-SIGPS &#8212;&#8212;&#8212;&#8212;&#8212;&#8212;&#8212;&#8212;&#8212;&#8212;&#8212;&#8212;&#8212;&#8212;&#8212;&#8212;&#8212;&#8212;&#8212;&#8212;&#8212;&#8212;&#8212;&#8212;&#8212;&#8212;&#8212;&#8212;&#8212;&#8212;&#8212;&#8212;&#8212;&#8212;&#8211; PROGRAD &#8211; Cadastrar ... leia mais\" \/>\n<meta property=\"og:url\" content=\"https:\/\/institucional.ufrrj.br\/ajudasig\/manuais\/sigaa\/\" \/>\n<meta property=\"og:site_name\" content=\"AJUDA SIG - COTIC\" \/>\n<meta property=\"article:modified_time\" content=\"2025-09-18T15:40:22+00:00\" \/>\n<meta name=\"twitter:card\" content=\"summary_large_image\" \/>\n<meta name=\"twitter:label1\" content=\"Est. tempo de leitura\" \/>\n\t<meta name=\"twitter:data1\" content=\"3 minutos\" \/>\n<script type=\"application\/ld+json\" class=\"yoast-schema-graph\">{\"@context\":\"https:\/\/schema.org\",\"@graph\":[{\"@type\":\"WebPage\",\"@id\":\"https:\/\/institucional.ufrrj.br\/ajudasig\/manuais\/sigaa\/\",\"url\":\"https:\/\/institucional.ufrrj.br\/ajudasig\/manuais\/sigaa\/\",\"name\":\"Manuais - SIGAA - AJUDA SIG - COTIC\",\"isPartOf\":{\"@id\":\"https:\/\/institucional.ufrrj.br\/ajudasig\/#website\"},\"datePublished\":\"2019-09-12T18:44:11+00:00\",\"dateModified\":\"2025-09-18T15:40:22+00:00\",\"breadcrumb\":{\"@id\":\"https:\/\/institucional.ufrrj.br\/ajudasig\/manuais\/sigaa\/#breadcrumb\"},\"inLanguage\":\"pt-BR\",\"potentialAction\":[{\"@type\":\"ReadAction\",\"target\":[\"https:\/\/institucional.ufrrj.br\/ajudasig\/manuais\/sigaa\/\"]}]},{\"@type\":\"BreadcrumbList\",\"@id\":\"https:\/\/institucional.ufrrj.br\/ajudasig\/manuais\/sigaa\/#breadcrumb\",\"itemListElement\":[{\"@type\":\"ListItem\",\"position\":1,\"name\":\"In\u00edcio\",\"item\":\"https:\/\/institucional.ufrrj.br\/ajudasig\/\"},{\"@type\":\"ListItem\",\"position\":2,\"name\":\"Manuais\",\"item\":\"https:\/\/institucional.ufrrj.br\/ajudasig\/manuais\/\"},{\"@type\":\"ListItem\",\"position\":3,\"name\":\"Manuais &#8211; SIGAA\"}]},{\"@type\":\"WebSite\",\"@id\":\"https:\/\/institucional.ufrrj.br\/ajudasig\/#website\",\"url\":\"https:\/\/institucional.ufrrj.br\/ajudasig\/\",\"name\":\"AJUDA SIG - COTIC\",\"description\":\"Equipe Ajuda SIG - COTIC\",\"potentialAction\":[{\"@type\":\"SearchAction\",\"target\":{\"@type\":\"EntryPoint\",\"urlTemplate\":\"https:\/\/institucional.ufrrj.br\/ajudasig\/?s={search_term_string}\"},\"query-input\":{\"@type\":\"PropertyValueSpecification\",\"valueRequired\":true,\"valueName\":\"search_term_string\"}}],\"inLanguage\":\"pt-BR\"}]}<\/script>\n<!-- \/ Yoast SEO plugin. -->","yoast_head_json":{"title":"Manuais - SIGAA - AJUDA SIG - COTIC","robots":{"index":"index","follow":"follow","max-snippet":"max-snippet:-1","max-image-preview":"max-image-preview:large","max-video-preview":"max-video-preview:-1"},"canonical":"https:\/\/institucional.ufrrj.br\/ajudasig\/manuais\/sigaa\/","og_locale":"pt_BR","og_type":"article","og_title":"Manuais - SIGAA - AJUDA SIG - COTIC","og_description":"&nbsp; &nbsp; GRADUA\u00c7\u00c3O &nbsp; Manual de solicita\u00e7\u00e3o de reposi\u00e7\u00e3o de avalia\u00e7\u00e3o &#8212;&#8212;&#8212;&#8212;&#8212;&#8212;&#8212;&#8212;&#8212;&#8212;&#8212;&#8212;&#8212;&#8212;&#8212;&#8212;&#8212;&#8212;&#8212;&#8212;&#8212;&#8212;&#8212;&#8212;&#8212;&#8212;&#8212;&#8212;&#8212;&#8212;&#8212;&#8212;&#8212;&#8212;&#8211; Manual Fluxo B\u00e1sico Pr\u00e9-SIGPS &#8212;&#8212;&#8212;&#8212;&#8212;&#8212;&#8212;&#8212;&#8212;&#8212;&#8212;&#8212;&#8212;&#8212;&#8212;&#8212;&#8212;&#8212;&#8212;&#8212;&#8212;&#8212;&#8212;&#8212;&#8212;&#8212;&#8212;&#8212;&#8212;&#8212;&#8212;&#8212;&#8212;&#8212;&#8211; PROGRAD &#8211; Cadastrar ... leia mais","og_url":"https:\/\/institucional.ufrrj.br\/ajudasig\/manuais\/sigaa\/","og_site_name":"AJUDA SIG - COTIC","article_modified_time":"2025-09-18T15:40:22+00:00","twitter_card":"summary_large_image","twitter_misc":{"Est. tempo de leitura":"3 minutos"},"schema":{"@context":"https:\/\/schema.org","@graph":[{"@type":"WebPage","@id":"https:\/\/institucional.ufrrj.br\/ajudasig\/manuais\/sigaa\/","url":"https:\/\/institucional.ufrrj.br\/ajudasig\/manuais\/sigaa\/","name":"Manuais - SIGAA - AJUDA SIG - COTIC","isPartOf":{"@id":"https:\/\/institucional.ufrrj.br\/ajudasig\/#website"},"datePublished":"2019-09-12T18:44:11+00:00","dateModified":"2025-09-18T15:40:22+00:00","breadcrumb":{"@id":"https:\/\/institucional.ufrrj.br\/ajudasig\/manuais\/sigaa\/#breadcrumb"},"inLanguage":"pt-BR","potentialAction":[{"@type":"ReadAction","target":["https:\/\/institucional.ufrrj.br\/ajudasig\/manuais\/sigaa\/"]}]},{"@type":"BreadcrumbList","@id":"https:\/\/institucional.ufrrj.br\/ajudasig\/manuais\/sigaa\/#breadcrumb","itemListElement":[{"@type":"ListItem","position":1,"name":"In\u00edcio","item":"https:\/\/institucional.ufrrj.br\/ajudasig\/"},{"@type":"ListItem","position":2,"name":"Manuais","item":"https:\/\/institucional.ufrrj.br\/ajudasig\/manuais\/"},{"@type":"ListItem","position":3,"name":"Manuais &#8211; SIGAA"}]},{"@type":"WebSite","@id":"https:\/\/institucional.ufrrj.br\/ajudasig\/#website","url":"https:\/\/institucional.ufrrj.br\/ajudasig\/","name":"AJUDA SIG - COTIC","description":"Equipe Ajuda SIG - COTIC","potentialAction":[{"@type":"SearchAction","target":{"@type":"EntryPoint","urlTemplate":"https:\/\/institucional.ufrrj.br\/ajudasig\/?s={search_term_string}"},"query-input":{"@type":"PropertyValueSpecification","valueRequired":true,"valueName":"search_term_string"}}],"inLanguage":"pt-BR"}]}},"_links":{"self":[{"href":"https:\/\/institucional.ufrrj.br\/ajudasig\/wp-json\/wp\/v2\/pages\/139","targetHints":{"allow":["GET"]}}],"collection":[{"href":"https:\/\/institucional.ufrrj.br\/ajudasig\/wp-json\/wp\/v2\/pages"}],"about":[{"href":"https:\/\/institucional.ufrrj.br\/ajudasig\/wp-json\/wp\/v2\/types\/page"}],"author":[{"embeddable":true,"href":"https:\/\/institucional.ufrrj.br\/ajudasig\/wp-json\/wp\/v2\/users\/751"}],"replies":[{"embeddable":true,"href":"https:\/\/institucional.ufrrj.br\/ajudasig\/wp-json\/wp\/v2\/comments?post=139"}],"version-history":[{"count":98,"href":"https:\/\/institucional.ufrrj.br\/ajudasig\/wp-json\/wp\/v2\/pages\/139\/revisions"}],"predecessor-version":[{"id":6115,"href":"https:\/\/institucional.ufrrj.br\/ajudasig\/wp-json\/wp\/v2\/pages\/139\/revisions\/6115"}],"up":[{"embeddable":true,"href":"https:\/\/institucional.ufrrj.br\/ajudasig\/wp-json\/wp\/v2\/pages\/130"}],"wp:attachment":[{"href":"https:\/\/institucional.ufrrj.br\/ajudasig\/wp-json\/wp\/v2\/media?parent=139"}],"curies":[{"name":"wp","href":"https:\/\/api.w.org\/{rel}","templated":true}]}}