{"id":15085,"date":"2022-11-06T14:12:04","date_gmt":"2022-11-06T17:12:04","guid":{"rendered":"https:\/\/institucional.ufrrj.br\/agroecologia\/?page_id=15085"},"modified":"2023-06-19T15:21:12","modified_gmt":"2023-06-19T18:21:12","slug":"vendas-no-ctur","status":"publish","type":"page","link":"https:\/\/institucional.ufrrj.br\/agroecologia\/feira\/vendas-no-ctur\/","title":{"rendered":"Vendas no CTUR"},"content":{"rendered":"<p>Voc\u00ea sabia que a FAF Serop\u00e9dica tem um ponto de venda no Col\u00e9gio T\u00e9cnico da Rural?<\/p>\n<p>&nbsp;<\/p>\n<p><span style=\"font-weight: 400\">A partir de agosto de 2022, a Feira da Agricultura Familiar est\u00e1 comercializando os seus produtos tamb\u00e9m no Col\u00e9gio T\u00e9cnico da Universidade Rural (<\/span><span style=\"font-weight: 400\">CTUR<\/span><span style=\"font-weight: 400\">).<\/span><\/p>\n<p><span style=\"font-weight: 400\">Durante os anos de 2020 e 2021, ao longo do per\u00edodo cr\u00edtico da pandemia de COVID-19, as atividades nos <\/span><span style=\"font-weight: 400\">campi<\/span><span style=\"font-weight: 400\"> da <\/span><span style=\"font-weight: 400\">UFRRJ<\/span><span style=\"font-weight: 400\"> foram paralisadas e as aulas suspensas. Diante dessa situa\u00e7\u00e3o, para que a Feira n\u00e3o deixasse de acontecer foi permitido que mantivessem as suas vendas no <\/span><span style=\"font-weight: 400\">CTUR<\/span><span style=\"font-weight: 400\">, desde que cumprissem todas as medidas de prote\u00e7\u00e3o necess\u00e1rias. A iniciativa foi extremamente importante para que a feira pudesse continuar atender os clientes e n\u00e3o prejudicasse a renda dos produtores.<\/span><\/p>\n<p><span style=\"font-weight: 400\">Neste per\u00edodo a <\/span><span style=\"font-weight: 400\">FAF<\/span><span style=\"font-weight: 400\"> acontecia num ponto estrat\u00e9gico, em frente a rodovia <\/span><span style=\"font-weight: 400\">BR-<\/span><span style=\"font-weight: 400\">465, e com isso come\u00e7ou a atrair um p\u00fablico diferente do habitual. A localiza\u00e7\u00e3o permite grande visibilidade para a popula\u00e7\u00e3o em geral que passa pela rodovia diariamente, e o perfil dos consumidores mudou, pois n\u00e3o eram mais a maioria da comunidade <\/span><span style=\"font-weight: 400\">acad\u00eamica<\/span><span style=\"font-weight: 400\"> da <\/span><span style=\"font-weight: 400\">UFRRJ<\/span><span style=\"font-weight: 400\">. Dessa forma, para continuar atendendo esse p\u00fablico que se fidelizou ao longo destes dois anos, estamos atendendo no mesmo local todas \u00e0s quartas-feiras de 08h \u00e0s 13h.<\/span><\/p>\n<p><img loading=\"lazy\" decoding=\"async\" class=\"alignnone size-large wp-image-15087\" src=\"https:\/\/institucional.ufrrj.br\/agroecologia\/files\/2022\/11\/WhatsApp-Image-2022-11-06-at-14.06.43-922x1024.jpeg\" alt=\"\" width=\"922\" height=\"1024\" srcset=\"https:\/\/institucional.ufrrj.br\/agroecologia\/files\/2022\/11\/WhatsApp-Image-2022-11-06-at-14.06.43-922x1024.jpeg 922w, https:\/\/institucional.ufrrj.br\/agroecologia\/files\/2022\/11\/WhatsApp-Image-2022-11-06-at-14.06.43-270x300.jpeg 270w, https:\/\/institucional.ufrrj.br\/agroecologia\/files\/2022\/11\/WhatsApp-Image-2022-11-06-at-14.06.43-768x853.jpeg 768w, https:\/\/institucional.ufrrj.br\/agroecologia\/files\/2022\/11\/WhatsApp-Image-2022-11-06-at-14.06.43.jpeg 1153w\" sizes=\"auto, (max-width: 922px) 100vw, 922px\" \/><\/p>\n<p><img loading=\"lazy\" decoding=\"async\" class=\"alignnone size-large wp-image-15164\" src=\"https:\/\/institucional.ufrrj.br\/agroecologia\/files\/2023\/06\/WhatsApp-Image-2023-06-19-at-15.07.51-768x1024.jpeg\" alt=\"\" width=\"768\" height=\"1024\" srcset=\"https:\/\/institucional.ufrrj.br\/agroecologia\/files\/2023\/06\/WhatsApp-Image-2023-06-19-at-15.07.51-768x1024.jpeg 768w, https:\/\/institucional.ufrrj.br\/agroecologia\/files\/2023\/06\/WhatsApp-Image-2023-06-19-at-15.07.51-225x300.jpeg 225w, https:\/\/institucional.ufrrj.br\/agroecologia\/files\/2023\/06\/WhatsApp-Image-2023-06-19-at-15.07.51-1152x1536.jpeg 1152w, https:\/\/institucional.ufrrj.br\/agroecologia\/files\/2023\/06\/WhatsApp-Image-2023-06-19-at-15.07.51.jpeg 1200w\" sizes=\"auto, (max-width: 768px) 100vw, 768px\" \/><\/p>\n<p><span style=\"font-weight: 400\">Lembrando a todos que a <\/span><span style=\"font-weight: 400\">FAF<\/span><span style=\"font-weight: 400\"> continua no corredor do <\/span><span style=\"font-weight: 400\">P<\/span><span style=\"font-weight: 400\">1 semanalmente \u00e0s quartas, mas agora temos tamb\u00e9m o Ponto de Venda no <\/span><span style=\"font-weight: 400\">CTUR<\/span><span style=\"font-weight: 400\"> com os mesmos produtos e pre\u00e7os, possibilitando o cliente escolher onde deseja comprar!<\/span><\/p>\n<p><span style=\"font-weight: 400\">Gostou? Ajude-nos a divulgar e seja um multiplicador dessa rede de fortalecimento da agricultura familiar na Baixada Fluminense!<\/span><\/p>\n","protected":false},"excerpt":{"rendered":"<p>Voc\u00ea sabia que a FAF Serop\u00e9dica tem um ponto de venda no Col\u00e9gio T\u00e9cnico da Rural? &nbsp; A partir de <a class=\"read-more\" href=\"https:\/\/institucional.ufrrj.br\/agroecologia\/feira\/vendas-no-ctur\/ \" >&#8230; <span class=\"font-italic\">leia mais <i class=\"fas fa-angle-right\"><\/i><\/span><\/a><\/p>\n","protected":false},"author":722,"featured_media":0,"parent":13629,"menu_order":0,"comment_status":"closed","ping_status":"closed","template":"","meta":{"_acf_changed":false,"footnotes":""},"class_list":["post-15085","page","type-page","status-publish","hentry"],"yoast_head":"<!-- This site is optimized with the Yoast SEO plugin v27.2 - https:\/\/yoast.com\/product\/yoast-seo-wordpress\/ -->\n<title>Vendas no CTUR - Programa de Fortalecimento da Agricultura Familiar<\/title>\n<meta name=\"robots\" content=\"index, follow, max-snippet:-1, max-image-preview:large, max-video-preview:-1\" \/>\n<link rel=\"canonical\" href=\"https:\/\/institucional.ufrrj.br\/agroecologia\/feira\/vendas-no-ctur\/\" \/>\n<meta property=\"og:locale\" content=\"pt_BR\" \/>\n<meta property=\"og:type\" content=\"article\" \/>\n<meta property=\"og:title\" content=\"Vendas no CTUR - Programa de Fortalecimento da Agricultura Familiar\" \/>\n<meta property=\"og:description\" content=\"Voc\u00ea sabia que a FAF Serop\u00e9dica tem um ponto de venda no Col\u00e9gio T\u00e9cnico da Rural? &nbsp; A partir de ... leia mais\" \/>\n<meta property=\"og:url\" content=\"https:\/\/institucional.ufrrj.br\/agroecologia\/feira\/vendas-no-ctur\/\" \/>\n<meta property=\"og:site_name\" content=\"Programa de Fortalecimento da Agricultura Familiar\" \/>\n<meta property=\"article:modified_time\" content=\"2023-06-19T18:21:12+00:00\" \/>\n<meta property=\"og:image\" content=\"https:\/\/institucional.ufrrj.br\/agroecologia\/files\/2022\/11\/WhatsApp-Image-2022-11-06-at-14.06.43.jpeg\" \/>\n\t<meta property=\"og:image:width\" content=\"1153\" \/>\n\t<meta property=\"og:image:height\" content=\"1280\" \/>\n\t<meta property=\"og:image:type\" content=\"image\/jpeg\" \/>\n<meta name=\"twitter:card\" content=\"summary_large_image\" \/>\n<meta name=\"twitter:label1\" content=\"Est. tempo de leitura\" \/>\n\t<meta name=\"twitter:data1\" content=\"1 minuto\" \/>\n<script type=\"application\/ld+json\" class=\"yoast-schema-graph\">{\"@context\":\"https:\/\/schema.org\",\"@graph\":[{\"@type\":\"WebPage\",\"@id\":\"https:\/\/institucional.ufrrj.br\/agroecologia\/feira\/vendas-no-ctur\/\",\"url\":\"https:\/\/institucional.ufrrj.br\/agroecologia\/feira\/vendas-no-ctur\/\",\"name\":\"Vendas no CTUR - Programa de Fortalecimento da Agricultura Familiar\",\"isPartOf\":{\"@id\":\"https:\/\/institucional.ufrrj.br\/agroecologia\/#website\"},\"primaryImageOfPage\":{\"@id\":\"https:\/\/institucional.ufrrj.br\/agroecologia\/feira\/vendas-no-ctur\/#primaryimage\"},\"image\":{\"@id\":\"https:\/\/institucional.ufrrj.br\/agroecologia\/feira\/vendas-no-ctur\/#primaryimage\"},\"thumbnailUrl\":\"https:\/\/institucional.ufrrj.br\/agroecologia\/files\/2022\/11\/WhatsApp-Image-2022-11-06-at-14.06.43-922x1024.jpeg\",\"datePublished\":\"2022-11-06T17:12:04+00:00\",\"dateModified\":\"2023-06-19T18:21:12+00:00\",\"breadcrumb\":{\"@id\":\"https:\/\/institucional.ufrrj.br\/agroecologia\/feira\/vendas-no-ctur\/#breadcrumb\"},\"inLanguage\":\"pt-BR\",\"potentialAction\":[{\"@type\":\"ReadAction\",\"target\":[\"https:\/\/institucional.ufrrj.br\/agroecologia\/feira\/vendas-no-ctur\/\"]}]},{\"@type\":\"ImageObject\",\"inLanguage\":\"pt-BR\",\"@id\":\"https:\/\/institucional.ufrrj.br\/agroecologia\/feira\/vendas-no-ctur\/#primaryimage\",\"url\":\"https:\/\/institucional.ufrrj.br\/agroecologia\/files\/2022\/11\/WhatsApp-Image-2022-11-06-at-14.06.43.jpeg\",\"contentUrl\":\"https:\/\/institucional.ufrrj.br\/agroecologia\/files\/2022\/11\/WhatsApp-Image-2022-11-06-at-14.06.43.jpeg\",\"width\":1153,\"height\":1280},{\"@type\":\"BreadcrumbList\",\"@id\":\"https:\/\/institucional.ufrrj.br\/agroecologia\/feira\/vendas-no-ctur\/#breadcrumb\",\"itemListElement\":[{\"@type\":\"ListItem\",\"position\":1,\"name\":\"In\u00edcio\",\"item\":\"https:\/\/institucional.ufrrj.br\/agroecologia\/\"},{\"@type\":\"ListItem\",\"position\":2,\"name\":\"FEIRAS\",\"item\":\"https:\/\/institucional.ufrrj.br\/agroecologia\/feira\/\"},{\"@type\":\"ListItem\",\"position\":3,\"name\":\"Vendas no CTUR\"}]},{\"@type\":\"WebSite\",\"@id\":\"https:\/\/institucional.ufrrj.br\/agroecologia\/#website\",\"url\":\"https:\/\/institucional.ufrrj.br\/agroecologia\/\",\"name\":\"Programa de Fortalecimento da Agricultura Familiar\",\"description\":\"\",\"potentialAction\":[{\"@type\":\"SearchAction\",\"target\":{\"@type\":\"EntryPoint\",\"urlTemplate\":\"https:\/\/institucional.ufrrj.br\/agroecologia\/?s={search_term_string}\"},\"query-input\":{\"@type\":\"PropertyValueSpecification\",\"valueRequired\":true,\"valueName\":\"search_term_string\"}}],\"inLanguage\":\"pt-BR\"}]}<\/script>\n<!-- \/ Yoast SEO plugin. -->","yoast_head_json":{"title":"Vendas no CTUR - Programa de Fortalecimento da Agricultura Familiar","robots":{"index":"index","follow":"follow","max-snippet":"max-snippet:-1","max-image-preview":"max-image-preview:large","max-video-preview":"max-video-preview:-1"},"canonical":"https:\/\/institucional.ufrrj.br\/agroecologia\/feira\/vendas-no-ctur\/","og_locale":"pt_BR","og_type":"article","og_title":"Vendas no CTUR - Programa de Fortalecimento da Agricultura Familiar","og_description":"Voc\u00ea sabia que a FAF Serop\u00e9dica tem um ponto de venda no Col\u00e9gio T\u00e9cnico da Rural? &nbsp; A partir de ... leia mais","og_url":"https:\/\/institucional.ufrrj.br\/agroecologia\/feira\/vendas-no-ctur\/","og_site_name":"Programa de Fortalecimento da Agricultura Familiar","article_modified_time":"2023-06-19T18:21:12+00:00","og_image":[{"width":1153,"height":1280,"url":"https:\/\/institucional.ufrrj.br\/agroecologia\/files\/2022\/11\/WhatsApp-Image-2022-11-06-at-14.06.43.jpeg","type":"image\/jpeg"}],"twitter_card":"summary_large_image","twitter_misc":{"Est. tempo de leitura":"1 minuto"},"schema":{"@context":"https:\/\/schema.org","@graph":[{"@type":"WebPage","@id":"https:\/\/institucional.ufrrj.br\/agroecologia\/feira\/vendas-no-ctur\/","url":"https:\/\/institucional.ufrrj.br\/agroecologia\/feira\/vendas-no-ctur\/","name":"Vendas no CTUR - Programa de Fortalecimento da Agricultura Familiar","isPartOf":{"@id":"https:\/\/institucional.ufrrj.br\/agroecologia\/#website"},"primaryImageOfPage":{"@id":"https:\/\/institucional.ufrrj.br\/agroecologia\/feira\/vendas-no-ctur\/#primaryimage"},"image":{"@id":"https:\/\/institucional.ufrrj.br\/agroecologia\/feira\/vendas-no-ctur\/#primaryimage"},"thumbnailUrl":"https:\/\/institucional.ufrrj.br\/agroecologia\/files\/2022\/11\/WhatsApp-Image-2022-11-06-at-14.06.43-922x1024.jpeg","datePublished":"2022-11-06T17:12:04+00:00","dateModified":"2023-06-19T18:21:12+00:00","breadcrumb":{"@id":"https:\/\/institucional.ufrrj.br\/agroecologia\/feira\/vendas-no-ctur\/#breadcrumb"},"inLanguage":"pt-BR","potentialAction":[{"@type":"ReadAction","target":["https:\/\/institucional.ufrrj.br\/agroecologia\/feira\/vendas-no-ctur\/"]}]},{"@type":"ImageObject","inLanguage":"pt-BR","@id":"https:\/\/institucional.ufrrj.br\/agroecologia\/feira\/vendas-no-ctur\/#primaryimage","url":"https:\/\/institucional.ufrrj.br\/agroecologia\/files\/2022\/11\/WhatsApp-Image-2022-11-06-at-14.06.43.jpeg","contentUrl":"https:\/\/institucional.ufrrj.br\/agroecologia\/files\/2022\/11\/WhatsApp-Image-2022-11-06-at-14.06.43.jpeg","width":1153,"height":1280},{"@type":"BreadcrumbList","@id":"https:\/\/institucional.ufrrj.br\/agroecologia\/feira\/vendas-no-ctur\/#breadcrumb","itemListElement":[{"@type":"ListItem","position":1,"name":"In\u00edcio","item":"https:\/\/institucional.ufrrj.br\/agroecologia\/"},{"@type":"ListItem","position":2,"name":"FEIRAS","item":"https:\/\/institucional.ufrrj.br\/agroecologia\/feira\/"},{"@type":"ListItem","position":3,"name":"Vendas no CTUR"}]},{"@type":"WebSite","@id":"https:\/\/institucional.ufrrj.br\/agroecologia\/#website","url":"https:\/\/institucional.ufrrj.br\/agroecologia\/","name":"Programa de Fortalecimento da Agricultura Familiar","description":"","potentialAction":[{"@type":"SearchAction","target":{"@type":"EntryPoint","urlTemplate":"https:\/\/institucional.ufrrj.br\/agroecologia\/?s={search_term_string}"},"query-input":{"@type":"PropertyValueSpecification","valueRequired":true,"valueName":"search_term_string"}}],"inLanguage":"pt-BR"}]}},"acf":[],"_links":{"self":[{"href":"https:\/\/institucional.ufrrj.br\/agroecologia\/wp-json\/wp\/v2\/pages\/15085","targetHints":{"allow":["GET"]}}],"collection":[{"href":"https:\/\/institucional.ufrrj.br\/agroecologia\/wp-json\/wp\/v2\/pages"}],"about":[{"href":"https:\/\/institucional.ufrrj.br\/agroecologia\/wp-json\/wp\/v2\/types\/page"}],"author":[{"embeddable":true,"href":"https:\/\/institucional.ufrrj.br\/agroecologia\/wp-json\/wp\/v2\/users\/722"}],"replies":[{"embeddable":true,"href":"https:\/\/institucional.ufrrj.br\/agroecologia\/wp-json\/wp\/v2\/comments?post=15085"}],"version-history":[{"count":3,"href":"https:\/\/institucional.ufrrj.br\/agroecologia\/wp-json\/wp\/v2\/pages\/15085\/revisions"}],"predecessor-version":[{"id":15166,"href":"https:\/\/institucional.ufrrj.br\/agroecologia\/wp-json\/wp\/v2\/pages\/15085\/revisions\/15166"}],"up":[{"embeddable":true,"href":"https:\/\/institucional.ufrrj.br\/agroecologia\/wp-json\/wp\/v2\/pages\/13629"}],"wp:attachment":[{"href":"https:\/\/institucional.ufrrj.br\/agroecologia\/wp-json\/wp\/v2\/media?parent=15085"}],"curies":[{"name":"wp","href":"https:\/\/api.w.org\/{rel}","templated":true}]}}