{"id":15079,"date":"2022-11-05T16:53:31","date_gmt":"2022-11-05T19:53:31","guid":{"rendered":"https:\/\/institucional.ufrrj.br\/agroecologia\/?page_id=15079"},"modified":"2023-07-21T11:35:46","modified_gmt":"2023-07-21T14:35:46","slug":"cesta-faf-nova-iguacu","status":"publish","type":"page","link":"https:\/\/institucional.ufrrj.br\/agroecologia\/cesta\/cesta-faf-nova-iguacu\/","title":{"rendered":"Cesta FAF Nova Igua\u00e7u"},"content":{"rendered":"<p><span style=\"font-weight: 400\">Agora a Cesta da Agricultura Familiar est\u00e1 em Nova Igua\u00e7u!!!<\/span><\/p>\n<p>&nbsp;<\/p>\n<p><span style=\"font-weight: 400\">Em agosto deste ano iniciamos com o nosso site de compras da Cesta da Agricultura Familiar voltado especialmente para o munic\u00edpio de Nova Igua\u00e7u (RJ).<\/span><\/p>\n<p><span style=\"font-weight: 400\">Ap\u00f3s dois anos de suspens\u00e3o, em raz\u00e3o da pandemia de COVID-19, a Feira da Agricultura Familiar (FAF) no campus do Instituto Multidisciplinar (IM) da Universidade Federal Rural do Rio de Janeiro retomou as suas atividades com funcionamento \u00e0s ter\u00e7as de 10h \u00e0s 15h. Participam conosco um grupo de produtoras e produtores rurais de diversas cidades da Baixada Fluminense que comercializam produtos org\u00e2nicos\/agroecol\u00f3gicos<em> in natura<\/em> ou processados.<\/span><\/p>\n<p><span style=\"font-weight: 400\">A novidade \u00e9 que temos agora estes produtos dispon\u00edveis para venda no <\/span><a href=\"http:\/\/www.fafni.com.br\"><span style=\"font-weight: 400\">www.fafni.com.br<\/span><\/a><span style=\"font-weight: 400\">. O site fica aberto para pedidos de ter\u00e7a \u00e0 s\u00e1bado. A retirada da cesta \u00e9 feita sempre na ter\u00e7a-feira a partir das 11h at\u00e9 15h, no hall do Restaurante Universit\u00e1rio do IM, mesmo dia e local que acontece a nossa feira. H\u00e1 tamb\u00e9m a op\u00e7\u00e3o de receber em casa via delivery e a taxa varia conforme o endere\u00e7o de entrega.<\/span><\/p>\n<p><span style=\"font-weight: 400\">Confira os nossos produtos e monte a sua cesta! Voc\u00ea tamb\u00e9m pode nos ajudar divulgando as a\u00e7\u00f5es da FAF que s\u00e3o importantes para incentivar o consumo consciente, a agroecologia e a agricultura familiar local.<\/span><\/p>\n<p><img loading=\"lazy\" decoding=\"async\" class=\"alignnone size-full wp-image-14936\" src=\"https:\/\/institucional.ufrrj.br\/agroecologia\/files\/2021\/09\/WhatsApp-Image-2021-09-01-at-22.02.29-1.jpeg\" alt=\"\" width=\"899\" height=\"980\" srcset=\"https:\/\/institucional.ufrrj.br\/agroecologia\/files\/2021\/09\/WhatsApp-Image-2021-09-01-at-22.02.29-1.jpeg 899w, https:\/\/institucional.ufrrj.br\/agroecologia\/files\/2021\/09\/WhatsApp-Image-2021-09-01-at-22.02.29-1-275x300.jpeg 275w, https:\/\/institucional.ufrrj.br\/agroecologia\/files\/2021\/09\/WhatsApp-Image-2021-09-01-at-22.02.29-1-768x837.jpeg 768w\" sizes=\"auto, (max-width: 899px) 100vw, 899px\" \/><\/p>\n<p>D\u00favidas? Entre em contato pelo n\u00famero (21) 98887-4755 ou pelo nosso Instagram @feiraufrrj.<\/p>\n","protected":false},"excerpt":{"rendered":"<p>Agora a Cesta da Agricultura Familiar est\u00e1 em Nova Igua\u00e7u!!! &nbsp; Em agosto deste ano iniciamos com o nosso site <a class=\"read-more\" href=\"https:\/\/institucional.ufrrj.br\/agroecologia\/cesta\/cesta-faf-nova-iguacu\/ \" >&#8230; <span class=\"font-italic\">leia mais <i class=\"fas fa-angle-right\"><\/i><\/span><\/a><\/p>\n","protected":false},"author":722,"featured_media":0,"parent":14921,"menu_order":3,"comment_status":"closed","ping_status":"closed","template":"","meta":{"_acf_changed":false,"footnotes":""},"class_list":["post-15079","page","type-page","status-publish","hentry"],"yoast_head":"<!-- This site is optimized with the Yoast SEO plugin v27.2 - https:\/\/yoast.com\/product\/yoast-seo-wordpress\/ -->\n<title>Cesta FAF Nova Igua\u00e7u - Programa de Fortalecimento da Agricultura Familiar<\/title>\n<meta name=\"robots\" content=\"index, follow, max-snippet:-1, max-image-preview:large, max-video-preview:-1\" \/>\n<link rel=\"canonical\" href=\"https:\/\/institucional.ufrrj.br\/agroecologia\/cesta\/cesta-faf-nova-iguacu\/\" \/>\n<meta property=\"og:locale\" content=\"pt_BR\" \/>\n<meta property=\"og:type\" content=\"article\" \/>\n<meta property=\"og:title\" content=\"Cesta FAF Nova Igua\u00e7u - Programa de Fortalecimento da Agricultura Familiar\" \/>\n<meta property=\"og:description\" content=\"Agora a Cesta da Agricultura Familiar est\u00e1 em Nova Igua\u00e7u!!! &nbsp; Em agosto deste ano iniciamos com o nosso site ... leia mais\" \/>\n<meta property=\"og:url\" content=\"https:\/\/institucional.ufrrj.br\/agroecologia\/cesta\/cesta-faf-nova-iguacu\/\" \/>\n<meta property=\"og:site_name\" content=\"Programa de Fortalecimento da Agricultura Familiar\" \/>\n<meta property=\"article:modified_time\" content=\"2023-07-21T14:35:46+00:00\" \/>\n<meta property=\"og:image\" content=\"https:\/\/institucional.ufrrj.br\/agroecologia\/files\/2021\/09\/WhatsApp-Image-2021-09-01-at-22.02.29-1.jpeg\" \/>\n\t<meta property=\"og:image:width\" content=\"899\" \/>\n\t<meta property=\"og:image:height\" content=\"980\" \/>\n\t<meta property=\"og:image:type\" content=\"image\/jpeg\" \/>\n<meta name=\"twitter:card\" content=\"summary_large_image\" \/>\n<meta name=\"twitter:label1\" content=\"Est. tempo de leitura\" \/>\n\t<meta name=\"twitter:data1\" content=\"1 minuto\" \/>\n<script type=\"application\/ld+json\" class=\"yoast-schema-graph\">{\"@context\":\"https:\/\/schema.org\",\"@graph\":[{\"@type\":\"WebPage\",\"@id\":\"https:\/\/institucional.ufrrj.br\/agroecologia\/cesta\/cesta-faf-nova-iguacu\/\",\"url\":\"https:\/\/institucional.ufrrj.br\/agroecologia\/cesta\/cesta-faf-nova-iguacu\/\",\"name\":\"Cesta FAF Nova Igua\u00e7u - Programa de Fortalecimento da Agricultura Familiar\",\"isPartOf\":{\"@id\":\"https:\/\/institucional.ufrrj.br\/agroecologia\/#website\"},\"primaryImageOfPage\":{\"@id\":\"https:\/\/institucional.ufrrj.br\/agroecologia\/cesta\/cesta-faf-nova-iguacu\/#primaryimage\"},\"image\":{\"@id\":\"https:\/\/institucional.ufrrj.br\/agroecologia\/cesta\/cesta-faf-nova-iguacu\/#primaryimage\"},\"thumbnailUrl\":\"https:\/\/institucional.ufrrj.br\/agroecologia\/files\/2021\/09\/WhatsApp-Image-2021-09-01-at-22.02.29-1.jpeg\",\"datePublished\":\"2022-11-05T19:53:31+00:00\",\"dateModified\":\"2023-07-21T14:35:46+00:00\",\"breadcrumb\":{\"@id\":\"https:\/\/institucional.ufrrj.br\/agroecologia\/cesta\/cesta-faf-nova-iguacu\/#breadcrumb\"},\"inLanguage\":\"pt-BR\",\"potentialAction\":[{\"@type\":\"ReadAction\",\"target\":[\"https:\/\/institucional.ufrrj.br\/agroecologia\/cesta\/cesta-faf-nova-iguacu\/\"]}]},{\"@type\":\"ImageObject\",\"inLanguage\":\"pt-BR\",\"@id\":\"https:\/\/institucional.ufrrj.br\/agroecologia\/cesta\/cesta-faf-nova-iguacu\/#primaryimage\",\"url\":\"https:\/\/institucional.ufrrj.br\/agroecologia\/files\/2021\/09\/WhatsApp-Image-2021-09-01-at-22.02.29-1.jpeg\",\"contentUrl\":\"https:\/\/institucional.ufrrj.br\/agroecologia\/files\/2021\/09\/WhatsApp-Image-2021-09-01-at-22.02.29-1.jpeg\",\"width\":899,\"height\":980},{\"@type\":\"BreadcrumbList\",\"@id\":\"https:\/\/institucional.ufrrj.br\/agroecologia\/cesta\/cesta-faf-nova-iguacu\/#breadcrumb\",\"itemListElement\":[{\"@type\":\"ListItem\",\"position\":1,\"name\":\"In\u00edcio\",\"item\":\"https:\/\/institucional.ufrrj.br\/agroecologia\/\"},{\"@type\":\"ListItem\",\"position\":2,\"name\":\"CESTA\",\"item\":\"https:\/\/institucional.ufrrj.br\/agroecologia\/cesta\/\"},{\"@type\":\"ListItem\",\"position\":3,\"name\":\"Cesta FAF Nova Igua\u00e7u\"}]},{\"@type\":\"WebSite\",\"@id\":\"https:\/\/institucional.ufrrj.br\/agroecologia\/#website\",\"url\":\"https:\/\/institucional.ufrrj.br\/agroecologia\/\",\"name\":\"Programa de Fortalecimento da Agricultura Familiar\",\"description\":\"\",\"potentialAction\":[{\"@type\":\"SearchAction\",\"target\":{\"@type\":\"EntryPoint\",\"urlTemplate\":\"https:\/\/institucional.ufrrj.br\/agroecologia\/?s={search_term_string}\"},\"query-input\":{\"@type\":\"PropertyValueSpecification\",\"valueRequired\":true,\"valueName\":\"search_term_string\"}}],\"inLanguage\":\"pt-BR\"}]}<\/script>\n<!-- \/ Yoast SEO plugin. -->","yoast_head_json":{"title":"Cesta FAF Nova Igua\u00e7u - Programa de Fortalecimento da Agricultura Familiar","robots":{"index":"index","follow":"follow","max-snippet":"max-snippet:-1","max-image-preview":"max-image-preview:large","max-video-preview":"max-video-preview:-1"},"canonical":"https:\/\/institucional.ufrrj.br\/agroecologia\/cesta\/cesta-faf-nova-iguacu\/","og_locale":"pt_BR","og_type":"article","og_title":"Cesta FAF Nova Igua\u00e7u - Programa de Fortalecimento da Agricultura Familiar","og_description":"Agora a Cesta da Agricultura Familiar est\u00e1 em Nova Igua\u00e7u!!! &nbsp; Em agosto deste ano iniciamos com o nosso site ... leia mais","og_url":"https:\/\/institucional.ufrrj.br\/agroecologia\/cesta\/cesta-faf-nova-iguacu\/","og_site_name":"Programa de Fortalecimento da Agricultura Familiar","article_modified_time":"2023-07-21T14:35:46+00:00","og_image":[{"width":899,"height":980,"url":"https:\/\/institucional.ufrrj.br\/agroecologia\/files\/2021\/09\/WhatsApp-Image-2021-09-01-at-22.02.29-1.jpeg","type":"image\/jpeg"}],"twitter_card":"summary_large_image","twitter_misc":{"Est. tempo de leitura":"1 minuto"},"schema":{"@context":"https:\/\/schema.org","@graph":[{"@type":"WebPage","@id":"https:\/\/institucional.ufrrj.br\/agroecologia\/cesta\/cesta-faf-nova-iguacu\/","url":"https:\/\/institucional.ufrrj.br\/agroecologia\/cesta\/cesta-faf-nova-iguacu\/","name":"Cesta FAF Nova Igua\u00e7u - Programa de Fortalecimento da Agricultura Familiar","isPartOf":{"@id":"https:\/\/institucional.ufrrj.br\/agroecologia\/#website"},"primaryImageOfPage":{"@id":"https:\/\/institucional.ufrrj.br\/agroecologia\/cesta\/cesta-faf-nova-iguacu\/#primaryimage"},"image":{"@id":"https:\/\/institucional.ufrrj.br\/agroecologia\/cesta\/cesta-faf-nova-iguacu\/#primaryimage"},"thumbnailUrl":"https:\/\/institucional.ufrrj.br\/agroecologia\/files\/2021\/09\/WhatsApp-Image-2021-09-01-at-22.02.29-1.jpeg","datePublished":"2022-11-05T19:53:31+00:00","dateModified":"2023-07-21T14:35:46+00:00","breadcrumb":{"@id":"https:\/\/institucional.ufrrj.br\/agroecologia\/cesta\/cesta-faf-nova-iguacu\/#breadcrumb"},"inLanguage":"pt-BR","potentialAction":[{"@type":"ReadAction","target":["https:\/\/institucional.ufrrj.br\/agroecologia\/cesta\/cesta-faf-nova-iguacu\/"]}]},{"@type":"ImageObject","inLanguage":"pt-BR","@id":"https:\/\/institucional.ufrrj.br\/agroecologia\/cesta\/cesta-faf-nova-iguacu\/#primaryimage","url":"https:\/\/institucional.ufrrj.br\/agroecologia\/files\/2021\/09\/WhatsApp-Image-2021-09-01-at-22.02.29-1.jpeg","contentUrl":"https:\/\/institucional.ufrrj.br\/agroecologia\/files\/2021\/09\/WhatsApp-Image-2021-09-01-at-22.02.29-1.jpeg","width":899,"height":980},{"@type":"BreadcrumbList","@id":"https:\/\/institucional.ufrrj.br\/agroecologia\/cesta\/cesta-faf-nova-iguacu\/#breadcrumb","itemListElement":[{"@type":"ListItem","position":1,"name":"In\u00edcio","item":"https:\/\/institucional.ufrrj.br\/agroecologia\/"},{"@type":"ListItem","position":2,"name":"CESTA","item":"https:\/\/institucional.ufrrj.br\/agroecologia\/cesta\/"},{"@type":"ListItem","position":3,"name":"Cesta FAF Nova Igua\u00e7u"}]},{"@type":"WebSite","@id":"https:\/\/institucional.ufrrj.br\/agroecologia\/#website","url":"https:\/\/institucional.ufrrj.br\/agroecologia\/","name":"Programa de Fortalecimento da Agricultura Familiar","description":"","potentialAction":[{"@type":"SearchAction","target":{"@type":"EntryPoint","urlTemplate":"https:\/\/institucional.ufrrj.br\/agroecologia\/?s={search_term_string}"},"query-input":{"@type":"PropertyValueSpecification","valueRequired":true,"valueName":"search_term_string"}}],"inLanguage":"pt-BR"}]}},"acf":[],"_links":{"self":[{"href":"https:\/\/institucional.ufrrj.br\/agroecologia\/wp-json\/wp\/v2\/pages\/15079","targetHints":{"allow":["GET"]}}],"collection":[{"href":"https:\/\/institucional.ufrrj.br\/agroecologia\/wp-json\/wp\/v2\/pages"}],"about":[{"href":"https:\/\/institucional.ufrrj.br\/agroecologia\/wp-json\/wp\/v2\/types\/page"}],"author":[{"embeddable":true,"href":"https:\/\/institucional.ufrrj.br\/agroecologia\/wp-json\/wp\/v2\/users\/722"}],"replies":[{"embeddable":true,"href":"https:\/\/institucional.ufrrj.br\/agroecologia\/wp-json\/wp\/v2\/comments?post=15079"}],"version-history":[{"count":5,"href":"https:\/\/institucional.ufrrj.br\/agroecologia\/wp-json\/wp\/v2\/pages\/15079\/revisions"}],"predecessor-version":[{"id":15195,"href":"https:\/\/institucional.ufrrj.br\/agroecologia\/wp-json\/wp\/v2\/pages\/15079\/revisions\/15195"}],"up":[{"embeddable":true,"href":"https:\/\/institucional.ufrrj.br\/agroecologia\/wp-json\/wp\/v2\/pages\/14921"}],"wp:attachment":[{"href":"https:\/\/institucional.ufrrj.br\/agroecologia\/wp-json\/wp\/v2\/media?parent=15079"}],"curies":[{"name":"wp","href":"https:\/\/api.w.org\/{rel}","templated":true}]}}