{"id":14921,"date":"2021-09-01T20:00:41","date_gmt":"2021-09-01T23:00:41","guid":{"rendered":"http:\/\/institucional.ufrrj.br\/agroecologia\/?page_id=14921"},"modified":"2023-07-21T11:36:20","modified_gmt":"2023-07-21T14:36:20","slug":"cesta","status":"publish","type":"page","link":"https:\/\/institucional.ufrrj.br\/agroecologia\/cesta\/","title":{"rendered":"CESTA"},"content":{"rendered":"<p>A Cesta da Agricultura Familiar foi uma alternativa da FAF para comercializa\u00e7\u00e3o em tempos de pandemia. Dado o decreto de quarentena em mar\u00e7o de 2020 e a suspens\u00e3o das atividades presenciais da feira, tanto em Serop\u00e9dica quanto em Nova Igua\u00e7u, foi pensado em um novo formato de canal para venda que respeitasse o isolamento e n\u00e3o houvesse intera\u00e7\u00e3o, evitando assim o cont\u00e1gio.<\/p>\n<p>Dessa forma a equipe da FAF, que conta com alunos e profissionais de forma\u00e7\u00f5es multidisciplinares, criou em abril de 2020 uma plataforma online (www.fafrural.com.br) onde os clientes podem acessar o site entre ter\u00e7a e sexta-feira e escolher os produtos que ir\u00e3o compor sua cesta. A retirada da cesta se d\u00e1 na quarta da semana seguinte no CTUR, local onde ocorre a feira desde agosto de 2020.<\/p>\n<p><img loading=\"lazy\" decoding=\"async\" class=\"aligncenter wp-image-14933 size-full\" src=\"https:\/\/institucional.ufrrj.br\/agroecologia\/files\/2021\/09\/Screenshot_2.png\" alt=\"\" width=\"870\" height=\"655\" srcset=\"https:\/\/institucional.ufrrj.br\/agroecologia\/files\/2021\/09\/Screenshot_2.png 870w, https:\/\/institucional.ufrrj.br\/agroecologia\/files\/2021\/09\/Screenshot_2-300x226.png 300w, https:\/\/institucional.ufrrj.br\/agroecologia\/files\/2021\/09\/Screenshot_2-768x578.png 768w\" sizes=\"auto, (max-width: 870px) 100vw, 870px\" \/><\/p>\n<p>&nbsp;<\/p>\n<p>Foi instalado tamb\u00e9m o sistema de delivery, atendendo assim moradores de Serop\u00e9dica que residem entre a Ecologia e o km 54 e tamb\u00e9m os clientes da feira de Nova Igua\u00e7u, que podem retirar sua cesta no Instituto Multidisciplinar, campus da UFRRJ em Nova Igua\u00e7u.<\/p>\n<p>Pensando que nos tempos de hoje a internet \u00e9 cada vez mais presente em nossas vidas e nos auxiliou facilitando o acesso a diversos servi\u00e7os, a forma de comercializa\u00e7\u00e3o via plataforma online consegue atingir um n\u00famero amplo de pessoas que optam por continuar consumindo os produtos da agricultura familiar e acabam apoiando o projeto sem sair de casa. Al\u00e9m disso, \u00e9 um canal de escoamento da produ\u00e7\u00e3o important\u00edssimo para os agricultores que com essa nova modalidade de venda tiveram a oportunidade de complementar a renda e divulgar ainda mais seus produtos.<\/p>\n<p><img loading=\"lazy\" decoding=\"async\" class=\"alignnone size-large wp-image-15194\" src=\"https:\/\/institucional.ufrrj.br\/agroecologia\/files\/2023\/07\/IMG_20230329_093857047_HDR-1-999x1024.jpg\" alt=\"\" width=\"999\" height=\"1024\" srcset=\"https:\/\/institucional.ufrrj.br\/agroecologia\/files\/2023\/07\/IMG_20230329_093857047_HDR-1-999x1024.jpg 999w, https:\/\/institucional.ufrrj.br\/agroecologia\/files\/2023\/07\/IMG_20230329_093857047_HDR-1-293x300.jpg 293w, https:\/\/institucional.ufrrj.br\/agroecologia\/files\/2023\/07\/IMG_20230329_093857047_HDR-1-768x787.jpg 768w, https:\/\/institucional.ufrrj.br\/agroecologia\/files\/2023\/07\/IMG_20230329_093857047_HDR-1-1498x1536.jpg 1498w, https:\/\/institucional.ufrrj.br\/agroecologia\/files\/2023\/07\/IMG_20230329_093857047_HDR-1.jpg 1951w\" sizes=\"auto, (max-width: 999px) 100vw, 999px\" \/><\/p>\n","protected":false},"excerpt":{"rendered":"<p>A Cesta da Agricultura Familiar foi uma alternativa da FAF para comercializa\u00e7\u00e3o em tempos de pandemia. Dado o decreto de <a class=\"read-more\" href=\"https:\/\/institucional.ufrrj.br\/agroecologia\/cesta\/ \" >&#8230; <span class=\"font-italic\">leia mais <i class=\"fas fa-angle-right\"><\/i><\/span><\/a><\/p>\n","protected":false},"author":722,"featured_media":0,"parent":0,"menu_order":0,"comment_status":"closed","ping_status":"closed","template":"","meta":{"_acf_changed":false,"footnotes":""},"class_list":["post-14921","page","type-page","status-publish","hentry"],"yoast_head":"<!-- This site is optimized with the Yoast SEO plugin v27.2 - https:\/\/yoast.com\/product\/yoast-seo-wordpress\/ -->\n<title>CESTA - Programa de Fortalecimento da Agricultura Familiar<\/title>\n<meta name=\"robots\" content=\"index, follow, max-snippet:-1, max-image-preview:large, max-video-preview:-1\" \/>\n<link rel=\"canonical\" href=\"https:\/\/institucional.ufrrj.br\/agroecologia\/cesta\/\" \/>\n<meta property=\"og:locale\" content=\"pt_BR\" \/>\n<meta property=\"og:type\" content=\"article\" \/>\n<meta property=\"og:title\" content=\"CESTA - Programa de Fortalecimento da Agricultura Familiar\" \/>\n<meta property=\"og:description\" content=\"A Cesta da Agricultura Familiar foi uma alternativa da FAF para comercializa\u00e7\u00e3o em tempos de pandemia. Dado o decreto de ... leia mais\" \/>\n<meta property=\"og:url\" content=\"https:\/\/institucional.ufrrj.br\/agroecologia\/cesta\/\" \/>\n<meta property=\"og:site_name\" content=\"Programa de Fortalecimento da Agricultura Familiar\" \/>\n<meta property=\"article:modified_time\" content=\"2023-07-21T14:36:20+00:00\" \/>\n<meta property=\"og:image\" content=\"http:\/\/institucional.ufrrj.br\/agroecologia\/files\/2021\/09\/Screenshot_2.png\" \/>\n<meta name=\"twitter:card\" content=\"summary_large_image\" \/>\n<meta name=\"twitter:label1\" content=\"Est. tempo de leitura\" \/>\n\t<meta name=\"twitter:data1\" content=\"1 minuto\" \/>\n<script type=\"application\/ld+json\" class=\"yoast-schema-graph\">{\"@context\":\"https:\/\/schema.org\",\"@graph\":[{\"@type\":\"WebPage\",\"@id\":\"https:\/\/institucional.ufrrj.br\/agroecologia\/cesta\/\",\"url\":\"https:\/\/institucional.ufrrj.br\/agroecologia\/cesta\/\",\"name\":\"CESTA - Programa de Fortalecimento da Agricultura Familiar\",\"isPartOf\":{\"@id\":\"https:\/\/institucional.ufrrj.br\/agroecologia\/#website\"},\"primaryImageOfPage\":{\"@id\":\"https:\/\/institucional.ufrrj.br\/agroecologia\/cesta\/#primaryimage\"},\"image\":{\"@id\":\"https:\/\/institucional.ufrrj.br\/agroecologia\/cesta\/#primaryimage\"},\"thumbnailUrl\":\"http:\/\/institucional.ufrrj.br\/agroecologia\/files\/2021\/09\/Screenshot_2.png\",\"datePublished\":\"2021-09-01T23:00:41+00:00\",\"dateModified\":\"2023-07-21T14:36:20+00:00\",\"breadcrumb\":{\"@id\":\"https:\/\/institucional.ufrrj.br\/agroecologia\/cesta\/#breadcrumb\"},\"inLanguage\":\"pt-BR\",\"potentialAction\":[{\"@type\":\"ReadAction\",\"target\":[\"https:\/\/institucional.ufrrj.br\/agroecologia\/cesta\/\"]}]},{\"@type\":\"ImageObject\",\"inLanguage\":\"pt-BR\",\"@id\":\"https:\/\/institucional.ufrrj.br\/agroecologia\/cesta\/#primaryimage\",\"url\":\"http:\/\/institucional.ufrrj.br\/agroecologia\/files\/2021\/09\/Screenshot_2.png\",\"contentUrl\":\"http:\/\/institucional.ufrrj.br\/agroecologia\/files\/2021\/09\/Screenshot_2.png\"},{\"@type\":\"BreadcrumbList\",\"@id\":\"https:\/\/institucional.ufrrj.br\/agroecologia\/cesta\/#breadcrumb\",\"itemListElement\":[{\"@type\":\"ListItem\",\"position\":1,\"name\":\"In\u00edcio\",\"item\":\"https:\/\/institucional.ufrrj.br\/agroecologia\/\"},{\"@type\":\"ListItem\",\"position\":2,\"name\":\"CESTA\"}]},{\"@type\":\"WebSite\",\"@id\":\"https:\/\/institucional.ufrrj.br\/agroecologia\/#website\",\"url\":\"https:\/\/institucional.ufrrj.br\/agroecologia\/\",\"name\":\"Programa de Fortalecimento da Agricultura Familiar\",\"description\":\"\",\"potentialAction\":[{\"@type\":\"SearchAction\",\"target\":{\"@type\":\"EntryPoint\",\"urlTemplate\":\"https:\/\/institucional.ufrrj.br\/agroecologia\/?s={search_term_string}\"},\"query-input\":{\"@type\":\"PropertyValueSpecification\",\"valueRequired\":true,\"valueName\":\"search_term_string\"}}],\"inLanguage\":\"pt-BR\"}]}<\/script>\n<!-- \/ Yoast SEO plugin. -->","yoast_head_json":{"title":"CESTA - Programa de Fortalecimento da Agricultura Familiar","robots":{"index":"index","follow":"follow","max-snippet":"max-snippet:-1","max-image-preview":"max-image-preview:large","max-video-preview":"max-video-preview:-1"},"canonical":"https:\/\/institucional.ufrrj.br\/agroecologia\/cesta\/","og_locale":"pt_BR","og_type":"article","og_title":"CESTA - Programa de Fortalecimento da Agricultura Familiar","og_description":"A Cesta da Agricultura Familiar foi uma alternativa da FAF para comercializa\u00e7\u00e3o em tempos de pandemia. Dado o decreto de ... leia mais","og_url":"https:\/\/institucional.ufrrj.br\/agroecologia\/cesta\/","og_site_name":"Programa de Fortalecimento da Agricultura Familiar","article_modified_time":"2023-07-21T14:36:20+00:00","og_image":[{"url":"http:\/\/institucional.ufrrj.br\/agroecologia\/files\/2021\/09\/Screenshot_2.png","type":"","width":"","height":""}],"twitter_card":"summary_large_image","twitter_misc":{"Est. tempo de leitura":"1 minuto"},"schema":{"@context":"https:\/\/schema.org","@graph":[{"@type":"WebPage","@id":"https:\/\/institucional.ufrrj.br\/agroecologia\/cesta\/","url":"https:\/\/institucional.ufrrj.br\/agroecologia\/cesta\/","name":"CESTA - Programa de Fortalecimento da Agricultura Familiar","isPartOf":{"@id":"https:\/\/institucional.ufrrj.br\/agroecologia\/#website"},"primaryImageOfPage":{"@id":"https:\/\/institucional.ufrrj.br\/agroecologia\/cesta\/#primaryimage"},"image":{"@id":"https:\/\/institucional.ufrrj.br\/agroecologia\/cesta\/#primaryimage"},"thumbnailUrl":"http:\/\/institucional.ufrrj.br\/agroecologia\/files\/2021\/09\/Screenshot_2.png","datePublished":"2021-09-01T23:00:41+00:00","dateModified":"2023-07-21T14:36:20+00:00","breadcrumb":{"@id":"https:\/\/institucional.ufrrj.br\/agroecologia\/cesta\/#breadcrumb"},"inLanguage":"pt-BR","potentialAction":[{"@type":"ReadAction","target":["https:\/\/institucional.ufrrj.br\/agroecologia\/cesta\/"]}]},{"@type":"ImageObject","inLanguage":"pt-BR","@id":"https:\/\/institucional.ufrrj.br\/agroecologia\/cesta\/#primaryimage","url":"http:\/\/institucional.ufrrj.br\/agroecologia\/files\/2021\/09\/Screenshot_2.png","contentUrl":"http:\/\/institucional.ufrrj.br\/agroecologia\/files\/2021\/09\/Screenshot_2.png"},{"@type":"BreadcrumbList","@id":"https:\/\/institucional.ufrrj.br\/agroecologia\/cesta\/#breadcrumb","itemListElement":[{"@type":"ListItem","position":1,"name":"In\u00edcio","item":"https:\/\/institucional.ufrrj.br\/agroecologia\/"},{"@type":"ListItem","position":2,"name":"CESTA"}]},{"@type":"WebSite","@id":"https:\/\/institucional.ufrrj.br\/agroecologia\/#website","url":"https:\/\/institucional.ufrrj.br\/agroecologia\/","name":"Programa de Fortalecimento da Agricultura Familiar","description":"","potentialAction":[{"@type":"SearchAction","target":{"@type":"EntryPoint","urlTemplate":"https:\/\/institucional.ufrrj.br\/agroecologia\/?s={search_term_string}"},"query-input":{"@type":"PropertyValueSpecification","valueRequired":true,"valueName":"search_term_string"}}],"inLanguage":"pt-BR"}]}},"acf":[],"_links":{"self":[{"href":"https:\/\/institucional.ufrrj.br\/agroecologia\/wp-json\/wp\/v2\/pages\/14921","targetHints":{"allow":["GET"]}}],"collection":[{"href":"https:\/\/institucional.ufrrj.br\/agroecologia\/wp-json\/wp\/v2\/pages"}],"about":[{"href":"https:\/\/institucional.ufrrj.br\/agroecologia\/wp-json\/wp\/v2\/types\/page"}],"author":[{"embeddable":true,"href":"https:\/\/institucional.ufrrj.br\/agroecologia\/wp-json\/wp\/v2\/users\/722"}],"replies":[{"embeddable":true,"href":"https:\/\/institucional.ufrrj.br\/agroecologia\/wp-json\/wp\/v2\/comments?post=14921"}],"version-history":[{"count":8,"href":"https:\/\/institucional.ufrrj.br\/agroecologia\/wp-json\/wp\/v2\/pages\/14921\/revisions"}],"predecessor-version":[{"id":15196,"href":"https:\/\/institucional.ufrrj.br\/agroecologia\/wp-json\/wp\/v2\/pages\/14921\/revisions\/15196"}],"wp:attachment":[{"href":"https:\/\/institucional.ufrrj.br\/agroecologia\/wp-json\/wp\/v2\/media?parent=14921"}],"curies":[{"name":"wp","href":"https:\/\/api.w.org\/{rel}","templated":true}]}}