{"id":14020,"date":"2019-05-21T15:18:33","date_gmt":"2019-05-21T18:18:33","guid":{"rendered":"http:\/\/institucional.ufrrj.br\/agroecologia\/?page_id=14020"},"modified":"2021-07-29T11:07:45","modified_gmt":"2021-07-29T14:07:45","slug":"campus-nova-iguacu","status":"publish","type":"page","link":"https:\/\/institucional.ufrrj.br\/agroecologia\/paa\/campus-nova-iguacu\/","title":{"rendered":"Campus Nova Igua\u00e7u"},"content":{"rendered":"<ul>\n<li><a href=\"http:\/\/portal.ufrrj.br\/wp-content\/uploads\/2019\/01\/Chamada-p%C3%BAblica-N%C2%BA-01_2019_UFRRJ_Campus-Nova-Igua%C3%A7u.pdf\"><strong>Chamada 01\/2019<\/strong><\/a><\/li>\n<\/ul>\n<p><strong>Processo N\u00ba<\/strong><strong> 23083.018519\/2017-23 \u2013 Campus Nova Igua\u00e7u<\/strong><\/p>\n<p><strong>Situa\u00e7\u00e3o atual: <\/strong>Encerrado<\/p>\n<p><strong>N\u00famero de itens no edital: <\/strong>7<\/p>\n<p><strong>N\u00famero de itens fornecidos: <\/strong>3<\/p>\n<p><strong>Quantidade prevista no edital: <\/strong>16.332 kg<\/p>\n<p><strong>Quantidade fornecida: <\/strong>2.277,4 Kg<\/p>\n<p><strong>Fornecedores classificados para entrega: <\/strong>2<\/p>\n<p><strong>Fornecedores que entregaram: <\/strong>1<\/p>\n<p>At\u00e9 o presente, foram realizadas sete entregas, totalizando 2.277,4 kg correspondendo a 23% do quantitativo total contratado, incluindo\u00a0 aipim, banana e inhame. O valor total executado foi de R$ 5.499,42 (Tabela 1).<\/p>\n<p>Tabela 1. Execu\u00e7\u00e3o da Chamada 01\/2019 da Universidade Federal Rural do Rio de Janeiro (Campus Nova Igua\u00e7u) do Programa de Aquisi\u00e7\u00e3o de Alimentos, no per\u00edodo de agosto a novembro de 2019.<\/p>\n<table width=\"100%\">\n<tbody>\n<tr>\n<td width=\"193\">Item<\/td>\n<td width=\"193\">Quantidade contratada (kg)<\/td>\n<td width=\"193\">Quantidade entregue (kg)<\/td>\n<td width=\"193\">Quantidade entregue (%)<\/td>\n<td width=\"193\">Valor (R$)<\/td>\n<\/tr>\n<tr>\n<td width=\"193\">Aipim<\/td>\n<td width=\"193\">2.400<\/td>\n<td width=\"193\">825<\/td>\n<td width=\"193\">34,4<\/td>\n<td width=\"193\">1.216,46<\/td>\n<\/tr>\n<tr>\n<td width=\"193\">Banana prata climatizada<\/td>\n<td width=\"193\">5.760<\/td>\n<td width=\"193\">953,6<\/td>\n<td width=\"193\">16,5<\/td>\n<td width=\"193\">2.614,98<\/td>\n<\/tr>\n<tr>\n<td width=\"193\">Inhame<\/td>\n<td width=\"193\">1.692<\/td>\n<td width=\"193\">415,8<\/td>\n<td width=\"193\">24,6<\/td>\n<td width=\"193\">1.667,98<\/td>\n<\/tr>\n<tr>\n<td width=\"193\">Total<\/td>\n<td width=\"193\">9.852<\/td>\n<td width=\"193\">2.277,4<\/td>\n<td width=\"193\">23,1<\/td>\n<td width=\"193\">5.499,42<\/td>\n<\/tr>\n<\/tbody>\n<\/table>\n<p>A execu\u00e7\u00e3o da Chamada N\u00ba 01\/2019 do campus Nova Igua\u00e7u foi interrompida devido a suspens\u00e3o das atividades acad\u00eamicas presenciais e consequentemente interrup\u00e7\u00e3o do funcionamento do Restaurante Universit\u00e1rio, como medida de mitiga\u00e7\u00e3o da pandemia de covid-19. Assim que houve o retorno presencial, O Programa de Fortalecimento da Agricultura Familiar ir\u00e1 retomar as atividades para execu\u00e7\u00e3o do PAA na Rural.<\/p>\n","protected":false},"excerpt":{"rendered":"<p>Chamada 01\/2019 Processo N\u00ba 23083.018519\/2017-23 \u2013 Campus Nova Igua\u00e7u Situa\u00e7\u00e3o atual: Encerrado N\u00famero de itens no edital: 7 N\u00famero de <a class=\"read-more\" href=\"https:\/\/institucional.ufrrj.br\/agroecologia\/paa\/campus-nova-iguacu\/ \" >&#8230; <span class=\"font-italic\">leia mais <i class=\"fas fa-angle-right\"><\/i><\/span><\/a><\/p>\n","protected":false},"author":722,"featured_media":0,"parent":13651,"menu_order":0,"comment_status":"closed","ping_status":"closed","template":"","meta":{"_acf_changed":false,"footnotes":""},"class_list":["post-14020","page","type-page","status-publish","hentry"],"yoast_head":"<!-- This site is optimized with the Yoast SEO plugin v27.2 - https:\/\/yoast.com\/product\/yoast-seo-wordpress\/ -->\n<title>Campus Nova Igua\u00e7u - Programa de Fortalecimento da Agricultura Familiar<\/title>\n<meta name=\"robots\" content=\"index, follow, max-snippet:-1, max-image-preview:large, max-video-preview:-1\" \/>\n<link rel=\"canonical\" href=\"https:\/\/institucional.ufrrj.br\/agroecologia\/paa\/campus-nova-iguacu\/\" \/>\n<meta property=\"og:locale\" content=\"pt_BR\" \/>\n<meta property=\"og:type\" content=\"article\" \/>\n<meta property=\"og:title\" content=\"Campus Nova Igua\u00e7u - Programa de Fortalecimento da Agricultura Familiar\" \/>\n<meta property=\"og:description\" content=\"Chamada 01\/2019 Processo N\u00ba 23083.018519\/2017-23 \u2013 Campus Nova Igua\u00e7u Situa\u00e7\u00e3o atual: Encerrado N\u00famero de itens no edital: 7 N\u00famero de ... leia mais\" \/>\n<meta property=\"og:url\" content=\"https:\/\/institucional.ufrrj.br\/agroecologia\/paa\/campus-nova-iguacu\/\" \/>\n<meta property=\"og:site_name\" content=\"Programa de Fortalecimento da Agricultura Familiar\" \/>\n<meta property=\"article:modified_time\" content=\"2021-07-29T14:07:45+00:00\" \/>\n<meta name=\"twitter:card\" content=\"summary_large_image\" \/>\n<meta name=\"twitter:label1\" content=\"Est. tempo de leitura\" \/>\n\t<meta name=\"twitter:data1\" content=\"1 minuto\" \/>\n<script type=\"application\/ld+json\" class=\"yoast-schema-graph\">{\"@context\":\"https:\/\/schema.org\",\"@graph\":[{\"@type\":\"WebPage\",\"@id\":\"https:\/\/institucional.ufrrj.br\/agroecologia\/paa\/campus-nova-iguacu\/\",\"url\":\"https:\/\/institucional.ufrrj.br\/agroecologia\/paa\/campus-nova-iguacu\/\",\"name\":\"Campus Nova Igua\u00e7u - Programa de Fortalecimento da Agricultura Familiar\",\"isPartOf\":{\"@id\":\"https:\/\/institucional.ufrrj.br\/agroecologia\/#website\"},\"datePublished\":\"2019-05-21T18:18:33+00:00\",\"dateModified\":\"2021-07-29T14:07:45+00:00\",\"breadcrumb\":{\"@id\":\"https:\/\/institucional.ufrrj.br\/agroecologia\/paa\/campus-nova-iguacu\/#breadcrumb\"},\"inLanguage\":\"pt-BR\",\"potentialAction\":[{\"@type\":\"ReadAction\",\"target\":[\"https:\/\/institucional.ufrrj.br\/agroecologia\/paa\/campus-nova-iguacu\/\"]}]},{\"@type\":\"BreadcrumbList\",\"@id\":\"https:\/\/institucional.ufrrj.br\/agroecologia\/paa\/campus-nova-iguacu\/#breadcrumb\",\"itemListElement\":[{\"@type\":\"ListItem\",\"position\":1,\"name\":\"In\u00edcio\",\"item\":\"https:\/\/institucional.ufrrj.br\/agroecologia\/\"},{\"@type\":\"ListItem\",\"position\":2,\"name\":\"PAA\",\"item\":\"https:\/\/institucional.ufrrj.br\/agroecologia\/paa\/\"},{\"@type\":\"ListItem\",\"position\":3,\"name\":\"Campus Nova Igua\u00e7u\"}]},{\"@type\":\"WebSite\",\"@id\":\"https:\/\/institucional.ufrrj.br\/agroecologia\/#website\",\"url\":\"https:\/\/institucional.ufrrj.br\/agroecologia\/\",\"name\":\"Programa de Fortalecimento da Agricultura Familiar\",\"description\":\"\",\"potentialAction\":[{\"@type\":\"SearchAction\",\"target\":{\"@type\":\"EntryPoint\",\"urlTemplate\":\"https:\/\/institucional.ufrrj.br\/agroecologia\/?s={search_term_string}\"},\"query-input\":{\"@type\":\"PropertyValueSpecification\",\"valueRequired\":true,\"valueName\":\"search_term_string\"}}],\"inLanguage\":\"pt-BR\"}]}<\/script>\n<!-- \/ Yoast SEO plugin. -->","yoast_head_json":{"title":"Campus Nova Igua\u00e7u - Programa de Fortalecimento da Agricultura Familiar","robots":{"index":"index","follow":"follow","max-snippet":"max-snippet:-1","max-image-preview":"max-image-preview:large","max-video-preview":"max-video-preview:-1"},"canonical":"https:\/\/institucional.ufrrj.br\/agroecologia\/paa\/campus-nova-iguacu\/","og_locale":"pt_BR","og_type":"article","og_title":"Campus Nova Igua\u00e7u - Programa de Fortalecimento da Agricultura Familiar","og_description":"Chamada 01\/2019 Processo N\u00ba 23083.018519\/2017-23 \u2013 Campus Nova Igua\u00e7u Situa\u00e7\u00e3o atual: Encerrado N\u00famero de itens no edital: 7 N\u00famero de ... leia mais","og_url":"https:\/\/institucional.ufrrj.br\/agroecologia\/paa\/campus-nova-iguacu\/","og_site_name":"Programa de Fortalecimento da Agricultura Familiar","article_modified_time":"2021-07-29T14:07:45+00:00","twitter_card":"summary_large_image","twitter_misc":{"Est. tempo de leitura":"1 minuto"},"schema":{"@context":"https:\/\/schema.org","@graph":[{"@type":"WebPage","@id":"https:\/\/institucional.ufrrj.br\/agroecologia\/paa\/campus-nova-iguacu\/","url":"https:\/\/institucional.ufrrj.br\/agroecologia\/paa\/campus-nova-iguacu\/","name":"Campus Nova Igua\u00e7u - Programa de Fortalecimento da Agricultura Familiar","isPartOf":{"@id":"https:\/\/institucional.ufrrj.br\/agroecologia\/#website"},"datePublished":"2019-05-21T18:18:33+00:00","dateModified":"2021-07-29T14:07:45+00:00","breadcrumb":{"@id":"https:\/\/institucional.ufrrj.br\/agroecologia\/paa\/campus-nova-iguacu\/#breadcrumb"},"inLanguage":"pt-BR","potentialAction":[{"@type":"ReadAction","target":["https:\/\/institucional.ufrrj.br\/agroecologia\/paa\/campus-nova-iguacu\/"]}]},{"@type":"BreadcrumbList","@id":"https:\/\/institucional.ufrrj.br\/agroecologia\/paa\/campus-nova-iguacu\/#breadcrumb","itemListElement":[{"@type":"ListItem","position":1,"name":"In\u00edcio","item":"https:\/\/institucional.ufrrj.br\/agroecologia\/"},{"@type":"ListItem","position":2,"name":"PAA","item":"https:\/\/institucional.ufrrj.br\/agroecologia\/paa\/"},{"@type":"ListItem","position":3,"name":"Campus Nova Igua\u00e7u"}]},{"@type":"WebSite","@id":"https:\/\/institucional.ufrrj.br\/agroecologia\/#website","url":"https:\/\/institucional.ufrrj.br\/agroecologia\/","name":"Programa de Fortalecimento da Agricultura Familiar","description":"","potentialAction":[{"@type":"SearchAction","target":{"@type":"EntryPoint","urlTemplate":"https:\/\/institucional.ufrrj.br\/agroecologia\/?s={search_term_string}"},"query-input":{"@type":"PropertyValueSpecification","valueRequired":true,"valueName":"search_term_string"}}],"inLanguage":"pt-BR"}]}},"acf":[],"_links":{"self":[{"href":"https:\/\/institucional.ufrrj.br\/agroecologia\/wp-json\/wp\/v2\/pages\/14020","targetHints":{"allow":["GET"]}}],"collection":[{"href":"https:\/\/institucional.ufrrj.br\/agroecologia\/wp-json\/wp\/v2\/pages"}],"about":[{"href":"https:\/\/institucional.ufrrj.br\/agroecologia\/wp-json\/wp\/v2\/types\/page"}],"author":[{"embeddable":true,"href":"https:\/\/institucional.ufrrj.br\/agroecologia\/wp-json\/wp\/v2\/users\/722"}],"replies":[{"embeddable":true,"href":"https:\/\/institucional.ufrrj.br\/agroecologia\/wp-json\/wp\/v2\/comments?post=14020"}],"version-history":[{"count":13,"href":"https:\/\/institucional.ufrrj.br\/agroecologia\/wp-json\/wp\/v2\/pages\/14020\/revisions"}],"predecessor-version":[{"id":14886,"href":"https:\/\/institucional.ufrrj.br\/agroecologia\/wp-json\/wp\/v2\/pages\/14020\/revisions\/14886"}],"up":[{"embeddable":true,"href":"https:\/\/institucional.ufrrj.br\/agroecologia\/wp-json\/wp\/v2\/pages\/13651"}],"wp:attachment":[{"href":"https:\/\/institucional.ufrrj.br\/agroecologia\/wp-json\/wp\/v2\/media?parent=14020"}],"curies":[{"name":"wp","href":"https:\/\/api.w.org\/{rel}","templated":true}]}}