{"id":13901,"date":"2019-05-07T18:25:55","date_gmt":"2019-05-07T21:25:55","guid":{"rendered":"http:\/\/institucional.ufrrj.br\/agroecologia\/?page_id=13901"},"modified":"2023-06-18T15:57:45","modified_gmt":"2023-06-18T18:57:45","slug":"quem-somos","status":"publish","type":"page","link":"https:\/\/institucional.ufrrj.br\/agroecologia\/quem-somos\/","title":{"rendered":"Quem somos"},"content":{"rendered":"<p>&nbsp;<\/p>\n<p><strong>Coordena\u00e7\u00e3o do Programa de Fortalecimento da Agricultura Familiar na UFRRJ<\/strong><\/p>\n<p><strong><img loading=\"lazy\" decoding=\"async\" class=\"wp-image-14530 size-thumbnail alignleft\" src=\"https:\/\/institucional.ufrrj.br\/agroecologia\/files\/2019\/11\/Anelise_redondo_Prancheta-1-150x150.png\" alt=\"\" width=\"150\" height=\"150\" srcset=\"https:\/\/institucional.ufrrj.br\/agroecologia\/files\/2019\/11\/Anelise_redondo_Prancheta-1-150x150.png 150w, https:\/\/institucional.ufrrj.br\/agroecologia\/files\/2019\/11\/Anelise_redondo_Prancheta-1-300x300.png 300w, https:\/\/institucional.ufrrj.br\/agroecologia\/files\/2019\/11\/Anelise_redondo_Prancheta-1-768x768.png 768w, https:\/\/institucional.ufrrj.br\/agroecologia\/files\/2019\/11\/Anelise_redondo_Prancheta-1-1024x1024.png 1024w, https:\/\/institucional.ufrrj.br\/agroecologia\/files\/2019\/11\/Anelise_redondo_Prancheta-1-75x75.png 75w, https:\/\/institucional.ufrrj.br\/agroecologia\/files\/2019\/11\/Anelise_redondo_Prancheta-1-100x100.png 100w, https:\/\/institucional.ufrrj.br\/agroecologia\/files\/2019\/11\/Anelise_redondo_Prancheta-1.png 2000w\" sizes=\"auto, (max-width: 150px) 100vw, 150px\" \/><\/strong><\/p>\n<p><strong>Anelise Dias<\/strong> \u00e9 professora de agroecologia (IA\/Fitotecnia) UFRRJ e doutora em Ci\u00eancias pela mesma Universidade.<\/p>\n<p>&nbsp;<\/p>\n<p>&nbsp;<\/p>\n<p>&nbsp;<\/p>\n<hr \/>\n<p style=\"text-align: left\"><strong><img loading=\"lazy\" decoding=\"async\" class=\"wp-image-14528 size-thumbnail alignleft\" src=\"https:\/\/institucional.ufrrj.br\/agroecologia\/files\/2019\/11\/N\u00eddia_redondo_Prancheta-1-150x150.png\" alt=\"\" width=\"150\" height=\"150\" srcset=\"https:\/\/institucional.ufrrj.br\/agroecologia\/files\/2019\/11\/N\u00eddia_redondo_Prancheta-1-150x150.png 150w, https:\/\/institucional.ufrrj.br\/agroecologia\/files\/2019\/11\/N\u00eddia_redondo_Prancheta-1-300x300.png 300w, https:\/\/institucional.ufrrj.br\/agroecologia\/files\/2019\/11\/N\u00eddia_redondo_Prancheta-1-768x768.png 768w, https:\/\/institucional.ufrrj.br\/agroecologia\/files\/2019\/11\/N\u00eddia_redondo_Prancheta-1-1024x1024.png 1024w, https:\/\/institucional.ufrrj.br\/agroecologia\/files\/2019\/11\/N\u00eddia_redondo_Prancheta-1-75x75.png 75w, https:\/\/institucional.ufrrj.br\/agroecologia\/files\/2019\/11\/N\u00eddia_redondo_Prancheta-1-100x100.png 100w, https:\/\/institucional.ufrrj.br\/agroecologia\/files\/2019\/11\/N\u00eddia_redondo_Prancheta-1.png 2000w\" sizes=\"auto, (max-width: 150px) 100vw, 150px\" \/><\/strong><\/p>\n<p style=\"text-align: left\"><strong>N\u00eddia Majerowicz<\/strong>: Possui gradua\u00e7\u00e3o em Licenciatura em Ci\u00eancias Biol\u00f3gicas pela Universidade Federal Rural do Rio de Janeiro (1978), mestrado em Biologia Vegetal pela Universidade Estadual de Campinas (1984) e doutorado em Ci\u00eancias Biol\u00f3gicas (Bot\u00e2nica) pela Universidade de S\u00e3o Paulo (1997). N\u00eddia tamb\u00e9m atua como coordenadora do programa.<\/p>\n<p>&nbsp;<\/p>\n<p>&nbsp;<\/p>\n<hr \/>\n<p><strong>Coordena\u00e7\u00e3o pedag\u00f3gica<\/strong><\/p>\n<p style=\"text-align: left\"><img loading=\"lazy\" decoding=\"async\" class=\"size-thumbnail wp-image-14656 alignleft\" src=\"https:\/\/institucional.ufrrj.br\/agroecologia\/files\/2019\/11\/mus-150x150.png\" alt=\"\" width=\"150\" height=\"150\" srcset=\"https:\/\/institucional.ufrrj.br\/agroecologia\/files\/2019\/11\/mus-150x150.png 150w, https:\/\/institucional.ufrrj.br\/agroecologia\/files\/2019\/11\/mus-75x75.png 75w, https:\/\/institucional.ufrrj.br\/agroecologia\/files\/2019\/11\/mus-100x100.png 100w\" sizes=\"auto, (max-width: 150px) 100vw, 150px\" \/><strong>Edilene Santos<\/strong>: Possui gradua\u00e7\u00e3o em Licenciatura em Ci\u00eancias Agr\u00edcolas pela Universidade Federal Rural do Rio de Janeiro (2006), mestrado em Educa\u00e7\u00e3o Agr\u00edcola pela Universidade Federal Rural do Rio de Janeiro (2008) e doutorado em Educa\u00e7\u00e3o pela Universidade Federal Fluminense (2015).<\/p>\n<p>&nbsp;<\/p>\n<p>&nbsp;<\/p>\n<hr \/>\n<p><strong>Comunica\u00e7\u00e3o<\/strong><\/p>\n<p><img loading=\"lazy\" decoding=\"async\" class=\"wp-image-15025 alignleft\" src=\"https:\/\/institucional.ufrrj.br\/agroecologia\/files\/2022\/05\/Design-sem-nome-24-1024x1024.png\" alt=\"\" width=\"175\" height=\"175\" srcset=\"https:\/\/institucional.ufrrj.br\/agroecologia\/files\/2022\/05\/Design-sem-nome-24-1024x1024.png 1024w, https:\/\/institucional.ufrrj.br\/agroecologia\/files\/2022\/05\/Design-sem-nome-24-300x300.png 300w, https:\/\/institucional.ufrrj.br\/agroecologia\/files\/2022\/05\/Design-sem-nome-24-150x150.png 150w, https:\/\/institucional.ufrrj.br\/agroecologia\/files\/2022\/05\/Design-sem-nome-24-768x768.png 768w, https:\/\/institucional.ufrrj.br\/agroecologia\/files\/2022\/05\/Design-sem-nome-24-75x75.png 75w, https:\/\/institucional.ufrrj.br\/agroecologia\/files\/2022\/05\/Design-sem-nome-24-100x100.png 100w, https:\/\/institucional.ufrrj.br\/agroecologia\/files\/2022\/05\/Design-sem-nome-24.png 1080w\" sizes=\"auto, (max-width: 175px) 100vw, 175px\" \/><\/p>\n<p><strong>Fafate Costa<\/strong> \u00e9 professora de Jornalismo na Rural e doutora em Mem\u00f3ria Social (Unirio). Coordena as atividades de comunica\u00e7\u00e3o do Programa de Fortalecimento da Agricultura Familiar na UFRRJ.<\/p>\n<p>&nbsp;<\/p>\n<p>&nbsp;<\/p>\n<p>&nbsp;<\/p>\n<hr \/>\n<p><strong>Comercializa\u00e7\u00e3o\u00a0 \u00a0 \u00a0 \u00a0 \u00a0 \u00a0 \u00a0 \u00a0 \u00a0 \u00a0 \u00a0 \u00a0 \u00a0 \u00a0 \u00a0<\/strong><\/p>\n<p><strong><img loading=\"lazy\" decoding=\"async\" class=\"alignnone  wp-image-15139 alignleft\" src=\"https:\/\/institucional.ufrrj.br\/agroecologia\/files\/2023\/06\/Design-sem-nome-3-1024x1024.png\" alt=\"\" width=\"178\" height=\"178\" srcset=\"https:\/\/institucional.ufrrj.br\/agroecologia\/files\/2023\/06\/Design-sem-nome-3-1024x1024.png 1024w, https:\/\/institucional.ufrrj.br\/agroecologia\/files\/2023\/06\/Design-sem-nome-3-300x300.png 300w, https:\/\/institucional.ufrrj.br\/agroecologia\/files\/2023\/06\/Design-sem-nome-3-150x150.png 150w, https:\/\/institucional.ufrrj.br\/agroecologia\/files\/2023\/06\/Design-sem-nome-3-768x768.png 768w, https:\/\/institucional.ufrrj.br\/agroecologia\/files\/2023\/06\/Design-sem-nome-3-75x75.png 75w, https:\/\/institucional.ufrrj.br\/agroecologia\/files\/2023\/06\/Design-sem-nome-3-100x100.png 100w, https:\/\/institucional.ufrrj.br\/agroecologia\/files\/2023\/06\/Design-sem-nome-3.png 1080w\" sizes=\"auto, (max-width: 178px) 100vw, 178px\" \/>Daniele da Rocha Faria <\/strong>\u00e9 professora de economia no campus da UFRRJ em Nova Igua\u00e7u, onde leciona desde 2013. Possui gradua\u00e7\u00e3o em Ci\u00eancias Econ\u00f4micas pela UFF (2009), mestrado em Economia pela UFF (2012) e doutorado em Economia pela UFRJ (2018).<\/p>\n<p>&nbsp;<\/p>\n<p>&nbsp;<\/p>\n<p>&nbsp;<\/p>\n<p>&nbsp;<\/p>\n<hr \/>\n<p><strong>Emater-Rio<\/strong><\/p>\n<p><img loading=\"lazy\" decoding=\"async\" class=\"wp-image-14534 size-thumbnail alignleft\" src=\"https:\/\/institucional.ufrrj.br\/agroecologia\/files\/2019\/11\/Patr\u00edcia_redondo_Prancheta-1-150x150.png\" alt=\"\" width=\"150\" height=\"150\" srcset=\"https:\/\/institucional.ufrrj.br\/agroecologia\/files\/2019\/11\/Patr\u00edcia_redondo_Prancheta-1-150x150.png 150w, https:\/\/institucional.ufrrj.br\/agroecologia\/files\/2019\/11\/Patr\u00edcia_redondo_Prancheta-1-300x300.png 300w, https:\/\/institucional.ufrrj.br\/agroecologia\/files\/2019\/11\/Patr\u00edcia_redondo_Prancheta-1-768x768.png 768w, https:\/\/institucional.ufrrj.br\/agroecologia\/files\/2019\/11\/Patr\u00edcia_redondo_Prancheta-1-1024x1024.png 1024w, https:\/\/institucional.ufrrj.br\/agroecologia\/files\/2019\/11\/Patr\u00edcia_redondo_Prancheta-1-75x75.png 75w, https:\/\/institucional.ufrrj.br\/agroecologia\/files\/2019\/11\/Patr\u00edcia_redondo_Prancheta-1-100x100.png 100w, https:\/\/institucional.ufrrj.br\/agroecologia\/files\/2019\/11\/Patr\u00edcia_redondo_Prancheta-1.png 2000w\" sizes=\"auto, (max-width: 150px) 100vw, 150px\" \/><\/p>\n<p style=\"text-align: left\"><strong>Patr\u00edcia S. de Castro Fernandez<\/strong><br \/>\nEngenheira agr\u00f4noma, extensionista rural da Emater-Rio desde 1991, trabalhou inicialmente no escrit\u00f3rio local de Vassouras e atualmente, desde 2003 atua no escrit\u00f3rio local de Serop\u00e9dica.<\/p>\n<p>&nbsp;<\/p>\n<p>&nbsp;<\/p>\n<hr \/>\n<p><strong>Emater-Rio<\/strong><\/p>\n<p><img loading=\"lazy\" decoding=\"async\" class=\"alignnone wp-image-14815 size-full alignleft\" src=\"https:\/\/institucional.ufrrj.br\/agroecologia\/files\/2020\/06\/magno-editado-1.png\" alt=\"\" width=\"194\" height=\"162\" \/><strong>Magno Roza<\/strong><\/p>\n<p class=\"font_8\">Magno \u00e9 T\u00e9cnico em Agropecu\u00e1ria e Zootecnista e atua na Emater-Rio no escrit\u00f3rio de Itagua\u00ed.<\/p>\n<p class=\"font_8\">\n","protected":false},"excerpt":{"rendered":"<p>&nbsp; Coordena\u00e7\u00e3o do Programa de Fortalecimento da Agricultura Familiar na UFRRJ Anelise Dias \u00e9 professora de agroecologia (IA\/Fitotecnia) UFRRJ e <a class=\"read-more\" href=\"https:\/\/institucional.ufrrj.br\/agroecologia\/quem-somos\/ \" >&#8230; <span class=\"font-italic\">leia mais <i class=\"fas fa-angle-right\"><\/i><\/span><\/a><\/p>\n","protected":false},"author":722,"featured_media":0,"parent":0,"menu_order":0,"comment_status":"closed","ping_status":"closed","template":"","meta":{"_acf_changed":false,"footnotes":""},"class_list":["post-13901","page","type-page","status-publish","hentry"],"yoast_head":"<!-- This site is optimized with the Yoast SEO plugin v27.2 - https:\/\/yoast.com\/product\/yoast-seo-wordpress\/ -->\n<title>Quem somos - Programa de Fortalecimento da Agricultura Familiar<\/title>\n<meta name=\"robots\" content=\"index, follow, max-snippet:-1, max-image-preview:large, max-video-preview:-1\" \/>\n<link rel=\"canonical\" href=\"https:\/\/institucional.ufrrj.br\/agroecologia\/quem-somos\/\" \/>\n<meta property=\"og:locale\" content=\"pt_BR\" \/>\n<meta property=\"og:type\" content=\"article\" \/>\n<meta property=\"og:title\" content=\"Quem somos - Programa de Fortalecimento da Agricultura Familiar\" \/>\n<meta property=\"og:description\" content=\"&nbsp; Coordena\u00e7\u00e3o do Programa de Fortalecimento da Agricultura Familiar na UFRRJ Anelise Dias \u00e9 professora de agroecologia (IA\/Fitotecnia) UFRRJ e ... leia mais\" \/>\n<meta property=\"og:url\" content=\"https:\/\/institucional.ufrrj.br\/agroecologia\/quem-somos\/\" \/>\n<meta property=\"og:site_name\" content=\"Programa de Fortalecimento da Agricultura Familiar\" \/>\n<meta property=\"article:modified_time\" content=\"2023-06-18T18:57:45+00:00\" \/>\n<meta property=\"og:image\" content=\"http:\/\/institucional.ufrrj.br\/agroecologia\/files\/2019\/11\/Anelise_redondo_Prancheta-1-150x150.png\" \/>\n<meta name=\"twitter:card\" content=\"summary_large_image\" \/>\n<meta name=\"twitter:label1\" content=\"Est. tempo de leitura\" \/>\n\t<meta name=\"twitter:data1\" content=\"1 minuto\" \/>\n<script type=\"application\/ld+json\" class=\"yoast-schema-graph\">{\"@context\":\"https:\/\/schema.org\",\"@graph\":[{\"@type\":\"WebPage\",\"@id\":\"https:\/\/institucional.ufrrj.br\/agroecologia\/quem-somos\/\",\"url\":\"https:\/\/institucional.ufrrj.br\/agroecologia\/quem-somos\/\",\"name\":\"Quem somos - Programa de Fortalecimento da Agricultura Familiar\",\"isPartOf\":{\"@id\":\"https:\/\/institucional.ufrrj.br\/agroecologia\/#website\"},\"primaryImageOfPage\":{\"@id\":\"https:\/\/institucional.ufrrj.br\/agroecologia\/quem-somos\/#primaryimage\"},\"image\":{\"@id\":\"https:\/\/institucional.ufrrj.br\/agroecologia\/quem-somos\/#primaryimage\"},\"thumbnailUrl\":\"http:\/\/institucional.ufrrj.br\/agroecologia\/files\/2019\/11\/Anelise_redondo_Prancheta-1-150x150.png\",\"datePublished\":\"2019-05-07T21:25:55+00:00\",\"dateModified\":\"2023-06-18T18:57:45+00:00\",\"breadcrumb\":{\"@id\":\"https:\/\/institucional.ufrrj.br\/agroecologia\/quem-somos\/#breadcrumb\"},\"inLanguage\":\"pt-BR\",\"potentialAction\":[{\"@type\":\"ReadAction\",\"target\":[\"https:\/\/institucional.ufrrj.br\/agroecologia\/quem-somos\/\"]}]},{\"@type\":\"ImageObject\",\"inLanguage\":\"pt-BR\",\"@id\":\"https:\/\/institucional.ufrrj.br\/agroecologia\/quem-somos\/#primaryimage\",\"url\":\"http:\/\/institucional.ufrrj.br\/agroecologia\/files\/2019\/11\/Anelise_redondo_Prancheta-1-150x150.png\",\"contentUrl\":\"http:\/\/institucional.ufrrj.br\/agroecologia\/files\/2019\/11\/Anelise_redondo_Prancheta-1-150x150.png\"},{\"@type\":\"BreadcrumbList\",\"@id\":\"https:\/\/institucional.ufrrj.br\/agroecologia\/quem-somos\/#breadcrumb\",\"itemListElement\":[{\"@type\":\"ListItem\",\"position\":1,\"name\":\"In\u00edcio\",\"item\":\"https:\/\/institucional.ufrrj.br\/agroecologia\/\"},{\"@type\":\"ListItem\",\"position\":2,\"name\":\"Quem somos\"}]},{\"@type\":\"WebSite\",\"@id\":\"https:\/\/institucional.ufrrj.br\/agroecologia\/#website\",\"url\":\"https:\/\/institucional.ufrrj.br\/agroecologia\/\",\"name\":\"Programa de Fortalecimento da Agricultura Familiar\",\"description\":\"\",\"potentialAction\":[{\"@type\":\"SearchAction\",\"target\":{\"@type\":\"EntryPoint\",\"urlTemplate\":\"https:\/\/institucional.ufrrj.br\/agroecologia\/?s={search_term_string}\"},\"query-input\":{\"@type\":\"PropertyValueSpecification\",\"valueRequired\":true,\"valueName\":\"search_term_string\"}}],\"inLanguage\":\"pt-BR\"}]}<\/script>\n<!-- \/ Yoast SEO plugin. -->","yoast_head_json":{"title":"Quem somos - Programa de Fortalecimento da Agricultura Familiar","robots":{"index":"index","follow":"follow","max-snippet":"max-snippet:-1","max-image-preview":"max-image-preview:large","max-video-preview":"max-video-preview:-1"},"canonical":"https:\/\/institucional.ufrrj.br\/agroecologia\/quem-somos\/","og_locale":"pt_BR","og_type":"article","og_title":"Quem somos - Programa de Fortalecimento da Agricultura Familiar","og_description":"&nbsp; Coordena\u00e7\u00e3o do Programa de Fortalecimento da Agricultura Familiar na UFRRJ Anelise Dias \u00e9 professora de agroecologia (IA\/Fitotecnia) UFRRJ e ... leia mais","og_url":"https:\/\/institucional.ufrrj.br\/agroecologia\/quem-somos\/","og_site_name":"Programa de Fortalecimento da Agricultura Familiar","article_modified_time":"2023-06-18T18:57:45+00:00","og_image":[{"url":"http:\/\/institucional.ufrrj.br\/agroecologia\/files\/2019\/11\/Anelise_redondo_Prancheta-1-150x150.png","type":"","width":"","height":""}],"twitter_card":"summary_large_image","twitter_misc":{"Est. tempo de leitura":"1 minuto"},"schema":{"@context":"https:\/\/schema.org","@graph":[{"@type":"WebPage","@id":"https:\/\/institucional.ufrrj.br\/agroecologia\/quem-somos\/","url":"https:\/\/institucional.ufrrj.br\/agroecologia\/quem-somos\/","name":"Quem somos - Programa de Fortalecimento da Agricultura Familiar","isPartOf":{"@id":"https:\/\/institucional.ufrrj.br\/agroecologia\/#website"},"primaryImageOfPage":{"@id":"https:\/\/institucional.ufrrj.br\/agroecologia\/quem-somos\/#primaryimage"},"image":{"@id":"https:\/\/institucional.ufrrj.br\/agroecologia\/quem-somos\/#primaryimage"},"thumbnailUrl":"http:\/\/institucional.ufrrj.br\/agroecologia\/files\/2019\/11\/Anelise_redondo_Prancheta-1-150x150.png","datePublished":"2019-05-07T21:25:55+00:00","dateModified":"2023-06-18T18:57:45+00:00","breadcrumb":{"@id":"https:\/\/institucional.ufrrj.br\/agroecologia\/quem-somos\/#breadcrumb"},"inLanguage":"pt-BR","potentialAction":[{"@type":"ReadAction","target":["https:\/\/institucional.ufrrj.br\/agroecologia\/quem-somos\/"]}]},{"@type":"ImageObject","inLanguage":"pt-BR","@id":"https:\/\/institucional.ufrrj.br\/agroecologia\/quem-somos\/#primaryimage","url":"http:\/\/institucional.ufrrj.br\/agroecologia\/files\/2019\/11\/Anelise_redondo_Prancheta-1-150x150.png","contentUrl":"http:\/\/institucional.ufrrj.br\/agroecologia\/files\/2019\/11\/Anelise_redondo_Prancheta-1-150x150.png"},{"@type":"BreadcrumbList","@id":"https:\/\/institucional.ufrrj.br\/agroecologia\/quem-somos\/#breadcrumb","itemListElement":[{"@type":"ListItem","position":1,"name":"In\u00edcio","item":"https:\/\/institucional.ufrrj.br\/agroecologia\/"},{"@type":"ListItem","position":2,"name":"Quem somos"}]},{"@type":"WebSite","@id":"https:\/\/institucional.ufrrj.br\/agroecologia\/#website","url":"https:\/\/institucional.ufrrj.br\/agroecologia\/","name":"Programa de Fortalecimento da Agricultura Familiar","description":"","potentialAction":[{"@type":"SearchAction","target":{"@type":"EntryPoint","urlTemplate":"https:\/\/institucional.ufrrj.br\/agroecologia\/?s={search_term_string}"},"query-input":{"@type":"PropertyValueSpecification","valueRequired":true,"valueName":"search_term_string"}}],"inLanguage":"pt-BR"}]}},"acf":[],"_links":{"self":[{"href":"https:\/\/institucional.ufrrj.br\/agroecologia\/wp-json\/wp\/v2\/pages\/13901","targetHints":{"allow":["GET"]}}],"collection":[{"href":"https:\/\/institucional.ufrrj.br\/agroecologia\/wp-json\/wp\/v2\/pages"}],"about":[{"href":"https:\/\/institucional.ufrrj.br\/agroecologia\/wp-json\/wp\/v2\/types\/page"}],"author":[{"embeddable":true,"href":"https:\/\/institucional.ufrrj.br\/agroecologia\/wp-json\/wp\/v2\/users\/722"}],"replies":[{"embeddable":true,"href":"https:\/\/institucional.ufrrj.br\/agroecologia\/wp-json\/wp\/v2\/comments?post=13901"}],"version-history":[{"count":51,"href":"https:\/\/institucional.ufrrj.br\/agroecologia\/wp-json\/wp\/v2\/pages\/13901\/revisions"}],"predecessor-version":[{"id":15140,"href":"https:\/\/institucional.ufrrj.br\/agroecologia\/wp-json\/wp\/v2\/pages\/13901\/revisions\/15140"}],"wp:attachment":[{"href":"https:\/\/institucional.ufrrj.br\/agroecologia\/wp-json\/wp\/v2\/media?parent=13901"}],"curies":[{"name":"wp","href":"https:\/\/api.w.org\/{rel}","templated":true}]}}