{"id":13898,"date":"2019-05-07T17:42:15","date_gmt":"2019-05-07T20:42:15","guid":{"rendered":"http:\/\/institucional.ufrrj.br\/agroecologia\/?page_id=13898"},"modified":"2019-12-12T15:16:51","modified_gmt":"2019-12-12T18:16:51","slug":"oficinas-e-vivencias","status":"publish","type":"page","link":"https:\/\/institucional.ufrrj.br\/agroecologia\/oficinas-e-vivencias\/","title":{"rendered":"Oficinas e Viv\u00eancias"},"content":{"rendered":"<p>&nbsp;<\/p>\n<p>A realiza\u00e7\u00e3o de <strong>oficinas<\/strong>, <strong>cursos<\/strong> e <strong>capacita\u00e7\u00e3o<\/strong> tem por objetivo mediar junto aos t\u00e9cnicos e agricultores de forma participativa, o reconhecimento de boas pr\u00e1ticas de manejo e desenho de agroecossistemas com enfoque agroecol\u00f3gico, respeitando-se as potencialidades locais.<br \/>\nVisando atender as demandas dos agricultores e t\u00e9cnicos, cursos s\u00e3o desenvolvidos por professores da Rural, em parceria com Emater-Rio, Pesagro-Rio e Embrapa Agrobiologia e Capina. Os conte\u00fados s\u00e3o abordados de maneira tanto aplicada como conceitual dentro dos par\u00e2metros agroecol\u00f3gicos e da agricultura org\u00e2nica.<br \/>\nAlgumas vezes ao ano s\u00e3o realizadas oficinas, ministradas pelos pr\u00f3prios feirantes, com o objetivo de instigar o conhecimento tradicional. Entre algumas das oficinas que ocorreram nos \u00faltimos anos tivemos, por exemplo, fabrica\u00e7\u00e3o de sais, produ\u00e7\u00e3o de kombucha, um organismo vivo que pode ser consumido puro ou feito como ch\u00e1 e preparo de conservas de pepino.<\/p>\n<p>Para quem n\u00e3o conhece a feira ou quer saber mais sobre elas\u00a0s\u00e3o realizadas <strong>viv\u00eancias<\/strong>\u00a0por turmas de estudantes de v\u00e1rios n\u00edveis, desde o ensino b\u00e1sico at\u00e9 a p\u00f3s-gradua\u00e7\u00e3o. Esses encontros come\u00e7am com uma roda de conversa sobre as a\u00e7\u00f5es e princ\u00edpios do Programa de Extens\u00e3o, em temas como agroecologia, agricultura org\u00e2nica, alimenta\u00e7\u00e3o saud\u00e1vel, agricultura familiar, consumo consciente, etc.<\/p>\n<p>Para marcar uma viv\u00eancia na FAF entre em contato com a coordena\u00e7\u00e3o na aba &#8220;<a href=\"https:\/\/institucional.ufrrj.br\/agroecologia\/fale-conosco\/\">fale conosco<\/a>&#8220;. Ser\u00e1 um prazer receb\u00ea-los!<\/p>\n<p><img loading=\"lazy\" decoding=\"async\" class=\"alignnone size-large wp-image-14496\" src=\"https:\/\/institucional.ufrrj.br\/agroecologia\/files\/2019\/11\/ssa-1024x174.png\" alt=\"\" width=\"1024\" height=\"174\" srcset=\"https:\/\/institucional.ufrrj.br\/agroecologia\/files\/2019\/11\/ssa-1024x174.png 1024w, https:\/\/institucional.ufrrj.br\/agroecologia\/files\/2019\/11\/ssa-300x51.png 300w, https:\/\/institucional.ufrrj.br\/agroecologia\/files\/2019\/11\/ssa-768x131.png 768w, https:\/\/institucional.ufrrj.br\/agroecologia\/files\/2019\/11\/ssa.png 1280w\" sizes=\"auto, (max-width: 1024px) 100vw, 1024px\" \/><\/p>\n\n\t\t<style type=\"text\/css\">\n\t\t\t#gallery-1 {\n\t\t\t\tmargin: auto;\n\t\t\t}\n\t\t\t#gallery-1 .gallery-item {\n\t\t\t\tfloat: left;\n\t\t\t\tmargin-top: 10px;\n\t\t\t\ttext-align: center;\n\t\t\t\twidth: 33%;\n\t\t\t}\n\t\t\t#gallery-1 img {\n\t\t\t\tborder: 2px solid #cfcfcf;\n\t\t\t}\n\t\t\t#gallery-1 .gallery-caption {\n\t\t\t\tmargin-left: 0;\n\t\t\t}\n\t\t\t\/* see gallery_shortcode() in wp-includes\/media.php *\/\n\t\t<\/style>\n\t\t<div id='gallery-1' class='gallery galleryid-13898 gallery-columns-3 gallery-size-thumbnail'><dl class='gallery-item'>\n\t\t\t<dt class='gallery-icon landscape'>\n\t\t\t\t<a href='https:\/\/institucional.ufrrj.br\/agroecologia\/oficinas-e-vivencias\/_mg_8035\/'><img loading=\"lazy\" decoding=\"async\" width=\"150\" height=\"150\" src=\"https:\/\/institucional.ufrrj.br\/agroecologia\/files\/2019\/05\/MG_8035-150x150.jpg\" class=\"attachment-thumbnail size-thumbnail\" alt=\"\" srcset=\"https:\/\/institucional.ufrrj.br\/agroecologia\/files\/2019\/05\/MG_8035-150x150.jpg 150w, https:\/\/institucional.ufrrj.br\/agroecologia\/files\/2019\/05\/MG_8035-75x75.jpg 75w, https:\/\/institucional.ufrrj.br\/agroecologia\/files\/2019\/05\/MG_8035-100x100.jpg 100w\" sizes=\"auto, (max-width: 150px) 100vw, 150px\" \/><\/a>\n\t\t\t<\/dt><\/dl><dl class='gallery-item'>\n\t\t\t<dt class='gallery-icon landscape'>\n\t\t\t\t<a href='https:\/\/institucional.ufrrj.br\/agroecologia\/oficinas-e-vivencias\/44177259_1958598447550141_120545850664419328_o\/'><img loading=\"lazy\" decoding=\"async\" width=\"150\" height=\"150\" src=\"https:\/\/institucional.ufrrj.br\/agroecologia\/files\/2019\/11\/44177259_1958598447550141_120545850664419328_o-150x150.jpg\" class=\"attachment-thumbnail size-thumbnail\" alt=\"\" srcset=\"https:\/\/institucional.ufrrj.br\/agroecologia\/files\/2019\/11\/44177259_1958598447550141_120545850664419328_o-150x150.jpg 150w, https:\/\/institucional.ufrrj.br\/agroecologia\/files\/2019\/11\/44177259_1958598447550141_120545850664419328_o-75x75.jpg 75w, https:\/\/institucional.ufrrj.br\/agroecologia\/files\/2019\/11\/44177259_1958598447550141_120545850664419328_o-100x100.jpg 100w\" sizes=\"auto, (max-width: 150px) 100vw, 150px\" \/><\/a>\n\t\t\t<\/dt><\/dl><dl class='gallery-item'>\n\t\t\t<dt class='gallery-icon landscape'>\n\t\t\t\t<a href='https:\/\/institucional.ufrrj.br\/agroecologia\/oficinas-e-vivencias\/44126881_1958598410883478_7878050690470248448_o\/'><img loading=\"lazy\" decoding=\"async\" width=\"150\" height=\"150\" src=\"https:\/\/institucional.ufrrj.br\/agroecologia\/files\/2019\/11\/44126881_1958598410883478_7878050690470248448_o-150x150.jpg\" class=\"attachment-thumbnail size-thumbnail\" alt=\"\" srcset=\"https:\/\/institucional.ufrrj.br\/agroecologia\/files\/2019\/11\/44126881_1958598410883478_7878050690470248448_o-150x150.jpg 150w, https:\/\/institucional.ufrrj.br\/agroecologia\/files\/2019\/11\/44126881_1958598410883478_7878050690470248448_o-75x75.jpg 75w, https:\/\/institucional.ufrrj.br\/agroecologia\/files\/2019\/11\/44126881_1958598410883478_7878050690470248448_o-100x100.jpg 100w\" sizes=\"auto, (max-width: 150px) 100vw, 150px\" \/><\/a>\n\t\t\t<\/dt><\/dl><br style=\"clear: both\" \/><dl class='gallery-item'>\n\t\t\t<dt class='gallery-icon landscape'>\n\t\t\t\t<a href='https:\/\/institucional.ufrrj.br\/agroecologia\/oficinas-e-vivencias\/_mg_8036\/'><img loading=\"lazy\" decoding=\"async\" width=\"150\" height=\"150\" src=\"https:\/\/institucional.ufrrj.br\/agroecologia\/files\/2019\/05\/MG_8036-150x150.jpg\" class=\"attachment-thumbnail size-thumbnail\" alt=\"\" srcset=\"https:\/\/institucional.ufrrj.br\/agroecologia\/files\/2019\/05\/MG_8036-150x150.jpg 150w, https:\/\/institucional.ufrrj.br\/agroecologia\/files\/2019\/05\/MG_8036-75x75.jpg 75w, https:\/\/institucional.ufrrj.br\/agroecologia\/files\/2019\/05\/MG_8036-100x100.jpg 100w\" sizes=\"auto, (max-width: 150px) 100vw, 150px\" \/><\/a>\n\t\t\t<\/dt><\/dl><dl class='gallery-item'>\n\t\t\t<dt class='gallery-icon landscape'>\n\t\t\t\t<a href='https:\/\/institucional.ufrrj.br\/agroecologia\/oficinas-e-vivencias\/33204850_1757416994334955_7482440754619482112_o\/'><img loading=\"lazy\" decoding=\"async\" width=\"150\" height=\"150\" src=\"https:\/\/institucional.ufrrj.br\/agroecologia\/files\/2019\/11\/33204850_1757416994334955_7482440754619482112_o-150x150.jpg\" class=\"attachment-thumbnail size-thumbnail\" alt=\"\" srcset=\"https:\/\/institucional.ufrrj.br\/agroecologia\/files\/2019\/11\/33204850_1757416994334955_7482440754619482112_o-150x150.jpg 150w, https:\/\/institucional.ufrrj.br\/agroecologia\/files\/2019\/11\/33204850_1757416994334955_7482440754619482112_o-75x75.jpg 75w, https:\/\/institucional.ufrrj.br\/agroecologia\/files\/2019\/11\/33204850_1757416994334955_7482440754619482112_o-100x100.jpg 100w\" sizes=\"auto, (max-width: 150px) 100vw, 150px\" \/><\/a>\n\t\t\t<\/dt><\/dl><dl class='gallery-item'>\n\t\t\t<dt class='gallery-icon landscape'>\n\t\t\t\t<a href='https:\/\/institucional.ufrrj.br\/agroecologia\/oficinas-e-vivencias\/35804805_1788422804567707_9209018908986572800_n\/'><img loading=\"lazy\" decoding=\"async\" width=\"150\" height=\"150\" src=\"https:\/\/institucional.ufrrj.br\/agroecologia\/files\/2019\/11\/35804805_1788422804567707_9209018908986572800_n-150x150.jpg\" class=\"attachment-thumbnail size-thumbnail\" alt=\"\" srcset=\"https:\/\/institucional.ufrrj.br\/agroecologia\/files\/2019\/11\/35804805_1788422804567707_9209018908986572800_n-150x150.jpg 150w, https:\/\/institucional.ufrrj.br\/agroecologia\/files\/2019\/11\/35804805_1788422804567707_9209018908986572800_n-75x75.jpg 75w, https:\/\/institucional.ufrrj.br\/agroecologia\/files\/2019\/11\/35804805_1788422804567707_9209018908986572800_n-100x100.jpg 100w\" sizes=\"auto, (max-width: 150px) 100vw, 150px\" \/><\/a>\n\t\t\t<\/dt><\/dl><br style=\"clear: both\" \/><dl class='gallery-item'>\n\t\t\t<dt class='gallery-icon landscape'>\n\t\t\t\t<a href='https:\/\/institucional.ufrrj.br\/agroecologia\/oficinas-e-vivencias\/44247815_1958598267550159_7160416072544288768_o\/'><img loading=\"lazy\" decoding=\"async\" width=\"150\" height=\"150\" src=\"https:\/\/institucional.ufrrj.br\/agroecologia\/files\/2019\/11\/44247815_1958598267550159_7160416072544288768_o-150x150.jpg\" class=\"attachment-thumbnail size-thumbnail\" alt=\"\" srcset=\"https:\/\/institucional.ufrrj.br\/agroecologia\/files\/2019\/11\/44247815_1958598267550159_7160416072544288768_o-150x150.jpg 150w, https:\/\/institucional.ufrrj.br\/agroecologia\/files\/2019\/11\/44247815_1958598267550159_7160416072544288768_o-75x75.jpg 75w, https:\/\/institucional.ufrrj.br\/agroecologia\/files\/2019\/11\/44247815_1958598267550159_7160416072544288768_o-100x100.jpg 100w\" sizes=\"auto, (max-width: 150px) 100vw, 150px\" \/><\/a>\n\t\t\t<\/dt><\/dl><dl class='gallery-item'>\n\t\t\t<dt class='gallery-icon landscape'>\n\t\t\t\t<a href='https:\/\/institucional.ufrrj.br\/agroecologia\/oficinas-e-vivencias\/33436554_1757416897668298_7247953544760786944_o\/'><img loading=\"lazy\" decoding=\"async\" width=\"150\" height=\"150\" src=\"https:\/\/institucional.ufrrj.br\/agroecologia\/files\/2019\/11\/33436554_1757416897668298_7247953544760786944_o-150x150.jpg\" class=\"attachment-thumbnail size-thumbnail\" alt=\"\" srcset=\"https:\/\/institucional.ufrrj.br\/agroecologia\/files\/2019\/11\/33436554_1757416897668298_7247953544760786944_o-150x150.jpg 150w, https:\/\/institucional.ufrrj.br\/agroecologia\/files\/2019\/11\/33436554_1757416897668298_7247953544760786944_o-75x75.jpg 75w, https:\/\/institucional.ufrrj.br\/agroecologia\/files\/2019\/11\/33436554_1757416897668298_7247953544760786944_o-100x100.jpg 100w\" sizes=\"auto, (max-width: 150px) 100vw, 150px\" \/><\/a>\n\t\t\t<\/dt><\/dl><dl class='gallery-item'>\n\t\t\t<dt class='gallery-icon landscape'>\n\t\t\t\t<a href='https:\/\/institucional.ufrrj.br\/agroecologia\/oficinas-e-vivencias\/vivencia1\/'><img loading=\"lazy\" decoding=\"async\" width=\"150\" height=\"150\" src=\"https:\/\/institucional.ufrrj.br\/agroecologia\/files\/2019\/08\/vivencia1-150x150.jpg\" class=\"attachment-thumbnail size-thumbnail\" alt=\"\" srcset=\"https:\/\/institucional.ufrrj.br\/agroecologia\/files\/2019\/08\/vivencia1-150x150.jpg 150w, https:\/\/institucional.ufrrj.br\/agroecologia\/files\/2019\/08\/vivencia1-75x75.jpg 75w, https:\/\/institucional.ufrrj.br\/agroecologia\/files\/2019\/08\/vivencia1-100x100.jpg 100w\" sizes=\"auto, (max-width: 150px) 100vw, 150px\" \/><\/a>\n\t\t\t<\/dt><\/dl><br style=\"clear: both\" \/><dl class='gallery-item'>\n\t\t\t<dt class='gallery-icon landscape'>\n\t\t\t\t<a href='https:\/\/institucional.ufrrj.br\/agroecologia\/oficinas-e-vivencias\/01_curso-de-avicultura-organica-em-itaguai-rj\/'><img loading=\"lazy\" decoding=\"async\" width=\"150\" height=\"150\" src=\"https:\/\/institucional.ufrrj.br\/agroecologia\/files\/2019\/11\/01_Curso-de-Avicultura-org\u00e2nica-em-Itaguai-RJ-150x150.png\" class=\"attachment-thumbnail size-thumbnail\" alt=\"\" srcset=\"https:\/\/institucional.ufrrj.br\/agroecologia\/files\/2019\/11\/01_Curso-de-Avicultura-org\u00e2nica-em-Itaguai-RJ-150x150.png 150w, https:\/\/institucional.ufrrj.br\/agroecologia\/files\/2019\/11\/01_Curso-de-Avicultura-org\u00e2nica-em-Itaguai-RJ-75x75.png 75w, https:\/\/institucional.ufrrj.br\/agroecologia\/files\/2019\/11\/01_Curso-de-Avicultura-org\u00e2nica-em-Itaguai-RJ-100x100.png 100w\" sizes=\"auto, (max-width: 150px) 100vw, 150px\" \/><\/a>\n\t\t\t<\/dt><\/dl><dl class='gallery-item'>\n\t\t\t<dt class='gallery-icon landscape'>\n\t\t\t\t<a href='https:\/\/institucional.ufrrj.br\/agroecologia\/oficinas-e-vivencias\/02_oficina-de-fitoterapicos\/'><img loading=\"lazy\" decoding=\"async\" width=\"150\" height=\"150\" src=\"https:\/\/institucional.ufrrj.br\/agroecologia\/files\/2019\/11\/02_oficina-de-fitoter\u00e1picos-150x150.png\" class=\"attachment-thumbnail size-thumbnail\" alt=\"\" srcset=\"https:\/\/institucional.ufrrj.br\/agroecologia\/files\/2019\/11\/02_oficina-de-fitoter\u00e1picos-150x150.png 150w, https:\/\/institucional.ufrrj.br\/agroecologia\/files\/2019\/11\/02_oficina-de-fitoter\u00e1picos-75x75.png 75w, https:\/\/institucional.ufrrj.br\/agroecologia\/files\/2019\/11\/02_oficina-de-fitoter\u00e1picos-100x100.png 100w\" sizes=\"auto, (max-width: 150px) 100vw, 150px\" \/><\/a>\n\t\t\t<\/dt><\/dl><dl class='gallery-item'>\n\t\t\t<dt class='gallery-icon landscape'>\n\t\t\t\t<a href='https:\/\/institucional.ufrrj.br\/agroecologia\/oficinas-e-vivencias\/03_oficina-de-alimentacao-viva-ministrada-pela-feirante-edilene\/'><img loading=\"lazy\" decoding=\"async\" width=\"150\" height=\"150\" src=\"https:\/\/institucional.ufrrj.br\/agroecologia\/files\/2019\/11\/03_Oficina-de-Alimenta\u00e7\u00e3o-viva-ministrada-pela-feirante-Edilene-150x150.png\" class=\"attachment-thumbnail size-thumbnail\" alt=\"\" srcset=\"https:\/\/institucional.ufrrj.br\/agroecologia\/files\/2019\/11\/03_Oficina-de-Alimenta\u00e7\u00e3o-viva-ministrada-pela-feirante-Edilene-150x150.png 150w, https:\/\/institucional.ufrrj.br\/agroecologia\/files\/2019\/11\/03_Oficina-de-Alimenta\u00e7\u00e3o-viva-ministrada-pela-feirante-Edilene-75x75.png 75w, https:\/\/institucional.ufrrj.br\/agroecologia\/files\/2019\/11\/03_Oficina-de-Alimenta\u00e7\u00e3o-viva-ministrada-pela-feirante-Edilene-100x100.png 100w\" sizes=\"auto, (max-width: 150px) 100vw, 150px\" \/><\/a>\n\t\t\t<\/dt><\/dl><br style=\"clear: both\" \/><dl class='gallery-item'>\n\t\t\t<dt class='gallery-icon landscape'>\n\t\t\t\t<a href='https:\/\/institucional.ufrrj.br\/agroecologia\/oficinas-e-vivencias\/04_oficina-de-pancs-na-ufrrj\/'><img loading=\"lazy\" decoding=\"async\" width=\"150\" height=\"150\" src=\"https:\/\/institucional.ufrrj.br\/agroecologia\/files\/2019\/11\/04_Oficina-de-PANCS-na-UFRRJ-150x150.png\" class=\"attachment-thumbnail size-thumbnail\" alt=\"\" srcset=\"https:\/\/institucional.ufrrj.br\/agroecologia\/files\/2019\/11\/04_Oficina-de-PANCS-na-UFRRJ-150x150.png 150w, https:\/\/institucional.ufrrj.br\/agroecologia\/files\/2019\/11\/04_Oficina-de-PANCS-na-UFRRJ-75x75.png 75w, https:\/\/institucional.ufrrj.br\/agroecologia\/files\/2019\/11\/04_Oficina-de-PANCS-na-UFRRJ-100x100.png 100w\" sizes=\"auto, (max-width: 150px) 100vw, 150px\" \/><\/a>\n\t\t\t<\/dt><\/dl><dl class='gallery-item'>\n\t\t\t<dt class='gallery-icon landscape'>\n\t\t\t\t<a href='https:\/\/institucional.ufrrj.br\/agroecologia\/oficinas-e-vivencias\/vivenciaa2\/'><img loading=\"lazy\" decoding=\"async\" width=\"150\" height=\"150\" src=\"https:\/\/institucional.ufrrj.br\/agroecologia\/files\/2019\/08\/vivenciaa2-150x150.jpg\" class=\"attachment-thumbnail size-thumbnail\" alt=\"\" srcset=\"https:\/\/institucional.ufrrj.br\/agroecologia\/files\/2019\/08\/vivenciaa2-150x150.jpg 150w, https:\/\/institucional.ufrrj.br\/agroecologia\/files\/2019\/08\/vivenciaa2-75x75.jpg 75w, https:\/\/institucional.ufrrj.br\/agroecologia\/files\/2019\/08\/vivenciaa2-100x100.jpg 100w\" sizes=\"auto, (max-width: 150px) 100vw, 150px\" \/><\/a>\n\t\t\t<\/dt><\/dl>\n\t\t\t<br style='clear: both' \/>\n\t\t<\/div>\n\n<p>&nbsp;<\/p>\n<p>&nbsp;<\/p>\n<p>&nbsp;<\/p>\n<p>&nbsp;<\/p>\n<p>&nbsp;<\/p>\n<p>&nbsp;<\/p>\n","protected":false},"excerpt":{"rendered":"<p>&nbsp; A realiza\u00e7\u00e3o de oficinas, cursos e capacita\u00e7\u00e3o tem por objetivo mediar junto aos t\u00e9cnicos e agricultores de forma participativa, <a class=\"read-more\" href=\"https:\/\/institucional.ufrrj.br\/agroecologia\/oficinas-e-vivencias\/ \" >&#8230; <span class=\"font-italic\">leia mais <i class=\"fas fa-angle-right\"><\/i><\/span><\/a><\/p>\n","protected":false},"author":722,"featured_media":0,"parent":0,"menu_order":0,"comment_status":"closed","ping_status":"closed","template":"","meta":{"_acf_changed":false,"footnotes":""},"class_list":["post-13898","page","type-page","status-publish","hentry"],"yoast_head":"<!-- This site is optimized with the Yoast SEO plugin v27.2 - https:\/\/yoast.com\/product\/yoast-seo-wordpress\/ -->\n<title>Oficinas e Viv\u00eancias - Programa de Fortalecimento da Agricultura Familiar<\/title>\n<meta name=\"robots\" content=\"index, follow, max-snippet:-1, max-image-preview:large, max-video-preview:-1\" \/>\n<link rel=\"canonical\" href=\"https:\/\/institucional.ufrrj.br\/agroecologia\/oficinas-e-vivencias\/\" \/>\n<meta property=\"og:locale\" content=\"pt_BR\" \/>\n<meta property=\"og:type\" content=\"article\" \/>\n<meta property=\"og:title\" content=\"Oficinas e Viv\u00eancias - Programa de Fortalecimento da Agricultura Familiar\" \/>\n<meta property=\"og:description\" content=\"&nbsp; A realiza\u00e7\u00e3o de oficinas, cursos e capacita\u00e7\u00e3o tem por objetivo mediar junto aos t\u00e9cnicos e agricultores de forma participativa, ... leia mais\" \/>\n<meta property=\"og:url\" content=\"https:\/\/institucional.ufrrj.br\/agroecologia\/oficinas-e-vivencias\/\" \/>\n<meta property=\"og:site_name\" content=\"Programa de Fortalecimento da Agricultura Familiar\" \/>\n<meta property=\"article:modified_time\" content=\"2019-12-12T18:16:51+00:00\" \/>\n<meta property=\"og:image\" content=\"https:\/\/institucional.ufrrj.br\/agroecologia\/files\/2019\/05\/MG_8035-150x150.jpg\" \/>\n<meta name=\"twitter:card\" content=\"summary_large_image\" \/>\n<meta name=\"twitter:label1\" content=\"Est. tempo de leitura\" \/>\n\t<meta name=\"twitter:data1\" content=\"1 minuto\" \/>\n<script type=\"application\/ld+json\" class=\"yoast-schema-graph\">{\"@context\":\"https:\/\/schema.org\",\"@graph\":[{\"@type\":\"WebPage\",\"@id\":\"https:\/\/institucional.ufrrj.br\/agroecologia\/oficinas-e-vivencias\/\",\"url\":\"https:\/\/institucional.ufrrj.br\/agroecologia\/oficinas-e-vivencias\/\",\"name\":\"Oficinas e Viv\u00eancias - Programa de Fortalecimento da Agricultura Familiar\",\"isPartOf\":{\"@id\":\"https:\/\/institucional.ufrrj.br\/agroecologia\/#website\"},\"primaryImageOfPage\":{\"@id\":\"https:\/\/institucional.ufrrj.br\/agroecologia\/oficinas-e-vivencias\/#primaryimage\"},\"image\":{\"@id\":\"https:\/\/institucional.ufrrj.br\/agroecologia\/oficinas-e-vivencias\/#primaryimage\"},\"thumbnailUrl\":\"http:\/\/institucional.ufrrj.br\/agroecologia\/files\/2019\/11\/ssa-1024x174.png\",\"datePublished\":\"2019-05-07T20:42:15+00:00\",\"dateModified\":\"2019-12-12T18:16:51+00:00\",\"breadcrumb\":{\"@id\":\"https:\/\/institucional.ufrrj.br\/agroecologia\/oficinas-e-vivencias\/#breadcrumb\"},\"inLanguage\":\"pt-BR\",\"potentialAction\":[{\"@type\":\"ReadAction\",\"target\":[\"https:\/\/institucional.ufrrj.br\/agroecologia\/oficinas-e-vivencias\/\"]}]},{\"@type\":\"ImageObject\",\"inLanguage\":\"pt-BR\",\"@id\":\"https:\/\/institucional.ufrrj.br\/agroecologia\/oficinas-e-vivencias\/#primaryimage\",\"url\":\"http:\/\/institucional.ufrrj.br\/agroecologia\/files\/2019\/11\/ssa-1024x174.png\",\"contentUrl\":\"http:\/\/institucional.ufrrj.br\/agroecologia\/files\/2019\/11\/ssa-1024x174.png\"},{\"@type\":\"BreadcrumbList\",\"@id\":\"https:\/\/institucional.ufrrj.br\/agroecologia\/oficinas-e-vivencias\/#breadcrumb\",\"itemListElement\":[{\"@type\":\"ListItem\",\"position\":1,\"name\":\"In\u00edcio\",\"item\":\"https:\/\/institucional.ufrrj.br\/agroecologia\/\"},{\"@type\":\"ListItem\",\"position\":2,\"name\":\"Oficinas e Viv\u00eancias\"}]},{\"@type\":\"WebSite\",\"@id\":\"https:\/\/institucional.ufrrj.br\/agroecologia\/#website\",\"url\":\"https:\/\/institucional.ufrrj.br\/agroecologia\/\",\"name\":\"Programa de Fortalecimento da Agricultura Familiar\",\"description\":\"\",\"potentialAction\":[{\"@type\":\"SearchAction\",\"target\":{\"@type\":\"EntryPoint\",\"urlTemplate\":\"https:\/\/institucional.ufrrj.br\/agroecologia\/?s={search_term_string}\"},\"query-input\":{\"@type\":\"PropertyValueSpecification\",\"valueRequired\":true,\"valueName\":\"search_term_string\"}}],\"inLanguage\":\"pt-BR\"}]}<\/script>\n<!-- \/ Yoast SEO plugin. -->","yoast_head_json":{"title":"Oficinas e Viv\u00eancias - Programa de Fortalecimento da Agricultura Familiar","robots":{"index":"index","follow":"follow","max-snippet":"max-snippet:-1","max-image-preview":"max-image-preview:large","max-video-preview":"max-video-preview:-1"},"canonical":"https:\/\/institucional.ufrrj.br\/agroecologia\/oficinas-e-vivencias\/","og_locale":"pt_BR","og_type":"article","og_title":"Oficinas e Viv\u00eancias - Programa de Fortalecimento da Agricultura Familiar","og_description":"&nbsp; A realiza\u00e7\u00e3o de oficinas, cursos e capacita\u00e7\u00e3o tem por objetivo mediar junto aos t\u00e9cnicos e agricultores de forma participativa, ... leia mais","og_url":"https:\/\/institucional.ufrrj.br\/agroecologia\/oficinas-e-vivencias\/","og_site_name":"Programa de Fortalecimento da Agricultura Familiar","article_modified_time":"2019-12-12T18:16:51+00:00","og_image":[{"url":"https:\/\/institucional.ufrrj.br\/agroecologia\/files\/2019\/05\/MG_8035-150x150.jpg","type":"","width":"","height":""}],"twitter_card":"summary_large_image","twitter_misc":{"Est. tempo de leitura":"1 minuto"},"schema":{"@context":"https:\/\/schema.org","@graph":[{"@type":"WebPage","@id":"https:\/\/institucional.ufrrj.br\/agroecologia\/oficinas-e-vivencias\/","url":"https:\/\/institucional.ufrrj.br\/agroecologia\/oficinas-e-vivencias\/","name":"Oficinas e Viv\u00eancias - Programa de Fortalecimento da Agricultura Familiar","isPartOf":{"@id":"https:\/\/institucional.ufrrj.br\/agroecologia\/#website"},"primaryImageOfPage":{"@id":"https:\/\/institucional.ufrrj.br\/agroecologia\/oficinas-e-vivencias\/#primaryimage"},"image":{"@id":"https:\/\/institucional.ufrrj.br\/agroecologia\/oficinas-e-vivencias\/#primaryimage"},"thumbnailUrl":"http:\/\/institucional.ufrrj.br\/agroecologia\/files\/2019\/11\/ssa-1024x174.png","datePublished":"2019-05-07T20:42:15+00:00","dateModified":"2019-12-12T18:16:51+00:00","breadcrumb":{"@id":"https:\/\/institucional.ufrrj.br\/agroecologia\/oficinas-e-vivencias\/#breadcrumb"},"inLanguage":"pt-BR","potentialAction":[{"@type":"ReadAction","target":["https:\/\/institucional.ufrrj.br\/agroecologia\/oficinas-e-vivencias\/"]}]},{"@type":"ImageObject","inLanguage":"pt-BR","@id":"https:\/\/institucional.ufrrj.br\/agroecologia\/oficinas-e-vivencias\/#primaryimage","url":"http:\/\/institucional.ufrrj.br\/agroecologia\/files\/2019\/11\/ssa-1024x174.png","contentUrl":"http:\/\/institucional.ufrrj.br\/agroecologia\/files\/2019\/11\/ssa-1024x174.png"},{"@type":"BreadcrumbList","@id":"https:\/\/institucional.ufrrj.br\/agroecologia\/oficinas-e-vivencias\/#breadcrumb","itemListElement":[{"@type":"ListItem","position":1,"name":"In\u00edcio","item":"https:\/\/institucional.ufrrj.br\/agroecologia\/"},{"@type":"ListItem","position":2,"name":"Oficinas e Viv\u00eancias"}]},{"@type":"WebSite","@id":"https:\/\/institucional.ufrrj.br\/agroecologia\/#website","url":"https:\/\/institucional.ufrrj.br\/agroecologia\/","name":"Programa de Fortalecimento da Agricultura Familiar","description":"","potentialAction":[{"@type":"SearchAction","target":{"@type":"EntryPoint","urlTemplate":"https:\/\/institucional.ufrrj.br\/agroecologia\/?s={search_term_string}"},"query-input":{"@type":"PropertyValueSpecification","valueRequired":true,"valueName":"search_term_string"}}],"inLanguage":"pt-BR"}]}},"acf":[],"_links":{"self":[{"href":"https:\/\/institucional.ufrrj.br\/agroecologia\/wp-json\/wp\/v2\/pages\/13898","targetHints":{"allow":["GET"]}}],"collection":[{"href":"https:\/\/institucional.ufrrj.br\/agroecologia\/wp-json\/wp\/v2\/pages"}],"about":[{"href":"https:\/\/institucional.ufrrj.br\/agroecologia\/wp-json\/wp\/v2\/types\/page"}],"author":[{"embeddable":true,"href":"https:\/\/institucional.ufrrj.br\/agroecologia\/wp-json\/wp\/v2\/users\/722"}],"replies":[{"embeddable":true,"href":"https:\/\/institucional.ufrrj.br\/agroecologia\/wp-json\/wp\/v2\/comments?post=13898"}],"version-history":[{"count":21,"href":"https:\/\/institucional.ufrrj.br\/agroecologia\/wp-json\/wp\/v2\/pages\/13898\/revisions"}],"predecessor-version":[{"id":14755,"href":"https:\/\/institucional.ufrrj.br\/agroecologia\/wp-json\/wp\/v2\/pages\/13898\/revisions\/14755"}],"wp:attachment":[{"href":"https:\/\/institucional.ufrrj.br\/agroecologia\/wp-json\/wp\/v2\/media?parent=13898"}],"curies":[{"name":"wp","href":"https:\/\/api.w.org\/{rel}","templated":true}]}}