{"id":13747,"date":"2019-04-15T10:11:58","date_gmt":"2019-04-15T13:11:58","guid":{"rendered":"http:\/\/institucional.ufrrj.br\/agroecologia\/?page_id=13747"},"modified":"2023-06-18T16:39:20","modified_gmt":"2023-06-18T19:39:20","slug":"publicacoes-e-projetos","status":"publish","type":"page","link":"https:\/\/institucional.ufrrj.br\/agroecologia\/publicacoes-e-projetos\/","title":{"rendered":"PUBLICA\u00c7\u00d5ES E PROJETOS"},"content":{"rendered":"<p><strong>V\u00eddeos<\/strong><\/p>\n<p><a href=\"https:\/\/www.youtube.com\/watch?v=-XJ5XqB6KwU\">Feira da Agricultura Familiar na UFRRJ durante a pandemia &#8211; SNCT 2020<\/a><\/p>\n<p><a href=\"https:\/\/www.youtube.com\/watch?v=Kx928wZE6IQ\">Conex\u00f5es para a sustentabilidade: agroecologia e sistemas agroalimentares resilientes<\/a><\/p>\n<p><a href=\"https:\/\/www.youtube.com\/watch?v=87ZjBG_Toiw\">Agricultura fluminense na pandemia: oportunidades, desafios e aprendizagens<\/a><\/p>\n<p><a href=\"https:\/\/www.youtube.com\/watch?v=D_6OkZoMm3Q\">Rural cria site de vendas de cestas de produtos da agricultura familiar<\/a><\/p>\n<p><a href=\"https:\/\/www.facebook.com\/watch\/?v=2348319488599387\">Feira da Agricultura Familiar (FAF UFRRJ) &#8211; 3 anos por Magno Roza &#8211; Emater-Rio<\/a><\/p>\n<p><a href=\"https:\/\/www.youtube.com\/watch?time_continue=8&amp;v=l_269pMlMfc&amp;feature=emb_logo\">Anivers\u00e1rio de 3 anos da Feira da Agricultura Familiar<\/a><\/p>\n<p><a href=\"https:\/\/www.facebook.com\/pg\/FafUfrrjIM\/posts\/\">Feira da UFRRJ no Instituto Multidisciplinar (Nova Igua\u00e7u)<\/a><\/p>\n<p><strong>Entrevistas, palestras e not\u00edcias<\/strong><\/p>\n<p><a href=\"https:\/\/portal.ufrrj.br\/empreendedor-recebe-apoio-da-ufrrj-para-desenvolver-biscoito-sem-gluten\/\">Portal UFRRJ: <strong>Empreendedor recebe apoio da UFRRJ para desenvolver biscoito sem gl\u00faten<\/strong><\/a><\/p>\n<p class=\"titulo col-md-12 col-sm-12 col-xs-12\"><a href=\"https:\/\/odia.ig.com.br\/rio-de-janeiro\/o-dia-na-baixada\/2020\/05\/5923236-feira-da-rural-aposta-em-cesta-online-para-seguir-em-atividade.html#foto=1\"><strong>O DIA: Feira da Rural aposta em cesta online para seguir em atividade: atrav\u00e9s de site, clien<\/strong>tes podem escolher produtos que ser\u00e3o entregues na semana seguinte<\/a><\/p>\n<p><a href=\"https:\/\/www.seropedicaonline.com\/ufrrj\/feira-da-agricultura-familiar-da-ufrrj-em-seropedica-completa-3-anos-1\">Serop\u00e9dica on line: <strong>Feira da Agricultura Familiar na UFRRJ completa 3 anos<\/strong><\/a><\/p>\n<p><a href=\"http:\/\/mds.gov.br\/area-de-imprensa\/noticias\/2017\/junho\/paa-muda-vida-de-agricultor-familiar-no-rio-de-janeiro\">Minist\u00e9rio do Desenvolvimento Social (2017). <strong>PAA muda vida de agricultor familiar no Rio de Janeiro<\/strong><\/a><\/p>\n<p><a href=\"http:\/\/blogs.ufrrj.br\/bloghumanidade\/feira-de-agricultura-familiar-a-saude-e-o-melhor-investimento\/\">Humanidades: Feira da Agricultura Familiar: sa\u00fade \u00e9 o melhor investimento<\/a><\/p>\n<p><a href=\"https:\/\/portal.ufrrj.br\/primeira-entrega-das-cestas-da-agricultura-familiar-em-seropedica\/\">Primeira entrega das Cestas da Agricultura Familiar em Serop\u00e9dica<\/a><\/p>\n<p><a href=\"http:\/\/www.ni.ufrrj.br\/ufrrj-implanta-sistema-para-compra-de-cestas-de-produtos-da-agricultura-familiar\/\">UFRRJ implanta sistema para compra de cestas de produtos da agricultura familiar<\/a><\/p>\n<p class=\"entry-title\"><a href=\"https:\/\/www.seropedicaonline.com\/ufrrj\/feira-da-agricultura-familiar-ufrrj-seropedica\/\">Feira da Agricultura Familiar \u2013 UFRRJ Serop\u00e9dica<\/a><\/p>\n<p><a href=\"http:\/\/novaiguassuonline.com.br\/agricultores-de-mesquita-passam-fornecer-seus-produtos-ao-bandejao-da-ufrrj\/\">Agricultores de Mesquita passam a fornecer seus produtos ao bandej\u00e3o da UFRRJ<\/a><\/p>\n<p class=\"jeg_post_title\"><a href=\"https:\/\/jornalatual.com.br\/2018\/08\/24\/ufrrj-sedia-debate-sobre-agricultura-familiar\/\">UFRRJ sedia debate sobre agricultura familiar<\/a><\/p>\n<p><a href=\"https:\/\/portal.ufrrj.br\/feira-da-agricultura-familiar-no-im-agora-e-semanal\/\">Feira da Agricultura Familiar no IM agora \u00e9 semanal<\/a><\/p>\n<p><a href=\"http:\/\/jornalhoje.inf.br\/wp\/?p=26108\">Feira da Ro\u00e7a de Japeri \u00e9 modelo para futura feira da Rural<\/a><\/p>\n<p><a href=\"https:\/\/www.youtube.com\/watch?v=r-ey-Q8aHiI\">Projeto AChA (Articula\u00e7\u00e3o de Chefs e Agricultores)<\/a><\/p>\n<h2><strong>Eventos<\/strong><\/h2>\n<p><strong>FORPLAD 2018<\/strong><\/p>\n<p><iframe loading=\"lazy\" title=\"FORPLAD_RIO_23 AGO 2018_Painel 02\" width=\"500\" height=\"281\" src=\"https:\/\/www.youtube.com\/embed\/3bo66zVKp4Q?feature=oembed\" frameborder=\"0\" allow=\"accelerometer; autoplay; clipboard-write; encrypted-media; gyroscope; picture-in-picture; web-share\" referrerpolicy=\"strict-origin-when-cross-origin\" allowfullscreen><\/iframe><\/p>\n<p><a href=\"https:\/\/www.youtube.com\/channel\/UCyEtF9WspwrohY7FjrIYEJA\"><strong>I Simp\u00f3sio do Programa de Aquisi\u00e7\u00e3o de Alimentos em Institui\u00e7\u00f5es P\u00fablicas de Ensino Superior<\/strong><\/a><\/p>\n<p>Canal criado para a transmiss\u00e3o do I Simp\u00f3sio do Programa de Aquisi\u00e7\u00e3o de Alimentos em Institui\u00e7\u00f5es P\u00fablicas de Ensino Superior realizado em 2020. Comiss\u00e3o Organizadora: Universidade Federal Rural do Rio de Janeiro: Programa de Fortalecimento da Agricultura Familiar na Baixada Fluminense; Programa de P\u00f3s-gradua\u00e7\u00e3o em Agricultura Org\u00e2nica (PPGAO\/UFRRJ); N\u00facleo de Estudos em Agroecologia e Agricultura Org\u00e2nica.<\/p>\n<p>&nbsp;<\/p>\n<p><strong>Publica\u00e7\u00f5es\u00a0<\/strong><\/p>\n<p><a href=\"https:\/\/institucional.ufrrj.br\/agroecologia\/files\/2022\/08\/Boletim-da-Feira-da-Agricultura-Familiar-na-UFRRJ-edicao-de-junho-de-2022.pdf\">Boletim da Feira da Agricultura Familiar na UFRRJ &#8211; edi\u00e7\u00e3o de junho de 2022<\/a><\/p>\n<p>DOI: <a href=\"https:\/\/institucional.ufrrj.br\/agroecologia\/publicacoes-e-projetos\/\">10.29327\/268248<\/a><\/p>\n<p>O Boletim de Pre\u00e7os \u00e9 uma publica\u00e7\u00e3o mensal que trar\u00e1 informa\u00e7\u00f5es sobre a FAF e demais temas relacionados, al\u00e9m de apresentar os produtos e pre\u00e7os praticados na feira. \u00c9 elaborado pela equipe da coordena\u00e7\u00e3o do projeto em parceria com professores e alunos dos cursos de economia e comunica\u00e7\u00e3o.<\/p>\n<p><strong>Cartilhas<\/strong><\/p>\n<h5><a href=\"https:\/\/institucional.ufrrj.br\/agroecologia\/files\/2019\/05\/CARTILHA-ORA-PRO-NOBIS-UFRRJ.pdf\">Aspectos da Produ\u00e7\u00e3o e da P\u00f3s-Colheita de Ora-pro-n\u00f3bis<\/a><\/h5>\n<p><a href=\"https:\/\/institucional.ufrrj.br\/agroecologia\/files\/2019\/05\/CARTILHA-VINAGREIRA-UFRRJ.pdf\">Aspectos da Produ\u00e7\u00e3o e da P\u00f3s-Colheita de Vinagreira<\/a><\/p>\n<p><a href=\"https:\/\/institucional.ufrrj.br\/agroecologia\/files\/2019\/05\/NOTA-FISCAL-DO-PRODUTOR-RURAL-UFRRJ.pdf\"><strong>Guia: Passo a Passo para obten\u00e7\u00e3o da nota fiscal do Produtor Rural modelo 4<\/strong><\/a><\/p>\n<p>Oliveira et al. (2020). <strong>Valoriza\u00e7\u00e3o da agricultura familiar como estrat\u00e9gia de a\u00e7\u00e3o universit\u00e1ria para a sustentabilidade<\/strong>. In: L\u00facia Valadares Sartorio; Jaime Rodrigo Miranda; Adriana Schueler; Ana Dantas Soares. (Org.). POL\u00cdTICAS P\u00daBLICAS E PR\u00c1TICAS SOCIAIS: Cidadania, Comunica\u00e7\u00e3o, Seguran\u00e7a Alimentar, Sa\u00fade e Educa\u00e7\u00e3o. 1a ed. S\u00e3o Paulo: Livraria da Fisica, pp. 152-163.<\/p>\n<p>Monteiro et al. (2020). <strong>Pol\u00edticas p\u00fablicas de fortalecimento da agricultura familiar e seguran\u00e7a alimentar e nutricional.<\/strong> n: L\u00facia Valadares Sartorio; Jaime Rodrigo Miranda; Adriana Schueler; Ana Dantas Soares. (Org.). POL\u00cdTICAS P\u00daBLICAS E PR\u00c1TICAS SOCIAIS: Cidadania, Comunica\u00e7\u00e3o, Seguran\u00e7a Alimentar, Sa\u00fade e Educa\u00e7\u00e3o. 1a ed. S\u00e3o Paulo: Livraria da Fisica, pp. 135-151.<\/p>\n<p><a href=\"http:\/\/coronavirus.ufrrj.br\/wp-content\/uploads\/2020\/05\/Boletim-1.pdf\">T\u00e1vora et al. (2020) <strong>Conhe\u00e7a a Cesta Camponesa e a Cesta da Agricultura Familiar<\/strong>. Boletim sobre sistemas populares de abastecimento alimentar n\u00ba 01.<\/a><\/p>\n<p><a href=\"http:\/\/www.seer.ufu.br\/index.php\/campoterritorio\/article\/download\/47506\/26822\/\">Silva &amp; Queiroz (2019). <strong>A Feira vai \u00e0 Universidade: an\u00e1lises e perspectivas do projeto da Feira de Agricultura Familiar na UFRRJ\/IM.<\/strong><\/a> CAMPO-TERRIT\u00d3RIO: Revista de Geografia Agr\u00e1ria, v. 14, n. 32, p. 355-374, abr., 2019 ISSN 1809-6271<\/p>\n<p><a href=\"https:\/\/institucional.ufrrj.br\/agroecologia\/files\/2019\/04\/FEIRA-DA-AGRICULTURA-FAMILIAR-NA-UNIVERSIDADE-FEDERAL-RURAL-DO-RIO-DE-JANEIRO.pdf\" target=\"_blank\" rel=\"noopener noreferrer\">Santos et al. (2018). <strong>Feira da agricultura familiar na Universidade Federal Rural do Rio de Janeiro: relato de experi\u00eancia da constru\u00e7\u00e3o de um espa\u00e7o de integra\u00e7\u00e3o entre agricultores locais e a comunidade acad\u00eamica<\/strong>. Cadernos de Agroecologia \u2013 ISSN 2236-7934 \u2013 Anais do VI CLAA, X CBA e V SEMDF \u2013 Vol. 13, N\u00b0 1, Jul. 2018.<\/a><\/p>\n<div class=\"_1mrMQ\">\n<div class=\"_1qlav\"><a href=\"https:\/\/www.atenaeditora.com.br\/arquivos\/ebooks\/agroecologia-debates-sobre-a-sustentabilidade\">Monteiro et al. (2019). <strong>Reflex\u00f5es sobre pol\u00edticas de fortalecimento da agricultura familiar e seguran\u00e7a alimentar e nutricional no munic\u00edpio de Serop\u00e9dica-RJ<\/strong>. In: Cleberton Correia Santos. (Org.). Agroecologia: Debates sobre a Sustentabilidade. 1ed.Ponta Grossa: Atena Editora, 2019, v. 1, p. 1-13. DOI: 10.22533\/at.ed.993192407; ISBN:\u00a0978-85-7247-499-3<\/a><\/div>\n<\/div>\n<div>\n<p>&nbsp;<\/p>\n<p><a href=\"https:\/\/hdl.handle.net\/10216\/120874\">PORTILHO et al. (2019). <strong>Fortalecimento da agricultura familiar na Baixada Fluminense \u2013 RJ (Brasil): identidade camponesa e inclus\u00e3o social<\/strong>, The Overarching Issues of the European Space- a strategic (re)positioning of &#8230;, Porto, Fac.Letras da Univ. Porto. pp. 355-370 (DOI: 10.21747\/9789898969149\/fort)<\/a><\/p>\n<p><a href=\"http:\/\/cursos.ufrrj.br\/posgraduacao\/ppgao\/files\/2018\/09\/Disserta%C3%A7%C3%A3o-Leticia.pdf\">SANTOS, Let\u00edcia Ribeiro Pinto dos. <strong>Resid\u00eancia agron\u00f4mica com enfoque agroecol\u00f3gico: o caso dos canais de venda direta na UFRRJ.<\/strong> 2018. 130p. Disserta\u00e7\u00e3o (Mestrado Profissional em Agricultura Org\u00e2nica). Instituto de Agronomia, Departamento de Fitotecnia, Universidade Federal Rural do Rio de Janeiro, Serop\u00e9dica, RJ, 2018.<\/a><\/p>\n<p>CORREA et al. <strong><a href=\"http:\/\/cinasama.com.br\/upload\/170319110839613648.pdf\">Qualidade da \u00e1gua de po\u00e7os em unidades de produ\u00e7\u00e3o familiar nos munic\u00edpios de Itagua\u00ed e Serop\u00e9dica (RJ). In: Giselle Medeiros da Costa One;Helder Neves de Albuquerque. (Org.). Meio Ambiente: uma vis\u00e3o interativa. 1a ed. JO\u00c3O PESSOA: Instituto Medeiros de Educa\u00e7\u00e3o Avan\u00e7ada IMEA, 2019, v. 1, p. 93-110.<\/a><\/strong><\/p>\n<p>&nbsp;<\/p>\n<\/div>\n<p><strong>Projetos<\/strong><\/p>\n<p>2021-2023 &#8211;\u00a0 Resid\u00eancia Profissional Agr\u00edcola da Universidade Federal Rural do Rio de Janeiro, no \u00e2mbito do projeto Resid\u00eancia Profissional Agr\u00edcola como estrat\u00e9gia para qualifica\u00e7\u00e3o de jovens extensionistas e promo\u00e7\u00e3o do desenvolvimento da agricultura na baixada e centro sul fluminense (RJ), aprovado no edital 01\/2020 do AgroResid\u00eancia (MAPA\/ UFRRJ\/ Emater-Rio; Termo de Execu\u00e7\u00e3o Descentralizada n\u00ba 059 \/ 2020, 11 de dezembro de 2020)<\/p>\n<p><strong>Meio ambiente (meio de vida): Agroecologia e comunica\u00e7\u00e3o para promo\u00e7\u00e3o da educa\u00e7\u00e3o ambiental na Feira da Agricultura Familiar na Universidade Federal Rural do Rio de Janeiro<\/strong> (AGEVAP, Proc. N\u00ba 003.004.001.2020)<\/p>\n<p>O projeto deu origem a uma campanha realizada com os clientes da feira ao longo do ano de 2021, cujo objetivo era trabalhar o consumo consciente atrav\u00e9s da redu\u00e7\u00e3o do uso do pl\u00e1stico e da reutiliza\u00e7\u00e3o de algumas embalagens, al\u00e9m de executar a\u00e7\u00f5es educativas seja na feira ou nas redes sociais mostrando o quanto a produ\u00e7\u00e3o agroecol\u00f3gica \u00e9 ben\u00e9fica para preserva\u00e7\u00e3o dos recursos naturais, em especial o solo e a \u00e1gua.<\/p>\n<p><iframe loading=\"lazy\" title=\"Campanha AGEVAP e Feira da Agricultura Familiar | FAF UFRRJ\" width=\"500\" height=\"281\" src=\"https:\/\/www.youtube.com\/embed\/K4rOe9prOxY?feature=oembed\" frameborder=\"0\" allow=\"accelerometer; autoplay; clipboard-write; encrypted-media; gyroscope; picture-in-picture; web-share\" referrerpolicy=\"strict-origin-when-cross-origin\" allowfullscreen><\/iframe><\/p>\n<p>Em 2020 e 2021 tamb\u00e9m foi realizado um projeto na propriedade da agricultora Viviane Brito, com o objetivo de ser uma unidade demonstrativa para todos produtores. O projeto instalou um sistema de irriga\u00e7\u00e3o por gotejamento, a fim de aumentar a efici\u00eancia no uso da \u00e1gua.<\/p>\n<p><iframe loading=\"lazy\" title=\"Implanta\u00e7\u00e3o de Unidade Demonstrativa do Sistema de Gotejamento - Campanha FAF e AGEVAP | FAF UFRRJ\" width=\"500\" height=\"281\" src=\"https:\/\/www.youtube.com\/embed\/k4mP75I-AsU?feature=oembed\" frameborder=\"0\" allow=\"accelerometer; autoplay; clipboard-write; encrypted-media; gyroscope; picture-in-picture; web-share\" referrerpolicy=\"strict-origin-when-cross-origin\" allowfullscreen><\/iframe><\/p>\n<p><strong>Qualidade da \u00e1gua de po\u00e7os em unidades de produ\u00e7\u00e3o familiar e socializa\u00e7\u00e3o com diferentes atores locais<\/strong> (AGEVAP, Proc. N\u00ba 03.010.001.17)<\/p>\n<p><strong>Rede Intersetorial em agroecologia e seguran\u00e7a alimentar para o fortalecimento de circuitos agroalimentar locais<\/strong> (CNPq, Proc. N\u00ba 443243\/2016-6)<\/p>\n<p><strong>N\u00facleo de estudos em agroecologia e produ\u00e7\u00e3o org\u00e2nica para o desenvolvimento sustent\u00e1vel da agricultura familiar no estado do Rio de Janeiro<\/strong> (CNPq, Proc. N\u00ba 402830\/ 2017-2)<\/p>\n<p><strong>Implanta\u00e7\u00e3o e monitoramento de um m\u00f3dulo Agroflorestal na Universidade Federal Rural do Rio de Janeiro: Ensino, Pesquisa e Extens\u00e3o em Agroecologia<\/strong> (Faperj, Proc. N\u00ba E-26\/010.001557\/2015)<\/p>\n<p>&nbsp;<\/p>\n","protected":false},"excerpt":{"rendered":"<p>V\u00eddeos Feira da Agricultura Familiar na UFRRJ durante a pandemia &#8211; SNCT 2020 Conex\u00f5es para a sustentabilidade: agroecologia e sistemas <a class=\"read-more\" href=\"https:\/\/institucional.ufrrj.br\/agroecologia\/publicacoes-e-projetos\/ \" >&#8230; <span class=\"font-italic\">leia mais <i class=\"fas fa-angle-right\"><\/i><\/span><\/a><\/p>\n","protected":false},"author":722,"featured_media":0,"parent":0,"menu_order":0,"comment_status":"closed","ping_status":"closed","template":"","meta":{"_acf_changed":false,"footnotes":""},"class_list":["post-13747","page","type-page","status-publish","hentry"],"yoast_head":"<!-- This site is optimized with the Yoast SEO plugin v27.2 - https:\/\/yoast.com\/product\/yoast-seo-wordpress\/ -->\n<title>PUBLICA\u00c7\u00d5ES E PROJETOS - Programa de Fortalecimento da Agricultura Familiar<\/title>\n<meta name=\"robots\" content=\"index, follow, max-snippet:-1, max-image-preview:large, max-video-preview:-1\" \/>\n<link rel=\"canonical\" href=\"https:\/\/institucional.ufrrj.br\/agroecologia\/publicacoes-e-projetos\/\" \/>\n<meta property=\"og:locale\" content=\"pt_BR\" \/>\n<meta property=\"og:type\" content=\"article\" \/>\n<meta property=\"og:title\" content=\"PUBLICA\u00c7\u00d5ES E PROJETOS - Programa de Fortalecimento da Agricultura Familiar\" \/>\n<meta property=\"og:description\" content=\"V\u00eddeos Feira da Agricultura Familiar na UFRRJ durante a pandemia &#8211; SNCT 2020 Conex\u00f5es para a sustentabilidade: agroecologia e sistemas ... leia mais\" \/>\n<meta property=\"og:url\" content=\"https:\/\/institucional.ufrrj.br\/agroecologia\/publicacoes-e-projetos\/\" \/>\n<meta property=\"og:site_name\" content=\"Programa de Fortalecimento da Agricultura Familiar\" \/>\n<meta property=\"article:modified_time\" content=\"2023-06-18T19:39:20+00:00\" \/>\n<meta name=\"twitter:card\" content=\"summary_large_image\" \/>\n<meta name=\"twitter:label1\" content=\"Est. tempo de leitura\" \/>\n\t<meta name=\"twitter:data1\" content=\"6 minutos\" \/>\n<script type=\"application\/ld+json\" class=\"yoast-schema-graph\">{\"@context\":\"https:\/\/schema.org\",\"@graph\":[{\"@type\":\"WebPage\",\"@id\":\"https:\/\/institucional.ufrrj.br\/agroecologia\/publicacoes-e-projetos\/\",\"url\":\"https:\/\/institucional.ufrrj.br\/agroecologia\/publicacoes-e-projetos\/\",\"name\":\"PUBLICA\u00c7\u00d5ES E PROJETOS - Programa de Fortalecimento da Agricultura Familiar\",\"isPartOf\":{\"@id\":\"https:\/\/institucional.ufrrj.br\/agroecologia\/#website\"},\"datePublished\":\"2019-04-15T13:11:58+00:00\",\"dateModified\":\"2023-06-18T19:39:20+00:00\",\"breadcrumb\":{\"@id\":\"https:\/\/institucional.ufrrj.br\/agroecologia\/publicacoes-e-projetos\/#breadcrumb\"},\"inLanguage\":\"pt-BR\",\"potentialAction\":[{\"@type\":\"ReadAction\",\"target\":[\"https:\/\/institucional.ufrrj.br\/agroecologia\/publicacoes-e-projetos\/\"]}]},{\"@type\":\"BreadcrumbList\",\"@id\":\"https:\/\/institucional.ufrrj.br\/agroecologia\/publicacoes-e-projetos\/#breadcrumb\",\"itemListElement\":[{\"@type\":\"ListItem\",\"position\":1,\"name\":\"In\u00edcio\",\"item\":\"https:\/\/institucional.ufrrj.br\/agroecologia\/\"},{\"@type\":\"ListItem\",\"position\":2,\"name\":\"PUBLICA\u00c7\u00d5ES E PROJETOS\"}]},{\"@type\":\"WebSite\",\"@id\":\"https:\/\/institucional.ufrrj.br\/agroecologia\/#website\",\"url\":\"https:\/\/institucional.ufrrj.br\/agroecologia\/\",\"name\":\"Programa de Fortalecimento da Agricultura Familiar\",\"description\":\"\",\"potentialAction\":[{\"@type\":\"SearchAction\",\"target\":{\"@type\":\"EntryPoint\",\"urlTemplate\":\"https:\/\/institucional.ufrrj.br\/agroecologia\/?s={search_term_string}\"},\"query-input\":{\"@type\":\"PropertyValueSpecification\",\"valueRequired\":true,\"valueName\":\"search_term_string\"}}],\"inLanguage\":\"pt-BR\"}]}<\/script>\n<!-- \/ Yoast SEO plugin. -->","yoast_head_json":{"title":"PUBLICA\u00c7\u00d5ES E PROJETOS - Programa de Fortalecimento da Agricultura Familiar","robots":{"index":"index","follow":"follow","max-snippet":"max-snippet:-1","max-image-preview":"max-image-preview:large","max-video-preview":"max-video-preview:-1"},"canonical":"https:\/\/institucional.ufrrj.br\/agroecologia\/publicacoes-e-projetos\/","og_locale":"pt_BR","og_type":"article","og_title":"PUBLICA\u00c7\u00d5ES E PROJETOS - Programa de Fortalecimento da Agricultura Familiar","og_description":"V\u00eddeos Feira da Agricultura Familiar na UFRRJ durante a pandemia &#8211; SNCT 2020 Conex\u00f5es para a sustentabilidade: agroecologia e sistemas ... leia mais","og_url":"https:\/\/institucional.ufrrj.br\/agroecologia\/publicacoes-e-projetos\/","og_site_name":"Programa de Fortalecimento da Agricultura Familiar","article_modified_time":"2023-06-18T19:39:20+00:00","twitter_card":"summary_large_image","twitter_misc":{"Est. tempo de leitura":"6 minutos"},"schema":{"@context":"https:\/\/schema.org","@graph":[{"@type":"WebPage","@id":"https:\/\/institucional.ufrrj.br\/agroecologia\/publicacoes-e-projetos\/","url":"https:\/\/institucional.ufrrj.br\/agroecologia\/publicacoes-e-projetos\/","name":"PUBLICA\u00c7\u00d5ES E PROJETOS - Programa de Fortalecimento da Agricultura Familiar","isPartOf":{"@id":"https:\/\/institucional.ufrrj.br\/agroecologia\/#website"},"datePublished":"2019-04-15T13:11:58+00:00","dateModified":"2023-06-18T19:39:20+00:00","breadcrumb":{"@id":"https:\/\/institucional.ufrrj.br\/agroecologia\/publicacoes-e-projetos\/#breadcrumb"},"inLanguage":"pt-BR","potentialAction":[{"@type":"ReadAction","target":["https:\/\/institucional.ufrrj.br\/agroecologia\/publicacoes-e-projetos\/"]}]},{"@type":"BreadcrumbList","@id":"https:\/\/institucional.ufrrj.br\/agroecologia\/publicacoes-e-projetos\/#breadcrumb","itemListElement":[{"@type":"ListItem","position":1,"name":"In\u00edcio","item":"https:\/\/institucional.ufrrj.br\/agroecologia\/"},{"@type":"ListItem","position":2,"name":"PUBLICA\u00c7\u00d5ES E PROJETOS"}]},{"@type":"WebSite","@id":"https:\/\/institucional.ufrrj.br\/agroecologia\/#website","url":"https:\/\/institucional.ufrrj.br\/agroecologia\/","name":"Programa de Fortalecimento da Agricultura Familiar","description":"","potentialAction":[{"@type":"SearchAction","target":{"@type":"EntryPoint","urlTemplate":"https:\/\/institucional.ufrrj.br\/agroecologia\/?s={search_term_string}"},"query-input":{"@type":"PropertyValueSpecification","valueRequired":true,"valueName":"search_term_string"}}],"inLanguage":"pt-BR"}]}},"acf":[],"_links":{"self":[{"href":"https:\/\/institucional.ufrrj.br\/agroecologia\/wp-json\/wp\/v2\/pages\/13747","targetHints":{"allow":["GET"]}}],"collection":[{"href":"https:\/\/institucional.ufrrj.br\/agroecologia\/wp-json\/wp\/v2\/pages"}],"about":[{"href":"https:\/\/institucional.ufrrj.br\/agroecologia\/wp-json\/wp\/v2\/types\/page"}],"author":[{"embeddable":true,"href":"https:\/\/institucional.ufrrj.br\/agroecologia\/wp-json\/wp\/v2\/users\/722"}],"replies":[{"embeddable":true,"href":"https:\/\/institucional.ufrrj.br\/agroecologia\/wp-json\/wp\/v2\/comments?post=13747"}],"version-history":[{"count":63,"href":"https:\/\/institucional.ufrrj.br\/agroecologia\/wp-json\/wp\/v2\/pages\/13747\/revisions"}],"predecessor-version":[{"id":15141,"href":"https:\/\/institucional.ufrrj.br\/agroecologia\/wp-json\/wp\/v2\/pages\/13747\/revisions\/15141"}],"wp:attachment":[{"href":"https:\/\/institucional.ufrrj.br\/agroecologia\/wp-json\/wp\/v2\/media?parent=13747"}],"curies":[{"name":"wp","href":"https:\/\/api.w.org\/{rel}","templated":true}]}}