{"id":13629,"date":"2019-04-10T22:45:27","date_gmt":"2019-04-11T01:45:27","guid":{"rendered":"http:\/\/institucional.ufrrj.br\/agroecologia\/?page_id=13629"},"modified":"2021-07-29T11:03:53","modified_gmt":"2021-07-29T14:03:53","slug":"feira","status":"publish","type":"page","link":"https:\/\/institucional.ufrrj.br\/agroecologia\/feira\/","title":{"rendered":"FEIRAS"},"content":{"rendered":"<p><img loading=\"lazy\" decoding=\"async\" class=\"alignnone wp-image-14577 size-full\" src=\"https:\/\/institucional.ufrrj.br\/agroecologia\/files\/2019\/11\/11.png\" alt=\"\" width=\"1280\" height=\"1154\" srcset=\"https:\/\/institucional.ufrrj.br\/agroecologia\/files\/2019\/11\/11.png 1280w, https:\/\/institucional.ufrrj.br\/agroecologia\/files\/2019\/11\/11-300x270.png 300w, https:\/\/institucional.ufrrj.br\/agroecologia\/files\/2019\/11\/11-768x692.png 768w, https:\/\/institucional.ufrrj.br\/agroecologia\/files\/2019\/11\/11-1024x923.png 1024w\" sizes=\"auto, (max-width: 1280px) 100vw, 1280px\" \/><\/p>\n<p>As feiras da agricultura familiar se configuram como elementos de expressiva import\u00e2ncia social e econ\u00f4mica no mundo inteiro, caracterizando-se pela interatividade entre agricultores e consumidores em um ambiente diversificado, multicolorido e itinerante. A partir da d\u00e9cada de 1980, com a instala\u00e7\u00e3o de grandes redes varejistas no pa\u00eds, acreditou-se que as feiras deixariam de existir. No entanto, as feiras resistiram como espa\u00e7os de comercializa\u00e7\u00e3o e resist\u00eancia da agricultura familiar. Hoje, existe um movimento crescente de resgate das feiras impulsionado pelo aumento da demanda de consumidores por alimentos mais saud\u00e1veis e por mem\u00f3rias afetivas de sabores e ruralidades, que n\u00e3o s\u00e3o preenchidas pela comida massificada. Ao permitirem <strong>rela\u00e7\u00f5es mais justas de com\u00e9rcio<\/strong>, as feiras criam perspectivas para a manuten\u00e7\u00e3o de fam\u00edlias agricultoras no campo, por meio da gera\u00e7\u00e3o de renda e reinser\u00e7\u00e3o de grupos mais vulner\u00e1veis.<\/p>\n<p>Na Rural, as feiras s\u00e3o espa\u00e7os <strong>\u00f3timos de integra\u00e7\u00e3o entre a comunidade acad\u00eamica e a Agricultura Familiar<\/strong>, propiciando trocas de saberes em aulas, oficinas, viv\u00eancias e pesquisas, al\u00e9m claro do acesso a alimentos saud\u00e1veis e localmente produzidos. Nos anos de 2017, 2018 e 2019, a Feira da Agricultura Familiar no Campus Serop\u00e9dica (FAF-UFRRJ) movimentou respectivamente, R$ 183.394,20; R$ 160.106,35 e R$ 163.776,55, totalizando 507.277,10. Por medida de seguran\u00e7a, feirantes idosos e\/ou portadores de comorbidades, n\u00e3o participaram da FAF presencial. Desse modo, foram analisados apenas 127 romaneios. No ano de 2020, o faturamento bruto total da FAF foi de R$ 35.885,50.<\/p>\n<p align=\"justify\"><strong>Diante da pandemia de Covid-19, a Feira da Agricultura Familiar (FAF\/UFRRJ) encontra alternativas para comercializar alimentos saud\u00e1veis fornecidos diretamente pelos produtores. Desde que medidas de distanciamento social foram implantadas, a equipe do\u00a0<a href=\"https:\/\/institucional.ufrrj.br\/agroecologia\/paa\/\" target=\"_blank\" rel=\"noopener noreferrer\">Programa de Fortalecimento da Agricultura Familiar da UFRRJ<\/a> se concentrou na busca de solu\u00e7\u00f5es para a comercializa\u00e7\u00e3o dos produtos que s\u00e3o vendidos na FAF, suspensa a partir da segunda semana de mar\u00e7o. Assim, a Feira agora \u00e9 a Cesta da Agricultura Familiar<\/strong><strong>. Os produtos s\u00e3o adquiridos atrav\u00e9s do site <a href=\"https:\/\/www.fafrural.com.br\/\">fafrural.com.br<\/a> e retirados no <a href=\"http:\/\/ctur.ufrrj.br\/#\">Col\u00e9gio T\u00e9cnico da UFRRJ<\/a> (CTUR).<\/strong><\/p>\n<p align=\"justify\"><strong>Apresentamos aqui, alguns resultados da Cesta da Feira Agricultura Familiar:<\/strong><\/p>\n<p style=\"text-align: left\">Em 2020,\u00a0 foram comercializadas 1.285 cestas no total, Foram beneficiados diretamente 25 feirantes, agricultores familiares assistidos nos munic\u00edpios de Serop\u00e9dica, Itagua\u00ed, Paracambi e Japeri na Baixada Fluminense (RJ). Dentre os principais produtos comercializados produzidos pelos agricultores, destacaram-se ovos de galinha caipira (645 d\u00fazias);\u00a0 3.561 unidades de hortali\u00e7as folhosas; 2.774 quilogramas de ra\u00edzes e tub\u00e9rculos. O faturamento bruto da cesta em 2020 foi de R$ 119.236,00. Para saber mais visite o instagram da Feira: <a href=\"https:\/\/www.instagram.com\/p\/COGSZm4HMOD\/?utm_source=ig_web_copy_link\">https:\/\/www.instagram.com\/p\/COGSZm4HMOD\/?utm_source=ig_web_copy_link<\/a><\/p>\n<p>&nbsp;<\/p>\n<p>Por meio da Campanha de Doa\u00e7\u00e3o executada junto a Cesta da Agricultura Familiar, a arrecadou-se R$ 4.196,00 no per\u00edodo de abril a dezembro de 2020. Com esse recurso, adquiriu-se 1.572 kg de alimentos produzidos por agricultores vinculados a Feira e a Cesta na UFRRJ Agricultura Familiar. As doa\u00e7\u00f5es beneficiaram 101 fam\u00edlias de Serop\u00e9dica e foram realizadas pela<\/p>\n<p><a href=\"https:\/\/institucional.ufrrj.br\/agroecologia\/files\/2021\/07\/rede-integra\u00e7\u00e3o.pdf\">rede integra\u00e7\u00e3o<\/a><\/p>\n<p>&nbsp;<\/p>\n<p>As atividades da Feira da Agricultura Familiar no campus Serop\u00e9dica foram retomadas na data de 12 de agosto de 2020, quando foi realizada a segunda feira presencial do ano, no Col\u00e9gio T\u00e9cnico da Universidade Rural, seguindo todas as medidas preconizadas para garantir o seu funcionamento. As medidas foram discutidas com os feirantes e adotou-se protocolo Baseado no Manual ABIO de Boas Pr\u00e1ticas para Preven\u00e7\u00e3o do Coronav\u00edrus na Comercializa\u00e7\u00e3o de Produtos Org\u00e2nicos dispon\u00edvel em: <a href=\"https:\/\/abiorj.org\/wp-content\/uploads\/2020\/03\/MANUAL-DE-PROCEDIMENTOS-FEIRAS.pdf\">https:\/\/abiorj.org\/wp-content\/uploads\/2020\/03\/MANUAL-DE-PROCEDIMENTOS-FEIRAS.pdf<\/a>. Foi desenvolvida uma campanha para refor\u00e7ar as boas pr\u00e1ticas com consumidores e feirantes.<\/p>\n<p>Por medida de seguran\u00e7a, feirantes idosos e\/ou portadores de comorbidades, n\u00e3o participaram da FAF presencial. Desse modo, foram analisados apenas 127 romaneios, de 12 feirantes que participaram presencialmente. No ano de 2020, o faturamento bruto total da FAF foi de R$ 35.885,50. O faturamento bruto total e o faturamento bruto por produtor foi abaixo do registrado nos anos de 2017 a 2019. Houve redu\u00e7\u00e3o no n\u00famero de feirantes, mas tamb\u00e9m a mudan\u00e7a no ponto de venda, do pavilh\u00e3o central para o Col\u00e9gio T\u00e9cnico, provavelmente se relacionou \u00e0 expressiva redu\u00e7\u00e3o no n\u00famero de pessoas transitando pela feira, al\u00e9m de outros fatores que se agravaram durante a pandemia, como a crise econ\u00f4mica e o desemprego.<\/p>\n","protected":false},"excerpt":{"rendered":"<p>As feiras da agricultura familiar se configuram como elementos de expressiva import\u00e2ncia social e econ\u00f4mica no mundo inteiro, caracterizando-se pela <a class=\"read-more\" href=\"https:\/\/institucional.ufrrj.br\/agroecologia\/feira\/ \" >&#8230; <span class=\"font-italic\">leia mais <i class=\"fas fa-angle-right\"><\/i><\/span><\/a><\/p>\n","protected":false},"author":722,"featured_media":0,"parent":0,"menu_order":0,"comment_status":"closed","ping_status":"closed","template":"","meta":{"_acf_changed":false,"footnotes":""},"class_list":["post-13629","page","type-page","status-publish","hentry"],"yoast_head":"<!-- This site is optimized with the Yoast SEO plugin v27.2 - https:\/\/yoast.com\/product\/yoast-seo-wordpress\/ -->\n<title>FEIRAS - Programa de Fortalecimento da Agricultura Familiar<\/title>\n<meta name=\"robots\" content=\"index, follow, max-snippet:-1, max-image-preview:large, max-video-preview:-1\" \/>\n<link rel=\"canonical\" href=\"https:\/\/institucional.ufrrj.br\/agroecologia\/feira\/\" \/>\n<meta property=\"og:locale\" content=\"pt_BR\" \/>\n<meta property=\"og:type\" content=\"article\" \/>\n<meta property=\"og:title\" content=\"FEIRAS - Programa de Fortalecimento da Agricultura Familiar\" \/>\n<meta property=\"og:description\" content=\"As feiras da agricultura familiar se configuram como elementos de expressiva import\u00e2ncia social e econ\u00f4mica no mundo inteiro, caracterizando-se pela ... leia mais\" \/>\n<meta property=\"og:url\" content=\"https:\/\/institucional.ufrrj.br\/agroecologia\/feira\/\" \/>\n<meta property=\"og:site_name\" content=\"Programa de Fortalecimento da Agricultura Familiar\" \/>\n<meta property=\"article:modified_time\" content=\"2021-07-29T14:03:53+00:00\" \/>\n<meta property=\"og:image\" content=\"http:\/\/institucional.ufrrj.br\/agroecologia\/files\/2019\/11\/11.png\" \/>\n<meta name=\"twitter:card\" content=\"summary_large_image\" \/>\n<meta name=\"twitter:label1\" content=\"Est. tempo de leitura\" \/>\n\t<meta name=\"twitter:data1\" content=\"4 minutos\" \/>\n<script type=\"application\/ld+json\" class=\"yoast-schema-graph\">{\"@context\":\"https:\/\/schema.org\",\"@graph\":[{\"@type\":\"WebPage\",\"@id\":\"https:\/\/institucional.ufrrj.br\/agroecologia\/feira\/\",\"url\":\"https:\/\/institucional.ufrrj.br\/agroecologia\/feira\/\",\"name\":\"FEIRAS - Programa de Fortalecimento da Agricultura Familiar\",\"isPartOf\":{\"@id\":\"https:\/\/institucional.ufrrj.br\/agroecologia\/#website\"},\"primaryImageOfPage\":{\"@id\":\"https:\/\/institucional.ufrrj.br\/agroecologia\/feira\/#primaryimage\"},\"image\":{\"@id\":\"https:\/\/institucional.ufrrj.br\/agroecologia\/feira\/#primaryimage\"},\"thumbnailUrl\":\"http:\/\/institucional.ufrrj.br\/agroecologia\/files\/2019\/11\/11.png\",\"datePublished\":\"2019-04-11T01:45:27+00:00\",\"dateModified\":\"2021-07-29T14:03:53+00:00\",\"breadcrumb\":{\"@id\":\"https:\/\/institucional.ufrrj.br\/agroecologia\/feira\/#breadcrumb\"},\"inLanguage\":\"pt-BR\",\"potentialAction\":[{\"@type\":\"ReadAction\",\"target\":[\"https:\/\/institucional.ufrrj.br\/agroecologia\/feira\/\"]}]},{\"@type\":\"ImageObject\",\"inLanguage\":\"pt-BR\",\"@id\":\"https:\/\/institucional.ufrrj.br\/agroecologia\/feira\/#primaryimage\",\"url\":\"http:\/\/institucional.ufrrj.br\/agroecologia\/files\/2019\/11\/11.png\",\"contentUrl\":\"http:\/\/institucional.ufrrj.br\/agroecologia\/files\/2019\/11\/11.png\"},{\"@type\":\"BreadcrumbList\",\"@id\":\"https:\/\/institucional.ufrrj.br\/agroecologia\/feira\/#breadcrumb\",\"itemListElement\":[{\"@type\":\"ListItem\",\"position\":1,\"name\":\"In\u00edcio\",\"item\":\"https:\/\/institucional.ufrrj.br\/agroecologia\/\"},{\"@type\":\"ListItem\",\"position\":2,\"name\":\"FEIRAS\"}]},{\"@type\":\"WebSite\",\"@id\":\"https:\/\/institucional.ufrrj.br\/agroecologia\/#website\",\"url\":\"https:\/\/institucional.ufrrj.br\/agroecologia\/\",\"name\":\"Programa de Fortalecimento da Agricultura Familiar\",\"description\":\"\",\"potentialAction\":[{\"@type\":\"SearchAction\",\"target\":{\"@type\":\"EntryPoint\",\"urlTemplate\":\"https:\/\/institucional.ufrrj.br\/agroecologia\/?s={search_term_string}\"},\"query-input\":{\"@type\":\"PropertyValueSpecification\",\"valueRequired\":true,\"valueName\":\"search_term_string\"}}],\"inLanguage\":\"pt-BR\"}]}<\/script>\n<!-- \/ Yoast SEO plugin. -->","yoast_head_json":{"title":"FEIRAS - Programa de Fortalecimento da Agricultura Familiar","robots":{"index":"index","follow":"follow","max-snippet":"max-snippet:-1","max-image-preview":"max-image-preview:large","max-video-preview":"max-video-preview:-1"},"canonical":"https:\/\/institucional.ufrrj.br\/agroecologia\/feira\/","og_locale":"pt_BR","og_type":"article","og_title":"FEIRAS - Programa de Fortalecimento da Agricultura Familiar","og_description":"As feiras da agricultura familiar se configuram como elementos de expressiva import\u00e2ncia social e econ\u00f4mica no mundo inteiro, caracterizando-se pela ... leia mais","og_url":"https:\/\/institucional.ufrrj.br\/agroecologia\/feira\/","og_site_name":"Programa de Fortalecimento da Agricultura Familiar","article_modified_time":"2021-07-29T14:03:53+00:00","og_image":[{"url":"http:\/\/institucional.ufrrj.br\/agroecologia\/files\/2019\/11\/11.png","type":"","width":"","height":""}],"twitter_card":"summary_large_image","twitter_misc":{"Est. tempo de leitura":"4 minutos"},"schema":{"@context":"https:\/\/schema.org","@graph":[{"@type":"WebPage","@id":"https:\/\/institucional.ufrrj.br\/agroecologia\/feira\/","url":"https:\/\/institucional.ufrrj.br\/agroecologia\/feira\/","name":"FEIRAS - Programa de Fortalecimento da Agricultura Familiar","isPartOf":{"@id":"https:\/\/institucional.ufrrj.br\/agroecologia\/#website"},"primaryImageOfPage":{"@id":"https:\/\/institucional.ufrrj.br\/agroecologia\/feira\/#primaryimage"},"image":{"@id":"https:\/\/institucional.ufrrj.br\/agroecologia\/feira\/#primaryimage"},"thumbnailUrl":"http:\/\/institucional.ufrrj.br\/agroecologia\/files\/2019\/11\/11.png","datePublished":"2019-04-11T01:45:27+00:00","dateModified":"2021-07-29T14:03:53+00:00","breadcrumb":{"@id":"https:\/\/institucional.ufrrj.br\/agroecologia\/feira\/#breadcrumb"},"inLanguage":"pt-BR","potentialAction":[{"@type":"ReadAction","target":["https:\/\/institucional.ufrrj.br\/agroecologia\/feira\/"]}]},{"@type":"ImageObject","inLanguage":"pt-BR","@id":"https:\/\/institucional.ufrrj.br\/agroecologia\/feira\/#primaryimage","url":"http:\/\/institucional.ufrrj.br\/agroecologia\/files\/2019\/11\/11.png","contentUrl":"http:\/\/institucional.ufrrj.br\/agroecologia\/files\/2019\/11\/11.png"},{"@type":"BreadcrumbList","@id":"https:\/\/institucional.ufrrj.br\/agroecologia\/feira\/#breadcrumb","itemListElement":[{"@type":"ListItem","position":1,"name":"In\u00edcio","item":"https:\/\/institucional.ufrrj.br\/agroecologia\/"},{"@type":"ListItem","position":2,"name":"FEIRAS"}]},{"@type":"WebSite","@id":"https:\/\/institucional.ufrrj.br\/agroecologia\/#website","url":"https:\/\/institucional.ufrrj.br\/agroecologia\/","name":"Programa de Fortalecimento da Agricultura Familiar","description":"","potentialAction":[{"@type":"SearchAction","target":{"@type":"EntryPoint","urlTemplate":"https:\/\/institucional.ufrrj.br\/agroecologia\/?s={search_term_string}"},"query-input":{"@type":"PropertyValueSpecification","valueRequired":true,"valueName":"search_term_string"}}],"inLanguage":"pt-BR"}]}},"acf":[],"_links":{"self":[{"href":"https:\/\/institucional.ufrrj.br\/agroecologia\/wp-json\/wp\/v2\/pages\/13629","targetHints":{"allow":["GET"]}}],"collection":[{"href":"https:\/\/institucional.ufrrj.br\/agroecologia\/wp-json\/wp\/v2\/pages"}],"about":[{"href":"https:\/\/institucional.ufrrj.br\/agroecologia\/wp-json\/wp\/v2\/types\/page"}],"author":[{"embeddable":true,"href":"https:\/\/institucional.ufrrj.br\/agroecologia\/wp-json\/wp\/v2\/users\/722"}],"replies":[{"embeddable":true,"href":"https:\/\/institucional.ufrrj.br\/agroecologia\/wp-json\/wp\/v2\/comments?post=13629"}],"version-history":[{"count":46,"href":"https:\/\/institucional.ufrrj.br\/agroecologia\/wp-json\/wp\/v2\/pages\/13629\/revisions"}],"predecessor-version":[{"id":14885,"href":"https:\/\/institucional.ufrrj.br\/agroecologia\/wp-json\/wp\/v2\/pages\/13629\/revisions\/14885"}],"wp:attachment":[{"href":"https:\/\/institucional.ufrrj.br\/agroecologia\/wp-json\/wp\/v2\/media?parent=13629"}],"curies":[{"name":"wp","href":"https:\/\/api.w.org\/{rel}","templated":true}]}}