{"id":13620,"date":"2019-04-09T18:12:27","date_gmt":"2019-04-09T21:12:27","guid":{"rendered":"http:\/\/institucional.ufrrj.br\/agroecologia\/?page_id=13620"},"modified":"2019-12-12T15:14:01","modified_gmt":"2019-12-12T18:14:01","slug":"capacitacao","status":"publish","type":"page","link":"https:\/\/institucional.ufrrj.br\/agroecologia\/capacitacao\/","title":{"rendered":"CAPACITA\u00c7\u00c3O"},"content":{"rendered":"<p>&nbsp;<\/p>\n<p><img loading=\"lazy\" decoding=\"async\" class=\"alignnone size-large wp-image-14721\" src=\"https:\/\/institucional.ufrrj.br\/agroecologia\/files\/2019\/11\/Capacita\u00e7\u00e3o-pg-1-1024x390.jpg\" alt=\"\" width=\"1024\" height=\"390\" srcset=\"https:\/\/institucional.ufrrj.br\/agroecologia\/files\/2019\/11\/Capacita\u00e7\u00e3o-pg-1.jpg 1024w, https:\/\/institucional.ufrrj.br\/agroecologia\/files\/2019\/11\/Capacita\u00e7\u00e3o-pg-1-300x114.jpg 300w, https:\/\/institucional.ufrrj.br\/agroecologia\/files\/2019\/11\/Capacita\u00e7\u00e3o-pg-1-768x293.jpg 768w\" sizes=\"auto, (max-width: 1024px) 100vw, 1024px\" \/><\/p>\n<p style=\"text-align: left\">O pensamento complexo guia a concep\u00e7\u00e3o pedag\u00f3gica do Programa que se volta para a sustentabilidade baseada nos princ\u00edpios da agroecologia. As a\u00e7\u00f5es se norteiam com princ\u00edpios das metodologias participativas, com atividades coletivas de constru\u00e7\u00e3o do conhecimento como oficinas, cursos, mini cursos e rodas de conversas. Ou seja, atividades que permitam a elabora\u00e7\u00e3o e reflex\u00e3o tanto individual como coletiva a partir da troca de saberes em que interagem pesquisadores, educadores, produtores e consumidores, todos assumindo seus pap\u00e9is de sujeitos facilitadores e mediadores de processos e pr\u00e1ticas. A seguir, imagens sobre as atividades de Capacita\u00e7\u00e3o do Programa de Fortalecimento da Agricultura Familiar na Baixada Fluminense e Centro Sul do Estado do Rio de Janeiro, que ocorreu em 2018, contando com apoio da Emater-Rio, Residentes do Programa e produtores locais, al\u00e9m de docentes e discentes da UFRRJ. S\u00e3o reconhecidas a diversidade social, cultural e \u00e9tnica existente entre os diferentes grupos sociais como condi\u00e7\u00e3o b\u00e1sica para promover sustentabilidade, partindo da concep\u00e7\u00e3o da educa\u00e7\u00e3o dial\u00f3gica fundada na valoriza\u00e7\u00e3o da cultura, da linguagem e das potencialidades humanas. <a href=\"https:\/\/institucional.ufrrj.br\/agroecologia\/residencia-agronomica\/\"><em>Conhe\u00e7a mais sobre as a\u00e7\u00f5es dos Residentes do Programa.<\/em><\/a><\/p>\n","protected":false},"excerpt":{"rendered":"<p>&nbsp; O pensamento complexo guia a concep\u00e7\u00e3o pedag\u00f3gica do Programa que se volta para a sustentabilidade baseada nos princ\u00edpios da <a class=\"read-more\" href=\"https:\/\/institucional.ufrrj.br\/agroecologia\/capacitacao\/ \" >&#8230; <span class=\"font-italic\">leia mais <i class=\"fas fa-angle-right\"><\/i><\/span><\/a><\/p>\n","protected":false},"author":722,"featured_media":0,"parent":0,"menu_order":0,"comment_status":"closed","ping_status":"closed","template":"","meta":{"_acf_changed":false,"footnotes":""},"class_list":["post-13620","page","type-page","status-publish","hentry"],"yoast_head":"<!-- This site is optimized with the Yoast SEO plugin v27.2 - https:\/\/yoast.com\/product\/yoast-seo-wordpress\/ -->\n<title>CAPACITA\u00c7\u00c3O - Programa de Fortalecimento da Agricultura Familiar<\/title>\n<meta name=\"robots\" content=\"index, follow, max-snippet:-1, max-image-preview:large, max-video-preview:-1\" \/>\n<link rel=\"canonical\" href=\"https:\/\/institucional.ufrrj.br\/agroecologia\/capacitacao\/\" \/>\n<meta property=\"og:locale\" content=\"pt_BR\" \/>\n<meta property=\"og:type\" content=\"article\" \/>\n<meta property=\"og:title\" content=\"CAPACITA\u00c7\u00c3O - Programa de Fortalecimento da Agricultura Familiar\" \/>\n<meta property=\"og:description\" content=\"&nbsp; O pensamento complexo guia a concep\u00e7\u00e3o pedag\u00f3gica do Programa que se volta para a sustentabilidade baseada nos princ\u00edpios da ... leia mais\" \/>\n<meta property=\"og:url\" content=\"https:\/\/institucional.ufrrj.br\/agroecologia\/capacitacao\/\" \/>\n<meta property=\"og:site_name\" content=\"Programa de Fortalecimento da Agricultura Familiar\" \/>\n<meta property=\"article:modified_time\" content=\"2019-12-12T18:14:01+00:00\" \/>\n<meta name=\"twitter:card\" content=\"summary_large_image\" \/>\n<meta name=\"twitter:label1\" content=\"Est. tempo de leitura\" \/>\n\t<meta name=\"twitter:data1\" content=\"1 minuto\" \/>\n<script type=\"application\/ld+json\" class=\"yoast-schema-graph\">{\"@context\":\"https:\/\/schema.org\",\"@graph\":[{\"@type\":\"WebPage\",\"@id\":\"https:\/\/institucional.ufrrj.br\/agroecologia\/capacitacao\/\",\"url\":\"https:\/\/institucional.ufrrj.br\/agroecologia\/capacitacao\/\",\"name\":\"CAPACITA\u00c7\u00c3O - Programa de Fortalecimento da Agricultura Familiar\",\"isPartOf\":{\"@id\":\"https:\/\/institucional.ufrrj.br\/agroecologia\/#website\"},\"datePublished\":\"2019-04-09T21:12:27+00:00\",\"dateModified\":\"2019-12-12T18:14:01+00:00\",\"breadcrumb\":{\"@id\":\"https:\/\/institucional.ufrrj.br\/agroecologia\/capacitacao\/#breadcrumb\"},\"inLanguage\":\"pt-BR\",\"potentialAction\":[{\"@type\":\"ReadAction\",\"target\":[\"https:\/\/institucional.ufrrj.br\/agroecologia\/capacitacao\/\"]}]},{\"@type\":\"BreadcrumbList\",\"@id\":\"https:\/\/institucional.ufrrj.br\/agroecologia\/capacitacao\/#breadcrumb\",\"itemListElement\":[{\"@type\":\"ListItem\",\"position\":1,\"name\":\"In\u00edcio\",\"item\":\"https:\/\/institucional.ufrrj.br\/agroecologia\/\"},{\"@type\":\"ListItem\",\"position\":2,\"name\":\"CAPACITA\u00c7\u00c3O\"}]},{\"@type\":\"WebSite\",\"@id\":\"https:\/\/institucional.ufrrj.br\/agroecologia\/#website\",\"url\":\"https:\/\/institucional.ufrrj.br\/agroecologia\/\",\"name\":\"Programa de Fortalecimento da Agricultura Familiar\",\"description\":\"\",\"potentialAction\":[{\"@type\":\"SearchAction\",\"target\":{\"@type\":\"EntryPoint\",\"urlTemplate\":\"https:\/\/institucional.ufrrj.br\/agroecologia\/?s={search_term_string}\"},\"query-input\":{\"@type\":\"PropertyValueSpecification\",\"valueRequired\":true,\"valueName\":\"search_term_string\"}}],\"inLanguage\":\"pt-BR\"}]}<\/script>\n<!-- \/ Yoast SEO plugin. -->","yoast_head_json":{"title":"CAPACITA\u00c7\u00c3O - Programa de Fortalecimento da Agricultura Familiar","robots":{"index":"index","follow":"follow","max-snippet":"max-snippet:-1","max-image-preview":"max-image-preview:large","max-video-preview":"max-video-preview:-1"},"canonical":"https:\/\/institucional.ufrrj.br\/agroecologia\/capacitacao\/","og_locale":"pt_BR","og_type":"article","og_title":"CAPACITA\u00c7\u00c3O - Programa de Fortalecimento da Agricultura Familiar","og_description":"&nbsp; O pensamento complexo guia a concep\u00e7\u00e3o pedag\u00f3gica do Programa que se volta para a sustentabilidade baseada nos princ\u00edpios da ... leia mais","og_url":"https:\/\/institucional.ufrrj.br\/agroecologia\/capacitacao\/","og_site_name":"Programa de Fortalecimento da Agricultura Familiar","article_modified_time":"2019-12-12T18:14:01+00:00","twitter_card":"summary_large_image","twitter_misc":{"Est. tempo de leitura":"1 minuto"},"schema":{"@context":"https:\/\/schema.org","@graph":[{"@type":"WebPage","@id":"https:\/\/institucional.ufrrj.br\/agroecologia\/capacitacao\/","url":"https:\/\/institucional.ufrrj.br\/agroecologia\/capacitacao\/","name":"CAPACITA\u00c7\u00c3O - Programa de Fortalecimento da Agricultura Familiar","isPartOf":{"@id":"https:\/\/institucional.ufrrj.br\/agroecologia\/#website"},"datePublished":"2019-04-09T21:12:27+00:00","dateModified":"2019-12-12T18:14:01+00:00","breadcrumb":{"@id":"https:\/\/institucional.ufrrj.br\/agroecologia\/capacitacao\/#breadcrumb"},"inLanguage":"pt-BR","potentialAction":[{"@type":"ReadAction","target":["https:\/\/institucional.ufrrj.br\/agroecologia\/capacitacao\/"]}]},{"@type":"BreadcrumbList","@id":"https:\/\/institucional.ufrrj.br\/agroecologia\/capacitacao\/#breadcrumb","itemListElement":[{"@type":"ListItem","position":1,"name":"In\u00edcio","item":"https:\/\/institucional.ufrrj.br\/agroecologia\/"},{"@type":"ListItem","position":2,"name":"CAPACITA\u00c7\u00c3O"}]},{"@type":"WebSite","@id":"https:\/\/institucional.ufrrj.br\/agroecologia\/#website","url":"https:\/\/institucional.ufrrj.br\/agroecologia\/","name":"Programa de Fortalecimento da Agricultura Familiar","description":"","potentialAction":[{"@type":"SearchAction","target":{"@type":"EntryPoint","urlTemplate":"https:\/\/institucional.ufrrj.br\/agroecologia\/?s={search_term_string}"},"query-input":{"@type":"PropertyValueSpecification","valueRequired":true,"valueName":"search_term_string"}}],"inLanguage":"pt-BR"}]}},"acf":[],"_links":{"self":[{"href":"https:\/\/institucional.ufrrj.br\/agroecologia\/wp-json\/wp\/v2\/pages\/13620","targetHints":{"allow":["GET"]}}],"collection":[{"href":"https:\/\/institucional.ufrrj.br\/agroecologia\/wp-json\/wp\/v2\/pages"}],"about":[{"href":"https:\/\/institucional.ufrrj.br\/agroecologia\/wp-json\/wp\/v2\/types\/page"}],"author":[{"embeddable":true,"href":"https:\/\/institucional.ufrrj.br\/agroecologia\/wp-json\/wp\/v2\/users\/722"}],"replies":[{"embeddable":true,"href":"https:\/\/institucional.ufrrj.br\/agroecologia\/wp-json\/wp\/v2\/comments?post=13620"}],"version-history":[{"count":24,"href":"https:\/\/institucional.ufrrj.br\/agroecologia\/wp-json\/wp\/v2\/pages\/13620\/revisions"}],"predecessor-version":[{"id":14750,"href":"https:\/\/institucional.ufrrj.br\/agroecologia\/wp-json\/wp\/v2\/pages\/13620\/revisions\/14750"}],"wp:attachment":[{"href":"https:\/\/institucional.ufrrj.br\/agroecologia\/wp-json\/wp\/v2\/media?parent=13620"}],"curies":[{"name":"wp","href":"https:\/\/api.w.org\/{rel}","templated":true}]}}