{"id":13605,"date":"2019-04-09T17:55:22","date_gmt":"2019-04-09T20:55:22","guid":{"rendered":"http:\/\/institucional.ufrrj.br\/agroecologia\/?page_id=13605"},"modified":"2022-11-25T16:48:59","modified_gmt":"2022-11-25T19:48:59","slug":"sobre","status":"publish","type":"page","link":"https:\/\/institucional.ufrrj.br\/agroecologia\/sobre\/","title":{"rendered":"SOBRE"},"content":{"rendered":"<p><img loading=\"lazy\" decoding=\"async\" class=\"alignnone size-full wp-image-14845\" src=\"https:\/\/institucional.ufrrj.br\/agroecologia\/files\/2021\/04\/Neapro-e-programa.png\" alt=\"\" width=\"751\" height=\"170\" srcset=\"https:\/\/institucional.ufrrj.br\/agroecologia\/files\/2021\/04\/Neapro-e-programa.png 751w, https:\/\/institucional.ufrrj.br\/agroecologia\/files\/2021\/04\/Neapro-e-programa-300x68.png 300w\" sizes=\"auto, (max-width: 751px) 100vw, 751px\" \/><\/p>\n<p>&nbsp;<\/p>\n<p>O <strong>Programa de Extens\u00e3o Universit\u00e1ria \u201cFortalecimento da Agricultura familiar na Baixada Fluminense e Centro Sul do Estado do Rio de Janeiro\u201d<\/strong> vem sendo desenvolvido desde 2015 e tem por finalidade fortalecer a produ\u00e7\u00e3o familiar em bases agroecol\u00f3gicas, a comercializa\u00e7\u00e3o e o consumo local e consciente de alimentos no entorno dos campi da UFRRJ (Serop\u00e9dica, Nova Igua\u00e7u e Tr\u00eas Rios).<\/p>\n<p>As a\u00e7\u00f5es do Programa s\u00e3o vinculadas ao<strong> &#8220;N\u00facleo de estudos em agroecologia e produ\u00e7\u00e3o org\u00e2nica para o desenvolvimento sustent\u00e1vel da agricultura familiar no estado do Rio de Janeiro (Neapro-Rio)<\/strong>&#8221; que \u00e9 um espa\u00e7o de constru\u00e7\u00e3o coletiva entre agricultores e agricultoras, extensionistas, professores, pesquisadores, jovens e estudantes.<\/p>\n<p>Para isso, o <strong>Neapro-Rio<\/strong> integra a agroecologia como enfoque que orienta sistemas agroalimentares mais sustent\u00e1veis, abrangendo:<\/p>\n<p>&nbsp;<\/p>\n<ul>\n<li>a <strong>agricultura familiar<\/strong> como base social para garantia da seguran\u00e7a alimentar e nutricional, com destacado protagonismo das <strong>mulheres<\/strong><\/li>\n<li><strong>mecanismos diferenciados de comercializa\u00e7\u00e3o<\/strong>, tendo como base de sustenta\u00e7\u00e3o os circuitos de proximidade e a <strong>valoriza\u00e7\u00e3o de mercados locais<\/strong><\/li>\n<li><strong>produ\u00e7\u00e3o de alimentos de alta qualidade sem o uso de agrot\u00f3xicos<\/strong><\/li>\n<li>constru\u00e7\u00e3o de <strong>sistemas de produ\u00e7\u00e3o diversificados e resilientes<\/strong><\/li>\n<li>est\u00edmulo ao <strong>consumo alimentar consciente e saud\u00e1vel<\/strong><\/li>\n<li><strong>sistemas participativos de garantia da qualidade org\u00e2nica<\/strong><\/li>\n<\/ul>\n<p>&nbsp;<\/p>\n<p>O <strong>Neapro-Rio<\/strong> constitui-se de semente e fruto de um projeto aprovado em 2018, quando recebeu apoio do Conselho Nacional de Desenvolvimento Cient\u00edfico e Tecnol\u00f3gico (CNPq), vinculado ao Minist\u00e9rio da Ci\u00eancia Tecnologia, Inova\u00e7\u00e3o e Comunica\u00e7\u00f5es.\u00a0 O Projeto contou ainda com o apoio do Minist\u00e9rio da Educa\u00e7\u00e3o, do Minist\u00e9rio da Agricultura Pecu\u00e1ria e Abastecimento, da Secretaria Especial de Agricultura Familiar e Desenvolvimento Agr\u00e1rio\u00a0 e da Casa Civil (Proc. N\u00ba 402830\/2017-2).<\/p>\n<p>O <strong>Neapro-Rio<\/strong> possui sua sede na Universidade Federal Rural do Rio de Janeiro, campus Serop\u00e9dica e faz conex\u00e3o com os campi de Nova Igua\u00e7u e Tr\u00eas Rios.<\/p>\n<p><strong>As a\u00e7\u00f5es s\u00e3o desenvolvidas em \u00a0seis eixos:<\/strong><\/p>\n<p><img loading=\"lazy\" decoding=\"async\" class=\"alignnone wp-image-14823\" src=\"https:\/\/institucional.ufrrj.br\/agroecologia\/files\/2020\/06\/organograma-agricultura-familiar-03-03.jpg\" alt=\"\" width=\"744\" height=\"737\" srcset=\"https:\/\/institucional.ufrrj.br\/agroecologia\/files\/2020\/06\/organograma-agricultura-familiar-03-03.jpg 744w, https:\/\/institucional.ufrrj.br\/agroecologia\/files\/2020\/06\/organograma-agricultura-familiar-03-03-150x150.jpg 150w, https:\/\/institucional.ufrrj.br\/agroecologia\/files\/2020\/06\/organograma-agricultura-familiar-03-03-300x297.jpg 300w, https:\/\/institucional.ufrrj.br\/agroecologia\/files\/2020\/06\/organograma-agricultura-familiar-03-03-75x75.jpg 75w, https:\/\/institucional.ufrrj.br\/agroecologia\/files\/2020\/06\/organograma-agricultura-familiar-03-03-100x100.jpg 100w\" sizes=\"auto, (max-width: 744px) 100vw, 744px\" \/><\/p>\n<p>Cada eixo \u00e9 parte de uma estrat\u00e9gia que integra mercados, assist\u00eancia t\u00e9cnica e extens\u00e3o rural, constru\u00e7\u00e3o de conhecimento e conscientiza\u00e7\u00e3o para fortalecer a agricultura familiar em bases agroecol\u00f3gicas. O Programa \u00e9 desenvolvido em parceria com v\u00e1rias institui\u00e7\u00f5es cooperando \u00a0em rede com a Rural.<\/p>\n<p><strong>A identidade visual do Programa coloca agricultoras e agricultores no Centro dos sistemas agroalimentares locais sustent\u00e1veis, indicando alimentos saud\u00e1veis e regionaliza\u00e7\u00e3o da produ\u00e7\u00e3o e do consumo. Essa marca \u00e9 usada nas a\u00e7\u00f5es do Programa vinculadas \u00e0 Feira da Agricultura Familiar na UFRRJ.<\/strong><\/p>\n<p>&nbsp;<\/p>\n<p><img loading=\"lazy\" decoding=\"async\" class=\"wp-image-14793 aligncenter\" src=\"https:\/\/institucional.ufrrj.br\/agroecologia\/files\/2020\/05\/identidade.png\" alt=\"\" width=\"387\" height=\"383\" srcset=\"https:\/\/institucional.ufrrj.br\/agroecologia\/files\/2020\/05\/identidade.png 980w, https:\/\/institucional.ufrrj.br\/agroecologia\/files\/2020\/05\/identidade-300x297.png 300w, https:\/\/institucional.ufrrj.br\/agroecologia\/files\/2020\/05\/identidade-768x759.png 768w, https:\/\/institucional.ufrrj.br\/agroecologia\/files\/2020\/05\/identidade-75x75.png 75w, https:\/\/institucional.ufrrj.br\/agroecologia\/files\/2020\/05\/identidade-100x100.png 100w\" sizes=\"auto, (max-width: 387px) 100vw, 387px\" \/><\/p>\n<p>&nbsp;<\/p>\n<p>&nbsp;<\/p>\n<p style=\"text-align: center\"><a href=\"https:\/\/institucional.ufrrj.br\/agroecologia\/\"><strong>Navegue pelo site e conhe\u00e7a mais sobre as a\u00e7\u00f5es do Programa<\/strong><\/a><\/p>\n","protected":false},"excerpt":{"rendered":"<p>&nbsp; O Programa de Extens\u00e3o Universit\u00e1ria \u201cFortalecimento da Agricultura familiar na Baixada Fluminense e Centro Sul do Estado do Rio <a class=\"read-more\" href=\"https:\/\/institucional.ufrrj.br\/agroecologia\/sobre\/ \" >&#8230; <span class=\"font-italic\">leia mais <i class=\"fas fa-angle-right\"><\/i><\/span><\/a><\/p>\n","protected":false},"author":722,"featured_media":0,"parent":0,"menu_order":0,"comment_status":"closed","ping_status":"closed","template":"","meta":{"_acf_changed":false,"footnotes":""},"class_list":["post-13605","page","type-page","status-publish","hentry"],"yoast_head":"<!-- This site is optimized with the Yoast SEO plugin v27.2 - https:\/\/yoast.com\/product\/yoast-seo-wordpress\/ -->\n<title>SOBRE - Programa de Fortalecimento da Agricultura Familiar<\/title>\n<meta name=\"robots\" content=\"index, follow, max-snippet:-1, max-image-preview:large, max-video-preview:-1\" \/>\n<link rel=\"canonical\" href=\"https:\/\/institucional.ufrrj.br\/agroecologia\/sobre\/\" \/>\n<meta property=\"og:locale\" content=\"pt_BR\" \/>\n<meta property=\"og:type\" content=\"article\" \/>\n<meta property=\"og:title\" content=\"SOBRE - Programa de Fortalecimento da Agricultura Familiar\" \/>\n<meta property=\"og:description\" content=\"&nbsp; O Programa de Extens\u00e3o Universit\u00e1ria \u201cFortalecimento da Agricultura familiar na Baixada Fluminense e Centro Sul do Estado do Rio ... leia mais\" \/>\n<meta property=\"og:url\" content=\"https:\/\/institucional.ufrrj.br\/agroecologia\/sobre\/\" \/>\n<meta property=\"og:site_name\" content=\"Programa de Fortalecimento da Agricultura Familiar\" \/>\n<meta property=\"article:modified_time\" content=\"2022-11-25T19:48:59+00:00\" \/>\n<meta property=\"og:image\" content=\"http:\/\/institucional.ufrrj.br\/agroecologia\/files\/2021\/04\/Neapro-e-programa.png\" \/>\n<meta name=\"twitter:card\" content=\"summary_large_image\" \/>\n<meta name=\"twitter:label1\" content=\"Est. tempo de leitura\" \/>\n\t<meta name=\"twitter:data1\" content=\"2 minutos\" \/>\n<script type=\"application\/ld+json\" class=\"yoast-schema-graph\">{\"@context\":\"https:\/\/schema.org\",\"@graph\":[{\"@type\":\"WebPage\",\"@id\":\"https:\/\/institucional.ufrrj.br\/agroecologia\/sobre\/\",\"url\":\"https:\/\/institucional.ufrrj.br\/agroecologia\/sobre\/\",\"name\":\"SOBRE - Programa de Fortalecimento da Agricultura Familiar\",\"isPartOf\":{\"@id\":\"https:\/\/institucional.ufrrj.br\/agroecologia\/#website\"},\"primaryImageOfPage\":{\"@id\":\"https:\/\/institucional.ufrrj.br\/agroecologia\/sobre\/#primaryimage\"},\"image\":{\"@id\":\"https:\/\/institucional.ufrrj.br\/agroecologia\/sobre\/#primaryimage\"},\"thumbnailUrl\":\"http:\/\/institucional.ufrrj.br\/agroecologia\/files\/2021\/04\/Neapro-e-programa.png\",\"datePublished\":\"2019-04-09T20:55:22+00:00\",\"dateModified\":\"2022-11-25T19:48:59+00:00\",\"breadcrumb\":{\"@id\":\"https:\/\/institucional.ufrrj.br\/agroecologia\/sobre\/#breadcrumb\"},\"inLanguage\":\"pt-BR\",\"potentialAction\":[{\"@type\":\"ReadAction\",\"target\":[\"https:\/\/institucional.ufrrj.br\/agroecologia\/sobre\/\"]}]},{\"@type\":\"ImageObject\",\"inLanguage\":\"pt-BR\",\"@id\":\"https:\/\/institucional.ufrrj.br\/agroecologia\/sobre\/#primaryimage\",\"url\":\"http:\/\/institucional.ufrrj.br\/agroecologia\/files\/2021\/04\/Neapro-e-programa.png\",\"contentUrl\":\"http:\/\/institucional.ufrrj.br\/agroecologia\/files\/2021\/04\/Neapro-e-programa.png\"},{\"@type\":\"BreadcrumbList\",\"@id\":\"https:\/\/institucional.ufrrj.br\/agroecologia\/sobre\/#breadcrumb\",\"itemListElement\":[{\"@type\":\"ListItem\",\"position\":1,\"name\":\"In\u00edcio\",\"item\":\"https:\/\/institucional.ufrrj.br\/agroecologia\/\"},{\"@type\":\"ListItem\",\"position\":2,\"name\":\"SOBRE\"}]},{\"@type\":\"WebSite\",\"@id\":\"https:\/\/institucional.ufrrj.br\/agroecologia\/#website\",\"url\":\"https:\/\/institucional.ufrrj.br\/agroecologia\/\",\"name\":\"Programa de Fortalecimento da Agricultura Familiar\",\"description\":\"\",\"potentialAction\":[{\"@type\":\"SearchAction\",\"target\":{\"@type\":\"EntryPoint\",\"urlTemplate\":\"https:\/\/institucional.ufrrj.br\/agroecologia\/?s={search_term_string}\"},\"query-input\":{\"@type\":\"PropertyValueSpecification\",\"valueRequired\":true,\"valueName\":\"search_term_string\"}}],\"inLanguage\":\"pt-BR\"}]}<\/script>\n<!-- \/ Yoast SEO plugin. -->","yoast_head_json":{"title":"SOBRE - Programa de Fortalecimento da Agricultura Familiar","robots":{"index":"index","follow":"follow","max-snippet":"max-snippet:-1","max-image-preview":"max-image-preview:large","max-video-preview":"max-video-preview:-1"},"canonical":"https:\/\/institucional.ufrrj.br\/agroecologia\/sobre\/","og_locale":"pt_BR","og_type":"article","og_title":"SOBRE - Programa de Fortalecimento da Agricultura Familiar","og_description":"&nbsp; O Programa de Extens\u00e3o Universit\u00e1ria \u201cFortalecimento da Agricultura familiar na Baixada Fluminense e Centro Sul do Estado do Rio ... leia mais","og_url":"https:\/\/institucional.ufrrj.br\/agroecologia\/sobre\/","og_site_name":"Programa de Fortalecimento da Agricultura Familiar","article_modified_time":"2022-11-25T19:48:59+00:00","og_image":[{"url":"http:\/\/institucional.ufrrj.br\/agroecologia\/files\/2021\/04\/Neapro-e-programa.png","type":"","width":"","height":""}],"twitter_card":"summary_large_image","twitter_misc":{"Est. tempo de leitura":"2 minutos"},"schema":{"@context":"https:\/\/schema.org","@graph":[{"@type":"WebPage","@id":"https:\/\/institucional.ufrrj.br\/agroecologia\/sobre\/","url":"https:\/\/institucional.ufrrj.br\/agroecologia\/sobre\/","name":"SOBRE - Programa de Fortalecimento da Agricultura Familiar","isPartOf":{"@id":"https:\/\/institucional.ufrrj.br\/agroecologia\/#website"},"primaryImageOfPage":{"@id":"https:\/\/institucional.ufrrj.br\/agroecologia\/sobre\/#primaryimage"},"image":{"@id":"https:\/\/institucional.ufrrj.br\/agroecologia\/sobre\/#primaryimage"},"thumbnailUrl":"http:\/\/institucional.ufrrj.br\/agroecologia\/files\/2021\/04\/Neapro-e-programa.png","datePublished":"2019-04-09T20:55:22+00:00","dateModified":"2022-11-25T19:48:59+00:00","breadcrumb":{"@id":"https:\/\/institucional.ufrrj.br\/agroecologia\/sobre\/#breadcrumb"},"inLanguage":"pt-BR","potentialAction":[{"@type":"ReadAction","target":["https:\/\/institucional.ufrrj.br\/agroecologia\/sobre\/"]}]},{"@type":"ImageObject","inLanguage":"pt-BR","@id":"https:\/\/institucional.ufrrj.br\/agroecologia\/sobre\/#primaryimage","url":"http:\/\/institucional.ufrrj.br\/agroecologia\/files\/2021\/04\/Neapro-e-programa.png","contentUrl":"http:\/\/institucional.ufrrj.br\/agroecologia\/files\/2021\/04\/Neapro-e-programa.png"},{"@type":"BreadcrumbList","@id":"https:\/\/institucional.ufrrj.br\/agroecologia\/sobre\/#breadcrumb","itemListElement":[{"@type":"ListItem","position":1,"name":"In\u00edcio","item":"https:\/\/institucional.ufrrj.br\/agroecologia\/"},{"@type":"ListItem","position":2,"name":"SOBRE"}]},{"@type":"WebSite","@id":"https:\/\/institucional.ufrrj.br\/agroecologia\/#website","url":"https:\/\/institucional.ufrrj.br\/agroecologia\/","name":"Programa de Fortalecimento da Agricultura Familiar","description":"","potentialAction":[{"@type":"SearchAction","target":{"@type":"EntryPoint","urlTemplate":"https:\/\/institucional.ufrrj.br\/agroecologia\/?s={search_term_string}"},"query-input":{"@type":"PropertyValueSpecification","valueRequired":true,"valueName":"search_term_string"}}],"inLanguage":"pt-BR"}]}},"acf":[],"_links":{"self":[{"href":"https:\/\/institucional.ufrrj.br\/agroecologia\/wp-json\/wp\/v2\/pages\/13605","targetHints":{"allow":["GET"]}}],"collection":[{"href":"https:\/\/institucional.ufrrj.br\/agroecologia\/wp-json\/wp\/v2\/pages"}],"about":[{"href":"https:\/\/institucional.ufrrj.br\/agroecologia\/wp-json\/wp\/v2\/types\/page"}],"author":[{"embeddable":true,"href":"https:\/\/institucional.ufrrj.br\/agroecologia\/wp-json\/wp\/v2\/users\/722"}],"replies":[{"embeddable":true,"href":"https:\/\/institucional.ufrrj.br\/agroecologia\/wp-json\/wp\/v2\/comments?post=13605"}],"version-history":[{"count":42,"href":"https:\/\/institucional.ufrrj.br\/agroecologia\/wp-json\/wp\/v2\/pages\/13605\/revisions"}],"predecessor-version":[{"id":15104,"href":"https:\/\/institucional.ufrrj.br\/agroecologia\/wp-json\/wp\/v2\/pages\/13605\/revisions\/15104"}],"wp:attachment":[{"href":"https:\/\/institucional.ufrrj.br\/agroecologia\/wp-json\/wp\/v2\/media?parent=13605"}],"curies":[{"name":"wp","href":"https:\/\/api.w.org\/{rel}","templated":true}]}}