{"id":13457,"date":"2018-07-12T14:29:26","date_gmt":"2018-07-12T17:29:26","guid":{"rendered":"http:\/\/institucional.ufrrj.br\/agroecologia\/?page_id=13457"},"modified":"2021-09-09T19:38:04","modified_gmt":"2021-09-09T22:38:04","slug":"fale-conosco","status":"publish","type":"page","link":"https:\/\/institucional.ufrrj.br\/agroecologia\/fale-conosco\/","title":{"rendered":"Fale conosco"},"content":{"rendered":"<p>Ol\u00e1! Voc\u00ea tem interesse em fazer parte da Feira da Agricultura Familiar?<\/p>\n<p>Na FAF podem comercializar:<\/p>\n<p>Produtores(as) que se enquadram como AGRICULTORES FAMILIARES<br \/>\n\u2022 Enquadra-se enquanto agricultor familiar aqueles que tiverem \u00e1rea de at\u00e9 04 m\u00f3dulos fiscais, dirija a propriedade com a fam\u00edlia, utilizando m\u00e3o-de-obra predominantemente familiar e tenha percentual m\u00ednimo de renda originado das atividades econ\u00f4micas do estabelecimento<\/p>\n<p>Agricultores(as) cuja a produ\u00e7\u00e3o seja ORG\u00c2NICA ou AGROECOL\u00d3GICA<br \/>\n\u2022 N\u00e3o utilize qualquer tipo de agrot\u00f3xicos antes, durante e ap\u00f3s a produ\u00e7\u00e3o, sendo permitido apenas os controles naturais e produtos liberados na agricultura org\u00e2nica<\/p>\n<p>Agricultores(as) locais que produzem na regi\u00e3o da BAIXADA FLUMINENSE E CENTRO SUL DO ESTADO DO RIO DE JANEIRO<\/p>\n<p>Agricultores(as) cujos produtos comercializados SEJAM UNICAMENTE DE ORIGEM DA SUA PROPRIEDADE<\/p>\n<p>Se voc\u00ea atende a estes requisitos, entre em contato conosco pelo e-mail fafrural@gmail.com ou pelo n\u00famero (21) 9887-4755 para marcarmos uma conversa na feira e assim conhecer e conversar com o grupo de agricultores e equipe organizadora do projeto. Se poss\u00edvel leve amostras dos produtos que pretende comercializar!<\/p>\n<p>Agradecemos o contato!!<\/p>\n<p>&nbsp;<\/p>\n<p>&nbsp;<\/p>\n","protected":false},"excerpt":{"rendered":"<p>Ol\u00e1! Voc\u00ea tem interesse em fazer parte da Feira da Agricultura Familiar? Na FAF podem comercializar: Produtores(as) que se enquadram <a class=\"read-more\" href=\"https:\/\/institucional.ufrrj.br\/agroecologia\/fale-conosco\/ \" >&#8230; <span class=\"font-italic\">leia mais <i class=\"fas fa-angle-right\"><\/i><\/span><\/a><\/p>\n","protected":false},"author":634,"featured_media":0,"parent":0,"menu_order":0,"comment_status":"closed","ping_status":"closed","template":"","meta":{"_acf_changed":false,"footnotes":""},"class_list":["post-13457","page","type-page","status-publish","hentry"],"yoast_head":"<!-- This site is optimized with the Yoast SEO plugin v27.2 - https:\/\/yoast.com\/product\/yoast-seo-wordpress\/ -->\n<title>Fale conosco - Programa de Fortalecimento da Agricultura Familiar<\/title>\n<meta name=\"robots\" content=\"index, follow, max-snippet:-1, max-image-preview:large, max-video-preview:-1\" \/>\n<link rel=\"canonical\" href=\"https:\/\/institucional.ufrrj.br\/agroecologia\/fale-conosco\/\" \/>\n<meta property=\"og:locale\" content=\"pt_BR\" \/>\n<meta property=\"og:type\" content=\"article\" \/>\n<meta property=\"og:title\" content=\"Fale conosco - Programa de Fortalecimento da Agricultura Familiar\" \/>\n<meta property=\"og:description\" content=\"Ol\u00e1! Voc\u00ea tem interesse em fazer parte da Feira da Agricultura Familiar? Na FAF podem comercializar: Produtores(as) que se enquadram ... leia mais\" \/>\n<meta property=\"og:url\" content=\"https:\/\/institucional.ufrrj.br\/agroecologia\/fale-conosco\/\" \/>\n<meta property=\"og:site_name\" content=\"Programa de Fortalecimento da Agricultura Familiar\" \/>\n<meta property=\"article:modified_time\" content=\"2021-09-09T22:38:04+00:00\" \/>\n<meta name=\"twitter:card\" content=\"summary_large_image\" \/>\n<meta name=\"twitter:label1\" content=\"Est. tempo de leitura\" \/>\n\t<meta name=\"twitter:data1\" content=\"1 minuto\" \/>\n<script type=\"application\/ld+json\" class=\"yoast-schema-graph\">{\"@context\":\"https:\/\/schema.org\",\"@graph\":[{\"@type\":\"WebPage\",\"@id\":\"https:\/\/institucional.ufrrj.br\/agroecologia\/fale-conosco\/\",\"url\":\"https:\/\/institucional.ufrrj.br\/agroecologia\/fale-conosco\/\",\"name\":\"Fale conosco - Programa de Fortalecimento da Agricultura Familiar\",\"isPartOf\":{\"@id\":\"https:\/\/institucional.ufrrj.br\/agroecologia\/#website\"},\"datePublished\":\"2018-07-12T17:29:26+00:00\",\"dateModified\":\"2021-09-09T22:38:04+00:00\",\"breadcrumb\":{\"@id\":\"https:\/\/institucional.ufrrj.br\/agroecologia\/fale-conosco\/#breadcrumb\"},\"inLanguage\":\"pt-BR\",\"potentialAction\":[{\"@type\":\"ReadAction\",\"target\":[\"https:\/\/institucional.ufrrj.br\/agroecologia\/fale-conosco\/\"]}]},{\"@type\":\"BreadcrumbList\",\"@id\":\"https:\/\/institucional.ufrrj.br\/agroecologia\/fale-conosco\/#breadcrumb\",\"itemListElement\":[{\"@type\":\"ListItem\",\"position\":1,\"name\":\"In\u00edcio\",\"item\":\"https:\/\/institucional.ufrrj.br\/agroecologia\/\"},{\"@type\":\"ListItem\",\"position\":2,\"name\":\"Fale conosco\"}]},{\"@type\":\"WebSite\",\"@id\":\"https:\/\/institucional.ufrrj.br\/agroecologia\/#website\",\"url\":\"https:\/\/institucional.ufrrj.br\/agroecologia\/\",\"name\":\"Programa de Fortalecimento da Agricultura Familiar\",\"description\":\"\",\"potentialAction\":[{\"@type\":\"SearchAction\",\"target\":{\"@type\":\"EntryPoint\",\"urlTemplate\":\"https:\/\/institucional.ufrrj.br\/agroecologia\/?s={search_term_string}\"},\"query-input\":{\"@type\":\"PropertyValueSpecification\",\"valueRequired\":true,\"valueName\":\"search_term_string\"}}],\"inLanguage\":\"pt-BR\"}]}<\/script>\n<!-- \/ Yoast SEO plugin. -->","yoast_head_json":{"title":"Fale conosco - Programa de Fortalecimento da Agricultura Familiar","robots":{"index":"index","follow":"follow","max-snippet":"max-snippet:-1","max-image-preview":"max-image-preview:large","max-video-preview":"max-video-preview:-1"},"canonical":"https:\/\/institucional.ufrrj.br\/agroecologia\/fale-conosco\/","og_locale":"pt_BR","og_type":"article","og_title":"Fale conosco - Programa de Fortalecimento da Agricultura Familiar","og_description":"Ol\u00e1! Voc\u00ea tem interesse em fazer parte da Feira da Agricultura Familiar? Na FAF podem comercializar: Produtores(as) que se enquadram ... leia mais","og_url":"https:\/\/institucional.ufrrj.br\/agroecologia\/fale-conosco\/","og_site_name":"Programa de Fortalecimento da Agricultura Familiar","article_modified_time":"2021-09-09T22:38:04+00:00","twitter_card":"summary_large_image","twitter_misc":{"Est. tempo de leitura":"1 minuto"},"schema":{"@context":"https:\/\/schema.org","@graph":[{"@type":"WebPage","@id":"https:\/\/institucional.ufrrj.br\/agroecologia\/fale-conosco\/","url":"https:\/\/institucional.ufrrj.br\/agroecologia\/fale-conosco\/","name":"Fale conosco - Programa de Fortalecimento da Agricultura Familiar","isPartOf":{"@id":"https:\/\/institucional.ufrrj.br\/agroecologia\/#website"},"datePublished":"2018-07-12T17:29:26+00:00","dateModified":"2021-09-09T22:38:04+00:00","breadcrumb":{"@id":"https:\/\/institucional.ufrrj.br\/agroecologia\/fale-conosco\/#breadcrumb"},"inLanguage":"pt-BR","potentialAction":[{"@type":"ReadAction","target":["https:\/\/institucional.ufrrj.br\/agroecologia\/fale-conosco\/"]}]},{"@type":"BreadcrumbList","@id":"https:\/\/institucional.ufrrj.br\/agroecologia\/fale-conosco\/#breadcrumb","itemListElement":[{"@type":"ListItem","position":1,"name":"In\u00edcio","item":"https:\/\/institucional.ufrrj.br\/agroecologia\/"},{"@type":"ListItem","position":2,"name":"Fale conosco"}]},{"@type":"WebSite","@id":"https:\/\/institucional.ufrrj.br\/agroecologia\/#website","url":"https:\/\/institucional.ufrrj.br\/agroecologia\/","name":"Programa de Fortalecimento da Agricultura Familiar","description":"","potentialAction":[{"@type":"SearchAction","target":{"@type":"EntryPoint","urlTemplate":"https:\/\/institucional.ufrrj.br\/agroecologia\/?s={search_term_string}"},"query-input":{"@type":"PropertyValueSpecification","valueRequired":true,"valueName":"search_term_string"}}],"inLanguage":"pt-BR"}]}},"acf":[],"_links":{"self":[{"href":"https:\/\/institucional.ufrrj.br\/agroecologia\/wp-json\/wp\/v2\/pages\/13457","targetHints":{"allow":["GET"]}}],"collection":[{"href":"https:\/\/institucional.ufrrj.br\/agroecologia\/wp-json\/wp\/v2\/pages"}],"about":[{"href":"https:\/\/institucional.ufrrj.br\/agroecologia\/wp-json\/wp\/v2\/types\/page"}],"author":[{"embeddable":true,"href":"https:\/\/institucional.ufrrj.br\/agroecologia\/wp-json\/wp\/v2\/users\/634"}],"replies":[{"embeddable":true,"href":"https:\/\/institucional.ufrrj.br\/agroecologia\/wp-json\/wp\/v2\/comments?post=13457"}],"version-history":[{"count":12,"href":"https:\/\/institucional.ufrrj.br\/agroecologia\/wp-json\/wp\/v2\/pages\/13457\/revisions"}],"predecessor-version":[{"id":14947,"href":"https:\/\/institucional.ufrrj.br\/agroecologia\/wp-json\/wp\/v2\/pages\/13457\/revisions\/14947"}],"wp:attachment":[{"href":"https:\/\/institucional.ufrrj.br\/agroecologia\/wp-json\/wp\/v2\/media?parent=13457"}],"curies":[{"name":"wp","href":"https:\/\/api.w.org\/{rel}","templated":true}]}}