{"id":13428,"date":"2018-07-12T13:49:29","date_gmt":"2018-07-12T16:49:29","guid":{"rendered":"http:\/\/institucional.ufrrj.br\/agroecologia\/?page_id=13428"},"modified":"2024-04-04T12:13:08","modified_gmt":"2024-04-04T15:13:08","slug":"residencia-agronomica","status":"publish","type":"page","link":"https:\/\/institucional.ufrrj.br\/agroecologia\/residencia-agronomica\/","title":{"rendered":"RESID\u00caNCIA AGRON\u00d4MICA"},"content":{"rendered":"<p><img loading=\"lazy\" decoding=\"async\" class=\"alignnone size-large wp-image-14777\" src=\"https:\/\/institucional.ufrrj.br\/agroecologia\/files\/2020\/01\/residencia_Prancheta-1-1024x390.jpg\" alt=\"\" width=\"1024\" height=\"390\" srcset=\"https:\/\/institucional.ufrrj.br\/agroecologia\/files\/2020\/01\/residencia_Prancheta-1-1024x390.jpg 1024w, https:\/\/institucional.ufrrj.br\/agroecologia\/files\/2020\/01\/residencia_Prancheta-1-300x114.jpg 300w, https:\/\/institucional.ufrrj.br\/agroecologia\/files\/2020\/01\/residencia_Prancheta-1-768x293.jpg 768w, https:\/\/institucional.ufrrj.br\/agroecologia\/files\/2020\/01\/residencia_Prancheta-1.jpg 2000w\" sizes=\"auto, (max-width: 1024px) 100vw, 1024px\" \/><\/p>\n<p>&nbsp;<\/p>\n<p>A Resid\u00eancia em Engenharia Agron\u00f4mica visa promover o aprimoramento de conhecimentos, habilidades e atitudes de engenheiros agr\u00f4nomos rec\u00e9m-formados por meio de intensivo treinamento profissional em servi\u00e7o. Desde 2015, a Rural conta com bolsistas de resid\u00eancia que contribuem para o Programa de Fortalecimento da Agricultura Familiar. Dentre os objetivos dos residentes, destacam-se:<\/p>\n<p><img loading=\"lazy\" decoding=\"async\" class=\"alignnone size-large wp-image-14620\" src=\"https:\/\/institucional.ufrrj.br\/agroecologia\/files\/2019\/11\/aaaawwww-1024x817.png\" alt=\"\" width=\"1024\" height=\"817\" srcset=\"https:\/\/institucional.ufrrj.br\/agroecologia\/files\/2019\/11\/aaaawwww-1024x817.png 1024w, https:\/\/institucional.ufrrj.br\/agroecologia\/files\/2019\/11\/aaaawwww-300x239.png 300w, https:\/\/institucional.ufrrj.br\/agroecologia\/files\/2019\/11\/aaaawwww-768x613.png 768w, https:\/\/institucional.ufrrj.br\/agroecologia\/files\/2019\/11\/aaaawwww.png 1274w\" sizes=\"auto, (max-width: 1024px) 100vw, 1024px\" \/><\/p>\n<hr \/>\n<p><strong>Conhe\u00e7a os Residentes do Programa de Fortalecimento da Agricultura Familiar na Baixada Fluminense e Centro Sul do Estado do Rio de Janeiro:<\/strong><\/p>\n<p>&nbsp;<\/p>\n<p style=\"text-align: left\"><strong><img loading=\"lazy\" decoding=\"async\" class=\"wp-image-15133 alignleft\" src=\"https:\/\/institucional.ufrrj.br\/agroecologia\/files\/2023\/04\/geergth.png\" alt=\"\" width=\"175\" height=\"181\" srcset=\"https:\/\/institucional.ufrrj.br\/agroecologia\/files\/2023\/04\/geergth.png 329w, https:\/\/institucional.ufrrj.br\/agroecologia\/files\/2023\/04\/geergth-291x300.png 291w\" sizes=\"auto, (max-width: 175px) 100vw, 175px\" \/>Renata dos Santos Alves <\/strong>\u00e9 carioca e agr\u00f4noma formada pela Universidade Federal Rural do Rio de Janeiro. Trabalhou com compostagem em seu projeto pesquisa na Embrapa tanto na gradua\u00e7\u00e3o quanto na P\u00f3s em Agricultura Org\u00e2nica que est\u00e1 cursando atualmente. Hoje ela \u00e9 Residente no projeto e atua em todos os eixos do programa, desde a assist\u00eancia na produ\u00e7\u00e3o at\u00e9 a comercializa\u00e7\u00e3o<strong>.<br \/>\n<\/strong><\/p>\n<p>&nbsp;<\/p>\n<p>&nbsp;<\/p>\n<hr \/>\n<p><strong><img loading=\"lazy\" decoding=\"async\" class=\"wp-image-15135 alignleft\" src=\"https:\/\/institucional.ufrrj.br\/agroecologia\/files\/2023\/04\/fefwrgw.png\" alt=\"\" width=\"189\" height=\"184\" srcset=\"https:\/\/institucional.ufrrj.br\/agroecologia\/files\/2023\/04\/fefwrgw.png 749w, https:\/\/institucional.ufrrj.br\/agroecologia\/files\/2023\/04\/fefwrgw-300x292.png 300w\" sizes=\"auto, (max-width: 189px) 100vw, 189px\" \/>I\u00eada Paula do Nascimento Ribeiro<\/strong>, \u00e9 natural de Cururupu\/MA, t\u00e9cnica em Agropecu\u00e1ria (IFMA), \u00e9 Engenheira Agr\u00f4noma, formada na UFRRJ em 2022. Atualmente \u00e9 residente no projeto no Campus de Serop\u00e9dica da UFRRJ, realizando atividades de suporte t\u00e9cnico aos agricultores na comercializa\u00e7\u00e3o dos seus produtos na Feira da Agricultura Familiar.<\/p>\n<p>&nbsp;<\/p>\n<p>&nbsp;<\/p>\n<hr \/>\n<p><strong><img loading=\"lazy\" decoding=\"async\" class=\"alignleft wp-image-15279\" src=\"https:\/\/institucional.ufrrj.br\/agroecologia\/files\/2024\/04\/Imagem1.jpg\" alt=\"\" width=\"180\" height=\"181\" srcset=\"https:\/\/institucional.ufrrj.br\/agroecologia\/files\/2024\/04\/Imagem1.jpg 408w, https:\/\/institucional.ufrrj.br\/agroecologia\/files\/2024\/04\/Imagem1-298x300.jpg 298w, https:\/\/institucional.ufrrj.br\/agroecologia\/files\/2024\/04\/Imagem1-150x150.jpg 150w, https:\/\/institucional.ufrrj.br\/agroecologia\/files\/2024\/04\/Imagem1-75x75.jpg 75w, https:\/\/institucional.ufrrj.br\/agroecologia\/files\/2024\/04\/Imagem1-100x100.jpg 100w\" sizes=\"auto, (max-width: 180px) 100vw, 180px\" \/>Luane Lima Souza <\/strong>\u00e9 carioca e Engenheira Agr\u00f4noma formada pela Universidade Federal Rural do Rio de Janeiro &#8211; UFRRJ (2023). Hoje atua na resid\u00eancia do projeto no Campus de Serop\u00e9dica e Nova Igua\u00e7u da UFRRJ desde dezembro de 2023, participando em atividades de todos os eixos do programa, desde assist\u00eancia t\u00e9cnica aos produtores(as) ate a comercializa\u00e7\u00e3o dos produtos na Feira da Agricultura Familiar.<strong><br \/>\n<\/strong><\/p>\n<p>&nbsp;<\/p>\n<p>&nbsp;<\/p>\n<hr \/>\n<p><img loading=\"lazy\" decoding=\"async\" class=\"alignleft wp-image-15278\" src=\"https:\/\/institucional.ufrrj.br\/agroecologia\/files\/2024\/04\/Imagem2.jpg\" alt=\"\" width=\"180\" height=\"181\" srcset=\"https:\/\/institucional.ufrrj.br\/agroecologia\/files\/2024\/04\/Imagem2.jpg 558w, https:\/\/institucional.ufrrj.br\/agroecologia\/files\/2024\/04\/Imagem2-298x300.jpg 298w, https:\/\/institucional.ufrrj.br\/agroecologia\/files\/2024\/04\/Imagem2-150x150.jpg 150w, https:\/\/institucional.ufrrj.br\/agroecologia\/files\/2024\/04\/Imagem2-75x75.jpg 75w, https:\/\/institucional.ufrrj.br\/agroecologia\/files\/2024\/04\/Imagem2-100x100.jpg 100w\" sizes=\"auto, (max-width: 180px) 100vw, 180px\" \/><\/p>\n<p>Engenheira Agr\u00f4noma formada pela Universidade Federal Rural do Rio de Janeiro (UFRRJ). Atualmente, faz parte do programa de resid\u00eancia profissional em Agronomia da UFRRJ e atua no Sistema Integrado de Produ\u00e7\u00e3o Agroecol\u00f3gica (SIPA), mais conhecido como Fazendinha Agroecol\u00f3gica Km 47 desenvolvendo atividades voltadas para a agroecologia e agricultura org\u00e2nica.<\/p>\n<p>&nbsp;<\/p>\n<p>&nbsp;<\/p>\n<hr \/>\n<p><img loading=\"lazy\" decoding=\"async\" class=\"wp-image-15277 alignleft\" src=\"https:\/\/institucional.ufrrj.br\/agroecologia\/files\/2024\/04\/Imagem3.jpg\" alt=\"\" width=\"180\" height=\"194\" srcset=\"https:\/\/institucional.ufrrj.br\/agroecologia\/files\/2024\/04\/Imagem3.jpg 504w, https:\/\/institucional.ufrrj.br\/agroecologia\/files\/2024\/04\/Imagem3-279x300.jpg 279w\" sizes=\"auto, (max-width: 180px) 100vw, 180px\" \/><\/p>\n<p>&nbsp;<\/p>\n<p>&nbsp;<\/p>\n<p>Raquel do Vale, estudante de Agronomia na Universidade Federal Rural do Rio de Janeiro. Atualmente \u00e9 estagi\u00e1ria de apoio t\u00e9cnico acad\u00eamico no programa de fortalecimento da agricultura familiar<\/p>\n<p>&nbsp;<\/p>\n<p>&nbsp;<\/p>\n<hr \/>\n<p>&nbsp;<\/p>\n<p>&nbsp;<\/p>\n<p><strong>Conhe\u00e7a um pouco mais sobre os residentes:<\/strong><\/p>\n<p><iframe loading=\"lazy\" title=\"Agro Nacional apresenta usos do bambu em uma casa\" width=\"500\" height=\"281\" src=\"https:\/\/www.youtube.com\/embed\/V_bkxYOJQTM?feature=oembed\" frameborder=\"0\" allow=\"accelerometer; autoplay; clipboard-write; encrypted-media; gyroscope; picture-in-picture; web-share\" referrerpolicy=\"strict-origin-when-cross-origin\" allowfullscreen><\/iframe><\/p>\n<p>&nbsp;<\/p>\n","protected":false},"excerpt":{"rendered":"<p>&nbsp; A Resid\u00eancia em Engenharia Agron\u00f4mica visa promover o aprimoramento de conhecimentos, habilidades e atitudes de engenheiros agr\u00f4nomos rec\u00e9m-formados por <a class=\"read-more\" href=\"https:\/\/institucional.ufrrj.br\/agroecologia\/residencia-agronomica\/ \" >&#8230; <span class=\"font-italic\">leia mais <i class=\"fas fa-angle-right\"><\/i><\/span><\/a><\/p>\n","protected":false},"author":634,"featured_media":0,"parent":0,"menu_order":0,"comment_status":"closed","ping_status":"closed","template":"","meta":{"_acf_changed":false,"footnotes":""},"class_list":["post-13428","page","type-page","status-publish","hentry"],"yoast_head":"<!-- This site is optimized with the Yoast SEO plugin v27.2 - https:\/\/yoast.com\/product\/yoast-seo-wordpress\/ -->\n<title>RESID\u00caNCIA AGRON\u00d4MICA - Programa de Fortalecimento da Agricultura Familiar<\/title>\n<meta name=\"robots\" content=\"index, follow, max-snippet:-1, max-image-preview:large, max-video-preview:-1\" \/>\n<link rel=\"canonical\" href=\"https:\/\/institucional.ufrrj.br\/agroecologia\/residencia-agronomica\/\" \/>\n<meta property=\"og:locale\" content=\"pt_BR\" \/>\n<meta property=\"og:type\" content=\"article\" \/>\n<meta property=\"og:title\" content=\"RESID\u00caNCIA AGRON\u00d4MICA - Programa de Fortalecimento da Agricultura Familiar\" \/>\n<meta property=\"og:description\" content=\"&nbsp; A Resid\u00eancia em Engenharia Agron\u00f4mica visa promover o aprimoramento de conhecimentos, habilidades e atitudes de engenheiros agr\u00f4nomos rec\u00e9m-formados por ... leia mais\" \/>\n<meta property=\"og:url\" content=\"https:\/\/institucional.ufrrj.br\/agroecologia\/residencia-agronomica\/\" \/>\n<meta property=\"og:site_name\" content=\"Programa de Fortalecimento da Agricultura Familiar\" \/>\n<meta property=\"article:modified_time\" content=\"2024-04-04T15:13:08+00:00\" \/>\n<meta property=\"og:image\" content=\"http:\/\/institucional.ufrrj.br\/agroecologia\/files\/2020\/01\/residencia_Prancheta-1-1024x390.jpg\" \/>\n<meta name=\"twitter:card\" content=\"summary_large_image\" \/>\n<meta name=\"twitter:label1\" content=\"Est. tempo de leitura\" \/>\n\t<meta name=\"twitter:data1\" content=\"2 minutos\" \/>\n<script type=\"application\/ld+json\" class=\"yoast-schema-graph\">{\"@context\":\"https:\/\/schema.org\",\"@graph\":[{\"@type\":\"WebPage\",\"@id\":\"https:\/\/institucional.ufrrj.br\/agroecologia\/residencia-agronomica\/\",\"url\":\"https:\/\/institucional.ufrrj.br\/agroecologia\/residencia-agronomica\/\",\"name\":\"RESID\u00caNCIA AGRON\u00d4MICA - Programa de Fortalecimento da Agricultura Familiar\",\"isPartOf\":{\"@id\":\"https:\/\/institucional.ufrrj.br\/agroecologia\/#website\"},\"primaryImageOfPage\":{\"@id\":\"https:\/\/institucional.ufrrj.br\/agroecologia\/residencia-agronomica\/#primaryimage\"},\"image\":{\"@id\":\"https:\/\/institucional.ufrrj.br\/agroecologia\/residencia-agronomica\/#primaryimage\"},\"thumbnailUrl\":\"http:\/\/institucional.ufrrj.br\/agroecologia\/files\/2020\/01\/residencia_Prancheta-1-1024x390.jpg\",\"datePublished\":\"2018-07-12T16:49:29+00:00\",\"dateModified\":\"2024-04-04T15:13:08+00:00\",\"breadcrumb\":{\"@id\":\"https:\/\/institucional.ufrrj.br\/agroecologia\/residencia-agronomica\/#breadcrumb\"},\"inLanguage\":\"pt-BR\",\"potentialAction\":[{\"@type\":\"ReadAction\",\"target\":[\"https:\/\/institucional.ufrrj.br\/agroecologia\/residencia-agronomica\/\"]}]},{\"@type\":\"ImageObject\",\"inLanguage\":\"pt-BR\",\"@id\":\"https:\/\/institucional.ufrrj.br\/agroecologia\/residencia-agronomica\/#primaryimage\",\"url\":\"http:\/\/institucional.ufrrj.br\/agroecologia\/files\/2020\/01\/residencia_Prancheta-1-1024x390.jpg\",\"contentUrl\":\"http:\/\/institucional.ufrrj.br\/agroecologia\/files\/2020\/01\/residencia_Prancheta-1-1024x390.jpg\"},{\"@type\":\"BreadcrumbList\",\"@id\":\"https:\/\/institucional.ufrrj.br\/agroecologia\/residencia-agronomica\/#breadcrumb\",\"itemListElement\":[{\"@type\":\"ListItem\",\"position\":1,\"name\":\"In\u00edcio\",\"item\":\"https:\/\/institucional.ufrrj.br\/agroecologia\/\"},{\"@type\":\"ListItem\",\"position\":2,\"name\":\"RESID\u00caNCIA AGRON\u00d4MICA\"}]},{\"@type\":\"WebSite\",\"@id\":\"https:\/\/institucional.ufrrj.br\/agroecologia\/#website\",\"url\":\"https:\/\/institucional.ufrrj.br\/agroecologia\/\",\"name\":\"Programa de Fortalecimento da Agricultura Familiar\",\"description\":\"\",\"potentialAction\":[{\"@type\":\"SearchAction\",\"target\":{\"@type\":\"EntryPoint\",\"urlTemplate\":\"https:\/\/institucional.ufrrj.br\/agroecologia\/?s={search_term_string}\"},\"query-input\":{\"@type\":\"PropertyValueSpecification\",\"valueRequired\":true,\"valueName\":\"search_term_string\"}}],\"inLanguage\":\"pt-BR\"}]}<\/script>\n<!-- \/ Yoast SEO plugin. -->","yoast_head_json":{"title":"RESID\u00caNCIA AGRON\u00d4MICA - Programa de Fortalecimento da Agricultura Familiar","robots":{"index":"index","follow":"follow","max-snippet":"max-snippet:-1","max-image-preview":"max-image-preview:large","max-video-preview":"max-video-preview:-1"},"canonical":"https:\/\/institucional.ufrrj.br\/agroecologia\/residencia-agronomica\/","og_locale":"pt_BR","og_type":"article","og_title":"RESID\u00caNCIA AGRON\u00d4MICA - Programa de Fortalecimento da Agricultura Familiar","og_description":"&nbsp; A Resid\u00eancia em Engenharia Agron\u00f4mica visa promover o aprimoramento de conhecimentos, habilidades e atitudes de engenheiros agr\u00f4nomos rec\u00e9m-formados por ... leia mais","og_url":"https:\/\/institucional.ufrrj.br\/agroecologia\/residencia-agronomica\/","og_site_name":"Programa de Fortalecimento da Agricultura Familiar","article_modified_time":"2024-04-04T15:13:08+00:00","og_image":[{"url":"http:\/\/institucional.ufrrj.br\/agroecologia\/files\/2020\/01\/residencia_Prancheta-1-1024x390.jpg","type":"","width":"","height":""}],"twitter_card":"summary_large_image","twitter_misc":{"Est. tempo de leitura":"2 minutos"},"schema":{"@context":"https:\/\/schema.org","@graph":[{"@type":"WebPage","@id":"https:\/\/institucional.ufrrj.br\/agroecologia\/residencia-agronomica\/","url":"https:\/\/institucional.ufrrj.br\/agroecologia\/residencia-agronomica\/","name":"RESID\u00caNCIA AGRON\u00d4MICA - Programa de Fortalecimento da Agricultura Familiar","isPartOf":{"@id":"https:\/\/institucional.ufrrj.br\/agroecologia\/#website"},"primaryImageOfPage":{"@id":"https:\/\/institucional.ufrrj.br\/agroecologia\/residencia-agronomica\/#primaryimage"},"image":{"@id":"https:\/\/institucional.ufrrj.br\/agroecologia\/residencia-agronomica\/#primaryimage"},"thumbnailUrl":"http:\/\/institucional.ufrrj.br\/agroecologia\/files\/2020\/01\/residencia_Prancheta-1-1024x390.jpg","datePublished":"2018-07-12T16:49:29+00:00","dateModified":"2024-04-04T15:13:08+00:00","breadcrumb":{"@id":"https:\/\/institucional.ufrrj.br\/agroecologia\/residencia-agronomica\/#breadcrumb"},"inLanguage":"pt-BR","potentialAction":[{"@type":"ReadAction","target":["https:\/\/institucional.ufrrj.br\/agroecologia\/residencia-agronomica\/"]}]},{"@type":"ImageObject","inLanguage":"pt-BR","@id":"https:\/\/institucional.ufrrj.br\/agroecologia\/residencia-agronomica\/#primaryimage","url":"http:\/\/institucional.ufrrj.br\/agroecologia\/files\/2020\/01\/residencia_Prancheta-1-1024x390.jpg","contentUrl":"http:\/\/institucional.ufrrj.br\/agroecologia\/files\/2020\/01\/residencia_Prancheta-1-1024x390.jpg"},{"@type":"BreadcrumbList","@id":"https:\/\/institucional.ufrrj.br\/agroecologia\/residencia-agronomica\/#breadcrumb","itemListElement":[{"@type":"ListItem","position":1,"name":"In\u00edcio","item":"https:\/\/institucional.ufrrj.br\/agroecologia\/"},{"@type":"ListItem","position":2,"name":"RESID\u00caNCIA AGRON\u00d4MICA"}]},{"@type":"WebSite","@id":"https:\/\/institucional.ufrrj.br\/agroecologia\/#website","url":"https:\/\/institucional.ufrrj.br\/agroecologia\/","name":"Programa de Fortalecimento da Agricultura Familiar","description":"","potentialAction":[{"@type":"SearchAction","target":{"@type":"EntryPoint","urlTemplate":"https:\/\/institucional.ufrrj.br\/agroecologia\/?s={search_term_string}"},"query-input":{"@type":"PropertyValueSpecification","valueRequired":true,"valueName":"search_term_string"}}],"inLanguage":"pt-BR"}]}},"acf":[],"_links":{"self":[{"href":"https:\/\/institucional.ufrrj.br\/agroecologia\/wp-json\/wp\/v2\/pages\/13428","targetHints":{"allow":["GET"]}}],"collection":[{"href":"https:\/\/institucional.ufrrj.br\/agroecologia\/wp-json\/wp\/v2\/pages"}],"about":[{"href":"https:\/\/institucional.ufrrj.br\/agroecologia\/wp-json\/wp\/v2\/types\/page"}],"author":[{"embeddable":true,"href":"https:\/\/institucional.ufrrj.br\/agroecologia\/wp-json\/wp\/v2\/users\/634"}],"replies":[{"embeddable":true,"href":"https:\/\/institucional.ufrrj.br\/agroecologia\/wp-json\/wp\/v2\/comments?post=13428"}],"version-history":[{"count":42,"href":"https:\/\/institucional.ufrrj.br\/agroecologia\/wp-json\/wp\/v2\/pages\/13428\/revisions"}],"predecessor-version":[{"id":15280,"href":"https:\/\/institucional.ufrrj.br\/agroecologia\/wp-json\/wp\/v2\/pages\/13428\/revisions\/15280"}],"wp:attachment":[{"href":"https:\/\/institucional.ufrrj.br\/agroecologia\/wp-json\/wp\/v2\/media?parent=13428"}],"curies":[{"name":"wp","href":"https:\/\/api.w.org\/{rel}","templated":true}]}}