{"id":44,"date":"2024-06-24T19:14:14","date_gmt":"2024-06-24T22:14:14","guid":{"rendered":"https:\/\/institucional.ufrrj.br\/acordcoopparacambi\/?page_id=44"},"modified":"2025-06-03T16:57:48","modified_gmt":"2025-06-03T19:57:48","slug":"fale-conosco","status":"publish","type":"page","link":"https:\/\/institucional.ufrrj.br\/acordcoopparacambi\/fale-conosco\/","title":{"rendered":"Fale Conosco"},"content":{"rendered":"","protected":false},"excerpt":{"rendered":"","protected":false},"author":860,"featured_media":0,"parent":0,"menu_order":0,"comment_status":"closed","ping_status":"closed","template":"page-faleconosco.php","meta":{"_acf_changed":false,"footnotes":""},"class_list":["post-44","page","type-page","status-publish","hentry"],"yoast_head":"<!-- This site is optimized with the Yoast SEO plugin v27.2 - https:\/\/yoast.com\/product\/yoast-seo-wordpress\/ -->\n<title>Fale Conosco - AC UFRRJ\/Paracambi<\/title>\n<meta name=\"robots\" content=\"index, follow, max-snippet:-1, max-image-preview:large, max-video-preview:-1\" \/>\n<link rel=\"canonical\" href=\"https:\/\/institucional.ufrrj.br\/acordcoopparacambi\/fale-conosco\/\" \/>\n<meta property=\"og:locale\" content=\"pt_BR\" \/>\n<meta property=\"og:type\" content=\"article\" \/>\n<meta property=\"og:title\" content=\"Fale Conosco - AC UFRRJ\/Paracambi\" \/>\n<meta property=\"og:url\" content=\"https:\/\/institucional.ufrrj.br\/acordcoopparacambi\/fale-conosco\/\" \/>\n<meta property=\"og:site_name\" content=\"AC UFRRJ\/Paracambi\" \/>\n<meta property=\"article:modified_time\" content=\"2025-06-03T19:57:48+00:00\" \/>\n<meta name=\"twitter:card\" content=\"summary_large_image\" \/>\n<script type=\"application\/ld+json\" class=\"yoast-schema-graph\">{\"@context\":\"https:\/\/schema.org\",\"@graph\":[{\"@type\":\"WebPage\",\"@id\":\"https:\/\/institucional.ufrrj.br\/acordcoopparacambi\/fale-conosco\/\",\"url\":\"https:\/\/institucional.ufrrj.br\/acordcoopparacambi\/fale-conosco\/\",\"name\":\"Fale Conosco - AC UFRRJ\/Paracambi\",\"isPartOf\":{\"@id\":\"https:\/\/institucional.ufrrj.br\/acordcoopparacambi\/#website\"},\"datePublished\":\"2024-06-24T22:14:14+00:00\",\"dateModified\":\"2025-06-03T19:57:48+00:00\",\"breadcrumb\":{\"@id\":\"https:\/\/institucional.ufrrj.br\/acordcoopparacambi\/fale-conosco\/#breadcrumb\"},\"inLanguage\":\"pt-BR\",\"potentialAction\":[{\"@type\":\"ReadAction\",\"target\":[\"https:\/\/institucional.ufrrj.br\/acordcoopparacambi\/fale-conosco\/\"]}]},{\"@type\":\"BreadcrumbList\",\"@id\":\"https:\/\/institucional.ufrrj.br\/acordcoopparacambi\/fale-conosco\/#breadcrumb\",\"itemListElement\":[{\"@type\":\"ListItem\",\"position\":1,\"name\":\"In\u00edcio\",\"item\":\"https:\/\/institucional.ufrrj.br\/acordcoopparacambi\/\"},{\"@type\":\"ListItem\",\"position\":2,\"name\":\"Fale Conosco\"}]},{\"@type\":\"WebSite\",\"@id\":\"https:\/\/institucional.ufrrj.br\/acordcoopparacambi\/#website\",\"url\":\"https:\/\/institucional.ufrrj.br\/acordcoopparacambi\/\",\"name\":\"AC UFRRJ\/Paracambi\",\"description\":\"Acordo de Coopera\u00e7\u00e3o T\u00e9cnico Cient\u00edfico entre UFRRJ e Paracambi-RJ\",\"potentialAction\":[{\"@type\":\"SearchAction\",\"target\":{\"@type\":\"EntryPoint\",\"urlTemplate\":\"https:\/\/institucional.ufrrj.br\/acordcoopparacambi\/?s={search_term_string}\"},\"query-input\":{\"@type\":\"PropertyValueSpecification\",\"valueRequired\":true,\"valueName\":\"search_term_string\"}}],\"inLanguage\":\"pt-BR\"}]}<\/script>\n<!-- \/ Yoast SEO plugin. -->","yoast_head_json":{"title":"Fale Conosco - AC UFRRJ\/Paracambi","robots":{"index":"index","follow":"follow","max-snippet":"max-snippet:-1","max-image-preview":"max-image-preview:large","max-video-preview":"max-video-preview:-1"},"canonical":"https:\/\/institucional.ufrrj.br\/acordcoopparacambi\/fale-conosco\/","og_locale":"pt_BR","og_type":"article","og_title":"Fale Conosco - AC UFRRJ\/Paracambi","og_url":"https:\/\/institucional.ufrrj.br\/acordcoopparacambi\/fale-conosco\/","og_site_name":"AC UFRRJ\/Paracambi","article_modified_time":"2025-06-03T19:57:48+00:00","twitter_card":"summary_large_image","schema":{"@context":"https:\/\/schema.org","@graph":[{"@type":"WebPage","@id":"https:\/\/institucional.ufrrj.br\/acordcoopparacambi\/fale-conosco\/","url":"https:\/\/institucional.ufrrj.br\/acordcoopparacambi\/fale-conosco\/","name":"Fale Conosco - AC UFRRJ\/Paracambi","isPartOf":{"@id":"https:\/\/institucional.ufrrj.br\/acordcoopparacambi\/#website"},"datePublished":"2024-06-24T22:14:14+00:00","dateModified":"2025-06-03T19:57:48+00:00","breadcrumb":{"@id":"https:\/\/institucional.ufrrj.br\/acordcoopparacambi\/fale-conosco\/#breadcrumb"},"inLanguage":"pt-BR","potentialAction":[{"@type":"ReadAction","target":["https:\/\/institucional.ufrrj.br\/acordcoopparacambi\/fale-conosco\/"]}]},{"@type":"BreadcrumbList","@id":"https:\/\/institucional.ufrrj.br\/acordcoopparacambi\/fale-conosco\/#breadcrumb","itemListElement":[{"@type":"ListItem","position":1,"name":"In\u00edcio","item":"https:\/\/institucional.ufrrj.br\/acordcoopparacambi\/"},{"@type":"ListItem","position":2,"name":"Fale Conosco"}]},{"@type":"WebSite","@id":"https:\/\/institucional.ufrrj.br\/acordcoopparacambi\/#website","url":"https:\/\/institucional.ufrrj.br\/acordcoopparacambi\/","name":"AC UFRRJ\/Paracambi","description":"Acordo de Coopera\u00e7\u00e3o T\u00e9cnico Cient\u00edfico entre UFRRJ e Paracambi-RJ","potentialAction":[{"@type":"SearchAction","target":{"@type":"EntryPoint","urlTemplate":"https:\/\/institucional.ufrrj.br\/acordcoopparacambi\/?s={search_term_string}"},"query-input":{"@type":"PropertyValueSpecification","valueRequired":true,"valueName":"search_term_string"}}],"inLanguage":"pt-BR"}]}},"acf":[],"_links":{"self":[{"href":"https:\/\/institucional.ufrrj.br\/acordcoopparacambi\/wp-json\/wp\/v2\/pages\/44","targetHints":{"allow":["GET"]}}],"collection":[{"href":"https:\/\/institucional.ufrrj.br\/acordcoopparacambi\/wp-json\/wp\/v2\/pages"}],"about":[{"href":"https:\/\/institucional.ufrrj.br\/acordcoopparacambi\/wp-json\/wp\/v2\/types\/page"}],"author":[{"embeddable":true,"href":"https:\/\/institucional.ufrrj.br\/acordcoopparacambi\/wp-json\/wp\/v2\/users\/860"}],"replies":[{"embeddable":true,"href":"https:\/\/institucional.ufrrj.br\/acordcoopparacambi\/wp-json\/wp\/v2\/comments?post=44"}],"version-history":[{"count":2,"href":"https:\/\/institucional.ufrrj.br\/acordcoopparacambi\/wp-json\/wp\/v2\/pages\/44\/revisions"}],"predecessor-version":[{"id":358,"href":"https:\/\/institucional.ufrrj.br\/acordcoopparacambi\/wp-json\/wp\/v2\/pages\/44\/revisions\/358"}],"wp:attachment":[{"href":"https:\/\/institucional.ufrrj.br\/acordcoopparacambi\/wp-json\/wp\/v2\/media?parent=44"}],"curies":[{"name":"wp","href":"https:\/\/api.w.org\/{rel}","templated":true}]}}