{"id":43,"date":"2024-06-24T19:14:14","date_gmt":"2024-06-24T22:14:14","guid":{"rendered":"https:\/\/institucional.ufrrj.br\/acordcoopparacambi\/?page_id=43"},"modified":"2025-06-11T04:35:26","modified_gmt":"2025-06-11T07:35:26","slug":"servicos","status":"publish","type":"page","link":"https:\/\/institucional.ufrrj.br\/acordcoopparacambi\/servicos\/","title":{"rendered":"SERVI\u00c7OS"},"content":{"rendered":"\n<p class=\"eplus-wrapper has-text-color has-link-color wp-elements-0dc86b358ebb38e315a5c6cf71d873cf\" style=\"color:#000000bd\">Esses documentos tem como objetivo auxiliar e informar a comunidade quando<br>em contato com animais, que apresentem risco ou n\u00e3o.<\/p>\n\n\n\n<p style=\"font-size:17px\"><strong>Material complementar para aprimoramento da coleta de amostras para diagn\u00f3stico de doen\u00e7as em animais silvestres <\/strong>(Daniel Ubiali) <a href=\"https:\/\/institucional.ufrrj.br\/acordcoopparacambi\/files\/2024\/11\/Me\u0301todos-de-coleta-Animais-Silvestres-14.7.pdf\">Clique aqui<\/a><\/p>\n\n\n\n<p class=\"eplus-wrapper\" style=\"font-size:17px\"><strong>Lista de polos de soro para atendimento de acidentes of\u00eddicos no Brasil <\/strong>(Minist\u00e9rio da sa\u00fade) <a href=\"https:\/\/institucional.ufrrj.br\/acordcoopparacambi\/files\/2024\/09\/Lista-de-Polos-de-Soro-para-Atendimento-de-Acidentes-Ofidicos-no-Brasil_01.pdf\">Clique Aqui<\/a><\/p>\n\n\n\n<p style=\"font-size:17px\"><strong>Guia de animais pe\u00e7onhentos do Brasil<\/strong> (Minist\u00e9rio da Sa\u00fade) <a href=\"https:\/\/institucional.ufrrj.br\/acordcoopparacambi\/files\/2024\/11\/guia-animais-peconhentos-do-brasil.pdf\">Clique Aqui<\/a><\/p>\n\n\n\n<p class=\"eplus-wrapper\" style=\"font-size:17px\"><\/p>\n\n\n\n<p class=\"eplus-wrapper\" style=\"font-size:17px\"><\/p>\n\n\n\n<p class=\"eplus-wrapper\"><\/p>\n","protected":false},"excerpt":{"rendered":"<p>Esses documentos tem como objetivo auxiliar e informar a comunidade quandoem contato com animais, que apresentem risco ou n\u00e3o. Material complementar para [&hellip;]<\/p>\n","protected":false},"author":860,"featured_media":0,"parent":0,"menu_order":0,"comment_status":"closed","ping_status":"closed","template":"","meta":{"_acf_changed":false,"footnotes":""},"class_list":["post-43","page","type-page","status-publish","hentry"],"yoast_head":"<!-- This site is optimized with the Yoast SEO plugin v27.2 - https:\/\/yoast.com\/product\/yoast-seo-wordpress\/ -->\n<title>SERVI\u00c7OS - AC UFRRJ\/Paracambi<\/title>\n<meta name=\"robots\" content=\"index, follow, max-snippet:-1, max-image-preview:large, max-video-preview:-1\" \/>\n<link rel=\"canonical\" href=\"https:\/\/institucional.ufrrj.br\/acordcoopparacambi\/servicos\/\" \/>\n<meta property=\"og:locale\" content=\"pt_BR\" \/>\n<meta property=\"og:type\" content=\"article\" \/>\n<meta property=\"og:title\" content=\"SERVI\u00c7OS - AC UFRRJ\/Paracambi\" \/>\n<meta property=\"og:description\" content=\"Esses documentos tem como objetivo auxiliar e informar a comunidade quandoem contato com animais, que apresentem risco ou n\u00e3o. Material complementar para [&hellip;]\" \/>\n<meta property=\"og:url\" content=\"https:\/\/institucional.ufrrj.br\/acordcoopparacambi\/servicos\/\" \/>\n<meta property=\"og:site_name\" content=\"AC UFRRJ\/Paracambi\" \/>\n<meta property=\"article:modified_time\" content=\"2025-06-11T07:35:26+00:00\" \/>\n<meta name=\"twitter:card\" content=\"summary_large_image\" \/>\n<script type=\"application\/ld+json\" class=\"yoast-schema-graph\">{\"@context\":\"https:\/\/schema.org\",\"@graph\":[{\"@type\":\"WebPage\",\"@id\":\"https:\/\/institucional.ufrrj.br\/acordcoopparacambi\/servicos\/\",\"url\":\"https:\/\/institucional.ufrrj.br\/acordcoopparacambi\/servicos\/\",\"name\":\"SERVI\u00c7OS - AC UFRRJ\/Paracambi\",\"isPartOf\":{\"@id\":\"https:\/\/institucional.ufrrj.br\/acordcoopparacambi\/#website\"},\"datePublished\":\"2024-06-24T22:14:14+00:00\",\"dateModified\":\"2025-06-11T07:35:26+00:00\",\"breadcrumb\":{\"@id\":\"https:\/\/institucional.ufrrj.br\/acordcoopparacambi\/servicos\/#breadcrumb\"},\"inLanguage\":\"pt-BR\",\"potentialAction\":[{\"@type\":\"ReadAction\",\"target\":[\"https:\/\/institucional.ufrrj.br\/acordcoopparacambi\/servicos\/\"]}]},{\"@type\":\"BreadcrumbList\",\"@id\":\"https:\/\/institucional.ufrrj.br\/acordcoopparacambi\/servicos\/#breadcrumb\",\"itemListElement\":[{\"@type\":\"ListItem\",\"position\":1,\"name\":\"In\u00edcio\",\"item\":\"https:\/\/institucional.ufrrj.br\/acordcoopparacambi\/\"},{\"@type\":\"ListItem\",\"position\":2,\"name\":\"SERVI\u00c7OS\"}]},{\"@type\":\"WebSite\",\"@id\":\"https:\/\/institucional.ufrrj.br\/acordcoopparacambi\/#website\",\"url\":\"https:\/\/institucional.ufrrj.br\/acordcoopparacambi\/\",\"name\":\"AC UFRRJ\/Paracambi\",\"description\":\"Acordo de Coopera\u00e7\u00e3o T\u00e9cnico Cient\u00edfico entre UFRRJ e Paracambi-RJ\",\"potentialAction\":[{\"@type\":\"SearchAction\",\"target\":{\"@type\":\"EntryPoint\",\"urlTemplate\":\"https:\/\/institucional.ufrrj.br\/acordcoopparacambi\/?s={search_term_string}\"},\"query-input\":{\"@type\":\"PropertyValueSpecification\",\"valueRequired\":true,\"valueName\":\"search_term_string\"}}],\"inLanguage\":\"pt-BR\"}]}<\/script>\n<!-- \/ Yoast SEO plugin. -->","yoast_head_json":{"title":"SERVI\u00c7OS - AC UFRRJ\/Paracambi","robots":{"index":"index","follow":"follow","max-snippet":"max-snippet:-1","max-image-preview":"max-image-preview:large","max-video-preview":"max-video-preview:-1"},"canonical":"https:\/\/institucional.ufrrj.br\/acordcoopparacambi\/servicos\/","og_locale":"pt_BR","og_type":"article","og_title":"SERVI\u00c7OS - AC UFRRJ\/Paracambi","og_description":"Esses documentos tem como objetivo auxiliar e informar a comunidade quandoem contato com animais, que apresentem risco ou n\u00e3o. Material complementar para [&hellip;]","og_url":"https:\/\/institucional.ufrrj.br\/acordcoopparacambi\/servicos\/","og_site_name":"AC UFRRJ\/Paracambi","article_modified_time":"2025-06-11T07:35:26+00:00","twitter_card":"summary_large_image","schema":{"@context":"https:\/\/schema.org","@graph":[{"@type":"WebPage","@id":"https:\/\/institucional.ufrrj.br\/acordcoopparacambi\/servicos\/","url":"https:\/\/institucional.ufrrj.br\/acordcoopparacambi\/servicos\/","name":"SERVI\u00c7OS - AC UFRRJ\/Paracambi","isPartOf":{"@id":"https:\/\/institucional.ufrrj.br\/acordcoopparacambi\/#website"},"datePublished":"2024-06-24T22:14:14+00:00","dateModified":"2025-06-11T07:35:26+00:00","breadcrumb":{"@id":"https:\/\/institucional.ufrrj.br\/acordcoopparacambi\/servicos\/#breadcrumb"},"inLanguage":"pt-BR","potentialAction":[{"@type":"ReadAction","target":["https:\/\/institucional.ufrrj.br\/acordcoopparacambi\/servicos\/"]}]},{"@type":"BreadcrumbList","@id":"https:\/\/institucional.ufrrj.br\/acordcoopparacambi\/servicos\/#breadcrumb","itemListElement":[{"@type":"ListItem","position":1,"name":"In\u00edcio","item":"https:\/\/institucional.ufrrj.br\/acordcoopparacambi\/"},{"@type":"ListItem","position":2,"name":"SERVI\u00c7OS"}]},{"@type":"WebSite","@id":"https:\/\/institucional.ufrrj.br\/acordcoopparacambi\/#website","url":"https:\/\/institucional.ufrrj.br\/acordcoopparacambi\/","name":"AC UFRRJ\/Paracambi","description":"Acordo de Coopera\u00e7\u00e3o T\u00e9cnico Cient\u00edfico entre UFRRJ e Paracambi-RJ","potentialAction":[{"@type":"SearchAction","target":{"@type":"EntryPoint","urlTemplate":"https:\/\/institucional.ufrrj.br\/acordcoopparacambi\/?s={search_term_string}"},"query-input":{"@type":"PropertyValueSpecification","valueRequired":true,"valueName":"search_term_string"}}],"inLanguage":"pt-BR"}]}},"acf":[],"_links":{"self":[{"href":"https:\/\/institucional.ufrrj.br\/acordcoopparacambi\/wp-json\/wp\/v2\/pages\/43","targetHints":{"allow":["GET"]}}],"collection":[{"href":"https:\/\/institucional.ufrrj.br\/acordcoopparacambi\/wp-json\/wp\/v2\/pages"}],"about":[{"href":"https:\/\/institucional.ufrrj.br\/acordcoopparacambi\/wp-json\/wp\/v2\/types\/page"}],"author":[{"embeddable":true,"href":"https:\/\/institucional.ufrrj.br\/acordcoopparacambi\/wp-json\/wp\/v2\/users\/860"}],"replies":[{"embeddable":true,"href":"https:\/\/institucional.ufrrj.br\/acordcoopparacambi\/wp-json\/wp\/v2\/comments?post=43"}],"version-history":[{"count":12,"href":"https:\/\/institucional.ufrrj.br\/acordcoopparacambi\/wp-json\/wp\/v2\/pages\/43\/revisions"}],"predecessor-version":[{"id":389,"href":"https:\/\/institucional.ufrrj.br\/acordcoopparacambi\/wp-json\/wp\/v2\/pages\/43\/revisions\/389"}],"wp:attachment":[{"href":"https:\/\/institucional.ufrrj.br\/acordcoopparacambi\/wp-json\/wp\/v2\/media?parent=43"}],"curies":[{"name":"wp","href":"https:\/\/api.w.org\/{rel}","templated":true}]}}