{"id":42,"date":"2024-06-24T19:14:14","date_gmt":"2024-06-24T22:14:14","guid":{"rendered":"https:\/\/institucional.ufrrj.br\/acordcoopparacambi\/?page_id=42"},"modified":"2025-09-17T10:24:13","modified_gmt":"2025-09-17T13:24:13","slug":"nas","status":"publish","type":"page","link":"https:\/\/institucional.ufrrj.br\/acordcoopparacambi\/nas\/","title":{"rendered":"Notifica\u00e7\u00e3o de Animais Silvestres (NAS)"},"content":{"rendered":"\n<p>A partir de contatos e visitas t\u00e9cnicas entre professores da UFRRJ e o Laborat\u00f3rio Integrado de Geografia F\u00edsica Aplicada (LiGA\/UFRRJ), verificou-se a possibilidade de melhorar a qualidade da presta\u00e7\u00e3o da informa\u00e7\u00e3o colaborativa das notifica\u00e7\u00f5es por meio da utiliza\u00e7\u00e3o da Plataforma Vicon SAGA. A Plataforma Vicon SAGA proporciona flexibilidade na elabora\u00e7\u00e3o de formul\u00e1rios para coletas de dados geolocalizado. Um aplicativo para dispositivos Android tamb\u00e9m est\u00e1 dispon\u00edvel para o apoio ao processo de coleta e consulta dos dados ambientais registrados ,dispensando do agente respons\u00e1vel pela coleta, em campo,da conectividade com a Internet, muitas vezes carentes ou mesmo ausentes, quando a coleta \u00e9 realizada em \u00e1reas remotas, como \u00e9 o caso de muitas rodovias. <\/p>\n\n\n\n<p>Essa proposta tem por objetivo central apoiar o processo de coleta de dados e provimento de informa\u00e7\u00f5es a partir da colabora\u00e7\u00e3o social,para a notifica\u00e7\u00e3o de animais atropelados em rodovias nas regi\u00f5es ao redor do PNMC. O car\u00e1ter espacial da informa\u00e7\u00e3o atua como um agregador que poder\u00e1 servir de base para estudos conclusivos sobre condi\u00e7\u00f5es ambientais espec\u00edficas ao local, que podem estar influenciando no comportamento e nas condi\u00e7\u00f5es de bem-estar da fauna local. <\/p>\n\n\n\n<p>A utiliza\u00e7\u00e3o das geotecnologias gera senso cr\u00edtico na pr\u00f3pria comunidade, que se torna capaz de elaborar reflex\u00f5es acerca dos dados apresentados e, consequentemente, passa a elencar objetivos voltados \u00e0 gest\u00e3o do seu pr\u00f3prio territ\u00f3rio.<\/p>\n\n\n<div class=\"wp-block-image\">\n<figure class=\"aligncenter size-large\"><a href=\"https:\/\/viconsaga.com.br\/nas\" target=\"_blank\" rel=\" noreferrer noopener\"><img loading=\"lazy\" decoding=\"async\" width=\"1024\" height=\"454\" src=\"https:\/\/institucional.ufrrj.br\/acordcoopparacambi\/files\/2025\/09\/viconsaga-2-1024x454.png\" alt=\"\" class=\"wp-image-473\" srcset=\"https:\/\/institucional.ufrrj.br\/acordcoopparacambi\/files\/2025\/09\/viconsaga-2-1024x454.png 1024w, https:\/\/institucional.ufrrj.br\/acordcoopparacambi\/files\/2025\/09\/viconsaga-2-300x133.png 300w, https:\/\/institucional.ufrrj.br\/acordcoopparacambi\/files\/2025\/09\/viconsaga-2-768x340.png 768w, https:\/\/institucional.ufrrj.br\/acordcoopparacambi\/files\/2025\/09\/viconsaga-2-158x70.png 158w, https:\/\/institucional.ufrrj.br\/acordcoopparacambi\/files\/2025\/09\/viconsaga-2.png 1361w\" sizes=\"auto, (max-width: 1024px) 100vw, 1024px\" \/><\/a><figcaption class=\"wp-element-caption\"><strong>Clique para acessar o mapa em <a href=\"https:\/\/viconsaga.com.br\/nas\">https:\/\/viconsaga.com.br\/nas<\/a><\/strong><\/figcaption><\/figure>\n<\/div>\n\n\n<p><\/p>\n\n\n\n<p>PASSO A PASSO para cadastrar a notifica\u00e7\u00e3o na plataforma Viconsaga. Ou clique <a href=\"https:\/\/institucional.ufrrj.br\/acordcoopparacambi\/files\/2025\/09\/Passo-a-passo-para-NAS.docx\" data-type=\"attachment\" data-id=\"486\"><strong>AQUI<\/strong><\/a> para baixar o documento.<\/p>\n\n\n\n<p>1 &#8211; Disponibilizar o localizador <img loading=\"lazy\" decoding=\"async\" width=\"21\" height=\"21\" src=\"blob:https:\/\/institucional.ufrrj.br\/595ecf7f-33b4-4eee-9d8d-897848807123\" alt=\"Localiza\u00e7\u00e3o dos \u00edcones do computador, LOCALIZA\u00c7\u00c3O, diversos, \u00e2ngulo, outros png thumbnail\">&nbsp;no seu celular.<\/p>\n\n\n\n<p>2 &#8211; Acessar o link: <a href=\"https:\/\/viconsaga.com.br\/share\/5886\">https:\/\/viconsaga.com.br\/share\/5886<\/a><\/p>\n\n\n\n<p>3 \u2013 Localiza\u00e7\u00e3o <img loading=\"lazy\" decoding=\"async\" width=\"16\" height=\"16\" src=\"blob:https:\/\/institucional.ufrrj.br\/d92fb42d-62c6-413e-941e-f9e468affe01\" alt=\"https:\/\/images.emojiterra.com\/mozilla\/512px\/2139.png\">: Quando necess\u00e1rio, arraste a localiza\u00e7\u00e3o ao local desejado.<\/p>\n\n\n\n<p>4 \u2013 Formul\u00e1rio: Nome do Animal &#8211; Origem da Informa\u00e7\u00e3o &#8211; Contato para Retorno (opcional) &#8211; Observa\u00e7\u00f5es (opcional)<\/p>\n\n\n\n<p>5 \u2013 Arquivo: Foto &#8211; V\u00eddeo &#8211; Outros<\/p>\n\n\n\n<p>6 \u2013 Enviar <img loading=\"lazy\" decoding=\"async\" width=\"15\" height=\"15\" src=\"blob:https:\/\/institucional.ufrrj.br\/d2c74ee9-740c-4821-bbbe-fe388e06e128\" alt=\"Disquete png | PNGWing\"><\/p>\n\n\n\n<p><\/p>\n","protected":false},"excerpt":{"rendered":"<p>A partir de contatos e visitas t\u00e9cnicas entre professores da UFRRJ e o Laborat\u00f3rio Integrado de Geografia F\u00edsica Aplicada (LiGA\/UFRRJ), verificou-se a [&hellip;]<\/p>\n","protected":false},"author":860,"featured_media":0,"parent":0,"menu_order":0,"comment_status":"closed","ping_status":"closed","template":"","meta":{"_acf_changed":false,"footnotes":""},"class_list":["post-42","page","type-page","status-publish","hentry"],"yoast_head":"<!-- This site is optimized with the Yoast SEO plugin v27.2 - https:\/\/yoast.com\/product\/yoast-seo-wordpress\/ -->\n<title>Notifica\u00e7\u00e3o de Animais Silvestres (NAS) - AC UFRRJ\/Paracambi<\/title>\n<meta name=\"robots\" content=\"index, follow, max-snippet:-1, max-image-preview:large, max-video-preview:-1\" \/>\n<link rel=\"canonical\" href=\"https:\/\/institucional.ufrrj.br\/acordcoopparacambi\/nas\/\" \/>\n<meta property=\"og:locale\" content=\"pt_BR\" \/>\n<meta property=\"og:type\" content=\"article\" \/>\n<meta property=\"og:title\" content=\"Notifica\u00e7\u00e3o de Animais Silvestres (NAS) - AC UFRRJ\/Paracambi\" \/>\n<meta property=\"og:description\" content=\"A partir de contatos e visitas t\u00e9cnicas entre professores da UFRRJ e o Laborat\u00f3rio Integrado de Geografia F\u00edsica Aplicada (LiGA\/UFRRJ), verificou-se a [&hellip;]\" \/>\n<meta property=\"og:url\" content=\"https:\/\/institucional.ufrrj.br\/acordcoopparacambi\/nas\/\" \/>\n<meta property=\"og:site_name\" content=\"AC UFRRJ\/Paracambi\" \/>\n<meta property=\"article:modified_time\" content=\"2025-09-17T13:24:13+00:00\" \/>\n<meta property=\"og:image\" content=\"https:\/\/institucional.ufrrj.br\/acordcoopparacambi\/files\/2025\/09\/viconsaga-2.png\" \/>\n\t<meta property=\"og:image:width\" content=\"1361\" \/>\n\t<meta property=\"og:image:height\" content=\"603\" \/>\n\t<meta property=\"og:image:type\" content=\"image\/png\" \/>\n<meta name=\"twitter:card\" content=\"summary_large_image\" \/>\n<meta name=\"twitter:label1\" content=\"Est. tempo de leitura\" \/>\n\t<meta name=\"twitter:data1\" content=\"2 minutos\" \/>\n<script type=\"application\/ld+json\" class=\"yoast-schema-graph\">{\"@context\":\"https:\/\/schema.org\",\"@graph\":[{\"@type\":\"WebPage\",\"@id\":\"https:\/\/institucional.ufrrj.br\/acordcoopparacambi\/nas\/\",\"url\":\"https:\/\/institucional.ufrrj.br\/acordcoopparacambi\/nas\/\",\"name\":\"Notifica\u00e7\u00e3o de Animais Silvestres (NAS) - AC UFRRJ\/Paracambi\",\"isPartOf\":{\"@id\":\"https:\/\/institucional.ufrrj.br\/acordcoopparacambi\/#website\"},\"primaryImageOfPage\":{\"@id\":\"https:\/\/institucional.ufrrj.br\/acordcoopparacambi\/nas\/#primaryimage\"},\"image\":{\"@id\":\"https:\/\/institucional.ufrrj.br\/acordcoopparacambi\/nas\/#primaryimage\"},\"thumbnailUrl\":\"https:\/\/institucional.ufrrj.br\/acordcoopparacambi\/files\/2025\/09\/viconsaga-2-1024x454.png\",\"datePublished\":\"2024-06-24T22:14:14+00:00\",\"dateModified\":\"2025-09-17T13:24:13+00:00\",\"breadcrumb\":{\"@id\":\"https:\/\/institucional.ufrrj.br\/acordcoopparacambi\/nas\/#breadcrumb\"},\"inLanguage\":\"pt-BR\",\"potentialAction\":[{\"@type\":\"ReadAction\",\"target\":[\"https:\/\/institucional.ufrrj.br\/acordcoopparacambi\/nas\/\"]}]},{\"@type\":\"ImageObject\",\"inLanguage\":\"pt-BR\",\"@id\":\"https:\/\/institucional.ufrrj.br\/acordcoopparacambi\/nas\/#primaryimage\",\"url\":\"https:\/\/institucional.ufrrj.br\/acordcoopparacambi\/files\/2025\/09\/viconsaga-2.png\",\"contentUrl\":\"https:\/\/institucional.ufrrj.br\/acordcoopparacambi\/files\/2025\/09\/viconsaga-2.png\",\"width\":1361,\"height\":603},{\"@type\":\"BreadcrumbList\",\"@id\":\"https:\/\/institucional.ufrrj.br\/acordcoopparacambi\/nas\/#breadcrumb\",\"itemListElement\":[{\"@type\":\"ListItem\",\"position\":1,\"name\":\"In\u00edcio\",\"item\":\"https:\/\/institucional.ufrrj.br\/acordcoopparacambi\/\"},{\"@type\":\"ListItem\",\"position\":2,\"name\":\"Notifica\u00e7\u00e3o de Animais Silvestres (NAS)\"}]},{\"@type\":\"WebSite\",\"@id\":\"https:\/\/institucional.ufrrj.br\/acordcoopparacambi\/#website\",\"url\":\"https:\/\/institucional.ufrrj.br\/acordcoopparacambi\/\",\"name\":\"AC UFRRJ\/Paracambi\",\"description\":\"Acordo de Coopera\u00e7\u00e3o T\u00e9cnico Cient\u00edfico entre UFRRJ e Paracambi-RJ\",\"potentialAction\":[{\"@type\":\"SearchAction\",\"target\":{\"@type\":\"EntryPoint\",\"urlTemplate\":\"https:\/\/institucional.ufrrj.br\/acordcoopparacambi\/?s={search_term_string}\"},\"query-input\":{\"@type\":\"PropertyValueSpecification\",\"valueRequired\":true,\"valueName\":\"search_term_string\"}}],\"inLanguage\":\"pt-BR\"}]}<\/script>\n<!-- \/ Yoast SEO plugin. -->","yoast_head_json":{"title":"Notifica\u00e7\u00e3o de Animais Silvestres (NAS) - AC UFRRJ\/Paracambi","robots":{"index":"index","follow":"follow","max-snippet":"max-snippet:-1","max-image-preview":"max-image-preview:large","max-video-preview":"max-video-preview:-1"},"canonical":"https:\/\/institucional.ufrrj.br\/acordcoopparacambi\/nas\/","og_locale":"pt_BR","og_type":"article","og_title":"Notifica\u00e7\u00e3o de Animais Silvestres (NAS) - AC UFRRJ\/Paracambi","og_description":"A partir de contatos e visitas t\u00e9cnicas entre professores da UFRRJ e o Laborat\u00f3rio Integrado de Geografia F\u00edsica Aplicada (LiGA\/UFRRJ), verificou-se a [&hellip;]","og_url":"https:\/\/institucional.ufrrj.br\/acordcoopparacambi\/nas\/","og_site_name":"AC UFRRJ\/Paracambi","article_modified_time":"2025-09-17T13:24:13+00:00","og_image":[{"width":1361,"height":603,"url":"https:\/\/institucional.ufrrj.br\/acordcoopparacambi\/files\/2025\/09\/viconsaga-2.png","type":"image\/png"}],"twitter_card":"summary_large_image","twitter_misc":{"Est. tempo de leitura":"2 minutos"},"schema":{"@context":"https:\/\/schema.org","@graph":[{"@type":"WebPage","@id":"https:\/\/institucional.ufrrj.br\/acordcoopparacambi\/nas\/","url":"https:\/\/institucional.ufrrj.br\/acordcoopparacambi\/nas\/","name":"Notifica\u00e7\u00e3o de Animais Silvestres (NAS) - AC UFRRJ\/Paracambi","isPartOf":{"@id":"https:\/\/institucional.ufrrj.br\/acordcoopparacambi\/#website"},"primaryImageOfPage":{"@id":"https:\/\/institucional.ufrrj.br\/acordcoopparacambi\/nas\/#primaryimage"},"image":{"@id":"https:\/\/institucional.ufrrj.br\/acordcoopparacambi\/nas\/#primaryimage"},"thumbnailUrl":"https:\/\/institucional.ufrrj.br\/acordcoopparacambi\/files\/2025\/09\/viconsaga-2-1024x454.png","datePublished":"2024-06-24T22:14:14+00:00","dateModified":"2025-09-17T13:24:13+00:00","breadcrumb":{"@id":"https:\/\/institucional.ufrrj.br\/acordcoopparacambi\/nas\/#breadcrumb"},"inLanguage":"pt-BR","potentialAction":[{"@type":"ReadAction","target":["https:\/\/institucional.ufrrj.br\/acordcoopparacambi\/nas\/"]}]},{"@type":"ImageObject","inLanguage":"pt-BR","@id":"https:\/\/institucional.ufrrj.br\/acordcoopparacambi\/nas\/#primaryimage","url":"https:\/\/institucional.ufrrj.br\/acordcoopparacambi\/files\/2025\/09\/viconsaga-2.png","contentUrl":"https:\/\/institucional.ufrrj.br\/acordcoopparacambi\/files\/2025\/09\/viconsaga-2.png","width":1361,"height":603},{"@type":"BreadcrumbList","@id":"https:\/\/institucional.ufrrj.br\/acordcoopparacambi\/nas\/#breadcrumb","itemListElement":[{"@type":"ListItem","position":1,"name":"In\u00edcio","item":"https:\/\/institucional.ufrrj.br\/acordcoopparacambi\/"},{"@type":"ListItem","position":2,"name":"Notifica\u00e7\u00e3o de Animais Silvestres (NAS)"}]},{"@type":"WebSite","@id":"https:\/\/institucional.ufrrj.br\/acordcoopparacambi\/#website","url":"https:\/\/institucional.ufrrj.br\/acordcoopparacambi\/","name":"AC UFRRJ\/Paracambi","description":"Acordo de Coopera\u00e7\u00e3o T\u00e9cnico Cient\u00edfico entre UFRRJ e Paracambi-RJ","potentialAction":[{"@type":"SearchAction","target":{"@type":"EntryPoint","urlTemplate":"https:\/\/institucional.ufrrj.br\/acordcoopparacambi\/?s={search_term_string}"},"query-input":{"@type":"PropertyValueSpecification","valueRequired":true,"valueName":"search_term_string"}}],"inLanguage":"pt-BR"}]}},"acf":[],"_links":{"self":[{"href":"https:\/\/institucional.ufrrj.br\/acordcoopparacambi\/wp-json\/wp\/v2\/pages\/42","targetHints":{"allow":["GET"]}}],"collection":[{"href":"https:\/\/institucional.ufrrj.br\/acordcoopparacambi\/wp-json\/wp\/v2\/pages"}],"about":[{"href":"https:\/\/institucional.ufrrj.br\/acordcoopparacambi\/wp-json\/wp\/v2\/types\/page"}],"author":[{"embeddable":true,"href":"https:\/\/institucional.ufrrj.br\/acordcoopparacambi\/wp-json\/wp\/v2\/users\/860"}],"replies":[{"embeddable":true,"href":"https:\/\/institucional.ufrrj.br\/acordcoopparacambi\/wp-json\/wp\/v2\/comments?post=42"}],"version-history":[{"count":14,"href":"https:\/\/institucional.ufrrj.br\/acordcoopparacambi\/wp-json\/wp\/v2\/pages\/42\/revisions"}],"predecessor-version":[{"id":491,"href":"https:\/\/institucional.ufrrj.br\/acordcoopparacambi\/wp-json\/wp\/v2\/pages\/42\/revisions\/491"}],"wp:attachment":[{"href":"https:\/\/institucional.ufrrj.br\/acordcoopparacambi\/wp-json\/wp\/v2\/media?parent=42"}],"curies":[{"name":"wp","href":"https:\/\/api.w.org\/{rel}","templated":true}]}}